{"id":200688,"date":"2024-05-15T17:42:17","date_gmt":"2024-05-15T15:42:17","guid":{"rendered":"https:\/\/shop.bantam.ch\/produit\/kochmulde-thetford-topline-902-2-x-induktion\/"},"modified":"2026-05-02T23:10:03","modified_gmt":"2026-05-02T21:10:03","slug":"kochmulde-thetford-topline-902-2-x-induktion","status":"publish","type":"product","link":"https:\/\/shop.bantam.ch\/de\/produkt\/kochmulde-thetford-topline-902-2-x-induktion\/","title":{"rendered":"Kochmulde THETFORD Topline 902 2 x Induktion"},"content":{"rendered":"<p>Der Top Line Serie 902 ist ein Induktionskochfeld, der f\u00fcr die Nutzung in Ihrem Wohnwagen oder Wohnmobil entwickelt und optimiert wurde, \u00fcber alle Sicherheitsfunktionen verf\u00fcgt und einfach zu bedienen ist. Aus hochwertigem Glas von Schott Ceran gefertigt.&nbsp;&nbsp; &nbsp;Montieren Sie diesen neben dem Topline 922 Gaskochfeld f\u00fcr den ultimativen Domino-Look!<\/p>\n","protected":false},"excerpt":{"rendered":"<p>Der Top Line Serie 902 ist ein Induktionskochfeld, der f\u00fcr die Nutzung in Ihrem Wohnwagen oder Wohnmobil entwickelt und optimiert wurde, \u00fcber alle Sicherheitsfunktionen verf\u00fcgt und einfach zu bedienen ist. Aus hochwertigem Glas von Schott Ceran gefertigt.&nbsp;&nbsp; &nbsp;Montieren Sie diesen neben dem Topline 922 Gaskochfeld f\u00fcr den ultimativen Domino-Look!<\/p>\n","protected":false},"featured_media":207589,"template":"","meta":{"_acf_changed":false},"product_featured_cat":[],"product_brand":[],"product_cat":[4312],"product_tag":[],"class_list":{"0":"post-200688","1":"product","2":"type-product","3":"status-publish","4":"has-post-thumbnail","6":"product_cat-gaskochfelder","8":"first","9":"instock","10":"taxable","11":"shipping-taxable","12":"purchasable","13":"product-type-simple"},"acf":[],"yoast_head":"<!-- This site is optimized with the Yoast SEO plugin v27.5 - https:\/\/yoast.com\/product\/yoast-seo-wordpress\/ -->\n<title>Kochmulde THETFORD Topline 902 2 x Induktion - Bantam<\/title>\n<meta name=\"robots\" content=\"index, follow, max-snippet:-1, max-image-preview:large, max-video-preview:-1\" \/>\n<link rel=\"canonical\" href=\"https:\/\/shop.bantam.ch\/de\/produkt\/kochmulde-thetford-topline-902-2-x-induktion\/\" \/>\n<meta property=\"og:locale\" content=\"de_DE\" \/>\n<meta property=\"og:type\" content=\"article\" \/>\n<meta property=\"og:title\" content=\"Kochmulde THETFORD Topline 902 2 x Induktion - Bantam\" \/>\n<meta property=\"og:description\" content=\"Der Top Line Serie 902 ist ein Induktionskochfeld, der f\u00fcr die Nutzung in Ihrem Wohnwagen oder Wohnmobil entwickelt und optimiert wurde, \u00fcber alle Sicherheitsfunktionen verf\u00fcgt und einfach zu bedienen ist. Aus hochwertigem Glas von Schott Ceran gefertigt.&nbsp;&nbsp; &nbsp;Montieren Sie diesen neben dem Topline 922 Gaskochfeld f\u00fcr den ultimativen Domino-Look!\" \/>\n<meta property=\"og:url\" content=\"https:\/\/shop.bantam.ch\/de\/produkt\/kochmulde-thetford-topline-902-2-x-induktion\/\" \/>\n<meta property=\"og:site_name\" content=\"Bantam\" \/>\n<meta property=\"article:modified_time\" content=\"2026-05-02T21:10:03+00:00\" \/>\n<meta name=\"twitter:card\" content=\"summary_large_image\" \/>\n<script type=\"application\/ld+json\" class=\"yoast-schema-graph\">{\"@context\":\"https:\\\/\\\/schema.org\",\"@graph\":[{\"@type\":\"WebPage\",\"@id\":\"https:\\\/\\\/shop.bantam.ch\\\/de\\\/produkt\\\/kochmulde-thetford-topline-902-2-x-induktion\\\/\",\"url\":\"https:\\\/\\\/shop.bantam.ch\\\/de\\\/produkt\\\/kochmulde-thetford-topline-902-2-x-induktion\\\/\",\"name\":\"Kochmulde THETFORD Topline 902 2 x Induktion - Bantam\",\"isPartOf\":{\"@id\":\"https:\\\/\\\/shop.bantam.ch\\\/de\\\/#website\"},\"primaryImageOfPage\":{\"@id\":\"https:\\\/\\\/shop.bantam.ch\\\/de\\\/produkt\\\/kochmulde-thetford-topline-902-2-x-induktion\\\/#primaryimage\"},\"image\":{\"@id\":\"https:\\\/\\\/shop.bantam.ch\\\/de\\\/produkt\\\/kochmulde-thetford-topline-902-2-x-induktion\\\/#primaryimage\"},\"thumbnailUrl\":\"https:\\\/\\\/shop.bantam.ch\\\/wp-content\\\/uploads\\\/2024\\\/09\\\/Movera-L-9975333100.png\",\"datePublished\":\"2024-05-15T15:42:17+00:00\",\"dateModified\":\"2026-05-02T21:10:03+00:00\",\"breadcrumb\":{\"@id\":\"https:\\\/\\\/shop.bantam.ch\\\/de\\\/produkt\\\/kochmulde-thetford-topline-902-2-x-induktion\\\/#breadcrumb\"},\"inLanguage\":\"de\",\"potentialAction\":[{\"@type\":\"ReadAction\",\"target\":[\"https:\\\/\\\/shop.bantam.ch\\\/de\\\/produkt\\\/kochmulde-thetford-topline-902-2-x-induktion\\\/\"]}]},{\"@type\":\"ImageObject\",\"inLanguage\":\"de\",\"@id\":\"https:\\\/\\\/shop.bantam.ch\\\/de\\\/produkt\\\/kochmulde-thetford-topline-902-2-x-induktion\\\/#primaryimage\",\"url\":\"https:\\\/\\\/shop.bantam.ch\\\/wp-content\\\/uploads\\\/2024\\\/09\\\/Movera-L-9975333100.png\",\"contentUrl\":\"https:\\\/\\\/shop.bantam.ch\\\/wp-content\\\/uploads\\\/2024\\\/09\\\/Movera-L-9975333100.png\",\"width\":640,\"height\":480},{\"@type\":\"BreadcrumbList\",\"@id\":\"https:\\\/\\\/shop.bantam.ch\\\/de\\\/produkt\\\/kochmulde-thetford-topline-902-2-x-induktion\\\/#breadcrumb\",\"itemListElement\":[{\"@type\":\"ListItem\",\"position\":1,\"name\":\"Accueil\",\"item\":\"https:\\\/\\\/shop.bantam.ch\\\/de\\\/\"},{\"@type\":\"ListItem\",\"position\":2,\"name\":\"Shop\",\"item\":\"https:\\\/\\\/shop.bantam.ch\\\/de\\\/shop\\\/\"},{\"@type\":\"ListItem\",\"position\":3,\"name\":\"Kochmulde THETFORD Topline 902 2 x Induktion\"}]},{\"@type\":\"WebSite\",\"@id\":\"https:\\\/\\\/shop.bantam.ch\\\/de\\\/#website\",\"url\":\"https:\\\/\\\/shop.bantam.ch\\\/de\\\/\",\"name\":\"Bantam\",\"description\":\"\",\"publisher\":{\"@id\":\"https:\\\/\\\/shop.bantam.ch\\\/de\\\/#organization\"},\"inLanguage\":\"de\"},{\"@type\":\"Organization\",\"@id\":\"https:\\\/\\\/shop.bantam.ch\\\/de\\\/#organization\",\"name\":\"Bantam\",\"url\":\"https:\\\/\\\/shop.bantam.ch\\\/de\\\/\",\"logo\":{\"@type\":\"ImageObject\",\"inLanguage\":\"de\",\"@id\":\"https:\\\/\\\/shop.bantam.ch\\\/de\\\/#\\\/schema\\\/logo\\\/image\\\/\",\"url\":\"https:\\\/\\\/shop.bantam.ch\\\/wp-content\\\/uploads\\\/2022\\\/12\\\/bantam-logo.png\",\"contentUrl\":\"https:\\\/\\\/shop.bantam.ch\\\/wp-content\\\/uploads\\\/2022\\\/12\\\/bantam-logo.png\",\"width\":320,\"height\":71,\"caption\":\"Bantam\"},\"image\":{\"@id\":\"https:\\\/\\\/shop.bantam.ch\\\/de\\\/#\\\/schema\\\/logo\\\/image\\\/\"}}]}<\/script>\n<!-- \/ Yoast SEO plugin. -->","yoast_head_json":{"title":"Kochmulde THETFORD Topline 902 2 x Induktion - Bantam","robots":{"index":"index","follow":"follow","max-snippet":"max-snippet:-1","max-image-preview":"max-image-preview:large","max-video-preview":"max-video-preview:-1"},"canonical":"https:\/\/shop.bantam.ch\/de\/produkt\/kochmulde-thetford-topline-902-2-x-induktion\/","og_locale":"de_DE","og_type":"article","og_title":"Kochmulde THETFORD Topline 902 2 x Induktion - Bantam","og_description":"Der Top Line Serie 902 ist ein Induktionskochfeld, der f\u00fcr die Nutzung in Ihrem Wohnwagen oder Wohnmobil entwickelt und optimiert wurde, \u00fcber alle Sicherheitsfunktionen verf\u00fcgt und einfach zu bedienen ist. Aus hochwertigem Glas von Schott Ceran gefertigt.&nbsp;&nbsp; &nbsp;Montieren Sie diesen neben dem Topline 922 Gaskochfeld f\u00fcr den ultimativen Domino-Look!","og_url":"https:\/\/shop.bantam.ch\/de\/produkt\/kochmulde-thetford-topline-902-2-x-induktion\/","og_site_name":"Bantam","article_modified_time":"2026-05-02T21:10:03+00:00","twitter_card":"summary_large_image","schema":{"@context":"https:\/\/schema.org","@graph":[{"@type":"WebPage","@id":"https:\/\/shop.bantam.ch\/de\/produkt\/kochmulde-thetford-topline-902-2-x-induktion\/","url":"https:\/\/shop.bantam.ch\/de\/produkt\/kochmulde-thetford-topline-902-2-x-induktion\/","name":"Kochmulde THETFORD Topline 902 2 x Induktion - Bantam","isPartOf":{"@id":"https:\/\/shop.bantam.ch\/de\/#website"},"primaryImageOfPage":{"@id":"https:\/\/shop.bantam.ch\/de\/produkt\/kochmulde-thetford-topline-902-2-x-induktion\/#primaryimage"},"image":{"@id":"https:\/\/shop.bantam.ch\/de\/produkt\/kochmulde-thetford-topline-902-2-x-induktion\/#primaryimage"},"thumbnailUrl":"https:\/\/shop.bantam.ch\/wp-content\/uploads\/2024\/09\/Movera-L-9975333100.png","datePublished":"2024-05-15T15:42:17+00:00","dateModified":"2026-05-02T21:10:03+00:00","breadcrumb":{"@id":"https:\/\/shop.bantam.ch\/de\/produkt\/kochmulde-thetford-topline-902-2-x-induktion\/#breadcrumb"},"inLanguage":"de","potentialAction":[{"@type":"ReadAction","target":["https:\/\/shop.bantam.ch\/de\/produkt\/kochmulde-thetford-topline-902-2-x-induktion\/"]}]},{"@type":"ImageObject","inLanguage":"de","@id":"https:\/\/shop.bantam.ch\/de\/produkt\/kochmulde-thetford-topline-902-2-x-induktion\/#primaryimage","url":"https:\/\/shop.bantam.ch\/wp-content\/uploads\/2024\/09\/Movera-L-9975333100.png","contentUrl":"https:\/\/shop.bantam.ch\/wp-content\/uploads\/2024\/09\/Movera-L-9975333100.png","width":640,"height":480},{"@type":"BreadcrumbList","@id":"https:\/\/shop.bantam.ch\/de\/produkt\/kochmulde-thetford-topline-902-2-x-induktion\/#breadcrumb","itemListElement":[{"@type":"ListItem","position":1,"name":"Accueil","item":"https:\/\/shop.bantam.ch\/de\/"},{"@type":"ListItem","position":2,"name":"Shop","item":"https:\/\/shop.bantam.ch\/de\/shop\/"},{"@type":"ListItem","position":3,"name":"Kochmulde THETFORD Topline 902 2 x Induktion"}]},{"@type":"WebSite","@id":"https:\/\/shop.bantam.ch\/de\/#website","url":"https:\/\/shop.bantam.ch\/de\/","name":"Bantam","description":"","publisher":{"@id":"https:\/\/shop.bantam.ch\/de\/#organization"},"inLanguage":"de"},{"@type":"Organization","@id":"https:\/\/shop.bantam.ch\/de\/#organization","name":"Bantam","url":"https:\/\/shop.bantam.ch\/de\/","logo":{"@type":"ImageObject","inLanguage":"de","@id":"https:\/\/shop.bantam.ch\/de\/#\/schema\/logo\/image\/","url":"https:\/\/shop.bantam.ch\/wp-content\/uploads\/2022\/12\/bantam-logo.png","contentUrl":"https:\/\/shop.bantam.ch\/wp-content\/uploads\/2022\/12\/bantam-logo.png","width":320,"height":71,"caption":"Bantam"},"image":{"@id":"https:\/\/shop.bantam.ch\/de\/#\/schema\/logo\/image\/"}}]}},"_links":{"self":[{"href":"https:\/\/shop.bantam.ch\/de\/wp-json\/wp\/v2\/product\/200688","targetHints":{"allow":["GET"]}}],"collection":[{"href":"https:\/\/shop.bantam.ch\/de\/wp-json\/wp\/v2\/product"}],"about":[{"href":"https:\/\/shop.bantam.ch\/de\/wp-json\/wp\/v2\/types\/product"}],"wp:featuredmedia":[{"embeddable":true,"href":"https:\/\/shop.bantam.ch\/de\/wp-json\/wp\/v2\/media\/207589"}],"wp:attachment":[{"href":"https:\/\/shop.bantam.ch\/de\/wp-json\/wp\/v2\/media?parent=200688"}],"wp:term":[{"taxonomy":"product_featured_cat","embeddable":true,"href":"https:\/\/shop.bantam.ch\/de\/wp-json\/wp\/v2\/product_featured_cat?post=200688"},{"taxonomy":"product_brand","embeddable":true,"href":"https:\/\/shop.bantam.ch\/de\/wp-json\/wp\/v2\/product_brand?post=200688"},{"taxonomy":"product_cat","embeddable":true,"href":"https:\/\/shop.bantam.ch\/de\/wp-json\/wp\/v2\/product_cat?post=200688"},{"taxonomy":"product_tag","embeddable":true,"href":"https:\/\/shop.bantam.ch\/de\/wp-json\/wp\/v2\/product_tag?post=200688"}],"curies":[{"name":"wp","href":"https:\/\/api.w.org\/{rel}","templated":true}]}}