{"id":200596,"date":"2024-05-15T17:39:44","date_gmt":"2024-05-15T15:39:44","guid":{"rendered":"https:\/\/shop.bantam.ch\/produit\/rolli-protect-modul\/"},"modified":"2026-04-18T01:28:13","modified_gmt":"2026-04-17T23:28:13","slug":"rolli-protect-modul","status":"publish","type":"product","link":"https:\/\/shop.bantam.ch\/de\/produkt\/rolli-protect-modul\/","title":{"rendered":"ROLLI PROTECT MODUL"},"content":{"rendered":"<p>Modularer Wind- Sichtschutz. Bestehend aus 5 einzelnen Elementen kann das Rolli PROTECT System individuell zusammengstellt werden. 5 verschiedene Design erm\u00f6glichen einen einzigartigen Schutz gegen Wind und Wetter. Mit dem Verbindungelement wird das Rolli PROTECT SYSTEM mit dem Rolli verbunden und ist dadurch extrem stabil und robust. Individuell rechts und links m\u00f6glich. \u00c4ltere Rolli Modelle k\u00f6nnen nachger\u00fcstet werden.<\/p>\n<ul>\n<li>ROLLI PROTECT SYSTEM f\u00fcr alle ROLLI Modelle<\/li>\n<li>Gesch\u00fctzter Bereich an die ROLLI Markise angeschlossen.<\/li>\n<li>Verbindung zum ROLLI<\/li>\n<li>Verbindung zum Rolli f\u00fcr \u00e4ltere Modelle nachr\u00fcstbar.<\/li>\n<li>Einzelne Module miteinander kombinierbar<\/li>\n<li>Verbindung zum ROLLI an der rechten oder<\/li>\n<li>Linken Seite w\u00e4hlbar<\/li>\n<li>Unbegrenzt Kombinierbar.<\/li>\n<li>H\u00f6chste Materialqualit\u00e4t und beste Verarbeitung<\/li>\n<\/ul>\n<p>Material:<br \/>\nVorderwand: 100 % acrylatbeschichtetes Polyester<br \/>\nSchmutzstreifen: 100 % Polyvinylchlorid<\/p>\n<p>Lieferumfang:<br \/>\nModul 1-5:&nbsp;<br \/>\nInklusive Rolli PROTECT Modul<br \/>\nRolli PROTECT Modul<br \/>\nQuerstange 22 mm Stahl gepl\u00e4ttet<br \/>\nBodenh\u00fclse<br \/>\n5 x Abspannleitern<br \/>\n2 x Kunststofferdnagel<\/p>\n<p>Modul 6:<br \/>\nInklusive Rolli PROTECT Modul Verbindung<br \/>\nKederseele<br \/>\nDoppelkederprofil<br \/>\n2 x Abspannleitern<br \/>\n2 x Kunststofferdnagel<\/p>\n","protected":false},"excerpt":{"rendered":"<p>Modularer Wind- Sichtschutz. Bestehend aus 5 einzelnen Elementen kann das Rolli PROTECT System individuell zusammengstellt werden. 5 verschiedene Design erm\u00f6glichen einen einzigartigen Schutz gegen Wind und Wetter. Mit dem Verbindungelement wird das Rolli PROTECT SYSTEM mit dem Rolli verbunden und ist dadurch extrem stabil und robust. Individuell rechts und links m\u00f6glich. \u00c4ltere Rolli Modelle k\u00f6nnen [&hellip;]<\/p>\n","protected":false},"featured_media":200588,"template":"","meta":{"_acf_changed":false},"product_featured_cat":[],"product_brand":[],"product_cat":[4224],"product_tag":[],"class_list":{"0":"post-200596","1":"product","2":"type-product","3":"status-publish","4":"has-post-thumbnail","6":"product_cat-markisen-vorzelte","8":"first","9":"instock","10":"taxable","11":"shipping-taxable","12":"purchasable","13":"product-type-variable"},"acf":[],"yoast_head":"<!-- This site is optimized with the Yoast SEO plugin v27.4 - https:\/\/yoast.com\/product\/yoast-seo-wordpress\/ -->\n<title>ROLLI PROTECT MODUL - Bantam Camping AG<\/title>\n<meta name=\"robots\" content=\"index, follow, max-snippet:-1, max-image-preview:large, max-video-preview:-1\" \/>\n<link rel=\"canonical\" href=\"https:\/\/shop.bantam.ch\/de\/produkt\/rolli-protect-modul\/\" \/>\n<meta property=\"og:locale\" content=\"de_DE\" \/>\n<meta property=\"og:type\" content=\"article\" \/>\n<meta property=\"og:title\" content=\"ROLLI PROTECT MODUL - Bantam Camping AG\" \/>\n<meta property=\"og:description\" content=\"Modularer Wind- Sichtschutz. Bestehend aus 5 einzelnen Elementen kann das Rolli PROTECT System individuell zusammengstellt werden. 5 verschiedene Design erm\u00f6glichen einen einzigartigen Schutz gegen Wind und Wetter. Mit dem Verbindungelement wird das Rolli PROTECT SYSTEM mit dem Rolli verbunden und ist dadurch extrem stabil und robust. Individuell rechts und links m\u00f6glich. \u00c4ltere Rolli Modelle k\u00f6nnen [&hellip;]\" \/>\n<meta property=\"og:url\" content=\"https:\/\/shop.bantam.ch\/de\/produkt\/rolli-protect-modul\/\" \/>\n<meta property=\"og:site_name\" content=\"Bantam Camping AG\" \/>\n<meta property=\"article:modified_time\" content=\"2026-04-17T23:28:13+00:00\" \/>\n<meta name=\"twitter:card\" content=\"summary_large_image\" \/>\n<meta name=\"twitter:label1\" content=\"Gesch\u00e4tzte Lesezeit\" \/>\n\t<meta name=\"twitter:data1\" content=\"1\u00a0Minute\" \/>\n<script type=\"application\/ld+json\" class=\"yoast-schema-graph\">{\"@context\":\"https:\\\/\\\/schema.org\",\"@graph\":[{\"@type\":\"WebPage\",\"@id\":\"https:\\\/\\\/shop.bantam.ch\\\/de\\\/produkt\\\/rolli-protect-modul\\\/\",\"url\":\"https:\\\/\\\/shop.bantam.ch\\\/de\\\/produkt\\\/rolli-protect-modul\\\/\",\"name\":\"ROLLI PROTECT MODUL - Bantam Camping AG\",\"isPartOf\":{\"@id\":\"https:\\\/\\\/shop.bantam.ch\\\/de\\\/#website\"},\"primaryImageOfPage\":{\"@id\":\"https:\\\/\\\/shop.bantam.ch\\\/de\\\/produkt\\\/rolli-protect-modul\\\/#primaryimage\"},\"image\":{\"@id\":\"https:\\\/\\\/shop.bantam.ch\\\/de\\\/produkt\\\/rolli-protect-modul\\\/#primaryimage\"},\"thumbnailUrl\":\"https:\\\/\\\/shop.bantam.ch\\\/wp-content\\\/uploads\\\/2024\\\/05\\\/Movera-L-0106731100.jpg\",\"datePublished\":\"2024-05-15T15:39:44+00:00\",\"dateModified\":\"2026-04-17T23:28:13+00:00\",\"breadcrumb\":{\"@id\":\"https:\\\/\\\/shop.bantam.ch\\\/de\\\/produkt\\\/rolli-protect-modul\\\/#breadcrumb\"},\"inLanguage\":\"de\",\"potentialAction\":[{\"@type\":\"ReadAction\",\"target\":[\"https:\\\/\\\/shop.bantam.ch\\\/de\\\/produkt\\\/rolli-protect-modul\\\/\"]}]},{\"@type\":\"ImageObject\",\"inLanguage\":\"de\",\"@id\":\"https:\\\/\\\/shop.bantam.ch\\\/de\\\/produkt\\\/rolli-protect-modul\\\/#primaryimage\",\"url\":\"https:\\\/\\\/shop.bantam.ch\\\/wp-content\\\/uploads\\\/2024\\\/05\\\/Movera-L-0106731100.jpg\",\"contentUrl\":\"https:\\\/\\\/shop.bantam.ch\\\/wp-content\\\/uploads\\\/2024\\\/05\\\/Movera-L-0106731100.jpg\",\"width\":640,\"height\":360},{\"@type\":\"BreadcrumbList\",\"@id\":\"https:\\\/\\\/shop.bantam.ch\\\/de\\\/produkt\\\/rolli-protect-modul\\\/#breadcrumb\",\"itemListElement\":[{\"@type\":\"ListItem\",\"position\":1,\"name\":\"Accueil\",\"item\":\"https:\\\/\\\/shop.bantam.ch\\\/de\\\/\"},{\"@type\":\"ListItem\",\"position\":2,\"name\":\"Shop\",\"item\":\"https:\\\/\\\/shop.bantam.ch\\\/de\\\/shop\\\/\"},{\"@type\":\"ListItem\",\"position\":3,\"name\":\"ROLLI PROTECT MODUL\"}]},{\"@type\":\"WebSite\",\"@id\":\"https:\\\/\\\/shop.bantam.ch\\\/de\\\/#website\",\"url\":\"https:\\\/\\\/shop.bantam.ch\\\/de\\\/\",\"name\":\"Bantam Camping AG\",\"description\":\"\",\"publisher\":{\"@id\":\"https:\\\/\\\/shop.bantam.ch\\\/de\\\/#organization\"},\"inLanguage\":\"de\"},{\"@type\":\"Organization\",\"@id\":\"https:\\\/\\\/shop.bantam.ch\\\/de\\\/#organization\",\"name\":\"Bantam Camping AG\",\"url\":\"https:\\\/\\\/shop.bantam.ch\\\/de\\\/\",\"logo\":{\"@type\":\"ImageObject\",\"inLanguage\":\"de\",\"@id\":\"https:\\\/\\\/shop.bantam.ch\\\/de\\\/#\\\/schema\\\/logo\\\/image\\\/\",\"url\":\"https:\\\/\\\/shop.bantam.ch\\\/wp-content\\\/uploads\\\/2022\\\/12\\\/bantam-logo.png\",\"contentUrl\":\"https:\\\/\\\/shop.bantam.ch\\\/wp-content\\\/uploads\\\/2022\\\/12\\\/bantam-logo.png\",\"width\":320,\"height\":71,\"caption\":\"Bantam Camping AG\"},\"image\":{\"@id\":\"https:\\\/\\\/shop.bantam.ch\\\/de\\\/#\\\/schema\\\/logo\\\/image\\\/\"}}]}<\/script>\n<!-- \/ Yoast SEO plugin. -->","yoast_head_json":{"title":"ROLLI PROTECT MODUL - Bantam Camping AG","robots":{"index":"index","follow":"follow","max-snippet":"max-snippet:-1","max-image-preview":"max-image-preview:large","max-video-preview":"max-video-preview:-1"},"canonical":"https:\/\/shop.bantam.ch\/de\/produkt\/rolli-protect-modul\/","og_locale":"de_DE","og_type":"article","og_title":"ROLLI PROTECT MODUL - Bantam Camping AG","og_description":"Modularer Wind- Sichtschutz. Bestehend aus 5 einzelnen Elementen kann das Rolli PROTECT System individuell zusammengstellt werden. 5 verschiedene Design erm\u00f6glichen einen einzigartigen Schutz gegen Wind und Wetter. Mit dem Verbindungelement wird das Rolli PROTECT SYSTEM mit dem Rolli verbunden und ist dadurch extrem stabil und robust. Individuell rechts und links m\u00f6glich. \u00c4ltere Rolli Modelle k\u00f6nnen [&hellip;]","og_url":"https:\/\/shop.bantam.ch\/de\/produkt\/rolli-protect-modul\/","og_site_name":"Bantam Camping AG","article_modified_time":"2026-04-17T23:28:13+00:00","twitter_card":"summary_large_image","twitter_misc":{"Gesch\u00e4tzte Lesezeit":"1\u00a0Minute"},"schema":{"@context":"https:\/\/schema.org","@graph":[{"@type":"WebPage","@id":"https:\/\/shop.bantam.ch\/de\/produkt\/rolli-protect-modul\/","url":"https:\/\/shop.bantam.ch\/de\/produkt\/rolli-protect-modul\/","name":"ROLLI PROTECT MODUL - Bantam Camping AG","isPartOf":{"@id":"https:\/\/shop.bantam.ch\/de\/#website"},"primaryImageOfPage":{"@id":"https:\/\/shop.bantam.ch\/de\/produkt\/rolli-protect-modul\/#primaryimage"},"image":{"@id":"https:\/\/shop.bantam.ch\/de\/produkt\/rolli-protect-modul\/#primaryimage"},"thumbnailUrl":"https:\/\/shop.bantam.ch\/wp-content\/uploads\/2024\/05\/Movera-L-0106731100.jpg","datePublished":"2024-05-15T15:39:44+00:00","dateModified":"2026-04-17T23:28:13+00:00","breadcrumb":{"@id":"https:\/\/shop.bantam.ch\/de\/produkt\/rolli-protect-modul\/#breadcrumb"},"inLanguage":"de","potentialAction":[{"@type":"ReadAction","target":["https:\/\/shop.bantam.ch\/de\/produkt\/rolli-protect-modul\/"]}]},{"@type":"ImageObject","inLanguage":"de","@id":"https:\/\/shop.bantam.ch\/de\/produkt\/rolli-protect-modul\/#primaryimage","url":"https:\/\/shop.bantam.ch\/wp-content\/uploads\/2024\/05\/Movera-L-0106731100.jpg","contentUrl":"https:\/\/shop.bantam.ch\/wp-content\/uploads\/2024\/05\/Movera-L-0106731100.jpg","width":640,"height":360},{"@type":"BreadcrumbList","@id":"https:\/\/shop.bantam.ch\/de\/produkt\/rolli-protect-modul\/#breadcrumb","itemListElement":[{"@type":"ListItem","position":1,"name":"Accueil","item":"https:\/\/shop.bantam.ch\/de\/"},{"@type":"ListItem","position":2,"name":"Shop","item":"https:\/\/shop.bantam.ch\/de\/shop\/"},{"@type":"ListItem","position":3,"name":"ROLLI PROTECT MODUL"}]},{"@type":"WebSite","@id":"https:\/\/shop.bantam.ch\/de\/#website","url":"https:\/\/shop.bantam.ch\/de\/","name":"Bantam Camping AG","description":"","publisher":{"@id":"https:\/\/shop.bantam.ch\/de\/#organization"},"inLanguage":"de"},{"@type":"Organization","@id":"https:\/\/shop.bantam.ch\/de\/#organization","name":"Bantam Camping AG","url":"https:\/\/shop.bantam.ch\/de\/","logo":{"@type":"ImageObject","inLanguage":"de","@id":"https:\/\/shop.bantam.ch\/de\/#\/schema\/logo\/image\/","url":"https:\/\/shop.bantam.ch\/wp-content\/uploads\/2022\/12\/bantam-logo.png","contentUrl":"https:\/\/shop.bantam.ch\/wp-content\/uploads\/2022\/12\/bantam-logo.png","width":320,"height":71,"caption":"Bantam Camping AG"},"image":{"@id":"https:\/\/shop.bantam.ch\/de\/#\/schema\/logo\/image\/"}}]}},"_links":{"self":[{"href":"https:\/\/shop.bantam.ch\/de\/wp-json\/wp\/v2\/product\/200596","targetHints":{"allow":["GET"]}}],"collection":[{"href":"https:\/\/shop.bantam.ch\/de\/wp-json\/wp\/v2\/product"}],"about":[{"href":"https:\/\/shop.bantam.ch\/de\/wp-json\/wp\/v2\/types\/product"}],"wp:featuredmedia":[{"embeddable":true,"href":"https:\/\/shop.bantam.ch\/de\/wp-json\/wp\/v2\/media\/200588"}],"wp:attachment":[{"href":"https:\/\/shop.bantam.ch\/de\/wp-json\/wp\/v2\/media?parent=200596"}],"wp:term":[{"taxonomy":"product_featured_cat","embeddable":true,"href":"https:\/\/shop.bantam.ch\/de\/wp-json\/wp\/v2\/product_featured_cat?post=200596"},{"taxonomy":"product_brand","embeddable":true,"href":"https:\/\/shop.bantam.ch\/de\/wp-json\/wp\/v2\/product_brand?post=200596"},{"taxonomy":"product_cat","embeddable":true,"href":"https:\/\/shop.bantam.ch\/de\/wp-json\/wp\/v2\/product_cat?post=200596"},{"taxonomy":"product_tag","embeddable":true,"href":"https:\/\/shop.bantam.ch\/de\/wp-json\/wp\/v2\/product_tag?post=200596"}],"curies":[{"name":"wp","href":"https:\/\/api.w.org\/{rel}","templated":true}]}}