{"id":200574,"date":"2024-05-15T17:38:58","date_gmt":"2024-05-15T15:38:58","guid":{"rendered":"https:\/\/shop.bantam.ch\/produit\/seitenwand-rolli-bloxx-view-side\/"},"modified":"2026-04-22T01:33:23","modified_gmt":"2026-04-21T23:33:23","slug":"seitenwand-rolli-bloxx-view-side","status":"publish","type":"product","link":"https:\/\/shop.bantam.ch\/de\/produkt\/seitenwand-rolli-bloxx-view-side\/","title":{"rendered":"Seitenwand ROLLI BLOXX View Side"},"content":{"rendered":"<p>Schutz gegen Sonne, wasserabweisendes Gewebe und von Au\u00dfen nicht einsehbar? Das BLOXX View ist der perfekte Allrounder f\u00fcr jedes Wetter.<\/p>\n<ul>\n<li>Ultraleichtes Material erm\u00f6glicht eine unverf\u00e4lschte Sicht nach drau\u00dfen<\/li>\n<li>Silberne Au\u00dfenseite sorgt f\u00fcr Privatsph\u00e4re<\/li>\n<li>Luftdurchl\u00e4ssig trotzdem Schutz vor Sonneneinstrahlung und Hitze<\/li>\n<li>Geringes Gewicht<\/li>\n<li>Kleines Packma\u00df<\/li>\n<li>Sonneneinstrahlung wird reflektiert<\/li>\n<li>Geringe W\u00e4rmentwicklung<\/li>\n<\/ul>\n<p>Material:<\/p>\n<p>100 % Polyester<\/p>\n<p>Lieferumfang:<br \/>\nInklusive Seitenwand<br \/>\nRolli Abspannmaterial<br \/>\nWIGO Packsack schwarz<\/p>\n","protected":false},"excerpt":{"rendered":"<p>Schutz gegen Sonne, wasserabweisendes Gewebe und von Au\u00dfen nicht einsehbar? Das BLOXX View ist der perfekte Allrounder f\u00fcr jedes Wetter. Ultraleichtes Material erm\u00f6glicht eine unverf\u00e4lschte Sicht nach drau\u00dfen Silberne Au\u00dfenseite sorgt f\u00fcr Privatsph\u00e4re Luftdurchl\u00e4ssig trotzdem Schutz vor Sonneneinstrahlung und Hitze Geringes Gewicht Kleines Packma\u00df Sonneneinstrahlung wird reflektiert Geringe W\u00e4rmentwicklung Material: 100 % Polyester Lieferumfang: Inklusive [&hellip;]<\/p>\n","protected":false},"featured_media":200568,"template":"","meta":{"_acf_changed":false},"product_featured_cat":[],"product_brand":[],"product_cat":[4222],"product_tag":[],"class_list":{"0":"post-200574","1":"product","2":"type-product","3":"status-publish","4":"has-post-thumbnail","6":"product_cat-markisen-seitenwaende","8":"first","9":"instock","10":"taxable","11":"shipping-taxable","12":"purchasable","13":"product-type-variable"},"acf":[],"yoast_head":"<!-- This site is optimized with the Yoast SEO plugin v27.4 - https:\/\/yoast.com\/product\/yoast-seo-wordpress\/ -->\n<title>Seitenwand ROLLI BLOXX View Side - Bantam Camping AG<\/title>\n<meta name=\"robots\" content=\"index, follow, max-snippet:-1, max-image-preview:large, max-video-preview:-1\" \/>\n<link rel=\"canonical\" href=\"https:\/\/shop.bantam.ch\/de\/produkt\/seitenwand-rolli-bloxx-view-side\/\" \/>\n<meta property=\"og:locale\" content=\"de_DE\" \/>\n<meta property=\"og:type\" content=\"article\" \/>\n<meta property=\"og:title\" content=\"Seitenwand ROLLI BLOXX View Side - Bantam Camping AG\" \/>\n<meta property=\"og:description\" content=\"Schutz gegen Sonne, wasserabweisendes Gewebe und von Au\u00dfen nicht einsehbar? Das BLOXX View ist der perfekte Allrounder f\u00fcr jedes Wetter. Ultraleichtes Material erm\u00f6glicht eine unverf\u00e4lschte Sicht nach drau\u00dfen Silberne Au\u00dfenseite sorgt f\u00fcr Privatsph\u00e4re Luftdurchl\u00e4ssig trotzdem Schutz vor Sonneneinstrahlung und Hitze Geringes Gewicht Kleines Packma\u00df Sonneneinstrahlung wird reflektiert Geringe W\u00e4rmentwicklung Material: 100 % Polyester Lieferumfang: Inklusive [&hellip;]\" \/>\n<meta property=\"og:url\" content=\"https:\/\/shop.bantam.ch\/de\/produkt\/seitenwand-rolli-bloxx-view-side\/\" \/>\n<meta property=\"og:site_name\" content=\"Bantam Camping AG\" \/>\n<meta property=\"article:modified_time\" content=\"2026-04-21T23:33:23+00:00\" \/>\n<meta name=\"twitter:card\" content=\"summary_large_image\" \/>\n<script type=\"application\/ld+json\" class=\"yoast-schema-graph\">{\"@context\":\"https:\\\/\\\/schema.org\",\"@graph\":[{\"@type\":\"WebPage\",\"@id\":\"https:\\\/\\\/shop.bantam.ch\\\/de\\\/produkt\\\/seitenwand-rolli-bloxx-view-side\\\/\",\"url\":\"https:\\\/\\\/shop.bantam.ch\\\/de\\\/produkt\\\/seitenwand-rolli-bloxx-view-side\\\/\",\"name\":\"Seitenwand ROLLI BLOXX View Side - Bantam Camping AG\",\"isPartOf\":{\"@id\":\"https:\\\/\\\/shop.bantam.ch\\\/de\\\/#website\"},\"primaryImageOfPage\":{\"@id\":\"https:\\\/\\\/shop.bantam.ch\\\/de\\\/produkt\\\/seitenwand-rolli-bloxx-view-side\\\/#primaryimage\"},\"image\":{\"@id\":\"https:\\\/\\\/shop.bantam.ch\\\/de\\\/produkt\\\/seitenwand-rolli-bloxx-view-side\\\/#primaryimage\"},\"thumbnailUrl\":\"https:\\\/\\\/shop.bantam.ch\\\/wp-content\\\/uploads\\\/2024\\\/05\\\/Movera-L-0106729100.jpg\",\"datePublished\":\"2024-05-15T15:38:58+00:00\",\"dateModified\":\"2026-04-21T23:33:23+00:00\",\"breadcrumb\":{\"@id\":\"https:\\\/\\\/shop.bantam.ch\\\/de\\\/produkt\\\/seitenwand-rolli-bloxx-view-side\\\/#breadcrumb\"},\"inLanguage\":\"de\",\"potentialAction\":[{\"@type\":\"ReadAction\",\"target\":[\"https:\\\/\\\/shop.bantam.ch\\\/de\\\/produkt\\\/seitenwand-rolli-bloxx-view-side\\\/\"]}]},{\"@type\":\"ImageObject\",\"inLanguage\":\"de\",\"@id\":\"https:\\\/\\\/shop.bantam.ch\\\/de\\\/produkt\\\/seitenwand-rolli-bloxx-view-side\\\/#primaryimage\",\"url\":\"https:\\\/\\\/shop.bantam.ch\\\/wp-content\\\/uploads\\\/2024\\\/05\\\/Movera-L-0106729100.jpg\",\"contentUrl\":\"https:\\\/\\\/shop.bantam.ch\\\/wp-content\\\/uploads\\\/2024\\\/05\\\/Movera-L-0106729100.jpg\",\"width\":640,\"height\":426},{\"@type\":\"BreadcrumbList\",\"@id\":\"https:\\\/\\\/shop.bantam.ch\\\/de\\\/produkt\\\/seitenwand-rolli-bloxx-view-side\\\/#breadcrumb\",\"itemListElement\":[{\"@type\":\"ListItem\",\"position\":1,\"name\":\"Accueil\",\"item\":\"https:\\\/\\\/shop.bantam.ch\\\/de\\\/\"},{\"@type\":\"ListItem\",\"position\":2,\"name\":\"Shop\",\"item\":\"https:\\\/\\\/shop.bantam.ch\\\/de\\\/shop\\\/\"},{\"@type\":\"ListItem\",\"position\":3,\"name\":\"Seitenwand ROLLI BLOXX View Side\"}]},{\"@type\":\"WebSite\",\"@id\":\"https:\\\/\\\/shop.bantam.ch\\\/de\\\/#website\",\"url\":\"https:\\\/\\\/shop.bantam.ch\\\/de\\\/\",\"name\":\"Bantam Camping AG\",\"description\":\"\",\"publisher\":{\"@id\":\"https:\\\/\\\/shop.bantam.ch\\\/de\\\/#organization\"},\"inLanguage\":\"de\"},{\"@type\":\"Organization\",\"@id\":\"https:\\\/\\\/shop.bantam.ch\\\/de\\\/#organization\",\"name\":\"Bantam Camping AG\",\"url\":\"https:\\\/\\\/shop.bantam.ch\\\/de\\\/\",\"logo\":{\"@type\":\"ImageObject\",\"inLanguage\":\"de\",\"@id\":\"https:\\\/\\\/shop.bantam.ch\\\/de\\\/#\\\/schema\\\/logo\\\/image\\\/\",\"url\":\"https:\\\/\\\/shop.bantam.ch\\\/wp-content\\\/uploads\\\/2022\\\/12\\\/bantam-logo.png\",\"contentUrl\":\"https:\\\/\\\/shop.bantam.ch\\\/wp-content\\\/uploads\\\/2022\\\/12\\\/bantam-logo.png\",\"width\":320,\"height\":71,\"caption\":\"Bantam Camping AG\"},\"image\":{\"@id\":\"https:\\\/\\\/shop.bantam.ch\\\/de\\\/#\\\/schema\\\/logo\\\/image\\\/\"}}]}<\/script>\n<!-- \/ Yoast SEO plugin. -->","yoast_head_json":{"title":"Seitenwand ROLLI BLOXX View Side - Bantam Camping AG","robots":{"index":"index","follow":"follow","max-snippet":"max-snippet:-1","max-image-preview":"max-image-preview:large","max-video-preview":"max-video-preview:-1"},"canonical":"https:\/\/shop.bantam.ch\/de\/produkt\/seitenwand-rolli-bloxx-view-side\/","og_locale":"de_DE","og_type":"article","og_title":"Seitenwand ROLLI BLOXX View Side - Bantam Camping AG","og_description":"Schutz gegen Sonne, wasserabweisendes Gewebe und von Au\u00dfen nicht einsehbar? Das BLOXX View ist der perfekte Allrounder f\u00fcr jedes Wetter. Ultraleichtes Material erm\u00f6glicht eine unverf\u00e4lschte Sicht nach drau\u00dfen Silberne Au\u00dfenseite sorgt f\u00fcr Privatsph\u00e4re Luftdurchl\u00e4ssig trotzdem Schutz vor Sonneneinstrahlung und Hitze Geringes Gewicht Kleines Packma\u00df Sonneneinstrahlung wird reflektiert Geringe W\u00e4rmentwicklung Material: 100 % Polyester Lieferumfang: Inklusive [&hellip;]","og_url":"https:\/\/shop.bantam.ch\/de\/produkt\/seitenwand-rolli-bloxx-view-side\/","og_site_name":"Bantam Camping AG","article_modified_time":"2026-04-21T23:33:23+00:00","twitter_card":"summary_large_image","schema":{"@context":"https:\/\/schema.org","@graph":[{"@type":"WebPage","@id":"https:\/\/shop.bantam.ch\/de\/produkt\/seitenwand-rolli-bloxx-view-side\/","url":"https:\/\/shop.bantam.ch\/de\/produkt\/seitenwand-rolli-bloxx-view-side\/","name":"Seitenwand ROLLI BLOXX View Side - Bantam Camping AG","isPartOf":{"@id":"https:\/\/shop.bantam.ch\/de\/#website"},"primaryImageOfPage":{"@id":"https:\/\/shop.bantam.ch\/de\/produkt\/seitenwand-rolli-bloxx-view-side\/#primaryimage"},"image":{"@id":"https:\/\/shop.bantam.ch\/de\/produkt\/seitenwand-rolli-bloxx-view-side\/#primaryimage"},"thumbnailUrl":"https:\/\/shop.bantam.ch\/wp-content\/uploads\/2024\/05\/Movera-L-0106729100.jpg","datePublished":"2024-05-15T15:38:58+00:00","dateModified":"2026-04-21T23:33:23+00:00","breadcrumb":{"@id":"https:\/\/shop.bantam.ch\/de\/produkt\/seitenwand-rolli-bloxx-view-side\/#breadcrumb"},"inLanguage":"de","potentialAction":[{"@type":"ReadAction","target":["https:\/\/shop.bantam.ch\/de\/produkt\/seitenwand-rolli-bloxx-view-side\/"]}]},{"@type":"ImageObject","inLanguage":"de","@id":"https:\/\/shop.bantam.ch\/de\/produkt\/seitenwand-rolli-bloxx-view-side\/#primaryimage","url":"https:\/\/shop.bantam.ch\/wp-content\/uploads\/2024\/05\/Movera-L-0106729100.jpg","contentUrl":"https:\/\/shop.bantam.ch\/wp-content\/uploads\/2024\/05\/Movera-L-0106729100.jpg","width":640,"height":426},{"@type":"BreadcrumbList","@id":"https:\/\/shop.bantam.ch\/de\/produkt\/seitenwand-rolli-bloxx-view-side\/#breadcrumb","itemListElement":[{"@type":"ListItem","position":1,"name":"Accueil","item":"https:\/\/shop.bantam.ch\/de\/"},{"@type":"ListItem","position":2,"name":"Shop","item":"https:\/\/shop.bantam.ch\/de\/shop\/"},{"@type":"ListItem","position":3,"name":"Seitenwand ROLLI BLOXX View Side"}]},{"@type":"WebSite","@id":"https:\/\/shop.bantam.ch\/de\/#website","url":"https:\/\/shop.bantam.ch\/de\/","name":"Bantam Camping AG","description":"","publisher":{"@id":"https:\/\/shop.bantam.ch\/de\/#organization"},"inLanguage":"de"},{"@type":"Organization","@id":"https:\/\/shop.bantam.ch\/de\/#organization","name":"Bantam Camping AG","url":"https:\/\/shop.bantam.ch\/de\/","logo":{"@type":"ImageObject","inLanguage":"de","@id":"https:\/\/shop.bantam.ch\/de\/#\/schema\/logo\/image\/","url":"https:\/\/shop.bantam.ch\/wp-content\/uploads\/2022\/12\/bantam-logo.png","contentUrl":"https:\/\/shop.bantam.ch\/wp-content\/uploads\/2022\/12\/bantam-logo.png","width":320,"height":71,"caption":"Bantam Camping AG"},"image":{"@id":"https:\/\/shop.bantam.ch\/de\/#\/schema\/logo\/image\/"}}]}},"_links":{"self":[{"href":"https:\/\/shop.bantam.ch\/de\/wp-json\/wp\/v2\/product\/200574","targetHints":{"allow":["GET"]}}],"collection":[{"href":"https:\/\/shop.bantam.ch\/de\/wp-json\/wp\/v2\/product"}],"about":[{"href":"https:\/\/shop.bantam.ch\/de\/wp-json\/wp\/v2\/types\/product"}],"wp:featuredmedia":[{"embeddable":true,"href":"https:\/\/shop.bantam.ch\/de\/wp-json\/wp\/v2\/media\/200568"}],"wp:attachment":[{"href":"https:\/\/shop.bantam.ch\/de\/wp-json\/wp\/v2\/media?parent=200574"}],"wp:term":[{"taxonomy":"product_featured_cat","embeddable":true,"href":"https:\/\/shop.bantam.ch\/de\/wp-json\/wp\/v2\/product_featured_cat?post=200574"},{"taxonomy":"product_brand","embeddable":true,"href":"https:\/\/shop.bantam.ch\/de\/wp-json\/wp\/v2\/product_brand?post=200574"},{"taxonomy":"product_cat","embeddable":true,"href":"https:\/\/shop.bantam.ch\/de\/wp-json\/wp\/v2\/product_cat?post=200574"},{"taxonomy":"product_tag","embeddable":true,"href":"https:\/\/shop.bantam.ch\/de\/wp-json\/wp\/v2\/product_tag?post=200574"}],"curies":[{"name":"wp","href":"https:\/\/api.w.org\/{rel}","templated":true}]}}