{"id":200515,"date":"2024-05-15T17:36:40","date_gmt":"2024-05-15T15:36:40","guid":{"rendered":"https:\/\/shop.bantam.ch\/produit\/markisenvorzelt-rolli-bloxx-one-side\/"},"modified":"2026-04-20T01:36:07","modified_gmt":"2026-04-19T23:36:07","slug":"markisenvorzelt-rolli-bloxx-one-side","status":"publish","type":"product","link":"https:\/\/shop.bantam.ch\/de\/produkt\/markisenvorzelt-rolli-bloxx-one-side\/","title":{"rendered":"Markisenvorzelt ROLLI BLOXX One Side"},"content":{"rendered":"<p>Das ROLLI BLOXX ONE ist so etwas wie das Schweizer Taschenmesser von WIGO. Die Seitenteile und die Vorderwand lassen sich entweder an den Ecken mit einem Rei\u00dfverschluss verschlie\u00dfen, oder im Handumdrehen seitlich abspannen. An hei\u00dfen Sommertagen wird das BLOXX ONE gut durchl\u00fcftet durch seitliches abspannen und gleichzeitig kann es komplett geschlossen werden sollte es ausnahmsweise einmal regnen oder st\u00fcrmen. Das BLOXX ONE kann durch die Rei\u00dfverschl\u00fcsse in den Ecken komplett geschlossen werden. Die Fensterfolie kann komplett aufgerollt oder direkt herausgenommen werden. Der Eingang an der Seitenwand l\u00e4sst sich ebenso mit einem Rei\u00dfverschluss in wenigen Handgriffen \u00f6ffnen<\/p>\n<ul>\n<li>Kombination zwischen ROLLI BLOXX SYSTEM und ROLLI Markisenzelt<\/li>\n<li>Vorder- und Seitenteile werden mit Rei\u00dfverschlu\u00df in den Ecken verbunden<\/li>\n<li>Seitenelement kann durch eingen\u00e4hte Rei\u00dfverschl\u00fcsse als T\u00fcr genutzt werden<\/li>\n<li>Fensterfolie kann optional entfernt werden<\/li>\n<li>Extrem stabile Screengaze. Extra Luftdurchl\u00e4ssig<\/li>\n<li>Perfekte Kombination WIND-REGEN-SICHT-SCHUTZ<\/li>\n<li>Leichter und schneller Aufbau<\/li>\n<li>Fensterfolie get\u00f6nt<\/li>\n<li>AIR Vent Fenster<\/li>\n<\/ul>\n<p>Material:<br \/>\nSeitenwand: 100 % acrylatbeschichtete Polyester<br \/>\nSchmutzstreifen: 100 % Polyvinylchlorid<\/p>\n<p>Lieferumfang:<br \/>\nInklusive Seitenwand<br \/>\nRolli Abspannmaterial<br \/>\nWIGO Packsack schwarz<\/p>\n","protected":false},"excerpt":{"rendered":"<p>Das ROLLI BLOXX ONE ist so etwas wie das Schweizer Taschenmesser von WIGO. Die Seitenteile und die Vorderwand lassen sich entweder an den Ecken mit einem Rei\u00dfverschluss verschlie\u00dfen, oder im Handumdrehen seitlich abspannen. An hei\u00dfen Sommertagen wird das BLOXX ONE gut durchl\u00fcftet durch seitliches abspannen und gleichzeitig kann es komplett geschlossen werden sollte es ausnahmsweise [&hellip;]<\/p>\n","protected":false},"featured_media":200511,"template":"","meta":{"_acf_changed":false},"product_featured_cat":[],"product_brand":[],"product_cat":[4224],"product_tag":[],"class_list":{"0":"post-200515","1":"product","2":"type-product","3":"status-publish","4":"has-post-thumbnail","6":"product_cat-markisen-vorzelte","8":"first","9":"instock","10":"taxable","11":"shipping-taxable","12":"purchasable","13":"product-type-variable"},"acf":[],"yoast_head":"<!-- This site is optimized with the Yoast SEO plugin v27.4 - https:\/\/yoast.com\/product\/yoast-seo-wordpress\/ -->\n<title>Markisenvorzelt ROLLI BLOXX One Side - Bantam Camping AG<\/title>\n<meta name=\"robots\" content=\"index, follow, max-snippet:-1, max-image-preview:large, max-video-preview:-1\" \/>\n<link rel=\"canonical\" href=\"https:\/\/shop.bantam.ch\/de\/produkt\/markisenvorzelt-rolli-bloxx-one-side\/\" \/>\n<meta property=\"og:locale\" content=\"de_DE\" \/>\n<meta property=\"og:type\" content=\"article\" \/>\n<meta property=\"og:title\" content=\"Markisenvorzelt ROLLI BLOXX One Side - Bantam Camping AG\" \/>\n<meta property=\"og:description\" content=\"Das ROLLI BLOXX ONE ist so etwas wie das Schweizer Taschenmesser von WIGO. Die Seitenteile und die Vorderwand lassen sich entweder an den Ecken mit einem Rei\u00dfverschluss verschlie\u00dfen, oder im Handumdrehen seitlich abspannen. An hei\u00dfen Sommertagen wird das BLOXX ONE gut durchl\u00fcftet durch seitliches abspannen und gleichzeitig kann es komplett geschlossen werden sollte es ausnahmsweise [&hellip;]\" \/>\n<meta property=\"og:url\" content=\"https:\/\/shop.bantam.ch\/de\/produkt\/markisenvorzelt-rolli-bloxx-one-side\/\" \/>\n<meta property=\"og:site_name\" content=\"Bantam Camping AG\" \/>\n<meta property=\"article:modified_time\" content=\"2026-04-19T23:36:07+00:00\" \/>\n<meta name=\"twitter:card\" content=\"summary_large_image\" \/>\n<meta name=\"twitter:label1\" content=\"Gesch\u00e4tzte Lesezeit\" \/>\n\t<meta name=\"twitter:data1\" content=\"1\u00a0Minute\" \/>\n<script type=\"application\/ld+json\" class=\"yoast-schema-graph\">{\"@context\":\"https:\\\/\\\/schema.org\",\"@graph\":[{\"@type\":\"WebPage\",\"@id\":\"https:\\\/\\\/shop.bantam.ch\\\/de\\\/produkt\\\/markisenvorzelt-rolli-bloxx-one-side\\\/\",\"url\":\"https:\\\/\\\/shop.bantam.ch\\\/de\\\/produkt\\\/markisenvorzelt-rolli-bloxx-one-side\\\/\",\"name\":\"Markisenvorzelt ROLLI BLOXX One Side - Bantam Camping AG\",\"isPartOf\":{\"@id\":\"https:\\\/\\\/shop.bantam.ch\\\/de\\\/#website\"},\"primaryImageOfPage\":{\"@id\":\"https:\\\/\\\/shop.bantam.ch\\\/de\\\/produkt\\\/markisenvorzelt-rolli-bloxx-one-side\\\/#primaryimage\"},\"image\":{\"@id\":\"https:\\\/\\\/shop.bantam.ch\\\/de\\\/produkt\\\/markisenvorzelt-rolli-bloxx-one-side\\\/#primaryimage\"},\"thumbnailUrl\":\"https:\\\/\\\/shop.bantam.ch\\\/wp-content\\\/uploads\\\/2024\\\/05\\\/Movera-L-0106719100.jpg\",\"datePublished\":\"2024-05-15T15:36:40+00:00\",\"dateModified\":\"2026-04-19T23:36:07+00:00\",\"breadcrumb\":{\"@id\":\"https:\\\/\\\/shop.bantam.ch\\\/de\\\/produkt\\\/markisenvorzelt-rolli-bloxx-one-side\\\/#breadcrumb\"},\"inLanguage\":\"de\",\"potentialAction\":[{\"@type\":\"ReadAction\",\"target\":[\"https:\\\/\\\/shop.bantam.ch\\\/de\\\/produkt\\\/markisenvorzelt-rolli-bloxx-one-side\\\/\"]}]},{\"@type\":\"ImageObject\",\"inLanguage\":\"de\",\"@id\":\"https:\\\/\\\/shop.bantam.ch\\\/de\\\/produkt\\\/markisenvorzelt-rolli-bloxx-one-side\\\/#primaryimage\",\"url\":\"https:\\\/\\\/shop.bantam.ch\\\/wp-content\\\/uploads\\\/2024\\\/05\\\/Movera-L-0106719100.jpg\",\"contentUrl\":\"https:\\\/\\\/shop.bantam.ch\\\/wp-content\\\/uploads\\\/2024\\\/05\\\/Movera-L-0106719100.jpg\",\"width\":640,\"height\":238},{\"@type\":\"BreadcrumbList\",\"@id\":\"https:\\\/\\\/shop.bantam.ch\\\/de\\\/produkt\\\/markisenvorzelt-rolli-bloxx-one-side\\\/#breadcrumb\",\"itemListElement\":[{\"@type\":\"ListItem\",\"position\":1,\"name\":\"Accueil\",\"item\":\"https:\\\/\\\/shop.bantam.ch\\\/de\\\/\"},{\"@type\":\"ListItem\",\"position\":2,\"name\":\"Shop\",\"item\":\"https:\\\/\\\/shop.bantam.ch\\\/de\\\/shop\\\/\"},{\"@type\":\"ListItem\",\"position\":3,\"name\":\"Markisenvorzelt ROLLI BLOXX One Side\"}]},{\"@type\":\"WebSite\",\"@id\":\"https:\\\/\\\/shop.bantam.ch\\\/de\\\/#website\",\"url\":\"https:\\\/\\\/shop.bantam.ch\\\/de\\\/\",\"name\":\"Bantam Camping AG\",\"description\":\"\",\"publisher\":{\"@id\":\"https:\\\/\\\/shop.bantam.ch\\\/de\\\/#organization\"},\"inLanguage\":\"de\"},{\"@type\":\"Organization\",\"@id\":\"https:\\\/\\\/shop.bantam.ch\\\/de\\\/#organization\",\"name\":\"Bantam Camping AG\",\"url\":\"https:\\\/\\\/shop.bantam.ch\\\/de\\\/\",\"logo\":{\"@type\":\"ImageObject\",\"inLanguage\":\"de\",\"@id\":\"https:\\\/\\\/shop.bantam.ch\\\/de\\\/#\\\/schema\\\/logo\\\/image\\\/\",\"url\":\"https:\\\/\\\/shop.bantam.ch\\\/wp-content\\\/uploads\\\/2022\\\/12\\\/bantam-logo.png\",\"contentUrl\":\"https:\\\/\\\/shop.bantam.ch\\\/wp-content\\\/uploads\\\/2022\\\/12\\\/bantam-logo.png\",\"width\":320,\"height\":71,\"caption\":\"Bantam Camping AG\"},\"image\":{\"@id\":\"https:\\\/\\\/shop.bantam.ch\\\/de\\\/#\\\/schema\\\/logo\\\/image\\\/\"}}]}<\/script>\n<!-- \/ Yoast SEO plugin. -->","yoast_head_json":{"title":"Markisenvorzelt ROLLI BLOXX One Side - Bantam Camping AG","robots":{"index":"index","follow":"follow","max-snippet":"max-snippet:-1","max-image-preview":"max-image-preview:large","max-video-preview":"max-video-preview:-1"},"canonical":"https:\/\/shop.bantam.ch\/de\/produkt\/markisenvorzelt-rolli-bloxx-one-side\/","og_locale":"de_DE","og_type":"article","og_title":"Markisenvorzelt ROLLI BLOXX One Side - Bantam Camping AG","og_description":"Das ROLLI BLOXX ONE ist so etwas wie das Schweizer Taschenmesser von WIGO. Die Seitenteile und die Vorderwand lassen sich entweder an den Ecken mit einem Rei\u00dfverschluss verschlie\u00dfen, oder im Handumdrehen seitlich abspannen. An hei\u00dfen Sommertagen wird das BLOXX ONE gut durchl\u00fcftet durch seitliches abspannen und gleichzeitig kann es komplett geschlossen werden sollte es ausnahmsweise [&hellip;]","og_url":"https:\/\/shop.bantam.ch\/de\/produkt\/markisenvorzelt-rolli-bloxx-one-side\/","og_site_name":"Bantam Camping AG","article_modified_time":"2026-04-19T23:36:07+00:00","twitter_card":"summary_large_image","twitter_misc":{"Gesch\u00e4tzte Lesezeit":"1\u00a0Minute"},"schema":{"@context":"https:\/\/schema.org","@graph":[{"@type":"WebPage","@id":"https:\/\/shop.bantam.ch\/de\/produkt\/markisenvorzelt-rolli-bloxx-one-side\/","url":"https:\/\/shop.bantam.ch\/de\/produkt\/markisenvorzelt-rolli-bloxx-one-side\/","name":"Markisenvorzelt ROLLI BLOXX One Side - Bantam Camping AG","isPartOf":{"@id":"https:\/\/shop.bantam.ch\/de\/#website"},"primaryImageOfPage":{"@id":"https:\/\/shop.bantam.ch\/de\/produkt\/markisenvorzelt-rolli-bloxx-one-side\/#primaryimage"},"image":{"@id":"https:\/\/shop.bantam.ch\/de\/produkt\/markisenvorzelt-rolli-bloxx-one-side\/#primaryimage"},"thumbnailUrl":"https:\/\/shop.bantam.ch\/wp-content\/uploads\/2024\/05\/Movera-L-0106719100.jpg","datePublished":"2024-05-15T15:36:40+00:00","dateModified":"2026-04-19T23:36:07+00:00","breadcrumb":{"@id":"https:\/\/shop.bantam.ch\/de\/produkt\/markisenvorzelt-rolli-bloxx-one-side\/#breadcrumb"},"inLanguage":"de","potentialAction":[{"@type":"ReadAction","target":["https:\/\/shop.bantam.ch\/de\/produkt\/markisenvorzelt-rolli-bloxx-one-side\/"]}]},{"@type":"ImageObject","inLanguage":"de","@id":"https:\/\/shop.bantam.ch\/de\/produkt\/markisenvorzelt-rolli-bloxx-one-side\/#primaryimage","url":"https:\/\/shop.bantam.ch\/wp-content\/uploads\/2024\/05\/Movera-L-0106719100.jpg","contentUrl":"https:\/\/shop.bantam.ch\/wp-content\/uploads\/2024\/05\/Movera-L-0106719100.jpg","width":640,"height":238},{"@type":"BreadcrumbList","@id":"https:\/\/shop.bantam.ch\/de\/produkt\/markisenvorzelt-rolli-bloxx-one-side\/#breadcrumb","itemListElement":[{"@type":"ListItem","position":1,"name":"Accueil","item":"https:\/\/shop.bantam.ch\/de\/"},{"@type":"ListItem","position":2,"name":"Shop","item":"https:\/\/shop.bantam.ch\/de\/shop\/"},{"@type":"ListItem","position":3,"name":"Markisenvorzelt ROLLI BLOXX One Side"}]},{"@type":"WebSite","@id":"https:\/\/shop.bantam.ch\/de\/#website","url":"https:\/\/shop.bantam.ch\/de\/","name":"Bantam Camping AG","description":"","publisher":{"@id":"https:\/\/shop.bantam.ch\/de\/#organization"},"inLanguage":"de"},{"@type":"Organization","@id":"https:\/\/shop.bantam.ch\/de\/#organization","name":"Bantam Camping AG","url":"https:\/\/shop.bantam.ch\/de\/","logo":{"@type":"ImageObject","inLanguage":"de","@id":"https:\/\/shop.bantam.ch\/de\/#\/schema\/logo\/image\/","url":"https:\/\/shop.bantam.ch\/wp-content\/uploads\/2022\/12\/bantam-logo.png","contentUrl":"https:\/\/shop.bantam.ch\/wp-content\/uploads\/2022\/12\/bantam-logo.png","width":320,"height":71,"caption":"Bantam Camping AG"},"image":{"@id":"https:\/\/shop.bantam.ch\/de\/#\/schema\/logo\/image\/"}}]}},"_links":{"self":[{"href":"https:\/\/shop.bantam.ch\/de\/wp-json\/wp\/v2\/product\/200515","targetHints":{"allow":["GET"]}}],"collection":[{"href":"https:\/\/shop.bantam.ch\/de\/wp-json\/wp\/v2\/product"}],"about":[{"href":"https:\/\/shop.bantam.ch\/de\/wp-json\/wp\/v2\/types\/product"}],"wp:featuredmedia":[{"embeddable":true,"href":"https:\/\/shop.bantam.ch\/de\/wp-json\/wp\/v2\/media\/200511"}],"wp:attachment":[{"href":"https:\/\/shop.bantam.ch\/de\/wp-json\/wp\/v2\/media?parent=200515"}],"wp:term":[{"taxonomy":"product_featured_cat","embeddable":true,"href":"https:\/\/shop.bantam.ch\/de\/wp-json\/wp\/v2\/product_featured_cat?post=200515"},{"taxonomy":"product_brand","embeddable":true,"href":"https:\/\/shop.bantam.ch\/de\/wp-json\/wp\/v2\/product_brand?post=200515"},{"taxonomy":"product_cat","embeddable":true,"href":"https:\/\/shop.bantam.ch\/de\/wp-json\/wp\/v2\/product_cat?post=200515"},{"taxonomy":"product_tag","embeddable":true,"href":"https:\/\/shop.bantam.ch\/de\/wp-json\/wp\/v2\/product_tag?post=200515"}],"curies":[{"name":"wp","href":"https:\/\/api.w.org\/{rel}","templated":true}]}}