{"id":200497,"date":"2024-05-15T17:36:24","date_gmt":"2024-05-15T15:36:24","guid":{"rendered":"https:\/\/shop.bantam.ch\/produit\/schlafsack-highpeak-tr300\/"},"modified":"2026-04-19T23:19:29","modified_gmt":"2026-04-19T21:19:29","slug":"schlafsack-highpeak-tr300","status":"publish","type":"product","link":"https:\/\/shop.bantam.ch\/de\/produkt\/schlafsack-highpeak-tr300\/","title":{"rendered":"Schlafsack HighPeak TR300"},"content":{"rendered":"<p>Der Au\u00dfenbezug ist mit dem PFC-freien BIONIC-FINISH\u00aeECO ausger\u00fcstet. Diese umweltfreundliche und nachhaltige Ausr\u00fcstung ist schmutz- und wasserabweisend. Der TR 300 ist ein hochwertiger, funktionaler 3-Jahreszeiten (Fr\u00fchjahr \/ Sommer \/ Herbst) Komfort-Mumienschlafsack mit gro\u00dfem Einsatzbereich f\u00fcr Camping, Trekkingtouren und Wandern. Die hochwertige Dura Loft\u00ae H1 Kunstfaser-Hochbausch-F\u00fcllung hat eine ausgezeichnete W\u00e4rmeleistung. Die Hohlfaser ist rei\u00dffest und zus\u00e4tzlich silikonisiert damit eine gute Komprimierbarkeit und Bauschf\u00e4higkeit gew\u00e4hrleistet ist. Der Au\u00dfenbezug ist angenehm weich und strapazierf\u00e4hig. Das Innenfutter besteht aus einem atmungsaktiven und hautfreundlichen Material. Die verstellbare Kontur-Kapuze und der W\u00e4rmekragen reduziert W\u00e4rmeverlust f\u00fcr optimale Isolation und mehr Komfort. Der durchgehende 2-Wege Rei\u00dfverschluss ist koppelbar und l\u00e4sst sich auch im Fu\u00dfbereich zur Luftzirkulation \u00f6ffnen. Die Rei\u00dfverschluss-Abdeckleiste mit Antiklemmschutz verhindert K\u00e4ltebr\u00fccken f\u00fcr optimale Isolation und das Verhaken des Rei\u00dfverschlusses. Der RV-Schieber ist mit einer ergonomischen Griffmulde versehen. An der Innenseite befindet sich eine n\u00fctzliche Innentasche mit Klettverschluss. Der Kompressionspacksack reduziert das Packvolumen auf ein Minimum. Der Schlafsack ist f\u00fcr eine K\u00f6rpergr\u00f6\u00dfe von max. 200 cm geeignet. Maschinenwaschbar bei 30\u00b0.<\/p>\n<p>Material:<br \/>\n100% Polyester&nbsp;<br \/>\n&nbsp;<\/p>\n","protected":false},"excerpt":{"rendered":"<p>Der Au\u00dfenbezug ist mit dem PFC-freien BIONIC-FINISH\u00aeECO ausger\u00fcstet. Diese umweltfreundliche und nachhaltige Ausr\u00fcstung ist schmutz- und wasserabweisend. Der TR 300 ist ein hochwertiger, funktionaler 3-Jahreszeiten (Fr\u00fchjahr \/ Sommer \/ Herbst) Komfort-Mumienschlafsack mit gro\u00dfem Einsatzbereich f\u00fcr Camping, Trekkingtouren und Wandern. Die hochwertige Dura Loft\u00ae H1 Kunstfaser-Hochbausch-F\u00fcllung hat eine ausgezeichnete W\u00e4rmeleistung. Die Hohlfaser ist rei\u00dffest und zus\u00e4tzlich [&hellip;]<\/p>\n","protected":false},"featured_media":207583,"template":"","meta":{"_acf_changed":false},"product_featured_cat":[],"product_brand":[],"product_cat":[4452],"product_tag":[],"class_list":{"0":"post-200497","1":"product","2":"type-product","3":"status-publish","4":"has-post-thumbnail","6":"product_cat-mumienschlafsaecke","8":"first","9":"instock","10":"taxable","11":"shipping-taxable","12":"purchasable","13":"product-type-simple"},"acf":[],"yoast_head":"<!-- This site is optimized with the Yoast SEO plugin v27.4 - https:\/\/yoast.com\/product\/yoast-seo-wordpress\/ -->\n<title>Schlafsack HighPeak TR300 - Bantam Camping AG<\/title>\n<meta name=\"robots\" content=\"index, follow, max-snippet:-1, max-image-preview:large, max-video-preview:-1\" \/>\n<link rel=\"canonical\" href=\"https:\/\/shop.bantam.ch\/de\/produkt\/schlafsack-highpeak-tr300\/\" \/>\n<meta property=\"og:locale\" content=\"de_DE\" \/>\n<meta property=\"og:type\" content=\"article\" \/>\n<meta property=\"og:title\" content=\"Schlafsack HighPeak TR300 - Bantam Camping AG\" \/>\n<meta property=\"og:description\" content=\"Der Au\u00dfenbezug ist mit dem PFC-freien BIONIC-FINISH\u00aeECO ausger\u00fcstet. Diese umweltfreundliche und nachhaltige Ausr\u00fcstung ist schmutz- und wasserabweisend. Der TR 300 ist ein hochwertiger, funktionaler 3-Jahreszeiten (Fr\u00fchjahr \/ Sommer \/ Herbst) Komfort-Mumienschlafsack mit gro\u00dfem Einsatzbereich f\u00fcr Camping, Trekkingtouren und Wandern. Die hochwertige Dura Loft\u00ae H1 Kunstfaser-Hochbausch-F\u00fcllung hat eine ausgezeichnete W\u00e4rmeleistung. Die Hohlfaser ist rei\u00dffest und zus\u00e4tzlich [&hellip;]\" \/>\n<meta property=\"og:url\" content=\"https:\/\/shop.bantam.ch\/de\/produkt\/schlafsack-highpeak-tr300\/\" \/>\n<meta property=\"og:site_name\" content=\"Bantam Camping AG\" \/>\n<meta property=\"article:modified_time\" content=\"2026-04-19T21:19:29+00:00\" \/>\n<meta name=\"twitter:card\" content=\"summary_large_image\" \/>\n<meta name=\"twitter:label1\" content=\"Gesch\u00e4tzte Lesezeit\" \/>\n\t<meta name=\"twitter:data1\" content=\"1\u00a0Minute\" \/>\n<script type=\"application\/ld+json\" class=\"yoast-schema-graph\">{\"@context\":\"https:\\\/\\\/schema.org\",\"@graph\":[{\"@type\":\"WebPage\",\"@id\":\"https:\\\/\\\/shop.bantam.ch\\\/de\\\/produkt\\\/schlafsack-highpeak-tr300\\\/\",\"url\":\"https:\\\/\\\/shop.bantam.ch\\\/de\\\/produkt\\\/schlafsack-highpeak-tr300\\\/\",\"name\":\"Schlafsack HighPeak TR300 - Bantam Camping AG\",\"isPartOf\":{\"@id\":\"https:\\\/\\\/shop.bantam.ch\\\/de\\\/#website\"},\"primaryImageOfPage\":{\"@id\":\"https:\\\/\\\/shop.bantam.ch\\\/de\\\/produkt\\\/schlafsack-highpeak-tr300\\\/#primaryimage\"},\"image\":{\"@id\":\"https:\\\/\\\/shop.bantam.ch\\\/de\\\/produkt\\\/schlafsack-highpeak-tr300\\\/#primaryimage\"},\"thumbnailUrl\":\"https:\\\/\\\/shop.bantam.ch\\\/wp-content\\\/uploads\\\/2024\\\/09\\\/Movera-L-9975313100.jpg\",\"datePublished\":\"2024-05-15T15:36:24+00:00\",\"dateModified\":\"2026-04-19T21:19:29+00:00\",\"breadcrumb\":{\"@id\":\"https:\\\/\\\/shop.bantam.ch\\\/de\\\/produkt\\\/schlafsack-highpeak-tr300\\\/#breadcrumb\"},\"inLanguage\":\"de\",\"potentialAction\":[{\"@type\":\"ReadAction\",\"target\":[\"https:\\\/\\\/shop.bantam.ch\\\/de\\\/produkt\\\/schlafsack-highpeak-tr300\\\/\"]}]},{\"@type\":\"ImageObject\",\"inLanguage\":\"de\",\"@id\":\"https:\\\/\\\/shop.bantam.ch\\\/de\\\/produkt\\\/schlafsack-highpeak-tr300\\\/#primaryimage\",\"url\":\"https:\\\/\\\/shop.bantam.ch\\\/wp-content\\\/uploads\\\/2024\\\/09\\\/Movera-L-9975313100.jpg\",\"contentUrl\":\"https:\\\/\\\/shop.bantam.ch\\\/wp-content\\\/uploads\\\/2024\\\/09\\\/Movera-L-9975313100.jpg\",\"width\":640,\"height\":328},{\"@type\":\"BreadcrumbList\",\"@id\":\"https:\\\/\\\/shop.bantam.ch\\\/de\\\/produkt\\\/schlafsack-highpeak-tr300\\\/#breadcrumb\",\"itemListElement\":[{\"@type\":\"ListItem\",\"position\":1,\"name\":\"Accueil\",\"item\":\"https:\\\/\\\/shop.bantam.ch\\\/de\\\/\"},{\"@type\":\"ListItem\",\"position\":2,\"name\":\"Shop\",\"item\":\"https:\\\/\\\/shop.bantam.ch\\\/de\\\/shop\\\/\"},{\"@type\":\"ListItem\",\"position\":3,\"name\":\"Schlafsack HighPeak TR300\"}]},{\"@type\":\"WebSite\",\"@id\":\"https:\\\/\\\/shop.bantam.ch\\\/de\\\/#website\",\"url\":\"https:\\\/\\\/shop.bantam.ch\\\/de\\\/\",\"name\":\"Bantam Camping AG\",\"description\":\"\",\"publisher\":{\"@id\":\"https:\\\/\\\/shop.bantam.ch\\\/de\\\/#organization\"},\"inLanguage\":\"de\"},{\"@type\":\"Organization\",\"@id\":\"https:\\\/\\\/shop.bantam.ch\\\/de\\\/#organization\",\"name\":\"Bantam Camping AG\",\"url\":\"https:\\\/\\\/shop.bantam.ch\\\/de\\\/\",\"logo\":{\"@type\":\"ImageObject\",\"inLanguage\":\"de\",\"@id\":\"https:\\\/\\\/shop.bantam.ch\\\/de\\\/#\\\/schema\\\/logo\\\/image\\\/\",\"url\":\"https:\\\/\\\/shop.bantam.ch\\\/wp-content\\\/uploads\\\/2022\\\/12\\\/bantam-logo.png\",\"contentUrl\":\"https:\\\/\\\/shop.bantam.ch\\\/wp-content\\\/uploads\\\/2022\\\/12\\\/bantam-logo.png\",\"width\":320,\"height\":71,\"caption\":\"Bantam Camping AG\"},\"image\":{\"@id\":\"https:\\\/\\\/shop.bantam.ch\\\/de\\\/#\\\/schema\\\/logo\\\/image\\\/\"}}]}<\/script>\n<!-- \/ Yoast SEO plugin. -->","yoast_head_json":{"title":"Schlafsack HighPeak TR300 - Bantam Camping AG","robots":{"index":"index","follow":"follow","max-snippet":"max-snippet:-1","max-image-preview":"max-image-preview:large","max-video-preview":"max-video-preview:-1"},"canonical":"https:\/\/shop.bantam.ch\/de\/produkt\/schlafsack-highpeak-tr300\/","og_locale":"de_DE","og_type":"article","og_title":"Schlafsack HighPeak TR300 - Bantam Camping AG","og_description":"Der Au\u00dfenbezug ist mit dem PFC-freien BIONIC-FINISH\u00aeECO ausger\u00fcstet. Diese umweltfreundliche und nachhaltige Ausr\u00fcstung ist schmutz- und wasserabweisend. Der TR 300 ist ein hochwertiger, funktionaler 3-Jahreszeiten (Fr\u00fchjahr \/ Sommer \/ Herbst) Komfort-Mumienschlafsack mit gro\u00dfem Einsatzbereich f\u00fcr Camping, Trekkingtouren und Wandern. Die hochwertige Dura Loft\u00ae H1 Kunstfaser-Hochbausch-F\u00fcllung hat eine ausgezeichnete W\u00e4rmeleistung. Die Hohlfaser ist rei\u00dffest und zus\u00e4tzlich [&hellip;]","og_url":"https:\/\/shop.bantam.ch\/de\/produkt\/schlafsack-highpeak-tr300\/","og_site_name":"Bantam Camping AG","article_modified_time":"2026-04-19T21:19:29+00:00","twitter_card":"summary_large_image","twitter_misc":{"Gesch\u00e4tzte Lesezeit":"1\u00a0Minute"},"schema":{"@context":"https:\/\/schema.org","@graph":[{"@type":"WebPage","@id":"https:\/\/shop.bantam.ch\/de\/produkt\/schlafsack-highpeak-tr300\/","url":"https:\/\/shop.bantam.ch\/de\/produkt\/schlafsack-highpeak-tr300\/","name":"Schlafsack HighPeak TR300 - Bantam Camping AG","isPartOf":{"@id":"https:\/\/shop.bantam.ch\/de\/#website"},"primaryImageOfPage":{"@id":"https:\/\/shop.bantam.ch\/de\/produkt\/schlafsack-highpeak-tr300\/#primaryimage"},"image":{"@id":"https:\/\/shop.bantam.ch\/de\/produkt\/schlafsack-highpeak-tr300\/#primaryimage"},"thumbnailUrl":"https:\/\/shop.bantam.ch\/wp-content\/uploads\/2024\/09\/Movera-L-9975313100.jpg","datePublished":"2024-05-15T15:36:24+00:00","dateModified":"2026-04-19T21:19:29+00:00","breadcrumb":{"@id":"https:\/\/shop.bantam.ch\/de\/produkt\/schlafsack-highpeak-tr300\/#breadcrumb"},"inLanguage":"de","potentialAction":[{"@type":"ReadAction","target":["https:\/\/shop.bantam.ch\/de\/produkt\/schlafsack-highpeak-tr300\/"]}]},{"@type":"ImageObject","inLanguage":"de","@id":"https:\/\/shop.bantam.ch\/de\/produkt\/schlafsack-highpeak-tr300\/#primaryimage","url":"https:\/\/shop.bantam.ch\/wp-content\/uploads\/2024\/09\/Movera-L-9975313100.jpg","contentUrl":"https:\/\/shop.bantam.ch\/wp-content\/uploads\/2024\/09\/Movera-L-9975313100.jpg","width":640,"height":328},{"@type":"BreadcrumbList","@id":"https:\/\/shop.bantam.ch\/de\/produkt\/schlafsack-highpeak-tr300\/#breadcrumb","itemListElement":[{"@type":"ListItem","position":1,"name":"Accueil","item":"https:\/\/shop.bantam.ch\/de\/"},{"@type":"ListItem","position":2,"name":"Shop","item":"https:\/\/shop.bantam.ch\/de\/shop\/"},{"@type":"ListItem","position":3,"name":"Schlafsack HighPeak TR300"}]},{"@type":"WebSite","@id":"https:\/\/shop.bantam.ch\/de\/#website","url":"https:\/\/shop.bantam.ch\/de\/","name":"Bantam Camping AG","description":"","publisher":{"@id":"https:\/\/shop.bantam.ch\/de\/#organization"},"inLanguage":"de"},{"@type":"Organization","@id":"https:\/\/shop.bantam.ch\/de\/#organization","name":"Bantam Camping AG","url":"https:\/\/shop.bantam.ch\/de\/","logo":{"@type":"ImageObject","inLanguage":"de","@id":"https:\/\/shop.bantam.ch\/de\/#\/schema\/logo\/image\/","url":"https:\/\/shop.bantam.ch\/wp-content\/uploads\/2022\/12\/bantam-logo.png","contentUrl":"https:\/\/shop.bantam.ch\/wp-content\/uploads\/2022\/12\/bantam-logo.png","width":320,"height":71,"caption":"Bantam Camping AG"},"image":{"@id":"https:\/\/shop.bantam.ch\/de\/#\/schema\/logo\/image\/"}}]}},"_links":{"self":[{"href":"https:\/\/shop.bantam.ch\/de\/wp-json\/wp\/v2\/product\/200497","targetHints":{"allow":["GET"]}}],"collection":[{"href":"https:\/\/shop.bantam.ch\/de\/wp-json\/wp\/v2\/product"}],"about":[{"href":"https:\/\/shop.bantam.ch\/de\/wp-json\/wp\/v2\/types\/product"}],"wp:featuredmedia":[{"embeddable":true,"href":"https:\/\/shop.bantam.ch\/de\/wp-json\/wp\/v2\/media\/207583"}],"wp:attachment":[{"href":"https:\/\/shop.bantam.ch\/de\/wp-json\/wp\/v2\/media?parent=200497"}],"wp:term":[{"taxonomy":"product_featured_cat","embeddable":true,"href":"https:\/\/shop.bantam.ch\/de\/wp-json\/wp\/v2\/product_featured_cat?post=200497"},{"taxonomy":"product_brand","embeddable":true,"href":"https:\/\/shop.bantam.ch\/de\/wp-json\/wp\/v2\/product_brand?post=200497"},{"taxonomy":"product_cat","embeddable":true,"href":"https:\/\/shop.bantam.ch\/de\/wp-json\/wp\/v2\/product_cat?post=200497"},{"taxonomy":"product_tag","embeddable":true,"href":"https:\/\/shop.bantam.ch\/de\/wp-json\/wp\/v2\/product_tag?post=200497"}],"curies":[{"name":"wp","href":"https:\/\/api.w.org\/{rel}","templated":true}]}}