{"id":200485,"date":"2024-05-15T17:36:16","date_gmt":"2024-05-15T15:36:16","guid":{"rendered":"https:\/\/shop.bantam.ch\/produit\/schlafsack-highpeak-easy-travel\/"},"modified":"2026-04-19T23:19:29","modified_gmt":"2026-04-19T21:19:29","slug":"schlafsack-highpeak-easy-travel","status":"publish","type":"product","link":"https:\/\/shop.bantam.ch\/de\/produkt\/schlafsack-highpeak-easy-travel\/","title":{"rendered":"Schlafsack HighPeak Easy Travel"},"content":{"rendered":"<p>Der Au\u00dfenbezug ist mit dem PFC-freien BIONIC-FINISH\u00aeECO ausger\u00fcstet. Diese umweltfreundliche und nachhaltige Ausr\u00fcstung ist schmutz- und wasserabweisend. Der Easy Travel ist ein 2-Jahreszeiten (Fr\u00fchjahr\/Sommer) Komfort-Deckenschlafsack mit Kapuze und viel Bewegungsfreiheit. Er ist bestens geeignet f\u00fcr Camping, Festivals und f\u00fcr den Besuch bei Freunden. Die hochwertige Dura Loft\u00ae H1 Kunstfaser-Hochbausch-F\u00fcllung hat eine ausgezeichnete W\u00e4rmeleistung. Die Hohlfaser ist rei\u00dffest und zus\u00e4tzlich silikonisiert damit eine gute Komprimierbarkeit und Bauschf\u00e4higkeit gew\u00e4hrleistet ist. Der Au\u00dfenbezug ist angenehm weich und strapazierf\u00e4hig. Das Innenfutter besteht aus einem atmungsaktiven und hautfreundlichen Material. Die verstellbare Kapuze reduziert den W\u00e4rmeverlust und bietet mehr Komfort. Der Schlafsack kann durch den 2-Wege-Umlauf Rei\u00dfverschluss auch am Fu\u00dfende zur Luftzirkulation ge\u00f6ffnet werden oder auch als Decke komplett ge\u00f6ffnet werden. Die Rei\u00dfverschluss-Abdeckleiste verhindert K\u00e4ltebr\u00fccken f\u00fcr optimale Isolation. Der RV-Schieber ist mit einer ergonomischen Griffmulde versehen. An der Innenseite befindet sich eine n\u00fctzliche Innentasche mit Klettverschluss. Der Schlafsack ist f\u00fcr eine K\u00f6rpergr\u00f6\u00dfe von max. 190 cm geeignet . Maschinenwaschbar bei 30\u00b0.<\/p>\n<p>Material:<br \/>\n100% Polyester&nbsp;<br \/>\n&nbsp;<\/p>\n","protected":false},"excerpt":{"rendered":"<p>Der Au\u00dfenbezug ist mit dem PFC-freien BIONIC-FINISH\u00aeECO ausger\u00fcstet. Diese umweltfreundliche und nachhaltige Ausr\u00fcstung ist schmutz- und wasserabweisend. Der Easy Travel ist ein 2-Jahreszeiten (Fr\u00fchjahr\/Sommer) Komfort-Deckenschlafsack mit Kapuze und viel Bewegungsfreiheit. Er ist bestens geeignet f\u00fcr Camping, Festivals und f\u00fcr den Besuch bei Freunden. Die hochwertige Dura Loft\u00ae H1 Kunstfaser-Hochbausch-F\u00fcllung hat eine ausgezeichnete W\u00e4rmeleistung. Die Hohlfaser [&hellip;]<\/p>\n","protected":false},"featured_media":207581,"template":"","meta":{"_acf_changed":false},"product_featured_cat":[],"product_brand":[],"product_cat":[4452],"product_tag":[],"class_list":{"0":"post-200485","1":"product","2":"type-product","3":"status-publish","4":"has-post-thumbnail","6":"product_cat-mumienschlafsaecke","8":"first","9":"instock","10":"taxable","11":"shipping-taxable","12":"purchasable","13":"product-type-simple"},"acf":[],"yoast_head":"<!-- This site is optimized with the Yoast SEO plugin v27.4 - https:\/\/yoast.com\/product\/yoast-seo-wordpress\/ -->\n<title>Schlafsack HighPeak Easy Travel - Bantam Camping AG<\/title>\n<meta name=\"robots\" content=\"index, follow, max-snippet:-1, max-image-preview:large, max-video-preview:-1\" \/>\n<link rel=\"canonical\" href=\"https:\/\/shop.bantam.ch\/de\/produkt\/schlafsack-highpeak-easy-travel\/\" \/>\n<meta property=\"og:locale\" content=\"de_DE\" \/>\n<meta property=\"og:type\" content=\"article\" \/>\n<meta property=\"og:title\" content=\"Schlafsack HighPeak Easy Travel - Bantam Camping AG\" \/>\n<meta property=\"og:description\" content=\"Der Au\u00dfenbezug ist mit dem PFC-freien BIONIC-FINISH\u00aeECO ausger\u00fcstet. Diese umweltfreundliche und nachhaltige Ausr\u00fcstung ist schmutz- und wasserabweisend. Der Easy Travel ist ein 2-Jahreszeiten (Fr\u00fchjahr\/Sommer) Komfort-Deckenschlafsack mit Kapuze und viel Bewegungsfreiheit. Er ist bestens geeignet f\u00fcr Camping, Festivals und f\u00fcr den Besuch bei Freunden. Die hochwertige Dura Loft\u00ae H1 Kunstfaser-Hochbausch-F\u00fcllung hat eine ausgezeichnete W\u00e4rmeleistung. Die Hohlfaser [&hellip;]\" \/>\n<meta property=\"og:url\" content=\"https:\/\/shop.bantam.ch\/de\/produkt\/schlafsack-highpeak-easy-travel\/\" \/>\n<meta property=\"og:site_name\" content=\"Bantam Camping AG\" \/>\n<meta property=\"article:modified_time\" content=\"2026-04-19T21:19:29+00:00\" \/>\n<meta name=\"twitter:card\" content=\"summary_large_image\" \/>\n<meta name=\"twitter:label1\" content=\"Gesch\u00e4tzte Lesezeit\" \/>\n\t<meta name=\"twitter:data1\" content=\"1\u00a0Minute\" \/>\n<script type=\"application\/ld+json\" class=\"yoast-schema-graph\">{\"@context\":\"https:\\\/\\\/schema.org\",\"@graph\":[{\"@type\":\"WebPage\",\"@id\":\"https:\\\/\\\/shop.bantam.ch\\\/de\\\/produkt\\\/schlafsack-highpeak-easy-travel\\\/\",\"url\":\"https:\\\/\\\/shop.bantam.ch\\\/de\\\/produkt\\\/schlafsack-highpeak-easy-travel\\\/\",\"name\":\"Schlafsack HighPeak Easy Travel - Bantam Camping AG\",\"isPartOf\":{\"@id\":\"https:\\\/\\\/shop.bantam.ch\\\/de\\\/#website\"},\"primaryImageOfPage\":{\"@id\":\"https:\\\/\\\/shop.bantam.ch\\\/de\\\/produkt\\\/schlafsack-highpeak-easy-travel\\\/#primaryimage\"},\"image\":{\"@id\":\"https:\\\/\\\/shop.bantam.ch\\\/de\\\/produkt\\\/schlafsack-highpeak-easy-travel\\\/#primaryimage\"},\"thumbnailUrl\":\"https:\\\/\\\/shop.bantam.ch\\\/wp-content\\\/uploads\\\/2024\\\/09\\\/Movera-L-9975311100.jpg\",\"datePublished\":\"2024-05-15T15:36:16+00:00\",\"dateModified\":\"2026-04-19T21:19:29+00:00\",\"breadcrumb\":{\"@id\":\"https:\\\/\\\/shop.bantam.ch\\\/de\\\/produkt\\\/schlafsack-highpeak-easy-travel\\\/#breadcrumb\"},\"inLanguage\":\"de\",\"potentialAction\":[{\"@type\":\"ReadAction\",\"target\":[\"https:\\\/\\\/shop.bantam.ch\\\/de\\\/produkt\\\/schlafsack-highpeak-easy-travel\\\/\"]}]},{\"@type\":\"ImageObject\",\"inLanguage\":\"de\",\"@id\":\"https:\\\/\\\/shop.bantam.ch\\\/de\\\/produkt\\\/schlafsack-highpeak-easy-travel\\\/#primaryimage\",\"url\":\"https:\\\/\\\/shop.bantam.ch\\\/wp-content\\\/uploads\\\/2024\\\/09\\\/Movera-L-9975311100.jpg\",\"contentUrl\":\"https:\\\/\\\/shop.bantam.ch\\\/wp-content\\\/uploads\\\/2024\\\/09\\\/Movera-L-9975311100.jpg\",\"width\":640,\"height\":328},{\"@type\":\"BreadcrumbList\",\"@id\":\"https:\\\/\\\/shop.bantam.ch\\\/de\\\/produkt\\\/schlafsack-highpeak-easy-travel\\\/#breadcrumb\",\"itemListElement\":[{\"@type\":\"ListItem\",\"position\":1,\"name\":\"Accueil\",\"item\":\"https:\\\/\\\/shop.bantam.ch\\\/de\\\/\"},{\"@type\":\"ListItem\",\"position\":2,\"name\":\"Shop\",\"item\":\"https:\\\/\\\/shop.bantam.ch\\\/de\\\/shop\\\/\"},{\"@type\":\"ListItem\",\"position\":3,\"name\":\"Schlafsack HighPeak Easy Travel\"}]},{\"@type\":\"WebSite\",\"@id\":\"https:\\\/\\\/shop.bantam.ch\\\/de\\\/#website\",\"url\":\"https:\\\/\\\/shop.bantam.ch\\\/de\\\/\",\"name\":\"Bantam Camping AG\",\"description\":\"\",\"publisher\":{\"@id\":\"https:\\\/\\\/shop.bantam.ch\\\/de\\\/#organization\"},\"inLanguage\":\"de\"},{\"@type\":\"Organization\",\"@id\":\"https:\\\/\\\/shop.bantam.ch\\\/de\\\/#organization\",\"name\":\"Bantam Camping AG\",\"url\":\"https:\\\/\\\/shop.bantam.ch\\\/de\\\/\",\"logo\":{\"@type\":\"ImageObject\",\"inLanguage\":\"de\",\"@id\":\"https:\\\/\\\/shop.bantam.ch\\\/de\\\/#\\\/schema\\\/logo\\\/image\\\/\",\"url\":\"https:\\\/\\\/shop.bantam.ch\\\/wp-content\\\/uploads\\\/2022\\\/12\\\/bantam-logo.png\",\"contentUrl\":\"https:\\\/\\\/shop.bantam.ch\\\/wp-content\\\/uploads\\\/2022\\\/12\\\/bantam-logo.png\",\"width\":320,\"height\":71,\"caption\":\"Bantam Camping AG\"},\"image\":{\"@id\":\"https:\\\/\\\/shop.bantam.ch\\\/de\\\/#\\\/schema\\\/logo\\\/image\\\/\"}}]}<\/script>\n<!-- \/ Yoast SEO plugin. -->","yoast_head_json":{"title":"Schlafsack HighPeak Easy Travel - Bantam Camping AG","robots":{"index":"index","follow":"follow","max-snippet":"max-snippet:-1","max-image-preview":"max-image-preview:large","max-video-preview":"max-video-preview:-1"},"canonical":"https:\/\/shop.bantam.ch\/de\/produkt\/schlafsack-highpeak-easy-travel\/","og_locale":"de_DE","og_type":"article","og_title":"Schlafsack HighPeak Easy Travel - Bantam Camping AG","og_description":"Der Au\u00dfenbezug ist mit dem PFC-freien BIONIC-FINISH\u00aeECO ausger\u00fcstet. Diese umweltfreundliche und nachhaltige Ausr\u00fcstung ist schmutz- und wasserabweisend. Der Easy Travel ist ein 2-Jahreszeiten (Fr\u00fchjahr\/Sommer) Komfort-Deckenschlafsack mit Kapuze und viel Bewegungsfreiheit. Er ist bestens geeignet f\u00fcr Camping, Festivals und f\u00fcr den Besuch bei Freunden. Die hochwertige Dura Loft\u00ae H1 Kunstfaser-Hochbausch-F\u00fcllung hat eine ausgezeichnete W\u00e4rmeleistung. Die Hohlfaser [&hellip;]","og_url":"https:\/\/shop.bantam.ch\/de\/produkt\/schlafsack-highpeak-easy-travel\/","og_site_name":"Bantam Camping AG","article_modified_time":"2026-04-19T21:19:29+00:00","twitter_card":"summary_large_image","twitter_misc":{"Gesch\u00e4tzte Lesezeit":"1\u00a0Minute"},"schema":{"@context":"https:\/\/schema.org","@graph":[{"@type":"WebPage","@id":"https:\/\/shop.bantam.ch\/de\/produkt\/schlafsack-highpeak-easy-travel\/","url":"https:\/\/shop.bantam.ch\/de\/produkt\/schlafsack-highpeak-easy-travel\/","name":"Schlafsack HighPeak Easy Travel - Bantam Camping AG","isPartOf":{"@id":"https:\/\/shop.bantam.ch\/de\/#website"},"primaryImageOfPage":{"@id":"https:\/\/shop.bantam.ch\/de\/produkt\/schlafsack-highpeak-easy-travel\/#primaryimage"},"image":{"@id":"https:\/\/shop.bantam.ch\/de\/produkt\/schlafsack-highpeak-easy-travel\/#primaryimage"},"thumbnailUrl":"https:\/\/shop.bantam.ch\/wp-content\/uploads\/2024\/09\/Movera-L-9975311100.jpg","datePublished":"2024-05-15T15:36:16+00:00","dateModified":"2026-04-19T21:19:29+00:00","breadcrumb":{"@id":"https:\/\/shop.bantam.ch\/de\/produkt\/schlafsack-highpeak-easy-travel\/#breadcrumb"},"inLanguage":"de","potentialAction":[{"@type":"ReadAction","target":["https:\/\/shop.bantam.ch\/de\/produkt\/schlafsack-highpeak-easy-travel\/"]}]},{"@type":"ImageObject","inLanguage":"de","@id":"https:\/\/shop.bantam.ch\/de\/produkt\/schlafsack-highpeak-easy-travel\/#primaryimage","url":"https:\/\/shop.bantam.ch\/wp-content\/uploads\/2024\/09\/Movera-L-9975311100.jpg","contentUrl":"https:\/\/shop.bantam.ch\/wp-content\/uploads\/2024\/09\/Movera-L-9975311100.jpg","width":640,"height":328},{"@type":"BreadcrumbList","@id":"https:\/\/shop.bantam.ch\/de\/produkt\/schlafsack-highpeak-easy-travel\/#breadcrumb","itemListElement":[{"@type":"ListItem","position":1,"name":"Accueil","item":"https:\/\/shop.bantam.ch\/de\/"},{"@type":"ListItem","position":2,"name":"Shop","item":"https:\/\/shop.bantam.ch\/de\/shop\/"},{"@type":"ListItem","position":3,"name":"Schlafsack HighPeak Easy Travel"}]},{"@type":"WebSite","@id":"https:\/\/shop.bantam.ch\/de\/#website","url":"https:\/\/shop.bantam.ch\/de\/","name":"Bantam Camping AG","description":"","publisher":{"@id":"https:\/\/shop.bantam.ch\/de\/#organization"},"inLanguage":"de"},{"@type":"Organization","@id":"https:\/\/shop.bantam.ch\/de\/#organization","name":"Bantam Camping AG","url":"https:\/\/shop.bantam.ch\/de\/","logo":{"@type":"ImageObject","inLanguage":"de","@id":"https:\/\/shop.bantam.ch\/de\/#\/schema\/logo\/image\/","url":"https:\/\/shop.bantam.ch\/wp-content\/uploads\/2022\/12\/bantam-logo.png","contentUrl":"https:\/\/shop.bantam.ch\/wp-content\/uploads\/2022\/12\/bantam-logo.png","width":320,"height":71,"caption":"Bantam Camping AG"},"image":{"@id":"https:\/\/shop.bantam.ch\/de\/#\/schema\/logo\/image\/"}}]}},"_links":{"self":[{"href":"https:\/\/shop.bantam.ch\/de\/wp-json\/wp\/v2\/product\/200485","targetHints":{"allow":["GET"]}}],"collection":[{"href":"https:\/\/shop.bantam.ch\/de\/wp-json\/wp\/v2\/product"}],"about":[{"href":"https:\/\/shop.bantam.ch\/de\/wp-json\/wp\/v2\/types\/product"}],"wp:featuredmedia":[{"embeddable":true,"href":"https:\/\/shop.bantam.ch\/de\/wp-json\/wp\/v2\/media\/207581"}],"wp:attachment":[{"href":"https:\/\/shop.bantam.ch\/de\/wp-json\/wp\/v2\/media?parent=200485"}],"wp:term":[{"taxonomy":"product_featured_cat","embeddable":true,"href":"https:\/\/shop.bantam.ch\/de\/wp-json\/wp\/v2\/product_featured_cat?post=200485"},{"taxonomy":"product_brand","embeddable":true,"href":"https:\/\/shop.bantam.ch\/de\/wp-json\/wp\/v2\/product_brand?post=200485"},{"taxonomy":"product_cat","embeddable":true,"href":"https:\/\/shop.bantam.ch\/de\/wp-json\/wp\/v2\/product_cat?post=200485"},{"taxonomy":"product_tag","embeddable":true,"href":"https:\/\/shop.bantam.ch\/de\/wp-json\/wp\/v2\/product_tag?post=200485"}],"curies":[{"name":"wp","href":"https:\/\/api.w.org\/{rel}","templated":true}]}}