{"id":200473,"date":"2024-05-15T17:36:08","date_gmt":"2024-05-15T15:36:08","guid":{"rendered":"https:\/\/shop.bantam.ch\/produit\/schlafsack-highpeak-ceduna\/"},"modified":"2026-04-18T23:16:41","modified_gmt":"2026-04-18T21:16:41","slug":"schlafsack-highpeak-ceduna","status":"publish","type":"product","link":"https:\/\/shop.bantam.ch\/de\/produkt\/schlafsack-highpeak-ceduna\/","title":{"rendered":"Schlafsack HighPeak Ceduna"},"content":{"rendered":"<p>Der Au\u00dfenbezug ist mit dem PFC-freien BIONIC-FINISH\u00aeECO ausger\u00fcstet. Diese umweltfreundliche und nachhaltige Ausr\u00fcstung ist schmutz- und wasserabweisend. Der Ceduna ist ein Komfort-Deckenschlafsack mit viel Bewegungsfreiheit. Er ist bestens geeignet f\u00fcr Camping, Festivals und f\u00fcr den Besuch bei Freunden. Die hochwertige Dura Loft\u00ae H1 Kunstfaser-Hochbausch-F\u00fcllung hat eine ausgezeichnete W\u00e4rmeleistung. Die Hohlfaser ist rei\u00dffest und zus\u00e4tzlich silikonisiert damit eine gute Komprimierbarkeit und Bauschf\u00e4higkeit gew\u00e4hrleistet ist. Der Au\u00dfenbezug ist angenehm weich und strapazierf\u00e4hig. Das Innenfutter besteht aus einem atmungsaktiven und hautfreundlichen Material.<br \/>\nDurch den 2-Wege Rei\u00dfverschluss l\u00e4sst sich der Schlafsack auch am Fu\u00dfende zur Luftzirkulation \u00f6ffnen oder, rundherum ge\u00f6ffnet, als eine 200 x 160 cm gro\u00dfe Decke verwenden. Man kann auch 2 Schlafs\u00e4cke miteinander koppeln und in einen gem\u00fctlichen Doppelschlafsack verwandeln. Der RV-Schieber ist mit einer ergonomischen Griffmulde versehen. An der Innenseite befindet sich eine n\u00fctzliche Innentasche mit Klettverschluss.&nbsp;<br \/>\nDer Schlafsack ist f\u00fcr eine K\u00f6rpergr\u00f6\u00dfe von max. 190 cm geeignet . Maschinenwaschbar bei 30\u00b0.<\/p>\n<p>Material:<br \/>\n100% Polyester&nbsp;<br \/>\n&nbsp;<\/p>\n","protected":false},"excerpt":{"rendered":"<p>Der Au\u00dfenbezug ist mit dem PFC-freien BIONIC-FINISH\u00aeECO ausger\u00fcstet. Diese umweltfreundliche und nachhaltige Ausr\u00fcstung ist schmutz- und wasserabweisend. Der Ceduna ist ein Komfort-Deckenschlafsack mit viel Bewegungsfreiheit. Er ist bestens geeignet f\u00fcr Camping, Festivals und f\u00fcr den Besuch bei Freunden. Die hochwertige Dura Loft\u00ae H1 Kunstfaser-Hochbausch-F\u00fcllung hat eine ausgezeichnete W\u00e4rmeleistung. Die Hohlfaser ist rei\u00dffest und zus\u00e4tzlich silikonisiert [&hellip;]<\/p>\n","protected":false},"featured_media":207579,"template":"","meta":{"_acf_changed":false},"product_featured_cat":[],"product_brand":[],"product_cat":[4454],"product_tag":[],"class_list":{"0":"post-200473","1":"product","2":"type-product","3":"status-publish","4":"has-post-thumbnail","6":"product_cat-deckenschlafsaecke","8":"first","9":"instock","10":"taxable","11":"shipping-taxable","12":"purchasable","13":"product-type-simple"},"acf":[],"yoast_head":"<!-- This site is optimized with the Yoast SEO plugin v27.4 - https:\/\/yoast.com\/product\/yoast-seo-wordpress\/ -->\n<title>Schlafsack HighPeak Ceduna - Bantam Camping AG<\/title>\n<meta name=\"robots\" content=\"index, follow, max-snippet:-1, max-image-preview:large, max-video-preview:-1\" \/>\n<link rel=\"canonical\" href=\"https:\/\/shop.bantam.ch\/de\/produkt\/schlafsack-highpeak-ceduna\/\" \/>\n<meta property=\"og:locale\" content=\"de_DE\" \/>\n<meta property=\"og:type\" content=\"article\" \/>\n<meta property=\"og:title\" content=\"Schlafsack HighPeak Ceduna - Bantam Camping AG\" \/>\n<meta property=\"og:description\" content=\"Der Au\u00dfenbezug ist mit dem PFC-freien BIONIC-FINISH\u00aeECO ausger\u00fcstet. Diese umweltfreundliche und nachhaltige Ausr\u00fcstung ist schmutz- und wasserabweisend. Der Ceduna ist ein Komfort-Deckenschlafsack mit viel Bewegungsfreiheit. Er ist bestens geeignet f\u00fcr Camping, Festivals und f\u00fcr den Besuch bei Freunden. Die hochwertige Dura Loft\u00ae H1 Kunstfaser-Hochbausch-F\u00fcllung hat eine ausgezeichnete W\u00e4rmeleistung. Die Hohlfaser ist rei\u00dffest und zus\u00e4tzlich silikonisiert [&hellip;]\" \/>\n<meta property=\"og:url\" content=\"https:\/\/shop.bantam.ch\/de\/produkt\/schlafsack-highpeak-ceduna\/\" \/>\n<meta property=\"og:site_name\" content=\"Bantam Camping AG\" \/>\n<meta property=\"article:modified_time\" content=\"2026-04-18T21:16:41+00:00\" \/>\n<meta name=\"twitter:card\" content=\"summary_large_image\" \/>\n<meta name=\"twitter:label1\" content=\"Gesch\u00e4tzte Lesezeit\" \/>\n\t<meta name=\"twitter:data1\" content=\"1\u00a0Minute\" \/>\n<script type=\"application\/ld+json\" class=\"yoast-schema-graph\">{\"@context\":\"https:\\\/\\\/schema.org\",\"@graph\":[{\"@type\":\"WebPage\",\"@id\":\"https:\\\/\\\/shop.bantam.ch\\\/de\\\/produkt\\\/schlafsack-highpeak-ceduna\\\/\",\"url\":\"https:\\\/\\\/shop.bantam.ch\\\/de\\\/produkt\\\/schlafsack-highpeak-ceduna\\\/\",\"name\":\"Schlafsack HighPeak Ceduna - Bantam Camping AG\",\"isPartOf\":{\"@id\":\"https:\\\/\\\/shop.bantam.ch\\\/de\\\/#website\"},\"primaryImageOfPage\":{\"@id\":\"https:\\\/\\\/shop.bantam.ch\\\/de\\\/produkt\\\/schlafsack-highpeak-ceduna\\\/#primaryimage\"},\"image\":{\"@id\":\"https:\\\/\\\/shop.bantam.ch\\\/de\\\/produkt\\\/schlafsack-highpeak-ceduna\\\/#primaryimage\"},\"thumbnailUrl\":\"https:\\\/\\\/shop.bantam.ch\\\/wp-content\\\/uploads\\\/2024\\\/09\\\/Movera-L-9975310100.jpg\",\"datePublished\":\"2024-05-15T15:36:08+00:00\",\"dateModified\":\"2026-04-18T21:16:41+00:00\",\"breadcrumb\":{\"@id\":\"https:\\\/\\\/shop.bantam.ch\\\/de\\\/produkt\\\/schlafsack-highpeak-ceduna\\\/#breadcrumb\"},\"inLanguage\":\"de\",\"potentialAction\":[{\"@type\":\"ReadAction\",\"target\":[\"https:\\\/\\\/shop.bantam.ch\\\/de\\\/produkt\\\/schlafsack-highpeak-ceduna\\\/\"]}]},{\"@type\":\"ImageObject\",\"inLanguage\":\"de\",\"@id\":\"https:\\\/\\\/shop.bantam.ch\\\/de\\\/produkt\\\/schlafsack-highpeak-ceduna\\\/#primaryimage\",\"url\":\"https:\\\/\\\/shop.bantam.ch\\\/wp-content\\\/uploads\\\/2024\\\/09\\\/Movera-L-9975310100.jpg\",\"contentUrl\":\"https:\\\/\\\/shop.bantam.ch\\\/wp-content\\\/uploads\\\/2024\\\/09\\\/Movera-L-9975310100.jpg\",\"width\":640,\"height\":328},{\"@type\":\"BreadcrumbList\",\"@id\":\"https:\\\/\\\/shop.bantam.ch\\\/de\\\/produkt\\\/schlafsack-highpeak-ceduna\\\/#breadcrumb\",\"itemListElement\":[{\"@type\":\"ListItem\",\"position\":1,\"name\":\"Accueil\",\"item\":\"https:\\\/\\\/shop.bantam.ch\\\/de\\\/\"},{\"@type\":\"ListItem\",\"position\":2,\"name\":\"Shop\",\"item\":\"https:\\\/\\\/shop.bantam.ch\\\/de\\\/shop\\\/\"},{\"@type\":\"ListItem\",\"position\":3,\"name\":\"Schlafsack HighPeak Ceduna\"}]},{\"@type\":\"WebSite\",\"@id\":\"https:\\\/\\\/shop.bantam.ch\\\/de\\\/#website\",\"url\":\"https:\\\/\\\/shop.bantam.ch\\\/de\\\/\",\"name\":\"Bantam Camping AG\",\"description\":\"\",\"publisher\":{\"@id\":\"https:\\\/\\\/shop.bantam.ch\\\/de\\\/#organization\"},\"inLanguage\":\"de\"},{\"@type\":\"Organization\",\"@id\":\"https:\\\/\\\/shop.bantam.ch\\\/de\\\/#organization\",\"name\":\"Bantam Camping AG\",\"url\":\"https:\\\/\\\/shop.bantam.ch\\\/de\\\/\",\"logo\":{\"@type\":\"ImageObject\",\"inLanguage\":\"de\",\"@id\":\"https:\\\/\\\/shop.bantam.ch\\\/de\\\/#\\\/schema\\\/logo\\\/image\\\/\",\"url\":\"https:\\\/\\\/shop.bantam.ch\\\/wp-content\\\/uploads\\\/2022\\\/12\\\/bantam-logo.png\",\"contentUrl\":\"https:\\\/\\\/shop.bantam.ch\\\/wp-content\\\/uploads\\\/2022\\\/12\\\/bantam-logo.png\",\"width\":320,\"height\":71,\"caption\":\"Bantam Camping AG\"},\"image\":{\"@id\":\"https:\\\/\\\/shop.bantam.ch\\\/de\\\/#\\\/schema\\\/logo\\\/image\\\/\"}}]}<\/script>\n<!-- \/ Yoast SEO plugin. -->","yoast_head_json":{"title":"Schlafsack HighPeak Ceduna - Bantam Camping AG","robots":{"index":"index","follow":"follow","max-snippet":"max-snippet:-1","max-image-preview":"max-image-preview:large","max-video-preview":"max-video-preview:-1"},"canonical":"https:\/\/shop.bantam.ch\/de\/produkt\/schlafsack-highpeak-ceduna\/","og_locale":"de_DE","og_type":"article","og_title":"Schlafsack HighPeak Ceduna - Bantam Camping AG","og_description":"Der Au\u00dfenbezug ist mit dem PFC-freien BIONIC-FINISH\u00aeECO ausger\u00fcstet. Diese umweltfreundliche und nachhaltige Ausr\u00fcstung ist schmutz- und wasserabweisend. Der Ceduna ist ein Komfort-Deckenschlafsack mit viel Bewegungsfreiheit. Er ist bestens geeignet f\u00fcr Camping, Festivals und f\u00fcr den Besuch bei Freunden. Die hochwertige Dura Loft\u00ae H1 Kunstfaser-Hochbausch-F\u00fcllung hat eine ausgezeichnete W\u00e4rmeleistung. Die Hohlfaser ist rei\u00dffest und zus\u00e4tzlich silikonisiert [&hellip;]","og_url":"https:\/\/shop.bantam.ch\/de\/produkt\/schlafsack-highpeak-ceduna\/","og_site_name":"Bantam Camping AG","article_modified_time":"2026-04-18T21:16:41+00:00","twitter_card":"summary_large_image","twitter_misc":{"Gesch\u00e4tzte Lesezeit":"1\u00a0Minute"},"schema":{"@context":"https:\/\/schema.org","@graph":[{"@type":"WebPage","@id":"https:\/\/shop.bantam.ch\/de\/produkt\/schlafsack-highpeak-ceduna\/","url":"https:\/\/shop.bantam.ch\/de\/produkt\/schlafsack-highpeak-ceduna\/","name":"Schlafsack HighPeak Ceduna - Bantam Camping AG","isPartOf":{"@id":"https:\/\/shop.bantam.ch\/de\/#website"},"primaryImageOfPage":{"@id":"https:\/\/shop.bantam.ch\/de\/produkt\/schlafsack-highpeak-ceduna\/#primaryimage"},"image":{"@id":"https:\/\/shop.bantam.ch\/de\/produkt\/schlafsack-highpeak-ceduna\/#primaryimage"},"thumbnailUrl":"https:\/\/shop.bantam.ch\/wp-content\/uploads\/2024\/09\/Movera-L-9975310100.jpg","datePublished":"2024-05-15T15:36:08+00:00","dateModified":"2026-04-18T21:16:41+00:00","breadcrumb":{"@id":"https:\/\/shop.bantam.ch\/de\/produkt\/schlafsack-highpeak-ceduna\/#breadcrumb"},"inLanguage":"de","potentialAction":[{"@type":"ReadAction","target":["https:\/\/shop.bantam.ch\/de\/produkt\/schlafsack-highpeak-ceduna\/"]}]},{"@type":"ImageObject","inLanguage":"de","@id":"https:\/\/shop.bantam.ch\/de\/produkt\/schlafsack-highpeak-ceduna\/#primaryimage","url":"https:\/\/shop.bantam.ch\/wp-content\/uploads\/2024\/09\/Movera-L-9975310100.jpg","contentUrl":"https:\/\/shop.bantam.ch\/wp-content\/uploads\/2024\/09\/Movera-L-9975310100.jpg","width":640,"height":328},{"@type":"BreadcrumbList","@id":"https:\/\/shop.bantam.ch\/de\/produkt\/schlafsack-highpeak-ceduna\/#breadcrumb","itemListElement":[{"@type":"ListItem","position":1,"name":"Accueil","item":"https:\/\/shop.bantam.ch\/de\/"},{"@type":"ListItem","position":2,"name":"Shop","item":"https:\/\/shop.bantam.ch\/de\/shop\/"},{"@type":"ListItem","position":3,"name":"Schlafsack HighPeak Ceduna"}]},{"@type":"WebSite","@id":"https:\/\/shop.bantam.ch\/de\/#website","url":"https:\/\/shop.bantam.ch\/de\/","name":"Bantam Camping AG","description":"","publisher":{"@id":"https:\/\/shop.bantam.ch\/de\/#organization"},"inLanguage":"de"},{"@type":"Organization","@id":"https:\/\/shop.bantam.ch\/de\/#organization","name":"Bantam Camping AG","url":"https:\/\/shop.bantam.ch\/de\/","logo":{"@type":"ImageObject","inLanguage":"de","@id":"https:\/\/shop.bantam.ch\/de\/#\/schema\/logo\/image\/","url":"https:\/\/shop.bantam.ch\/wp-content\/uploads\/2022\/12\/bantam-logo.png","contentUrl":"https:\/\/shop.bantam.ch\/wp-content\/uploads\/2022\/12\/bantam-logo.png","width":320,"height":71,"caption":"Bantam Camping AG"},"image":{"@id":"https:\/\/shop.bantam.ch\/de\/#\/schema\/logo\/image\/"}}]}},"_links":{"self":[{"href":"https:\/\/shop.bantam.ch\/de\/wp-json\/wp\/v2\/product\/200473","targetHints":{"allow":["GET"]}}],"collection":[{"href":"https:\/\/shop.bantam.ch\/de\/wp-json\/wp\/v2\/product"}],"about":[{"href":"https:\/\/shop.bantam.ch\/de\/wp-json\/wp\/v2\/types\/product"}],"wp:featuredmedia":[{"embeddable":true,"href":"https:\/\/shop.bantam.ch\/de\/wp-json\/wp\/v2\/media\/207579"}],"wp:attachment":[{"href":"https:\/\/shop.bantam.ch\/de\/wp-json\/wp\/v2\/media?parent=200473"}],"wp:term":[{"taxonomy":"product_featured_cat","embeddable":true,"href":"https:\/\/shop.bantam.ch\/de\/wp-json\/wp\/v2\/product_featured_cat?post=200473"},{"taxonomy":"product_brand","embeddable":true,"href":"https:\/\/shop.bantam.ch\/de\/wp-json\/wp\/v2\/product_brand?post=200473"},{"taxonomy":"product_cat","embeddable":true,"href":"https:\/\/shop.bantam.ch\/de\/wp-json\/wp\/v2\/product_cat?post=200473"},{"taxonomy":"product_tag","embeddable":true,"href":"https:\/\/shop.bantam.ch\/de\/wp-json\/wp\/v2\/product_tag?post=200473"}],"curies":[{"name":"wp","href":"https:\/\/api.w.org\/{rel}","templated":true}]}}