{"id":200461,"date":"2024-05-15T17:35:59","date_gmt":"2024-05-15T15:35:59","guid":{"rendered":"https:\/\/shop.bantam.ch\/produit\/schlafsack-highpeak-conon-7\/"},"modified":"2026-04-18T23:16:40","modified_gmt":"2026-04-18T21:16:40","slug":"schlafsack-highpeak-conon-7","status":"publish","type":"product","link":"https:\/\/shop.bantam.ch\/de\/produkt\/schlafsack-highpeak-conon-7\/","title":{"rendered":"Schlafsack HighPeak Conon 7"},"content":{"rendered":"<p>Deckenschlafsack mit Kopfteil f\u00fcr h\u00f6chsten Schlafkomfort und Funktion f\u00fcr Camping, H\u00fctte, Wohnwagen und Reisemobil. Hochwertigste Materialien kommen zum Einsatz.&nbsp;<br \/>\nAu\u00dfenbezug und Innenbezug sind aus edlem, atmungsaktivem Baumwoll- Mischgewebe, 65% Polyester \/ 35% Baumwolle. Hochwertige Dura Loft\u00ae H1Kunstfaser F\u00fcllung mit hohen Isolationswerten. Die Faser l\u00e4sst sich leicht komprimieren und hat eine hohe Lebensdauer. Isoliert auch noch im feuchten Zustand und trocknet schnell. Der Schlafsack hat eine verstellbare Kapuze und Wertsachen-Innentasche. Der 2- Wege Rei\u00dfverschluss l\u00e4sst sich auch am Fu\u00dfende zur Luftzirkulation \u00f6ffnen. W\u00e4rmeschutzleiste mit winddichtem 210D Oxford Polyester verhindert K\u00e4ltebr\u00fccken. Rei\u00dfverschluss Einklemmschutz und Rei\u00dfverschluss- Schieber mit ergonomischen Griffmulde f\u00fcr leichte Bedienung. Robuster Oxford Kompressions- Packsack. Bis zu einer K\u00f6rpergr\u00f6\u00dfe von max. 190 cm. Maschinenwaschbar bei 30\u00b0.<\/p>\n<p>Material:<br \/>\n65% Polyester&nbsp;<br \/>\n35% Baumwolle<\/p>\n","protected":false},"excerpt":{"rendered":"<p>Deckenschlafsack mit Kopfteil f\u00fcr h\u00f6chsten Schlafkomfort und Funktion f\u00fcr Camping, H\u00fctte, Wohnwagen und Reisemobil. Hochwertigste Materialien kommen zum Einsatz.&nbsp; Au\u00dfenbezug und Innenbezug sind aus edlem, atmungsaktivem Baumwoll- Mischgewebe, 65% Polyester \/ 35% Baumwolle. Hochwertige Dura Loft\u00ae H1Kunstfaser F\u00fcllung mit hohen Isolationswerten. Die Faser l\u00e4sst sich leicht komprimieren und hat eine hohe Lebensdauer. Isoliert auch noch [&hellip;]<\/p>\n","protected":false},"featured_media":207577,"template":"","meta":{"_acf_changed":false},"product_featured_cat":[],"product_brand":[],"product_cat":[4454],"product_tag":[],"class_list":{"0":"post-200461","1":"product","2":"type-product","3":"status-publish","4":"has-post-thumbnail","6":"product_cat-deckenschlafsaecke","8":"first","9":"instock","10":"taxable","11":"shipping-taxable","12":"purchasable","13":"product-type-simple"},"acf":[],"yoast_head":"<!-- This site is optimized with the Yoast SEO plugin v27.4 - https:\/\/yoast.com\/product\/yoast-seo-wordpress\/ -->\n<title>Schlafsack HighPeak Conon 7 - Bantam Camping AG<\/title>\n<meta name=\"robots\" content=\"index, follow, max-snippet:-1, max-image-preview:large, max-video-preview:-1\" \/>\n<link rel=\"canonical\" href=\"https:\/\/shop.bantam.ch\/de\/produkt\/schlafsack-highpeak-conon-7\/\" \/>\n<meta property=\"og:locale\" content=\"de_DE\" \/>\n<meta property=\"og:type\" content=\"article\" \/>\n<meta property=\"og:title\" content=\"Schlafsack HighPeak Conon 7 - Bantam Camping AG\" \/>\n<meta property=\"og:description\" content=\"Deckenschlafsack mit Kopfteil f\u00fcr h\u00f6chsten Schlafkomfort und Funktion f\u00fcr Camping, H\u00fctte, Wohnwagen und Reisemobil. Hochwertigste Materialien kommen zum Einsatz.&nbsp; Au\u00dfenbezug und Innenbezug sind aus edlem, atmungsaktivem Baumwoll- Mischgewebe, 65% Polyester \/ 35% Baumwolle. Hochwertige Dura Loft\u00ae H1Kunstfaser F\u00fcllung mit hohen Isolationswerten. Die Faser l\u00e4sst sich leicht komprimieren und hat eine hohe Lebensdauer. Isoliert auch noch [&hellip;]\" \/>\n<meta property=\"og:url\" content=\"https:\/\/shop.bantam.ch\/de\/produkt\/schlafsack-highpeak-conon-7\/\" \/>\n<meta property=\"og:site_name\" content=\"Bantam Camping AG\" \/>\n<meta property=\"article:modified_time\" content=\"2026-04-18T21:16:40+00:00\" \/>\n<meta name=\"twitter:card\" content=\"summary_large_image\" \/>\n<meta name=\"twitter:label1\" content=\"Gesch\u00e4tzte Lesezeit\" \/>\n\t<meta name=\"twitter:data1\" content=\"1\u00a0Minute\" \/>\n<script type=\"application\/ld+json\" class=\"yoast-schema-graph\">{\"@context\":\"https:\\\/\\\/schema.org\",\"@graph\":[{\"@type\":\"WebPage\",\"@id\":\"https:\\\/\\\/shop.bantam.ch\\\/de\\\/produkt\\\/schlafsack-highpeak-conon-7\\\/\",\"url\":\"https:\\\/\\\/shop.bantam.ch\\\/de\\\/produkt\\\/schlafsack-highpeak-conon-7\\\/\",\"name\":\"Schlafsack HighPeak Conon 7 - Bantam Camping AG\",\"isPartOf\":{\"@id\":\"https:\\\/\\\/shop.bantam.ch\\\/de\\\/#website\"},\"primaryImageOfPage\":{\"@id\":\"https:\\\/\\\/shop.bantam.ch\\\/de\\\/produkt\\\/schlafsack-highpeak-conon-7\\\/#primaryimage\"},\"image\":{\"@id\":\"https:\\\/\\\/shop.bantam.ch\\\/de\\\/produkt\\\/schlafsack-highpeak-conon-7\\\/#primaryimage\"},\"thumbnailUrl\":\"https:\\\/\\\/shop.bantam.ch\\\/wp-content\\\/uploads\\\/2024\\\/09\\\/Movera-L-9975309100.jpg\",\"datePublished\":\"2024-05-15T15:35:59+00:00\",\"dateModified\":\"2026-04-18T21:16:40+00:00\",\"breadcrumb\":{\"@id\":\"https:\\\/\\\/shop.bantam.ch\\\/de\\\/produkt\\\/schlafsack-highpeak-conon-7\\\/#breadcrumb\"},\"inLanguage\":\"de\",\"potentialAction\":[{\"@type\":\"ReadAction\",\"target\":[\"https:\\\/\\\/shop.bantam.ch\\\/de\\\/produkt\\\/schlafsack-highpeak-conon-7\\\/\"]}]},{\"@type\":\"ImageObject\",\"inLanguage\":\"de\",\"@id\":\"https:\\\/\\\/shop.bantam.ch\\\/de\\\/produkt\\\/schlafsack-highpeak-conon-7\\\/#primaryimage\",\"url\":\"https:\\\/\\\/shop.bantam.ch\\\/wp-content\\\/uploads\\\/2024\\\/09\\\/Movera-L-9975309100.jpg\",\"contentUrl\":\"https:\\\/\\\/shop.bantam.ch\\\/wp-content\\\/uploads\\\/2024\\\/09\\\/Movera-L-9975309100.jpg\",\"width\":640,\"height\":337},{\"@type\":\"BreadcrumbList\",\"@id\":\"https:\\\/\\\/shop.bantam.ch\\\/de\\\/produkt\\\/schlafsack-highpeak-conon-7\\\/#breadcrumb\",\"itemListElement\":[{\"@type\":\"ListItem\",\"position\":1,\"name\":\"Accueil\",\"item\":\"https:\\\/\\\/shop.bantam.ch\\\/de\\\/\"},{\"@type\":\"ListItem\",\"position\":2,\"name\":\"Shop\",\"item\":\"https:\\\/\\\/shop.bantam.ch\\\/de\\\/shop\\\/\"},{\"@type\":\"ListItem\",\"position\":3,\"name\":\"Schlafsack HighPeak Conon 7\"}]},{\"@type\":\"WebSite\",\"@id\":\"https:\\\/\\\/shop.bantam.ch\\\/de\\\/#website\",\"url\":\"https:\\\/\\\/shop.bantam.ch\\\/de\\\/\",\"name\":\"Bantam Camping AG\",\"description\":\"\",\"publisher\":{\"@id\":\"https:\\\/\\\/shop.bantam.ch\\\/de\\\/#organization\"},\"inLanguage\":\"de\"},{\"@type\":\"Organization\",\"@id\":\"https:\\\/\\\/shop.bantam.ch\\\/de\\\/#organization\",\"name\":\"Bantam Camping AG\",\"url\":\"https:\\\/\\\/shop.bantam.ch\\\/de\\\/\",\"logo\":{\"@type\":\"ImageObject\",\"inLanguage\":\"de\",\"@id\":\"https:\\\/\\\/shop.bantam.ch\\\/de\\\/#\\\/schema\\\/logo\\\/image\\\/\",\"url\":\"https:\\\/\\\/shop.bantam.ch\\\/wp-content\\\/uploads\\\/2022\\\/12\\\/bantam-logo.png\",\"contentUrl\":\"https:\\\/\\\/shop.bantam.ch\\\/wp-content\\\/uploads\\\/2022\\\/12\\\/bantam-logo.png\",\"width\":320,\"height\":71,\"caption\":\"Bantam Camping AG\"},\"image\":{\"@id\":\"https:\\\/\\\/shop.bantam.ch\\\/de\\\/#\\\/schema\\\/logo\\\/image\\\/\"}}]}<\/script>\n<!-- \/ Yoast SEO plugin. -->","yoast_head_json":{"title":"Schlafsack HighPeak Conon 7 - Bantam Camping AG","robots":{"index":"index","follow":"follow","max-snippet":"max-snippet:-1","max-image-preview":"max-image-preview:large","max-video-preview":"max-video-preview:-1"},"canonical":"https:\/\/shop.bantam.ch\/de\/produkt\/schlafsack-highpeak-conon-7\/","og_locale":"de_DE","og_type":"article","og_title":"Schlafsack HighPeak Conon 7 - Bantam Camping AG","og_description":"Deckenschlafsack mit Kopfteil f\u00fcr h\u00f6chsten Schlafkomfort und Funktion f\u00fcr Camping, H\u00fctte, Wohnwagen und Reisemobil. Hochwertigste Materialien kommen zum Einsatz.&nbsp; Au\u00dfenbezug und Innenbezug sind aus edlem, atmungsaktivem Baumwoll- Mischgewebe, 65% Polyester \/ 35% Baumwolle. Hochwertige Dura Loft\u00ae H1Kunstfaser F\u00fcllung mit hohen Isolationswerten. Die Faser l\u00e4sst sich leicht komprimieren und hat eine hohe Lebensdauer. Isoliert auch noch [&hellip;]","og_url":"https:\/\/shop.bantam.ch\/de\/produkt\/schlafsack-highpeak-conon-7\/","og_site_name":"Bantam Camping AG","article_modified_time":"2026-04-18T21:16:40+00:00","twitter_card":"summary_large_image","twitter_misc":{"Gesch\u00e4tzte Lesezeit":"1\u00a0Minute"},"schema":{"@context":"https:\/\/schema.org","@graph":[{"@type":"WebPage","@id":"https:\/\/shop.bantam.ch\/de\/produkt\/schlafsack-highpeak-conon-7\/","url":"https:\/\/shop.bantam.ch\/de\/produkt\/schlafsack-highpeak-conon-7\/","name":"Schlafsack HighPeak Conon 7 - Bantam Camping AG","isPartOf":{"@id":"https:\/\/shop.bantam.ch\/de\/#website"},"primaryImageOfPage":{"@id":"https:\/\/shop.bantam.ch\/de\/produkt\/schlafsack-highpeak-conon-7\/#primaryimage"},"image":{"@id":"https:\/\/shop.bantam.ch\/de\/produkt\/schlafsack-highpeak-conon-7\/#primaryimage"},"thumbnailUrl":"https:\/\/shop.bantam.ch\/wp-content\/uploads\/2024\/09\/Movera-L-9975309100.jpg","datePublished":"2024-05-15T15:35:59+00:00","dateModified":"2026-04-18T21:16:40+00:00","breadcrumb":{"@id":"https:\/\/shop.bantam.ch\/de\/produkt\/schlafsack-highpeak-conon-7\/#breadcrumb"},"inLanguage":"de","potentialAction":[{"@type":"ReadAction","target":["https:\/\/shop.bantam.ch\/de\/produkt\/schlafsack-highpeak-conon-7\/"]}]},{"@type":"ImageObject","inLanguage":"de","@id":"https:\/\/shop.bantam.ch\/de\/produkt\/schlafsack-highpeak-conon-7\/#primaryimage","url":"https:\/\/shop.bantam.ch\/wp-content\/uploads\/2024\/09\/Movera-L-9975309100.jpg","contentUrl":"https:\/\/shop.bantam.ch\/wp-content\/uploads\/2024\/09\/Movera-L-9975309100.jpg","width":640,"height":337},{"@type":"BreadcrumbList","@id":"https:\/\/shop.bantam.ch\/de\/produkt\/schlafsack-highpeak-conon-7\/#breadcrumb","itemListElement":[{"@type":"ListItem","position":1,"name":"Accueil","item":"https:\/\/shop.bantam.ch\/de\/"},{"@type":"ListItem","position":2,"name":"Shop","item":"https:\/\/shop.bantam.ch\/de\/shop\/"},{"@type":"ListItem","position":3,"name":"Schlafsack HighPeak Conon 7"}]},{"@type":"WebSite","@id":"https:\/\/shop.bantam.ch\/de\/#website","url":"https:\/\/shop.bantam.ch\/de\/","name":"Bantam Camping AG","description":"","publisher":{"@id":"https:\/\/shop.bantam.ch\/de\/#organization"},"inLanguage":"de"},{"@type":"Organization","@id":"https:\/\/shop.bantam.ch\/de\/#organization","name":"Bantam Camping AG","url":"https:\/\/shop.bantam.ch\/de\/","logo":{"@type":"ImageObject","inLanguage":"de","@id":"https:\/\/shop.bantam.ch\/de\/#\/schema\/logo\/image\/","url":"https:\/\/shop.bantam.ch\/wp-content\/uploads\/2022\/12\/bantam-logo.png","contentUrl":"https:\/\/shop.bantam.ch\/wp-content\/uploads\/2022\/12\/bantam-logo.png","width":320,"height":71,"caption":"Bantam Camping AG"},"image":{"@id":"https:\/\/shop.bantam.ch\/de\/#\/schema\/logo\/image\/"}}]}},"_links":{"self":[{"href":"https:\/\/shop.bantam.ch\/de\/wp-json\/wp\/v2\/product\/200461","targetHints":{"allow":["GET"]}}],"collection":[{"href":"https:\/\/shop.bantam.ch\/de\/wp-json\/wp\/v2\/product"}],"about":[{"href":"https:\/\/shop.bantam.ch\/de\/wp-json\/wp\/v2\/types\/product"}],"wp:featuredmedia":[{"embeddable":true,"href":"https:\/\/shop.bantam.ch\/de\/wp-json\/wp\/v2\/media\/207577"}],"wp:attachment":[{"href":"https:\/\/shop.bantam.ch\/de\/wp-json\/wp\/v2\/media?parent=200461"}],"wp:term":[{"taxonomy":"product_featured_cat","embeddable":true,"href":"https:\/\/shop.bantam.ch\/de\/wp-json\/wp\/v2\/product_featured_cat?post=200461"},{"taxonomy":"product_brand","embeddable":true,"href":"https:\/\/shop.bantam.ch\/de\/wp-json\/wp\/v2\/product_brand?post=200461"},{"taxonomy":"product_cat","embeddable":true,"href":"https:\/\/shop.bantam.ch\/de\/wp-json\/wp\/v2\/product_cat?post=200461"},{"taxonomy":"product_tag","embeddable":true,"href":"https:\/\/shop.bantam.ch\/de\/wp-json\/wp\/v2\/product_tag?post=200461"}],"curies":[{"name":"wp","href":"https:\/\/api.w.org\/{rel}","templated":true}]}}