{"id":200323,"date":"2024-05-15T17:32:36","date_gmt":"2024-05-15T15:32:36","guid":{"rendered":"https:\/\/shop.bantam.ch\/produit\/gummimatte-lako-lena-40-x-60-cm\/"},"modified":"2026-04-18T23:16:33","modified_gmt":"2026-04-18T21:16:33","slug":"gummimatte-lako-lena-40-x-60-cm","status":"publish","type":"product","link":"https:\/\/shop.bantam.ch\/de\/produkt\/gummimatte-lako-lena-40-x-60-cm\/","title":{"rendered":"Gummimatte LAKO Lena 40 x 60 cm"},"content":{"rendered":"<p>Die Gummimatte ist robust, modern und vielseitig. Die Noppen auf der R\u00fcckseite verhindern ein Rutschen und sorgen auf der Matte f\u00fcr einen guten Stand. Die zeitlose Gummimatte ist im Au\u00dfenbereich vielseitig einsetzbar, sie eignet sich hervorragend zum Abstreifen des Schmutzes an den Sohlen und ist sehr pflegeleicht. Die Gr\u00f6\u00dfe von 40x60cm ist f\u00fcr fast alle T\u00fcrbereiche geeignet.<\/p>\n<p>Material:<br \/>\n100 % Gummi<\/p>\n","protected":false},"excerpt":{"rendered":"<p>Die Gummimatte ist robust, modern und vielseitig. Die Noppen auf der R\u00fcckseite verhindern ein Rutschen und sorgen auf der Matte f\u00fcr einen guten Stand. Die zeitlose Gummimatte ist im Au\u00dfenbereich vielseitig einsetzbar, sie eignet sich hervorragend zum Abstreifen des Schmutzes an den Sohlen und ist sehr pflegeleicht. Die Gr\u00f6\u00dfe von 40x60cm ist f\u00fcr fast alle [&hellip;]<\/p>\n","protected":false},"featured_media":207497,"template":"","meta":{"_acf_changed":false},"product_featured_cat":[],"product_brand":[],"product_cat":[4262],"product_tag":[],"class_list":{"0":"post-200323","1":"product","2":"type-product","3":"status-publish","4":"has-post-thumbnail","6":"product_cat-zeltteppiche-boeden","8":"first","9":"instock","10":"taxable","11":"shipping-taxable","12":"purchasable","13":"product-type-simple"},"acf":[],"yoast_head":"<!-- This site is optimized with the Yoast SEO plugin v27.4 - https:\/\/yoast.com\/product\/yoast-seo-wordpress\/ -->\n<title>Gummimatte LAKO Lena 40 x 60 cm - Bantam Camping AG<\/title>\n<meta name=\"robots\" content=\"index, follow, max-snippet:-1, max-image-preview:large, max-video-preview:-1\" \/>\n<link rel=\"canonical\" href=\"https:\/\/shop.bantam.ch\/de\/produkt\/gummimatte-lako-lena-40-x-60-cm\/\" \/>\n<meta property=\"og:locale\" content=\"de_DE\" \/>\n<meta property=\"og:type\" content=\"article\" \/>\n<meta property=\"og:title\" content=\"Gummimatte LAKO Lena 40 x 60 cm - Bantam Camping AG\" \/>\n<meta property=\"og:description\" content=\"Die Gummimatte ist robust, modern und vielseitig. Die Noppen auf der R\u00fcckseite verhindern ein Rutschen und sorgen auf der Matte f\u00fcr einen guten Stand. Die zeitlose Gummimatte ist im Au\u00dfenbereich vielseitig einsetzbar, sie eignet sich hervorragend zum Abstreifen des Schmutzes an den Sohlen und ist sehr pflegeleicht. Die Gr\u00f6\u00dfe von 40x60cm ist f\u00fcr fast alle [&hellip;]\" \/>\n<meta property=\"og:url\" content=\"https:\/\/shop.bantam.ch\/de\/produkt\/gummimatte-lako-lena-40-x-60-cm\/\" \/>\n<meta property=\"og:site_name\" content=\"Bantam Camping AG\" \/>\n<meta property=\"article:modified_time\" content=\"2026-04-18T21:16:33+00:00\" \/>\n<meta name=\"twitter:card\" content=\"summary_large_image\" \/>\n<script type=\"application\/ld+json\" class=\"yoast-schema-graph\">{\"@context\":\"https:\\\/\\\/schema.org\",\"@graph\":[{\"@type\":\"WebPage\",\"@id\":\"https:\\\/\\\/shop.bantam.ch\\\/de\\\/produkt\\\/gummimatte-lako-lena-40-x-60-cm\\\/\",\"url\":\"https:\\\/\\\/shop.bantam.ch\\\/de\\\/produkt\\\/gummimatte-lako-lena-40-x-60-cm\\\/\",\"name\":\"Gummimatte LAKO Lena 40 x 60 cm - Bantam Camping AG\",\"isPartOf\":{\"@id\":\"https:\\\/\\\/shop.bantam.ch\\\/de\\\/#website\"},\"primaryImageOfPage\":{\"@id\":\"https:\\\/\\\/shop.bantam.ch\\\/de\\\/produkt\\\/gummimatte-lako-lena-40-x-60-cm\\\/#primaryimage\"},\"image\":{\"@id\":\"https:\\\/\\\/shop.bantam.ch\\\/de\\\/produkt\\\/gummimatte-lako-lena-40-x-60-cm\\\/#primaryimage\"},\"thumbnailUrl\":\"https:\\\/\\\/shop.bantam.ch\\\/wp-content\\\/uploads\\\/2024\\\/09\\\/Movera-L-9971099100.jpg\",\"datePublished\":\"2024-05-15T15:32:36+00:00\",\"dateModified\":\"2026-04-18T21:16:33+00:00\",\"breadcrumb\":{\"@id\":\"https:\\\/\\\/shop.bantam.ch\\\/de\\\/produkt\\\/gummimatte-lako-lena-40-x-60-cm\\\/#breadcrumb\"},\"inLanguage\":\"de\",\"potentialAction\":[{\"@type\":\"ReadAction\",\"target\":[\"https:\\\/\\\/shop.bantam.ch\\\/de\\\/produkt\\\/gummimatte-lako-lena-40-x-60-cm\\\/\"]}]},{\"@type\":\"ImageObject\",\"inLanguage\":\"de\",\"@id\":\"https:\\\/\\\/shop.bantam.ch\\\/de\\\/produkt\\\/gummimatte-lako-lena-40-x-60-cm\\\/#primaryimage\",\"url\":\"https:\\\/\\\/shop.bantam.ch\\\/wp-content\\\/uploads\\\/2024\\\/09\\\/Movera-L-9971099100.jpg\",\"contentUrl\":\"https:\\\/\\\/shop.bantam.ch\\\/wp-content\\\/uploads\\\/2024\\\/09\\\/Movera-L-9971099100.jpg\",\"width\":640,\"height\":425},{\"@type\":\"BreadcrumbList\",\"@id\":\"https:\\\/\\\/shop.bantam.ch\\\/de\\\/produkt\\\/gummimatte-lako-lena-40-x-60-cm\\\/#breadcrumb\",\"itemListElement\":[{\"@type\":\"ListItem\",\"position\":1,\"name\":\"Accueil\",\"item\":\"https:\\\/\\\/shop.bantam.ch\\\/de\\\/\"},{\"@type\":\"ListItem\",\"position\":2,\"name\":\"Shop\",\"item\":\"https:\\\/\\\/shop.bantam.ch\\\/de\\\/shop\\\/\"},{\"@type\":\"ListItem\",\"position\":3,\"name\":\"Gummimatte LAKO Lena 40 x 60 cm\"}]},{\"@type\":\"WebSite\",\"@id\":\"https:\\\/\\\/shop.bantam.ch\\\/de\\\/#website\",\"url\":\"https:\\\/\\\/shop.bantam.ch\\\/de\\\/\",\"name\":\"Bantam Camping AG\",\"description\":\"\",\"publisher\":{\"@id\":\"https:\\\/\\\/shop.bantam.ch\\\/de\\\/#organization\"},\"inLanguage\":\"de\"},{\"@type\":\"Organization\",\"@id\":\"https:\\\/\\\/shop.bantam.ch\\\/de\\\/#organization\",\"name\":\"Bantam Camping AG\",\"url\":\"https:\\\/\\\/shop.bantam.ch\\\/de\\\/\",\"logo\":{\"@type\":\"ImageObject\",\"inLanguage\":\"de\",\"@id\":\"https:\\\/\\\/shop.bantam.ch\\\/de\\\/#\\\/schema\\\/logo\\\/image\\\/\",\"url\":\"https:\\\/\\\/shop.bantam.ch\\\/wp-content\\\/uploads\\\/2022\\\/12\\\/bantam-logo.png\",\"contentUrl\":\"https:\\\/\\\/shop.bantam.ch\\\/wp-content\\\/uploads\\\/2022\\\/12\\\/bantam-logo.png\",\"width\":320,\"height\":71,\"caption\":\"Bantam Camping AG\"},\"image\":{\"@id\":\"https:\\\/\\\/shop.bantam.ch\\\/de\\\/#\\\/schema\\\/logo\\\/image\\\/\"}}]}<\/script>\n<!-- \/ Yoast SEO plugin. -->","yoast_head_json":{"title":"Gummimatte LAKO Lena 40 x 60 cm - Bantam Camping AG","robots":{"index":"index","follow":"follow","max-snippet":"max-snippet:-1","max-image-preview":"max-image-preview:large","max-video-preview":"max-video-preview:-1"},"canonical":"https:\/\/shop.bantam.ch\/de\/produkt\/gummimatte-lako-lena-40-x-60-cm\/","og_locale":"de_DE","og_type":"article","og_title":"Gummimatte LAKO Lena 40 x 60 cm - Bantam Camping AG","og_description":"Die Gummimatte ist robust, modern und vielseitig. Die Noppen auf der R\u00fcckseite verhindern ein Rutschen und sorgen auf der Matte f\u00fcr einen guten Stand. Die zeitlose Gummimatte ist im Au\u00dfenbereich vielseitig einsetzbar, sie eignet sich hervorragend zum Abstreifen des Schmutzes an den Sohlen und ist sehr pflegeleicht. Die Gr\u00f6\u00dfe von 40x60cm ist f\u00fcr fast alle [&hellip;]","og_url":"https:\/\/shop.bantam.ch\/de\/produkt\/gummimatte-lako-lena-40-x-60-cm\/","og_site_name":"Bantam Camping AG","article_modified_time":"2026-04-18T21:16:33+00:00","twitter_card":"summary_large_image","schema":{"@context":"https:\/\/schema.org","@graph":[{"@type":"WebPage","@id":"https:\/\/shop.bantam.ch\/de\/produkt\/gummimatte-lako-lena-40-x-60-cm\/","url":"https:\/\/shop.bantam.ch\/de\/produkt\/gummimatte-lako-lena-40-x-60-cm\/","name":"Gummimatte LAKO Lena 40 x 60 cm - Bantam Camping AG","isPartOf":{"@id":"https:\/\/shop.bantam.ch\/de\/#website"},"primaryImageOfPage":{"@id":"https:\/\/shop.bantam.ch\/de\/produkt\/gummimatte-lako-lena-40-x-60-cm\/#primaryimage"},"image":{"@id":"https:\/\/shop.bantam.ch\/de\/produkt\/gummimatte-lako-lena-40-x-60-cm\/#primaryimage"},"thumbnailUrl":"https:\/\/shop.bantam.ch\/wp-content\/uploads\/2024\/09\/Movera-L-9971099100.jpg","datePublished":"2024-05-15T15:32:36+00:00","dateModified":"2026-04-18T21:16:33+00:00","breadcrumb":{"@id":"https:\/\/shop.bantam.ch\/de\/produkt\/gummimatte-lako-lena-40-x-60-cm\/#breadcrumb"},"inLanguage":"de","potentialAction":[{"@type":"ReadAction","target":["https:\/\/shop.bantam.ch\/de\/produkt\/gummimatte-lako-lena-40-x-60-cm\/"]}]},{"@type":"ImageObject","inLanguage":"de","@id":"https:\/\/shop.bantam.ch\/de\/produkt\/gummimatte-lako-lena-40-x-60-cm\/#primaryimage","url":"https:\/\/shop.bantam.ch\/wp-content\/uploads\/2024\/09\/Movera-L-9971099100.jpg","contentUrl":"https:\/\/shop.bantam.ch\/wp-content\/uploads\/2024\/09\/Movera-L-9971099100.jpg","width":640,"height":425},{"@type":"BreadcrumbList","@id":"https:\/\/shop.bantam.ch\/de\/produkt\/gummimatte-lako-lena-40-x-60-cm\/#breadcrumb","itemListElement":[{"@type":"ListItem","position":1,"name":"Accueil","item":"https:\/\/shop.bantam.ch\/de\/"},{"@type":"ListItem","position":2,"name":"Shop","item":"https:\/\/shop.bantam.ch\/de\/shop\/"},{"@type":"ListItem","position":3,"name":"Gummimatte LAKO Lena 40 x 60 cm"}]},{"@type":"WebSite","@id":"https:\/\/shop.bantam.ch\/de\/#website","url":"https:\/\/shop.bantam.ch\/de\/","name":"Bantam Camping AG","description":"","publisher":{"@id":"https:\/\/shop.bantam.ch\/de\/#organization"},"inLanguage":"de"},{"@type":"Organization","@id":"https:\/\/shop.bantam.ch\/de\/#organization","name":"Bantam Camping AG","url":"https:\/\/shop.bantam.ch\/de\/","logo":{"@type":"ImageObject","inLanguage":"de","@id":"https:\/\/shop.bantam.ch\/de\/#\/schema\/logo\/image\/","url":"https:\/\/shop.bantam.ch\/wp-content\/uploads\/2022\/12\/bantam-logo.png","contentUrl":"https:\/\/shop.bantam.ch\/wp-content\/uploads\/2022\/12\/bantam-logo.png","width":320,"height":71,"caption":"Bantam Camping AG"},"image":{"@id":"https:\/\/shop.bantam.ch\/de\/#\/schema\/logo\/image\/"}}]}},"_links":{"self":[{"href":"https:\/\/shop.bantam.ch\/de\/wp-json\/wp\/v2\/product\/200323","targetHints":{"allow":["GET"]}}],"collection":[{"href":"https:\/\/shop.bantam.ch\/de\/wp-json\/wp\/v2\/product"}],"about":[{"href":"https:\/\/shop.bantam.ch\/de\/wp-json\/wp\/v2\/types\/product"}],"wp:featuredmedia":[{"embeddable":true,"href":"https:\/\/shop.bantam.ch\/de\/wp-json\/wp\/v2\/media\/207497"}],"wp:attachment":[{"href":"https:\/\/shop.bantam.ch\/de\/wp-json\/wp\/v2\/media?parent=200323"}],"wp:term":[{"taxonomy":"product_featured_cat","embeddable":true,"href":"https:\/\/shop.bantam.ch\/de\/wp-json\/wp\/v2\/product_featured_cat?post=200323"},{"taxonomy":"product_brand","embeddable":true,"href":"https:\/\/shop.bantam.ch\/de\/wp-json\/wp\/v2\/product_brand?post=200323"},{"taxonomy":"product_cat","embeddable":true,"href":"https:\/\/shop.bantam.ch\/de\/wp-json\/wp\/v2\/product_cat?post=200323"},{"taxonomy":"product_tag","embeddable":true,"href":"https:\/\/shop.bantam.ch\/de\/wp-json\/wp\/v2\/product_tag?post=200323"}],"curies":[{"name":"wp","href":"https:\/\/api.w.org\/{rel}","templated":true}]}}