{"id":200317,"date":"2024-05-15T17:32:29","date_gmt":"2024-05-15T15:32:29","guid":{"rendered":"https:\/\/shop.bantam.ch\/produit\/schuhabstreifer-cleaner-lako-33-x-39-cm\/"},"modified":"2026-04-17T23:13:21","modified_gmt":"2026-04-17T21:13:21","slug":"schuhabstreifer-cleaner-lako-33-x-39-cm","status":"publish","type":"product","link":"https:\/\/shop.bantam.ch\/de\/produkt\/schuhabstreifer-cleaner-lako-33-x-39-cm\/","title":{"rendered":"Schuhabstreifer Cleaner LAKO 33 x 39 cm"},"content":{"rendered":"<p>Die Fussmatte Cleaner aus Gummi und Kokos ist f\u00fcr den Au\u00dfenbereich einsetzbar und pflegeleicht. Die Gummimatte ist mit kleinen Noppen ausgestattet, das ein leichtes Reinigen der Schuhe erm\u00f6glicht. Die seitlich sowie mittig eingesetzten Reihen aus Kokos sorgen zus\u00e4tzlich f\u00fcr eine leichte Reinigung der Schuhe. Der All-Rounder l\u00e4sst keinerlei Schmutz und Feuchtigkeit ins Inneres Ihres Hauses. Die Gr\u00f6\u00dfe von 33&#215;39 cm ist kompakt und f\u00fcr fast alle T\u00fcrbereicht geeignet.<\/p>\n<p>Material:<br \/>\n85% Gummi, 10% Kokos, 5% Draht<\/p>\n","protected":false},"excerpt":{"rendered":"<p>Die Fussmatte Cleaner aus Gummi und Kokos ist f\u00fcr den Au\u00dfenbereich einsetzbar und pflegeleicht. Die Gummimatte ist mit kleinen Noppen ausgestattet, das ein leichtes Reinigen der Schuhe erm\u00f6glicht. Die seitlich sowie mittig eingesetzten Reihen aus Kokos sorgen zus\u00e4tzlich f\u00fcr eine leichte Reinigung der Schuhe. Der All-Rounder l\u00e4sst keinerlei Schmutz und Feuchtigkeit ins Inneres Ihres Hauses. [&hellip;]<\/p>\n","protected":false},"featured_media":207495,"template":"","meta":{"_acf_changed":false},"product_featured_cat":[],"product_brand":[],"product_cat":[4262],"product_tag":[],"class_list":{"0":"post-200317","1":"product","2":"type-product","3":"status-publish","4":"has-post-thumbnail","6":"product_cat-zeltteppiche-boeden","8":"first","9":"instock","10":"taxable","11":"shipping-taxable","12":"purchasable","13":"product-type-simple"},"acf":[],"yoast_head":"<!-- This site is optimized with the Yoast SEO plugin v27.4 - https:\/\/yoast.com\/product\/yoast-seo-wordpress\/ -->\n<title>Schuhabstreifer Cleaner LAKO 33 x 39 cm - Bantam Camping AG<\/title>\n<meta name=\"robots\" content=\"index, follow, max-snippet:-1, max-image-preview:large, max-video-preview:-1\" \/>\n<link rel=\"canonical\" href=\"https:\/\/shop.bantam.ch\/de\/produkt\/schuhabstreifer-cleaner-lako-33-x-39-cm\/\" \/>\n<meta property=\"og:locale\" content=\"de_DE\" \/>\n<meta property=\"og:type\" content=\"article\" \/>\n<meta property=\"og:title\" content=\"Schuhabstreifer Cleaner LAKO 33 x 39 cm - Bantam Camping AG\" \/>\n<meta property=\"og:description\" content=\"Die Fussmatte Cleaner aus Gummi und Kokos ist f\u00fcr den Au\u00dfenbereich einsetzbar und pflegeleicht. Die Gummimatte ist mit kleinen Noppen ausgestattet, das ein leichtes Reinigen der Schuhe erm\u00f6glicht. Die seitlich sowie mittig eingesetzten Reihen aus Kokos sorgen zus\u00e4tzlich f\u00fcr eine leichte Reinigung der Schuhe. Der All-Rounder l\u00e4sst keinerlei Schmutz und Feuchtigkeit ins Inneres Ihres Hauses. [&hellip;]\" \/>\n<meta property=\"og:url\" content=\"https:\/\/shop.bantam.ch\/de\/produkt\/schuhabstreifer-cleaner-lako-33-x-39-cm\/\" \/>\n<meta property=\"og:site_name\" content=\"Bantam Camping AG\" \/>\n<meta property=\"article:modified_time\" content=\"2026-04-17T21:13:21+00:00\" \/>\n<meta name=\"twitter:card\" content=\"summary_large_image\" \/>\n<script type=\"application\/ld+json\" class=\"yoast-schema-graph\">{\"@context\":\"https:\\\/\\\/schema.org\",\"@graph\":[{\"@type\":\"WebPage\",\"@id\":\"https:\\\/\\\/shop.bantam.ch\\\/de\\\/produkt\\\/schuhabstreifer-cleaner-lako-33-x-39-cm\\\/\",\"url\":\"https:\\\/\\\/shop.bantam.ch\\\/de\\\/produkt\\\/schuhabstreifer-cleaner-lako-33-x-39-cm\\\/\",\"name\":\"Schuhabstreifer Cleaner LAKO 33 x 39 cm - Bantam Camping AG\",\"isPartOf\":{\"@id\":\"https:\\\/\\\/shop.bantam.ch\\\/de\\\/#website\"},\"primaryImageOfPage\":{\"@id\":\"https:\\\/\\\/shop.bantam.ch\\\/de\\\/produkt\\\/schuhabstreifer-cleaner-lako-33-x-39-cm\\\/#primaryimage\"},\"image\":{\"@id\":\"https:\\\/\\\/shop.bantam.ch\\\/de\\\/produkt\\\/schuhabstreifer-cleaner-lako-33-x-39-cm\\\/#primaryimage\"},\"thumbnailUrl\":\"https:\\\/\\\/shop.bantam.ch\\\/wp-content\\\/uploads\\\/2024\\\/09\\\/Movera-L-9971098100.jpg\",\"datePublished\":\"2024-05-15T15:32:29+00:00\",\"dateModified\":\"2026-04-17T21:13:21+00:00\",\"breadcrumb\":{\"@id\":\"https:\\\/\\\/shop.bantam.ch\\\/de\\\/produkt\\\/schuhabstreifer-cleaner-lako-33-x-39-cm\\\/#breadcrumb\"},\"inLanguage\":\"de\",\"potentialAction\":[{\"@type\":\"ReadAction\",\"target\":[\"https:\\\/\\\/shop.bantam.ch\\\/de\\\/produkt\\\/schuhabstreifer-cleaner-lako-33-x-39-cm\\\/\"]}]},{\"@type\":\"ImageObject\",\"inLanguage\":\"de\",\"@id\":\"https:\\\/\\\/shop.bantam.ch\\\/de\\\/produkt\\\/schuhabstreifer-cleaner-lako-33-x-39-cm\\\/#primaryimage\",\"url\":\"https:\\\/\\\/shop.bantam.ch\\\/wp-content\\\/uploads\\\/2024\\\/09\\\/Movera-L-9971098100.jpg\",\"contentUrl\":\"https:\\\/\\\/shop.bantam.ch\\\/wp-content\\\/uploads\\\/2024\\\/09\\\/Movera-L-9971098100.jpg\",\"width\":640,\"height\":499},{\"@type\":\"BreadcrumbList\",\"@id\":\"https:\\\/\\\/shop.bantam.ch\\\/de\\\/produkt\\\/schuhabstreifer-cleaner-lako-33-x-39-cm\\\/#breadcrumb\",\"itemListElement\":[{\"@type\":\"ListItem\",\"position\":1,\"name\":\"Accueil\",\"item\":\"https:\\\/\\\/shop.bantam.ch\\\/de\\\/\"},{\"@type\":\"ListItem\",\"position\":2,\"name\":\"Shop\",\"item\":\"https:\\\/\\\/shop.bantam.ch\\\/de\\\/shop\\\/\"},{\"@type\":\"ListItem\",\"position\":3,\"name\":\"Schuhabstreifer Cleaner LAKO 33 x 39 cm\"}]},{\"@type\":\"WebSite\",\"@id\":\"https:\\\/\\\/shop.bantam.ch\\\/de\\\/#website\",\"url\":\"https:\\\/\\\/shop.bantam.ch\\\/de\\\/\",\"name\":\"Bantam Camping AG\",\"description\":\"\",\"publisher\":{\"@id\":\"https:\\\/\\\/shop.bantam.ch\\\/de\\\/#organization\"},\"inLanguage\":\"de\"},{\"@type\":\"Organization\",\"@id\":\"https:\\\/\\\/shop.bantam.ch\\\/de\\\/#organization\",\"name\":\"Bantam Camping AG\",\"url\":\"https:\\\/\\\/shop.bantam.ch\\\/de\\\/\",\"logo\":{\"@type\":\"ImageObject\",\"inLanguage\":\"de\",\"@id\":\"https:\\\/\\\/shop.bantam.ch\\\/de\\\/#\\\/schema\\\/logo\\\/image\\\/\",\"url\":\"https:\\\/\\\/shop.bantam.ch\\\/wp-content\\\/uploads\\\/2022\\\/12\\\/bantam-logo.png\",\"contentUrl\":\"https:\\\/\\\/shop.bantam.ch\\\/wp-content\\\/uploads\\\/2022\\\/12\\\/bantam-logo.png\",\"width\":320,\"height\":71,\"caption\":\"Bantam Camping AG\"},\"image\":{\"@id\":\"https:\\\/\\\/shop.bantam.ch\\\/de\\\/#\\\/schema\\\/logo\\\/image\\\/\"}}]}<\/script>\n<!-- \/ Yoast SEO plugin. -->","yoast_head_json":{"title":"Schuhabstreifer Cleaner LAKO 33 x 39 cm - Bantam Camping AG","robots":{"index":"index","follow":"follow","max-snippet":"max-snippet:-1","max-image-preview":"max-image-preview:large","max-video-preview":"max-video-preview:-1"},"canonical":"https:\/\/shop.bantam.ch\/de\/produkt\/schuhabstreifer-cleaner-lako-33-x-39-cm\/","og_locale":"de_DE","og_type":"article","og_title":"Schuhabstreifer Cleaner LAKO 33 x 39 cm - Bantam Camping AG","og_description":"Die Fussmatte Cleaner aus Gummi und Kokos ist f\u00fcr den Au\u00dfenbereich einsetzbar und pflegeleicht. Die Gummimatte ist mit kleinen Noppen ausgestattet, das ein leichtes Reinigen der Schuhe erm\u00f6glicht. Die seitlich sowie mittig eingesetzten Reihen aus Kokos sorgen zus\u00e4tzlich f\u00fcr eine leichte Reinigung der Schuhe. Der All-Rounder l\u00e4sst keinerlei Schmutz und Feuchtigkeit ins Inneres Ihres Hauses. [&hellip;]","og_url":"https:\/\/shop.bantam.ch\/de\/produkt\/schuhabstreifer-cleaner-lako-33-x-39-cm\/","og_site_name":"Bantam Camping AG","article_modified_time":"2026-04-17T21:13:21+00:00","twitter_card":"summary_large_image","schema":{"@context":"https:\/\/schema.org","@graph":[{"@type":"WebPage","@id":"https:\/\/shop.bantam.ch\/de\/produkt\/schuhabstreifer-cleaner-lako-33-x-39-cm\/","url":"https:\/\/shop.bantam.ch\/de\/produkt\/schuhabstreifer-cleaner-lako-33-x-39-cm\/","name":"Schuhabstreifer Cleaner LAKO 33 x 39 cm - Bantam Camping AG","isPartOf":{"@id":"https:\/\/shop.bantam.ch\/de\/#website"},"primaryImageOfPage":{"@id":"https:\/\/shop.bantam.ch\/de\/produkt\/schuhabstreifer-cleaner-lako-33-x-39-cm\/#primaryimage"},"image":{"@id":"https:\/\/shop.bantam.ch\/de\/produkt\/schuhabstreifer-cleaner-lako-33-x-39-cm\/#primaryimage"},"thumbnailUrl":"https:\/\/shop.bantam.ch\/wp-content\/uploads\/2024\/09\/Movera-L-9971098100.jpg","datePublished":"2024-05-15T15:32:29+00:00","dateModified":"2026-04-17T21:13:21+00:00","breadcrumb":{"@id":"https:\/\/shop.bantam.ch\/de\/produkt\/schuhabstreifer-cleaner-lako-33-x-39-cm\/#breadcrumb"},"inLanguage":"de","potentialAction":[{"@type":"ReadAction","target":["https:\/\/shop.bantam.ch\/de\/produkt\/schuhabstreifer-cleaner-lako-33-x-39-cm\/"]}]},{"@type":"ImageObject","inLanguage":"de","@id":"https:\/\/shop.bantam.ch\/de\/produkt\/schuhabstreifer-cleaner-lako-33-x-39-cm\/#primaryimage","url":"https:\/\/shop.bantam.ch\/wp-content\/uploads\/2024\/09\/Movera-L-9971098100.jpg","contentUrl":"https:\/\/shop.bantam.ch\/wp-content\/uploads\/2024\/09\/Movera-L-9971098100.jpg","width":640,"height":499},{"@type":"BreadcrumbList","@id":"https:\/\/shop.bantam.ch\/de\/produkt\/schuhabstreifer-cleaner-lako-33-x-39-cm\/#breadcrumb","itemListElement":[{"@type":"ListItem","position":1,"name":"Accueil","item":"https:\/\/shop.bantam.ch\/de\/"},{"@type":"ListItem","position":2,"name":"Shop","item":"https:\/\/shop.bantam.ch\/de\/shop\/"},{"@type":"ListItem","position":3,"name":"Schuhabstreifer Cleaner LAKO 33 x 39 cm"}]},{"@type":"WebSite","@id":"https:\/\/shop.bantam.ch\/de\/#website","url":"https:\/\/shop.bantam.ch\/de\/","name":"Bantam Camping AG","description":"","publisher":{"@id":"https:\/\/shop.bantam.ch\/de\/#organization"},"inLanguage":"de"},{"@type":"Organization","@id":"https:\/\/shop.bantam.ch\/de\/#organization","name":"Bantam Camping AG","url":"https:\/\/shop.bantam.ch\/de\/","logo":{"@type":"ImageObject","inLanguage":"de","@id":"https:\/\/shop.bantam.ch\/de\/#\/schema\/logo\/image\/","url":"https:\/\/shop.bantam.ch\/wp-content\/uploads\/2022\/12\/bantam-logo.png","contentUrl":"https:\/\/shop.bantam.ch\/wp-content\/uploads\/2022\/12\/bantam-logo.png","width":320,"height":71,"caption":"Bantam Camping AG"},"image":{"@id":"https:\/\/shop.bantam.ch\/de\/#\/schema\/logo\/image\/"}}]}},"_links":{"self":[{"href":"https:\/\/shop.bantam.ch\/de\/wp-json\/wp\/v2\/product\/200317","targetHints":{"allow":["GET"]}}],"collection":[{"href":"https:\/\/shop.bantam.ch\/de\/wp-json\/wp\/v2\/product"}],"about":[{"href":"https:\/\/shop.bantam.ch\/de\/wp-json\/wp\/v2\/types\/product"}],"wp:featuredmedia":[{"embeddable":true,"href":"https:\/\/shop.bantam.ch\/de\/wp-json\/wp\/v2\/media\/207495"}],"wp:attachment":[{"href":"https:\/\/shop.bantam.ch\/de\/wp-json\/wp\/v2\/media?parent=200317"}],"wp:term":[{"taxonomy":"product_featured_cat","embeddable":true,"href":"https:\/\/shop.bantam.ch\/de\/wp-json\/wp\/v2\/product_featured_cat?post=200317"},{"taxonomy":"product_brand","embeddable":true,"href":"https:\/\/shop.bantam.ch\/de\/wp-json\/wp\/v2\/product_brand?post=200317"},{"taxonomy":"product_cat","embeddable":true,"href":"https:\/\/shop.bantam.ch\/de\/wp-json\/wp\/v2\/product_cat?post=200317"},{"taxonomy":"product_tag","embeddable":true,"href":"https:\/\/shop.bantam.ch\/de\/wp-json\/wp\/v2\/product_tag?post=200317"}],"curies":[{"name":"wp","href":"https:\/\/api.w.org\/{rel}","templated":true}]}}