{"id":200247,"date":"2024-05-15T17:30:36","date_gmt":"2024-05-15T15:30:36","guid":{"rendered":"https:\/\/shop.bantam.ch\/produit\/arisol-vorzeltteppich-standard-rigato\/"},"modified":"2026-04-18T01:26:38","modified_gmt":"2026-04-17T23:26:38","slug":"arisol-vorzeltteppich-standard-rigato","status":"publish","type":"product","link":"https:\/\/shop.bantam.ch\/de\/produkt\/arisol-vorzeltteppich-standard-rigato\/","title":{"rendered":"Arisol Vorzeltteppich Standard Rigato"},"content":{"rendered":"<p>Extrem strapazierf\u00e4hige Matte\/Auskleidung\/Zeltteppich f\u00fcr Wohnmobilvorr\u00e4ume. Ideal unter der Markise, auf der Terrasse, dem Balkon und im Garten.<\/p>\n<ul>\n<li>L\u00e4sst den Boden atmen, ist weich, schimmelresistent und langlebig<\/li>\n<li>Hochgradig pannensicher<\/li>\n<li>Wird in der Sonne nicht besch\u00e4digt &#8211; UV-best\u00e4ndig<\/li>\n<li>Geeignet sich f\u00fcr eine dauerhafte Verrottung<\/li>\n<li>Bietet eine Ableitung von Fl\u00fcssigkeiten zum Boden<\/li>\n<li>Feinmaschiges Netzgewebe sorgt daf\u00fcr, dass die Oberfl\u00e4che der Matte leicht sauber gehalten werden kann, da es sowohl luftdurchl\u00e4ssig als auch wasser- und schmutzabweisend ist<\/li>\n<\/ul>\n<p>Material:<br \/>\n100 % Polypropylen<\/p>\n<p>Lieferumfang:&nbsp;<br \/>\nInklusive Tragetasche<br \/>\nHeringen<br \/>\nBefestigungsclips<br \/>\n&nbsp;<\/p>\n","protected":false},"excerpt":{"rendered":"<p>Extrem strapazierf\u00e4hige Matte\/Auskleidung\/Zeltteppich f\u00fcr Wohnmobilvorr\u00e4ume. Ideal unter der Markise, auf der Terrasse, dem Balkon und im Garten. L\u00e4sst den Boden atmen, ist weich, schimmelresistent und langlebig Hochgradig pannensicher Wird in der Sonne nicht besch\u00e4digt &#8211; UV-best\u00e4ndig Geeignet sich f\u00fcr eine dauerhafte Verrottung Bietet eine Ableitung von Fl\u00fcssigkeiten zum Boden Feinmaschiges Netzgewebe sorgt daf\u00fcr, dass die [&hellip;]<\/p>\n","protected":false},"featured_media":200229,"template":"","meta":{"_acf_changed":false},"product_featured_cat":[],"product_brand":[],"product_cat":[4262],"product_tag":[],"class_list":{"0":"post-200247","1":"product","2":"type-product","3":"status-publish","4":"has-post-thumbnail","6":"product_cat-zeltteppiche-boeden","8":"first","9":"instock","10":"taxable","11":"shipping-taxable","12":"purchasable","13":"product-type-variable"},"acf":[],"yoast_head":"<!-- This site is optimized with the Yoast SEO plugin v27.4 - https:\/\/yoast.com\/product\/yoast-seo-wordpress\/ -->\n<title>Arisol Vorzeltteppich Standard Rigato - Bantam Camping AG<\/title>\n<meta name=\"robots\" content=\"index, follow, max-snippet:-1, max-image-preview:large, max-video-preview:-1\" \/>\n<link rel=\"canonical\" href=\"https:\/\/shop.bantam.ch\/de\/produkt\/arisol-vorzeltteppich-standard-rigato\/\" \/>\n<meta property=\"og:locale\" content=\"de_DE\" \/>\n<meta property=\"og:type\" content=\"article\" \/>\n<meta property=\"og:title\" content=\"Arisol Vorzeltteppich Standard Rigato - Bantam Camping AG\" \/>\n<meta property=\"og:description\" content=\"Extrem strapazierf\u00e4hige Matte\/Auskleidung\/Zeltteppich f\u00fcr Wohnmobilvorr\u00e4ume. Ideal unter der Markise, auf der Terrasse, dem Balkon und im Garten. L\u00e4sst den Boden atmen, ist weich, schimmelresistent und langlebig Hochgradig pannensicher Wird in der Sonne nicht besch\u00e4digt &#8211; UV-best\u00e4ndig Geeignet sich f\u00fcr eine dauerhafte Verrottung Bietet eine Ableitung von Fl\u00fcssigkeiten zum Boden Feinmaschiges Netzgewebe sorgt daf\u00fcr, dass die [&hellip;]\" \/>\n<meta property=\"og:url\" content=\"https:\/\/shop.bantam.ch\/de\/produkt\/arisol-vorzeltteppich-standard-rigato\/\" \/>\n<meta property=\"og:site_name\" content=\"Bantam Camping AG\" \/>\n<meta property=\"article:modified_time\" content=\"2026-04-17T23:26:38+00:00\" \/>\n<meta name=\"twitter:card\" content=\"summary_large_image\" \/>\n<script type=\"application\/ld+json\" class=\"yoast-schema-graph\">{\"@context\":\"https:\\\/\\\/schema.org\",\"@graph\":[{\"@type\":\"WebPage\",\"@id\":\"https:\\\/\\\/shop.bantam.ch\\\/de\\\/produkt\\\/arisol-vorzeltteppich-standard-rigato\\\/\",\"url\":\"https:\\\/\\\/shop.bantam.ch\\\/de\\\/produkt\\\/arisol-vorzeltteppich-standard-rigato\\\/\",\"name\":\"Arisol Vorzeltteppich Standard Rigato - Bantam Camping AG\",\"isPartOf\":{\"@id\":\"https:\\\/\\\/shop.bantam.ch\\\/de\\\/#website\"},\"primaryImageOfPage\":{\"@id\":\"https:\\\/\\\/shop.bantam.ch\\\/de\\\/produkt\\\/arisol-vorzeltteppich-standard-rigato\\\/#primaryimage\"},\"image\":{\"@id\":\"https:\\\/\\\/shop.bantam.ch\\\/de\\\/produkt\\\/arisol-vorzeltteppich-standard-rigato\\\/#primaryimage\"},\"thumbnailUrl\":\"https:\\\/\\\/shop.bantam.ch\\\/wp-content\\\/uploads\\\/2024\\\/05\\\/Movera-L-0106705100.jpg\",\"datePublished\":\"2024-05-15T15:30:36+00:00\",\"dateModified\":\"2026-04-17T23:26:38+00:00\",\"breadcrumb\":{\"@id\":\"https:\\\/\\\/shop.bantam.ch\\\/de\\\/produkt\\\/arisol-vorzeltteppich-standard-rigato\\\/#breadcrumb\"},\"inLanguage\":\"de\",\"potentialAction\":[{\"@type\":\"ReadAction\",\"target\":[\"https:\\\/\\\/shop.bantam.ch\\\/de\\\/produkt\\\/arisol-vorzeltteppich-standard-rigato\\\/\"]}]},{\"@type\":\"ImageObject\",\"inLanguage\":\"de\",\"@id\":\"https:\\\/\\\/shop.bantam.ch\\\/de\\\/produkt\\\/arisol-vorzeltteppich-standard-rigato\\\/#primaryimage\",\"url\":\"https:\\\/\\\/shop.bantam.ch\\\/wp-content\\\/uploads\\\/2024\\\/05\\\/Movera-L-0106705100.jpg\",\"contentUrl\":\"https:\\\/\\\/shop.bantam.ch\\\/wp-content\\\/uploads\\\/2024\\\/05\\\/Movera-L-0106705100.jpg\",\"width\":640,\"height\":764},{\"@type\":\"BreadcrumbList\",\"@id\":\"https:\\\/\\\/shop.bantam.ch\\\/de\\\/produkt\\\/arisol-vorzeltteppich-standard-rigato\\\/#breadcrumb\",\"itemListElement\":[{\"@type\":\"ListItem\",\"position\":1,\"name\":\"Accueil\",\"item\":\"https:\\\/\\\/shop.bantam.ch\\\/de\\\/\"},{\"@type\":\"ListItem\",\"position\":2,\"name\":\"Shop\",\"item\":\"https:\\\/\\\/shop.bantam.ch\\\/de\\\/shop\\\/\"},{\"@type\":\"ListItem\",\"position\":3,\"name\":\"Arisol Vorzeltteppich Standard Rigato\"}]},{\"@type\":\"WebSite\",\"@id\":\"https:\\\/\\\/shop.bantam.ch\\\/de\\\/#website\",\"url\":\"https:\\\/\\\/shop.bantam.ch\\\/de\\\/\",\"name\":\"Bantam Camping AG\",\"description\":\"\",\"publisher\":{\"@id\":\"https:\\\/\\\/shop.bantam.ch\\\/de\\\/#organization\"},\"inLanguage\":\"de\"},{\"@type\":\"Organization\",\"@id\":\"https:\\\/\\\/shop.bantam.ch\\\/de\\\/#organization\",\"name\":\"Bantam Camping AG\",\"url\":\"https:\\\/\\\/shop.bantam.ch\\\/de\\\/\",\"logo\":{\"@type\":\"ImageObject\",\"inLanguage\":\"de\",\"@id\":\"https:\\\/\\\/shop.bantam.ch\\\/de\\\/#\\\/schema\\\/logo\\\/image\\\/\",\"url\":\"https:\\\/\\\/shop.bantam.ch\\\/wp-content\\\/uploads\\\/2022\\\/12\\\/bantam-logo.png\",\"contentUrl\":\"https:\\\/\\\/shop.bantam.ch\\\/wp-content\\\/uploads\\\/2022\\\/12\\\/bantam-logo.png\",\"width\":320,\"height\":71,\"caption\":\"Bantam Camping AG\"},\"image\":{\"@id\":\"https:\\\/\\\/shop.bantam.ch\\\/de\\\/#\\\/schema\\\/logo\\\/image\\\/\"}}]}<\/script>\n<!-- \/ Yoast SEO plugin. -->","yoast_head_json":{"title":"Arisol Vorzeltteppich Standard Rigato - Bantam Camping AG","robots":{"index":"index","follow":"follow","max-snippet":"max-snippet:-1","max-image-preview":"max-image-preview:large","max-video-preview":"max-video-preview:-1"},"canonical":"https:\/\/shop.bantam.ch\/de\/produkt\/arisol-vorzeltteppich-standard-rigato\/","og_locale":"de_DE","og_type":"article","og_title":"Arisol Vorzeltteppich Standard Rigato - Bantam Camping AG","og_description":"Extrem strapazierf\u00e4hige Matte\/Auskleidung\/Zeltteppich f\u00fcr Wohnmobilvorr\u00e4ume. Ideal unter der Markise, auf der Terrasse, dem Balkon und im Garten. L\u00e4sst den Boden atmen, ist weich, schimmelresistent und langlebig Hochgradig pannensicher Wird in der Sonne nicht besch\u00e4digt &#8211; UV-best\u00e4ndig Geeignet sich f\u00fcr eine dauerhafte Verrottung Bietet eine Ableitung von Fl\u00fcssigkeiten zum Boden Feinmaschiges Netzgewebe sorgt daf\u00fcr, dass die [&hellip;]","og_url":"https:\/\/shop.bantam.ch\/de\/produkt\/arisol-vorzeltteppich-standard-rigato\/","og_site_name":"Bantam Camping AG","article_modified_time":"2026-04-17T23:26:38+00:00","twitter_card":"summary_large_image","schema":{"@context":"https:\/\/schema.org","@graph":[{"@type":"WebPage","@id":"https:\/\/shop.bantam.ch\/de\/produkt\/arisol-vorzeltteppich-standard-rigato\/","url":"https:\/\/shop.bantam.ch\/de\/produkt\/arisol-vorzeltteppich-standard-rigato\/","name":"Arisol Vorzeltteppich Standard Rigato - Bantam Camping AG","isPartOf":{"@id":"https:\/\/shop.bantam.ch\/de\/#website"},"primaryImageOfPage":{"@id":"https:\/\/shop.bantam.ch\/de\/produkt\/arisol-vorzeltteppich-standard-rigato\/#primaryimage"},"image":{"@id":"https:\/\/shop.bantam.ch\/de\/produkt\/arisol-vorzeltteppich-standard-rigato\/#primaryimage"},"thumbnailUrl":"https:\/\/shop.bantam.ch\/wp-content\/uploads\/2024\/05\/Movera-L-0106705100.jpg","datePublished":"2024-05-15T15:30:36+00:00","dateModified":"2026-04-17T23:26:38+00:00","breadcrumb":{"@id":"https:\/\/shop.bantam.ch\/de\/produkt\/arisol-vorzeltteppich-standard-rigato\/#breadcrumb"},"inLanguage":"de","potentialAction":[{"@type":"ReadAction","target":["https:\/\/shop.bantam.ch\/de\/produkt\/arisol-vorzeltteppich-standard-rigato\/"]}]},{"@type":"ImageObject","inLanguage":"de","@id":"https:\/\/shop.bantam.ch\/de\/produkt\/arisol-vorzeltteppich-standard-rigato\/#primaryimage","url":"https:\/\/shop.bantam.ch\/wp-content\/uploads\/2024\/05\/Movera-L-0106705100.jpg","contentUrl":"https:\/\/shop.bantam.ch\/wp-content\/uploads\/2024\/05\/Movera-L-0106705100.jpg","width":640,"height":764},{"@type":"BreadcrumbList","@id":"https:\/\/shop.bantam.ch\/de\/produkt\/arisol-vorzeltteppich-standard-rigato\/#breadcrumb","itemListElement":[{"@type":"ListItem","position":1,"name":"Accueil","item":"https:\/\/shop.bantam.ch\/de\/"},{"@type":"ListItem","position":2,"name":"Shop","item":"https:\/\/shop.bantam.ch\/de\/shop\/"},{"@type":"ListItem","position":3,"name":"Arisol Vorzeltteppich Standard Rigato"}]},{"@type":"WebSite","@id":"https:\/\/shop.bantam.ch\/de\/#website","url":"https:\/\/shop.bantam.ch\/de\/","name":"Bantam Camping AG","description":"","publisher":{"@id":"https:\/\/shop.bantam.ch\/de\/#organization"},"inLanguage":"de"},{"@type":"Organization","@id":"https:\/\/shop.bantam.ch\/de\/#organization","name":"Bantam Camping AG","url":"https:\/\/shop.bantam.ch\/de\/","logo":{"@type":"ImageObject","inLanguage":"de","@id":"https:\/\/shop.bantam.ch\/de\/#\/schema\/logo\/image\/","url":"https:\/\/shop.bantam.ch\/wp-content\/uploads\/2022\/12\/bantam-logo.png","contentUrl":"https:\/\/shop.bantam.ch\/wp-content\/uploads\/2022\/12\/bantam-logo.png","width":320,"height":71,"caption":"Bantam Camping AG"},"image":{"@id":"https:\/\/shop.bantam.ch\/de\/#\/schema\/logo\/image\/"}}]}},"_links":{"self":[{"href":"https:\/\/shop.bantam.ch\/de\/wp-json\/wp\/v2\/product\/200247","targetHints":{"allow":["GET"]}}],"collection":[{"href":"https:\/\/shop.bantam.ch\/de\/wp-json\/wp\/v2\/product"}],"about":[{"href":"https:\/\/shop.bantam.ch\/de\/wp-json\/wp\/v2\/types\/product"}],"wp:featuredmedia":[{"embeddable":true,"href":"https:\/\/shop.bantam.ch\/de\/wp-json\/wp\/v2\/media\/200229"}],"wp:attachment":[{"href":"https:\/\/shop.bantam.ch\/de\/wp-json\/wp\/v2\/media?parent=200247"}],"wp:term":[{"taxonomy":"product_featured_cat","embeddable":true,"href":"https:\/\/shop.bantam.ch\/de\/wp-json\/wp\/v2\/product_featured_cat?post=200247"},{"taxonomy":"product_brand","embeddable":true,"href":"https:\/\/shop.bantam.ch\/de\/wp-json\/wp\/v2\/product_brand?post=200247"},{"taxonomy":"product_cat","embeddable":true,"href":"https:\/\/shop.bantam.ch\/de\/wp-json\/wp\/v2\/product_cat?post=200247"},{"taxonomy":"product_tag","embeddable":true,"href":"https:\/\/shop.bantam.ch\/de\/wp-json\/wp\/v2\/product_tag?post=200247"}],"curies":[{"name":"wp","href":"https:\/\/api.w.org\/{rel}","templated":true}]}}