{"id":200129,"date":"2024-05-15T17:27:38","date_gmt":"2024-05-15T15:27:38","guid":{"rendered":"https:\/\/shop.bantam.ch\/produit\/campingkocher-grill-campingaz-tour-grill-s-farbe-silver-schwarz\/"},"modified":"2026-04-21T23:17:23","modified_gmt":"2026-04-21T21:17:23","slug":"campingkocher-grill-campingaz-tour-grill-s-farbe-silver-schwarz","status":"publish","type":"product","link":"https:\/\/shop.bantam.ch\/de\/produkt\/campingkocher-grill-campingaz-tour-grill-s-farbe-silver-schwarz\/","title":{"rendered":"Campingkocher- &amp; Grill Campingaz Tour &amp; Grill S Farbe: silver, schwarz"},"content":{"rendered":"<p>Der Tour &amp; Grill S ist der perfekte mobile Grill f\u00fcr unterwegs. Trotz seiner tragbaren und leichten Eigenschaft bietet er eine beeindruckende Leistung.<br \/>\nMit seiner Grillfl\u00e4che aus emaillierten Stahl und leistungsstarken Edelstahlbrenner von 2,4 kW wird ein gleichm\u00e4\u00dfiges und optimales Grillerlebnis gew\u00e4hrleistet.<br \/>\nDurch die einfache Handhabung l\u00e4sst sich der Grill m\u00fchelos transportieren und schnell einsetzten, sei es als Stand- oder Tischgrill. Um den Tour &amp; Grill S als Standgrill zu nutzen, m\u00fcssen lediglich die Stahlbeine und die Ablagefl\u00e4che eingeklickt werden.<br \/>\nDie Ablagefl\u00e4che kann als Aufbewahrungsm\u00f6glichkeit f\u00fcr die Gaskartusche und beispielsweise Gew\u00fcrze genutzt werden.<br \/>\n&nbsp;<\/p>\n","protected":false},"excerpt":{"rendered":"<p>Der Tour &amp; Grill S ist der perfekte mobile Grill f\u00fcr unterwegs. Trotz seiner tragbaren und leichten Eigenschaft bietet er eine beeindruckende Leistung. Mit seiner Grillfl\u00e4che aus emaillierten Stahl und leistungsstarken Edelstahlbrenner von 2,4 kW wird ein gleichm\u00e4\u00dfiges und optimales Grillerlebnis gew\u00e4hrleistet. Durch die einfache Handhabung l\u00e4sst sich der Grill m\u00fchelos transportieren und schnell einsetzten, [&hellip;]<\/p>\n","protected":false},"featured_media":207543,"template":"","meta":{"_acf_changed":false},"product_featured_cat":[],"product_brand":[],"product_cat":[4280,4306],"product_tag":[],"class_list":{"0":"post-200129","1":"product","2":"type-product","3":"status-publish","4":"has-post-thumbnail","6":"product_cat-gasgrills","7":"product_cat-kocher-kocher","9":"first","10":"instock","11":"taxable","12":"shipping-taxable","13":"purchasable","14":"product-type-simple"},"acf":[],"yoast_head":"<!-- This site is optimized with the Yoast SEO plugin v27.4 - https:\/\/yoast.com\/product\/yoast-seo-wordpress\/ -->\n<title>Campingkocher- &amp; Grill Campingaz Tour &amp; Grill S Farbe: silver, schwarz - Bantam Camping AG<\/title>\n<meta name=\"robots\" content=\"index, follow, max-snippet:-1, max-image-preview:large, max-video-preview:-1\" \/>\n<link rel=\"canonical\" href=\"https:\/\/shop.bantam.ch\/de\/produkt\/campingkocher-grill-campingaz-tour-grill-s-farbe-silver-schwarz\/\" \/>\n<meta property=\"og:locale\" content=\"de_DE\" \/>\n<meta property=\"og:type\" content=\"article\" \/>\n<meta property=\"og:title\" content=\"Campingkocher- &amp; Grill Campingaz Tour &amp; Grill S Farbe: silver, schwarz - Bantam Camping AG\" \/>\n<meta property=\"og:description\" content=\"Der Tour &amp; Grill S ist der perfekte mobile Grill f\u00fcr unterwegs. Trotz seiner tragbaren und leichten Eigenschaft bietet er eine beeindruckende Leistung. Mit seiner Grillfl\u00e4che aus emaillierten Stahl und leistungsstarken Edelstahlbrenner von 2,4 kW wird ein gleichm\u00e4\u00dfiges und optimales Grillerlebnis gew\u00e4hrleistet. Durch die einfache Handhabung l\u00e4sst sich der Grill m\u00fchelos transportieren und schnell einsetzten, [&hellip;]\" \/>\n<meta property=\"og:url\" content=\"https:\/\/shop.bantam.ch\/de\/produkt\/campingkocher-grill-campingaz-tour-grill-s-farbe-silver-schwarz\/\" \/>\n<meta property=\"og:site_name\" content=\"Bantam Camping AG\" \/>\n<meta property=\"article:modified_time\" content=\"2026-04-21T21:17:23+00:00\" \/>\n<meta name=\"twitter:card\" content=\"summary_large_image\" \/>\n<meta name=\"twitter:label1\" content=\"Gesch\u00e4tzte Lesezeit\" \/>\n\t<meta name=\"twitter:data1\" content=\"1\u00a0Minute\" \/>\n<script type=\"application\/ld+json\" class=\"yoast-schema-graph\">{\"@context\":\"https:\\\/\\\/schema.org\",\"@graph\":[{\"@type\":\"WebPage\",\"@id\":\"https:\\\/\\\/shop.bantam.ch\\\/de\\\/produkt\\\/campingkocher-grill-campingaz-tour-grill-s-farbe-silver-schwarz\\\/\",\"url\":\"https:\\\/\\\/shop.bantam.ch\\\/de\\\/produkt\\\/campingkocher-grill-campingaz-tour-grill-s-farbe-silver-schwarz\\\/\",\"name\":\"Campingkocher- &amp; Grill Campingaz Tour &amp; Grill S Farbe: silver, schwarz - Bantam Camping AG\",\"isPartOf\":{\"@id\":\"https:\\\/\\\/shop.bantam.ch\\\/de\\\/#website\"},\"primaryImageOfPage\":{\"@id\":\"https:\\\/\\\/shop.bantam.ch\\\/de\\\/produkt\\\/campingkocher-grill-campingaz-tour-grill-s-farbe-silver-schwarz\\\/#primaryimage\"},\"image\":{\"@id\":\"https:\\\/\\\/shop.bantam.ch\\\/de\\\/produkt\\\/campingkocher-grill-campingaz-tour-grill-s-farbe-silver-schwarz\\\/#primaryimage\"},\"thumbnailUrl\":\"https:\\\/\\\/shop.bantam.ch\\\/wp-content\\\/uploads\\\/2024\\\/09\\\/Movera-L-9975244100.jpg\",\"datePublished\":\"2024-05-15T15:27:38+00:00\",\"dateModified\":\"2026-04-21T21:17:23+00:00\",\"breadcrumb\":{\"@id\":\"https:\\\/\\\/shop.bantam.ch\\\/de\\\/produkt\\\/campingkocher-grill-campingaz-tour-grill-s-farbe-silver-schwarz\\\/#breadcrumb\"},\"inLanguage\":\"de\",\"potentialAction\":[{\"@type\":\"ReadAction\",\"target\":[\"https:\\\/\\\/shop.bantam.ch\\\/de\\\/produkt\\\/campingkocher-grill-campingaz-tour-grill-s-farbe-silver-schwarz\\\/\"]}]},{\"@type\":\"ImageObject\",\"inLanguage\":\"de\",\"@id\":\"https:\\\/\\\/shop.bantam.ch\\\/de\\\/produkt\\\/campingkocher-grill-campingaz-tour-grill-s-farbe-silver-schwarz\\\/#primaryimage\",\"url\":\"https:\\\/\\\/shop.bantam.ch\\\/wp-content\\\/uploads\\\/2024\\\/09\\\/Movera-L-9975244100.jpg\",\"contentUrl\":\"https:\\\/\\\/shop.bantam.ch\\\/wp-content\\\/uploads\\\/2024\\\/09\\\/Movera-L-9975244100.jpg\",\"width\":640,\"height\":640},{\"@type\":\"BreadcrumbList\",\"@id\":\"https:\\\/\\\/shop.bantam.ch\\\/de\\\/produkt\\\/campingkocher-grill-campingaz-tour-grill-s-farbe-silver-schwarz\\\/#breadcrumb\",\"itemListElement\":[{\"@type\":\"ListItem\",\"position\":1,\"name\":\"Accueil\",\"item\":\"https:\\\/\\\/shop.bantam.ch\\\/de\\\/\"},{\"@type\":\"ListItem\",\"position\":2,\"name\":\"Shop\",\"item\":\"https:\\\/\\\/shop.bantam.ch\\\/de\\\/shop\\\/\"},{\"@type\":\"ListItem\",\"position\":3,\"name\":\"Campingkocher- &amp; Grill Campingaz Tour &amp; Grill S Farbe: silver, schwarz\"}]},{\"@type\":\"WebSite\",\"@id\":\"https:\\\/\\\/shop.bantam.ch\\\/de\\\/#website\",\"url\":\"https:\\\/\\\/shop.bantam.ch\\\/de\\\/\",\"name\":\"Bantam Camping AG\",\"description\":\"\",\"publisher\":{\"@id\":\"https:\\\/\\\/shop.bantam.ch\\\/de\\\/#organization\"},\"inLanguage\":\"de\"},{\"@type\":\"Organization\",\"@id\":\"https:\\\/\\\/shop.bantam.ch\\\/de\\\/#organization\",\"name\":\"Bantam Camping AG\",\"url\":\"https:\\\/\\\/shop.bantam.ch\\\/de\\\/\",\"logo\":{\"@type\":\"ImageObject\",\"inLanguage\":\"de\",\"@id\":\"https:\\\/\\\/shop.bantam.ch\\\/de\\\/#\\\/schema\\\/logo\\\/image\\\/\",\"url\":\"https:\\\/\\\/shop.bantam.ch\\\/wp-content\\\/uploads\\\/2022\\\/12\\\/bantam-logo.png\",\"contentUrl\":\"https:\\\/\\\/shop.bantam.ch\\\/wp-content\\\/uploads\\\/2022\\\/12\\\/bantam-logo.png\",\"width\":320,\"height\":71,\"caption\":\"Bantam Camping AG\"},\"image\":{\"@id\":\"https:\\\/\\\/shop.bantam.ch\\\/de\\\/#\\\/schema\\\/logo\\\/image\\\/\"}}]}<\/script>\n<!-- \/ Yoast SEO plugin. -->","yoast_head_json":{"title":"Campingkocher- &amp; Grill Campingaz Tour &amp; Grill S Farbe: silver, schwarz - Bantam Camping AG","robots":{"index":"index","follow":"follow","max-snippet":"max-snippet:-1","max-image-preview":"max-image-preview:large","max-video-preview":"max-video-preview:-1"},"canonical":"https:\/\/shop.bantam.ch\/de\/produkt\/campingkocher-grill-campingaz-tour-grill-s-farbe-silver-schwarz\/","og_locale":"de_DE","og_type":"article","og_title":"Campingkocher- &amp; Grill Campingaz Tour &amp; Grill S Farbe: silver, schwarz - Bantam Camping AG","og_description":"Der Tour &amp; Grill S ist der perfekte mobile Grill f\u00fcr unterwegs. Trotz seiner tragbaren und leichten Eigenschaft bietet er eine beeindruckende Leistung. Mit seiner Grillfl\u00e4che aus emaillierten Stahl und leistungsstarken Edelstahlbrenner von 2,4 kW wird ein gleichm\u00e4\u00dfiges und optimales Grillerlebnis gew\u00e4hrleistet. Durch die einfache Handhabung l\u00e4sst sich der Grill m\u00fchelos transportieren und schnell einsetzten, [&hellip;]","og_url":"https:\/\/shop.bantam.ch\/de\/produkt\/campingkocher-grill-campingaz-tour-grill-s-farbe-silver-schwarz\/","og_site_name":"Bantam Camping AG","article_modified_time":"2026-04-21T21:17:23+00:00","twitter_card":"summary_large_image","twitter_misc":{"Gesch\u00e4tzte Lesezeit":"1\u00a0Minute"},"schema":{"@context":"https:\/\/schema.org","@graph":[{"@type":"WebPage","@id":"https:\/\/shop.bantam.ch\/de\/produkt\/campingkocher-grill-campingaz-tour-grill-s-farbe-silver-schwarz\/","url":"https:\/\/shop.bantam.ch\/de\/produkt\/campingkocher-grill-campingaz-tour-grill-s-farbe-silver-schwarz\/","name":"Campingkocher- &amp; Grill Campingaz Tour &amp; Grill S Farbe: silver, schwarz - Bantam Camping AG","isPartOf":{"@id":"https:\/\/shop.bantam.ch\/de\/#website"},"primaryImageOfPage":{"@id":"https:\/\/shop.bantam.ch\/de\/produkt\/campingkocher-grill-campingaz-tour-grill-s-farbe-silver-schwarz\/#primaryimage"},"image":{"@id":"https:\/\/shop.bantam.ch\/de\/produkt\/campingkocher-grill-campingaz-tour-grill-s-farbe-silver-schwarz\/#primaryimage"},"thumbnailUrl":"https:\/\/shop.bantam.ch\/wp-content\/uploads\/2024\/09\/Movera-L-9975244100.jpg","datePublished":"2024-05-15T15:27:38+00:00","dateModified":"2026-04-21T21:17:23+00:00","breadcrumb":{"@id":"https:\/\/shop.bantam.ch\/de\/produkt\/campingkocher-grill-campingaz-tour-grill-s-farbe-silver-schwarz\/#breadcrumb"},"inLanguage":"de","potentialAction":[{"@type":"ReadAction","target":["https:\/\/shop.bantam.ch\/de\/produkt\/campingkocher-grill-campingaz-tour-grill-s-farbe-silver-schwarz\/"]}]},{"@type":"ImageObject","inLanguage":"de","@id":"https:\/\/shop.bantam.ch\/de\/produkt\/campingkocher-grill-campingaz-tour-grill-s-farbe-silver-schwarz\/#primaryimage","url":"https:\/\/shop.bantam.ch\/wp-content\/uploads\/2024\/09\/Movera-L-9975244100.jpg","contentUrl":"https:\/\/shop.bantam.ch\/wp-content\/uploads\/2024\/09\/Movera-L-9975244100.jpg","width":640,"height":640},{"@type":"BreadcrumbList","@id":"https:\/\/shop.bantam.ch\/de\/produkt\/campingkocher-grill-campingaz-tour-grill-s-farbe-silver-schwarz\/#breadcrumb","itemListElement":[{"@type":"ListItem","position":1,"name":"Accueil","item":"https:\/\/shop.bantam.ch\/de\/"},{"@type":"ListItem","position":2,"name":"Shop","item":"https:\/\/shop.bantam.ch\/de\/shop\/"},{"@type":"ListItem","position":3,"name":"Campingkocher- &amp; Grill Campingaz Tour &amp; Grill S Farbe: silver, schwarz"}]},{"@type":"WebSite","@id":"https:\/\/shop.bantam.ch\/de\/#website","url":"https:\/\/shop.bantam.ch\/de\/","name":"Bantam Camping AG","description":"","publisher":{"@id":"https:\/\/shop.bantam.ch\/de\/#organization"},"inLanguage":"de"},{"@type":"Organization","@id":"https:\/\/shop.bantam.ch\/de\/#organization","name":"Bantam Camping AG","url":"https:\/\/shop.bantam.ch\/de\/","logo":{"@type":"ImageObject","inLanguage":"de","@id":"https:\/\/shop.bantam.ch\/de\/#\/schema\/logo\/image\/","url":"https:\/\/shop.bantam.ch\/wp-content\/uploads\/2022\/12\/bantam-logo.png","contentUrl":"https:\/\/shop.bantam.ch\/wp-content\/uploads\/2022\/12\/bantam-logo.png","width":320,"height":71,"caption":"Bantam Camping AG"},"image":{"@id":"https:\/\/shop.bantam.ch\/de\/#\/schema\/logo\/image\/"}}]}},"_links":{"self":[{"href":"https:\/\/shop.bantam.ch\/de\/wp-json\/wp\/v2\/product\/200129","targetHints":{"allow":["GET"]}}],"collection":[{"href":"https:\/\/shop.bantam.ch\/de\/wp-json\/wp\/v2\/product"}],"about":[{"href":"https:\/\/shop.bantam.ch\/de\/wp-json\/wp\/v2\/types\/product"}],"wp:featuredmedia":[{"embeddable":true,"href":"https:\/\/shop.bantam.ch\/de\/wp-json\/wp\/v2\/media\/207543"}],"wp:attachment":[{"href":"https:\/\/shop.bantam.ch\/de\/wp-json\/wp\/v2\/media?parent=200129"}],"wp:term":[{"taxonomy":"product_featured_cat","embeddable":true,"href":"https:\/\/shop.bantam.ch\/de\/wp-json\/wp\/v2\/product_featured_cat?post=200129"},{"taxonomy":"product_brand","embeddable":true,"href":"https:\/\/shop.bantam.ch\/de\/wp-json\/wp\/v2\/product_brand?post=200129"},{"taxonomy":"product_cat","embeddable":true,"href":"https:\/\/shop.bantam.ch\/de\/wp-json\/wp\/v2\/product_cat?post=200129"},{"taxonomy":"product_tag","embeddable":true,"href":"https:\/\/shop.bantam.ch\/de\/wp-json\/wp\/v2\/product_tag?post=200129"}],"curies":[{"name":"wp","href":"https:\/\/api.w.org\/{rel}","templated":true}]}}