{"id":200095,"date":"2024-05-15T17:27:06","date_gmt":"2024-05-15T15:27:06","guid":{"rendered":"https:\/\/shop.bantam.ch\/produit\/tischgrill-campingaz-attitude-2go-electric\/"},"modified":"2026-04-20T23:13:45","modified_gmt":"2026-04-20T21:13:45","slug":"tischgrill-campingaz-attitude-2go-electric","status":"publish","type":"product","link":"https:\/\/shop.bantam.ch\/de\/produkt\/tischgrill-campingaz-attitude-2go-electric\/","title":{"rendered":"Tischgrill Campingaz Attitude 2go Electric"},"content":{"rendered":"<p>Entdecke den elektronischen Tischgrill Attitude 2go Electric &#8211; ein perfekter Begleiter, der ein leckeres Grillvergn\u00fcgen sowohl Indoor als auch Outdoor verspricht. Hergestellt aus langlebigen und solidem Material mit abgerundeten Griffen f\u00fcr m\u00fcheloses Anheben. Der vormontierte Tischgrill kann schnell ausgepackt und eingesteckt werden, so kannst du sofort die Vielseitigkeit dieses Grills testen und&nbsp; genie\u00dfen, sei es in der K\u00fcche zu Hause, drau\u00dfen auf dem Balkon oder im Garten.&nbsp;<\/p>\n","protected":false},"excerpt":{"rendered":"<p>Entdecke den elektronischen Tischgrill Attitude 2go Electric &#8211; ein perfekter Begleiter, der ein leckeres Grillvergn\u00fcgen sowohl Indoor als auch Outdoor verspricht. Hergestellt aus langlebigen und solidem Material mit abgerundeten Griffen f\u00fcr m\u00fcheloses Anheben. Der vormontierte Tischgrill kann schnell ausgepackt und eingesteckt werden, so kannst du sofort die Vielseitigkeit dieses Grills testen und&nbsp; genie\u00dfen, sei es [&hellip;]<\/p>\n","protected":false},"featured_media":207535,"template":"","meta":{"_acf_changed":false},"product_featured_cat":[],"product_brand":[],"product_cat":[4278],"product_tag":[],"class_list":{"0":"post-200095","1":"product","2":"type-product","3":"status-publish","4":"has-post-thumbnail","6":"product_cat-elektrogrills","8":"first","9":"instock","10":"taxable","11":"shipping-taxable","12":"purchasable","13":"product-type-simple"},"acf":[],"yoast_head":"<!-- This site is optimized with the Yoast SEO plugin v27.4 - https:\/\/yoast.com\/product\/yoast-seo-wordpress\/ -->\n<title>Tischgrill Campingaz Attitude 2go Electric - Bantam Camping AG<\/title>\n<meta name=\"robots\" content=\"index, follow, max-snippet:-1, max-image-preview:large, max-video-preview:-1\" \/>\n<link rel=\"canonical\" href=\"https:\/\/shop.bantam.ch\/de\/produkt\/tischgrill-campingaz-attitude-2go-electric\/\" \/>\n<meta property=\"og:locale\" content=\"de_DE\" \/>\n<meta property=\"og:type\" content=\"article\" \/>\n<meta property=\"og:title\" content=\"Tischgrill Campingaz Attitude 2go Electric - Bantam Camping AG\" \/>\n<meta property=\"og:description\" content=\"Entdecke den elektronischen Tischgrill Attitude 2go Electric &#8211; ein perfekter Begleiter, der ein leckeres Grillvergn\u00fcgen sowohl Indoor als auch Outdoor verspricht. Hergestellt aus langlebigen und solidem Material mit abgerundeten Griffen f\u00fcr m\u00fcheloses Anheben. Der vormontierte Tischgrill kann schnell ausgepackt und eingesteckt werden, so kannst du sofort die Vielseitigkeit dieses Grills testen und&nbsp; genie\u00dfen, sei es [&hellip;]\" \/>\n<meta property=\"og:url\" content=\"https:\/\/shop.bantam.ch\/de\/produkt\/tischgrill-campingaz-attitude-2go-electric\/\" \/>\n<meta property=\"og:site_name\" content=\"Bantam Camping AG\" \/>\n<meta property=\"article:modified_time\" content=\"2026-04-20T21:13:45+00:00\" \/>\n<meta name=\"twitter:card\" content=\"summary_large_image\" \/>\n<script type=\"application\/ld+json\" class=\"yoast-schema-graph\">{\"@context\":\"https:\\\/\\\/schema.org\",\"@graph\":[{\"@type\":\"WebPage\",\"@id\":\"https:\\\/\\\/shop.bantam.ch\\\/de\\\/produkt\\\/tischgrill-campingaz-attitude-2go-electric\\\/\",\"url\":\"https:\\\/\\\/shop.bantam.ch\\\/de\\\/produkt\\\/tischgrill-campingaz-attitude-2go-electric\\\/\",\"name\":\"Tischgrill Campingaz Attitude 2go Electric - Bantam Camping AG\",\"isPartOf\":{\"@id\":\"https:\\\/\\\/shop.bantam.ch\\\/de\\\/#website\"},\"primaryImageOfPage\":{\"@id\":\"https:\\\/\\\/shop.bantam.ch\\\/de\\\/produkt\\\/tischgrill-campingaz-attitude-2go-electric\\\/#primaryimage\"},\"image\":{\"@id\":\"https:\\\/\\\/shop.bantam.ch\\\/de\\\/produkt\\\/tischgrill-campingaz-attitude-2go-electric\\\/#primaryimage\"},\"thumbnailUrl\":\"https:\\\/\\\/shop.bantam.ch\\\/wp-content\\\/uploads\\\/2024\\\/09\\\/Movera-L-9975239100.jpg\",\"datePublished\":\"2024-05-15T15:27:06+00:00\",\"dateModified\":\"2026-04-20T21:13:45+00:00\",\"breadcrumb\":{\"@id\":\"https:\\\/\\\/shop.bantam.ch\\\/de\\\/produkt\\\/tischgrill-campingaz-attitude-2go-electric\\\/#breadcrumb\"},\"inLanguage\":\"de\",\"potentialAction\":[{\"@type\":\"ReadAction\",\"target\":[\"https:\\\/\\\/shop.bantam.ch\\\/de\\\/produkt\\\/tischgrill-campingaz-attitude-2go-electric\\\/\"]}]},{\"@type\":\"ImageObject\",\"inLanguage\":\"de\",\"@id\":\"https:\\\/\\\/shop.bantam.ch\\\/de\\\/produkt\\\/tischgrill-campingaz-attitude-2go-electric\\\/#primaryimage\",\"url\":\"https:\\\/\\\/shop.bantam.ch\\\/wp-content\\\/uploads\\\/2024\\\/09\\\/Movera-L-9975239100.jpg\",\"contentUrl\":\"https:\\\/\\\/shop.bantam.ch\\\/wp-content\\\/uploads\\\/2024\\\/09\\\/Movera-L-9975239100.jpg\",\"width\":640,\"height\":640},{\"@type\":\"BreadcrumbList\",\"@id\":\"https:\\\/\\\/shop.bantam.ch\\\/de\\\/produkt\\\/tischgrill-campingaz-attitude-2go-electric\\\/#breadcrumb\",\"itemListElement\":[{\"@type\":\"ListItem\",\"position\":1,\"name\":\"Accueil\",\"item\":\"https:\\\/\\\/shop.bantam.ch\\\/de\\\/\"},{\"@type\":\"ListItem\",\"position\":2,\"name\":\"Shop\",\"item\":\"https:\\\/\\\/shop.bantam.ch\\\/de\\\/shop\\\/\"},{\"@type\":\"ListItem\",\"position\":3,\"name\":\"Tischgrill Campingaz Attitude 2go Electric\"}]},{\"@type\":\"WebSite\",\"@id\":\"https:\\\/\\\/shop.bantam.ch\\\/de\\\/#website\",\"url\":\"https:\\\/\\\/shop.bantam.ch\\\/de\\\/\",\"name\":\"Bantam Camping AG\",\"description\":\"\",\"publisher\":{\"@id\":\"https:\\\/\\\/shop.bantam.ch\\\/de\\\/#organization\"},\"inLanguage\":\"de\"},{\"@type\":\"Organization\",\"@id\":\"https:\\\/\\\/shop.bantam.ch\\\/de\\\/#organization\",\"name\":\"Bantam Camping AG\",\"url\":\"https:\\\/\\\/shop.bantam.ch\\\/de\\\/\",\"logo\":{\"@type\":\"ImageObject\",\"inLanguage\":\"de\",\"@id\":\"https:\\\/\\\/shop.bantam.ch\\\/de\\\/#\\\/schema\\\/logo\\\/image\\\/\",\"url\":\"https:\\\/\\\/shop.bantam.ch\\\/wp-content\\\/uploads\\\/2022\\\/12\\\/bantam-logo.png\",\"contentUrl\":\"https:\\\/\\\/shop.bantam.ch\\\/wp-content\\\/uploads\\\/2022\\\/12\\\/bantam-logo.png\",\"width\":320,\"height\":71,\"caption\":\"Bantam Camping AG\"},\"image\":{\"@id\":\"https:\\\/\\\/shop.bantam.ch\\\/de\\\/#\\\/schema\\\/logo\\\/image\\\/\"}}]}<\/script>\n<!-- \/ Yoast SEO plugin. -->","yoast_head_json":{"title":"Tischgrill Campingaz Attitude 2go Electric - Bantam Camping AG","robots":{"index":"index","follow":"follow","max-snippet":"max-snippet:-1","max-image-preview":"max-image-preview:large","max-video-preview":"max-video-preview:-1"},"canonical":"https:\/\/shop.bantam.ch\/de\/produkt\/tischgrill-campingaz-attitude-2go-electric\/","og_locale":"de_DE","og_type":"article","og_title":"Tischgrill Campingaz Attitude 2go Electric - Bantam Camping AG","og_description":"Entdecke den elektronischen Tischgrill Attitude 2go Electric &#8211; ein perfekter Begleiter, der ein leckeres Grillvergn\u00fcgen sowohl Indoor als auch Outdoor verspricht. Hergestellt aus langlebigen und solidem Material mit abgerundeten Griffen f\u00fcr m\u00fcheloses Anheben. Der vormontierte Tischgrill kann schnell ausgepackt und eingesteckt werden, so kannst du sofort die Vielseitigkeit dieses Grills testen und&nbsp; genie\u00dfen, sei es [&hellip;]","og_url":"https:\/\/shop.bantam.ch\/de\/produkt\/tischgrill-campingaz-attitude-2go-electric\/","og_site_name":"Bantam Camping AG","article_modified_time":"2026-04-20T21:13:45+00:00","twitter_card":"summary_large_image","schema":{"@context":"https:\/\/schema.org","@graph":[{"@type":"WebPage","@id":"https:\/\/shop.bantam.ch\/de\/produkt\/tischgrill-campingaz-attitude-2go-electric\/","url":"https:\/\/shop.bantam.ch\/de\/produkt\/tischgrill-campingaz-attitude-2go-electric\/","name":"Tischgrill Campingaz Attitude 2go Electric - Bantam Camping AG","isPartOf":{"@id":"https:\/\/shop.bantam.ch\/de\/#website"},"primaryImageOfPage":{"@id":"https:\/\/shop.bantam.ch\/de\/produkt\/tischgrill-campingaz-attitude-2go-electric\/#primaryimage"},"image":{"@id":"https:\/\/shop.bantam.ch\/de\/produkt\/tischgrill-campingaz-attitude-2go-electric\/#primaryimage"},"thumbnailUrl":"https:\/\/shop.bantam.ch\/wp-content\/uploads\/2024\/09\/Movera-L-9975239100.jpg","datePublished":"2024-05-15T15:27:06+00:00","dateModified":"2026-04-20T21:13:45+00:00","breadcrumb":{"@id":"https:\/\/shop.bantam.ch\/de\/produkt\/tischgrill-campingaz-attitude-2go-electric\/#breadcrumb"},"inLanguage":"de","potentialAction":[{"@type":"ReadAction","target":["https:\/\/shop.bantam.ch\/de\/produkt\/tischgrill-campingaz-attitude-2go-electric\/"]}]},{"@type":"ImageObject","inLanguage":"de","@id":"https:\/\/shop.bantam.ch\/de\/produkt\/tischgrill-campingaz-attitude-2go-electric\/#primaryimage","url":"https:\/\/shop.bantam.ch\/wp-content\/uploads\/2024\/09\/Movera-L-9975239100.jpg","contentUrl":"https:\/\/shop.bantam.ch\/wp-content\/uploads\/2024\/09\/Movera-L-9975239100.jpg","width":640,"height":640},{"@type":"BreadcrumbList","@id":"https:\/\/shop.bantam.ch\/de\/produkt\/tischgrill-campingaz-attitude-2go-electric\/#breadcrumb","itemListElement":[{"@type":"ListItem","position":1,"name":"Accueil","item":"https:\/\/shop.bantam.ch\/de\/"},{"@type":"ListItem","position":2,"name":"Shop","item":"https:\/\/shop.bantam.ch\/de\/shop\/"},{"@type":"ListItem","position":3,"name":"Tischgrill Campingaz Attitude 2go Electric"}]},{"@type":"WebSite","@id":"https:\/\/shop.bantam.ch\/de\/#website","url":"https:\/\/shop.bantam.ch\/de\/","name":"Bantam Camping AG","description":"","publisher":{"@id":"https:\/\/shop.bantam.ch\/de\/#organization"},"inLanguage":"de"},{"@type":"Organization","@id":"https:\/\/shop.bantam.ch\/de\/#organization","name":"Bantam Camping AG","url":"https:\/\/shop.bantam.ch\/de\/","logo":{"@type":"ImageObject","inLanguage":"de","@id":"https:\/\/shop.bantam.ch\/de\/#\/schema\/logo\/image\/","url":"https:\/\/shop.bantam.ch\/wp-content\/uploads\/2022\/12\/bantam-logo.png","contentUrl":"https:\/\/shop.bantam.ch\/wp-content\/uploads\/2022\/12\/bantam-logo.png","width":320,"height":71,"caption":"Bantam Camping AG"},"image":{"@id":"https:\/\/shop.bantam.ch\/de\/#\/schema\/logo\/image\/"}}]}},"_links":{"self":[{"href":"https:\/\/shop.bantam.ch\/de\/wp-json\/wp\/v2\/product\/200095","targetHints":{"allow":["GET"]}}],"collection":[{"href":"https:\/\/shop.bantam.ch\/de\/wp-json\/wp\/v2\/product"}],"about":[{"href":"https:\/\/shop.bantam.ch\/de\/wp-json\/wp\/v2\/types\/product"}],"wp:featuredmedia":[{"embeddable":true,"href":"https:\/\/shop.bantam.ch\/de\/wp-json\/wp\/v2\/media\/207535"}],"wp:attachment":[{"href":"https:\/\/shop.bantam.ch\/de\/wp-json\/wp\/v2\/media?parent=200095"}],"wp:term":[{"taxonomy":"product_featured_cat","embeddable":true,"href":"https:\/\/shop.bantam.ch\/de\/wp-json\/wp\/v2\/product_featured_cat?post=200095"},{"taxonomy":"product_brand","embeddable":true,"href":"https:\/\/shop.bantam.ch\/de\/wp-json\/wp\/v2\/product_brand?post=200095"},{"taxonomy":"product_cat","embeddable":true,"href":"https:\/\/shop.bantam.ch\/de\/wp-json\/wp\/v2\/product_cat?post=200095"},{"taxonomy":"product_tag","embeddable":true,"href":"https:\/\/shop.bantam.ch\/de\/wp-json\/wp\/v2\/product_tag?post=200095"}],"curies":[{"name":"wp","href":"https:\/\/api.w.org\/{rel}","templated":true}]}}