{"id":199941,"date":"2024-05-15T17:22:27","date_gmt":"2024-05-15T15:22:27","guid":{"rendered":"https:\/\/shop.bantam.ch\/produit\/satanlage-automatisch-alden-as2-80-a-i-o-smart\/"},"modified":"2026-04-19T01:26:55","modified_gmt":"2026-04-18T23:26:55","slug":"satanlage-automatisch-alden-as2-80-a-i-o-smart","status":"publish","type":"product","link":"https:\/\/shop.bantam.ch\/de\/produkt\/satanlage-automatisch-alden-as2-80-a-i-o-smart\/","title":{"rendered":"Satanlage automatisch Alden AS2@ 80 \/ A.I.O. SMART"},"content":{"rendered":"<p>ALDEN pr\u00e4sentiert mit der AS2@ HD Serie vollautomatische Satellitenanlagen mit lebenslanger Garantie auf die Motoreinheiten. Die AS2@ HD Serie bietet h\u00f6chste Qualit\u00e4t und Funktionalit\u00e4t bei einfacher Bedienung und geringem Stromverbrauch. Die Anlagen \u00fcberzeugen mit einer sehr schnellen Ausrichtung und gr\u00f6\u00dfter Empfangsreichweite bei 80er Spiegel. Das moderne Design wird durch den Einsatz gesiebter Offset-Spiegel unterstrichen.<\/p>\n<ul>\n<li>Lebenslange Garantie auf die Motoreinheit<\/li>\n<li>Gesiebter Offset-Spiegel<\/li>\n<li>Sehr schnelle Ausrichtung<\/li>\n<li>serienm\u00e4\u00dfig mit LTEasy<\/li>\n<\/ul>\n<p>LTEasy Integrierte LTE-Antenne in der Dachdurchf\u00fchrung<br \/>\nF\u00fcr alle, die neben perfektem Satellitenempfang auch Wert auf eine Mobilfunkverbindung im Reisemobil oder Caravan legen, entwickelte ALDEN das LTE-Ready System. LTEasy ist ideal zur Nutzung des vollen Funktionsumfangs von ALDEN Smart-TVs.<\/p>\n<p>A.I.O.\u00ae HD EVO Smart All-in-One<br \/>\nDas Ger\u00e4t kombiniert ein Smart-TV mit Receiver und Steuermodul (austauschbar) in einem Geh\u00e4use. Es wird lediglich eine Fernbedienung f\u00fcr ein Bedienmen\u00fc ben\u00f6tigt. Platzsparendes Ger\u00e4t mit integriertem Triple-Tuner, sowie Android Smart-Funktion, Bluetooth und USB-Player. Riesiger Betrachtungswinkel 178 \/ 178 (V \/ H).<\/p>\n","protected":false},"excerpt":{"rendered":"<p>ALDEN pr\u00e4sentiert mit der AS2@ HD Serie vollautomatische Satellitenanlagen mit lebenslanger Garantie auf die Motoreinheiten. Die AS2@ HD Serie bietet h\u00f6chste Qualit\u00e4t und Funktionalit\u00e4t bei einfacher Bedienung und geringem Stromverbrauch. Die Anlagen \u00fcberzeugen mit einer sehr schnellen Ausrichtung und gr\u00f6\u00dfter Empfangsreichweite bei 80er Spiegel. Das moderne Design wird durch den Einsatz gesiebter Offset-Spiegel unterstrichen. Lebenslange [&hellip;]<\/p>\n","protected":false},"featured_media":199917,"template":"","meta":{"_acf_changed":false},"product_featured_cat":[],"product_brand":[],"product_cat":[4530],"product_tag":[],"class_list":{"0":"post-199941","1":"product","2":"type-product","3":"status-publish","4":"has-post-thumbnail","6":"product_cat-sat-tv-komplettsysteme","8":"first","9":"instock","10":"taxable","11":"shipping-taxable","12":"purchasable","13":"product-type-variable"},"acf":[],"yoast_head":"<!-- This site is optimized with the Yoast SEO plugin v27.4 - https:\/\/yoast.com\/product\/yoast-seo-wordpress\/ -->\n<title>Satanlage automatisch Alden AS2@ 80 \/ A.I.O. SMART - Bantam Camping AG<\/title>\n<meta name=\"robots\" content=\"index, follow, max-snippet:-1, max-image-preview:large, max-video-preview:-1\" \/>\n<link rel=\"canonical\" href=\"https:\/\/shop.bantam.ch\/de\/produkt\/satanlage-automatisch-alden-as2-80-a-i-o-smart\/\" \/>\n<meta property=\"og:locale\" content=\"de_DE\" \/>\n<meta property=\"og:type\" content=\"article\" \/>\n<meta property=\"og:title\" content=\"Satanlage automatisch Alden AS2@ 80 \/ A.I.O. SMART - Bantam Camping AG\" \/>\n<meta property=\"og:description\" content=\"ALDEN pr\u00e4sentiert mit der AS2@ HD Serie vollautomatische Satellitenanlagen mit lebenslanger Garantie auf die Motoreinheiten. Die AS2@ HD Serie bietet h\u00f6chste Qualit\u00e4t und Funktionalit\u00e4t bei einfacher Bedienung und geringem Stromverbrauch. Die Anlagen \u00fcberzeugen mit einer sehr schnellen Ausrichtung und gr\u00f6\u00dfter Empfangsreichweite bei 80er Spiegel. Das moderne Design wird durch den Einsatz gesiebter Offset-Spiegel unterstrichen. Lebenslange [&hellip;]\" \/>\n<meta property=\"og:url\" content=\"https:\/\/shop.bantam.ch\/de\/produkt\/satanlage-automatisch-alden-as2-80-a-i-o-smart\/\" \/>\n<meta property=\"og:site_name\" content=\"Bantam Camping AG\" \/>\n<meta property=\"article:modified_time\" content=\"2026-04-18T23:26:55+00:00\" \/>\n<meta name=\"twitter:card\" content=\"summary_large_image\" \/>\n<meta name=\"twitter:label1\" content=\"Gesch\u00e4tzte Lesezeit\" \/>\n\t<meta name=\"twitter:data1\" content=\"1\u00a0Minute\" \/>\n<script type=\"application\/ld+json\" class=\"yoast-schema-graph\">{\"@context\":\"https:\\\/\\\/schema.org\",\"@graph\":[{\"@type\":\"WebPage\",\"@id\":\"https:\\\/\\\/shop.bantam.ch\\\/de\\\/produkt\\\/satanlage-automatisch-alden-as2-80-a-i-o-smart\\\/\",\"url\":\"https:\\\/\\\/shop.bantam.ch\\\/de\\\/produkt\\\/satanlage-automatisch-alden-as2-80-a-i-o-smart\\\/\",\"name\":\"Satanlage automatisch Alden AS2@ 80 \\\/ A.I.O. SMART - Bantam Camping AG\",\"isPartOf\":{\"@id\":\"https:\\\/\\\/shop.bantam.ch\\\/de\\\/#website\"},\"primaryImageOfPage\":{\"@id\":\"https:\\\/\\\/shop.bantam.ch\\\/de\\\/produkt\\\/satanlage-automatisch-alden-as2-80-a-i-o-smart\\\/#primaryimage\"},\"image\":{\"@id\":\"https:\\\/\\\/shop.bantam.ch\\\/de\\\/produkt\\\/satanlage-automatisch-alden-as2-80-a-i-o-smart\\\/#primaryimage\"},\"thumbnailUrl\":\"https:\\\/\\\/shop.bantam.ch\\\/wp-content\\\/uploads\\\/2024\\\/05\\\/Movera-L-9963729100.jpg\",\"datePublished\":\"2024-05-15T15:22:27+00:00\",\"dateModified\":\"2026-04-18T23:26:55+00:00\",\"breadcrumb\":{\"@id\":\"https:\\\/\\\/shop.bantam.ch\\\/de\\\/produkt\\\/satanlage-automatisch-alden-as2-80-a-i-o-smart\\\/#breadcrumb\"},\"inLanguage\":\"de\",\"potentialAction\":[{\"@type\":\"ReadAction\",\"target\":[\"https:\\\/\\\/shop.bantam.ch\\\/de\\\/produkt\\\/satanlage-automatisch-alden-as2-80-a-i-o-smart\\\/\"]}]},{\"@type\":\"ImageObject\",\"inLanguage\":\"de\",\"@id\":\"https:\\\/\\\/shop.bantam.ch\\\/de\\\/produkt\\\/satanlage-automatisch-alden-as2-80-a-i-o-smart\\\/#primaryimage\",\"url\":\"https:\\\/\\\/shop.bantam.ch\\\/wp-content\\\/uploads\\\/2024\\\/05\\\/Movera-L-9963729100.jpg\",\"contentUrl\":\"https:\\\/\\\/shop.bantam.ch\\\/wp-content\\\/uploads\\\/2024\\\/05\\\/Movera-L-9963729100.jpg\",\"width\":640,\"height\":666},{\"@type\":\"BreadcrumbList\",\"@id\":\"https:\\\/\\\/shop.bantam.ch\\\/de\\\/produkt\\\/satanlage-automatisch-alden-as2-80-a-i-o-smart\\\/#breadcrumb\",\"itemListElement\":[{\"@type\":\"ListItem\",\"position\":1,\"name\":\"Accueil\",\"item\":\"https:\\\/\\\/shop.bantam.ch\\\/de\\\/\"},{\"@type\":\"ListItem\",\"position\":2,\"name\":\"Shop\",\"item\":\"https:\\\/\\\/shop.bantam.ch\\\/de\\\/shop\\\/\"},{\"@type\":\"ListItem\",\"position\":3,\"name\":\"Satanlage automatisch Alden AS2@ 80 \\\/ A.I.O. SMART\"}]},{\"@type\":\"WebSite\",\"@id\":\"https:\\\/\\\/shop.bantam.ch\\\/de\\\/#website\",\"url\":\"https:\\\/\\\/shop.bantam.ch\\\/de\\\/\",\"name\":\"Bantam Camping AG\",\"description\":\"\",\"publisher\":{\"@id\":\"https:\\\/\\\/shop.bantam.ch\\\/de\\\/#organization\"},\"inLanguage\":\"de\"},{\"@type\":\"Organization\",\"@id\":\"https:\\\/\\\/shop.bantam.ch\\\/de\\\/#organization\",\"name\":\"Bantam Camping AG\",\"url\":\"https:\\\/\\\/shop.bantam.ch\\\/de\\\/\",\"logo\":{\"@type\":\"ImageObject\",\"inLanguage\":\"de\",\"@id\":\"https:\\\/\\\/shop.bantam.ch\\\/de\\\/#\\\/schema\\\/logo\\\/image\\\/\",\"url\":\"https:\\\/\\\/shop.bantam.ch\\\/wp-content\\\/uploads\\\/2022\\\/12\\\/bantam-logo.png\",\"contentUrl\":\"https:\\\/\\\/shop.bantam.ch\\\/wp-content\\\/uploads\\\/2022\\\/12\\\/bantam-logo.png\",\"width\":320,\"height\":71,\"caption\":\"Bantam Camping AG\"},\"image\":{\"@id\":\"https:\\\/\\\/shop.bantam.ch\\\/de\\\/#\\\/schema\\\/logo\\\/image\\\/\"}}]}<\/script>\n<!-- \/ Yoast SEO plugin. -->","yoast_head_json":{"title":"Satanlage automatisch Alden AS2@ 80 \/ A.I.O. SMART - Bantam Camping AG","robots":{"index":"index","follow":"follow","max-snippet":"max-snippet:-1","max-image-preview":"max-image-preview:large","max-video-preview":"max-video-preview:-1"},"canonical":"https:\/\/shop.bantam.ch\/de\/produkt\/satanlage-automatisch-alden-as2-80-a-i-o-smart\/","og_locale":"de_DE","og_type":"article","og_title":"Satanlage automatisch Alden AS2@ 80 \/ A.I.O. SMART - Bantam Camping AG","og_description":"ALDEN pr\u00e4sentiert mit der AS2@ HD Serie vollautomatische Satellitenanlagen mit lebenslanger Garantie auf die Motoreinheiten. Die AS2@ HD Serie bietet h\u00f6chste Qualit\u00e4t und Funktionalit\u00e4t bei einfacher Bedienung und geringem Stromverbrauch. Die Anlagen \u00fcberzeugen mit einer sehr schnellen Ausrichtung und gr\u00f6\u00dfter Empfangsreichweite bei 80er Spiegel. Das moderne Design wird durch den Einsatz gesiebter Offset-Spiegel unterstrichen. Lebenslange [&hellip;]","og_url":"https:\/\/shop.bantam.ch\/de\/produkt\/satanlage-automatisch-alden-as2-80-a-i-o-smart\/","og_site_name":"Bantam Camping AG","article_modified_time":"2026-04-18T23:26:55+00:00","twitter_card":"summary_large_image","twitter_misc":{"Gesch\u00e4tzte Lesezeit":"1\u00a0Minute"},"schema":{"@context":"https:\/\/schema.org","@graph":[{"@type":"WebPage","@id":"https:\/\/shop.bantam.ch\/de\/produkt\/satanlage-automatisch-alden-as2-80-a-i-o-smart\/","url":"https:\/\/shop.bantam.ch\/de\/produkt\/satanlage-automatisch-alden-as2-80-a-i-o-smart\/","name":"Satanlage automatisch Alden AS2@ 80 \/ A.I.O. SMART - Bantam Camping AG","isPartOf":{"@id":"https:\/\/shop.bantam.ch\/de\/#website"},"primaryImageOfPage":{"@id":"https:\/\/shop.bantam.ch\/de\/produkt\/satanlage-automatisch-alden-as2-80-a-i-o-smart\/#primaryimage"},"image":{"@id":"https:\/\/shop.bantam.ch\/de\/produkt\/satanlage-automatisch-alden-as2-80-a-i-o-smart\/#primaryimage"},"thumbnailUrl":"https:\/\/shop.bantam.ch\/wp-content\/uploads\/2024\/05\/Movera-L-9963729100.jpg","datePublished":"2024-05-15T15:22:27+00:00","dateModified":"2026-04-18T23:26:55+00:00","breadcrumb":{"@id":"https:\/\/shop.bantam.ch\/de\/produkt\/satanlage-automatisch-alden-as2-80-a-i-o-smart\/#breadcrumb"},"inLanguage":"de","potentialAction":[{"@type":"ReadAction","target":["https:\/\/shop.bantam.ch\/de\/produkt\/satanlage-automatisch-alden-as2-80-a-i-o-smart\/"]}]},{"@type":"ImageObject","inLanguage":"de","@id":"https:\/\/shop.bantam.ch\/de\/produkt\/satanlage-automatisch-alden-as2-80-a-i-o-smart\/#primaryimage","url":"https:\/\/shop.bantam.ch\/wp-content\/uploads\/2024\/05\/Movera-L-9963729100.jpg","contentUrl":"https:\/\/shop.bantam.ch\/wp-content\/uploads\/2024\/05\/Movera-L-9963729100.jpg","width":640,"height":666},{"@type":"BreadcrumbList","@id":"https:\/\/shop.bantam.ch\/de\/produkt\/satanlage-automatisch-alden-as2-80-a-i-o-smart\/#breadcrumb","itemListElement":[{"@type":"ListItem","position":1,"name":"Accueil","item":"https:\/\/shop.bantam.ch\/de\/"},{"@type":"ListItem","position":2,"name":"Shop","item":"https:\/\/shop.bantam.ch\/de\/shop\/"},{"@type":"ListItem","position":3,"name":"Satanlage automatisch Alden AS2@ 80 \/ A.I.O. SMART"}]},{"@type":"WebSite","@id":"https:\/\/shop.bantam.ch\/de\/#website","url":"https:\/\/shop.bantam.ch\/de\/","name":"Bantam Camping AG","description":"","publisher":{"@id":"https:\/\/shop.bantam.ch\/de\/#organization"},"inLanguage":"de"},{"@type":"Organization","@id":"https:\/\/shop.bantam.ch\/de\/#organization","name":"Bantam Camping AG","url":"https:\/\/shop.bantam.ch\/de\/","logo":{"@type":"ImageObject","inLanguage":"de","@id":"https:\/\/shop.bantam.ch\/de\/#\/schema\/logo\/image\/","url":"https:\/\/shop.bantam.ch\/wp-content\/uploads\/2022\/12\/bantam-logo.png","contentUrl":"https:\/\/shop.bantam.ch\/wp-content\/uploads\/2022\/12\/bantam-logo.png","width":320,"height":71,"caption":"Bantam Camping AG"},"image":{"@id":"https:\/\/shop.bantam.ch\/de\/#\/schema\/logo\/image\/"}}]}},"_links":{"self":[{"href":"https:\/\/shop.bantam.ch\/de\/wp-json\/wp\/v2\/product\/199941","targetHints":{"allow":["GET"]}}],"collection":[{"href":"https:\/\/shop.bantam.ch\/de\/wp-json\/wp\/v2\/product"}],"about":[{"href":"https:\/\/shop.bantam.ch\/de\/wp-json\/wp\/v2\/types\/product"}],"wp:featuredmedia":[{"embeddable":true,"href":"https:\/\/shop.bantam.ch\/de\/wp-json\/wp\/v2\/media\/199917"}],"wp:attachment":[{"href":"https:\/\/shop.bantam.ch\/de\/wp-json\/wp\/v2\/media?parent=199941"}],"wp:term":[{"taxonomy":"product_featured_cat","embeddable":true,"href":"https:\/\/shop.bantam.ch\/de\/wp-json\/wp\/v2\/product_featured_cat?post=199941"},{"taxonomy":"product_brand","embeddable":true,"href":"https:\/\/shop.bantam.ch\/de\/wp-json\/wp\/v2\/product_brand?post=199941"},{"taxonomy":"product_cat","embeddable":true,"href":"https:\/\/shop.bantam.ch\/de\/wp-json\/wp\/v2\/product_cat?post=199941"},{"taxonomy":"product_tag","embeddable":true,"href":"https:\/\/shop.bantam.ch\/de\/wp-json\/wp\/v2\/product_tag?post=199941"}],"curies":[{"name":"wp","href":"https:\/\/api.w.org\/{rel}","templated":true}]}}