{"id":199858,"date":"2024-05-15T17:20:27","date_gmt":"2024-05-15T15:20:27","guid":{"rendered":"https:\/\/shop.bantam.ch\/produit\/fussmatte-aquastop-lako\/"},"modified":"2026-04-19T01:26:21","modified_gmt":"2026-04-18T23:26:21","slug":"fussmatte-aquastop-lako","status":"publish","type":"product","link":"https:\/\/shop.bantam.ch\/de\/produkt\/fussmatte-aquastop-lako\/","title":{"rendered":"Fu\u00dfmatte Aquastop LAKO"},"content":{"rendered":"<p>Die Baumwollmatte pr\u00e4sentiert sich durch weiche Fasern aus 100 % Baumwolle. Die Fasern nehmen feinen Schmutz auf, sind extrem saugaktiv und k\u00f6nnen bis zu 5 Liter Wasser pro Quadratmeter aufnehmen. Somit ist die Aquastop Fu\u00dfmatte perfekt daf\u00fcr geeignet, um dein Zuhause sauber und auch trocken zu halten. Zus\u00e4tzlich ist sie bei 30 \u00b0C waschbar und die rutschfeste R\u00fcckseite sorgt f\u00fcr den n\u00f6tigen Halt. Perfekt also f\u00fcr Innenbereiche wie K\u00fcche, Bad oder Hausflur.<\/p>\n<p>F\u00fcr den pers\u00f6nlichen Geschmack und den ganz individuellen Einsatzbereich ist diese Fu\u00dfmatte in verschiedenen klassischen Farben und Gr\u00f6\u00dfen erh\u00e4ltlich.<\/p>\n<p>Material:&nbsp;<br \/>\n100 % Baumwolle<\/p>\n","protected":false},"excerpt":{"rendered":"<p>Die Baumwollmatte pr\u00e4sentiert sich durch weiche Fasern aus 100 % Baumwolle. Die Fasern nehmen feinen Schmutz auf, sind extrem saugaktiv und k\u00f6nnen bis zu 5 Liter Wasser pro Quadratmeter aufnehmen. Somit ist die Aquastop Fu\u00dfmatte perfekt daf\u00fcr geeignet, um dein Zuhause sauber und auch trocken zu halten. Zus\u00e4tzlich ist sie bei 30 \u00b0C waschbar und [&hellip;]<\/p>\n","protected":false},"featured_media":199843,"template":"","meta":{"_acf_changed":false},"product_featured_cat":[],"product_brand":[],"product_cat":[4262],"product_tag":[],"class_list":{"0":"post-199858","1":"product","2":"type-product","3":"status-publish","4":"has-post-thumbnail","6":"product_cat-zeltteppiche-boeden","8":"first","9":"instock","10":"taxable","11":"shipping-taxable","12":"purchasable","13":"product-type-variable"},"acf":[],"yoast_head":"<!-- This site is optimized with the Yoast SEO plugin v27.4 - https:\/\/yoast.com\/product\/yoast-seo-wordpress\/ -->\n<title>Fu\u00dfmatte Aquastop LAKO - Bantam Camping AG<\/title>\n<meta name=\"robots\" content=\"index, follow, max-snippet:-1, max-image-preview:large, max-video-preview:-1\" \/>\n<link rel=\"canonical\" href=\"https:\/\/shop.bantam.ch\/de\/produkt\/fussmatte-aquastop-lako\/\" \/>\n<meta property=\"og:locale\" content=\"de_DE\" \/>\n<meta property=\"og:type\" content=\"article\" \/>\n<meta property=\"og:title\" content=\"Fu\u00dfmatte Aquastop LAKO - Bantam Camping AG\" \/>\n<meta property=\"og:description\" content=\"Die Baumwollmatte pr\u00e4sentiert sich durch weiche Fasern aus 100 % Baumwolle. Die Fasern nehmen feinen Schmutz auf, sind extrem saugaktiv und k\u00f6nnen bis zu 5 Liter Wasser pro Quadratmeter aufnehmen. Somit ist die Aquastop Fu\u00dfmatte perfekt daf\u00fcr geeignet, um dein Zuhause sauber und auch trocken zu halten. Zus\u00e4tzlich ist sie bei 30 \u00b0C waschbar und [&hellip;]\" \/>\n<meta property=\"og:url\" content=\"https:\/\/shop.bantam.ch\/de\/produkt\/fussmatte-aquastop-lako\/\" \/>\n<meta property=\"og:site_name\" content=\"Bantam Camping AG\" \/>\n<meta property=\"article:modified_time\" content=\"2026-04-18T23:26:21+00:00\" \/>\n<meta name=\"twitter:card\" content=\"summary_large_image\" \/>\n<meta name=\"twitter:label1\" content=\"Gesch\u00e4tzte Lesezeit\" \/>\n\t<meta name=\"twitter:data1\" content=\"1\u00a0Minute\" \/>\n<script type=\"application\/ld+json\" class=\"yoast-schema-graph\">{\"@context\":\"https:\\\/\\\/schema.org\",\"@graph\":[{\"@type\":\"WebPage\",\"@id\":\"https:\\\/\\\/shop.bantam.ch\\\/de\\\/produkt\\\/fussmatte-aquastop-lako\\\/\",\"url\":\"https:\\\/\\\/shop.bantam.ch\\\/de\\\/produkt\\\/fussmatte-aquastop-lako\\\/\",\"name\":\"Fu\u00dfmatte Aquastop LAKO - Bantam Camping AG\",\"isPartOf\":{\"@id\":\"https:\\\/\\\/shop.bantam.ch\\\/de\\\/#website\"},\"primaryImageOfPage\":{\"@id\":\"https:\\\/\\\/shop.bantam.ch\\\/de\\\/produkt\\\/fussmatte-aquastop-lako\\\/#primaryimage\"},\"image\":{\"@id\":\"https:\\\/\\\/shop.bantam.ch\\\/de\\\/produkt\\\/fussmatte-aquastop-lako\\\/#primaryimage\"},\"thumbnailUrl\":\"https:\\\/\\\/shop.bantam.ch\\\/wp-content\\\/uploads\\\/2024\\\/05\\\/Movera-L-0106716100.jpg\",\"datePublished\":\"2024-05-15T15:20:27+00:00\",\"dateModified\":\"2026-04-18T23:26:21+00:00\",\"breadcrumb\":{\"@id\":\"https:\\\/\\\/shop.bantam.ch\\\/de\\\/produkt\\\/fussmatte-aquastop-lako\\\/#breadcrumb\"},\"inLanguage\":\"de\",\"potentialAction\":[{\"@type\":\"ReadAction\",\"target\":[\"https:\\\/\\\/shop.bantam.ch\\\/de\\\/produkt\\\/fussmatte-aquastop-lako\\\/\"]}]},{\"@type\":\"ImageObject\",\"inLanguage\":\"de\",\"@id\":\"https:\\\/\\\/shop.bantam.ch\\\/de\\\/produkt\\\/fussmatte-aquastop-lako\\\/#primaryimage\",\"url\":\"https:\\\/\\\/shop.bantam.ch\\\/wp-content\\\/uploads\\\/2024\\\/05\\\/Movera-L-0106716100.jpg\",\"contentUrl\":\"https:\\\/\\\/shop.bantam.ch\\\/wp-content\\\/uploads\\\/2024\\\/05\\\/Movera-L-0106716100.jpg\",\"width\":640,\"height\":640},{\"@type\":\"BreadcrumbList\",\"@id\":\"https:\\\/\\\/shop.bantam.ch\\\/de\\\/produkt\\\/fussmatte-aquastop-lako\\\/#breadcrumb\",\"itemListElement\":[{\"@type\":\"ListItem\",\"position\":1,\"name\":\"Accueil\",\"item\":\"https:\\\/\\\/shop.bantam.ch\\\/de\\\/\"},{\"@type\":\"ListItem\",\"position\":2,\"name\":\"Shop\",\"item\":\"https:\\\/\\\/shop.bantam.ch\\\/de\\\/shop\\\/\"},{\"@type\":\"ListItem\",\"position\":3,\"name\":\"Fu\u00dfmatte Aquastop LAKO\"}]},{\"@type\":\"WebSite\",\"@id\":\"https:\\\/\\\/shop.bantam.ch\\\/de\\\/#website\",\"url\":\"https:\\\/\\\/shop.bantam.ch\\\/de\\\/\",\"name\":\"Bantam Camping AG\",\"description\":\"\",\"publisher\":{\"@id\":\"https:\\\/\\\/shop.bantam.ch\\\/de\\\/#organization\"},\"inLanguage\":\"de\"},{\"@type\":\"Organization\",\"@id\":\"https:\\\/\\\/shop.bantam.ch\\\/de\\\/#organization\",\"name\":\"Bantam Camping AG\",\"url\":\"https:\\\/\\\/shop.bantam.ch\\\/de\\\/\",\"logo\":{\"@type\":\"ImageObject\",\"inLanguage\":\"de\",\"@id\":\"https:\\\/\\\/shop.bantam.ch\\\/de\\\/#\\\/schema\\\/logo\\\/image\\\/\",\"url\":\"https:\\\/\\\/shop.bantam.ch\\\/wp-content\\\/uploads\\\/2022\\\/12\\\/bantam-logo.png\",\"contentUrl\":\"https:\\\/\\\/shop.bantam.ch\\\/wp-content\\\/uploads\\\/2022\\\/12\\\/bantam-logo.png\",\"width\":320,\"height\":71,\"caption\":\"Bantam Camping AG\"},\"image\":{\"@id\":\"https:\\\/\\\/shop.bantam.ch\\\/de\\\/#\\\/schema\\\/logo\\\/image\\\/\"}}]}<\/script>\n<!-- \/ Yoast SEO plugin. -->","yoast_head_json":{"title":"Fu\u00dfmatte Aquastop LAKO - Bantam Camping AG","robots":{"index":"index","follow":"follow","max-snippet":"max-snippet:-1","max-image-preview":"max-image-preview:large","max-video-preview":"max-video-preview:-1"},"canonical":"https:\/\/shop.bantam.ch\/de\/produkt\/fussmatte-aquastop-lako\/","og_locale":"de_DE","og_type":"article","og_title":"Fu\u00dfmatte Aquastop LAKO - Bantam Camping AG","og_description":"Die Baumwollmatte pr\u00e4sentiert sich durch weiche Fasern aus 100 % Baumwolle. Die Fasern nehmen feinen Schmutz auf, sind extrem saugaktiv und k\u00f6nnen bis zu 5 Liter Wasser pro Quadratmeter aufnehmen. Somit ist die Aquastop Fu\u00dfmatte perfekt daf\u00fcr geeignet, um dein Zuhause sauber und auch trocken zu halten. Zus\u00e4tzlich ist sie bei 30 \u00b0C waschbar und [&hellip;]","og_url":"https:\/\/shop.bantam.ch\/de\/produkt\/fussmatte-aquastop-lako\/","og_site_name":"Bantam Camping AG","article_modified_time":"2026-04-18T23:26:21+00:00","twitter_card":"summary_large_image","twitter_misc":{"Gesch\u00e4tzte Lesezeit":"1\u00a0Minute"},"schema":{"@context":"https:\/\/schema.org","@graph":[{"@type":"WebPage","@id":"https:\/\/shop.bantam.ch\/de\/produkt\/fussmatte-aquastop-lako\/","url":"https:\/\/shop.bantam.ch\/de\/produkt\/fussmatte-aquastop-lako\/","name":"Fu\u00dfmatte Aquastop LAKO - Bantam Camping AG","isPartOf":{"@id":"https:\/\/shop.bantam.ch\/de\/#website"},"primaryImageOfPage":{"@id":"https:\/\/shop.bantam.ch\/de\/produkt\/fussmatte-aquastop-lako\/#primaryimage"},"image":{"@id":"https:\/\/shop.bantam.ch\/de\/produkt\/fussmatte-aquastop-lako\/#primaryimage"},"thumbnailUrl":"https:\/\/shop.bantam.ch\/wp-content\/uploads\/2024\/05\/Movera-L-0106716100.jpg","datePublished":"2024-05-15T15:20:27+00:00","dateModified":"2026-04-18T23:26:21+00:00","breadcrumb":{"@id":"https:\/\/shop.bantam.ch\/de\/produkt\/fussmatte-aquastop-lako\/#breadcrumb"},"inLanguage":"de","potentialAction":[{"@type":"ReadAction","target":["https:\/\/shop.bantam.ch\/de\/produkt\/fussmatte-aquastop-lako\/"]}]},{"@type":"ImageObject","inLanguage":"de","@id":"https:\/\/shop.bantam.ch\/de\/produkt\/fussmatte-aquastop-lako\/#primaryimage","url":"https:\/\/shop.bantam.ch\/wp-content\/uploads\/2024\/05\/Movera-L-0106716100.jpg","contentUrl":"https:\/\/shop.bantam.ch\/wp-content\/uploads\/2024\/05\/Movera-L-0106716100.jpg","width":640,"height":640},{"@type":"BreadcrumbList","@id":"https:\/\/shop.bantam.ch\/de\/produkt\/fussmatte-aquastop-lako\/#breadcrumb","itemListElement":[{"@type":"ListItem","position":1,"name":"Accueil","item":"https:\/\/shop.bantam.ch\/de\/"},{"@type":"ListItem","position":2,"name":"Shop","item":"https:\/\/shop.bantam.ch\/de\/shop\/"},{"@type":"ListItem","position":3,"name":"Fu\u00dfmatte Aquastop LAKO"}]},{"@type":"WebSite","@id":"https:\/\/shop.bantam.ch\/de\/#website","url":"https:\/\/shop.bantam.ch\/de\/","name":"Bantam Camping AG","description":"","publisher":{"@id":"https:\/\/shop.bantam.ch\/de\/#organization"},"inLanguage":"de"},{"@type":"Organization","@id":"https:\/\/shop.bantam.ch\/de\/#organization","name":"Bantam Camping AG","url":"https:\/\/shop.bantam.ch\/de\/","logo":{"@type":"ImageObject","inLanguage":"de","@id":"https:\/\/shop.bantam.ch\/de\/#\/schema\/logo\/image\/","url":"https:\/\/shop.bantam.ch\/wp-content\/uploads\/2022\/12\/bantam-logo.png","contentUrl":"https:\/\/shop.bantam.ch\/wp-content\/uploads\/2022\/12\/bantam-logo.png","width":320,"height":71,"caption":"Bantam Camping AG"},"image":{"@id":"https:\/\/shop.bantam.ch\/de\/#\/schema\/logo\/image\/"}}]}},"_links":{"self":[{"href":"https:\/\/shop.bantam.ch\/de\/wp-json\/wp\/v2\/product\/199858","targetHints":{"allow":["GET"]}}],"collection":[{"href":"https:\/\/shop.bantam.ch\/de\/wp-json\/wp\/v2\/product"}],"about":[{"href":"https:\/\/shop.bantam.ch\/de\/wp-json\/wp\/v2\/types\/product"}],"wp:featuredmedia":[{"embeddable":true,"href":"https:\/\/shop.bantam.ch\/de\/wp-json\/wp\/v2\/media\/199843"}],"wp:attachment":[{"href":"https:\/\/shop.bantam.ch\/de\/wp-json\/wp\/v2\/media?parent=199858"}],"wp:term":[{"taxonomy":"product_featured_cat","embeddable":true,"href":"https:\/\/shop.bantam.ch\/de\/wp-json\/wp\/v2\/product_featured_cat?post=199858"},{"taxonomy":"product_brand","embeddable":true,"href":"https:\/\/shop.bantam.ch\/de\/wp-json\/wp\/v2\/product_brand?post=199858"},{"taxonomy":"product_cat","embeddable":true,"href":"https:\/\/shop.bantam.ch\/de\/wp-json\/wp\/v2\/product_cat?post=199858"},{"taxonomy":"product_tag","embeddable":true,"href":"https:\/\/shop.bantam.ch\/de\/wp-json\/wp\/v2\/product_tag?post=199858"}],"curies":[{"name":"wp","href":"https:\/\/api.w.org\/{rel}","templated":true}]}}