{"id":199825,"date":"2024-05-15T17:19:38","date_gmt":"2024-05-15T15:19:38","guid":{"rendered":"https:\/\/shop.bantam.ch\/produit\/heckklappenzelt-sandcrest-2\/"},"modified":"2026-04-18T01:24:11","modified_gmt":"2026-04-17T23:24:11","slug":"heckklappenzelt-sandcrest-2","status":"publish","type":"product","link":"https:\/\/shop.bantam.ch\/de\/produkt\/heckklappenzelt-sandcrest-2\/","title":{"rendered":"Heckklappenzelt Sandcrest"},"content":{"rendered":"<ul>\n<li>Caring Choice Produkt. Schritt f\u00fcr Schritt die Umweltbelastung reduzieren<\/li>\n<li>Die T\u00fcr kann als Vordach verwendet werden (Pfosten nicht im Lieferumfang enthalten)<\/li>\n<li>Aufrollbare Seitenteile bieten einen gesch\u00fctzten Zugang<\/li>\n<li>Innenliegende Netzwand, um bei ge\u00f6ffneter Heckklappe im Fahrzeug schlafen zu k\u00f6nnen und gleichzeitig vor Insekten gesch\u00fctzt zu sein<\/li>\n<li>Leichtes Gewicht und kleines Packma\u00df<\/li>\n<li>Schnell und einfach zu befestigen und abzunehmen<\/li>\n<li>Gro\u00dfes Netzfenster mit wasserdichtem Vorhang f\u00fcr bessere Bel\u00fcftung<\/li>\n<li>Fahrzeugbefestigungssystem zur einfachen Befestigung, ohne den Zugang zu den Seitent\u00fcren zu blockieren<\/li>\n<li>Heckklappe kann mit angebrachter Markise geschlossen und verriegelt werden<\/li>\n<li>Fahrzeug-Heckklappe kann innerhalb der Markise ge\u00f6ffnet werden<\/li>\n<\/ul>\n<p>Material:<br \/>\nZelt: 100 % Polyester<br \/>\nGest\u00e4nge: Aluminium<\/p>\n<p>Lieferumfang:&nbsp;<\/p>\n<p>Stangen nicht enthalten<\/p>\n","protected":false},"excerpt":{"rendered":"<p>Caring Choice Produkt. Schritt f\u00fcr Schritt die Umweltbelastung reduzieren Die T\u00fcr kann als Vordach verwendet werden (Pfosten nicht im Lieferumfang enthalten) Aufrollbare Seitenteile bieten einen gesch\u00fctzten Zugang Innenliegende Netzwand, um bei ge\u00f6ffneter Heckklappe im Fahrzeug schlafen zu k\u00f6nnen und gleichzeitig vor Insekten gesch\u00fctzt zu sein Leichtes Gewicht und kleines Packma\u00df Schnell und einfach zu befestigen [&hellip;]<\/p>\n","protected":false},"featured_media":199809,"template":"","meta":{"_acf_changed":false},"product_featured_cat":[],"product_brand":[],"product_cat":[4246],"product_tag":[],"class_list":{"0":"post-199825","1":"product","2":"type-product","3":"status-publish","4":"has-post-thumbnail","6":"product_cat-heckzelte","8":"first","9":"instock","10":"taxable","11":"shipping-taxable","12":"purchasable","13":"product-type-variable"},"acf":[],"yoast_head":"<!-- This site is optimized with the Yoast SEO plugin v27.4 - https:\/\/yoast.com\/product\/yoast-seo-wordpress\/ -->\n<title>Heckklappenzelt Sandcrest - Bantam Camping AG<\/title>\n<meta name=\"robots\" content=\"index, follow, max-snippet:-1, max-image-preview:large, max-video-preview:-1\" \/>\n<link rel=\"canonical\" href=\"https:\/\/shop.bantam.ch\/de\/produkt\/heckklappenzelt-sandcrest-2\/\" \/>\n<meta property=\"og:locale\" content=\"de_DE\" \/>\n<meta property=\"og:type\" content=\"article\" \/>\n<meta property=\"og:title\" content=\"Heckklappenzelt Sandcrest - Bantam Camping AG\" \/>\n<meta property=\"og:description\" content=\"Caring Choice Produkt. Schritt f\u00fcr Schritt die Umweltbelastung reduzieren Die T\u00fcr kann als Vordach verwendet werden (Pfosten nicht im Lieferumfang enthalten) Aufrollbare Seitenteile bieten einen gesch\u00fctzten Zugang Innenliegende Netzwand, um bei ge\u00f6ffneter Heckklappe im Fahrzeug schlafen zu k\u00f6nnen und gleichzeitig vor Insekten gesch\u00fctzt zu sein Leichtes Gewicht und kleines Packma\u00df Schnell und einfach zu befestigen [&hellip;]\" \/>\n<meta property=\"og:url\" content=\"https:\/\/shop.bantam.ch\/de\/produkt\/heckklappenzelt-sandcrest-2\/\" \/>\n<meta property=\"og:site_name\" content=\"Bantam Camping AG\" \/>\n<meta property=\"article:modified_time\" content=\"2026-04-17T23:24:11+00:00\" \/>\n<meta name=\"twitter:card\" content=\"summary_large_image\" \/>\n<meta name=\"twitter:label1\" content=\"Gesch\u00e4tzte Lesezeit\" \/>\n\t<meta name=\"twitter:data1\" content=\"1\u00a0Minute\" \/>\n<script type=\"application\/ld+json\" class=\"yoast-schema-graph\">{\"@context\":\"https:\\\/\\\/schema.org\",\"@graph\":[{\"@type\":\"WebPage\",\"@id\":\"https:\\\/\\\/shop.bantam.ch\\\/de\\\/produkt\\\/heckklappenzelt-sandcrest-2\\\/\",\"url\":\"https:\\\/\\\/shop.bantam.ch\\\/de\\\/produkt\\\/heckklappenzelt-sandcrest-2\\\/\",\"name\":\"Heckklappenzelt Sandcrest - Bantam Camping AG\",\"isPartOf\":{\"@id\":\"https:\\\/\\\/shop.bantam.ch\\\/de\\\/#website\"},\"primaryImageOfPage\":{\"@id\":\"https:\\\/\\\/shop.bantam.ch\\\/de\\\/produkt\\\/heckklappenzelt-sandcrest-2\\\/#primaryimage\"},\"image\":{\"@id\":\"https:\\\/\\\/shop.bantam.ch\\\/de\\\/produkt\\\/heckklappenzelt-sandcrest-2\\\/#primaryimage\"},\"thumbnailUrl\":\"https:\\\/\\\/shop.bantam.ch\\\/wp-content\\\/uploads\\\/2024\\\/05\\\/Movera-L-9971061100.jpg\",\"datePublished\":\"2024-05-15T15:19:38+00:00\",\"dateModified\":\"2026-04-17T23:24:11+00:00\",\"breadcrumb\":{\"@id\":\"https:\\\/\\\/shop.bantam.ch\\\/de\\\/produkt\\\/heckklappenzelt-sandcrest-2\\\/#breadcrumb\"},\"inLanguage\":\"de\",\"potentialAction\":[{\"@type\":\"ReadAction\",\"target\":[\"https:\\\/\\\/shop.bantam.ch\\\/de\\\/produkt\\\/heckklappenzelt-sandcrest-2\\\/\"]}]},{\"@type\":\"ImageObject\",\"inLanguage\":\"de\",\"@id\":\"https:\\\/\\\/shop.bantam.ch\\\/de\\\/produkt\\\/heckklappenzelt-sandcrest-2\\\/#primaryimage\",\"url\":\"https:\\\/\\\/shop.bantam.ch\\\/wp-content\\\/uploads\\\/2024\\\/05\\\/Movera-L-9971061100.jpg\",\"contentUrl\":\"https:\\\/\\\/shop.bantam.ch\\\/wp-content\\\/uploads\\\/2024\\\/05\\\/Movera-L-9971061100.jpg\",\"width\":640,\"height\":360},{\"@type\":\"BreadcrumbList\",\"@id\":\"https:\\\/\\\/shop.bantam.ch\\\/de\\\/produkt\\\/heckklappenzelt-sandcrest-2\\\/#breadcrumb\",\"itemListElement\":[{\"@type\":\"ListItem\",\"position\":1,\"name\":\"Accueil\",\"item\":\"https:\\\/\\\/shop.bantam.ch\\\/de\\\/\"},{\"@type\":\"ListItem\",\"position\":2,\"name\":\"Shop\",\"item\":\"https:\\\/\\\/shop.bantam.ch\\\/de\\\/shop\\\/\"},{\"@type\":\"ListItem\",\"position\":3,\"name\":\"Heckklappenzelt Sandcrest\"}]},{\"@type\":\"WebSite\",\"@id\":\"https:\\\/\\\/shop.bantam.ch\\\/de\\\/#website\",\"url\":\"https:\\\/\\\/shop.bantam.ch\\\/de\\\/\",\"name\":\"Bantam Camping AG\",\"description\":\"\",\"publisher\":{\"@id\":\"https:\\\/\\\/shop.bantam.ch\\\/de\\\/#organization\"},\"inLanguage\":\"de\"},{\"@type\":\"Organization\",\"@id\":\"https:\\\/\\\/shop.bantam.ch\\\/de\\\/#organization\",\"name\":\"Bantam Camping AG\",\"url\":\"https:\\\/\\\/shop.bantam.ch\\\/de\\\/\",\"logo\":{\"@type\":\"ImageObject\",\"inLanguage\":\"de\",\"@id\":\"https:\\\/\\\/shop.bantam.ch\\\/de\\\/#\\\/schema\\\/logo\\\/image\\\/\",\"url\":\"https:\\\/\\\/shop.bantam.ch\\\/wp-content\\\/uploads\\\/2022\\\/12\\\/bantam-logo.png\",\"contentUrl\":\"https:\\\/\\\/shop.bantam.ch\\\/wp-content\\\/uploads\\\/2022\\\/12\\\/bantam-logo.png\",\"width\":320,\"height\":71,\"caption\":\"Bantam Camping AG\"},\"image\":{\"@id\":\"https:\\\/\\\/shop.bantam.ch\\\/de\\\/#\\\/schema\\\/logo\\\/image\\\/\"}}]}<\/script>\n<!-- \/ Yoast SEO plugin. -->","yoast_head_json":{"title":"Heckklappenzelt Sandcrest - Bantam Camping AG","robots":{"index":"index","follow":"follow","max-snippet":"max-snippet:-1","max-image-preview":"max-image-preview:large","max-video-preview":"max-video-preview:-1"},"canonical":"https:\/\/shop.bantam.ch\/de\/produkt\/heckklappenzelt-sandcrest-2\/","og_locale":"de_DE","og_type":"article","og_title":"Heckklappenzelt Sandcrest - Bantam Camping AG","og_description":"Caring Choice Produkt. Schritt f\u00fcr Schritt die Umweltbelastung reduzieren Die T\u00fcr kann als Vordach verwendet werden (Pfosten nicht im Lieferumfang enthalten) Aufrollbare Seitenteile bieten einen gesch\u00fctzten Zugang Innenliegende Netzwand, um bei ge\u00f6ffneter Heckklappe im Fahrzeug schlafen zu k\u00f6nnen und gleichzeitig vor Insekten gesch\u00fctzt zu sein Leichtes Gewicht und kleines Packma\u00df Schnell und einfach zu befestigen [&hellip;]","og_url":"https:\/\/shop.bantam.ch\/de\/produkt\/heckklappenzelt-sandcrest-2\/","og_site_name":"Bantam Camping AG","article_modified_time":"2026-04-17T23:24:11+00:00","twitter_card":"summary_large_image","twitter_misc":{"Gesch\u00e4tzte Lesezeit":"1\u00a0Minute"},"schema":{"@context":"https:\/\/schema.org","@graph":[{"@type":"WebPage","@id":"https:\/\/shop.bantam.ch\/de\/produkt\/heckklappenzelt-sandcrest-2\/","url":"https:\/\/shop.bantam.ch\/de\/produkt\/heckklappenzelt-sandcrest-2\/","name":"Heckklappenzelt Sandcrest - Bantam Camping AG","isPartOf":{"@id":"https:\/\/shop.bantam.ch\/de\/#website"},"primaryImageOfPage":{"@id":"https:\/\/shop.bantam.ch\/de\/produkt\/heckklappenzelt-sandcrest-2\/#primaryimage"},"image":{"@id":"https:\/\/shop.bantam.ch\/de\/produkt\/heckklappenzelt-sandcrest-2\/#primaryimage"},"thumbnailUrl":"https:\/\/shop.bantam.ch\/wp-content\/uploads\/2024\/05\/Movera-L-9971061100.jpg","datePublished":"2024-05-15T15:19:38+00:00","dateModified":"2026-04-17T23:24:11+00:00","breadcrumb":{"@id":"https:\/\/shop.bantam.ch\/de\/produkt\/heckklappenzelt-sandcrest-2\/#breadcrumb"},"inLanguage":"de","potentialAction":[{"@type":"ReadAction","target":["https:\/\/shop.bantam.ch\/de\/produkt\/heckklappenzelt-sandcrest-2\/"]}]},{"@type":"ImageObject","inLanguage":"de","@id":"https:\/\/shop.bantam.ch\/de\/produkt\/heckklappenzelt-sandcrest-2\/#primaryimage","url":"https:\/\/shop.bantam.ch\/wp-content\/uploads\/2024\/05\/Movera-L-9971061100.jpg","contentUrl":"https:\/\/shop.bantam.ch\/wp-content\/uploads\/2024\/05\/Movera-L-9971061100.jpg","width":640,"height":360},{"@type":"BreadcrumbList","@id":"https:\/\/shop.bantam.ch\/de\/produkt\/heckklappenzelt-sandcrest-2\/#breadcrumb","itemListElement":[{"@type":"ListItem","position":1,"name":"Accueil","item":"https:\/\/shop.bantam.ch\/de\/"},{"@type":"ListItem","position":2,"name":"Shop","item":"https:\/\/shop.bantam.ch\/de\/shop\/"},{"@type":"ListItem","position":3,"name":"Heckklappenzelt Sandcrest"}]},{"@type":"WebSite","@id":"https:\/\/shop.bantam.ch\/de\/#website","url":"https:\/\/shop.bantam.ch\/de\/","name":"Bantam Camping AG","description":"","publisher":{"@id":"https:\/\/shop.bantam.ch\/de\/#organization"},"inLanguage":"de"},{"@type":"Organization","@id":"https:\/\/shop.bantam.ch\/de\/#organization","name":"Bantam Camping AG","url":"https:\/\/shop.bantam.ch\/de\/","logo":{"@type":"ImageObject","inLanguage":"de","@id":"https:\/\/shop.bantam.ch\/de\/#\/schema\/logo\/image\/","url":"https:\/\/shop.bantam.ch\/wp-content\/uploads\/2022\/12\/bantam-logo.png","contentUrl":"https:\/\/shop.bantam.ch\/wp-content\/uploads\/2022\/12\/bantam-logo.png","width":320,"height":71,"caption":"Bantam Camping AG"},"image":{"@id":"https:\/\/shop.bantam.ch\/de\/#\/schema\/logo\/image\/"}}]}},"_links":{"self":[{"href":"https:\/\/shop.bantam.ch\/de\/wp-json\/wp\/v2\/product\/199825","targetHints":{"allow":["GET"]}}],"collection":[{"href":"https:\/\/shop.bantam.ch\/de\/wp-json\/wp\/v2\/product"}],"about":[{"href":"https:\/\/shop.bantam.ch\/de\/wp-json\/wp\/v2\/types\/product"}],"wp:featuredmedia":[{"embeddable":true,"href":"https:\/\/shop.bantam.ch\/de\/wp-json\/wp\/v2\/media\/199809"}],"wp:attachment":[{"href":"https:\/\/shop.bantam.ch\/de\/wp-json\/wp\/v2\/media?parent=199825"}],"wp:term":[{"taxonomy":"product_featured_cat","embeddable":true,"href":"https:\/\/shop.bantam.ch\/de\/wp-json\/wp\/v2\/product_featured_cat?post=199825"},{"taxonomy":"product_brand","embeddable":true,"href":"https:\/\/shop.bantam.ch\/de\/wp-json\/wp\/v2\/product_brand?post=199825"},{"taxonomy":"product_cat","embeddable":true,"href":"https:\/\/shop.bantam.ch\/de\/wp-json\/wp\/v2\/product_cat?post=199825"},{"taxonomy":"product_tag","embeddable":true,"href":"https:\/\/shop.bantam.ch\/de\/wp-json\/wp\/v2\/product_tag?post=199825"}],"curies":[{"name":"wp","href":"https:\/\/api.w.org\/{rel}","templated":true}]}}