{"id":199777,"date":"2024-05-15T17:19:06","date_gmt":"2024-05-15T15:19:06","guid":{"rendered":"https:\/\/shop.bantam.ch\/produit\/sonnendach-outwell-forecast-canopy-farbe-green\/"},"modified":"2026-04-17T23:12:40","modified_gmt":"2026-04-17T21:12:40","slug":"sonnendach-outwell-forecast-canopy-farbe-green","status":"publish","type":"product","link":"https:\/\/shop.bantam.ch\/de\/produkt\/sonnendach-outwell-forecast-canopy-farbe-green\/","title":{"rendered":"Sonnendach Outwell Forecast Canopy Farbe green"},"content":{"rendered":"<p>Mit dem Forecrest Canopy finden Sie \u00fcberall Schutz. Die \u00dcberdachung ist ideal f\u00fcr Tagesausfl\u00fcge und l\u00e4sst sich mit den sicheren Saugn\u00e4pfen schnell und einfach befestigen. So haben Sie einen gro\u00dfartigen Platz zum Essen, Entspannen und Abstellen von Fahrr\u00e4dern oder Surfbrettern. Die Aluminiumstangen sorgen f\u00fcr Stabilit\u00e4t bei windigem Wetter und reduzieren gleichzeitig Gewicht und Packma\u00df. Geeignet f\u00fcr SUVs, MPVs und Kombis.<\/p>\n<ul>\n<li>Caring Choice Produkt. Schritt f\u00fcr Schritt die Umweltbelastung reduzieren<\/li>\n<li>Geeignet f\u00fcr Fahrzeuge wie SUV, MPV und Kombis<\/li>\n<li>Saugn\u00e4pfe erm\u00f6glichen eine schnelle und einfache Befestigung<\/li>\n<li>Leichtes Gewicht und kleines Packma\u00df<\/li>\n<li>Bietet Schatten, Schutz und Privatsph\u00e4re<\/li>\n<li>Kann auch mit Abspannleinen \u00fcber dem Dach befestigt werden<\/li>\n<\/ul>\n<p>Material:<br \/>\nZelt: 100 % Polyester<br \/>\nGest\u00e4nge: Aluminium<\/p>\n<p>\nLieferumfang:<br \/>\nInklusive 2 Saugn\u00e4pfe<br \/>\nHeringe<br \/>\nAbspannleinen<\/p>\n","protected":false},"excerpt":{"rendered":"<p>Mit dem Forecrest Canopy finden Sie \u00fcberall Schutz. Die \u00dcberdachung ist ideal f\u00fcr Tagesausfl\u00fcge und l\u00e4sst sich mit den sicheren Saugn\u00e4pfen schnell und einfach befestigen. So haben Sie einen gro\u00dfartigen Platz zum Essen, Entspannen und Abstellen von Fahrr\u00e4dern oder Surfbrettern. Die Aluminiumstangen sorgen f\u00fcr Stabilit\u00e4t bei windigem Wetter und reduzieren gleichzeitig Gewicht und Packma\u00df. Geeignet [&hellip;]<\/p>\n","protected":false},"featured_media":207483,"template":"","meta":{"_acf_changed":false},"product_featured_cat":[],"product_brand":[],"product_cat":[4252],"product_tag":[],"class_list":{"0":"post-199777","1":"product","2":"type-product","3":"status-publish","4":"has-post-thumbnail","6":"product_cat-sonnensegel-fuer-campingfahrzeuge","8":"first","9":"instock","10":"taxable","11":"shipping-taxable","12":"purchasable","13":"product-type-simple"},"acf":[],"yoast_head":"<!-- This site is optimized with the Yoast SEO plugin v27.4 - https:\/\/yoast.com\/product\/yoast-seo-wordpress\/ -->\n<title>Sonnendach Outwell Forecast Canopy Farbe green - Bantam Camping AG<\/title>\n<meta name=\"robots\" content=\"index, follow, max-snippet:-1, max-image-preview:large, max-video-preview:-1\" \/>\n<link rel=\"canonical\" href=\"https:\/\/shop.bantam.ch\/de\/produkt\/sonnendach-outwell-forecast-canopy-farbe-green\/\" \/>\n<meta property=\"og:locale\" content=\"de_DE\" \/>\n<meta property=\"og:type\" content=\"article\" \/>\n<meta property=\"og:title\" content=\"Sonnendach Outwell Forecast Canopy Farbe green - Bantam Camping AG\" \/>\n<meta property=\"og:description\" content=\"Mit dem Forecrest Canopy finden Sie \u00fcberall Schutz. Die \u00dcberdachung ist ideal f\u00fcr Tagesausfl\u00fcge und l\u00e4sst sich mit den sicheren Saugn\u00e4pfen schnell und einfach befestigen. So haben Sie einen gro\u00dfartigen Platz zum Essen, Entspannen und Abstellen von Fahrr\u00e4dern oder Surfbrettern. Die Aluminiumstangen sorgen f\u00fcr Stabilit\u00e4t bei windigem Wetter und reduzieren gleichzeitig Gewicht und Packma\u00df. Geeignet [&hellip;]\" \/>\n<meta property=\"og:url\" content=\"https:\/\/shop.bantam.ch\/de\/produkt\/sonnendach-outwell-forecast-canopy-farbe-green\/\" \/>\n<meta property=\"og:site_name\" content=\"Bantam Camping AG\" \/>\n<meta property=\"article:modified_time\" content=\"2026-04-17T21:12:40+00:00\" \/>\n<meta name=\"twitter:card\" content=\"summary_large_image\" \/>\n<meta name=\"twitter:label1\" content=\"Gesch\u00e4tzte Lesezeit\" \/>\n\t<meta name=\"twitter:data1\" content=\"1\u00a0Minute\" \/>\n<script type=\"application\/ld+json\" class=\"yoast-schema-graph\">{\"@context\":\"https:\\\/\\\/schema.org\",\"@graph\":[{\"@type\":\"WebPage\",\"@id\":\"https:\\\/\\\/shop.bantam.ch\\\/de\\\/produkt\\\/sonnendach-outwell-forecast-canopy-farbe-green\\\/\",\"url\":\"https:\\\/\\\/shop.bantam.ch\\\/de\\\/produkt\\\/sonnendach-outwell-forecast-canopy-farbe-green\\\/\",\"name\":\"Sonnendach Outwell Forecast Canopy Farbe green - Bantam Camping AG\",\"isPartOf\":{\"@id\":\"https:\\\/\\\/shop.bantam.ch\\\/de\\\/#website\"},\"primaryImageOfPage\":{\"@id\":\"https:\\\/\\\/shop.bantam.ch\\\/de\\\/produkt\\\/sonnendach-outwell-forecast-canopy-farbe-green\\\/#primaryimage\"},\"image\":{\"@id\":\"https:\\\/\\\/shop.bantam.ch\\\/de\\\/produkt\\\/sonnendach-outwell-forecast-canopy-farbe-green\\\/#primaryimage\"},\"thumbnailUrl\":\"https:\\\/\\\/shop.bantam.ch\\\/wp-content\\\/uploads\\\/2024\\\/09\\\/Movera-L-9971056100.jpg\",\"datePublished\":\"2024-05-15T15:19:06+00:00\",\"dateModified\":\"2026-04-17T21:12:40+00:00\",\"breadcrumb\":{\"@id\":\"https:\\\/\\\/shop.bantam.ch\\\/de\\\/produkt\\\/sonnendach-outwell-forecast-canopy-farbe-green\\\/#breadcrumb\"},\"inLanguage\":\"de\",\"potentialAction\":[{\"@type\":\"ReadAction\",\"target\":[\"https:\\\/\\\/shop.bantam.ch\\\/de\\\/produkt\\\/sonnendach-outwell-forecast-canopy-farbe-green\\\/\"]}]},{\"@type\":\"ImageObject\",\"inLanguage\":\"de\",\"@id\":\"https:\\\/\\\/shop.bantam.ch\\\/de\\\/produkt\\\/sonnendach-outwell-forecast-canopy-farbe-green\\\/#primaryimage\",\"url\":\"https:\\\/\\\/shop.bantam.ch\\\/wp-content\\\/uploads\\\/2024\\\/09\\\/Movera-L-9971056100.jpg\",\"contentUrl\":\"https:\\\/\\\/shop.bantam.ch\\\/wp-content\\\/uploads\\\/2024\\\/09\\\/Movera-L-9971056100.jpg\",\"width\":640,\"height\":360},{\"@type\":\"BreadcrumbList\",\"@id\":\"https:\\\/\\\/shop.bantam.ch\\\/de\\\/produkt\\\/sonnendach-outwell-forecast-canopy-farbe-green\\\/#breadcrumb\",\"itemListElement\":[{\"@type\":\"ListItem\",\"position\":1,\"name\":\"Accueil\",\"item\":\"https:\\\/\\\/shop.bantam.ch\\\/de\\\/\"},{\"@type\":\"ListItem\",\"position\":2,\"name\":\"Shop\",\"item\":\"https:\\\/\\\/shop.bantam.ch\\\/de\\\/shop\\\/\"},{\"@type\":\"ListItem\",\"position\":3,\"name\":\"Sonnendach Outwell Forecast Canopy Farbe green\"}]},{\"@type\":\"WebSite\",\"@id\":\"https:\\\/\\\/shop.bantam.ch\\\/de\\\/#website\",\"url\":\"https:\\\/\\\/shop.bantam.ch\\\/de\\\/\",\"name\":\"Bantam Camping AG\",\"description\":\"\",\"publisher\":{\"@id\":\"https:\\\/\\\/shop.bantam.ch\\\/de\\\/#organization\"},\"inLanguage\":\"de\"},{\"@type\":\"Organization\",\"@id\":\"https:\\\/\\\/shop.bantam.ch\\\/de\\\/#organization\",\"name\":\"Bantam Camping AG\",\"url\":\"https:\\\/\\\/shop.bantam.ch\\\/de\\\/\",\"logo\":{\"@type\":\"ImageObject\",\"inLanguage\":\"de\",\"@id\":\"https:\\\/\\\/shop.bantam.ch\\\/de\\\/#\\\/schema\\\/logo\\\/image\\\/\",\"url\":\"https:\\\/\\\/shop.bantam.ch\\\/wp-content\\\/uploads\\\/2022\\\/12\\\/bantam-logo.png\",\"contentUrl\":\"https:\\\/\\\/shop.bantam.ch\\\/wp-content\\\/uploads\\\/2022\\\/12\\\/bantam-logo.png\",\"width\":320,\"height\":71,\"caption\":\"Bantam Camping AG\"},\"image\":{\"@id\":\"https:\\\/\\\/shop.bantam.ch\\\/de\\\/#\\\/schema\\\/logo\\\/image\\\/\"}}]}<\/script>\n<!-- \/ Yoast SEO plugin. -->","yoast_head_json":{"title":"Sonnendach Outwell Forecast Canopy Farbe green - Bantam Camping AG","robots":{"index":"index","follow":"follow","max-snippet":"max-snippet:-1","max-image-preview":"max-image-preview:large","max-video-preview":"max-video-preview:-1"},"canonical":"https:\/\/shop.bantam.ch\/de\/produkt\/sonnendach-outwell-forecast-canopy-farbe-green\/","og_locale":"de_DE","og_type":"article","og_title":"Sonnendach Outwell Forecast Canopy Farbe green - Bantam Camping AG","og_description":"Mit dem Forecrest Canopy finden Sie \u00fcberall Schutz. Die \u00dcberdachung ist ideal f\u00fcr Tagesausfl\u00fcge und l\u00e4sst sich mit den sicheren Saugn\u00e4pfen schnell und einfach befestigen. So haben Sie einen gro\u00dfartigen Platz zum Essen, Entspannen und Abstellen von Fahrr\u00e4dern oder Surfbrettern. Die Aluminiumstangen sorgen f\u00fcr Stabilit\u00e4t bei windigem Wetter und reduzieren gleichzeitig Gewicht und Packma\u00df. Geeignet [&hellip;]","og_url":"https:\/\/shop.bantam.ch\/de\/produkt\/sonnendach-outwell-forecast-canopy-farbe-green\/","og_site_name":"Bantam Camping AG","article_modified_time":"2026-04-17T21:12:40+00:00","twitter_card":"summary_large_image","twitter_misc":{"Gesch\u00e4tzte Lesezeit":"1\u00a0Minute"},"schema":{"@context":"https:\/\/schema.org","@graph":[{"@type":"WebPage","@id":"https:\/\/shop.bantam.ch\/de\/produkt\/sonnendach-outwell-forecast-canopy-farbe-green\/","url":"https:\/\/shop.bantam.ch\/de\/produkt\/sonnendach-outwell-forecast-canopy-farbe-green\/","name":"Sonnendach Outwell Forecast Canopy Farbe green - Bantam Camping AG","isPartOf":{"@id":"https:\/\/shop.bantam.ch\/de\/#website"},"primaryImageOfPage":{"@id":"https:\/\/shop.bantam.ch\/de\/produkt\/sonnendach-outwell-forecast-canopy-farbe-green\/#primaryimage"},"image":{"@id":"https:\/\/shop.bantam.ch\/de\/produkt\/sonnendach-outwell-forecast-canopy-farbe-green\/#primaryimage"},"thumbnailUrl":"https:\/\/shop.bantam.ch\/wp-content\/uploads\/2024\/09\/Movera-L-9971056100.jpg","datePublished":"2024-05-15T15:19:06+00:00","dateModified":"2026-04-17T21:12:40+00:00","breadcrumb":{"@id":"https:\/\/shop.bantam.ch\/de\/produkt\/sonnendach-outwell-forecast-canopy-farbe-green\/#breadcrumb"},"inLanguage":"de","potentialAction":[{"@type":"ReadAction","target":["https:\/\/shop.bantam.ch\/de\/produkt\/sonnendach-outwell-forecast-canopy-farbe-green\/"]}]},{"@type":"ImageObject","inLanguage":"de","@id":"https:\/\/shop.bantam.ch\/de\/produkt\/sonnendach-outwell-forecast-canopy-farbe-green\/#primaryimage","url":"https:\/\/shop.bantam.ch\/wp-content\/uploads\/2024\/09\/Movera-L-9971056100.jpg","contentUrl":"https:\/\/shop.bantam.ch\/wp-content\/uploads\/2024\/09\/Movera-L-9971056100.jpg","width":640,"height":360},{"@type":"BreadcrumbList","@id":"https:\/\/shop.bantam.ch\/de\/produkt\/sonnendach-outwell-forecast-canopy-farbe-green\/#breadcrumb","itemListElement":[{"@type":"ListItem","position":1,"name":"Accueil","item":"https:\/\/shop.bantam.ch\/de\/"},{"@type":"ListItem","position":2,"name":"Shop","item":"https:\/\/shop.bantam.ch\/de\/shop\/"},{"@type":"ListItem","position":3,"name":"Sonnendach Outwell Forecast Canopy Farbe green"}]},{"@type":"WebSite","@id":"https:\/\/shop.bantam.ch\/de\/#website","url":"https:\/\/shop.bantam.ch\/de\/","name":"Bantam Camping AG","description":"","publisher":{"@id":"https:\/\/shop.bantam.ch\/de\/#organization"},"inLanguage":"de"},{"@type":"Organization","@id":"https:\/\/shop.bantam.ch\/de\/#organization","name":"Bantam Camping AG","url":"https:\/\/shop.bantam.ch\/de\/","logo":{"@type":"ImageObject","inLanguage":"de","@id":"https:\/\/shop.bantam.ch\/de\/#\/schema\/logo\/image\/","url":"https:\/\/shop.bantam.ch\/wp-content\/uploads\/2022\/12\/bantam-logo.png","contentUrl":"https:\/\/shop.bantam.ch\/wp-content\/uploads\/2022\/12\/bantam-logo.png","width":320,"height":71,"caption":"Bantam Camping AG"},"image":{"@id":"https:\/\/shop.bantam.ch\/de\/#\/schema\/logo\/image\/"}}]}},"_links":{"self":[{"href":"https:\/\/shop.bantam.ch\/de\/wp-json\/wp\/v2\/product\/199777","targetHints":{"allow":["GET"]}}],"collection":[{"href":"https:\/\/shop.bantam.ch\/de\/wp-json\/wp\/v2\/product"}],"about":[{"href":"https:\/\/shop.bantam.ch\/de\/wp-json\/wp\/v2\/types\/product"}],"wp:featuredmedia":[{"embeddable":true,"href":"https:\/\/shop.bantam.ch\/de\/wp-json\/wp\/v2\/media\/207483"}],"wp:attachment":[{"href":"https:\/\/shop.bantam.ch\/de\/wp-json\/wp\/v2\/media?parent=199777"}],"wp:term":[{"taxonomy":"product_featured_cat","embeddable":true,"href":"https:\/\/shop.bantam.ch\/de\/wp-json\/wp\/v2\/product_featured_cat?post=199777"},{"taxonomy":"product_brand","embeddable":true,"href":"https:\/\/shop.bantam.ch\/de\/wp-json\/wp\/v2\/product_brand?post=199777"},{"taxonomy":"product_cat","embeddable":true,"href":"https:\/\/shop.bantam.ch\/de\/wp-json\/wp\/v2\/product_cat?post=199777"},{"taxonomy":"product_tag","embeddable":true,"href":"https:\/\/shop.bantam.ch\/de\/wp-json\/wp\/v2\/product_tag?post=199777"}],"curies":[{"name":"wp","href":"https:\/\/api.w.org\/{rel}","templated":true}]}}