{"id":199741,"date":"2024-05-15T17:18:41","date_gmt":"2024-05-15T15:18:41","guid":{"rendered":"https:\/\/shop.bantam.ch\/produit\/pavillon-outwell-fastlane-300-shelter-farbe-grey\/"},"modified":"2026-05-11T23:10:28","modified_gmt":"2026-05-11T21:10:28","slug":"pavillon-outwell-fastlane-300-shelter-farbe-grey","status":"publish","type":"product","link":"https:\/\/shop.bantam.ch\/de\/produkt\/pavillon-outwell-fastlane-300-shelter-farbe-grey\/","title":{"rendered":"Pavillon Outwell Fastlane 300 Shelter Farbe grey"},"content":{"rendered":"<p>Mit dem Fastlane 300 Shelter machen Sie mehr aus Ihren Roadtrips. Das robuste und langlebige Zelt mit abnehmbaren Seiten und Bodenplane verf\u00fcgt \u00fcber vormontierte Stangen f\u00fcr einen superschnellen Aufbau. Verwenden Sie es mit einem Van oder als eigenst\u00e4ndiges Zelt f\u00fcr sofortigen Schatten und Schutz. Ideal f\u00fcr Mahlzeiten im Freien oder zum Unterstellen von Fahrr\u00e4dern.<\/p>\n<ul>\n<li>Schnelles Aufbausystem mit vormontiertem Zelt und Gest\u00e4nge<\/li>\n<li>Starker, langlebiger Stahlrahmen<\/li>\n<li>Zwei Seiten lassen sich mit optionalen Stangen als Vordach \u00f6ffnen. Die anderen beiden Seiten lassen sich komplett abzippen<\/li>\n<li>Freistehendes Design<\/li>\n<li>UPF +50<\/li>\n<\/ul>\n<p>Material:<br \/>\nAu\u00dfenzelt: 100 % Polyester<\/p>\n<p>Bodenplane: 100 % doppelt beschichtetes wasserdichtes Polyethylen<br \/>\nGest\u00e4nge:Stahl<\/p>\n<p>\nLieferumfang:<br \/>\nInklusive Seitenw\u00e4nde<br \/>\nAbnehmbare Bodenplane<\/p>\n","protected":false},"excerpt":{"rendered":"<p>Mit dem Fastlane 300 Shelter machen Sie mehr aus Ihren Roadtrips. Das robuste und langlebige Zelt mit abnehmbaren Seiten und Bodenplane verf\u00fcgt \u00fcber vormontierte Stangen f\u00fcr einen superschnellen Aufbau. Verwenden Sie es mit einem Van oder als eigenst\u00e4ndiges Zelt f\u00fcr sofortigen Schatten und Schutz. Ideal f\u00fcr Mahlzeiten im Freien oder zum Unterstellen von Fahrr\u00e4dern. Schnelles [&hellip;]<\/p>\n","protected":false},"featured_media":207477,"template":"","meta":{"_acf_changed":false},"product_featured_cat":[],"product_brand":[],"product_cat":[3984],"product_tag":[],"class_list":{"0":"post-199741","1":"product","2":"type-product","3":"status-publish","4":"has-post-thumbnail","6":"product_cat-pavillons","8":"first","9":"instock","10":"taxable","11":"shipping-taxable","12":"purchasable","13":"product-type-simple"},"acf":[],"yoast_head":"<!-- This site is optimized with the Yoast SEO plugin v27.5 - https:\/\/yoast.com\/product\/yoast-seo-wordpress\/ -->\n<title>Pavillon Outwell Fastlane 300 Shelter Farbe grey - Bantam<\/title>\n<meta name=\"robots\" content=\"index, follow, max-snippet:-1, max-image-preview:large, max-video-preview:-1\" \/>\n<link rel=\"canonical\" href=\"https:\/\/shop.bantam.ch\/de\/produkt\/pavillon-outwell-fastlane-300-shelter-farbe-grey\/\" \/>\n<meta property=\"og:locale\" content=\"de_DE\" \/>\n<meta property=\"og:type\" content=\"article\" \/>\n<meta property=\"og:title\" content=\"Pavillon Outwell Fastlane 300 Shelter Farbe grey - Bantam\" \/>\n<meta property=\"og:description\" content=\"Mit dem Fastlane 300 Shelter machen Sie mehr aus Ihren Roadtrips. Das robuste und langlebige Zelt mit abnehmbaren Seiten und Bodenplane verf\u00fcgt \u00fcber vormontierte Stangen f\u00fcr einen superschnellen Aufbau. Verwenden Sie es mit einem Van oder als eigenst\u00e4ndiges Zelt f\u00fcr sofortigen Schatten und Schutz. Ideal f\u00fcr Mahlzeiten im Freien oder zum Unterstellen von Fahrr\u00e4dern. Schnelles [&hellip;]\" \/>\n<meta property=\"og:url\" content=\"https:\/\/shop.bantam.ch\/de\/produkt\/pavillon-outwell-fastlane-300-shelter-farbe-grey\/\" \/>\n<meta property=\"og:site_name\" content=\"Bantam\" \/>\n<meta property=\"article:modified_time\" content=\"2026-05-11T21:10:28+00:00\" \/>\n<meta name=\"twitter:card\" content=\"summary_large_image\" \/>\n<meta name=\"twitter:label1\" content=\"Gesch\u00e4tzte Lesezeit\" \/>\n\t<meta name=\"twitter:data1\" content=\"1\u00a0Minute\" \/>\n<script type=\"application\/ld+json\" class=\"yoast-schema-graph\">{\"@context\":\"https:\\\/\\\/schema.org\",\"@graph\":[{\"@type\":\"WebPage\",\"@id\":\"https:\\\/\\\/shop.bantam.ch\\\/de\\\/produkt\\\/pavillon-outwell-fastlane-300-shelter-farbe-grey\\\/\",\"url\":\"https:\\\/\\\/shop.bantam.ch\\\/de\\\/produkt\\\/pavillon-outwell-fastlane-300-shelter-farbe-grey\\\/\",\"name\":\"Pavillon Outwell Fastlane 300 Shelter Farbe grey - Bantam\",\"isPartOf\":{\"@id\":\"https:\\\/\\\/shop.bantam.ch\\\/de\\\/#website\"},\"primaryImageOfPage\":{\"@id\":\"https:\\\/\\\/shop.bantam.ch\\\/de\\\/produkt\\\/pavillon-outwell-fastlane-300-shelter-farbe-grey\\\/#primaryimage\"},\"image\":{\"@id\":\"https:\\\/\\\/shop.bantam.ch\\\/de\\\/produkt\\\/pavillon-outwell-fastlane-300-shelter-farbe-grey\\\/#primaryimage\"},\"thumbnailUrl\":\"https:\\\/\\\/shop.bantam.ch\\\/wp-content\\\/uploads\\\/2024\\\/09\\\/Movera-L-9971053100.jpg\",\"datePublished\":\"2024-05-15T15:18:41+00:00\",\"dateModified\":\"2026-05-11T21:10:28+00:00\",\"breadcrumb\":{\"@id\":\"https:\\\/\\\/shop.bantam.ch\\\/de\\\/produkt\\\/pavillon-outwell-fastlane-300-shelter-farbe-grey\\\/#breadcrumb\"},\"inLanguage\":\"de\",\"potentialAction\":[{\"@type\":\"ReadAction\",\"target\":[\"https:\\\/\\\/shop.bantam.ch\\\/de\\\/produkt\\\/pavillon-outwell-fastlane-300-shelter-farbe-grey\\\/\"]}]},{\"@type\":\"ImageObject\",\"inLanguage\":\"de\",\"@id\":\"https:\\\/\\\/shop.bantam.ch\\\/de\\\/produkt\\\/pavillon-outwell-fastlane-300-shelter-farbe-grey\\\/#primaryimage\",\"url\":\"https:\\\/\\\/shop.bantam.ch\\\/wp-content\\\/uploads\\\/2024\\\/09\\\/Movera-L-9971053100.jpg\",\"contentUrl\":\"https:\\\/\\\/shop.bantam.ch\\\/wp-content\\\/uploads\\\/2024\\\/09\\\/Movera-L-9971053100.jpg\",\"width\":640,\"height\":360},{\"@type\":\"BreadcrumbList\",\"@id\":\"https:\\\/\\\/shop.bantam.ch\\\/de\\\/produkt\\\/pavillon-outwell-fastlane-300-shelter-farbe-grey\\\/#breadcrumb\",\"itemListElement\":[{\"@type\":\"ListItem\",\"position\":1,\"name\":\"Accueil\",\"item\":\"https:\\\/\\\/shop.bantam.ch\\\/de\\\/\"},{\"@type\":\"ListItem\",\"position\":2,\"name\":\"Shop\",\"item\":\"https:\\\/\\\/shop.bantam.ch\\\/de\\\/shop\\\/\"},{\"@type\":\"ListItem\",\"position\":3,\"name\":\"Pavillon Outwell Fastlane 300 Shelter Farbe grey\"}]},{\"@type\":\"WebSite\",\"@id\":\"https:\\\/\\\/shop.bantam.ch\\\/de\\\/#website\",\"url\":\"https:\\\/\\\/shop.bantam.ch\\\/de\\\/\",\"name\":\"Bantam\",\"description\":\"\",\"publisher\":{\"@id\":\"https:\\\/\\\/shop.bantam.ch\\\/de\\\/#organization\"},\"inLanguage\":\"de\"},{\"@type\":\"Organization\",\"@id\":\"https:\\\/\\\/shop.bantam.ch\\\/de\\\/#organization\",\"name\":\"Bantam\",\"url\":\"https:\\\/\\\/shop.bantam.ch\\\/de\\\/\",\"logo\":{\"@type\":\"ImageObject\",\"inLanguage\":\"de\",\"@id\":\"https:\\\/\\\/shop.bantam.ch\\\/de\\\/#\\\/schema\\\/logo\\\/image\\\/\",\"url\":\"https:\\\/\\\/shop.bantam.ch\\\/wp-content\\\/uploads\\\/2022\\\/12\\\/bantam-logo.png\",\"contentUrl\":\"https:\\\/\\\/shop.bantam.ch\\\/wp-content\\\/uploads\\\/2022\\\/12\\\/bantam-logo.png\",\"width\":320,\"height\":71,\"caption\":\"Bantam\"},\"image\":{\"@id\":\"https:\\\/\\\/shop.bantam.ch\\\/de\\\/#\\\/schema\\\/logo\\\/image\\\/\"}}]}<\/script>\n<!-- \/ Yoast SEO plugin. -->","yoast_head_json":{"title":"Pavillon Outwell Fastlane 300 Shelter Farbe grey - Bantam","robots":{"index":"index","follow":"follow","max-snippet":"max-snippet:-1","max-image-preview":"max-image-preview:large","max-video-preview":"max-video-preview:-1"},"canonical":"https:\/\/shop.bantam.ch\/de\/produkt\/pavillon-outwell-fastlane-300-shelter-farbe-grey\/","og_locale":"de_DE","og_type":"article","og_title":"Pavillon Outwell Fastlane 300 Shelter Farbe grey - Bantam","og_description":"Mit dem Fastlane 300 Shelter machen Sie mehr aus Ihren Roadtrips. Das robuste und langlebige Zelt mit abnehmbaren Seiten und Bodenplane verf\u00fcgt \u00fcber vormontierte Stangen f\u00fcr einen superschnellen Aufbau. Verwenden Sie es mit einem Van oder als eigenst\u00e4ndiges Zelt f\u00fcr sofortigen Schatten und Schutz. Ideal f\u00fcr Mahlzeiten im Freien oder zum Unterstellen von Fahrr\u00e4dern. Schnelles [&hellip;]","og_url":"https:\/\/shop.bantam.ch\/de\/produkt\/pavillon-outwell-fastlane-300-shelter-farbe-grey\/","og_site_name":"Bantam","article_modified_time":"2026-05-11T21:10:28+00:00","twitter_card":"summary_large_image","twitter_misc":{"Gesch\u00e4tzte Lesezeit":"1\u00a0Minute"},"schema":{"@context":"https:\/\/schema.org","@graph":[{"@type":"WebPage","@id":"https:\/\/shop.bantam.ch\/de\/produkt\/pavillon-outwell-fastlane-300-shelter-farbe-grey\/","url":"https:\/\/shop.bantam.ch\/de\/produkt\/pavillon-outwell-fastlane-300-shelter-farbe-grey\/","name":"Pavillon Outwell Fastlane 300 Shelter Farbe grey - Bantam","isPartOf":{"@id":"https:\/\/shop.bantam.ch\/de\/#website"},"primaryImageOfPage":{"@id":"https:\/\/shop.bantam.ch\/de\/produkt\/pavillon-outwell-fastlane-300-shelter-farbe-grey\/#primaryimage"},"image":{"@id":"https:\/\/shop.bantam.ch\/de\/produkt\/pavillon-outwell-fastlane-300-shelter-farbe-grey\/#primaryimage"},"thumbnailUrl":"https:\/\/shop.bantam.ch\/wp-content\/uploads\/2024\/09\/Movera-L-9971053100.jpg","datePublished":"2024-05-15T15:18:41+00:00","dateModified":"2026-05-11T21:10:28+00:00","breadcrumb":{"@id":"https:\/\/shop.bantam.ch\/de\/produkt\/pavillon-outwell-fastlane-300-shelter-farbe-grey\/#breadcrumb"},"inLanguage":"de","potentialAction":[{"@type":"ReadAction","target":["https:\/\/shop.bantam.ch\/de\/produkt\/pavillon-outwell-fastlane-300-shelter-farbe-grey\/"]}]},{"@type":"ImageObject","inLanguage":"de","@id":"https:\/\/shop.bantam.ch\/de\/produkt\/pavillon-outwell-fastlane-300-shelter-farbe-grey\/#primaryimage","url":"https:\/\/shop.bantam.ch\/wp-content\/uploads\/2024\/09\/Movera-L-9971053100.jpg","contentUrl":"https:\/\/shop.bantam.ch\/wp-content\/uploads\/2024\/09\/Movera-L-9971053100.jpg","width":640,"height":360},{"@type":"BreadcrumbList","@id":"https:\/\/shop.bantam.ch\/de\/produkt\/pavillon-outwell-fastlane-300-shelter-farbe-grey\/#breadcrumb","itemListElement":[{"@type":"ListItem","position":1,"name":"Accueil","item":"https:\/\/shop.bantam.ch\/de\/"},{"@type":"ListItem","position":2,"name":"Shop","item":"https:\/\/shop.bantam.ch\/de\/shop\/"},{"@type":"ListItem","position":3,"name":"Pavillon Outwell Fastlane 300 Shelter Farbe grey"}]},{"@type":"WebSite","@id":"https:\/\/shop.bantam.ch\/de\/#website","url":"https:\/\/shop.bantam.ch\/de\/","name":"Bantam","description":"","publisher":{"@id":"https:\/\/shop.bantam.ch\/de\/#organization"},"inLanguage":"de"},{"@type":"Organization","@id":"https:\/\/shop.bantam.ch\/de\/#organization","name":"Bantam","url":"https:\/\/shop.bantam.ch\/de\/","logo":{"@type":"ImageObject","inLanguage":"de","@id":"https:\/\/shop.bantam.ch\/de\/#\/schema\/logo\/image\/","url":"https:\/\/shop.bantam.ch\/wp-content\/uploads\/2022\/12\/bantam-logo.png","contentUrl":"https:\/\/shop.bantam.ch\/wp-content\/uploads\/2022\/12\/bantam-logo.png","width":320,"height":71,"caption":"Bantam"},"image":{"@id":"https:\/\/shop.bantam.ch\/de\/#\/schema\/logo\/image\/"}}]}},"_links":{"self":[{"href":"https:\/\/shop.bantam.ch\/de\/wp-json\/wp\/v2\/product\/199741","targetHints":{"allow":["GET"]}}],"collection":[{"href":"https:\/\/shop.bantam.ch\/de\/wp-json\/wp\/v2\/product"}],"about":[{"href":"https:\/\/shop.bantam.ch\/de\/wp-json\/wp\/v2\/types\/product"}],"wp:featuredmedia":[{"embeddable":true,"href":"https:\/\/shop.bantam.ch\/de\/wp-json\/wp\/v2\/media\/207477"}],"wp:attachment":[{"href":"https:\/\/shop.bantam.ch\/de\/wp-json\/wp\/v2\/media?parent=199741"}],"wp:term":[{"taxonomy":"product_featured_cat","embeddable":true,"href":"https:\/\/shop.bantam.ch\/de\/wp-json\/wp\/v2\/product_featured_cat?post=199741"},{"taxonomy":"product_brand","embeddable":true,"href":"https:\/\/shop.bantam.ch\/de\/wp-json\/wp\/v2\/product_brand?post=199741"},{"taxonomy":"product_cat","embeddable":true,"href":"https:\/\/shop.bantam.ch\/de\/wp-json\/wp\/v2\/product_cat?post=199741"},{"taxonomy":"product_tag","embeddable":true,"href":"https:\/\/shop.bantam.ch\/de\/wp-json\/wp\/v2\/product_tag?post=199741"}],"curies":[{"name":"wp","href":"https:\/\/api.w.org\/{rel}","templated":true}]}}