{"id":199727,"date":"2024-05-15T17:18:21","date_gmt":"2024-05-15T15:18:21","guid":{"rendered":"https:\/\/shop.bantam.ch\/produit\/pavillon-summer-lounge\/"},"modified":"2026-05-09T01:24:29","modified_gmt":"2026-05-08T23:24:29","slug":"pavillon-summer-lounge","status":"publish","type":"product","link":"https:\/\/shop.bantam.ch\/de\/produkt\/pavillon-summer-lounge\/","title":{"rendered":"Pavillon Summer Lounge"},"content":{"rendered":"<p>Die Outwell Summer Lounge M bietet einen vielseitig nutzbaren, frei stehenden Unterschlupf. Die \u00e4u\u00dferst robuste und stabile Konstruktion zeichnet sich durch gro\u00dfe Zug\u00e4nge und eine bequeme Stehh\u00f6he aus. Dank der Bel\u00fcftungs\u00f6ffnung an der Spitze, dem Aufh\u00e4ngepunkt f\u00fcr eine Laterne in der Mitte sowie zwei Netztaschen bietet die Lounge ein H\u00f6chstma\u00df an praktischer Flexibilit\u00e4t. Der widerstandsf\u00e4hige Stoff Outtex\u00ae 1500 Pro Silver bietet einen UV-Schutzfaktor von \u00fcber 50. Um einen gr\u00f6\u00dferen gesch\u00fctzten Aufenthaltsbereich zu schaffen, k\u00f6nnen miteinander kompatible Schutzd\u00e4cher \u00fcber eine Regenrinne verbunden werden.<\/p>\n<ul>\n<li>Komfortable Zugangsh\u00f6he und Kopffreiheit<\/li>\n<li>Aufh\u00e4ngepunkt f\u00fcr Laterne<\/li>\n<li>Kann \u00fcber eine optionale Regenrinne mit kompatiblen Schutzd\u00e4chern verbunden werden<\/li>\n<li>Frei stehende Konstruktion<\/li>\n<li>UPF +50<\/li>\n<li>Aufbewahrungsf\u00e4cher aus Netzstoff<\/li>\n<li>L\u00fcftungs\u00f6ffnung an der Spitze des Dach<\/li>\n<\/ul>\n<p>Material:<br \/>\n100 % Polyester<\/p>\n","protected":false},"excerpt":{"rendered":"<p>Die Outwell Summer Lounge M bietet einen vielseitig nutzbaren, frei stehenden Unterschlupf. Die \u00e4u\u00dferst robuste und stabile Konstruktion zeichnet sich durch gro\u00dfe Zug\u00e4nge und eine bequeme Stehh\u00f6he aus. Dank der Bel\u00fcftungs\u00f6ffnung an der Spitze, dem Aufh\u00e4ngepunkt f\u00fcr eine Laterne in der Mitte sowie zwei Netztaschen bietet die Lounge ein H\u00f6chstma\u00df an praktischer Flexibilit\u00e4t. Der widerstandsf\u00e4hige [&hellip;]<\/p>\n","protected":false},"featured_media":199711,"template":"","meta":{"_acf_changed":false},"product_featured_cat":[],"product_brand":[],"product_cat":[3984],"product_tag":[],"class_list":{"0":"post-199727","1":"product","2":"type-product","3":"status-publish","4":"has-post-thumbnail","6":"product_cat-pavillons","8":"first","9":"instock","10":"taxable","11":"shipping-taxable","12":"purchasable","13":"product-type-variable"},"acf":[],"yoast_head":"<!-- This site is optimized with the Yoast SEO plugin v27.5 - https:\/\/yoast.com\/product\/yoast-seo-wordpress\/ -->\n<title>Pavillon Summer Lounge - Bantam<\/title>\n<meta name=\"robots\" content=\"index, follow, max-snippet:-1, max-image-preview:large, max-video-preview:-1\" \/>\n<link rel=\"canonical\" href=\"https:\/\/shop.bantam.ch\/de\/produkt\/pavillon-summer-lounge\/\" \/>\n<meta property=\"og:locale\" content=\"de_DE\" \/>\n<meta property=\"og:type\" content=\"article\" \/>\n<meta property=\"og:title\" content=\"Pavillon Summer Lounge - Bantam\" \/>\n<meta property=\"og:description\" content=\"Die Outwell Summer Lounge M bietet einen vielseitig nutzbaren, frei stehenden Unterschlupf. Die \u00e4u\u00dferst robuste und stabile Konstruktion zeichnet sich durch gro\u00dfe Zug\u00e4nge und eine bequeme Stehh\u00f6he aus. Dank der Bel\u00fcftungs\u00f6ffnung an der Spitze, dem Aufh\u00e4ngepunkt f\u00fcr eine Laterne in der Mitte sowie zwei Netztaschen bietet die Lounge ein H\u00f6chstma\u00df an praktischer Flexibilit\u00e4t. Der widerstandsf\u00e4hige [&hellip;]\" \/>\n<meta property=\"og:url\" content=\"https:\/\/shop.bantam.ch\/de\/produkt\/pavillon-summer-lounge\/\" \/>\n<meta property=\"og:site_name\" content=\"Bantam\" \/>\n<meta property=\"article:modified_time\" content=\"2026-05-08T23:24:29+00:00\" \/>\n<meta name=\"twitter:card\" content=\"summary_large_image\" \/>\n<meta name=\"twitter:label1\" content=\"Gesch\u00e4tzte Lesezeit\" \/>\n\t<meta name=\"twitter:data1\" content=\"1\u00a0Minute\" \/>\n<script type=\"application\/ld+json\" class=\"yoast-schema-graph\">{\"@context\":\"https:\\\/\\\/schema.org\",\"@graph\":[{\"@type\":\"WebPage\",\"@id\":\"https:\\\/\\\/shop.bantam.ch\\\/de\\\/produkt\\\/pavillon-summer-lounge\\\/\",\"url\":\"https:\\\/\\\/shop.bantam.ch\\\/de\\\/produkt\\\/pavillon-summer-lounge\\\/\",\"name\":\"Pavillon Summer Lounge - Bantam\",\"isPartOf\":{\"@id\":\"https:\\\/\\\/shop.bantam.ch\\\/de\\\/#website\"},\"primaryImageOfPage\":{\"@id\":\"https:\\\/\\\/shop.bantam.ch\\\/de\\\/produkt\\\/pavillon-summer-lounge\\\/#primaryimage\"},\"image\":{\"@id\":\"https:\\\/\\\/shop.bantam.ch\\\/de\\\/produkt\\\/pavillon-summer-lounge\\\/#primaryimage\"},\"thumbnailUrl\":\"https:\\\/\\\/shop.bantam.ch\\\/wp-content\\\/uploads\\\/2024\\\/05\\\/Movera-L-9971051100.jpg\",\"datePublished\":\"2024-05-15T15:18:21+00:00\",\"dateModified\":\"2026-05-08T23:24:29+00:00\",\"breadcrumb\":{\"@id\":\"https:\\\/\\\/shop.bantam.ch\\\/de\\\/produkt\\\/pavillon-summer-lounge\\\/#breadcrumb\"},\"inLanguage\":\"de\",\"potentialAction\":[{\"@type\":\"ReadAction\",\"target\":[\"https:\\\/\\\/shop.bantam.ch\\\/de\\\/produkt\\\/pavillon-summer-lounge\\\/\"]}]},{\"@type\":\"ImageObject\",\"inLanguage\":\"de\",\"@id\":\"https:\\\/\\\/shop.bantam.ch\\\/de\\\/produkt\\\/pavillon-summer-lounge\\\/#primaryimage\",\"url\":\"https:\\\/\\\/shop.bantam.ch\\\/wp-content\\\/uploads\\\/2024\\\/05\\\/Movera-L-9971051100.jpg\",\"contentUrl\":\"https:\\\/\\\/shop.bantam.ch\\\/wp-content\\\/uploads\\\/2024\\\/05\\\/Movera-L-9971051100.jpg\",\"width\":640,\"height\":360},{\"@type\":\"BreadcrumbList\",\"@id\":\"https:\\\/\\\/shop.bantam.ch\\\/de\\\/produkt\\\/pavillon-summer-lounge\\\/#breadcrumb\",\"itemListElement\":[{\"@type\":\"ListItem\",\"position\":1,\"name\":\"Accueil\",\"item\":\"https:\\\/\\\/shop.bantam.ch\\\/de\\\/\"},{\"@type\":\"ListItem\",\"position\":2,\"name\":\"Shop\",\"item\":\"https:\\\/\\\/shop.bantam.ch\\\/de\\\/shop\\\/\"},{\"@type\":\"ListItem\",\"position\":3,\"name\":\"Pavillon Summer Lounge\"}]},{\"@type\":\"WebSite\",\"@id\":\"https:\\\/\\\/shop.bantam.ch\\\/de\\\/#website\",\"url\":\"https:\\\/\\\/shop.bantam.ch\\\/de\\\/\",\"name\":\"Bantam\",\"description\":\"\",\"publisher\":{\"@id\":\"https:\\\/\\\/shop.bantam.ch\\\/de\\\/#organization\"},\"inLanguage\":\"de\"},{\"@type\":\"Organization\",\"@id\":\"https:\\\/\\\/shop.bantam.ch\\\/de\\\/#organization\",\"name\":\"Bantam\",\"url\":\"https:\\\/\\\/shop.bantam.ch\\\/de\\\/\",\"logo\":{\"@type\":\"ImageObject\",\"inLanguage\":\"de\",\"@id\":\"https:\\\/\\\/shop.bantam.ch\\\/de\\\/#\\\/schema\\\/logo\\\/image\\\/\",\"url\":\"https:\\\/\\\/shop.bantam.ch\\\/wp-content\\\/uploads\\\/2022\\\/12\\\/bantam-logo.png\",\"contentUrl\":\"https:\\\/\\\/shop.bantam.ch\\\/wp-content\\\/uploads\\\/2022\\\/12\\\/bantam-logo.png\",\"width\":320,\"height\":71,\"caption\":\"Bantam\"},\"image\":{\"@id\":\"https:\\\/\\\/shop.bantam.ch\\\/de\\\/#\\\/schema\\\/logo\\\/image\\\/\"}}]}<\/script>\n<!-- \/ Yoast SEO plugin. -->","yoast_head_json":{"title":"Pavillon Summer Lounge - Bantam","robots":{"index":"index","follow":"follow","max-snippet":"max-snippet:-1","max-image-preview":"max-image-preview:large","max-video-preview":"max-video-preview:-1"},"canonical":"https:\/\/shop.bantam.ch\/de\/produkt\/pavillon-summer-lounge\/","og_locale":"de_DE","og_type":"article","og_title":"Pavillon Summer Lounge - Bantam","og_description":"Die Outwell Summer Lounge M bietet einen vielseitig nutzbaren, frei stehenden Unterschlupf. Die \u00e4u\u00dferst robuste und stabile Konstruktion zeichnet sich durch gro\u00dfe Zug\u00e4nge und eine bequeme Stehh\u00f6he aus. Dank der Bel\u00fcftungs\u00f6ffnung an der Spitze, dem Aufh\u00e4ngepunkt f\u00fcr eine Laterne in der Mitte sowie zwei Netztaschen bietet die Lounge ein H\u00f6chstma\u00df an praktischer Flexibilit\u00e4t. Der widerstandsf\u00e4hige [&hellip;]","og_url":"https:\/\/shop.bantam.ch\/de\/produkt\/pavillon-summer-lounge\/","og_site_name":"Bantam","article_modified_time":"2026-05-08T23:24:29+00:00","twitter_card":"summary_large_image","twitter_misc":{"Gesch\u00e4tzte Lesezeit":"1\u00a0Minute"},"schema":{"@context":"https:\/\/schema.org","@graph":[{"@type":"WebPage","@id":"https:\/\/shop.bantam.ch\/de\/produkt\/pavillon-summer-lounge\/","url":"https:\/\/shop.bantam.ch\/de\/produkt\/pavillon-summer-lounge\/","name":"Pavillon Summer Lounge - Bantam","isPartOf":{"@id":"https:\/\/shop.bantam.ch\/de\/#website"},"primaryImageOfPage":{"@id":"https:\/\/shop.bantam.ch\/de\/produkt\/pavillon-summer-lounge\/#primaryimage"},"image":{"@id":"https:\/\/shop.bantam.ch\/de\/produkt\/pavillon-summer-lounge\/#primaryimage"},"thumbnailUrl":"https:\/\/shop.bantam.ch\/wp-content\/uploads\/2024\/05\/Movera-L-9971051100.jpg","datePublished":"2024-05-15T15:18:21+00:00","dateModified":"2026-05-08T23:24:29+00:00","breadcrumb":{"@id":"https:\/\/shop.bantam.ch\/de\/produkt\/pavillon-summer-lounge\/#breadcrumb"},"inLanguage":"de","potentialAction":[{"@type":"ReadAction","target":["https:\/\/shop.bantam.ch\/de\/produkt\/pavillon-summer-lounge\/"]}]},{"@type":"ImageObject","inLanguage":"de","@id":"https:\/\/shop.bantam.ch\/de\/produkt\/pavillon-summer-lounge\/#primaryimage","url":"https:\/\/shop.bantam.ch\/wp-content\/uploads\/2024\/05\/Movera-L-9971051100.jpg","contentUrl":"https:\/\/shop.bantam.ch\/wp-content\/uploads\/2024\/05\/Movera-L-9971051100.jpg","width":640,"height":360},{"@type":"BreadcrumbList","@id":"https:\/\/shop.bantam.ch\/de\/produkt\/pavillon-summer-lounge\/#breadcrumb","itemListElement":[{"@type":"ListItem","position":1,"name":"Accueil","item":"https:\/\/shop.bantam.ch\/de\/"},{"@type":"ListItem","position":2,"name":"Shop","item":"https:\/\/shop.bantam.ch\/de\/shop\/"},{"@type":"ListItem","position":3,"name":"Pavillon Summer Lounge"}]},{"@type":"WebSite","@id":"https:\/\/shop.bantam.ch\/de\/#website","url":"https:\/\/shop.bantam.ch\/de\/","name":"Bantam","description":"","publisher":{"@id":"https:\/\/shop.bantam.ch\/de\/#organization"},"inLanguage":"de"},{"@type":"Organization","@id":"https:\/\/shop.bantam.ch\/de\/#organization","name":"Bantam","url":"https:\/\/shop.bantam.ch\/de\/","logo":{"@type":"ImageObject","inLanguage":"de","@id":"https:\/\/shop.bantam.ch\/de\/#\/schema\/logo\/image\/","url":"https:\/\/shop.bantam.ch\/wp-content\/uploads\/2022\/12\/bantam-logo.png","contentUrl":"https:\/\/shop.bantam.ch\/wp-content\/uploads\/2022\/12\/bantam-logo.png","width":320,"height":71,"caption":"Bantam"},"image":{"@id":"https:\/\/shop.bantam.ch\/de\/#\/schema\/logo\/image\/"}}]}},"_links":{"self":[{"href":"https:\/\/shop.bantam.ch\/de\/wp-json\/wp\/v2\/product\/199727","targetHints":{"allow":["GET"]}}],"collection":[{"href":"https:\/\/shop.bantam.ch\/de\/wp-json\/wp\/v2\/product"}],"about":[{"href":"https:\/\/shop.bantam.ch\/de\/wp-json\/wp\/v2\/types\/product"}],"wp:featuredmedia":[{"embeddable":true,"href":"https:\/\/shop.bantam.ch\/de\/wp-json\/wp\/v2\/media\/199711"}],"wp:attachment":[{"href":"https:\/\/shop.bantam.ch\/de\/wp-json\/wp\/v2\/media?parent=199727"}],"wp:term":[{"taxonomy":"product_featured_cat","embeddable":true,"href":"https:\/\/shop.bantam.ch\/de\/wp-json\/wp\/v2\/product_featured_cat?post=199727"},{"taxonomy":"product_brand","embeddable":true,"href":"https:\/\/shop.bantam.ch\/de\/wp-json\/wp\/v2\/product_brand?post=199727"},{"taxonomy":"product_cat","embeddable":true,"href":"https:\/\/shop.bantam.ch\/de\/wp-json\/wp\/v2\/product_cat?post=199727"},{"taxonomy":"product_tag","embeddable":true,"href":"https:\/\/shop.bantam.ch\/de\/wp-json\/wp\/v2\/product_tag?post=199727"}],"curies":[{"name":"wp","href":"https:\/\/api.w.org\/{rel}","templated":true}]}}