{"id":199695,"date":"2024-05-15T17:17:43","date_gmt":"2024-05-15T15:17:43","guid":{"rendered":"https:\/\/shop.bantam.ch\/produit\/power-station-ecoflow-delta-2-max-extra-battery-tragbar\/"},"modified":"2026-04-17T23:12:40","modified_gmt":"2026-04-17T21:12:40","slug":"power-station-ecoflow-delta-2-max-extra-battery-tragbar","status":"publish","type":"product","link":"https:\/\/shop.bantam.ch\/de\/produkt\/power-station-ecoflow-delta-2-max-extra-battery-tragbar\/","title":{"rendered":"Power Station ECOFLOW Delta 2 Max Extra Battery tragbar"},"content":{"rendered":"<p>2048-Wh-Zusatzbatterie f\u00fcr DELTA 2 Max<br \/>\nKapazit\u00e4t mit 2 Zusatzbatterien auf bis zu 6 kWh erweiterbar<br \/>\nBequemes Aufladen \u00fcber die DELTA 2 Max: Wechselstrom, Solar, Smart Generator, Kfz-Ladefunktion<br \/>\nSteckertyp: Schuko<\/p>\n<p>&nbsp;<\/p>\n<p>Lieferumfang:<br \/>\nInklusive Delta Max 2<br \/>\nSmart Extra Akku<br \/>\nDelta Max 2 Extra Batteriekabel<br \/>\nBenutzerhandbuch<\/p>\n","protected":false},"excerpt":{"rendered":"<p>2048-Wh-Zusatzbatterie f\u00fcr DELTA 2 Max Kapazit\u00e4t mit 2 Zusatzbatterien auf bis zu 6 kWh erweiterbar Bequemes Aufladen \u00fcber die DELTA 2 Max: Wechselstrom, Solar, Smart Generator, Kfz-Ladefunktion Steckertyp: Schuko &nbsp; Lieferumfang: Inklusive Delta Max 2 Smart Extra Akku Delta Max 2 Extra Batteriekabel Benutzerhandbuch<\/p>\n","protected":false},"featured_media":207473,"template":"","meta":{"_acf_changed":false},"product_featured_cat":[],"product_brand":[],"product_cat":[5114],"product_tag":[],"class_list":{"0":"post-199695","1":"product","2":"type-product","3":"status-publish","4":"has-post-thumbnail","6":"product_cat-lithium-batterien","8":"first","9":"instock","10":"taxable","11":"shipping-taxable","12":"purchasable","13":"product-type-simple"},"acf":[],"yoast_head":"<!-- This site is optimized with the Yoast SEO plugin v27.4 - https:\/\/yoast.com\/product\/yoast-seo-wordpress\/ -->\n<title>Power Station ECOFLOW Delta 2 Max Extra Battery tragbar - Bantam Camping AG<\/title>\n<meta name=\"robots\" content=\"index, follow, max-snippet:-1, max-image-preview:large, max-video-preview:-1\" \/>\n<link rel=\"canonical\" href=\"https:\/\/shop.bantam.ch\/de\/produkt\/power-station-ecoflow-delta-2-max-extra-battery-tragbar\/\" \/>\n<meta property=\"og:locale\" content=\"de_DE\" \/>\n<meta property=\"og:type\" content=\"article\" \/>\n<meta property=\"og:title\" content=\"Power Station ECOFLOW Delta 2 Max Extra Battery tragbar - Bantam Camping AG\" \/>\n<meta property=\"og:description\" content=\"2048-Wh-Zusatzbatterie f\u00fcr DELTA 2 Max Kapazit\u00e4t mit 2 Zusatzbatterien auf bis zu 6 kWh erweiterbar Bequemes Aufladen \u00fcber die DELTA 2 Max: Wechselstrom, Solar, Smart Generator, Kfz-Ladefunktion Steckertyp: Schuko &nbsp; Lieferumfang: Inklusive Delta Max 2 Smart Extra Akku Delta Max 2 Extra Batteriekabel Benutzerhandbuch\" \/>\n<meta property=\"og:url\" content=\"https:\/\/shop.bantam.ch\/de\/produkt\/power-station-ecoflow-delta-2-max-extra-battery-tragbar\/\" \/>\n<meta property=\"og:site_name\" content=\"Bantam Camping AG\" \/>\n<meta property=\"article:modified_time\" content=\"2026-04-17T21:12:40+00:00\" \/>\n<meta name=\"twitter:card\" content=\"summary_large_image\" \/>\n<script type=\"application\/ld+json\" class=\"yoast-schema-graph\">{\"@context\":\"https:\\\/\\\/schema.org\",\"@graph\":[{\"@type\":\"WebPage\",\"@id\":\"https:\\\/\\\/shop.bantam.ch\\\/de\\\/produkt\\\/power-station-ecoflow-delta-2-max-extra-battery-tragbar\\\/\",\"url\":\"https:\\\/\\\/shop.bantam.ch\\\/de\\\/produkt\\\/power-station-ecoflow-delta-2-max-extra-battery-tragbar\\\/\",\"name\":\"Power Station ECOFLOW Delta 2 Max Extra Battery tragbar - Bantam Camping AG\",\"isPartOf\":{\"@id\":\"https:\\\/\\\/shop.bantam.ch\\\/de\\\/#website\"},\"primaryImageOfPage\":{\"@id\":\"https:\\\/\\\/shop.bantam.ch\\\/de\\\/produkt\\\/power-station-ecoflow-delta-2-max-extra-battery-tragbar\\\/#primaryimage\"},\"image\":{\"@id\":\"https:\\\/\\\/shop.bantam.ch\\\/de\\\/produkt\\\/power-station-ecoflow-delta-2-max-extra-battery-tragbar\\\/#primaryimage\"},\"thumbnailUrl\":\"https:\\\/\\\/shop.bantam.ch\\\/wp-content\\\/uploads\\\/2024\\\/09\\\/Movera-L-9971045100.jpg\",\"datePublished\":\"2024-05-15T15:17:43+00:00\",\"dateModified\":\"2026-04-17T21:12:40+00:00\",\"breadcrumb\":{\"@id\":\"https:\\\/\\\/shop.bantam.ch\\\/de\\\/produkt\\\/power-station-ecoflow-delta-2-max-extra-battery-tragbar\\\/#breadcrumb\"},\"inLanguage\":\"de\",\"potentialAction\":[{\"@type\":\"ReadAction\",\"target\":[\"https:\\\/\\\/shop.bantam.ch\\\/de\\\/produkt\\\/power-station-ecoflow-delta-2-max-extra-battery-tragbar\\\/\"]}]},{\"@type\":\"ImageObject\",\"inLanguage\":\"de\",\"@id\":\"https:\\\/\\\/shop.bantam.ch\\\/de\\\/produkt\\\/power-station-ecoflow-delta-2-max-extra-battery-tragbar\\\/#primaryimage\",\"url\":\"https:\\\/\\\/shop.bantam.ch\\\/wp-content\\\/uploads\\\/2024\\\/09\\\/Movera-L-9971045100.jpg\",\"contentUrl\":\"https:\\\/\\\/shop.bantam.ch\\\/wp-content\\\/uploads\\\/2024\\\/09\\\/Movera-L-9971045100.jpg\",\"width\":640,\"height\":455},{\"@type\":\"BreadcrumbList\",\"@id\":\"https:\\\/\\\/shop.bantam.ch\\\/de\\\/produkt\\\/power-station-ecoflow-delta-2-max-extra-battery-tragbar\\\/#breadcrumb\",\"itemListElement\":[{\"@type\":\"ListItem\",\"position\":1,\"name\":\"Accueil\",\"item\":\"https:\\\/\\\/shop.bantam.ch\\\/de\\\/\"},{\"@type\":\"ListItem\",\"position\":2,\"name\":\"Shop\",\"item\":\"https:\\\/\\\/shop.bantam.ch\\\/de\\\/shop\\\/\"},{\"@type\":\"ListItem\",\"position\":3,\"name\":\"Power Station ECOFLOW Delta 2 Max Extra Battery tragbar\"}]},{\"@type\":\"WebSite\",\"@id\":\"https:\\\/\\\/shop.bantam.ch\\\/de\\\/#website\",\"url\":\"https:\\\/\\\/shop.bantam.ch\\\/de\\\/\",\"name\":\"Bantam Camping AG\",\"description\":\"\",\"publisher\":{\"@id\":\"https:\\\/\\\/shop.bantam.ch\\\/de\\\/#organization\"},\"inLanguage\":\"de\"},{\"@type\":\"Organization\",\"@id\":\"https:\\\/\\\/shop.bantam.ch\\\/de\\\/#organization\",\"name\":\"Bantam Camping AG\",\"url\":\"https:\\\/\\\/shop.bantam.ch\\\/de\\\/\",\"logo\":{\"@type\":\"ImageObject\",\"inLanguage\":\"de\",\"@id\":\"https:\\\/\\\/shop.bantam.ch\\\/de\\\/#\\\/schema\\\/logo\\\/image\\\/\",\"url\":\"https:\\\/\\\/shop.bantam.ch\\\/wp-content\\\/uploads\\\/2022\\\/12\\\/bantam-logo.png\",\"contentUrl\":\"https:\\\/\\\/shop.bantam.ch\\\/wp-content\\\/uploads\\\/2022\\\/12\\\/bantam-logo.png\",\"width\":320,\"height\":71,\"caption\":\"Bantam Camping AG\"},\"image\":{\"@id\":\"https:\\\/\\\/shop.bantam.ch\\\/de\\\/#\\\/schema\\\/logo\\\/image\\\/\"}}]}<\/script>\n<!-- \/ Yoast SEO plugin. -->","yoast_head_json":{"title":"Power Station ECOFLOW Delta 2 Max Extra Battery tragbar - Bantam Camping AG","robots":{"index":"index","follow":"follow","max-snippet":"max-snippet:-1","max-image-preview":"max-image-preview:large","max-video-preview":"max-video-preview:-1"},"canonical":"https:\/\/shop.bantam.ch\/de\/produkt\/power-station-ecoflow-delta-2-max-extra-battery-tragbar\/","og_locale":"de_DE","og_type":"article","og_title":"Power Station ECOFLOW Delta 2 Max Extra Battery tragbar - Bantam Camping AG","og_description":"2048-Wh-Zusatzbatterie f\u00fcr DELTA 2 Max Kapazit\u00e4t mit 2 Zusatzbatterien auf bis zu 6 kWh erweiterbar Bequemes Aufladen \u00fcber die DELTA 2 Max: Wechselstrom, Solar, Smart Generator, Kfz-Ladefunktion Steckertyp: Schuko &nbsp; Lieferumfang: Inklusive Delta Max 2 Smart Extra Akku Delta Max 2 Extra Batteriekabel Benutzerhandbuch","og_url":"https:\/\/shop.bantam.ch\/de\/produkt\/power-station-ecoflow-delta-2-max-extra-battery-tragbar\/","og_site_name":"Bantam Camping AG","article_modified_time":"2026-04-17T21:12:40+00:00","twitter_card":"summary_large_image","schema":{"@context":"https:\/\/schema.org","@graph":[{"@type":"WebPage","@id":"https:\/\/shop.bantam.ch\/de\/produkt\/power-station-ecoflow-delta-2-max-extra-battery-tragbar\/","url":"https:\/\/shop.bantam.ch\/de\/produkt\/power-station-ecoflow-delta-2-max-extra-battery-tragbar\/","name":"Power Station ECOFLOW Delta 2 Max Extra Battery tragbar - Bantam Camping AG","isPartOf":{"@id":"https:\/\/shop.bantam.ch\/de\/#website"},"primaryImageOfPage":{"@id":"https:\/\/shop.bantam.ch\/de\/produkt\/power-station-ecoflow-delta-2-max-extra-battery-tragbar\/#primaryimage"},"image":{"@id":"https:\/\/shop.bantam.ch\/de\/produkt\/power-station-ecoflow-delta-2-max-extra-battery-tragbar\/#primaryimage"},"thumbnailUrl":"https:\/\/shop.bantam.ch\/wp-content\/uploads\/2024\/09\/Movera-L-9971045100.jpg","datePublished":"2024-05-15T15:17:43+00:00","dateModified":"2026-04-17T21:12:40+00:00","breadcrumb":{"@id":"https:\/\/shop.bantam.ch\/de\/produkt\/power-station-ecoflow-delta-2-max-extra-battery-tragbar\/#breadcrumb"},"inLanguage":"de","potentialAction":[{"@type":"ReadAction","target":["https:\/\/shop.bantam.ch\/de\/produkt\/power-station-ecoflow-delta-2-max-extra-battery-tragbar\/"]}]},{"@type":"ImageObject","inLanguage":"de","@id":"https:\/\/shop.bantam.ch\/de\/produkt\/power-station-ecoflow-delta-2-max-extra-battery-tragbar\/#primaryimage","url":"https:\/\/shop.bantam.ch\/wp-content\/uploads\/2024\/09\/Movera-L-9971045100.jpg","contentUrl":"https:\/\/shop.bantam.ch\/wp-content\/uploads\/2024\/09\/Movera-L-9971045100.jpg","width":640,"height":455},{"@type":"BreadcrumbList","@id":"https:\/\/shop.bantam.ch\/de\/produkt\/power-station-ecoflow-delta-2-max-extra-battery-tragbar\/#breadcrumb","itemListElement":[{"@type":"ListItem","position":1,"name":"Accueil","item":"https:\/\/shop.bantam.ch\/de\/"},{"@type":"ListItem","position":2,"name":"Shop","item":"https:\/\/shop.bantam.ch\/de\/shop\/"},{"@type":"ListItem","position":3,"name":"Power Station ECOFLOW Delta 2 Max Extra Battery tragbar"}]},{"@type":"WebSite","@id":"https:\/\/shop.bantam.ch\/de\/#website","url":"https:\/\/shop.bantam.ch\/de\/","name":"Bantam Camping AG","description":"","publisher":{"@id":"https:\/\/shop.bantam.ch\/de\/#organization"},"inLanguage":"de"},{"@type":"Organization","@id":"https:\/\/shop.bantam.ch\/de\/#organization","name":"Bantam Camping AG","url":"https:\/\/shop.bantam.ch\/de\/","logo":{"@type":"ImageObject","inLanguage":"de","@id":"https:\/\/shop.bantam.ch\/de\/#\/schema\/logo\/image\/","url":"https:\/\/shop.bantam.ch\/wp-content\/uploads\/2022\/12\/bantam-logo.png","contentUrl":"https:\/\/shop.bantam.ch\/wp-content\/uploads\/2022\/12\/bantam-logo.png","width":320,"height":71,"caption":"Bantam Camping AG"},"image":{"@id":"https:\/\/shop.bantam.ch\/de\/#\/schema\/logo\/image\/"}}]}},"_links":{"self":[{"href":"https:\/\/shop.bantam.ch\/de\/wp-json\/wp\/v2\/product\/199695","targetHints":{"allow":["GET"]}}],"collection":[{"href":"https:\/\/shop.bantam.ch\/de\/wp-json\/wp\/v2\/product"}],"about":[{"href":"https:\/\/shop.bantam.ch\/de\/wp-json\/wp\/v2\/types\/product"}],"wp:featuredmedia":[{"embeddable":true,"href":"https:\/\/shop.bantam.ch\/de\/wp-json\/wp\/v2\/media\/207473"}],"wp:attachment":[{"href":"https:\/\/shop.bantam.ch\/de\/wp-json\/wp\/v2\/media?parent=199695"}],"wp:term":[{"taxonomy":"product_featured_cat","embeddable":true,"href":"https:\/\/shop.bantam.ch\/de\/wp-json\/wp\/v2\/product_featured_cat?post=199695"},{"taxonomy":"product_brand","embeddable":true,"href":"https:\/\/shop.bantam.ch\/de\/wp-json\/wp\/v2\/product_brand?post=199695"},{"taxonomy":"product_cat","embeddable":true,"href":"https:\/\/shop.bantam.ch\/de\/wp-json\/wp\/v2\/product_cat?post=199695"},{"taxonomy":"product_tag","embeddable":true,"href":"https:\/\/shop.bantam.ch\/de\/wp-json\/wp\/v2\/product_tag?post=199695"}],"curies":[{"name":"wp","href":"https:\/\/api.w.org\/{rel}","templated":true}]}}