{"id":199685,"date":"2024-05-15T17:17:33","date_gmt":"2024-05-15T15:17:33","guid":{"rendered":"https:\/\/shop.bantam.ch\/produit\/power-station-ecoflow-delta-max-2-tragbar\/"},"modified":"2026-05-11T23:10:22","modified_gmt":"2026-05-11T21:10:22","slug":"power-station-ecoflow-delta-max-2-tragbar","status":"publish","type":"product","link":"https:\/\/shop.bantam.ch\/de\/produkt\/power-station-ecoflow-delta-max-2-tragbar\/","title":{"rendered":"Power Station ECOFLOW Delta Max 2 tragbar"},"content":{"rendered":"<ul>\n<li>Erweiterbare Kapazit\u00e4t: Erweiterbare Kapazit\u00e4t von 2 kWh\u20136 kWh zur Anpassung an Ihren Energiespeicherbedarf. F\u00fcgen Sie bis zu zwei DELTA 2 Max Intelligente Zusatzbatterien hinzu, um 6.144 Wh zu erreichen. Ideal f\u00fcr Haushaltsreserve, Caravaning, Au\u00dfenbereich oder den t\u00e4glichen Gebrauch<\/li>\n<li>6-mal l\u00e4ngere Lebensdauer durch die Konstruktion: Genie\u00dfen Sie 10 Jahre lang den t\u00e4glichen Gebrauch, bis der Akku auf 80 % seiner urspr\u00fcnglichen Kapazit\u00e4t sinkt. Das ist der LFP-Batteriechemie zu verdanken, die 3.000 Zyklen erm\u00f6glicht<\/li>\n<li>Senken Ihrer Energierechnungen: In Kombination mit einem PowerStream-Mikro-Wechselrichter k\u00f6nnen Sie Ihre Solarenergie speichern, um sie w\u00e4hrend der Spitzenlastzeiten zu nutzen<\/li>\n<li>Gro\u00dfer AC-Ausgang: Mit dem X-Boost-Modus erhalten Sie eine Ausgangsleistung von bis zu 3.100 W, mit der Sie 99 % aller Haushaltsger\u00e4te betreiben k\u00f6nnen. Sie k\u00f6nnen 13 Ger\u00e4te gleichzeitig mit Strom versorgen, einschlie\u00dflich 4 AC-Ausg\u00e4ngen<\/li>\n<li>Schnellstes Aufladen: Die weltweit schnellste AC-Ladung und X-Stream Dual<\/li>\n<li>AC+Solar-Ladegeschwindigkeiten. Bis zu 1.000 W Solar-Eingang zum Aufladen in nur 2,3 Stunden<\/li>\n<li>Mehr Energie einfangen: 99 % MPPT-Effizienz maximiert die Solarstromerzeugung w\u00e4hrend des Tages<\/li>\n<li>Personalisierte In-App Leistungsverwaltung: Priorisierung von Solar- oder AC-Ladung, Anzeige von Eingangs- und Ausgangsleistung sowie Batteriestand und mehr<\/li>\n<\/ul>\n<p>Lieferumfang:<\/p>\n<p>Inklusive Delta 2 Max<br \/>\nAC Ladekabel<br \/>\nAuto Ladekabel<br \/>\nSolar Ladekabel<br \/>\nDC5521 zu DC5525 Kabel<br \/>\nBenutzerhandbuch<\/p>\n","protected":false},"excerpt":{"rendered":"<p>Erweiterbare Kapazit\u00e4t: Erweiterbare Kapazit\u00e4t von 2 kWh\u20136 kWh zur Anpassung an Ihren Energiespeicherbedarf. F\u00fcgen Sie bis zu zwei DELTA 2 Max Intelligente Zusatzbatterien hinzu, um 6.144 Wh zu erreichen. Ideal f\u00fcr Haushaltsreserve, Caravaning, Au\u00dfenbereich oder den t\u00e4glichen Gebrauch 6-mal l\u00e4ngere Lebensdauer durch die Konstruktion: Genie\u00dfen Sie 10 Jahre lang den t\u00e4glichen Gebrauch, bis der Akku [&hellip;]<\/p>\n","protected":false},"featured_media":207471,"template":"","meta":{"_acf_changed":false},"product_featured_cat":[],"product_brand":[],"product_cat":[5130],"product_tag":[],"class_list":{"0":"post-199685","1":"product","2":"type-product","3":"status-publish","4":"has-post-thumbnail","6":"product_cat-powerstationen","8":"first","9":"instock","10":"taxable","11":"shipping-taxable","12":"purchasable","13":"product-type-simple"},"acf":[],"yoast_head":"<!-- This site is optimized with the Yoast SEO plugin v27.5 - https:\/\/yoast.com\/product\/yoast-seo-wordpress\/ -->\n<title>Power Station ECOFLOW Delta Max 2 tragbar - Bantam<\/title>\n<meta name=\"robots\" content=\"index, follow, max-snippet:-1, max-image-preview:large, max-video-preview:-1\" \/>\n<link rel=\"canonical\" href=\"https:\/\/shop.bantam.ch\/de\/produkt\/power-station-ecoflow-delta-max-2-tragbar\/\" \/>\n<meta property=\"og:locale\" content=\"de_DE\" \/>\n<meta property=\"og:type\" content=\"article\" \/>\n<meta property=\"og:title\" content=\"Power Station ECOFLOW Delta Max 2 tragbar - Bantam\" \/>\n<meta property=\"og:description\" content=\"Erweiterbare Kapazit\u00e4t: Erweiterbare Kapazit\u00e4t von 2 kWh\u20136 kWh zur Anpassung an Ihren Energiespeicherbedarf. F\u00fcgen Sie bis zu zwei DELTA 2 Max Intelligente Zusatzbatterien hinzu, um 6.144 Wh zu erreichen. Ideal f\u00fcr Haushaltsreserve, Caravaning, Au\u00dfenbereich oder den t\u00e4glichen Gebrauch 6-mal l\u00e4ngere Lebensdauer durch die Konstruktion: Genie\u00dfen Sie 10 Jahre lang den t\u00e4glichen Gebrauch, bis der Akku [&hellip;]\" \/>\n<meta property=\"og:url\" content=\"https:\/\/shop.bantam.ch\/de\/produkt\/power-station-ecoflow-delta-max-2-tragbar\/\" \/>\n<meta property=\"og:site_name\" content=\"Bantam\" \/>\n<meta property=\"article:modified_time\" content=\"2026-05-11T21:10:22+00:00\" \/>\n<meta name=\"twitter:card\" content=\"summary_large_image\" \/>\n<meta name=\"twitter:label1\" content=\"Gesch\u00e4tzte Lesezeit\" \/>\n\t<meta name=\"twitter:data1\" content=\"1\u00a0Minute\" \/>\n<script type=\"application\/ld+json\" class=\"yoast-schema-graph\">{\"@context\":\"https:\\\/\\\/schema.org\",\"@graph\":[{\"@type\":\"WebPage\",\"@id\":\"https:\\\/\\\/shop.bantam.ch\\\/de\\\/produkt\\\/power-station-ecoflow-delta-max-2-tragbar\\\/\",\"url\":\"https:\\\/\\\/shop.bantam.ch\\\/de\\\/produkt\\\/power-station-ecoflow-delta-max-2-tragbar\\\/\",\"name\":\"Power Station ECOFLOW Delta Max 2 tragbar - Bantam\",\"isPartOf\":{\"@id\":\"https:\\\/\\\/shop.bantam.ch\\\/de\\\/#website\"},\"primaryImageOfPage\":{\"@id\":\"https:\\\/\\\/shop.bantam.ch\\\/de\\\/produkt\\\/power-station-ecoflow-delta-max-2-tragbar\\\/#primaryimage\"},\"image\":{\"@id\":\"https:\\\/\\\/shop.bantam.ch\\\/de\\\/produkt\\\/power-station-ecoflow-delta-max-2-tragbar\\\/#primaryimage\"},\"thumbnailUrl\":\"https:\\\/\\\/shop.bantam.ch\\\/wp-content\\\/uploads\\\/2024\\\/09\\\/Movera-L-9971044100.jpg\",\"datePublished\":\"2024-05-15T15:17:33+00:00\",\"dateModified\":\"2026-05-11T21:10:22+00:00\",\"breadcrumb\":{\"@id\":\"https:\\\/\\\/shop.bantam.ch\\\/de\\\/produkt\\\/power-station-ecoflow-delta-max-2-tragbar\\\/#breadcrumb\"},\"inLanguage\":\"de\",\"potentialAction\":[{\"@type\":\"ReadAction\",\"target\":[\"https:\\\/\\\/shop.bantam.ch\\\/de\\\/produkt\\\/power-station-ecoflow-delta-max-2-tragbar\\\/\"]}]},{\"@type\":\"ImageObject\",\"inLanguage\":\"de\",\"@id\":\"https:\\\/\\\/shop.bantam.ch\\\/de\\\/produkt\\\/power-station-ecoflow-delta-max-2-tragbar\\\/#primaryimage\",\"url\":\"https:\\\/\\\/shop.bantam.ch\\\/wp-content\\\/uploads\\\/2024\\\/09\\\/Movera-L-9971044100.jpg\",\"contentUrl\":\"https:\\\/\\\/shop.bantam.ch\\\/wp-content\\\/uploads\\\/2024\\\/09\\\/Movera-L-9971044100.jpg\",\"width\":640,\"height\":640},{\"@type\":\"BreadcrumbList\",\"@id\":\"https:\\\/\\\/shop.bantam.ch\\\/de\\\/produkt\\\/power-station-ecoflow-delta-max-2-tragbar\\\/#breadcrumb\",\"itemListElement\":[{\"@type\":\"ListItem\",\"position\":1,\"name\":\"Accueil\",\"item\":\"https:\\\/\\\/shop.bantam.ch\\\/de\\\/\"},{\"@type\":\"ListItem\",\"position\":2,\"name\":\"Shop\",\"item\":\"https:\\\/\\\/shop.bantam.ch\\\/de\\\/shop\\\/\"},{\"@type\":\"ListItem\",\"position\":3,\"name\":\"Power Station ECOFLOW Delta Max 2 tragbar\"}]},{\"@type\":\"WebSite\",\"@id\":\"https:\\\/\\\/shop.bantam.ch\\\/de\\\/#website\",\"url\":\"https:\\\/\\\/shop.bantam.ch\\\/de\\\/\",\"name\":\"Bantam\",\"description\":\"\",\"publisher\":{\"@id\":\"https:\\\/\\\/shop.bantam.ch\\\/de\\\/#organization\"},\"inLanguage\":\"de\"},{\"@type\":\"Organization\",\"@id\":\"https:\\\/\\\/shop.bantam.ch\\\/de\\\/#organization\",\"name\":\"Bantam\",\"url\":\"https:\\\/\\\/shop.bantam.ch\\\/de\\\/\",\"logo\":{\"@type\":\"ImageObject\",\"inLanguage\":\"de\",\"@id\":\"https:\\\/\\\/shop.bantam.ch\\\/de\\\/#\\\/schema\\\/logo\\\/image\\\/\",\"url\":\"https:\\\/\\\/shop.bantam.ch\\\/wp-content\\\/uploads\\\/2022\\\/12\\\/bantam-logo.png\",\"contentUrl\":\"https:\\\/\\\/shop.bantam.ch\\\/wp-content\\\/uploads\\\/2022\\\/12\\\/bantam-logo.png\",\"width\":320,\"height\":71,\"caption\":\"Bantam\"},\"image\":{\"@id\":\"https:\\\/\\\/shop.bantam.ch\\\/de\\\/#\\\/schema\\\/logo\\\/image\\\/\"}}]}<\/script>\n<!-- \/ Yoast SEO plugin. -->","yoast_head_json":{"title":"Power Station ECOFLOW Delta Max 2 tragbar - Bantam","robots":{"index":"index","follow":"follow","max-snippet":"max-snippet:-1","max-image-preview":"max-image-preview:large","max-video-preview":"max-video-preview:-1"},"canonical":"https:\/\/shop.bantam.ch\/de\/produkt\/power-station-ecoflow-delta-max-2-tragbar\/","og_locale":"de_DE","og_type":"article","og_title":"Power Station ECOFLOW Delta Max 2 tragbar - Bantam","og_description":"Erweiterbare Kapazit\u00e4t: Erweiterbare Kapazit\u00e4t von 2 kWh\u20136 kWh zur Anpassung an Ihren Energiespeicherbedarf. F\u00fcgen Sie bis zu zwei DELTA 2 Max Intelligente Zusatzbatterien hinzu, um 6.144 Wh zu erreichen. Ideal f\u00fcr Haushaltsreserve, Caravaning, Au\u00dfenbereich oder den t\u00e4glichen Gebrauch 6-mal l\u00e4ngere Lebensdauer durch die Konstruktion: Genie\u00dfen Sie 10 Jahre lang den t\u00e4glichen Gebrauch, bis der Akku [&hellip;]","og_url":"https:\/\/shop.bantam.ch\/de\/produkt\/power-station-ecoflow-delta-max-2-tragbar\/","og_site_name":"Bantam","article_modified_time":"2026-05-11T21:10:22+00:00","twitter_card":"summary_large_image","twitter_misc":{"Gesch\u00e4tzte Lesezeit":"1\u00a0Minute"},"schema":{"@context":"https:\/\/schema.org","@graph":[{"@type":"WebPage","@id":"https:\/\/shop.bantam.ch\/de\/produkt\/power-station-ecoflow-delta-max-2-tragbar\/","url":"https:\/\/shop.bantam.ch\/de\/produkt\/power-station-ecoflow-delta-max-2-tragbar\/","name":"Power Station ECOFLOW Delta Max 2 tragbar - Bantam","isPartOf":{"@id":"https:\/\/shop.bantam.ch\/de\/#website"},"primaryImageOfPage":{"@id":"https:\/\/shop.bantam.ch\/de\/produkt\/power-station-ecoflow-delta-max-2-tragbar\/#primaryimage"},"image":{"@id":"https:\/\/shop.bantam.ch\/de\/produkt\/power-station-ecoflow-delta-max-2-tragbar\/#primaryimage"},"thumbnailUrl":"https:\/\/shop.bantam.ch\/wp-content\/uploads\/2024\/09\/Movera-L-9971044100.jpg","datePublished":"2024-05-15T15:17:33+00:00","dateModified":"2026-05-11T21:10:22+00:00","breadcrumb":{"@id":"https:\/\/shop.bantam.ch\/de\/produkt\/power-station-ecoflow-delta-max-2-tragbar\/#breadcrumb"},"inLanguage":"de","potentialAction":[{"@type":"ReadAction","target":["https:\/\/shop.bantam.ch\/de\/produkt\/power-station-ecoflow-delta-max-2-tragbar\/"]}]},{"@type":"ImageObject","inLanguage":"de","@id":"https:\/\/shop.bantam.ch\/de\/produkt\/power-station-ecoflow-delta-max-2-tragbar\/#primaryimage","url":"https:\/\/shop.bantam.ch\/wp-content\/uploads\/2024\/09\/Movera-L-9971044100.jpg","contentUrl":"https:\/\/shop.bantam.ch\/wp-content\/uploads\/2024\/09\/Movera-L-9971044100.jpg","width":640,"height":640},{"@type":"BreadcrumbList","@id":"https:\/\/shop.bantam.ch\/de\/produkt\/power-station-ecoflow-delta-max-2-tragbar\/#breadcrumb","itemListElement":[{"@type":"ListItem","position":1,"name":"Accueil","item":"https:\/\/shop.bantam.ch\/de\/"},{"@type":"ListItem","position":2,"name":"Shop","item":"https:\/\/shop.bantam.ch\/de\/shop\/"},{"@type":"ListItem","position":3,"name":"Power Station ECOFLOW Delta Max 2 tragbar"}]},{"@type":"WebSite","@id":"https:\/\/shop.bantam.ch\/de\/#website","url":"https:\/\/shop.bantam.ch\/de\/","name":"Bantam","description":"","publisher":{"@id":"https:\/\/shop.bantam.ch\/de\/#organization"},"inLanguage":"de"},{"@type":"Organization","@id":"https:\/\/shop.bantam.ch\/de\/#organization","name":"Bantam","url":"https:\/\/shop.bantam.ch\/de\/","logo":{"@type":"ImageObject","inLanguage":"de","@id":"https:\/\/shop.bantam.ch\/de\/#\/schema\/logo\/image\/","url":"https:\/\/shop.bantam.ch\/wp-content\/uploads\/2022\/12\/bantam-logo.png","contentUrl":"https:\/\/shop.bantam.ch\/wp-content\/uploads\/2022\/12\/bantam-logo.png","width":320,"height":71,"caption":"Bantam"},"image":{"@id":"https:\/\/shop.bantam.ch\/de\/#\/schema\/logo\/image\/"}}]}},"_links":{"self":[{"href":"https:\/\/shop.bantam.ch\/de\/wp-json\/wp\/v2\/product\/199685","targetHints":{"allow":["GET"]}}],"collection":[{"href":"https:\/\/shop.bantam.ch\/de\/wp-json\/wp\/v2\/product"}],"about":[{"href":"https:\/\/shop.bantam.ch\/de\/wp-json\/wp\/v2\/types\/product"}],"wp:featuredmedia":[{"embeddable":true,"href":"https:\/\/shop.bantam.ch\/de\/wp-json\/wp\/v2\/media\/207471"}],"wp:attachment":[{"href":"https:\/\/shop.bantam.ch\/de\/wp-json\/wp\/v2\/media?parent=199685"}],"wp:term":[{"taxonomy":"product_featured_cat","embeddable":true,"href":"https:\/\/shop.bantam.ch\/de\/wp-json\/wp\/v2\/product_featured_cat?post=199685"},{"taxonomy":"product_brand","embeddable":true,"href":"https:\/\/shop.bantam.ch\/de\/wp-json\/wp\/v2\/product_brand?post=199685"},{"taxonomy":"product_cat","embeddable":true,"href":"https:\/\/shop.bantam.ch\/de\/wp-json\/wp\/v2\/product_cat?post=199685"},{"taxonomy":"product_tag","embeddable":true,"href":"https:\/\/shop.bantam.ch\/de\/wp-json\/wp\/v2\/product_tag?post=199685"}],"curies":[{"name":"wp","href":"https:\/\/api.w.org\/{rel}","templated":true}]}}