{"id":199672,"date":"2024-05-15T17:17:17","date_gmt":"2024-05-15T15:17:17","guid":{"rendered":"https:\/\/shop.bantam.ch\/produit\/victron-wechselrichter-phoenix-smart\/"},"modified":"2026-04-18T01:23:38","modified_gmt":"2026-04-17T23:23:38","slug":"victron-wechselrichter-phoenix-smart","status":"publish","type":"product","link":"https:\/\/shop.bantam.ch\/de\/produkt\/victron-wechselrichter-phoenix-smart\/","title":{"rendered":"Victron Wechselrichter Phoenix Smart"},"content":{"rendered":"<p>Die echten Sinuswellen-Wechselrichter mit optimiertem Wirkungsgrad und mit kompromisslosem Leistungsspektrum. Der Einsatz von Hybrid-HF-Technologie bietet ein Qualit\u00e4tsprodukt mit kompakten&nbsp;<br \/>\nAbmessungen, geringem Gewicht und der F\u00e4higkeit, problemlos die jeweils ben\u00f6tigte Leistung abzugeben. Integrierte Bluetoothtechnologie bietet vollst\u00e4ndige Konfigurierbarkeit der Einstellwerte sowie&nbsp;<br \/>\ndie \u00dcberwachung der Spannung und Last. Ein VE.Direct-Port-Anschluss ist integriert f\u00fcr den Anschluss an Notebook oder PC (Interfacekabel zu USB optional) Manuelles Bedienpaneel bzw. Digitalpanel Color Control GX optional erh\u00e4ltlich.<\/p>\n","protected":false},"excerpt":{"rendered":"<p>Die echten Sinuswellen-Wechselrichter mit optimiertem Wirkungsgrad und mit kompromisslosem Leistungsspektrum. Der Einsatz von Hybrid-HF-Technologie bietet ein Qualit\u00e4tsprodukt mit kompakten&nbsp; Abmessungen, geringem Gewicht und der F\u00e4higkeit, problemlos die jeweils ben\u00f6tigte Leistung abzugeben. Integrierte Bluetoothtechnologie bietet vollst\u00e4ndige Konfigurierbarkeit der Einstellwerte sowie&nbsp; die \u00dcberwachung der Spannung und Last. Ein VE.Direct-Port-Anschluss ist integriert f\u00fcr den Anschluss an Notebook oder [&hellip;]<\/p>\n","protected":false},"featured_media":199669,"template":"","meta":{"_acf_changed":false},"product_featured_cat":[],"product_brand":[],"product_cat":[4170],"product_tag":[],"class_list":{"0":"post-199672","1":"product","2":"type-product","3":"status-publish","4":"has-post-thumbnail","6":"product_cat-wechselrichter","8":"first","9":"instock","10":"taxable","11":"shipping-taxable","12":"purchasable","13":"product-type-variable"},"acf":[],"yoast_head":"<!-- This site is optimized with the Yoast SEO plugin v27.4 - https:\/\/yoast.com\/product\/yoast-seo-wordpress\/ -->\n<title>Victron Wechselrichter Phoenix Smart - Bantam Camping AG<\/title>\n<meta name=\"robots\" content=\"index, follow, max-snippet:-1, max-image-preview:large, max-video-preview:-1\" \/>\n<link rel=\"canonical\" href=\"https:\/\/shop.bantam.ch\/de\/produkt\/victron-wechselrichter-phoenix-smart\/\" \/>\n<meta property=\"og:locale\" content=\"de_DE\" \/>\n<meta property=\"og:type\" content=\"article\" \/>\n<meta property=\"og:title\" content=\"Victron Wechselrichter Phoenix Smart - Bantam Camping AG\" \/>\n<meta property=\"og:description\" content=\"Die echten Sinuswellen-Wechselrichter mit optimiertem Wirkungsgrad und mit kompromisslosem Leistungsspektrum. Der Einsatz von Hybrid-HF-Technologie bietet ein Qualit\u00e4tsprodukt mit kompakten&nbsp; Abmessungen, geringem Gewicht und der F\u00e4higkeit, problemlos die jeweils ben\u00f6tigte Leistung abzugeben. Integrierte Bluetoothtechnologie bietet vollst\u00e4ndige Konfigurierbarkeit der Einstellwerte sowie&nbsp; die \u00dcberwachung der Spannung und Last. Ein VE.Direct-Port-Anschluss ist integriert f\u00fcr den Anschluss an Notebook oder [&hellip;]\" \/>\n<meta property=\"og:url\" content=\"https:\/\/shop.bantam.ch\/de\/produkt\/victron-wechselrichter-phoenix-smart\/\" \/>\n<meta property=\"og:site_name\" content=\"Bantam Camping AG\" \/>\n<meta property=\"article:modified_time\" content=\"2026-04-17T23:23:38+00:00\" \/>\n<meta name=\"twitter:card\" content=\"summary_large_image\" \/>\n<script type=\"application\/ld+json\" class=\"yoast-schema-graph\">{\"@context\":\"https:\\\/\\\/schema.org\",\"@graph\":[{\"@type\":\"WebPage\",\"@id\":\"https:\\\/\\\/shop.bantam.ch\\\/de\\\/produkt\\\/victron-wechselrichter-phoenix-smart\\\/\",\"url\":\"https:\\\/\\\/shop.bantam.ch\\\/de\\\/produkt\\\/victron-wechselrichter-phoenix-smart\\\/\",\"name\":\"Victron Wechselrichter Phoenix Smart - Bantam Camping AG\",\"isPartOf\":{\"@id\":\"https:\\\/\\\/shop.bantam.ch\\\/de\\\/#website\"},\"primaryImageOfPage\":{\"@id\":\"https:\\\/\\\/shop.bantam.ch\\\/de\\\/produkt\\\/victron-wechselrichter-phoenix-smart\\\/#primaryimage\"},\"image\":{\"@id\":\"https:\\\/\\\/shop.bantam.ch\\\/de\\\/produkt\\\/victron-wechselrichter-phoenix-smart\\\/#primaryimage\"},\"thumbnailUrl\":\"https:\\\/\\\/shop.bantam.ch\\\/wp-content\\\/uploads\\\/2024\\\/05\\\/Movera-L-9971043100.jpg\",\"datePublished\":\"2024-05-15T15:17:17+00:00\",\"dateModified\":\"2026-04-17T23:23:38+00:00\",\"breadcrumb\":{\"@id\":\"https:\\\/\\\/shop.bantam.ch\\\/de\\\/produkt\\\/victron-wechselrichter-phoenix-smart\\\/#breadcrumb\"},\"inLanguage\":\"de\",\"potentialAction\":[{\"@type\":\"ReadAction\",\"target\":[\"https:\\\/\\\/shop.bantam.ch\\\/de\\\/produkt\\\/victron-wechselrichter-phoenix-smart\\\/\"]}]},{\"@type\":\"ImageObject\",\"inLanguage\":\"de\",\"@id\":\"https:\\\/\\\/shop.bantam.ch\\\/de\\\/produkt\\\/victron-wechselrichter-phoenix-smart\\\/#primaryimage\",\"url\":\"https:\\\/\\\/shop.bantam.ch\\\/wp-content\\\/uploads\\\/2024\\\/05\\\/Movera-L-9971043100.jpg\",\"contentUrl\":\"https:\\\/\\\/shop.bantam.ch\\\/wp-content\\\/uploads\\\/2024\\\/05\\\/Movera-L-9971043100.jpg\",\"width\":500,\"height\":500},{\"@type\":\"BreadcrumbList\",\"@id\":\"https:\\\/\\\/shop.bantam.ch\\\/de\\\/produkt\\\/victron-wechselrichter-phoenix-smart\\\/#breadcrumb\",\"itemListElement\":[{\"@type\":\"ListItem\",\"position\":1,\"name\":\"Accueil\",\"item\":\"https:\\\/\\\/shop.bantam.ch\\\/de\\\/\"},{\"@type\":\"ListItem\",\"position\":2,\"name\":\"Shop\",\"item\":\"https:\\\/\\\/shop.bantam.ch\\\/de\\\/shop\\\/\"},{\"@type\":\"ListItem\",\"position\":3,\"name\":\"Victron Wechselrichter Phoenix Smart\"}]},{\"@type\":\"WebSite\",\"@id\":\"https:\\\/\\\/shop.bantam.ch\\\/de\\\/#website\",\"url\":\"https:\\\/\\\/shop.bantam.ch\\\/de\\\/\",\"name\":\"Bantam Camping AG\",\"description\":\"\",\"publisher\":{\"@id\":\"https:\\\/\\\/shop.bantam.ch\\\/de\\\/#organization\"},\"inLanguage\":\"de\"},{\"@type\":\"Organization\",\"@id\":\"https:\\\/\\\/shop.bantam.ch\\\/de\\\/#organization\",\"name\":\"Bantam Camping AG\",\"url\":\"https:\\\/\\\/shop.bantam.ch\\\/de\\\/\",\"logo\":{\"@type\":\"ImageObject\",\"inLanguage\":\"de\",\"@id\":\"https:\\\/\\\/shop.bantam.ch\\\/de\\\/#\\\/schema\\\/logo\\\/image\\\/\",\"url\":\"https:\\\/\\\/shop.bantam.ch\\\/wp-content\\\/uploads\\\/2022\\\/12\\\/bantam-logo.png\",\"contentUrl\":\"https:\\\/\\\/shop.bantam.ch\\\/wp-content\\\/uploads\\\/2022\\\/12\\\/bantam-logo.png\",\"width\":320,\"height\":71,\"caption\":\"Bantam Camping AG\"},\"image\":{\"@id\":\"https:\\\/\\\/shop.bantam.ch\\\/de\\\/#\\\/schema\\\/logo\\\/image\\\/\"}}]}<\/script>\n<!-- \/ Yoast SEO plugin. -->","yoast_head_json":{"title":"Victron Wechselrichter Phoenix Smart - Bantam Camping AG","robots":{"index":"index","follow":"follow","max-snippet":"max-snippet:-1","max-image-preview":"max-image-preview:large","max-video-preview":"max-video-preview:-1"},"canonical":"https:\/\/shop.bantam.ch\/de\/produkt\/victron-wechselrichter-phoenix-smart\/","og_locale":"de_DE","og_type":"article","og_title":"Victron Wechselrichter Phoenix Smart - Bantam Camping AG","og_description":"Die echten Sinuswellen-Wechselrichter mit optimiertem Wirkungsgrad und mit kompromisslosem Leistungsspektrum. Der Einsatz von Hybrid-HF-Technologie bietet ein Qualit\u00e4tsprodukt mit kompakten&nbsp; Abmessungen, geringem Gewicht und der F\u00e4higkeit, problemlos die jeweils ben\u00f6tigte Leistung abzugeben. Integrierte Bluetoothtechnologie bietet vollst\u00e4ndige Konfigurierbarkeit der Einstellwerte sowie&nbsp; die \u00dcberwachung der Spannung und Last. Ein VE.Direct-Port-Anschluss ist integriert f\u00fcr den Anschluss an Notebook oder [&hellip;]","og_url":"https:\/\/shop.bantam.ch\/de\/produkt\/victron-wechselrichter-phoenix-smart\/","og_site_name":"Bantam Camping AG","article_modified_time":"2026-04-17T23:23:38+00:00","twitter_card":"summary_large_image","schema":{"@context":"https:\/\/schema.org","@graph":[{"@type":"WebPage","@id":"https:\/\/shop.bantam.ch\/de\/produkt\/victron-wechselrichter-phoenix-smart\/","url":"https:\/\/shop.bantam.ch\/de\/produkt\/victron-wechselrichter-phoenix-smart\/","name":"Victron Wechselrichter Phoenix Smart - Bantam Camping AG","isPartOf":{"@id":"https:\/\/shop.bantam.ch\/de\/#website"},"primaryImageOfPage":{"@id":"https:\/\/shop.bantam.ch\/de\/produkt\/victron-wechselrichter-phoenix-smart\/#primaryimage"},"image":{"@id":"https:\/\/shop.bantam.ch\/de\/produkt\/victron-wechselrichter-phoenix-smart\/#primaryimage"},"thumbnailUrl":"https:\/\/shop.bantam.ch\/wp-content\/uploads\/2024\/05\/Movera-L-9971043100.jpg","datePublished":"2024-05-15T15:17:17+00:00","dateModified":"2026-04-17T23:23:38+00:00","breadcrumb":{"@id":"https:\/\/shop.bantam.ch\/de\/produkt\/victron-wechselrichter-phoenix-smart\/#breadcrumb"},"inLanguage":"de","potentialAction":[{"@type":"ReadAction","target":["https:\/\/shop.bantam.ch\/de\/produkt\/victron-wechselrichter-phoenix-smart\/"]}]},{"@type":"ImageObject","inLanguage":"de","@id":"https:\/\/shop.bantam.ch\/de\/produkt\/victron-wechselrichter-phoenix-smart\/#primaryimage","url":"https:\/\/shop.bantam.ch\/wp-content\/uploads\/2024\/05\/Movera-L-9971043100.jpg","contentUrl":"https:\/\/shop.bantam.ch\/wp-content\/uploads\/2024\/05\/Movera-L-9971043100.jpg","width":500,"height":500},{"@type":"BreadcrumbList","@id":"https:\/\/shop.bantam.ch\/de\/produkt\/victron-wechselrichter-phoenix-smart\/#breadcrumb","itemListElement":[{"@type":"ListItem","position":1,"name":"Accueil","item":"https:\/\/shop.bantam.ch\/de\/"},{"@type":"ListItem","position":2,"name":"Shop","item":"https:\/\/shop.bantam.ch\/de\/shop\/"},{"@type":"ListItem","position":3,"name":"Victron Wechselrichter Phoenix Smart"}]},{"@type":"WebSite","@id":"https:\/\/shop.bantam.ch\/de\/#website","url":"https:\/\/shop.bantam.ch\/de\/","name":"Bantam Camping AG","description":"","publisher":{"@id":"https:\/\/shop.bantam.ch\/de\/#organization"},"inLanguage":"de"},{"@type":"Organization","@id":"https:\/\/shop.bantam.ch\/de\/#organization","name":"Bantam Camping AG","url":"https:\/\/shop.bantam.ch\/de\/","logo":{"@type":"ImageObject","inLanguage":"de","@id":"https:\/\/shop.bantam.ch\/de\/#\/schema\/logo\/image\/","url":"https:\/\/shop.bantam.ch\/wp-content\/uploads\/2022\/12\/bantam-logo.png","contentUrl":"https:\/\/shop.bantam.ch\/wp-content\/uploads\/2022\/12\/bantam-logo.png","width":320,"height":71,"caption":"Bantam Camping AG"},"image":{"@id":"https:\/\/shop.bantam.ch\/de\/#\/schema\/logo\/image\/"}}]}},"_links":{"self":[{"href":"https:\/\/shop.bantam.ch\/de\/wp-json\/wp\/v2\/product\/199672","targetHints":{"allow":["GET"]}}],"collection":[{"href":"https:\/\/shop.bantam.ch\/de\/wp-json\/wp\/v2\/product"}],"about":[{"href":"https:\/\/shop.bantam.ch\/de\/wp-json\/wp\/v2\/types\/product"}],"wp:featuredmedia":[{"embeddable":true,"href":"https:\/\/shop.bantam.ch\/de\/wp-json\/wp\/v2\/media\/199669"}],"wp:attachment":[{"href":"https:\/\/shop.bantam.ch\/de\/wp-json\/wp\/v2\/media?parent=199672"}],"wp:term":[{"taxonomy":"product_featured_cat","embeddable":true,"href":"https:\/\/shop.bantam.ch\/de\/wp-json\/wp\/v2\/product_featured_cat?post=199672"},{"taxonomy":"product_brand","embeddable":true,"href":"https:\/\/shop.bantam.ch\/de\/wp-json\/wp\/v2\/product_brand?post=199672"},{"taxonomy":"product_cat","embeddable":true,"href":"https:\/\/shop.bantam.ch\/de\/wp-json\/wp\/v2\/product_cat?post=199672"},{"taxonomy":"product_tag","embeddable":true,"href":"https:\/\/shop.bantam.ch\/de\/wp-json\/wp\/v2\/product_tag?post=199672"}],"curies":[{"name":"wp","href":"https:\/\/api.w.org\/{rel}","templated":true}]}}