{"id":199599,"date":"2024-05-15T17:14:54","date_gmt":"2024-05-15T15:14:54","guid":{"rendered":"https:\/\/shop.bantam.ch\/produit\/vorzeltanbauten-wigo-buddy-lounge\/"},"modified":"2026-04-18T23:15:28","modified_gmt":"2026-04-18T21:15:28","slug":"vorzeltanbauten-wigo-buddy-lounge","status":"publish","type":"product","link":"https:\/\/shop.bantam.ch\/de\/produkt\/vorzeltanbauten-wigo-buddy-lounge\/","title":{"rendered":"Vorzeltanbauten WIGO &#8211; Buddy Lounge"},"content":{"rendered":"<p>Der leichte und schnell aufbaubare Anbau-Komplex ist der perfekte Campingbegleiter f\u00fcr Langzeitcamper oder Familien auf der Suche nach Raumwundern. Durch die extra breite T\u00fcr l\u00e4sst sich BUDDY als Abstellkammmer, Fahrradgarage aber auch Kinderzimmer nutzen.<\/p>\n<ul>\n<li>Moderner Anbau f\u00fcr ROLLI PLUS Modelle<\/li>\n<li>Individuell angepasst an die verschiedenen Designs bzw. Materialien<\/li>\n<li>Leichter und schneller Aufbau.<\/li>\n<li>Hohe Stabilit\u00e4t einfaches Handling.<\/li>\n<li>H\u00f6chste Materialqualit\u00e4t und beste Verarbeitung.<\/li>\n<li>Keine Dachstange n\u00f6tig<\/li>\n<li>Vorderwand mit Eingangst\u00fcr<\/li>\n<li>Sichtschutz durch schmale, hoch angebrachte Fenster<\/li>\n<li>Abtrennbar durch Seitenwand des ROLLI PLUS<\/li>\n<li>Verschieden nutzbar als Kinderzimmer, E Bikes, Quads, Fahrr\u00e4der, zus\u00e4tzlicher Stauraum<\/li>\n<li>Abgedeckte Rei\u00dfverschl\u00fcsse<\/li>\n<li>Extra breite T\u00fcr<\/li>\n<\/ul>\n<p>Material:<br \/>\nDach: 65 % Polyester, 35 % PVA<br \/>\nSeiten- und Vorderwand: 100 % Polyester mit PVC-Beschichtung<br \/>\nSpritzwand und Schmutzstreifen: 100 % PVC-Beschichtung<\/p>\n<p>\nLieferumfang:<br \/>\nInklsuvie Zelt&nbsp;<br \/>\n2 x Rolli Aufstellstange mit Dorn Alu 28 mit Power Grip&nbsp; &nbsp;<br \/>\nRolli Abspannmaterial&nbsp; &nbsp;<br \/>\nRolli Sturmband Set&nbsp; &nbsp; &nbsp;<br \/>\nWIGO Sack schwarz<\/p>\n","protected":false},"excerpt":{"rendered":"<p>Der leichte und schnell aufbaubare Anbau-Komplex ist der perfekte Campingbegleiter f\u00fcr Langzeitcamper oder Familien auf der Suche nach Raumwundern. Durch die extra breite T\u00fcr l\u00e4sst sich BUDDY als Abstellkammmer, Fahrradgarage aber auch Kinderzimmer nutzen. Moderner Anbau f\u00fcr ROLLI PLUS Modelle Individuell angepasst an die verschiedenen Designs bzw. Materialien Leichter und schneller Aufbau. Hohe Stabilit\u00e4t einfaches [&hellip;]<\/p>\n","protected":false},"featured_media":207447,"template":"","meta":{"_acf_changed":false},"product_featured_cat":[],"product_brand":[3043],"product_cat":[4224],"product_tag":[],"class_list":{"0":"post-199599","1":"product","2":"type-product","3":"status-publish","4":"has-post-thumbnail","6":"product_brand-wigo-de","7":"product_cat-markisen-vorzelte","9":"first","10":"instock","11":"taxable","12":"shipping-taxable","13":"purchasable","14":"product-type-simple"},"acf":[],"yoast_head":"<!-- This site is optimized with the Yoast SEO plugin v27.4 - https:\/\/yoast.com\/product\/yoast-seo-wordpress\/ -->\n<title>Vorzeltanbauten WIGO - Buddy Lounge - Bantam Camping AG<\/title>\n<meta name=\"robots\" content=\"index, follow, max-snippet:-1, max-image-preview:large, max-video-preview:-1\" \/>\n<link rel=\"canonical\" href=\"https:\/\/shop.bantam.ch\/de\/produkt\/vorzeltanbauten-wigo-buddy-lounge\/\" \/>\n<meta property=\"og:locale\" content=\"de_DE\" \/>\n<meta property=\"og:type\" content=\"article\" \/>\n<meta property=\"og:title\" content=\"Vorzeltanbauten WIGO - Buddy Lounge - Bantam Camping AG\" \/>\n<meta property=\"og:description\" content=\"Der leichte und schnell aufbaubare Anbau-Komplex ist der perfekte Campingbegleiter f\u00fcr Langzeitcamper oder Familien auf der Suche nach Raumwundern. Durch die extra breite T\u00fcr l\u00e4sst sich BUDDY als Abstellkammmer, Fahrradgarage aber auch Kinderzimmer nutzen. Moderner Anbau f\u00fcr ROLLI PLUS Modelle Individuell angepasst an die verschiedenen Designs bzw. Materialien Leichter und schneller Aufbau. Hohe Stabilit\u00e4t einfaches [&hellip;]\" \/>\n<meta property=\"og:url\" content=\"https:\/\/shop.bantam.ch\/de\/produkt\/vorzeltanbauten-wigo-buddy-lounge\/\" \/>\n<meta property=\"og:site_name\" content=\"Bantam Camping AG\" \/>\n<meta property=\"article:modified_time\" content=\"2026-04-18T21:15:28+00:00\" \/>\n<meta property=\"og:image\" content=\"https:\/\/shop.bantam.ch\/wp-content\/uploads\/2024\/05\/Movera-L-9971023100.jpg\" \/>\n\t<meta property=\"og:image:width\" content=\"600\" \/>\n\t<meta property=\"og:image:height\" content=\"600\" \/>\n\t<meta property=\"og:image:type\" content=\"image\/jpeg\" \/>\n<meta name=\"twitter:card\" content=\"summary_large_image\" \/>\n<meta name=\"twitter:label1\" content=\"Gesch\u00e4tzte Lesezeit\" \/>\n\t<meta name=\"twitter:data1\" content=\"1\u00a0Minute\" \/>\n<script type=\"application\/ld+json\" class=\"yoast-schema-graph\">{\"@context\":\"https:\\\/\\\/schema.org\",\"@graph\":[{\"@type\":\"WebPage\",\"@id\":\"https:\\\/\\\/shop.bantam.ch\\\/de\\\/produkt\\\/vorzeltanbauten-wigo-buddy-lounge\\\/\",\"url\":\"https:\\\/\\\/shop.bantam.ch\\\/de\\\/produkt\\\/vorzeltanbauten-wigo-buddy-lounge\\\/\",\"name\":\"Vorzeltanbauten WIGO - Buddy Lounge - Bantam Camping AG\",\"isPartOf\":{\"@id\":\"https:\\\/\\\/shop.bantam.ch\\\/de\\\/#website\"},\"primaryImageOfPage\":{\"@id\":\"https:\\\/\\\/shop.bantam.ch\\\/de\\\/produkt\\\/vorzeltanbauten-wigo-buddy-lounge\\\/#primaryimage\"},\"image\":{\"@id\":\"https:\\\/\\\/shop.bantam.ch\\\/de\\\/produkt\\\/vorzeltanbauten-wigo-buddy-lounge\\\/#primaryimage\"},\"thumbnailUrl\":\"https:\\\/\\\/shop.bantam.ch\\\/wp-content\\\/uploads\\\/2024\\\/09\\\/Movera-L-9971023100.jpg\",\"datePublished\":\"2024-05-15T15:14:54+00:00\",\"dateModified\":\"2026-04-18T21:15:28+00:00\",\"breadcrumb\":{\"@id\":\"https:\\\/\\\/shop.bantam.ch\\\/de\\\/produkt\\\/vorzeltanbauten-wigo-buddy-lounge\\\/#breadcrumb\"},\"inLanguage\":\"de\",\"potentialAction\":[{\"@type\":\"ReadAction\",\"target\":[\"https:\\\/\\\/shop.bantam.ch\\\/de\\\/produkt\\\/vorzeltanbauten-wigo-buddy-lounge\\\/\"]}]},{\"@type\":\"ImageObject\",\"inLanguage\":\"de\",\"@id\":\"https:\\\/\\\/shop.bantam.ch\\\/de\\\/produkt\\\/vorzeltanbauten-wigo-buddy-lounge\\\/#primaryimage\",\"url\":\"https:\\\/\\\/shop.bantam.ch\\\/wp-content\\\/uploads\\\/2024\\\/09\\\/Movera-L-9971023100.jpg\",\"contentUrl\":\"https:\\\/\\\/shop.bantam.ch\\\/wp-content\\\/uploads\\\/2024\\\/09\\\/Movera-L-9971023100.jpg\",\"width\":600,\"height\":600},{\"@type\":\"BreadcrumbList\",\"@id\":\"https:\\\/\\\/shop.bantam.ch\\\/de\\\/produkt\\\/vorzeltanbauten-wigo-buddy-lounge\\\/#breadcrumb\",\"itemListElement\":[{\"@type\":\"ListItem\",\"position\":1,\"name\":\"Accueil\",\"item\":\"https:\\\/\\\/shop.bantam.ch\\\/de\\\/\"},{\"@type\":\"ListItem\",\"position\":2,\"name\":\"Shop\",\"item\":\"https:\\\/\\\/shop.bantam.ch\\\/de\\\/shop\\\/\"},{\"@type\":\"ListItem\",\"position\":3,\"name\":\"Vorzeltanbauten WIGO &#8211; Buddy Lounge\"}]},{\"@type\":\"WebSite\",\"@id\":\"https:\\\/\\\/shop.bantam.ch\\\/de\\\/#website\",\"url\":\"https:\\\/\\\/shop.bantam.ch\\\/de\\\/\",\"name\":\"Bantam Camping AG\",\"description\":\"\",\"publisher\":{\"@id\":\"https:\\\/\\\/shop.bantam.ch\\\/de\\\/#organization\"},\"inLanguage\":\"de\"},{\"@type\":\"Organization\",\"@id\":\"https:\\\/\\\/shop.bantam.ch\\\/de\\\/#organization\",\"name\":\"Bantam Camping AG\",\"url\":\"https:\\\/\\\/shop.bantam.ch\\\/de\\\/\",\"logo\":{\"@type\":\"ImageObject\",\"inLanguage\":\"de\",\"@id\":\"https:\\\/\\\/shop.bantam.ch\\\/de\\\/#\\\/schema\\\/logo\\\/image\\\/\",\"url\":\"https:\\\/\\\/shop.bantam.ch\\\/wp-content\\\/uploads\\\/2022\\\/12\\\/bantam-logo.png\",\"contentUrl\":\"https:\\\/\\\/shop.bantam.ch\\\/wp-content\\\/uploads\\\/2022\\\/12\\\/bantam-logo.png\",\"width\":320,\"height\":71,\"caption\":\"Bantam Camping AG\"},\"image\":{\"@id\":\"https:\\\/\\\/shop.bantam.ch\\\/de\\\/#\\\/schema\\\/logo\\\/image\\\/\"}}]}<\/script>\n<!-- \/ Yoast SEO plugin. -->","yoast_head_json":{"title":"Vorzeltanbauten WIGO - Buddy Lounge - Bantam Camping AG","robots":{"index":"index","follow":"follow","max-snippet":"max-snippet:-1","max-image-preview":"max-image-preview:large","max-video-preview":"max-video-preview:-1"},"canonical":"https:\/\/shop.bantam.ch\/de\/produkt\/vorzeltanbauten-wigo-buddy-lounge\/","og_locale":"de_DE","og_type":"article","og_title":"Vorzeltanbauten WIGO - Buddy Lounge - Bantam Camping AG","og_description":"Der leichte und schnell aufbaubare Anbau-Komplex ist der perfekte Campingbegleiter f\u00fcr Langzeitcamper oder Familien auf der Suche nach Raumwundern. Durch die extra breite T\u00fcr l\u00e4sst sich BUDDY als Abstellkammmer, Fahrradgarage aber auch Kinderzimmer nutzen. Moderner Anbau f\u00fcr ROLLI PLUS Modelle Individuell angepasst an die verschiedenen Designs bzw. Materialien Leichter und schneller Aufbau. Hohe Stabilit\u00e4t einfaches [&hellip;]","og_url":"https:\/\/shop.bantam.ch\/de\/produkt\/vorzeltanbauten-wigo-buddy-lounge\/","og_site_name":"Bantam Camping AG","article_modified_time":"2026-04-18T21:15:28+00:00","og_image":[{"width":600,"height":600,"url":"https:\/\/shop.bantam.ch\/wp-content\/uploads\/2024\/05\/Movera-L-9971023100.jpg","type":"image\/jpeg"}],"twitter_card":"summary_large_image","twitter_misc":{"Gesch\u00e4tzte Lesezeit":"1\u00a0Minute"},"schema":{"@context":"https:\/\/schema.org","@graph":[{"@type":"WebPage","@id":"https:\/\/shop.bantam.ch\/de\/produkt\/vorzeltanbauten-wigo-buddy-lounge\/","url":"https:\/\/shop.bantam.ch\/de\/produkt\/vorzeltanbauten-wigo-buddy-lounge\/","name":"Vorzeltanbauten WIGO - Buddy Lounge - Bantam Camping AG","isPartOf":{"@id":"https:\/\/shop.bantam.ch\/de\/#website"},"primaryImageOfPage":{"@id":"https:\/\/shop.bantam.ch\/de\/produkt\/vorzeltanbauten-wigo-buddy-lounge\/#primaryimage"},"image":{"@id":"https:\/\/shop.bantam.ch\/de\/produkt\/vorzeltanbauten-wigo-buddy-lounge\/#primaryimage"},"thumbnailUrl":"https:\/\/shop.bantam.ch\/wp-content\/uploads\/2024\/09\/Movera-L-9971023100.jpg","datePublished":"2024-05-15T15:14:54+00:00","dateModified":"2026-04-18T21:15:28+00:00","breadcrumb":{"@id":"https:\/\/shop.bantam.ch\/de\/produkt\/vorzeltanbauten-wigo-buddy-lounge\/#breadcrumb"},"inLanguage":"de","potentialAction":[{"@type":"ReadAction","target":["https:\/\/shop.bantam.ch\/de\/produkt\/vorzeltanbauten-wigo-buddy-lounge\/"]}]},{"@type":"ImageObject","inLanguage":"de","@id":"https:\/\/shop.bantam.ch\/de\/produkt\/vorzeltanbauten-wigo-buddy-lounge\/#primaryimage","url":"https:\/\/shop.bantam.ch\/wp-content\/uploads\/2024\/09\/Movera-L-9971023100.jpg","contentUrl":"https:\/\/shop.bantam.ch\/wp-content\/uploads\/2024\/09\/Movera-L-9971023100.jpg","width":600,"height":600},{"@type":"BreadcrumbList","@id":"https:\/\/shop.bantam.ch\/de\/produkt\/vorzeltanbauten-wigo-buddy-lounge\/#breadcrumb","itemListElement":[{"@type":"ListItem","position":1,"name":"Accueil","item":"https:\/\/shop.bantam.ch\/de\/"},{"@type":"ListItem","position":2,"name":"Shop","item":"https:\/\/shop.bantam.ch\/de\/shop\/"},{"@type":"ListItem","position":3,"name":"Vorzeltanbauten WIGO &#8211; Buddy Lounge"}]},{"@type":"WebSite","@id":"https:\/\/shop.bantam.ch\/de\/#website","url":"https:\/\/shop.bantam.ch\/de\/","name":"Bantam Camping AG","description":"","publisher":{"@id":"https:\/\/shop.bantam.ch\/de\/#organization"},"inLanguage":"de"},{"@type":"Organization","@id":"https:\/\/shop.bantam.ch\/de\/#organization","name":"Bantam Camping AG","url":"https:\/\/shop.bantam.ch\/de\/","logo":{"@type":"ImageObject","inLanguage":"de","@id":"https:\/\/shop.bantam.ch\/de\/#\/schema\/logo\/image\/","url":"https:\/\/shop.bantam.ch\/wp-content\/uploads\/2022\/12\/bantam-logo.png","contentUrl":"https:\/\/shop.bantam.ch\/wp-content\/uploads\/2022\/12\/bantam-logo.png","width":320,"height":71,"caption":"Bantam Camping AG"},"image":{"@id":"https:\/\/shop.bantam.ch\/de\/#\/schema\/logo\/image\/"}}]}},"_links":{"self":[{"href":"https:\/\/shop.bantam.ch\/de\/wp-json\/wp\/v2\/product\/199599","targetHints":{"allow":["GET"]}}],"collection":[{"href":"https:\/\/shop.bantam.ch\/de\/wp-json\/wp\/v2\/product"}],"about":[{"href":"https:\/\/shop.bantam.ch\/de\/wp-json\/wp\/v2\/types\/product"}],"wp:featuredmedia":[{"embeddable":true,"href":"https:\/\/shop.bantam.ch\/de\/wp-json\/wp\/v2\/media\/207447"}],"wp:attachment":[{"href":"https:\/\/shop.bantam.ch\/de\/wp-json\/wp\/v2\/media?parent=199599"}],"wp:term":[{"taxonomy":"product_featured_cat","embeddable":true,"href":"https:\/\/shop.bantam.ch\/de\/wp-json\/wp\/v2\/product_featured_cat?post=199599"},{"taxonomy":"product_brand","embeddable":true,"href":"https:\/\/shop.bantam.ch\/de\/wp-json\/wp\/v2\/product_brand?post=199599"},{"taxonomy":"product_cat","embeddable":true,"href":"https:\/\/shop.bantam.ch\/de\/wp-json\/wp\/v2\/product_cat?post=199599"},{"taxonomy":"product_tag","embeddable":true,"href":"https:\/\/shop.bantam.ch\/de\/wp-json\/wp\/v2\/product_tag?post=199599"}],"curies":[{"name":"wp","href":"https:\/\/api.w.org\/{rel}","templated":true}]}}