{"id":199587,"date":"2024-05-15T17:14:34","date_gmt":"2024-05-15T15:14:34","guid":{"rendered":"https:\/\/shop.bantam.ch\/produit\/smart-home-panel-ecoflow-combo-inkl-13-relais-module\/"},"modified":"2026-04-17T23:12:12","modified_gmt":"2026-04-17T21:12:12","slug":"smart-home-panel-ecoflow-combo-inkl-13-relais-module","status":"publish","type":"product","link":"https:\/\/shop.bantam.ch\/de\/produkt\/smart-home-panel-ecoflow-combo-inkl-13-relais-module\/","title":{"rendered":"Smart Home Panel ECOFLOW Combo inkl. 13 Relais Module"},"content":{"rendered":"<p>Ein intelligentes Akkusystem f\u00fcr zu Hause. Das Smart Home-Modul wurde speziell f\u00fcr das DELTA Pro-\u00d6kosystem entwickelt und verbindet die tragbare Powerstation DELTA Pro direkt mit den Stromleitungen Ihres Zuhauses.Notstromversorgung f\u00fcr wichtige Haushaltsger\u00e4te. Wenn das Stromnetz ausf\u00e4llt, wechselt das Smart Home-Modul sofort zur Akkustromversorgung unter Verwendung aller verbundenen DELTA Pro-Einheiten. Bei entsprechender Ausstattung wird Ihr Zuhause mit bis zu 7200 W Leistung und 25 kWh Energie sicher versorgt. Steuerung durch die EcoFlow-App. \u00dcberwachen, steuern und verwalten Sie Ihren Strom \u00fcber die EcoFlow-App. Die App zeigt Ihnen Echtzeitdaten und erm\u00f6glicht es Ihnen, teure Strompreise zu vermeiden. Vermeidung von teuren Strompreisen. Wenn Ihr Stromverbrauch zeitabh\u00e4ngig abgerechnet wird, k\u00f6nnen Sie das Smart Home-Modul und die angeschlossenen DELTA Pros verwenden, um Energie zu speichern, wenn der Strompreis niedrig ist, und den gespeicherten Strom verwenden, wenn der Strompreis hoch ist. Nachhaltig und unabh\u00e4ngig. Wenn Sie MC4-kompatible Solarmodule an die DELTA Pro anschlie\u00dfen, wird Ihr Zuhause noch umweltfreundlicher. Das Smart Home-Modul verbindet kostenlose, erneuerbare Solarenergie mit Ihren Steckdosen, Lampen und anderen Verbrauchern. Mit ausreichend Solarenergie k\u00f6nnen Sie vom Stromnetz unabh\u00e4ngig werden.<\/p>\n<p>&nbsp;<\/p>\n<p>Lieferumfang:<br \/>\nInklusive EcoFlow Smart Home Panel<br \/>\nRelais-Module (8x13A; 5x16A)<br \/>\nInfinity Anschlusskabel<br \/>\nAnschlusskabel-Set<br \/>\nWandhalterung<br \/>\nInstallationshandbuch<\/p>\n","protected":false},"excerpt":{"rendered":"<p>Ein intelligentes Akkusystem f\u00fcr zu Hause. Das Smart Home-Modul wurde speziell f\u00fcr das DELTA Pro-\u00d6kosystem entwickelt und verbindet die tragbare Powerstation DELTA Pro direkt mit den Stromleitungen Ihres Zuhauses.Notstromversorgung f\u00fcr wichtige Haushaltsger\u00e4te. Wenn das Stromnetz ausf\u00e4llt, wechselt das Smart Home-Modul sofort zur Akkustromversorgung unter Verwendung aller verbundenen DELTA Pro-Einheiten. Bei entsprechender Ausstattung wird Ihr Zuhause [&hellip;]<\/p>\n","protected":false},"featured_media":207441,"template":"","meta":{"_acf_changed":false},"product_featured_cat":[],"product_brand":[3629],"product_cat":[4192],"product_tag":[],"class_list":{"0":"post-199587","1":"product","2":"type-product","3":"status-publish","4":"has-post-thumbnail","6":"product_brand-ecoflow-de","7":"product_cat-anzeigepanels","9":"first","10":"instock","11":"taxable","12":"shipping-taxable","13":"purchasable","14":"product-type-simple"},"acf":[],"yoast_head":"<!-- This site is optimized with the Yoast SEO plugin v27.4 - https:\/\/yoast.com\/product\/yoast-seo-wordpress\/ -->\n<title>Smart Home Panel ECOFLOW Combo inkl. 13 Relais Module - Bantam Camping AG<\/title>\n<meta name=\"robots\" content=\"index, follow, max-snippet:-1, max-image-preview:large, max-video-preview:-1\" \/>\n<link rel=\"canonical\" href=\"https:\/\/shop.bantam.ch\/de\/produkt\/smart-home-panel-ecoflow-combo-inkl-13-relais-module\/\" \/>\n<meta property=\"og:locale\" content=\"de_DE\" \/>\n<meta property=\"og:type\" content=\"article\" \/>\n<meta property=\"og:title\" content=\"Smart Home Panel ECOFLOW Combo inkl. 13 Relais Module - Bantam Camping AG\" \/>\n<meta property=\"og:description\" content=\"Ein intelligentes Akkusystem f\u00fcr zu Hause. Das Smart Home-Modul wurde speziell f\u00fcr das DELTA Pro-\u00d6kosystem entwickelt und verbindet die tragbare Powerstation DELTA Pro direkt mit den Stromleitungen Ihres Zuhauses.Notstromversorgung f\u00fcr wichtige Haushaltsger\u00e4te. Wenn das Stromnetz ausf\u00e4llt, wechselt das Smart Home-Modul sofort zur Akkustromversorgung unter Verwendung aller verbundenen DELTA Pro-Einheiten. Bei entsprechender Ausstattung wird Ihr Zuhause [&hellip;]\" \/>\n<meta property=\"og:url\" content=\"https:\/\/shop.bantam.ch\/de\/produkt\/smart-home-panel-ecoflow-combo-inkl-13-relais-module\/\" \/>\n<meta property=\"og:site_name\" content=\"Bantam Camping AG\" \/>\n<meta property=\"article:modified_time\" content=\"2026-04-17T21:12:12+00:00\" \/>\n<meta property=\"og:image\" content=\"https:\/\/shop.bantam.ch\/wp-content\/uploads\/2024\/05\/Movera-L-9971017100.jpg\" \/>\n\t<meta property=\"og:image:width\" content=\"583\" \/>\n\t<meta property=\"og:image:height\" content=\"835\" \/>\n\t<meta property=\"og:image:type\" content=\"image\/jpeg\" \/>\n<meta name=\"twitter:card\" content=\"summary_large_image\" \/>\n<meta name=\"twitter:label1\" content=\"Gesch\u00e4tzte Lesezeit\" \/>\n\t<meta name=\"twitter:data1\" content=\"1\u00a0Minute\" \/>\n<script type=\"application\/ld+json\" class=\"yoast-schema-graph\">{\"@context\":\"https:\\\/\\\/schema.org\",\"@graph\":[{\"@type\":\"WebPage\",\"@id\":\"https:\\\/\\\/shop.bantam.ch\\\/de\\\/produkt\\\/smart-home-panel-ecoflow-combo-inkl-13-relais-module\\\/\",\"url\":\"https:\\\/\\\/shop.bantam.ch\\\/de\\\/produkt\\\/smart-home-panel-ecoflow-combo-inkl-13-relais-module\\\/\",\"name\":\"Smart Home Panel ECOFLOW Combo inkl. 13 Relais Module - Bantam Camping AG\",\"isPartOf\":{\"@id\":\"https:\\\/\\\/shop.bantam.ch\\\/de\\\/#website\"},\"primaryImageOfPage\":{\"@id\":\"https:\\\/\\\/shop.bantam.ch\\\/de\\\/produkt\\\/smart-home-panel-ecoflow-combo-inkl-13-relais-module\\\/#primaryimage\"},\"image\":{\"@id\":\"https:\\\/\\\/shop.bantam.ch\\\/de\\\/produkt\\\/smart-home-panel-ecoflow-combo-inkl-13-relais-module\\\/#primaryimage\"},\"thumbnailUrl\":\"https:\\\/\\\/shop.bantam.ch\\\/wp-content\\\/uploads\\\/2024\\\/09\\\/Movera-L-9971017100.jpg\",\"datePublished\":\"2024-05-15T15:14:34+00:00\",\"dateModified\":\"2026-04-17T21:12:12+00:00\",\"breadcrumb\":{\"@id\":\"https:\\\/\\\/shop.bantam.ch\\\/de\\\/produkt\\\/smart-home-panel-ecoflow-combo-inkl-13-relais-module\\\/#breadcrumb\"},\"inLanguage\":\"de\",\"potentialAction\":[{\"@type\":\"ReadAction\",\"target\":[\"https:\\\/\\\/shop.bantam.ch\\\/de\\\/produkt\\\/smart-home-panel-ecoflow-combo-inkl-13-relais-module\\\/\"]}]},{\"@type\":\"ImageObject\",\"inLanguage\":\"de\",\"@id\":\"https:\\\/\\\/shop.bantam.ch\\\/de\\\/produkt\\\/smart-home-panel-ecoflow-combo-inkl-13-relais-module\\\/#primaryimage\",\"url\":\"https:\\\/\\\/shop.bantam.ch\\\/wp-content\\\/uploads\\\/2024\\\/09\\\/Movera-L-9971017100.jpg\",\"contentUrl\":\"https:\\\/\\\/shop.bantam.ch\\\/wp-content\\\/uploads\\\/2024\\\/09\\\/Movera-L-9971017100.jpg\",\"width\":583,\"height\":835},{\"@type\":\"BreadcrumbList\",\"@id\":\"https:\\\/\\\/shop.bantam.ch\\\/de\\\/produkt\\\/smart-home-panel-ecoflow-combo-inkl-13-relais-module\\\/#breadcrumb\",\"itemListElement\":[{\"@type\":\"ListItem\",\"position\":1,\"name\":\"Accueil\",\"item\":\"https:\\\/\\\/shop.bantam.ch\\\/de\\\/\"},{\"@type\":\"ListItem\",\"position\":2,\"name\":\"Shop\",\"item\":\"https:\\\/\\\/shop.bantam.ch\\\/de\\\/shop\\\/\"},{\"@type\":\"ListItem\",\"position\":3,\"name\":\"Smart Home Panel ECOFLOW Combo inkl. 13 Relais Module\"}]},{\"@type\":\"WebSite\",\"@id\":\"https:\\\/\\\/shop.bantam.ch\\\/de\\\/#website\",\"url\":\"https:\\\/\\\/shop.bantam.ch\\\/de\\\/\",\"name\":\"Bantam Camping AG\",\"description\":\"\",\"publisher\":{\"@id\":\"https:\\\/\\\/shop.bantam.ch\\\/de\\\/#organization\"},\"inLanguage\":\"de\"},{\"@type\":\"Organization\",\"@id\":\"https:\\\/\\\/shop.bantam.ch\\\/de\\\/#organization\",\"name\":\"Bantam Camping AG\",\"url\":\"https:\\\/\\\/shop.bantam.ch\\\/de\\\/\",\"logo\":{\"@type\":\"ImageObject\",\"inLanguage\":\"de\",\"@id\":\"https:\\\/\\\/shop.bantam.ch\\\/de\\\/#\\\/schema\\\/logo\\\/image\\\/\",\"url\":\"https:\\\/\\\/shop.bantam.ch\\\/wp-content\\\/uploads\\\/2022\\\/12\\\/bantam-logo.png\",\"contentUrl\":\"https:\\\/\\\/shop.bantam.ch\\\/wp-content\\\/uploads\\\/2022\\\/12\\\/bantam-logo.png\",\"width\":320,\"height\":71,\"caption\":\"Bantam Camping AG\"},\"image\":{\"@id\":\"https:\\\/\\\/shop.bantam.ch\\\/de\\\/#\\\/schema\\\/logo\\\/image\\\/\"}}]}<\/script>\n<!-- \/ Yoast SEO plugin. -->","yoast_head_json":{"title":"Smart Home Panel ECOFLOW Combo inkl. 13 Relais Module - Bantam Camping AG","robots":{"index":"index","follow":"follow","max-snippet":"max-snippet:-1","max-image-preview":"max-image-preview:large","max-video-preview":"max-video-preview:-1"},"canonical":"https:\/\/shop.bantam.ch\/de\/produkt\/smart-home-panel-ecoflow-combo-inkl-13-relais-module\/","og_locale":"de_DE","og_type":"article","og_title":"Smart Home Panel ECOFLOW Combo inkl. 13 Relais Module - Bantam Camping AG","og_description":"Ein intelligentes Akkusystem f\u00fcr zu Hause. Das Smart Home-Modul wurde speziell f\u00fcr das DELTA Pro-\u00d6kosystem entwickelt und verbindet die tragbare Powerstation DELTA Pro direkt mit den Stromleitungen Ihres Zuhauses.Notstromversorgung f\u00fcr wichtige Haushaltsger\u00e4te. Wenn das Stromnetz ausf\u00e4llt, wechselt das Smart Home-Modul sofort zur Akkustromversorgung unter Verwendung aller verbundenen DELTA Pro-Einheiten. Bei entsprechender Ausstattung wird Ihr Zuhause [&hellip;]","og_url":"https:\/\/shop.bantam.ch\/de\/produkt\/smart-home-panel-ecoflow-combo-inkl-13-relais-module\/","og_site_name":"Bantam Camping AG","article_modified_time":"2026-04-17T21:12:12+00:00","og_image":[{"width":583,"height":835,"url":"https:\/\/shop.bantam.ch\/wp-content\/uploads\/2024\/05\/Movera-L-9971017100.jpg","type":"image\/jpeg"}],"twitter_card":"summary_large_image","twitter_misc":{"Gesch\u00e4tzte Lesezeit":"1\u00a0Minute"},"schema":{"@context":"https:\/\/schema.org","@graph":[{"@type":"WebPage","@id":"https:\/\/shop.bantam.ch\/de\/produkt\/smart-home-panel-ecoflow-combo-inkl-13-relais-module\/","url":"https:\/\/shop.bantam.ch\/de\/produkt\/smart-home-panel-ecoflow-combo-inkl-13-relais-module\/","name":"Smart Home Panel ECOFLOW Combo inkl. 13 Relais Module - Bantam Camping AG","isPartOf":{"@id":"https:\/\/shop.bantam.ch\/de\/#website"},"primaryImageOfPage":{"@id":"https:\/\/shop.bantam.ch\/de\/produkt\/smart-home-panel-ecoflow-combo-inkl-13-relais-module\/#primaryimage"},"image":{"@id":"https:\/\/shop.bantam.ch\/de\/produkt\/smart-home-panel-ecoflow-combo-inkl-13-relais-module\/#primaryimage"},"thumbnailUrl":"https:\/\/shop.bantam.ch\/wp-content\/uploads\/2024\/09\/Movera-L-9971017100.jpg","datePublished":"2024-05-15T15:14:34+00:00","dateModified":"2026-04-17T21:12:12+00:00","breadcrumb":{"@id":"https:\/\/shop.bantam.ch\/de\/produkt\/smart-home-panel-ecoflow-combo-inkl-13-relais-module\/#breadcrumb"},"inLanguage":"de","potentialAction":[{"@type":"ReadAction","target":["https:\/\/shop.bantam.ch\/de\/produkt\/smart-home-panel-ecoflow-combo-inkl-13-relais-module\/"]}]},{"@type":"ImageObject","inLanguage":"de","@id":"https:\/\/shop.bantam.ch\/de\/produkt\/smart-home-panel-ecoflow-combo-inkl-13-relais-module\/#primaryimage","url":"https:\/\/shop.bantam.ch\/wp-content\/uploads\/2024\/09\/Movera-L-9971017100.jpg","contentUrl":"https:\/\/shop.bantam.ch\/wp-content\/uploads\/2024\/09\/Movera-L-9971017100.jpg","width":583,"height":835},{"@type":"BreadcrumbList","@id":"https:\/\/shop.bantam.ch\/de\/produkt\/smart-home-panel-ecoflow-combo-inkl-13-relais-module\/#breadcrumb","itemListElement":[{"@type":"ListItem","position":1,"name":"Accueil","item":"https:\/\/shop.bantam.ch\/de\/"},{"@type":"ListItem","position":2,"name":"Shop","item":"https:\/\/shop.bantam.ch\/de\/shop\/"},{"@type":"ListItem","position":3,"name":"Smart Home Panel ECOFLOW Combo inkl. 13 Relais Module"}]},{"@type":"WebSite","@id":"https:\/\/shop.bantam.ch\/de\/#website","url":"https:\/\/shop.bantam.ch\/de\/","name":"Bantam Camping AG","description":"","publisher":{"@id":"https:\/\/shop.bantam.ch\/de\/#organization"},"inLanguage":"de"},{"@type":"Organization","@id":"https:\/\/shop.bantam.ch\/de\/#organization","name":"Bantam Camping AG","url":"https:\/\/shop.bantam.ch\/de\/","logo":{"@type":"ImageObject","inLanguage":"de","@id":"https:\/\/shop.bantam.ch\/de\/#\/schema\/logo\/image\/","url":"https:\/\/shop.bantam.ch\/wp-content\/uploads\/2022\/12\/bantam-logo.png","contentUrl":"https:\/\/shop.bantam.ch\/wp-content\/uploads\/2022\/12\/bantam-logo.png","width":320,"height":71,"caption":"Bantam Camping AG"},"image":{"@id":"https:\/\/shop.bantam.ch\/de\/#\/schema\/logo\/image\/"}}]}},"_links":{"self":[{"href":"https:\/\/shop.bantam.ch\/de\/wp-json\/wp\/v2\/product\/199587","targetHints":{"allow":["GET"]}}],"collection":[{"href":"https:\/\/shop.bantam.ch\/de\/wp-json\/wp\/v2\/product"}],"about":[{"href":"https:\/\/shop.bantam.ch\/de\/wp-json\/wp\/v2\/types\/product"}],"wp:featuredmedia":[{"embeddable":true,"href":"https:\/\/shop.bantam.ch\/de\/wp-json\/wp\/v2\/media\/207441"}],"wp:attachment":[{"href":"https:\/\/shop.bantam.ch\/de\/wp-json\/wp\/v2\/media?parent=199587"}],"wp:term":[{"taxonomy":"product_featured_cat","embeddable":true,"href":"https:\/\/shop.bantam.ch\/de\/wp-json\/wp\/v2\/product_featured_cat?post=199587"},{"taxonomy":"product_brand","embeddable":true,"href":"https:\/\/shop.bantam.ch\/de\/wp-json\/wp\/v2\/product_brand?post=199587"},{"taxonomy":"product_cat","embeddable":true,"href":"https:\/\/shop.bantam.ch\/de\/wp-json\/wp\/v2\/product_cat?post=199587"},{"taxonomy":"product_tag","embeddable":true,"href":"https:\/\/shop.bantam.ch\/de\/wp-json\/wp\/v2\/product_tag?post=199587"}],"curies":[{"name":"wp","href":"https:\/\/api.w.org\/{rel}","templated":true}]}}