{"id":199571,"date":"2024-05-15T17:14:19","date_gmt":"2024-05-15T15:14:19","guid":{"rendered":"https:\/\/shop.bantam.ch\/produit\/solar-panel-ecoflow-100-w-flex\/"},"modified":"2026-04-17T23:12:11","modified_gmt":"2026-04-17T21:12:11","slug":"solar-panel-ecoflow-100-w-flex","status":"publish","type":"product","link":"https:\/\/shop.bantam.ch\/de\/produkt\/solar-panel-ecoflow-100-w-flex\/","title":{"rendered":"Solar Panel ECOFLOW 100 W &#8211; flex"},"content":{"rendered":"<p><strong>Extrem leicht: <\/strong>Mit einem Gewicht von nur 2,3 kg ist dieses flexible Solarpanel leicht mitzunehmen und zu installieren und bringt kaum zus\u00e4tzliches Gewicht auf Ihr Fahrzeug. Flexible Solarpanele eignen sich f\u00fcr D\u00e4cher, die die Last von starren Standardpanelen nicht tragen k\u00f6nnen, was sie zu einer vielseitigeren Option macht.<\/p>\n<p><strong>Flexibel:<\/strong> Das anpassungsf\u00e4hige Design eignet sich f\u00fcr eine Vielzahl von gekr\u00fcmmten Oberfl\u00e4chen und ist somit ideal f\u00fcr die Montage auf Wohnmobilen, Autod\u00e4chern und Booten.<\/p>\n<p><strong>Wetterfest:<\/strong> Mit einer Schutzart von IP68 kann das flexible Solarpanel bei jedem Wetter eingesetzt werden, ist staubdicht und in der Lage, Schmutz und Wasserstrahlen mit niedrigem Druck standzuhalten.<\/p>\n<p><strong>Universell kompatibel:<\/strong> Das flexible 100 W Solarpanel wird mit einem 1 m langen Kabel geliefert, das Ihnen viel Bewegungsfreiheit f\u00fcr die Positionierung der einzelnen Panels bietet und so die Sonneneinstrahlung maximiert. Dank eines Solar-Steckverbinders ist das flexible 100 W Panel mit anderen Solarsystemen und Powerstations von Drittanbietern kompatibel.<\/p>\n<p>&nbsp;<\/p>\n<p>Lieferumfang:<br \/>\nInklusive EcoFlow 100 W flexibles Solarpanel<\/p>\n","protected":false},"excerpt":{"rendered":"<p>Extrem leicht: Mit einem Gewicht von nur 2,3 kg ist dieses flexible Solarpanel leicht mitzunehmen und zu installieren und bringt kaum zus\u00e4tzliches Gewicht auf Ihr Fahrzeug. Flexible Solarpanele eignen sich f\u00fcr D\u00e4cher, die die Last von starren Standardpanelen nicht tragen k\u00f6nnen, was sie zu einer vielseitigeren Option macht. Flexibel: Das anpassungsf\u00e4hige Design eignet sich f\u00fcr [&hellip;]<\/p>\n","protected":false},"featured_media":207437,"template":"","meta":{"_acf_changed":false},"product_featured_cat":[],"product_brand":[3629],"product_cat":[4884],"product_tag":[],"class_list":{"0":"post-199571","1":"product","2":"type-product","3":"status-publish","4":"has-post-thumbnail","6":"product_brand-ecoflow-de","7":"product_cat-solarmodule","9":"first","10":"instock","11":"taxable","12":"shipping-taxable","13":"purchasable","14":"product-type-simple"},"acf":[],"yoast_head":"<!-- This site is optimized with the Yoast SEO plugin v27.4 - https:\/\/yoast.com\/product\/yoast-seo-wordpress\/ -->\n<title>Solar Panel ECOFLOW 100 W - flex - Bantam Camping AG<\/title>\n<meta name=\"robots\" content=\"index, follow, max-snippet:-1, max-image-preview:large, max-video-preview:-1\" \/>\n<link rel=\"canonical\" href=\"https:\/\/shop.bantam.ch\/de\/produkt\/solar-panel-ecoflow-100-w-flex\/\" \/>\n<meta property=\"og:locale\" content=\"de_DE\" \/>\n<meta property=\"og:type\" content=\"article\" \/>\n<meta property=\"og:title\" content=\"Solar Panel ECOFLOW 100 W - flex - Bantam Camping AG\" \/>\n<meta property=\"og:description\" content=\"Extrem leicht: Mit einem Gewicht von nur 2,3 kg ist dieses flexible Solarpanel leicht mitzunehmen und zu installieren und bringt kaum zus\u00e4tzliches Gewicht auf Ihr Fahrzeug. Flexible Solarpanele eignen sich f\u00fcr D\u00e4cher, die die Last von starren Standardpanelen nicht tragen k\u00f6nnen, was sie zu einer vielseitigeren Option macht. Flexibel: Das anpassungsf\u00e4hige Design eignet sich f\u00fcr [&hellip;]\" \/>\n<meta property=\"og:url\" content=\"https:\/\/shop.bantam.ch\/de\/produkt\/solar-panel-ecoflow-100-w-flex\/\" \/>\n<meta property=\"og:site_name\" content=\"Bantam Camping AG\" \/>\n<meta property=\"article:modified_time\" content=\"2026-04-17T21:12:11+00:00\" \/>\n<meta property=\"og:image\" content=\"https:\/\/shop.bantam.ch\/wp-content\/uploads\/2024\/05\/Movera-L-9971013200.jpg\" \/>\n\t<meta property=\"og:image:width\" content=\"640\" \/>\n\t<meta property=\"og:image:height\" content=\"640\" \/>\n\t<meta property=\"og:image:type\" content=\"image\/jpeg\" \/>\n<meta name=\"twitter:card\" content=\"summary_large_image\" \/>\n<meta name=\"twitter:label1\" content=\"Gesch\u00e4tzte Lesezeit\" \/>\n\t<meta name=\"twitter:data1\" content=\"1\u00a0Minute\" \/>\n<script type=\"application\/ld+json\" class=\"yoast-schema-graph\">{\"@context\":\"https:\\\/\\\/schema.org\",\"@graph\":[{\"@type\":\"WebPage\",\"@id\":\"https:\\\/\\\/shop.bantam.ch\\\/de\\\/produkt\\\/solar-panel-ecoflow-100-w-flex\\\/\",\"url\":\"https:\\\/\\\/shop.bantam.ch\\\/de\\\/produkt\\\/solar-panel-ecoflow-100-w-flex\\\/\",\"name\":\"Solar Panel ECOFLOW 100 W - flex - Bantam Camping AG\",\"isPartOf\":{\"@id\":\"https:\\\/\\\/shop.bantam.ch\\\/de\\\/#website\"},\"primaryImageOfPage\":{\"@id\":\"https:\\\/\\\/shop.bantam.ch\\\/de\\\/produkt\\\/solar-panel-ecoflow-100-w-flex\\\/#primaryimage\"},\"image\":{\"@id\":\"https:\\\/\\\/shop.bantam.ch\\\/de\\\/produkt\\\/solar-panel-ecoflow-100-w-flex\\\/#primaryimage\"},\"thumbnailUrl\":\"https:\\\/\\\/shop.bantam.ch\\\/wp-content\\\/uploads\\\/2024\\\/09\\\/Movera-L-9971013200.jpg\",\"datePublished\":\"2024-05-15T15:14:19+00:00\",\"dateModified\":\"2026-04-17T21:12:11+00:00\",\"breadcrumb\":{\"@id\":\"https:\\\/\\\/shop.bantam.ch\\\/de\\\/produkt\\\/solar-panel-ecoflow-100-w-flex\\\/#breadcrumb\"},\"inLanguage\":\"de\",\"potentialAction\":[{\"@type\":\"ReadAction\",\"target\":[\"https:\\\/\\\/shop.bantam.ch\\\/de\\\/produkt\\\/solar-panel-ecoflow-100-w-flex\\\/\"]}]},{\"@type\":\"ImageObject\",\"inLanguage\":\"de\",\"@id\":\"https:\\\/\\\/shop.bantam.ch\\\/de\\\/produkt\\\/solar-panel-ecoflow-100-w-flex\\\/#primaryimage\",\"url\":\"https:\\\/\\\/shop.bantam.ch\\\/wp-content\\\/uploads\\\/2024\\\/09\\\/Movera-L-9971013200.jpg\",\"contentUrl\":\"https:\\\/\\\/shop.bantam.ch\\\/wp-content\\\/uploads\\\/2024\\\/09\\\/Movera-L-9971013200.jpg\",\"width\":640,\"height\":640},{\"@type\":\"BreadcrumbList\",\"@id\":\"https:\\\/\\\/shop.bantam.ch\\\/de\\\/produkt\\\/solar-panel-ecoflow-100-w-flex\\\/#breadcrumb\",\"itemListElement\":[{\"@type\":\"ListItem\",\"position\":1,\"name\":\"Accueil\",\"item\":\"https:\\\/\\\/shop.bantam.ch\\\/de\\\/\"},{\"@type\":\"ListItem\",\"position\":2,\"name\":\"Shop\",\"item\":\"https:\\\/\\\/shop.bantam.ch\\\/de\\\/shop\\\/\"},{\"@type\":\"ListItem\",\"position\":3,\"name\":\"Solar Panel ECOFLOW 100 W &#8211; flex\"}]},{\"@type\":\"WebSite\",\"@id\":\"https:\\\/\\\/shop.bantam.ch\\\/de\\\/#website\",\"url\":\"https:\\\/\\\/shop.bantam.ch\\\/de\\\/\",\"name\":\"Bantam Camping AG\",\"description\":\"\",\"publisher\":{\"@id\":\"https:\\\/\\\/shop.bantam.ch\\\/de\\\/#organization\"},\"inLanguage\":\"de\"},{\"@type\":\"Organization\",\"@id\":\"https:\\\/\\\/shop.bantam.ch\\\/de\\\/#organization\",\"name\":\"Bantam Camping AG\",\"url\":\"https:\\\/\\\/shop.bantam.ch\\\/de\\\/\",\"logo\":{\"@type\":\"ImageObject\",\"inLanguage\":\"de\",\"@id\":\"https:\\\/\\\/shop.bantam.ch\\\/de\\\/#\\\/schema\\\/logo\\\/image\\\/\",\"url\":\"https:\\\/\\\/shop.bantam.ch\\\/wp-content\\\/uploads\\\/2022\\\/12\\\/bantam-logo.png\",\"contentUrl\":\"https:\\\/\\\/shop.bantam.ch\\\/wp-content\\\/uploads\\\/2022\\\/12\\\/bantam-logo.png\",\"width\":320,\"height\":71,\"caption\":\"Bantam Camping AG\"},\"image\":{\"@id\":\"https:\\\/\\\/shop.bantam.ch\\\/de\\\/#\\\/schema\\\/logo\\\/image\\\/\"}}]}<\/script>\n<!-- \/ Yoast SEO plugin. -->","yoast_head_json":{"title":"Solar Panel ECOFLOW 100 W - flex - Bantam Camping AG","robots":{"index":"index","follow":"follow","max-snippet":"max-snippet:-1","max-image-preview":"max-image-preview:large","max-video-preview":"max-video-preview:-1"},"canonical":"https:\/\/shop.bantam.ch\/de\/produkt\/solar-panel-ecoflow-100-w-flex\/","og_locale":"de_DE","og_type":"article","og_title":"Solar Panel ECOFLOW 100 W - flex - Bantam Camping AG","og_description":"Extrem leicht: Mit einem Gewicht von nur 2,3 kg ist dieses flexible Solarpanel leicht mitzunehmen und zu installieren und bringt kaum zus\u00e4tzliches Gewicht auf Ihr Fahrzeug. Flexible Solarpanele eignen sich f\u00fcr D\u00e4cher, die die Last von starren Standardpanelen nicht tragen k\u00f6nnen, was sie zu einer vielseitigeren Option macht. Flexibel: Das anpassungsf\u00e4hige Design eignet sich f\u00fcr [&hellip;]","og_url":"https:\/\/shop.bantam.ch\/de\/produkt\/solar-panel-ecoflow-100-w-flex\/","og_site_name":"Bantam Camping AG","article_modified_time":"2026-04-17T21:12:11+00:00","og_image":[{"width":640,"height":640,"url":"https:\/\/shop.bantam.ch\/wp-content\/uploads\/2024\/05\/Movera-L-9971013200.jpg","type":"image\/jpeg"}],"twitter_card":"summary_large_image","twitter_misc":{"Gesch\u00e4tzte Lesezeit":"1\u00a0Minute"},"schema":{"@context":"https:\/\/schema.org","@graph":[{"@type":"WebPage","@id":"https:\/\/shop.bantam.ch\/de\/produkt\/solar-panel-ecoflow-100-w-flex\/","url":"https:\/\/shop.bantam.ch\/de\/produkt\/solar-panel-ecoflow-100-w-flex\/","name":"Solar Panel ECOFLOW 100 W - flex - Bantam Camping AG","isPartOf":{"@id":"https:\/\/shop.bantam.ch\/de\/#website"},"primaryImageOfPage":{"@id":"https:\/\/shop.bantam.ch\/de\/produkt\/solar-panel-ecoflow-100-w-flex\/#primaryimage"},"image":{"@id":"https:\/\/shop.bantam.ch\/de\/produkt\/solar-panel-ecoflow-100-w-flex\/#primaryimage"},"thumbnailUrl":"https:\/\/shop.bantam.ch\/wp-content\/uploads\/2024\/09\/Movera-L-9971013200.jpg","datePublished":"2024-05-15T15:14:19+00:00","dateModified":"2026-04-17T21:12:11+00:00","breadcrumb":{"@id":"https:\/\/shop.bantam.ch\/de\/produkt\/solar-panel-ecoflow-100-w-flex\/#breadcrumb"},"inLanguage":"de","potentialAction":[{"@type":"ReadAction","target":["https:\/\/shop.bantam.ch\/de\/produkt\/solar-panel-ecoflow-100-w-flex\/"]}]},{"@type":"ImageObject","inLanguage":"de","@id":"https:\/\/shop.bantam.ch\/de\/produkt\/solar-panel-ecoflow-100-w-flex\/#primaryimage","url":"https:\/\/shop.bantam.ch\/wp-content\/uploads\/2024\/09\/Movera-L-9971013200.jpg","contentUrl":"https:\/\/shop.bantam.ch\/wp-content\/uploads\/2024\/09\/Movera-L-9971013200.jpg","width":640,"height":640},{"@type":"BreadcrumbList","@id":"https:\/\/shop.bantam.ch\/de\/produkt\/solar-panel-ecoflow-100-w-flex\/#breadcrumb","itemListElement":[{"@type":"ListItem","position":1,"name":"Accueil","item":"https:\/\/shop.bantam.ch\/de\/"},{"@type":"ListItem","position":2,"name":"Shop","item":"https:\/\/shop.bantam.ch\/de\/shop\/"},{"@type":"ListItem","position":3,"name":"Solar Panel ECOFLOW 100 W &#8211; flex"}]},{"@type":"WebSite","@id":"https:\/\/shop.bantam.ch\/de\/#website","url":"https:\/\/shop.bantam.ch\/de\/","name":"Bantam Camping AG","description":"","publisher":{"@id":"https:\/\/shop.bantam.ch\/de\/#organization"},"inLanguage":"de"},{"@type":"Organization","@id":"https:\/\/shop.bantam.ch\/de\/#organization","name":"Bantam Camping AG","url":"https:\/\/shop.bantam.ch\/de\/","logo":{"@type":"ImageObject","inLanguage":"de","@id":"https:\/\/shop.bantam.ch\/de\/#\/schema\/logo\/image\/","url":"https:\/\/shop.bantam.ch\/wp-content\/uploads\/2022\/12\/bantam-logo.png","contentUrl":"https:\/\/shop.bantam.ch\/wp-content\/uploads\/2022\/12\/bantam-logo.png","width":320,"height":71,"caption":"Bantam Camping AG"},"image":{"@id":"https:\/\/shop.bantam.ch\/de\/#\/schema\/logo\/image\/"}}]}},"_links":{"self":[{"href":"https:\/\/shop.bantam.ch\/de\/wp-json\/wp\/v2\/product\/199571","targetHints":{"allow":["GET"]}}],"collection":[{"href":"https:\/\/shop.bantam.ch\/de\/wp-json\/wp\/v2\/product"}],"about":[{"href":"https:\/\/shop.bantam.ch\/de\/wp-json\/wp\/v2\/types\/product"}],"wp:featuredmedia":[{"embeddable":true,"href":"https:\/\/shop.bantam.ch\/de\/wp-json\/wp\/v2\/media\/207437"}],"wp:attachment":[{"href":"https:\/\/shop.bantam.ch\/de\/wp-json\/wp\/v2\/media?parent=199571"}],"wp:term":[{"taxonomy":"product_featured_cat","embeddable":true,"href":"https:\/\/shop.bantam.ch\/de\/wp-json\/wp\/v2\/product_featured_cat?post=199571"},{"taxonomy":"product_brand","embeddable":true,"href":"https:\/\/shop.bantam.ch\/de\/wp-json\/wp\/v2\/product_brand?post=199571"},{"taxonomy":"product_cat","embeddable":true,"href":"https:\/\/shop.bantam.ch\/de\/wp-json\/wp\/v2\/product_cat?post=199571"},{"taxonomy":"product_tag","embeddable":true,"href":"https:\/\/shop.bantam.ch\/de\/wp-json\/wp\/v2\/product_tag?post=199571"}],"curies":[{"name":"wp","href":"https:\/\/api.w.org\/{rel}","templated":true}]}}