{"id":199565,"date":"2024-05-15T17:14:10","date_gmt":"2024-05-15T15:14:10","guid":{"rendered":"https:\/\/shop.bantam.ch\/produit\/power-hub-ecoflow-get-set-kit\/"},"modified":"2026-05-02T23:08:31","modified_gmt":"2026-05-02T21:08:31","slug":"power-hub-ecoflow-get-set-kit","status":"publish","type":"product","link":"https:\/\/shop.bantam.ch\/de\/produkt\/power-hub-ecoflow-get-set-kit\/","title":{"rendered":"Power Hub ECOFLOW Get Set Kit"},"content":{"rendered":"<p><strong>EcoFlow Power Hub Get Set Kit Power Hub inkl. Kabel Set: <\/strong>Ecoflow Power Kits sind die ultimative &#8218;all in one&#8216; Stromversorungsl\u00f6sung f\u00fcr Ihr Wohnmobil oder Wohnwagen. Das Herst\u00fcck des Systems, der Power Hub, ist kompakt, leistungsstark und leicht. Er vereint alle Komponenten welche f\u00fcr eine autarke Stromversorgung in Ihrem Fahrzeug notwendig sind und das, bei einfachster Montage dank vorkonfigurierter und verwechslungssicherer Plug&#8217;n Play Komponenten.<\/p>\n<p><strong>Einfacher Aufbau:<\/strong> Der integrierte EcoFlow Power Hub verf\u00fcgt \u00fcber ein einfaches Plug-and-Play-Design, mit dem Sie Ihr Kit schneller erweitern und anpassen k\u00f6nnen als jede andere Stromversorgungsl\u00f6sung auf dem Markt.<\/p>\n<p><strong>Platzsparend:<\/strong> Der EcoFlow Power Hub kombiniert zwei MPPT-Solarladeregler, ein Batterieladeger\u00e4t mit MPPT, einen DC-DC Abw\u00e4rtswandler und einen Wechselrichter-Ladeger\u00e4t. Mit weniger Modulen und d\u00fcnneren Kabeln spart dieses 48V-System Platz und verringert den Installationsaufwand.<\/p>\n<p><strong>Aufladen ganz so, wie Sie es m\u00f6chten:<\/strong> EcoFlow Power Kits unterst\u00fctzen mehrere Lademethoden. Sie k\u00f6nnen reichlich Solarstrom nutzen, den Generator verwenden, Landstrom anschlie\u00dfen oder sogar einen EcoFlow Smart Generator f\u00fcr die Notstromversorgung verwenden. Das &#8222;Get Set Kit&#8220; beinhaltet den Power Hub sowie alle notwendigen Kabel zum Anschluss des Ger\u00e4tes an die Lichtmaschine, Solarpanel, den Landstrom sowie die AC und DC Ausgangsleitungen zur Verteilung im Fahrzeug<\/p>\n<p>&nbsp;<\/p>\n<p>Lieferumfang:<br \/>\nInklusive EcoFlow Power Hub<br \/>\nEcoFlow Kabelpaket<\/p>\n","protected":false},"excerpt":{"rendered":"<p>EcoFlow Power Hub Get Set Kit Power Hub inkl. Kabel Set: Ecoflow Power Kits sind die ultimative &#8218;all in one&#8216; Stromversorungsl\u00f6sung f\u00fcr Ihr Wohnmobil oder Wohnwagen. Das Herst\u00fcck des Systems, der Power Hub, ist kompakt, leistungsstark und leicht. Er vereint alle Komponenten welche f\u00fcr eine autarke Stromversorgung in Ihrem Fahrzeug notwendig sind und das, bei [&hellip;]<\/p>\n","protected":false},"featured_media":207435,"template":"","meta":{"_acf_changed":false},"product_featured_cat":[],"product_brand":[3629],"product_cat":[4912,4878,4170],"product_tag":[],"class_list":{"0":"post-199565","1":"product","2":"type-product","3":"status-publish","4":"has-post-thumbnail","6":"product_brand-ecoflow-de","7":"product_cat-ladegeraete","8":"product_cat-solar-laderegler","9":"product_cat-wechselrichter","11":"first","12":"instock","13":"taxable","14":"shipping-taxable","15":"purchasable","16":"product-type-simple"},"acf":[],"yoast_head":"<!-- This site is optimized with the Yoast SEO plugin v27.5 - https:\/\/yoast.com\/product\/yoast-seo-wordpress\/ -->\n<title>Power Hub ECOFLOW Get Set Kit - Bantam<\/title>\n<meta name=\"robots\" content=\"index, follow, max-snippet:-1, max-image-preview:large, max-video-preview:-1\" \/>\n<link rel=\"canonical\" href=\"https:\/\/shop.bantam.ch\/de\/produkt\/power-hub-ecoflow-get-set-kit\/\" \/>\n<meta property=\"og:locale\" content=\"de_DE\" \/>\n<meta property=\"og:type\" content=\"article\" \/>\n<meta property=\"og:title\" content=\"Power Hub ECOFLOW Get Set Kit - Bantam\" \/>\n<meta property=\"og:description\" content=\"EcoFlow Power Hub Get Set Kit Power Hub inkl. Kabel Set: Ecoflow Power Kits sind die ultimative &#8218;all in one&#8216; Stromversorungsl\u00f6sung f\u00fcr Ihr Wohnmobil oder Wohnwagen. Das Herst\u00fcck des Systems, der Power Hub, ist kompakt, leistungsstark und leicht. Er vereint alle Komponenten welche f\u00fcr eine autarke Stromversorgung in Ihrem Fahrzeug notwendig sind und das, bei [&hellip;]\" \/>\n<meta property=\"og:url\" content=\"https:\/\/shop.bantam.ch\/de\/produkt\/power-hub-ecoflow-get-set-kit\/\" \/>\n<meta property=\"og:site_name\" content=\"Bantam\" \/>\n<meta property=\"article:modified_time\" content=\"2026-05-02T21:08:31+00:00\" \/>\n<meta property=\"og:image\" content=\"https:\/\/shop.bantam.ch\/wp-content\/uploads\/2024\/05\/Movera-L-9971012100.jpg\" \/>\n\t<meta property=\"og:image:width\" content=\"600\" \/>\n\t<meta property=\"og:image:height\" content=\"600\" \/>\n\t<meta property=\"og:image:type\" content=\"image\/jpeg\" \/>\n<meta name=\"twitter:card\" content=\"summary_large_image\" \/>\n<meta name=\"twitter:label1\" content=\"Gesch\u00e4tzte Lesezeit\" \/>\n\t<meta name=\"twitter:data1\" content=\"1\u00a0Minute\" \/>\n<script type=\"application\/ld+json\" class=\"yoast-schema-graph\">{\"@context\":\"https:\\\/\\\/schema.org\",\"@graph\":[{\"@type\":\"WebPage\",\"@id\":\"https:\\\/\\\/shop.bantam.ch\\\/de\\\/produkt\\\/power-hub-ecoflow-get-set-kit\\\/\",\"url\":\"https:\\\/\\\/shop.bantam.ch\\\/de\\\/produkt\\\/power-hub-ecoflow-get-set-kit\\\/\",\"name\":\"Power Hub ECOFLOW Get Set Kit - Bantam\",\"isPartOf\":{\"@id\":\"https:\\\/\\\/shop.bantam.ch\\\/de\\\/#website\"},\"primaryImageOfPage\":{\"@id\":\"https:\\\/\\\/shop.bantam.ch\\\/de\\\/produkt\\\/power-hub-ecoflow-get-set-kit\\\/#primaryimage\"},\"image\":{\"@id\":\"https:\\\/\\\/shop.bantam.ch\\\/de\\\/produkt\\\/power-hub-ecoflow-get-set-kit\\\/#primaryimage\"},\"thumbnailUrl\":\"https:\\\/\\\/shop.bantam.ch\\\/wp-content\\\/uploads\\\/2024\\\/09\\\/Movera-L-9971012100.jpg\",\"datePublished\":\"2024-05-15T15:14:10+00:00\",\"dateModified\":\"2026-05-02T21:08:31+00:00\",\"breadcrumb\":{\"@id\":\"https:\\\/\\\/shop.bantam.ch\\\/de\\\/produkt\\\/power-hub-ecoflow-get-set-kit\\\/#breadcrumb\"},\"inLanguage\":\"de\",\"potentialAction\":[{\"@type\":\"ReadAction\",\"target\":[\"https:\\\/\\\/shop.bantam.ch\\\/de\\\/produkt\\\/power-hub-ecoflow-get-set-kit\\\/\"]}]},{\"@type\":\"ImageObject\",\"inLanguage\":\"de\",\"@id\":\"https:\\\/\\\/shop.bantam.ch\\\/de\\\/produkt\\\/power-hub-ecoflow-get-set-kit\\\/#primaryimage\",\"url\":\"https:\\\/\\\/shop.bantam.ch\\\/wp-content\\\/uploads\\\/2024\\\/09\\\/Movera-L-9971012100.jpg\",\"contentUrl\":\"https:\\\/\\\/shop.bantam.ch\\\/wp-content\\\/uploads\\\/2024\\\/09\\\/Movera-L-9971012100.jpg\",\"width\":600,\"height\":600},{\"@type\":\"BreadcrumbList\",\"@id\":\"https:\\\/\\\/shop.bantam.ch\\\/de\\\/produkt\\\/power-hub-ecoflow-get-set-kit\\\/#breadcrumb\",\"itemListElement\":[{\"@type\":\"ListItem\",\"position\":1,\"name\":\"Accueil\",\"item\":\"https:\\\/\\\/shop.bantam.ch\\\/de\\\/\"},{\"@type\":\"ListItem\",\"position\":2,\"name\":\"Shop\",\"item\":\"https:\\\/\\\/shop.bantam.ch\\\/de\\\/shop\\\/\"},{\"@type\":\"ListItem\",\"position\":3,\"name\":\"Power Hub ECOFLOW Get Set Kit\"}]},{\"@type\":\"WebSite\",\"@id\":\"https:\\\/\\\/shop.bantam.ch\\\/de\\\/#website\",\"url\":\"https:\\\/\\\/shop.bantam.ch\\\/de\\\/\",\"name\":\"Bantam\",\"description\":\"\",\"publisher\":{\"@id\":\"https:\\\/\\\/shop.bantam.ch\\\/de\\\/#organization\"},\"inLanguage\":\"de\"},{\"@type\":\"Organization\",\"@id\":\"https:\\\/\\\/shop.bantam.ch\\\/de\\\/#organization\",\"name\":\"Bantam\",\"url\":\"https:\\\/\\\/shop.bantam.ch\\\/de\\\/\",\"logo\":{\"@type\":\"ImageObject\",\"inLanguage\":\"de\",\"@id\":\"https:\\\/\\\/shop.bantam.ch\\\/de\\\/#\\\/schema\\\/logo\\\/image\\\/\",\"url\":\"https:\\\/\\\/shop.bantam.ch\\\/wp-content\\\/uploads\\\/2022\\\/12\\\/bantam-logo.png\",\"contentUrl\":\"https:\\\/\\\/shop.bantam.ch\\\/wp-content\\\/uploads\\\/2022\\\/12\\\/bantam-logo.png\",\"width\":320,\"height\":71,\"caption\":\"Bantam\"},\"image\":{\"@id\":\"https:\\\/\\\/shop.bantam.ch\\\/de\\\/#\\\/schema\\\/logo\\\/image\\\/\"}}]}<\/script>\n<!-- \/ Yoast SEO plugin. -->","yoast_head_json":{"title":"Power Hub ECOFLOW Get Set Kit - Bantam","robots":{"index":"index","follow":"follow","max-snippet":"max-snippet:-1","max-image-preview":"max-image-preview:large","max-video-preview":"max-video-preview:-1"},"canonical":"https:\/\/shop.bantam.ch\/de\/produkt\/power-hub-ecoflow-get-set-kit\/","og_locale":"de_DE","og_type":"article","og_title":"Power Hub ECOFLOW Get Set Kit - Bantam","og_description":"EcoFlow Power Hub Get Set Kit Power Hub inkl. Kabel Set: Ecoflow Power Kits sind die ultimative &#8218;all in one&#8216; Stromversorungsl\u00f6sung f\u00fcr Ihr Wohnmobil oder Wohnwagen. Das Herst\u00fcck des Systems, der Power Hub, ist kompakt, leistungsstark und leicht. Er vereint alle Komponenten welche f\u00fcr eine autarke Stromversorgung in Ihrem Fahrzeug notwendig sind und das, bei [&hellip;]","og_url":"https:\/\/shop.bantam.ch\/de\/produkt\/power-hub-ecoflow-get-set-kit\/","og_site_name":"Bantam","article_modified_time":"2026-05-02T21:08:31+00:00","og_image":[{"width":600,"height":600,"url":"https:\/\/shop.bantam.ch\/wp-content\/uploads\/2024\/05\/Movera-L-9971012100.jpg","type":"image\/jpeg"}],"twitter_card":"summary_large_image","twitter_misc":{"Gesch\u00e4tzte Lesezeit":"1\u00a0Minute"},"schema":{"@context":"https:\/\/schema.org","@graph":[{"@type":"WebPage","@id":"https:\/\/shop.bantam.ch\/de\/produkt\/power-hub-ecoflow-get-set-kit\/","url":"https:\/\/shop.bantam.ch\/de\/produkt\/power-hub-ecoflow-get-set-kit\/","name":"Power Hub ECOFLOW Get Set Kit - Bantam","isPartOf":{"@id":"https:\/\/shop.bantam.ch\/de\/#website"},"primaryImageOfPage":{"@id":"https:\/\/shop.bantam.ch\/de\/produkt\/power-hub-ecoflow-get-set-kit\/#primaryimage"},"image":{"@id":"https:\/\/shop.bantam.ch\/de\/produkt\/power-hub-ecoflow-get-set-kit\/#primaryimage"},"thumbnailUrl":"https:\/\/shop.bantam.ch\/wp-content\/uploads\/2024\/09\/Movera-L-9971012100.jpg","datePublished":"2024-05-15T15:14:10+00:00","dateModified":"2026-05-02T21:08:31+00:00","breadcrumb":{"@id":"https:\/\/shop.bantam.ch\/de\/produkt\/power-hub-ecoflow-get-set-kit\/#breadcrumb"},"inLanguage":"de","potentialAction":[{"@type":"ReadAction","target":["https:\/\/shop.bantam.ch\/de\/produkt\/power-hub-ecoflow-get-set-kit\/"]}]},{"@type":"ImageObject","inLanguage":"de","@id":"https:\/\/shop.bantam.ch\/de\/produkt\/power-hub-ecoflow-get-set-kit\/#primaryimage","url":"https:\/\/shop.bantam.ch\/wp-content\/uploads\/2024\/09\/Movera-L-9971012100.jpg","contentUrl":"https:\/\/shop.bantam.ch\/wp-content\/uploads\/2024\/09\/Movera-L-9971012100.jpg","width":600,"height":600},{"@type":"BreadcrumbList","@id":"https:\/\/shop.bantam.ch\/de\/produkt\/power-hub-ecoflow-get-set-kit\/#breadcrumb","itemListElement":[{"@type":"ListItem","position":1,"name":"Accueil","item":"https:\/\/shop.bantam.ch\/de\/"},{"@type":"ListItem","position":2,"name":"Shop","item":"https:\/\/shop.bantam.ch\/de\/shop\/"},{"@type":"ListItem","position":3,"name":"Power Hub ECOFLOW Get Set Kit"}]},{"@type":"WebSite","@id":"https:\/\/shop.bantam.ch\/de\/#website","url":"https:\/\/shop.bantam.ch\/de\/","name":"Bantam","description":"","publisher":{"@id":"https:\/\/shop.bantam.ch\/de\/#organization"},"inLanguage":"de"},{"@type":"Organization","@id":"https:\/\/shop.bantam.ch\/de\/#organization","name":"Bantam","url":"https:\/\/shop.bantam.ch\/de\/","logo":{"@type":"ImageObject","inLanguage":"de","@id":"https:\/\/shop.bantam.ch\/de\/#\/schema\/logo\/image\/","url":"https:\/\/shop.bantam.ch\/wp-content\/uploads\/2022\/12\/bantam-logo.png","contentUrl":"https:\/\/shop.bantam.ch\/wp-content\/uploads\/2022\/12\/bantam-logo.png","width":320,"height":71,"caption":"Bantam"},"image":{"@id":"https:\/\/shop.bantam.ch\/de\/#\/schema\/logo\/image\/"}}]}},"_links":{"self":[{"href":"https:\/\/shop.bantam.ch\/de\/wp-json\/wp\/v2\/product\/199565","targetHints":{"allow":["GET"]}}],"collection":[{"href":"https:\/\/shop.bantam.ch\/de\/wp-json\/wp\/v2\/product"}],"about":[{"href":"https:\/\/shop.bantam.ch\/de\/wp-json\/wp\/v2\/types\/product"}],"wp:featuredmedia":[{"embeddable":true,"href":"https:\/\/shop.bantam.ch\/de\/wp-json\/wp\/v2\/media\/207435"}],"wp:attachment":[{"href":"https:\/\/shop.bantam.ch\/de\/wp-json\/wp\/v2\/media?parent=199565"}],"wp:term":[{"taxonomy":"product_featured_cat","embeddable":true,"href":"https:\/\/shop.bantam.ch\/de\/wp-json\/wp\/v2\/product_featured_cat?post=199565"},{"taxonomy":"product_brand","embeddable":true,"href":"https:\/\/shop.bantam.ch\/de\/wp-json\/wp\/v2\/product_brand?post=199565"},{"taxonomy":"product_cat","embeddable":true,"href":"https:\/\/shop.bantam.ch\/de\/wp-json\/wp\/v2\/product_cat?post=199565"},{"taxonomy":"product_tag","embeddable":true,"href":"https:\/\/shop.bantam.ch\/de\/wp-json\/wp\/v2\/product_tag?post=199565"}],"curies":[{"name":"wp","href":"https:\/\/api.w.org\/{rel}","templated":true}]}}