{"id":199543,"date":"2024-05-15T17:13:54","date_gmt":"2024-05-15T15:13:54","guid":{"rendered":"https:\/\/shop.bantam.ch\/produit\/mobile-modulhalterung-ecoflow-solar-tracker\/"},"modified":"2026-04-18T23:15:14","modified_gmt":"2026-04-18T21:15:14","slug":"mobile-modulhalterung-ecoflow-solar-tracker","status":"publish","type":"product","link":"https:\/\/shop.bantam.ch\/de\/produkt\/mobile-modulhalterung-ecoflow-solar-tracker\/","title":{"rendered":"Mobile Modulhalterung ECOFLOW Solar Tracker"},"content":{"rendered":"<p>EcoFlow Solar-Tracking-System, EcoFlow bietet Ihnen den ersten Solar tracker f\u00fcr Privatpersonen. Platzieren Sie Ihr Ger\u00e4t auf unserem Tracking-System, um Ihre Energieeffizienz zu verbessern. Unser Solar tracker dreht sich permanent um seine beiden Achsen und optimiert den Winkel Ihrer Module in Bezug auf die Sonnenstrahlen. Ein unverzichtbares Zubeh\u00f6r, um das Aufladen Ihrer tragbaren Elektrostation und Ihrer Ger\u00e4te zu verbessern. Autonomer Solar tracker, unser Solar tracker verfolgt automatisch den Sonnenstand. Sie m\u00fcssen nicht mehr dreimal am Tag, 7 Tage die Woche eingreifen, um Ihre eigene Energie zu ernten. Wenn Sie zum Eigenverbrauch tendieren, ist das \u00dcberwachungssystem EcoFlow unverzichtbar. Es unterst\u00fctzt von morgens bis abends, um Sie mit der gr\u00f6\u00dftm\u00f6glichen Energie zu versorgen. Erfassen Sie jedes einzelne Photon, bis zu 30 % mehr Leistung erhalten Sie mit dem EcoFlow Solar tracker. Im Gegensatz zu herk\u00f6mmlichen L\u00f6sungen, bei denen die Photovoltaikmodule flach verlegt werden, verbessert unser Tracker die Leistung Ihrer Solarmodule den ganzen Tag \u00fcber. Das Ziel? Mehr gr\u00fcne Energie f\u00fcr Sie! Ein robuster, stabiler und langlebiger Solar tracker. Der EcoFlow Solar Tracker ist mit vier ausfahrbaren Beinen ausgestattet und kann \u00fcberall befestigt werden, um eine sichere und solide Installation zu gew\u00e4hrleisten. Die Befestigungshaken k\u00f6nnen sowohl im Innen- als auch im Au\u00dfenbereich an Ihr Plattenmodell angepasst und adaptiert werden. Auf dem Dach Ihres Hauses, Ihres Wohnmobils &#8211; am Fu\u00dfe Ihres Zeltes oder sogar mitten im Wald w\u00e4hrend eines Naturwochenendes; unsere L\u00f6sung passt sich stetig an.<\/p>\n<p>&nbsp;<\/p>\n<p>Lieferumfang:<br \/>\nInklusive Ecoflow Solar Tracker<br \/>\nBedienungsanleitung<br \/>\n&nbsp;<\/p>\n","protected":false},"excerpt":{"rendered":"<p>EcoFlow Solar-Tracking-System, EcoFlow bietet Ihnen den ersten Solar tracker f\u00fcr Privatpersonen. Platzieren Sie Ihr Ger\u00e4t auf unserem Tracking-System, um Ihre Energieeffizienz zu verbessern. Unser Solar tracker dreht sich permanent um seine beiden Achsen und optimiert den Winkel Ihrer Module in Bezug auf die Sonnenstrahlen. Ein unverzichtbares Zubeh\u00f6r, um das Aufladen Ihrer tragbaren Elektrostation und Ihrer [&hellip;]<\/p>\n","protected":false},"featured_media":207431,"template":"","meta":{"_acf_changed":false},"product_featured_cat":[],"product_brand":[3629],"product_cat":[5124],"product_tag":[],"class_list":{"0":"post-199543","1":"product","2":"type-product","3":"status-publish","4":"has-post-thumbnail","6":"product_brand-ecoflow-de","7":"product_cat-weiteres-zubehoer-fuer-solartechnik","9":"first","10":"instock","11":"taxable","12":"shipping-taxable","13":"purchasable","14":"product-type-simple"},"acf":[],"yoast_head":"<!-- This site is optimized with the Yoast SEO plugin v27.4 - https:\/\/yoast.com\/product\/yoast-seo-wordpress\/ -->\n<title>Mobile Modulhalterung ECOFLOW Solar Tracker - Bantam Camping AG<\/title>\n<meta name=\"robots\" content=\"index, follow, max-snippet:-1, max-image-preview:large, max-video-preview:-1\" \/>\n<link rel=\"canonical\" href=\"https:\/\/shop.bantam.ch\/de\/produkt\/mobile-modulhalterung-ecoflow-solar-tracker\/\" \/>\n<meta property=\"og:locale\" content=\"de_DE\" \/>\n<meta property=\"og:type\" content=\"article\" \/>\n<meta property=\"og:title\" content=\"Mobile Modulhalterung ECOFLOW Solar Tracker - Bantam Camping AG\" \/>\n<meta property=\"og:description\" content=\"EcoFlow Solar-Tracking-System, EcoFlow bietet Ihnen den ersten Solar tracker f\u00fcr Privatpersonen. Platzieren Sie Ihr Ger\u00e4t auf unserem Tracking-System, um Ihre Energieeffizienz zu verbessern. Unser Solar tracker dreht sich permanent um seine beiden Achsen und optimiert den Winkel Ihrer Module in Bezug auf die Sonnenstrahlen. Ein unverzichtbares Zubeh\u00f6r, um das Aufladen Ihrer tragbaren Elektrostation und Ihrer [&hellip;]\" \/>\n<meta property=\"og:url\" content=\"https:\/\/shop.bantam.ch\/de\/produkt\/mobile-modulhalterung-ecoflow-solar-tracker\/\" \/>\n<meta property=\"og:site_name\" content=\"Bantam Camping AG\" \/>\n<meta property=\"article:modified_time\" content=\"2026-04-18T21:15:14+00:00\" \/>\n<meta property=\"og:image\" content=\"https:\/\/shop.bantam.ch\/wp-content\/uploads\/2024\/05\/Movera-L-9970994100.jpg\" \/>\n\t<meta property=\"og:image:width\" content=\"640\" \/>\n\t<meta property=\"og:image:height\" content=\"640\" \/>\n\t<meta property=\"og:image:type\" content=\"image\/jpeg\" \/>\n<meta name=\"twitter:card\" content=\"summary_large_image\" \/>\n<meta name=\"twitter:label1\" content=\"Gesch\u00e4tzte Lesezeit\" \/>\n\t<meta name=\"twitter:data1\" content=\"1\u00a0Minute\" \/>\n<script type=\"application\/ld+json\" class=\"yoast-schema-graph\">{\"@context\":\"https:\\\/\\\/schema.org\",\"@graph\":[{\"@type\":\"WebPage\",\"@id\":\"https:\\\/\\\/shop.bantam.ch\\\/de\\\/produkt\\\/mobile-modulhalterung-ecoflow-solar-tracker\\\/\",\"url\":\"https:\\\/\\\/shop.bantam.ch\\\/de\\\/produkt\\\/mobile-modulhalterung-ecoflow-solar-tracker\\\/\",\"name\":\"Mobile Modulhalterung ECOFLOW Solar Tracker - Bantam Camping AG\",\"isPartOf\":{\"@id\":\"https:\\\/\\\/shop.bantam.ch\\\/de\\\/#website\"},\"primaryImageOfPage\":{\"@id\":\"https:\\\/\\\/shop.bantam.ch\\\/de\\\/produkt\\\/mobile-modulhalterung-ecoflow-solar-tracker\\\/#primaryimage\"},\"image\":{\"@id\":\"https:\\\/\\\/shop.bantam.ch\\\/de\\\/produkt\\\/mobile-modulhalterung-ecoflow-solar-tracker\\\/#primaryimage\"},\"thumbnailUrl\":\"https:\\\/\\\/shop.bantam.ch\\\/wp-content\\\/uploads\\\/2024\\\/09\\\/Movera-L-9970994100.jpg\",\"datePublished\":\"2024-05-15T15:13:54+00:00\",\"dateModified\":\"2026-04-18T21:15:14+00:00\",\"breadcrumb\":{\"@id\":\"https:\\\/\\\/shop.bantam.ch\\\/de\\\/produkt\\\/mobile-modulhalterung-ecoflow-solar-tracker\\\/#breadcrumb\"},\"inLanguage\":\"de\",\"potentialAction\":[{\"@type\":\"ReadAction\",\"target\":[\"https:\\\/\\\/shop.bantam.ch\\\/de\\\/produkt\\\/mobile-modulhalterung-ecoflow-solar-tracker\\\/\"]}]},{\"@type\":\"ImageObject\",\"inLanguage\":\"de\",\"@id\":\"https:\\\/\\\/shop.bantam.ch\\\/de\\\/produkt\\\/mobile-modulhalterung-ecoflow-solar-tracker\\\/#primaryimage\",\"url\":\"https:\\\/\\\/shop.bantam.ch\\\/wp-content\\\/uploads\\\/2024\\\/09\\\/Movera-L-9970994100.jpg\",\"contentUrl\":\"https:\\\/\\\/shop.bantam.ch\\\/wp-content\\\/uploads\\\/2024\\\/09\\\/Movera-L-9970994100.jpg\",\"width\":640,\"height\":640},{\"@type\":\"BreadcrumbList\",\"@id\":\"https:\\\/\\\/shop.bantam.ch\\\/de\\\/produkt\\\/mobile-modulhalterung-ecoflow-solar-tracker\\\/#breadcrumb\",\"itemListElement\":[{\"@type\":\"ListItem\",\"position\":1,\"name\":\"Accueil\",\"item\":\"https:\\\/\\\/shop.bantam.ch\\\/de\\\/\"},{\"@type\":\"ListItem\",\"position\":2,\"name\":\"Shop\",\"item\":\"https:\\\/\\\/shop.bantam.ch\\\/de\\\/shop\\\/\"},{\"@type\":\"ListItem\",\"position\":3,\"name\":\"Mobile Modulhalterung ECOFLOW Solar Tracker\"}]},{\"@type\":\"WebSite\",\"@id\":\"https:\\\/\\\/shop.bantam.ch\\\/de\\\/#website\",\"url\":\"https:\\\/\\\/shop.bantam.ch\\\/de\\\/\",\"name\":\"Bantam Camping AG\",\"description\":\"\",\"publisher\":{\"@id\":\"https:\\\/\\\/shop.bantam.ch\\\/de\\\/#organization\"},\"inLanguage\":\"de\"},{\"@type\":\"Organization\",\"@id\":\"https:\\\/\\\/shop.bantam.ch\\\/de\\\/#organization\",\"name\":\"Bantam Camping AG\",\"url\":\"https:\\\/\\\/shop.bantam.ch\\\/de\\\/\",\"logo\":{\"@type\":\"ImageObject\",\"inLanguage\":\"de\",\"@id\":\"https:\\\/\\\/shop.bantam.ch\\\/de\\\/#\\\/schema\\\/logo\\\/image\\\/\",\"url\":\"https:\\\/\\\/shop.bantam.ch\\\/wp-content\\\/uploads\\\/2022\\\/12\\\/bantam-logo.png\",\"contentUrl\":\"https:\\\/\\\/shop.bantam.ch\\\/wp-content\\\/uploads\\\/2022\\\/12\\\/bantam-logo.png\",\"width\":320,\"height\":71,\"caption\":\"Bantam Camping AG\"},\"image\":{\"@id\":\"https:\\\/\\\/shop.bantam.ch\\\/de\\\/#\\\/schema\\\/logo\\\/image\\\/\"}}]}<\/script>\n<!-- \/ Yoast SEO plugin. -->","yoast_head_json":{"title":"Mobile Modulhalterung ECOFLOW Solar Tracker - Bantam Camping AG","robots":{"index":"index","follow":"follow","max-snippet":"max-snippet:-1","max-image-preview":"max-image-preview:large","max-video-preview":"max-video-preview:-1"},"canonical":"https:\/\/shop.bantam.ch\/de\/produkt\/mobile-modulhalterung-ecoflow-solar-tracker\/","og_locale":"de_DE","og_type":"article","og_title":"Mobile Modulhalterung ECOFLOW Solar Tracker - Bantam Camping AG","og_description":"EcoFlow Solar-Tracking-System, EcoFlow bietet Ihnen den ersten Solar tracker f\u00fcr Privatpersonen. Platzieren Sie Ihr Ger\u00e4t auf unserem Tracking-System, um Ihre Energieeffizienz zu verbessern. Unser Solar tracker dreht sich permanent um seine beiden Achsen und optimiert den Winkel Ihrer Module in Bezug auf die Sonnenstrahlen. Ein unverzichtbares Zubeh\u00f6r, um das Aufladen Ihrer tragbaren Elektrostation und Ihrer [&hellip;]","og_url":"https:\/\/shop.bantam.ch\/de\/produkt\/mobile-modulhalterung-ecoflow-solar-tracker\/","og_site_name":"Bantam Camping AG","article_modified_time":"2026-04-18T21:15:14+00:00","og_image":[{"width":640,"height":640,"url":"https:\/\/shop.bantam.ch\/wp-content\/uploads\/2024\/05\/Movera-L-9970994100.jpg","type":"image\/jpeg"}],"twitter_card":"summary_large_image","twitter_misc":{"Gesch\u00e4tzte Lesezeit":"1\u00a0Minute"},"schema":{"@context":"https:\/\/schema.org","@graph":[{"@type":"WebPage","@id":"https:\/\/shop.bantam.ch\/de\/produkt\/mobile-modulhalterung-ecoflow-solar-tracker\/","url":"https:\/\/shop.bantam.ch\/de\/produkt\/mobile-modulhalterung-ecoflow-solar-tracker\/","name":"Mobile Modulhalterung ECOFLOW Solar Tracker - Bantam Camping AG","isPartOf":{"@id":"https:\/\/shop.bantam.ch\/de\/#website"},"primaryImageOfPage":{"@id":"https:\/\/shop.bantam.ch\/de\/produkt\/mobile-modulhalterung-ecoflow-solar-tracker\/#primaryimage"},"image":{"@id":"https:\/\/shop.bantam.ch\/de\/produkt\/mobile-modulhalterung-ecoflow-solar-tracker\/#primaryimage"},"thumbnailUrl":"https:\/\/shop.bantam.ch\/wp-content\/uploads\/2024\/09\/Movera-L-9970994100.jpg","datePublished":"2024-05-15T15:13:54+00:00","dateModified":"2026-04-18T21:15:14+00:00","breadcrumb":{"@id":"https:\/\/shop.bantam.ch\/de\/produkt\/mobile-modulhalterung-ecoflow-solar-tracker\/#breadcrumb"},"inLanguage":"de","potentialAction":[{"@type":"ReadAction","target":["https:\/\/shop.bantam.ch\/de\/produkt\/mobile-modulhalterung-ecoflow-solar-tracker\/"]}]},{"@type":"ImageObject","inLanguage":"de","@id":"https:\/\/shop.bantam.ch\/de\/produkt\/mobile-modulhalterung-ecoflow-solar-tracker\/#primaryimage","url":"https:\/\/shop.bantam.ch\/wp-content\/uploads\/2024\/09\/Movera-L-9970994100.jpg","contentUrl":"https:\/\/shop.bantam.ch\/wp-content\/uploads\/2024\/09\/Movera-L-9970994100.jpg","width":640,"height":640},{"@type":"BreadcrumbList","@id":"https:\/\/shop.bantam.ch\/de\/produkt\/mobile-modulhalterung-ecoflow-solar-tracker\/#breadcrumb","itemListElement":[{"@type":"ListItem","position":1,"name":"Accueil","item":"https:\/\/shop.bantam.ch\/de\/"},{"@type":"ListItem","position":2,"name":"Shop","item":"https:\/\/shop.bantam.ch\/de\/shop\/"},{"@type":"ListItem","position":3,"name":"Mobile Modulhalterung ECOFLOW Solar Tracker"}]},{"@type":"WebSite","@id":"https:\/\/shop.bantam.ch\/de\/#website","url":"https:\/\/shop.bantam.ch\/de\/","name":"Bantam Camping AG","description":"","publisher":{"@id":"https:\/\/shop.bantam.ch\/de\/#organization"},"inLanguage":"de"},{"@type":"Organization","@id":"https:\/\/shop.bantam.ch\/de\/#organization","name":"Bantam Camping AG","url":"https:\/\/shop.bantam.ch\/de\/","logo":{"@type":"ImageObject","inLanguage":"de","@id":"https:\/\/shop.bantam.ch\/de\/#\/schema\/logo\/image\/","url":"https:\/\/shop.bantam.ch\/wp-content\/uploads\/2022\/12\/bantam-logo.png","contentUrl":"https:\/\/shop.bantam.ch\/wp-content\/uploads\/2022\/12\/bantam-logo.png","width":320,"height":71,"caption":"Bantam Camping AG"},"image":{"@id":"https:\/\/shop.bantam.ch\/de\/#\/schema\/logo\/image\/"}}]}},"_links":{"self":[{"href":"https:\/\/shop.bantam.ch\/de\/wp-json\/wp\/v2\/product\/199543","targetHints":{"allow":["GET"]}}],"collection":[{"href":"https:\/\/shop.bantam.ch\/de\/wp-json\/wp\/v2\/product"}],"about":[{"href":"https:\/\/shop.bantam.ch\/de\/wp-json\/wp\/v2\/types\/product"}],"wp:featuredmedia":[{"embeddable":true,"href":"https:\/\/shop.bantam.ch\/de\/wp-json\/wp\/v2\/media\/207431"}],"wp:attachment":[{"href":"https:\/\/shop.bantam.ch\/de\/wp-json\/wp\/v2\/media?parent=199543"}],"wp:term":[{"taxonomy":"product_featured_cat","embeddable":true,"href":"https:\/\/shop.bantam.ch\/de\/wp-json\/wp\/v2\/product_featured_cat?post=199543"},{"taxonomy":"product_brand","embeddable":true,"href":"https:\/\/shop.bantam.ch\/de\/wp-json\/wp\/v2\/product_brand?post=199543"},{"taxonomy":"product_cat","embeddable":true,"href":"https:\/\/shop.bantam.ch\/de\/wp-json\/wp\/v2\/product_cat?post=199543"},{"taxonomy":"product_tag","embeddable":true,"href":"https:\/\/shop.bantam.ch\/de\/wp-json\/wp\/v2\/product_tag?post=199543"}],"curies":[{"name":"wp","href":"https:\/\/api.w.org\/{rel}","templated":true}]}}