{"id":199511,"date":"2024-05-15T17:13:25","date_gmt":"2024-05-15T15:13:25","guid":{"rendered":"https:\/\/shop.bantam.ch\/produit\/power-station-ecoflow-river-2-max-tragbar\/"},"modified":"2026-04-17T23:12:03","modified_gmt":"2026-04-17T21:12:03","slug":"power-station-ecoflow-river-2-max-tragbar","status":"publish","type":"product","link":"https:\/\/shop.bantam.ch\/de\/produkt\/power-station-ecoflow-river-2-max-tragbar\/","title":{"rendered":"Power Station ECOFLOW River 2 Max tragbar"},"content":{"rendered":"<p><strong>Aufladen von 0-100 % in nur 60 Minuten:<\/strong> Dank der ultraschnellen 60 Minuten-Ladezeit sind Sie immer bereit f\u00fcr den n\u00e4chsten Ausflug. Aufladen von 0 auf 100% an einer Steckdose in nur 1 Stunde. Das ist 5 Mal schneller als der Branchenstandard und 38 % schneller als die vorherige Generation. Laden Sie RIVER 2 Max vollst\u00e4ndig auf, w\u00e4hrend Einpackung Ihrer Koffer &#8211; daher sind Sie immer bereit f\u00fcr ein Last-Minute-Reise.<\/p>\n<p><strong>Sicher und zuverl\u00e4ssig f\u00fcr 10 Jahre Nutzung:<\/strong> Mit mehr als 3000+ Batteriezyklen bei 100%iger Ladung k\u00f6nnen Sie den RIVER 2 Max ungef\u00e4hr zehn Jahre lang fast jeden Tag benutzen. Die LFP-Batteriechemie bietet nicht nur eine lange Lebensdauer. Sie ist auch zuverl\u00e4ssiger, effizienter und sicherer, selbst bei hohen Temperaturen. Dank der LFP-Zellen ist die RIVER 2-Serie sicher, langlebig und hocheffizient, selbst bei h\u00f6heren Temperaturen.<\/p>\n<p><strong>Aufladen ohne Grenzen:<\/strong> Mit vier vielseitigen Ladeoptionen k\u00f6nnen Sie den RIVER 2 Max an jedem Ort aufladen k\u00f6nnen. Laden Sie ihn an einer Steckdose f\u00fcr eine ultraschnelle 1-st\u00fcndige Ladezeit, laden Sie ihn unterwegs im Auto auf, und laden Sie ihn netzunabh\u00e4ngig oder umweltfreundlich mit schneller Solarladung. RIVER 2 Max hat eine v\u00f6llig neue Ladeoption: USB-C. Schlie\u00dfen Sie es an und laden Sie es an jedem Ort auf, wo es eine Steckdose gibt.<\/p>\n<p><strong>Versorgen Sie bis zu 80% Ihrer wichtigsten Ger\u00e4te. X-Boost bis zu 1000 W:<\/strong> Mit einer Ausgangsleistung von 500 W deckt der RIVER 2 Max die meisten Ihrer wichtigsten Ger\u00e4te ab. Aber warum nicht mit dem X-Boost-Modus die Leistung auf ein neues Niveau heben? Schalten Sie ihn ein, um Ger\u00e4te mit einer Leistung von bis zu 1000 W zu betreiben, darunter einen einen Staubsauger oder Sandwich-Toaster.<\/p>\n<p><strong>Grab-and-go-power:<\/strong> Der RIVER 2 Max wiegt nur 6 kg und ist so konzipiert, dass er leicht zu transportieren ist, so dass man an jedem Ort und jederzeit Strom erhalten kann. Mit ihrem Gewicht, das 22 % geringer ist als bei der vorherigen Generation, ist die RIVER 2 ideal f\u00fcr Outdoor-Abenteuer &#8211; vom Campen in der freien Wildbahn bis hin zum Grillen am Strand.<\/p>\n<p><strong>Unverzichtbares Home-Backup mit einem 30ms-Umschaltmodus:<\/strong> Bereiten Sie Ihre Ger\u00e4te auf unerwartete Ausf\u00e4lle vor. Mit einer schnellen Umschaltgeschwindigkeit von 30 ms sorgt RIVER 2 Max daf\u00fcr, dass Ihre Ger\u00e4te, die unbedingt mit Strom versorgt werden m\u00fcssen, weiterlaufen. Mit einer Umschaltgeschwindigkeit von weniger als 30 ms merken Sie gar nicht mehr, dass es einen Stromausfall gab. Nutzen Sie die RIVER 2-Serie als Notstromversorgung bei n\u00e4chtlichen Stromausf\u00e4llen, damit wichtige Ger\u00e4te wie CPAP-Beatmungsger\u00e4te oder Aquarien weiter versorgt sind.<\/p>\n<p><strong>Energie unter dem Knopfdruck:<\/strong> Verwenden Sie die EcoFlow-App, um den RIVER 2 Max bequem mit Ihrem Handy zu steuern und zu \u00fcberwachen. Verbinden Sie sich \u00fcber WLAN oder Bluetooth, um das Ger\u00e4t in der N\u00e4he oder aus der Ferne zu nutzen. Sehen Sie sich die Ladest\u00e4nde an, passen Sie die Einstellungen an und \u00e4ndern Sie die Ladegeschwindigkeit &#8211; ganz bequem \u00fcber Ihr Telefon.<\/p>\n<p><strong>Intelligentes Batterieschutzsystem: <\/strong>Unser hochmodernes Batteriemanagementsystem (BMS) \u00fcberwacht st\u00e4ndig Spannung, Strom und Temperatur der RIVER 2-Serie unter verschiedenen Schutzaspekten und maximiert so ihre Lebensdauer.<\/p>\n<p>&nbsp;<\/p>\n<p>Lieferumfang:<br \/>\nInklusive RIVER 2 Max<br \/>\nAC-Ladekabel<br \/>\nAuto-Ladekabel<br \/>\nDC5521-Anschlusskabel<br \/>\nKurzanleitung<\/p>\n<p>&nbsp;<\/p>\n","protected":false},"excerpt":{"rendered":"<p>Aufladen von 0-100 % in nur 60 Minuten: Dank der ultraschnellen 60 Minuten-Ladezeit sind Sie immer bereit f\u00fcr den n\u00e4chsten Ausflug. Aufladen von 0 auf 100% an einer Steckdose in nur 1 Stunde. Das ist 5 Mal schneller als der Branchenstandard und 38 % schneller als die vorherige Generation. Laden Sie RIVER 2 Max vollst\u00e4ndig [&hellip;]<\/p>\n","protected":false},"featured_media":207423,"template":"","meta":{"_acf_changed":false},"product_featured_cat":[],"product_brand":[3629],"product_cat":[5130],"product_tag":[],"class_list":{"0":"post-199511","1":"product","2":"type-product","3":"status-publish","4":"has-post-thumbnail","6":"product_brand-ecoflow-de","7":"product_cat-powerstationen","9":"first","10":"instock","11":"taxable","12":"shipping-taxable","13":"purchasable","14":"product-type-simple"},"acf":[],"yoast_head":"<!-- This site is optimized with the Yoast SEO plugin v27.4 - https:\/\/yoast.com\/product\/yoast-seo-wordpress\/ -->\n<title>Power Station ECOFLOW River 2 Max tragbar - Bantam Camping AG<\/title>\n<meta name=\"robots\" content=\"index, follow, max-snippet:-1, max-image-preview:large, max-video-preview:-1\" \/>\n<link rel=\"canonical\" href=\"https:\/\/shop.bantam.ch\/de\/produkt\/power-station-ecoflow-river-2-max-tragbar\/\" \/>\n<meta property=\"og:locale\" content=\"de_DE\" \/>\n<meta property=\"og:type\" content=\"article\" \/>\n<meta property=\"og:title\" content=\"Power Station ECOFLOW River 2 Max tragbar - Bantam Camping AG\" \/>\n<meta property=\"og:description\" content=\"Aufladen von 0-100 % in nur 60 Minuten: Dank der ultraschnellen 60 Minuten-Ladezeit sind Sie immer bereit f\u00fcr den n\u00e4chsten Ausflug. Aufladen von 0 auf 100% an einer Steckdose in nur 1 Stunde. Das ist 5 Mal schneller als der Branchenstandard und 38 % schneller als die vorherige Generation. Laden Sie RIVER 2 Max vollst\u00e4ndig [&hellip;]\" \/>\n<meta property=\"og:url\" content=\"https:\/\/shop.bantam.ch\/de\/produkt\/power-station-ecoflow-river-2-max-tragbar\/\" \/>\n<meta property=\"og:site_name\" content=\"Bantam Camping AG\" \/>\n<meta property=\"article:modified_time\" content=\"2026-04-17T21:12:03+00:00\" \/>\n<meta property=\"og:image\" content=\"https:\/\/shop.bantam.ch\/wp-content\/uploads\/2024\/05\/Movera-L-9970988100.jpg\" \/>\n\t<meta property=\"og:image:width\" content=\"600\" \/>\n\t<meta property=\"og:image:height\" content=\"600\" \/>\n\t<meta property=\"og:image:type\" content=\"image\/jpeg\" \/>\n<meta name=\"twitter:card\" content=\"summary_large_image\" \/>\n<meta name=\"twitter:label1\" content=\"Gesch\u00e4tzte Lesezeit\" \/>\n\t<meta name=\"twitter:data1\" content=\"3\u00a0Minuten\" \/>\n<script type=\"application\/ld+json\" class=\"yoast-schema-graph\">{\"@context\":\"https:\\\/\\\/schema.org\",\"@graph\":[{\"@type\":\"WebPage\",\"@id\":\"https:\\\/\\\/shop.bantam.ch\\\/de\\\/produkt\\\/power-station-ecoflow-river-2-max-tragbar\\\/\",\"url\":\"https:\\\/\\\/shop.bantam.ch\\\/de\\\/produkt\\\/power-station-ecoflow-river-2-max-tragbar\\\/\",\"name\":\"Power Station ECOFLOW River 2 Max tragbar - Bantam Camping AG\",\"isPartOf\":{\"@id\":\"https:\\\/\\\/shop.bantam.ch\\\/de\\\/#website\"},\"primaryImageOfPage\":{\"@id\":\"https:\\\/\\\/shop.bantam.ch\\\/de\\\/produkt\\\/power-station-ecoflow-river-2-max-tragbar\\\/#primaryimage\"},\"image\":{\"@id\":\"https:\\\/\\\/shop.bantam.ch\\\/de\\\/produkt\\\/power-station-ecoflow-river-2-max-tragbar\\\/#primaryimage\"},\"thumbnailUrl\":\"https:\\\/\\\/shop.bantam.ch\\\/wp-content\\\/uploads\\\/2024\\\/09\\\/Movera-L-9970988100.jpg\",\"datePublished\":\"2024-05-15T15:13:25+00:00\",\"dateModified\":\"2026-04-17T21:12:03+00:00\",\"breadcrumb\":{\"@id\":\"https:\\\/\\\/shop.bantam.ch\\\/de\\\/produkt\\\/power-station-ecoflow-river-2-max-tragbar\\\/#breadcrumb\"},\"inLanguage\":\"de\",\"potentialAction\":[{\"@type\":\"ReadAction\",\"target\":[\"https:\\\/\\\/shop.bantam.ch\\\/de\\\/produkt\\\/power-station-ecoflow-river-2-max-tragbar\\\/\"]}]},{\"@type\":\"ImageObject\",\"inLanguage\":\"de\",\"@id\":\"https:\\\/\\\/shop.bantam.ch\\\/de\\\/produkt\\\/power-station-ecoflow-river-2-max-tragbar\\\/#primaryimage\",\"url\":\"https:\\\/\\\/shop.bantam.ch\\\/wp-content\\\/uploads\\\/2024\\\/09\\\/Movera-L-9970988100.jpg\",\"contentUrl\":\"https:\\\/\\\/shop.bantam.ch\\\/wp-content\\\/uploads\\\/2024\\\/09\\\/Movera-L-9970988100.jpg\",\"width\":600,\"height\":600},{\"@type\":\"BreadcrumbList\",\"@id\":\"https:\\\/\\\/shop.bantam.ch\\\/de\\\/produkt\\\/power-station-ecoflow-river-2-max-tragbar\\\/#breadcrumb\",\"itemListElement\":[{\"@type\":\"ListItem\",\"position\":1,\"name\":\"Accueil\",\"item\":\"https:\\\/\\\/shop.bantam.ch\\\/de\\\/\"},{\"@type\":\"ListItem\",\"position\":2,\"name\":\"Shop\",\"item\":\"https:\\\/\\\/shop.bantam.ch\\\/de\\\/shop\\\/\"},{\"@type\":\"ListItem\",\"position\":3,\"name\":\"Power Station ECOFLOW River 2 Max tragbar\"}]},{\"@type\":\"WebSite\",\"@id\":\"https:\\\/\\\/shop.bantam.ch\\\/de\\\/#website\",\"url\":\"https:\\\/\\\/shop.bantam.ch\\\/de\\\/\",\"name\":\"Bantam Camping AG\",\"description\":\"\",\"publisher\":{\"@id\":\"https:\\\/\\\/shop.bantam.ch\\\/de\\\/#organization\"},\"inLanguage\":\"de\"},{\"@type\":\"Organization\",\"@id\":\"https:\\\/\\\/shop.bantam.ch\\\/de\\\/#organization\",\"name\":\"Bantam Camping AG\",\"url\":\"https:\\\/\\\/shop.bantam.ch\\\/de\\\/\",\"logo\":{\"@type\":\"ImageObject\",\"inLanguage\":\"de\",\"@id\":\"https:\\\/\\\/shop.bantam.ch\\\/de\\\/#\\\/schema\\\/logo\\\/image\\\/\",\"url\":\"https:\\\/\\\/shop.bantam.ch\\\/wp-content\\\/uploads\\\/2022\\\/12\\\/bantam-logo.png\",\"contentUrl\":\"https:\\\/\\\/shop.bantam.ch\\\/wp-content\\\/uploads\\\/2022\\\/12\\\/bantam-logo.png\",\"width\":320,\"height\":71,\"caption\":\"Bantam Camping AG\"},\"image\":{\"@id\":\"https:\\\/\\\/shop.bantam.ch\\\/de\\\/#\\\/schema\\\/logo\\\/image\\\/\"}}]}<\/script>\n<!-- \/ Yoast SEO plugin. -->","yoast_head_json":{"title":"Power Station ECOFLOW River 2 Max tragbar - Bantam Camping AG","robots":{"index":"index","follow":"follow","max-snippet":"max-snippet:-1","max-image-preview":"max-image-preview:large","max-video-preview":"max-video-preview:-1"},"canonical":"https:\/\/shop.bantam.ch\/de\/produkt\/power-station-ecoflow-river-2-max-tragbar\/","og_locale":"de_DE","og_type":"article","og_title":"Power Station ECOFLOW River 2 Max tragbar - Bantam Camping AG","og_description":"Aufladen von 0-100 % in nur 60 Minuten: Dank der ultraschnellen 60 Minuten-Ladezeit sind Sie immer bereit f\u00fcr den n\u00e4chsten Ausflug. Aufladen von 0 auf 100% an einer Steckdose in nur 1 Stunde. Das ist 5 Mal schneller als der Branchenstandard und 38 % schneller als die vorherige Generation. Laden Sie RIVER 2 Max vollst\u00e4ndig [&hellip;]","og_url":"https:\/\/shop.bantam.ch\/de\/produkt\/power-station-ecoflow-river-2-max-tragbar\/","og_site_name":"Bantam Camping AG","article_modified_time":"2026-04-17T21:12:03+00:00","og_image":[{"width":600,"height":600,"url":"https:\/\/shop.bantam.ch\/wp-content\/uploads\/2024\/05\/Movera-L-9970988100.jpg","type":"image\/jpeg"}],"twitter_card":"summary_large_image","twitter_misc":{"Gesch\u00e4tzte Lesezeit":"3\u00a0Minuten"},"schema":{"@context":"https:\/\/schema.org","@graph":[{"@type":"WebPage","@id":"https:\/\/shop.bantam.ch\/de\/produkt\/power-station-ecoflow-river-2-max-tragbar\/","url":"https:\/\/shop.bantam.ch\/de\/produkt\/power-station-ecoflow-river-2-max-tragbar\/","name":"Power Station ECOFLOW River 2 Max tragbar - Bantam Camping AG","isPartOf":{"@id":"https:\/\/shop.bantam.ch\/de\/#website"},"primaryImageOfPage":{"@id":"https:\/\/shop.bantam.ch\/de\/produkt\/power-station-ecoflow-river-2-max-tragbar\/#primaryimage"},"image":{"@id":"https:\/\/shop.bantam.ch\/de\/produkt\/power-station-ecoflow-river-2-max-tragbar\/#primaryimage"},"thumbnailUrl":"https:\/\/shop.bantam.ch\/wp-content\/uploads\/2024\/09\/Movera-L-9970988100.jpg","datePublished":"2024-05-15T15:13:25+00:00","dateModified":"2026-04-17T21:12:03+00:00","breadcrumb":{"@id":"https:\/\/shop.bantam.ch\/de\/produkt\/power-station-ecoflow-river-2-max-tragbar\/#breadcrumb"},"inLanguage":"de","potentialAction":[{"@type":"ReadAction","target":["https:\/\/shop.bantam.ch\/de\/produkt\/power-station-ecoflow-river-2-max-tragbar\/"]}]},{"@type":"ImageObject","inLanguage":"de","@id":"https:\/\/shop.bantam.ch\/de\/produkt\/power-station-ecoflow-river-2-max-tragbar\/#primaryimage","url":"https:\/\/shop.bantam.ch\/wp-content\/uploads\/2024\/09\/Movera-L-9970988100.jpg","contentUrl":"https:\/\/shop.bantam.ch\/wp-content\/uploads\/2024\/09\/Movera-L-9970988100.jpg","width":600,"height":600},{"@type":"BreadcrumbList","@id":"https:\/\/shop.bantam.ch\/de\/produkt\/power-station-ecoflow-river-2-max-tragbar\/#breadcrumb","itemListElement":[{"@type":"ListItem","position":1,"name":"Accueil","item":"https:\/\/shop.bantam.ch\/de\/"},{"@type":"ListItem","position":2,"name":"Shop","item":"https:\/\/shop.bantam.ch\/de\/shop\/"},{"@type":"ListItem","position":3,"name":"Power Station ECOFLOW River 2 Max tragbar"}]},{"@type":"WebSite","@id":"https:\/\/shop.bantam.ch\/de\/#website","url":"https:\/\/shop.bantam.ch\/de\/","name":"Bantam Camping AG","description":"","publisher":{"@id":"https:\/\/shop.bantam.ch\/de\/#organization"},"inLanguage":"de"},{"@type":"Organization","@id":"https:\/\/shop.bantam.ch\/de\/#organization","name":"Bantam Camping AG","url":"https:\/\/shop.bantam.ch\/de\/","logo":{"@type":"ImageObject","inLanguage":"de","@id":"https:\/\/shop.bantam.ch\/de\/#\/schema\/logo\/image\/","url":"https:\/\/shop.bantam.ch\/wp-content\/uploads\/2022\/12\/bantam-logo.png","contentUrl":"https:\/\/shop.bantam.ch\/wp-content\/uploads\/2022\/12\/bantam-logo.png","width":320,"height":71,"caption":"Bantam Camping AG"},"image":{"@id":"https:\/\/shop.bantam.ch\/de\/#\/schema\/logo\/image\/"}}]}},"_links":{"self":[{"href":"https:\/\/shop.bantam.ch\/de\/wp-json\/wp\/v2\/product\/199511","targetHints":{"allow":["GET"]}}],"collection":[{"href":"https:\/\/shop.bantam.ch\/de\/wp-json\/wp\/v2\/product"}],"about":[{"href":"https:\/\/shop.bantam.ch\/de\/wp-json\/wp\/v2\/types\/product"}],"wp:featuredmedia":[{"embeddable":true,"href":"https:\/\/shop.bantam.ch\/de\/wp-json\/wp\/v2\/media\/207423"}],"wp:attachment":[{"href":"https:\/\/shop.bantam.ch\/de\/wp-json\/wp\/v2\/media?parent=199511"}],"wp:term":[{"taxonomy":"product_featured_cat","embeddable":true,"href":"https:\/\/shop.bantam.ch\/de\/wp-json\/wp\/v2\/product_featured_cat?post=199511"},{"taxonomy":"product_brand","embeddable":true,"href":"https:\/\/shop.bantam.ch\/de\/wp-json\/wp\/v2\/product_brand?post=199511"},{"taxonomy":"product_cat","embeddable":true,"href":"https:\/\/shop.bantam.ch\/de\/wp-json\/wp\/v2\/product_cat?post=199511"},{"taxonomy":"product_tag","embeddable":true,"href":"https:\/\/shop.bantam.ch\/de\/wp-json\/wp\/v2\/product_tag?post=199511"}],"curies":[{"name":"wp","href":"https:\/\/api.w.org\/{rel}","templated":true}]}}