{"id":199499,"date":"2024-05-15T17:13:18","date_gmt":"2024-05-15T15:13:18","guid":{"rendered":"https:\/\/shop.bantam.ch\/produit\/power-station-ecoflow-river-2-pro-tragbar\/"},"modified":"2026-05-01T23:08:40","modified_gmt":"2026-05-01T21:08:40","slug":"power-station-ecoflow-river-2-pro-tragbar","status":"publish","type":"product","link":"https:\/\/shop.bantam.ch\/de\/produkt\/power-station-ecoflow-river-2-pro-tragbar\/","title":{"rendered":"Power Station ECOFLOW River 2 Pro tragbar"},"content":{"rendered":"<p><strong>Aufladen von 0-100 % in nur 70 Minuten:<\/strong> Dank der ultraschnellen 70 Minuten-Ladezeit sind Sie immer bereit f\u00fcr den n\u00e4chsten Ausflug: Aufladen von 0 auf 100% an einer Steckdose in nur 70 Minuten. Das ist 5 Mal schneller als der Branchenstandard und 27 % schneller als die vorherige Generation.<\/p>\n<p><strong>Sicher und zuverl\u00e4ssig f\u00fcr 10 Jahre Nutzung:<\/strong> Mit mehr als 3000+ Batteriezyklen bei 100%iger Ladung k\u00f6nnen Sie den RIVER 2 Pro ungef\u00e4hr zehn Jahre lang fast jeden Tag benutzen. Die LFPBatteriechemie bietet nicht nur eine lange Lebensdauer. Sie ist auch zuverl\u00e4ssiger, effizienter und sicherer, selbst bei hohen Temperaturen. RIVER 2 Pro hat eine der l\u00e4ngsten Garantien in der Branche, so dass wir Sie f\u00fcr die n\u00e4chsten 5 Jahre gesch\u00fctzt haben.<\/p>\n<p><strong>Aufladen ohne Grenzen: <\/strong>Mit vier vielseitigen Ladeoptionen k\u00f6nnen Sie den RIVER 2 Pro an jedem Ort aufladen k\u00f6nnen.Laden Sie an einer Steckdose, unterwegs im Auto, oder netzunabh\u00e4ngig und umweltfreundlich mit schneller Solarladung. RIVER 2 Pro hat eine v\u00f6llig neue Ladeoption: USB-C. Schlie\u00dfen Sie es an und laden Sie es an jedem Ort auf, wo es eine Steckdose gibt.<\/p>\n<p><strong>Versorgen Sie bis zu 80 % der Ger\u00e4te mit hohem Stromverbrauch:<\/strong> Mit einer Ausgangsleistung von 800 W deckt der RIVER 2 Pro die meisten Ihrer wichtigsten Ger\u00e4te ab. \u00dcber den X-Boost-Modus l\u00e4sst sich die Leistung auf bis zu 1600 W anheben.<\/p>\n<p><strong>Grab-and-go-power: <\/strong>Der RIVER 2 Pro wiegt nur 7,8 kg und ist so konzipiert, dass er leicht zu transportieren ist, so dass man an jedem Ort und jederzeit Strom erhalten kann.<\/p>\n<p><strong>Unverzichtbares Home-Backup mit einem 30ms-Umschaltmodus:<\/strong> Bereiten Sie Ihre Ger\u00e4te auf unerwartete Ausf\u00e4lle vor. Mit einer schnellen Umschaltgeschwindigkeit von 30 ms sorgt RIVER 2 Pro daf\u00fcr, dass Ihre Ger\u00e4te, die unbedingt mit Strom versorgt werden m\u00fcssen, weiterlaufen.<\/p>\n<p><strong>Energie unter dem Knopfdruck:<\/strong> Verwenden Sie die EcoFlow-App, um den RIVER 2 Pro bequem mit Ihrem Handy zu steuern und zu \u00fcberwachen. Verbinden Sie sich \u00fcber WLAN oder Bluetooth, um das Ger\u00e4t in der N\u00e4he oder aus der Ferne zu nutzen.<\/p>\n<p>&nbsp;<\/p>\n<p>Lieferumfang:<br \/>\nInklusive RIVER 2 Pro<br \/>\nAC-Ladekabel<br \/>\nAuto-Ladekabel<br \/>\nDC5521-Anschlusskabel<br \/>\nKurzanleitung<\/p>\n","protected":false},"excerpt":{"rendered":"<p>Aufladen von 0-100 % in nur 70 Minuten: Dank der ultraschnellen 70 Minuten-Ladezeit sind Sie immer bereit f\u00fcr den n\u00e4chsten Ausflug: Aufladen von 0 auf 100% an einer Steckdose in nur 70 Minuten. Das ist 5 Mal schneller als der Branchenstandard und 27 % schneller als die vorherige Generation. Sicher und zuverl\u00e4ssig f\u00fcr 10 Jahre [&hellip;]<\/p>\n","protected":false},"featured_media":207421,"template":"","meta":{"_acf_changed":false},"product_featured_cat":[],"product_brand":[3629],"product_cat":[5130],"product_tag":[],"class_list":{"0":"post-199499","1":"product","2":"type-product","3":"status-publish","4":"has-post-thumbnail","6":"product_brand-ecoflow-de","7":"product_cat-powerstationen","9":"first","10":"instock","11":"taxable","12":"shipping-taxable","13":"purchasable","14":"product-type-simple"},"acf":[],"yoast_head":"<!-- This site is optimized with the Yoast SEO plugin v27.5 - https:\/\/yoast.com\/product\/yoast-seo-wordpress\/ -->\n<title>Power Station ECOFLOW River 2 Pro tragbar - Bantam<\/title>\n<meta name=\"robots\" content=\"index, follow, max-snippet:-1, max-image-preview:large, max-video-preview:-1\" \/>\n<link rel=\"canonical\" href=\"https:\/\/shop.bantam.ch\/de\/produkt\/power-station-ecoflow-river-2-pro-tragbar\/\" \/>\n<meta property=\"og:locale\" content=\"de_DE\" \/>\n<meta property=\"og:type\" content=\"article\" \/>\n<meta property=\"og:title\" content=\"Power Station ECOFLOW River 2 Pro tragbar - Bantam\" \/>\n<meta property=\"og:description\" content=\"Aufladen von 0-100 % in nur 70 Minuten: Dank der ultraschnellen 70 Minuten-Ladezeit sind Sie immer bereit f\u00fcr den n\u00e4chsten Ausflug: Aufladen von 0 auf 100% an einer Steckdose in nur 70 Minuten. Das ist 5 Mal schneller als der Branchenstandard und 27 % schneller als die vorherige Generation. Sicher und zuverl\u00e4ssig f\u00fcr 10 Jahre [&hellip;]\" \/>\n<meta property=\"og:url\" content=\"https:\/\/shop.bantam.ch\/de\/produkt\/power-station-ecoflow-river-2-pro-tragbar\/\" \/>\n<meta property=\"og:site_name\" content=\"Bantam\" \/>\n<meta property=\"article:modified_time\" content=\"2026-05-01T21:08:40+00:00\" \/>\n<meta property=\"og:image\" content=\"https:\/\/shop.bantam.ch\/wp-content\/uploads\/2024\/05\/Movera-L-9970987100.jpg\" \/>\n\t<meta property=\"og:image:width\" content=\"600\" \/>\n\t<meta property=\"og:image:height\" content=\"600\" \/>\n\t<meta property=\"og:image:type\" content=\"image\/jpeg\" \/>\n<meta name=\"twitter:card\" content=\"summary_large_image\" \/>\n<meta name=\"twitter:label1\" content=\"Gesch\u00e4tzte Lesezeit\" \/>\n\t<meta name=\"twitter:data1\" content=\"2\u00a0Minuten\" \/>\n<script type=\"application\/ld+json\" class=\"yoast-schema-graph\">{\"@context\":\"https:\\\/\\\/schema.org\",\"@graph\":[{\"@type\":\"WebPage\",\"@id\":\"https:\\\/\\\/shop.bantam.ch\\\/de\\\/produkt\\\/power-station-ecoflow-river-2-pro-tragbar\\\/\",\"url\":\"https:\\\/\\\/shop.bantam.ch\\\/de\\\/produkt\\\/power-station-ecoflow-river-2-pro-tragbar\\\/\",\"name\":\"Power Station ECOFLOW River 2 Pro tragbar - Bantam\",\"isPartOf\":{\"@id\":\"https:\\\/\\\/shop.bantam.ch\\\/de\\\/#website\"},\"primaryImageOfPage\":{\"@id\":\"https:\\\/\\\/shop.bantam.ch\\\/de\\\/produkt\\\/power-station-ecoflow-river-2-pro-tragbar\\\/#primaryimage\"},\"image\":{\"@id\":\"https:\\\/\\\/shop.bantam.ch\\\/de\\\/produkt\\\/power-station-ecoflow-river-2-pro-tragbar\\\/#primaryimage\"},\"thumbnailUrl\":\"https:\\\/\\\/shop.bantam.ch\\\/wp-content\\\/uploads\\\/2024\\\/09\\\/Movera-L-9970987100.jpg\",\"datePublished\":\"2024-05-15T15:13:18+00:00\",\"dateModified\":\"2026-05-01T21:08:40+00:00\",\"breadcrumb\":{\"@id\":\"https:\\\/\\\/shop.bantam.ch\\\/de\\\/produkt\\\/power-station-ecoflow-river-2-pro-tragbar\\\/#breadcrumb\"},\"inLanguage\":\"de\",\"potentialAction\":[{\"@type\":\"ReadAction\",\"target\":[\"https:\\\/\\\/shop.bantam.ch\\\/de\\\/produkt\\\/power-station-ecoflow-river-2-pro-tragbar\\\/\"]}]},{\"@type\":\"ImageObject\",\"inLanguage\":\"de\",\"@id\":\"https:\\\/\\\/shop.bantam.ch\\\/de\\\/produkt\\\/power-station-ecoflow-river-2-pro-tragbar\\\/#primaryimage\",\"url\":\"https:\\\/\\\/shop.bantam.ch\\\/wp-content\\\/uploads\\\/2024\\\/09\\\/Movera-L-9970987100.jpg\",\"contentUrl\":\"https:\\\/\\\/shop.bantam.ch\\\/wp-content\\\/uploads\\\/2024\\\/09\\\/Movera-L-9970987100.jpg\",\"width\":600,\"height\":600},{\"@type\":\"BreadcrumbList\",\"@id\":\"https:\\\/\\\/shop.bantam.ch\\\/de\\\/produkt\\\/power-station-ecoflow-river-2-pro-tragbar\\\/#breadcrumb\",\"itemListElement\":[{\"@type\":\"ListItem\",\"position\":1,\"name\":\"Accueil\",\"item\":\"https:\\\/\\\/shop.bantam.ch\\\/de\\\/\"},{\"@type\":\"ListItem\",\"position\":2,\"name\":\"Shop\",\"item\":\"https:\\\/\\\/shop.bantam.ch\\\/de\\\/shop\\\/\"},{\"@type\":\"ListItem\",\"position\":3,\"name\":\"Power Station ECOFLOW River 2 Pro tragbar\"}]},{\"@type\":\"WebSite\",\"@id\":\"https:\\\/\\\/shop.bantam.ch\\\/de\\\/#website\",\"url\":\"https:\\\/\\\/shop.bantam.ch\\\/de\\\/\",\"name\":\"Bantam\",\"description\":\"\",\"publisher\":{\"@id\":\"https:\\\/\\\/shop.bantam.ch\\\/de\\\/#organization\"},\"inLanguage\":\"de\"},{\"@type\":\"Organization\",\"@id\":\"https:\\\/\\\/shop.bantam.ch\\\/de\\\/#organization\",\"name\":\"Bantam\",\"url\":\"https:\\\/\\\/shop.bantam.ch\\\/de\\\/\",\"logo\":{\"@type\":\"ImageObject\",\"inLanguage\":\"de\",\"@id\":\"https:\\\/\\\/shop.bantam.ch\\\/de\\\/#\\\/schema\\\/logo\\\/image\\\/\",\"url\":\"https:\\\/\\\/shop.bantam.ch\\\/wp-content\\\/uploads\\\/2022\\\/12\\\/bantam-logo.png\",\"contentUrl\":\"https:\\\/\\\/shop.bantam.ch\\\/wp-content\\\/uploads\\\/2022\\\/12\\\/bantam-logo.png\",\"width\":320,\"height\":71,\"caption\":\"Bantam\"},\"image\":{\"@id\":\"https:\\\/\\\/shop.bantam.ch\\\/de\\\/#\\\/schema\\\/logo\\\/image\\\/\"}}]}<\/script>\n<!-- \/ Yoast SEO plugin. -->","yoast_head_json":{"title":"Power Station ECOFLOW River 2 Pro tragbar - Bantam","robots":{"index":"index","follow":"follow","max-snippet":"max-snippet:-1","max-image-preview":"max-image-preview:large","max-video-preview":"max-video-preview:-1"},"canonical":"https:\/\/shop.bantam.ch\/de\/produkt\/power-station-ecoflow-river-2-pro-tragbar\/","og_locale":"de_DE","og_type":"article","og_title":"Power Station ECOFLOW River 2 Pro tragbar - Bantam","og_description":"Aufladen von 0-100 % in nur 70 Minuten: Dank der ultraschnellen 70 Minuten-Ladezeit sind Sie immer bereit f\u00fcr den n\u00e4chsten Ausflug: Aufladen von 0 auf 100% an einer Steckdose in nur 70 Minuten. Das ist 5 Mal schneller als der Branchenstandard und 27 % schneller als die vorherige Generation. Sicher und zuverl\u00e4ssig f\u00fcr 10 Jahre [&hellip;]","og_url":"https:\/\/shop.bantam.ch\/de\/produkt\/power-station-ecoflow-river-2-pro-tragbar\/","og_site_name":"Bantam","article_modified_time":"2026-05-01T21:08:40+00:00","og_image":[{"width":600,"height":600,"url":"https:\/\/shop.bantam.ch\/wp-content\/uploads\/2024\/05\/Movera-L-9970987100.jpg","type":"image\/jpeg"}],"twitter_card":"summary_large_image","twitter_misc":{"Gesch\u00e4tzte Lesezeit":"2\u00a0Minuten"},"schema":{"@context":"https:\/\/schema.org","@graph":[{"@type":"WebPage","@id":"https:\/\/shop.bantam.ch\/de\/produkt\/power-station-ecoflow-river-2-pro-tragbar\/","url":"https:\/\/shop.bantam.ch\/de\/produkt\/power-station-ecoflow-river-2-pro-tragbar\/","name":"Power Station ECOFLOW River 2 Pro tragbar - Bantam","isPartOf":{"@id":"https:\/\/shop.bantam.ch\/de\/#website"},"primaryImageOfPage":{"@id":"https:\/\/shop.bantam.ch\/de\/produkt\/power-station-ecoflow-river-2-pro-tragbar\/#primaryimage"},"image":{"@id":"https:\/\/shop.bantam.ch\/de\/produkt\/power-station-ecoflow-river-2-pro-tragbar\/#primaryimage"},"thumbnailUrl":"https:\/\/shop.bantam.ch\/wp-content\/uploads\/2024\/09\/Movera-L-9970987100.jpg","datePublished":"2024-05-15T15:13:18+00:00","dateModified":"2026-05-01T21:08:40+00:00","breadcrumb":{"@id":"https:\/\/shop.bantam.ch\/de\/produkt\/power-station-ecoflow-river-2-pro-tragbar\/#breadcrumb"},"inLanguage":"de","potentialAction":[{"@type":"ReadAction","target":["https:\/\/shop.bantam.ch\/de\/produkt\/power-station-ecoflow-river-2-pro-tragbar\/"]}]},{"@type":"ImageObject","inLanguage":"de","@id":"https:\/\/shop.bantam.ch\/de\/produkt\/power-station-ecoflow-river-2-pro-tragbar\/#primaryimage","url":"https:\/\/shop.bantam.ch\/wp-content\/uploads\/2024\/09\/Movera-L-9970987100.jpg","contentUrl":"https:\/\/shop.bantam.ch\/wp-content\/uploads\/2024\/09\/Movera-L-9970987100.jpg","width":600,"height":600},{"@type":"BreadcrumbList","@id":"https:\/\/shop.bantam.ch\/de\/produkt\/power-station-ecoflow-river-2-pro-tragbar\/#breadcrumb","itemListElement":[{"@type":"ListItem","position":1,"name":"Accueil","item":"https:\/\/shop.bantam.ch\/de\/"},{"@type":"ListItem","position":2,"name":"Shop","item":"https:\/\/shop.bantam.ch\/de\/shop\/"},{"@type":"ListItem","position":3,"name":"Power Station ECOFLOW River 2 Pro tragbar"}]},{"@type":"WebSite","@id":"https:\/\/shop.bantam.ch\/de\/#website","url":"https:\/\/shop.bantam.ch\/de\/","name":"Bantam","description":"","publisher":{"@id":"https:\/\/shop.bantam.ch\/de\/#organization"},"inLanguage":"de"},{"@type":"Organization","@id":"https:\/\/shop.bantam.ch\/de\/#organization","name":"Bantam","url":"https:\/\/shop.bantam.ch\/de\/","logo":{"@type":"ImageObject","inLanguage":"de","@id":"https:\/\/shop.bantam.ch\/de\/#\/schema\/logo\/image\/","url":"https:\/\/shop.bantam.ch\/wp-content\/uploads\/2022\/12\/bantam-logo.png","contentUrl":"https:\/\/shop.bantam.ch\/wp-content\/uploads\/2022\/12\/bantam-logo.png","width":320,"height":71,"caption":"Bantam"},"image":{"@id":"https:\/\/shop.bantam.ch\/de\/#\/schema\/logo\/image\/"}}]}},"_links":{"self":[{"href":"https:\/\/shop.bantam.ch\/de\/wp-json\/wp\/v2\/product\/199499","targetHints":{"allow":["GET"]}}],"collection":[{"href":"https:\/\/shop.bantam.ch\/de\/wp-json\/wp\/v2\/product"}],"about":[{"href":"https:\/\/shop.bantam.ch\/de\/wp-json\/wp\/v2\/types\/product"}],"wp:featuredmedia":[{"embeddable":true,"href":"https:\/\/shop.bantam.ch\/de\/wp-json\/wp\/v2\/media\/207421"}],"wp:attachment":[{"href":"https:\/\/shop.bantam.ch\/de\/wp-json\/wp\/v2\/media?parent=199499"}],"wp:term":[{"taxonomy":"product_featured_cat","embeddable":true,"href":"https:\/\/shop.bantam.ch\/de\/wp-json\/wp\/v2\/product_featured_cat?post=199499"},{"taxonomy":"product_brand","embeddable":true,"href":"https:\/\/shop.bantam.ch\/de\/wp-json\/wp\/v2\/product_brand?post=199499"},{"taxonomy":"product_cat","embeddable":true,"href":"https:\/\/shop.bantam.ch\/de\/wp-json\/wp\/v2\/product_cat?post=199499"},{"taxonomy":"product_tag","embeddable":true,"href":"https:\/\/shop.bantam.ch\/de\/wp-json\/wp\/v2\/product_tag?post=199499"}],"curies":[{"name":"wp","href":"https:\/\/api.w.org\/{rel}","templated":true}]}}