{"id":199323,"date":"2024-05-15T17:08:39","date_gmt":"2024-05-15T15:08:39","guid":{"rendered":"https:\/\/shop.bantam.ch\/produit\/backofen-omnia-camping-kit-1-5-teilig\/"},"modified":"2026-04-18T23:15:05","modified_gmt":"2026-04-18T21:15:05","slug":"backofen-omnia-camping-kit-1-5-teilig","status":"publish","type":"product","link":"https:\/\/shop.bantam.ch\/de\/produkt\/backofen-omnia-camping-kit-1-5-teilig\/","title":{"rendered":"Backofen OMNIA Camping KIT 1, 5-teilig"},"content":{"rendered":"<p>Der OMNIA Campingbackofen ist der clevere kleine Ofen, mit dem Sie unterwegs backen und Aufl\u00e4ufe machen k\u00f6nnen. Einfach auf eine Hitzequelle gestellt, offene Flamme und Herdplatte funktionieren gleich gut, entsteht im Inneren aufgrund seiner Konstruktion die n\u00f6tige Hitze, um leckere Ofengerichte auf den Tisch zu zaubern. Was ihn auszeichnet, das ist seine Vielseitigkeit und er hat sich bereits tausendfach bew\u00e4hrt. Die Silikonform als Einsatz ist perfekt f\u00fcr noch einfacheres Kochen und Backen. Sie gew\u00e4hrleistet ein optimales Herausl\u00f6sen der Speisen und ist leicht zu reinigen. Und das Aufbackgitter ist perfekte f\u00fcr Br\u00f6tchen, sowie zum D\u00e4mpfen von Gem\u00fcse und Fisch.<\/p>\n<p>Lieferumfang:<\/p>\n<ul>\n<li>Campingbackofen<\/li>\n<li>Silikonform<\/li>\n<li>Aufbackgitter<\/li>\n<li>2 Topflappen<\/li>\n<li>Aufbewahrungstasche<\/li>\n<\/ul>\n","protected":false},"excerpt":{"rendered":"<p>Der OMNIA Campingbackofen ist der clevere kleine Ofen, mit dem Sie unterwegs backen und Aufl\u00e4ufe machen k\u00f6nnen. Einfach auf eine Hitzequelle gestellt, offene Flamme und Herdplatte funktionieren gleich gut, entsteht im Inneren aufgrund seiner Konstruktion die n\u00f6tige Hitze, um leckere Ofengerichte auf den Tisch zu zaubern. Was ihn auszeichnet, das ist seine Vielseitigkeit und er [&hellip;]<\/p>\n","protected":false},"featured_media":207403,"template":"","meta":{"_acf_changed":false},"product_featured_cat":[],"product_brand":[3293],"product_cat":[4340,4266,4342],"product_tag":[],"class_list":{"0":"post-199323","1":"product","2":"type-product","3":"status-publish","4":"has-post-thumbnail","6":"product_brand-omnia-de","7":"product_cat-grillzubehoer","8":"product_cat-kochtoepfe-pfannen-sets","9":"product_cat-zubehoer-kocher","11":"first","12":"instock","13":"taxable","14":"shipping-taxable","15":"purchasable","16":"product-type-simple"},"acf":[],"yoast_head":"<!-- This site is optimized with the Yoast SEO plugin v27.4 - https:\/\/yoast.com\/product\/yoast-seo-wordpress\/ -->\n<title>Backofen OMNIA Camping KIT 1, 5-teilig - Bantam Camping AG<\/title>\n<meta name=\"robots\" content=\"index, follow, max-snippet:-1, max-image-preview:large, max-video-preview:-1\" \/>\n<link rel=\"canonical\" href=\"https:\/\/shop.bantam.ch\/de\/produkt\/backofen-omnia-camping-kit-1-5-teilig\/\" \/>\n<meta property=\"og:locale\" content=\"de_DE\" \/>\n<meta property=\"og:type\" content=\"article\" \/>\n<meta property=\"og:title\" content=\"Backofen OMNIA Camping KIT 1, 5-teilig - Bantam Camping AG\" \/>\n<meta property=\"og:description\" content=\"Der OMNIA Campingbackofen ist der clevere kleine Ofen, mit dem Sie unterwegs backen und Aufl\u00e4ufe machen k\u00f6nnen. Einfach auf eine Hitzequelle gestellt, offene Flamme und Herdplatte funktionieren gleich gut, entsteht im Inneren aufgrund seiner Konstruktion die n\u00f6tige Hitze, um leckere Ofengerichte auf den Tisch zu zaubern. Was ihn auszeichnet, das ist seine Vielseitigkeit und er [&hellip;]\" \/>\n<meta property=\"og:url\" content=\"https:\/\/shop.bantam.ch\/de\/produkt\/backofen-omnia-camping-kit-1-5-teilig\/\" \/>\n<meta property=\"og:site_name\" content=\"Bantam Camping AG\" \/>\n<meta property=\"article:modified_time\" content=\"2026-04-18T21:15:05+00:00\" \/>\n<meta property=\"og:image\" content=\"https:\/\/shop.bantam.ch\/wp-content\/uploads\/2024\/05\/Movera-L-9970146100.jpg\" \/>\n\t<meta property=\"og:image:width\" content=\"640\" \/>\n\t<meta property=\"og:image:height\" content=\"532\" \/>\n\t<meta property=\"og:image:type\" content=\"image\/jpeg\" \/>\n<meta name=\"twitter:card\" content=\"summary_large_image\" \/>\n<meta name=\"twitter:label1\" content=\"Gesch\u00e4tzte Lesezeit\" \/>\n\t<meta name=\"twitter:data1\" content=\"1\u00a0Minute\" \/>\n<script type=\"application\/ld+json\" class=\"yoast-schema-graph\">{\"@context\":\"https:\\\/\\\/schema.org\",\"@graph\":[{\"@type\":\"WebPage\",\"@id\":\"https:\\\/\\\/shop.bantam.ch\\\/de\\\/produkt\\\/backofen-omnia-camping-kit-1-5-teilig\\\/\",\"url\":\"https:\\\/\\\/shop.bantam.ch\\\/de\\\/produkt\\\/backofen-omnia-camping-kit-1-5-teilig\\\/\",\"name\":\"Backofen OMNIA Camping KIT 1, 5-teilig - Bantam Camping AG\",\"isPartOf\":{\"@id\":\"https:\\\/\\\/shop.bantam.ch\\\/de\\\/#website\"},\"primaryImageOfPage\":{\"@id\":\"https:\\\/\\\/shop.bantam.ch\\\/de\\\/produkt\\\/backofen-omnia-camping-kit-1-5-teilig\\\/#primaryimage\"},\"image\":{\"@id\":\"https:\\\/\\\/shop.bantam.ch\\\/de\\\/produkt\\\/backofen-omnia-camping-kit-1-5-teilig\\\/#primaryimage\"},\"thumbnailUrl\":\"https:\\\/\\\/shop.bantam.ch\\\/wp-content\\\/uploads\\\/2024\\\/09\\\/Movera-L-9970146100.jpg\",\"datePublished\":\"2024-05-15T15:08:39+00:00\",\"dateModified\":\"2026-04-18T21:15:05+00:00\",\"breadcrumb\":{\"@id\":\"https:\\\/\\\/shop.bantam.ch\\\/de\\\/produkt\\\/backofen-omnia-camping-kit-1-5-teilig\\\/#breadcrumb\"},\"inLanguage\":\"de\",\"potentialAction\":[{\"@type\":\"ReadAction\",\"target\":[\"https:\\\/\\\/shop.bantam.ch\\\/de\\\/produkt\\\/backofen-omnia-camping-kit-1-5-teilig\\\/\"]}]},{\"@type\":\"ImageObject\",\"inLanguage\":\"de\",\"@id\":\"https:\\\/\\\/shop.bantam.ch\\\/de\\\/produkt\\\/backofen-omnia-camping-kit-1-5-teilig\\\/#primaryimage\",\"url\":\"https:\\\/\\\/shop.bantam.ch\\\/wp-content\\\/uploads\\\/2024\\\/09\\\/Movera-L-9970146100.jpg\",\"contentUrl\":\"https:\\\/\\\/shop.bantam.ch\\\/wp-content\\\/uploads\\\/2024\\\/09\\\/Movera-L-9970146100.jpg\",\"width\":640,\"height\":532},{\"@type\":\"BreadcrumbList\",\"@id\":\"https:\\\/\\\/shop.bantam.ch\\\/de\\\/produkt\\\/backofen-omnia-camping-kit-1-5-teilig\\\/#breadcrumb\",\"itemListElement\":[{\"@type\":\"ListItem\",\"position\":1,\"name\":\"Accueil\",\"item\":\"https:\\\/\\\/shop.bantam.ch\\\/de\\\/\"},{\"@type\":\"ListItem\",\"position\":2,\"name\":\"Shop\",\"item\":\"https:\\\/\\\/shop.bantam.ch\\\/de\\\/shop\\\/\"},{\"@type\":\"ListItem\",\"position\":3,\"name\":\"Backofen OMNIA Camping KIT 1, 5-teilig\"}]},{\"@type\":\"WebSite\",\"@id\":\"https:\\\/\\\/shop.bantam.ch\\\/de\\\/#website\",\"url\":\"https:\\\/\\\/shop.bantam.ch\\\/de\\\/\",\"name\":\"Bantam Camping AG\",\"description\":\"\",\"publisher\":{\"@id\":\"https:\\\/\\\/shop.bantam.ch\\\/de\\\/#organization\"},\"inLanguage\":\"de\"},{\"@type\":\"Organization\",\"@id\":\"https:\\\/\\\/shop.bantam.ch\\\/de\\\/#organization\",\"name\":\"Bantam Camping AG\",\"url\":\"https:\\\/\\\/shop.bantam.ch\\\/de\\\/\",\"logo\":{\"@type\":\"ImageObject\",\"inLanguage\":\"de\",\"@id\":\"https:\\\/\\\/shop.bantam.ch\\\/de\\\/#\\\/schema\\\/logo\\\/image\\\/\",\"url\":\"https:\\\/\\\/shop.bantam.ch\\\/wp-content\\\/uploads\\\/2022\\\/12\\\/bantam-logo.png\",\"contentUrl\":\"https:\\\/\\\/shop.bantam.ch\\\/wp-content\\\/uploads\\\/2022\\\/12\\\/bantam-logo.png\",\"width\":320,\"height\":71,\"caption\":\"Bantam Camping AG\"},\"image\":{\"@id\":\"https:\\\/\\\/shop.bantam.ch\\\/de\\\/#\\\/schema\\\/logo\\\/image\\\/\"}}]}<\/script>\n<!-- \/ Yoast SEO plugin. -->","yoast_head_json":{"title":"Backofen OMNIA Camping KIT 1, 5-teilig - Bantam Camping AG","robots":{"index":"index","follow":"follow","max-snippet":"max-snippet:-1","max-image-preview":"max-image-preview:large","max-video-preview":"max-video-preview:-1"},"canonical":"https:\/\/shop.bantam.ch\/de\/produkt\/backofen-omnia-camping-kit-1-5-teilig\/","og_locale":"de_DE","og_type":"article","og_title":"Backofen OMNIA Camping KIT 1, 5-teilig - Bantam Camping AG","og_description":"Der OMNIA Campingbackofen ist der clevere kleine Ofen, mit dem Sie unterwegs backen und Aufl\u00e4ufe machen k\u00f6nnen. Einfach auf eine Hitzequelle gestellt, offene Flamme und Herdplatte funktionieren gleich gut, entsteht im Inneren aufgrund seiner Konstruktion die n\u00f6tige Hitze, um leckere Ofengerichte auf den Tisch zu zaubern. Was ihn auszeichnet, das ist seine Vielseitigkeit und er [&hellip;]","og_url":"https:\/\/shop.bantam.ch\/de\/produkt\/backofen-omnia-camping-kit-1-5-teilig\/","og_site_name":"Bantam Camping AG","article_modified_time":"2026-04-18T21:15:05+00:00","og_image":[{"width":640,"height":532,"url":"https:\/\/shop.bantam.ch\/wp-content\/uploads\/2024\/05\/Movera-L-9970146100.jpg","type":"image\/jpeg"}],"twitter_card":"summary_large_image","twitter_misc":{"Gesch\u00e4tzte Lesezeit":"1\u00a0Minute"},"schema":{"@context":"https:\/\/schema.org","@graph":[{"@type":"WebPage","@id":"https:\/\/shop.bantam.ch\/de\/produkt\/backofen-omnia-camping-kit-1-5-teilig\/","url":"https:\/\/shop.bantam.ch\/de\/produkt\/backofen-omnia-camping-kit-1-5-teilig\/","name":"Backofen OMNIA Camping KIT 1, 5-teilig - Bantam Camping AG","isPartOf":{"@id":"https:\/\/shop.bantam.ch\/de\/#website"},"primaryImageOfPage":{"@id":"https:\/\/shop.bantam.ch\/de\/produkt\/backofen-omnia-camping-kit-1-5-teilig\/#primaryimage"},"image":{"@id":"https:\/\/shop.bantam.ch\/de\/produkt\/backofen-omnia-camping-kit-1-5-teilig\/#primaryimage"},"thumbnailUrl":"https:\/\/shop.bantam.ch\/wp-content\/uploads\/2024\/09\/Movera-L-9970146100.jpg","datePublished":"2024-05-15T15:08:39+00:00","dateModified":"2026-04-18T21:15:05+00:00","breadcrumb":{"@id":"https:\/\/shop.bantam.ch\/de\/produkt\/backofen-omnia-camping-kit-1-5-teilig\/#breadcrumb"},"inLanguage":"de","potentialAction":[{"@type":"ReadAction","target":["https:\/\/shop.bantam.ch\/de\/produkt\/backofen-omnia-camping-kit-1-5-teilig\/"]}]},{"@type":"ImageObject","inLanguage":"de","@id":"https:\/\/shop.bantam.ch\/de\/produkt\/backofen-omnia-camping-kit-1-5-teilig\/#primaryimage","url":"https:\/\/shop.bantam.ch\/wp-content\/uploads\/2024\/09\/Movera-L-9970146100.jpg","contentUrl":"https:\/\/shop.bantam.ch\/wp-content\/uploads\/2024\/09\/Movera-L-9970146100.jpg","width":640,"height":532},{"@type":"BreadcrumbList","@id":"https:\/\/shop.bantam.ch\/de\/produkt\/backofen-omnia-camping-kit-1-5-teilig\/#breadcrumb","itemListElement":[{"@type":"ListItem","position":1,"name":"Accueil","item":"https:\/\/shop.bantam.ch\/de\/"},{"@type":"ListItem","position":2,"name":"Shop","item":"https:\/\/shop.bantam.ch\/de\/shop\/"},{"@type":"ListItem","position":3,"name":"Backofen OMNIA Camping KIT 1, 5-teilig"}]},{"@type":"WebSite","@id":"https:\/\/shop.bantam.ch\/de\/#website","url":"https:\/\/shop.bantam.ch\/de\/","name":"Bantam Camping AG","description":"","publisher":{"@id":"https:\/\/shop.bantam.ch\/de\/#organization"},"inLanguage":"de"},{"@type":"Organization","@id":"https:\/\/shop.bantam.ch\/de\/#organization","name":"Bantam Camping AG","url":"https:\/\/shop.bantam.ch\/de\/","logo":{"@type":"ImageObject","inLanguage":"de","@id":"https:\/\/shop.bantam.ch\/de\/#\/schema\/logo\/image\/","url":"https:\/\/shop.bantam.ch\/wp-content\/uploads\/2022\/12\/bantam-logo.png","contentUrl":"https:\/\/shop.bantam.ch\/wp-content\/uploads\/2022\/12\/bantam-logo.png","width":320,"height":71,"caption":"Bantam Camping AG"},"image":{"@id":"https:\/\/shop.bantam.ch\/de\/#\/schema\/logo\/image\/"}}]}},"_links":{"self":[{"href":"https:\/\/shop.bantam.ch\/de\/wp-json\/wp\/v2\/product\/199323","targetHints":{"allow":["GET"]}}],"collection":[{"href":"https:\/\/shop.bantam.ch\/de\/wp-json\/wp\/v2\/product"}],"about":[{"href":"https:\/\/shop.bantam.ch\/de\/wp-json\/wp\/v2\/types\/product"}],"wp:featuredmedia":[{"embeddable":true,"href":"https:\/\/shop.bantam.ch\/de\/wp-json\/wp\/v2\/media\/207403"}],"wp:attachment":[{"href":"https:\/\/shop.bantam.ch\/de\/wp-json\/wp\/v2\/media?parent=199323"}],"wp:term":[{"taxonomy":"product_featured_cat","embeddable":true,"href":"https:\/\/shop.bantam.ch\/de\/wp-json\/wp\/v2\/product_featured_cat?post=199323"},{"taxonomy":"product_brand","embeddable":true,"href":"https:\/\/shop.bantam.ch\/de\/wp-json\/wp\/v2\/product_brand?post=199323"},{"taxonomy":"product_cat","embeddable":true,"href":"https:\/\/shop.bantam.ch\/de\/wp-json\/wp\/v2\/product_cat?post=199323"},{"taxonomy":"product_tag","embeddable":true,"href":"https:\/\/shop.bantam.ch\/de\/wp-json\/wp\/v2\/product_tag?post=199323"}],"curies":[{"name":"wp","href":"https:\/\/api.w.org\/{rel}","templated":true}]}}