{"id":199211,"date":"2024-05-15T17:06:09","date_gmt":"2024-05-15T15:06:09","guid":{"rendered":"https:\/\/shop.bantam.ch\/produit\/touch-display-buettner-dometic-td283\/"},"modified":"2026-05-01T23:08:33","modified_gmt":"2026-05-01T21:08:33","slug":"touch-display-buettner-dometic-td283","status":"publish","type":"product","link":"https:\/\/shop.bantam.ch\/de\/produkt\/touch-display-buettner-dometic-td283\/","title":{"rendered":"Touch Display B\u00dcTTNER Dometic TD283"},"content":{"rendered":"<p>Ein Display zur \u00dcberwachung des neuen Solarreglers und der neuen B\u00fcttner Dometic Lithium Batterie Tempra. Es ist nun m\u00f6glich, alle Daten von der neuen Solaranlage und der neuen Tempra Batterie von einer einzigen Schnittstelle zu \u00fcberwachen und zu steuern. Dies kann auch per Bluetooth f\u00fcr IOS- und Android-Smartphones mit der neuen B\u00fcttner Dometic App auf Ihrem mobilen Endger\u00e4t dargestellt werden.<\/p>\n","protected":false},"excerpt":{"rendered":"<p>Ein Display zur \u00dcberwachung des neuen Solarreglers und der neuen B\u00fcttner Dometic Lithium Batterie Tempra. Es ist nun m\u00f6glich, alle Daten von der neuen Solaranlage und der neuen Tempra Batterie von einer einzigen Schnittstelle zu \u00fcberwachen und zu steuern. Dies kann auch per Bluetooth f\u00fcr IOS- und Android-Smartphones mit der neuen B\u00fcttner Dometic App auf [&hellip;]<\/p>\n","protected":false},"featured_media":207373,"template":"","meta":{"_acf_changed":false},"product_featured_cat":[],"product_brand":[5222],"product_cat":[4882],"product_tag":[],"class_list":{"0":"post-199211","1":"product","2":"type-product","3":"status-publish","4":"has-post-thumbnail","6":"product_brand-buttner-dometic-de","7":"product_cat-solaranzeigen","9":"first","10":"instock","11":"taxable","12":"shipping-taxable","13":"purchasable","14":"product-type-simple"},"acf":[],"yoast_head":"<!-- This site is optimized with the Yoast SEO plugin v27.5 - https:\/\/yoast.com\/product\/yoast-seo-wordpress\/ -->\n<title>Touch Display B\u00dcTTNER Dometic TD283 - Bantam<\/title>\n<meta name=\"robots\" content=\"index, follow, max-snippet:-1, max-image-preview:large, max-video-preview:-1\" \/>\n<link rel=\"canonical\" href=\"https:\/\/shop.bantam.ch\/de\/produkt\/touch-display-buettner-dometic-td283\/\" \/>\n<meta property=\"og:locale\" content=\"de_DE\" \/>\n<meta property=\"og:type\" content=\"article\" \/>\n<meta property=\"og:title\" content=\"Touch Display B\u00dcTTNER Dometic TD283 - Bantam\" \/>\n<meta property=\"og:description\" content=\"Ein Display zur \u00dcberwachung des neuen Solarreglers und der neuen B\u00fcttner Dometic Lithium Batterie Tempra. Es ist nun m\u00f6glich, alle Daten von der neuen Solaranlage und der neuen Tempra Batterie von einer einzigen Schnittstelle zu \u00fcberwachen und zu steuern. Dies kann auch per Bluetooth f\u00fcr IOS- und Android-Smartphones mit der neuen B\u00fcttner Dometic App auf [&hellip;]\" \/>\n<meta property=\"og:url\" content=\"https:\/\/shop.bantam.ch\/de\/produkt\/touch-display-buettner-dometic-td283\/\" \/>\n<meta property=\"og:site_name\" content=\"Bantam\" \/>\n<meta property=\"article:modified_time\" content=\"2026-05-01T21:08:33+00:00\" \/>\n<meta property=\"og:image\" content=\"https:\/\/shop.bantam.ch\/wp-content\/uploads\/2024\/05\/Movera-L-9962333100.png\" \/>\n\t<meta property=\"og:image:width\" content=\"640\" \/>\n\t<meta property=\"og:image:height\" content=\"640\" \/>\n\t<meta property=\"og:image:type\" content=\"image\/png\" \/>\n<meta name=\"twitter:card\" content=\"summary_large_image\" \/>\n<script type=\"application\/ld+json\" class=\"yoast-schema-graph\">{\"@context\":\"https:\\\/\\\/schema.org\",\"@graph\":[{\"@type\":\"WebPage\",\"@id\":\"https:\\\/\\\/shop.bantam.ch\\\/de\\\/produkt\\\/touch-display-buettner-dometic-td283\\\/\",\"url\":\"https:\\\/\\\/shop.bantam.ch\\\/de\\\/produkt\\\/touch-display-buettner-dometic-td283\\\/\",\"name\":\"Touch Display B\u00dcTTNER Dometic TD283 - Bantam\",\"isPartOf\":{\"@id\":\"https:\\\/\\\/shop.bantam.ch\\\/de\\\/#website\"},\"primaryImageOfPage\":{\"@id\":\"https:\\\/\\\/shop.bantam.ch\\\/de\\\/produkt\\\/touch-display-buettner-dometic-td283\\\/#primaryimage\"},\"image\":{\"@id\":\"https:\\\/\\\/shop.bantam.ch\\\/de\\\/produkt\\\/touch-display-buettner-dometic-td283\\\/#primaryimage\"},\"thumbnailUrl\":\"https:\\\/\\\/shop.bantam.ch\\\/wp-content\\\/uploads\\\/2024\\\/09\\\/Movera-L-9962333100.png\",\"datePublished\":\"2024-05-15T15:06:09+00:00\",\"dateModified\":\"2026-05-01T21:08:33+00:00\",\"breadcrumb\":{\"@id\":\"https:\\\/\\\/shop.bantam.ch\\\/de\\\/produkt\\\/touch-display-buettner-dometic-td283\\\/#breadcrumb\"},\"inLanguage\":\"de\",\"potentialAction\":[{\"@type\":\"ReadAction\",\"target\":[\"https:\\\/\\\/shop.bantam.ch\\\/de\\\/produkt\\\/touch-display-buettner-dometic-td283\\\/\"]}]},{\"@type\":\"ImageObject\",\"inLanguage\":\"de\",\"@id\":\"https:\\\/\\\/shop.bantam.ch\\\/de\\\/produkt\\\/touch-display-buettner-dometic-td283\\\/#primaryimage\",\"url\":\"https:\\\/\\\/shop.bantam.ch\\\/wp-content\\\/uploads\\\/2024\\\/09\\\/Movera-L-9962333100.png\",\"contentUrl\":\"https:\\\/\\\/shop.bantam.ch\\\/wp-content\\\/uploads\\\/2024\\\/09\\\/Movera-L-9962333100.png\",\"width\":640,\"height\":640},{\"@type\":\"BreadcrumbList\",\"@id\":\"https:\\\/\\\/shop.bantam.ch\\\/de\\\/produkt\\\/touch-display-buettner-dometic-td283\\\/#breadcrumb\",\"itemListElement\":[{\"@type\":\"ListItem\",\"position\":1,\"name\":\"Accueil\",\"item\":\"https:\\\/\\\/shop.bantam.ch\\\/de\\\/\"},{\"@type\":\"ListItem\",\"position\":2,\"name\":\"Shop\",\"item\":\"https:\\\/\\\/shop.bantam.ch\\\/de\\\/shop\\\/\"},{\"@type\":\"ListItem\",\"position\":3,\"name\":\"Touch Display B\u00dcTTNER Dometic TD283\"}]},{\"@type\":\"WebSite\",\"@id\":\"https:\\\/\\\/shop.bantam.ch\\\/de\\\/#website\",\"url\":\"https:\\\/\\\/shop.bantam.ch\\\/de\\\/\",\"name\":\"Bantam\",\"description\":\"\",\"publisher\":{\"@id\":\"https:\\\/\\\/shop.bantam.ch\\\/de\\\/#organization\"},\"inLanguage\":\"de\"},{\"@type\":\"Organization\",\"@id\":\"https:\\\/\\\/shop.bantam.ch\\\/de\\\/#organization\",\"name\":\"Bantam\",\"url\":\"https:\\\/\\\/shop.bantam.ch\\\/de\\\/\",\"logo\":{\"@type\":\"ImageObject\",\"inLanguage\":\"de\",\"@id\":\"https:\\\/\\\/shop.bantam.ch\\\/de\\\/#\\\/schema\\\/logo\\\/image\\\/\",\"url\":\"https:\\\/\\\/shop.bantam.ch\\\/wp-content\\\/uploads\\\/2022\\\/12\\\/bantam-logo.png\",\"contentUrl\":\"https:\\\/\\\/shop.bantam.ch\\\/wp-content\\\/uploads\\\/2022\\\/12\\\/bantam-logo.png\",\"width\":320,\"height\":71,\"caption\":\"Bantam\"},\"image\":{\"@id\":\"https:\\\/\\\/shop.bantam.ch\\\/de\\\/#\\\/schema\\\/logo\\\/image\\\/\"}}]}<\/script>\n<!-- \/ Yoast SEO plugin. -->","yoast_head_json":{"title":"Touch Display B\u00dcTTNER Dometic TD283 - Bantam","robots":{"index":"index","follow":"follow","max-snippet":"max-snippet:-1","max-image-preview":"max-image-preview:large","max-video-preview":"max-video-preview:-1"},"canonical":"https:\/\/shop.bantam.ch\/de\/produkt\/touch-display-buettner-dometic-td283\/","og_locale":"de_DE","og_type":"article","og_title":"Touch Display B\u00dcTTNER Dometic TD283 - Bantam","og_description":"Ein Display zur \u00dcberwachung des neuen Solarreglers und der neuen B\u00fcttner Dometic Lithium Batterie Tempra. Es ist nun m\u00f6glich, alle Daten von der neuen Solaranlage und der neuen Tempra Batterie von einer einzigen Schnittstelle zu \u00fcberwachen und zu steuern. Dies kann auch per Bluetooth f\u00fcr IOS- und Android-Smartphones mit der neuen B\u00fcttner Dometic App auf [&hellip;]","og_url":"https:\/\/shop.bantam.ch\/de\/produkt\/touch-display-buettner-dometic-td283\/","og_site_name":"Bantam","article_modified_time":"2026-05-01T21:08:33+00:00","og_image":[{"url":"https:\/\/shop.bantam.ch\/wp-content\/uploads\/2024\/05\/Movera-L-9962333100.png","width":640,"height":640,"type":"image\/png"}],"twitter_card":"summary_large_image","schema":{"@context":"https:\/\/schema.org","@graph":[{"@type":"WebPage","@id":"https:\/\/shop.bantam.ch\/de\/produkt\/touch-display-buettner-dometic-td283\/","url":"https:\/\/shop.bantam.ch\/de\/produkt\/touch-display-buettner-dometic-td283\/","name":"Touch Display B\u00dcTTNER Dometic TD283 - Bantam","isPartOf":{"@id":"https:\/\/shop.bantam.ch\/de\/#website"},"primaryImageOfPage":{"@id":"https:\/\/shop.bantam.ch\/de\/produkt\/touch-display-buettner-dometic-td283\/#primaryimage"},"image":{"@id":"https:\/\/shop.bantam.ch\/de\/produkt\/touch-display-buettner-dometic-td283\/#primaryimage"},"thumbnailUrl":"https:\/\/shop.bantam.ch\/wp-content\/uploads\/2024\/09\/Movera-L-9962333100.png","datePublished":"2024-05-15T15:06:09+00:00","dateModified":"2026-05-01T21:08:33+00:00","breadcrumb":{"@id":"https:\/\/shop.bantam.ch\/de\/produkt\/touch-display-buettner-dometic-td283\/#breadcrumb"},"inLanguage":"de","potentialAction":[{"@type":"ReadAction","target":["https:\/\/shop.bantam.ch\/de\/produkt\/touch-display-buettner-dometic-td283\/"]}]},{"@type":"ImageObject","inLanguage":"de","@id":"https:\/\/shop.bantam.ch\/de\/produkt\/touch-display-buettner-dometic-td283\/#primaryimage","url":"https:\/\/shop.bantam.ch\/wp-content\/uploads\/2024\/09\/Movera-L-9962333100.png","contentUrl":"https:\/\/shop.bantam.ch\/wp-content\/uploads\/2024\/09\/Movera-L-9962333100.png","width":640,"height":640},{"@type":"BreadcrumbList","@id":"https:\/\/shop.bantam.ch\/de\/produkt\/touch-display-buettner-dometic-td283\/#breadcrumb","itemListElement":[{"@type":"ListItem","position":1,"name":"Accueil","item":"https:\/\/shop.bantam.ch\/de\/"},{"@type":"ListItem","position":2,"name":"Shop","item":"https:\/\/shop.bantam.ch\/de\/shop\/"},{"@type":"ListItem","position":3,"name":"Touch Display B\u00dcTTNER Dometic TD283"}]},{"@type":"WebSite","@id":"https:\/\/shop.bantam.ch\/de\/#website","url":"https:\/\/shop.bantam.ch\/de\/","name":"Bantam","description":"","publisher":{"@id":"https:\/\/shop.bantam.ch\/de\/#organization"},"inLanguage":"de"},{"@type":"Organization","@id":"https:\/\/shop.bantam.ch\/de\/#organization","name":"Bantam","url":"https:\/\/shop.bantam.ch\/de\/","logo":{"@type":"ImageObject","inLanguage":"de","@id":"https:\/\/shop.bantam.ch\/de\/#\/schema\/logo\/image\/","url":"https:\/\/shop.bantam.ch\/wp-content\/uploads\/2022\/12\/bantam-logo.png","contentUrl":"https:\/\/shop.bantam.ch\/wp-content\/uploads\/2022\/12\/bantam-logo.png","width":320,"height":71,"caption":"Bantam"},"image":{"@id":"https:\/\/shop.bantam.ch\/de\/#\/schema\/logo\/image\/"}}]}},"_links":{"self":[{"href":"https:\/\/shop.bantam.ch\/de\/wp-json\/wp\/v2\/product\/199211","targetHints":{"allow":["GET"]}}],"collection":[{"href":"https:\/\/shop.bantam.ch\/de\/wp-json\/wp\/v2\/product"}],"about":[{"href":"https:\/\/shop.bantam.ch\/de\/wp-json\/wp\/v2\/types\/product"}],"wp:featuredmedia":[{"embeddable":true,"href":"https:\/\/shop.bantam.ch\/de\/wp-json\/wp\/v2\/media\/207373"}],"wp:attachment":[{"href":"https:\/\/shop.bantam.ch\/de\/wp-json\/wp\/v2\/media?parent=199211"}],"wp:term":[{"taxonomy":"product_featured_cat","embeddable":true,"href":"https:\/\/shop.bantam.ch\/de\/wp-json\/wp\/v2\/product_featured_cat?post=199211"},{"taxonomy":"product_brand","embeddable":true,"href":"https:\/\/shop.bantam.ch\/de\/wp-json\/wp\/v2\/product_brand?post=199211"},{"taxonomy":"product_cat","embeddable":true,"href":"https:\/\/shop.bantam.ch\/de\/wp-json\/wp\/v2\/product_cat?post=199211"},{"taxonomy":"product_tag","embeddable":true,"href":"https:\/\/shop.bantam.ch\/de\/wp-json\/wp\/v2\/product_tag?post=199211"}],"curies":[{"name":"wp","href":"https:\/\/api.w.org\/{rel}","templated":true}]}}