{"id":199149,"date":"2024-05-15T17:04:35","date_gmt":"2024-05-15T15:04:35","guid":{"rendered":"https:\/\/shop.bantam.ch\/produit\/dvb-t2-antenne-teleco-wing11-omnidire-hd-ready-amp-at412-g5-5-m-koaxialkabel\/"},"modified":"2026-04-22T23:12:03","modified_gmt":"2026-04-22T21:12:03","slug":"dvb-t2-antenne-teleco-wing11-omnidire-hd-ready-amp-at412-g5-5-m-koaxialkabel","status":"publish","type":"product","link":"https:\/\/shop.bantam.ch\/de\/produkt\/dvb-t2-antenne-teleco-wing11-omnidire-hd-ready-amp-at412-g5-5-m-koaxialkabel\/","title":{"rendered":"DVB-T2 Antenne Teleco WING11 OMNIDIRE HD Ready + AMP. AT412 G5 5 m Koaxialkabel"},"content":{"rendered":"<p>Allrichtungs-Fernsehantennen f\u00fcr hohe Geschwindigkeit<\/p>\n<p>Die Antennenserie Wing, wurde entwickelt, um alle terrestrischen digitalen Signale empfangen zu k\u00f6nnen. Besondere Aufmerksamkeit wurde bei der Entwicklung auf eine ultra-aerodynamische Form gelegt. Dank dieser Eigenschaften ist die Montage auch auf schnellen Wohnmobilen m\u00f6glich. Ein Spezialfu\u00df erm\u00f6glicht es, die Antenne in jede Richtung zu neigen. Dadurch wird eine einfache Montage auch auf den aerodynamischen Fahrzeugd\u00e4chern von Wohnwagen der j\u00fcngsten Generation sichergestellt. Drehung in 3 Achsen f\u00fcr eine perfekte Ausrichtung auf dem Dach, um dadurch eine einfache Montage auch auf den aerodynamischen Fahrzeugd\u00e4chern von Wohnmobilen und Wohnwagen der j\u00fcngsten Generation zu erm\u00f6glichen. Die hohe Empfindlichkeit des elektronischen Verst\u00e4rkers zusammen mit dem besonderen Antennenaufbau erm\u00f6glicht den Empfang von TV- Programmen selbst im niedrigen Frequenzbereich trotz der Au\u00dfenabmessungen von nur 38 cm. Ausgestattet mit LTE-Sperrfilter zur Eliminierung der durch die neuen 4G\/5G-Smartphones erzeugten St\u00f6rungen. (Nur f\u00fcr L\u00e4nder, die die LTE-\u00dcbertragungen auf einer Bandbreite von 700 &#8211; 800 MHz bereits integriert haben).<\/p>\n<p>Verst\u00e4rkung mit Verst\u00e4rker:<br \/>\nCH 5-12 &nbsp;16 dB \/ CH 21-48 &nbsp;26 dB<\/p>\n<ul>\n<li>Stromversorgung: 12\/24 Volt<\/li>\n<li>Durchmesser: 38 cm<\/li>\n<li>H\u00f6he: 16,5 cm<\/li>\n<li>Gewicht: 1,2 kg<\/li>\n<\/ul>\n","protected":false},"excerpt":{"rendered":"<p>Allrichtungs-Fernsehantennen f\u00fcr hohe Geschwindigkeit Die Antennenserie Wing, wurde entwickelt, um alle terrestrischen digitalen Signale empfangen zu k\u00f6nnen. Besondere Aufmerksamkeit wurde bei der Entwicklung auf eine ultra-aerodynamische Form gelegt. Dank dieser Eigenschaften ist die Montage auch auf schnellen Wohnmobilen m\u00f6glich. Ein Spezialfu\u00df erm\u00f6glicht es, die Antenne in jede Richtung zu neigen. Dadurch wird eine einfache Montage [&hellip;]<\/p>\n","protected":false},"featured_media":207357,"template":"","meta":{"_acf_changed":false},"product_featured_cat":[],"product_brand":[3231],"product_cat":[4990],"product_tag":[],"class_list":{"0":"post-199149","1":"product","2":"type-product","3":"status-publish","4":"has-post-thumbnail","6":"product_brand-teleco-de","7":"product_cat-antennen","9":"first","10":"instock","11":"taxable","12":"shipping-taxable","13":"purchasable","14":"product-type-simple"},"acf":[],"yoast_head":"<!-- This site is optimized with the Yoast SEO plugin v27.4 - https:\/\/yoast.com\/product\/yoast-seo-wordpress\/ -->\n<title>DVB-T2 Antenne Teleco WING11 OMNIDIRE HD Ready + AMP. AT412 G5 5 m Koaxialkabel - Bantam Camping AG<\/title>\n<meta name=\"robots\" content=\"index, follow, max-snippet:-1, max-image-preview:large, max-video-preview:-1\" \/>\n<link rel=\"canonical\" href=\"https:\/\/shop.bantam.ch\/de\/produkt\/dvb-t2-antenne-teleco-wing11-omnidire-hd-ready-amp-at412-g5-5-m-koaxialkabel\/\" \/>\n<meta property=\"og:locale\" content=\"de_DE\" \/>\n<meta property=\"og:type\" content=\"article\" \/>\n<meta property=\"og:title\" content=\"DVB-T2 Antenne Teleco WING11 OMNIDIRE HD Ready + AMP. AT412 G5 5 m Koaxialkabel - Bantam Camping AG\" \/>\n<meta property=\"og:description\" content=\"Allrichtungs-Fernsehantennen f\u00fcr hohe Geschwindigkeit Die Antennenserie Wing, wurde entwickelt, um alle terrestrischen digitalen Signale empfangen zu k\u00f6nnen. Besondere Aufmerksamkeit wurde bei der Entwicklung auf eine ultra-aerodynamische Form gelegt. Dank dieser Eigenschaften ist die Montage auch auf schnellen Wohnmobilen m\u00f6glich. Ein Spezialfu\u00df erm\u00f6glicht es, die Antenne in jede Richtung zu neigen. Dadurch wird eine einfache Montage [&hellip;]\" \/>\n<meta property=\"og:url\" content=\"https:\/\/shop.bantam.ch\/de\/produkt\/dvb-t2-antenne-teleco-wing11-omnidire-hd-ready-amp-at412-g5-5-m-koaxialkabel\/\" \/>\n<meta property=\"og:site_name\" content=\"Bantam Camping AG\" \/>\n<meta property=\"article:modified_time\" content=\"2026-04-22T21:12:03+00:00\" \/>\n<meta property=\"og:image\" content=\"https:\/\/shop.bantam.ch\/wp-content\/uploads\/2024\/05\/Movera-L-9963515100.jpg\" \/>\n\t<meta property=\"og:image:width\" content=\"640\" \/>\n\t<meta property=\"og:image:height\" content=\"326\" \/>\n\t<meta property=\"og:image:type\" content=\"image\/jpeg\" \/>\n<meta name=\"twitter:card\" content=\"summary_large_image\" \/>\n<meta name=\"twitter:label1\" content=\"Gesch\u00e4tzte Lesezeit\" \/>\n\t<meta name=\"twitter:data1\" content=\"1\u00a0Minute\" \/>\n<script type=\"application\/ld+json\" class=\"yoast-schema-graph\">{\"@context\":\"https:\\\/\\\/schema.org\",\"@graph\":[{\"@type\":\"WebPage\",\"@id\":\"https:\\\/\\\/shop.bantam.ch\\\/de\\\/produkt\\\/dvb-t2-antenne-teleco-wing11-omnidire-hd-ready-amp-at412-g5-5-m-koaxialkabel\\\/\",\"url\":\"https:\\\/\\\/shop.bantam.ch\\\/de\\\/produkt\\\/dvb-t2-antenne-teleco-wing11-omnidire-hd-ready-amp-at412-g5-5-m-koaxialkabel\\\/\",\"name\":\"DVB-T2 Antenne Teleco WING11 OMNIDIRE HD Ready + AMP. AT412 G5 5 m Koaxialkabel - Bantam Camping AG\",\"isPartOf\":{\"@id\":\"https:\\\/\\\/shop.bantam.ch\\\/de\\\/#website\"},\"primaryImageOfPage\":{\"@id\":\"https:\\\/\\\/shop.bantam.ch\\\/de\\\/produkt\\\/dvb-t2-antenne-teleco-wing11-omnidire-hd-ready-amp-at412-g5-5-m-koaxialkabel\\\/#primaryimage\"},\"image\":{\"@id\":\"https:\\\/\\\/shop.bantam.ch\\\/de\\\/produkt\\\/dvb-t2-antenne-teleco-wing11-omnidire-hd-ready-amp-at412-g5-5-m-koaxialkabel\\\/#primaryimage\"},\"thumbnailUrl\":\"https:\\\/\\\/shop.bantam.ch\\\/wp-content\\\/uploads\\\/2024\\\/09\\\/Movera-L-9963515100.jpg\",\"datePublished\":\"2024-05-15T15:04:35+00:00\",\"dateModified\":\"2026-04-22T21:12:03+00:00\",\"breadcrumb\":{\"@id\":\"https:\\\/\\\/shop.bantam.ch\\\/de\\\/produkt\\\/dvb-t2-antenne-teleco-wing11-omnidire-hd-ready-amp-at412-g5-5-m-koaxialkabel\\\/#breadcrumb\"},\"inLanguage\":\"de\",\"potentialAction\":[{\"@type\":\"ReadAction\",\"target\":[\"https:\\\/\\\/shop.bantam.ch\\\/de\\\/produkt\\\/dvb-t2-antenne-teleco-wing11-omnidire-hd-ready-amp-at412-g5-5-m-koaxialkabel\\\/\"]}]},{\"@type\":\"ImageObject\",\"inLanguage\":\"de\",\"@id\":\"https:\\\/\\\/shop.bantam.ch\\\/de\\\/produkt\\\/dvb-t2-antenne-teleco-wing11-omnidire-hd-ready-amp-at412-g5-5-m-koaxialkabel\\\/#primaryimage\",\"url\":\"https:\\\/\\\/shop.bantam.ch\\\/wp-content\\\/uploads\\\/2024\\\/09\\\/Movera-L-9963515100.jpg\",\"contentUrl\":\"https:\\\/\\\/shop.bantam.ch\\\/wp-content\\\/uploads\\\/2024\\\/09\\\/Movera-L-9963515100.jpg\",\"width\":640,\"height\":326},{\"@type\":\"BreadcrumbList\",\"@id\":\"https:\\\/\\\/shop.bantam.ch\\\/de\\\/produkt\\\/dvb-t2-antenne-teleco-wing11-omnidire-hd-ready-amp-at412-g5-5-m-koaxialkabel\\\/#breadcrumb\",\"itemListElement\":[{\"@type\":\"ListItem\",\"position\":1,\"name\":\"Accueil\",\"item\":\"https:\\\/\\\/shop.bantam.ch\\\/de\\\/\"},{\"@type\":\"ListItem\",\"position\":2,\"name\":\"Shop\",\"item\":\"https:\\\/\\\/shop.bantam.ch\\\/de\\\/shop\\\/\"},{\"@type\":\"ListItem\",\"position\":3,\"name\":\"DVB-T2 Antenne Teleco WING11 OMNIDIRE HD Ready + AMP. AT412 G5 5 m Koaxialkabel\"}]},{\"@type\":\"WebSite\",\"@id\":\"https:\\\/\\\/shop.bantam.ch\\\/de\\\/#website\",\"url\":\"https:\\\/\\\/shop.bantam.ch\\\/de\\\/\",\"name\":\"Bantam Camping AG\",\"description\":\"\",\"publisher\":{\"@id\":\"https:\\\/\\\/shop.bantam.ch\\\/de\\\/#organization\"},\"inLanguage\":\"de\"},{\"@type\":\"Organization\",\"@id\":\"https:\\\/\\\/shop.bantam.ch\\\/de\\\/#organization\",\"name\":\"Bantam Camping AG\",\"url\":\"https:\\\/\\\/shop.bantam.ch\\\/de\\\/\",\"logo\":{\"@type\":\"ImageObject\",\"inLanguage\":\"de\",\"@id\":\"https:\\\/\\\/shop.bantam.ch\\\/de\\\/#\\\/schema\\\/logo\\\/image\\\/\",\"url\":\"https:\\\/\\\/shop.bantam.ch\\\/wp-content\\\/uploads\\\/2022\\\/12\\\/bantam-logo.png\",\"contentUrl\":\"https:\\\/\\\/shop.bantam.ch\\\/wp-content\\\/uploads\\\/2022\\\/12\\\/bantam-logo.png\",\"width\":320,\"height\":71,\"caption\":\"Bantam Camping AG\"},\"image\":{\"@id\":\"https:\\\/\\\/shop.bantam.ch\\\/de\\\/#\\\/schema\\\/logo\\\/image\\\/\"}}]}<\/script>\n<!-- \/ Yoast SEO plugin. -->","yoast_head_json":{"title":"DVB-T2 Antenne Teleco WING11 OMNIDIRE HD Ready + AMP. AT412 G5 5 m Koaxialkabel - Bantam Camping AG","robots":{"index":"index","follow":"follow","max-snippet":"max-snippet:-1","max-image-preview":"max-image-preview:large","max-video-preview":"max-video-preview:-1"},"canonical":"https:\/\/shop.bantam.ch\/de\/produkt\/dvb-t2-antenne-teleco-wing11-omnidire-hd-ready-amp-at412-g5-5-m-koaxialkabel\/","og_locale":"de_DE","og_type":"article","og_title":"DVB-T2 Antenne Teleco WING11 OMNIDIRE HD Ready + AMP. AT412 G5 5 m Koaxialkabel - Bantam Camping AG","og_description":"Allrichtungs-Fernsehantennen f\u00fcr hohe Geschwindigkeit Die Antennenserie Wing, wurde entwickelt, um alle terrestrischen digitalen Signale empfangen zu k\u00f6nnen. Besondere Aufmerksamkeit wurde bei der Entwicklung auf eine ultra-aerodynamische Form gelegt. Dank dieser Eigenschaften ist die Montage auch auf schnellen Wohnmobilen m\u00f6glich. Ein Spezialfu\u00df erm\u00f6glicht es, die Antenne in jede Richtung zu neigen. Dadurch wird eine einfache Montage [&hellip;]","og_url":"https:\/\/shop.bantam.ch\/de\/produkt\/dvb-t2-antenne-teleco-wing11-omnidire-hd-ready-amp-at412-g5-5-m-koaxialkabel\/","og_site_name":"Bantam Camping AG","article_modified_time":"2026-04-22T21:12:03+00:00","og_image":[{"width":640,"height":326,"url":"https:\/\/shop.bantam.ch\/wp-content\/uploads\/2024\/05\/Movera-L-9963515100.jpg","type":"image\/jpeg"}],"twitter_card":"summary_large_image","twitter_misc":{"Gesch\u00e4tzte Lesezeit":"1\u00a0Minute"},"schema":{"@context":"https:\/\/schema.org","@graph":[{"@type":"WebPage","@id":"https:\/\/shop.bantam.ch\/de\/produkt\/dvb-t2-antenne-teleco-wing11-omnidire-hd-ready-amp-at412-g5-5-m-koaxialkabel\/","url":"https:\/\/shop.bantam.ch\/de\/produkt\/dvb-t2-antenne-teleco-wing11-omnidire-hd-ready-amp-at412-g5-5-m-koaxialkabel\/","name":"DVB-T2 Antenne Teleco WING11 OMNIDIRE HD Ready + AMP. AT412 G5 5 m Koaxialkabel - Bantam Camping AG","isPartOf":{"@id":"https:\/\/shop.bantam.ch\/de\/#website"},"primaryImageOfPage":{"@id":"https:\/\/shop.bantam.ch\/de\/produkt\/dvb-t2-antenne-teleco-wing11-omnidire-hd-ready-amp-at412-g5-5-m-koaxialkabel\/#primaryimage"},"image":{"@id":"https:\/\/shop.bantam.ch\/de\/produkt\/dvb-t2-antenne-teleco-wing11-omnidire-hd-ready-amp-at412-g5-5-m-koaxialkabel\/#primaryimage"},"thumbnailUrl":"https:\/\/shop.bantam.ch\/wp-content\/uploads\/2024\/09\/Movera-L-9963515100.jpg","datePublished":"2024-05-15T15:04:35+00:00","dateModified":"2026-04-22T21:12:03+00:00","breadcrumb":{"@id":"https:\/\/shop.bantam.ch\/de\/produkt\/dvb-t2-antenne-teleco-wing11-omnidire-hd-ready-amp-at412-g5-5-m-koaxialkabel\/#breadcrumb"},"inLanguage":"de","potentialAction":[{"@type":"ReadAction","target":["https:\/\/shop.bantam.ch\/de\/produkt\/dvb-t2-antenne-teleco-wing11-omnidire-hd-ready-amp-at412-g5-5-m-koaxialkabel\/"]}]},{"@type":"ImageObject","inLanguage":"de","@id":"https:\/\/shop.bantam.ch\/de\/produkt\/dvb-t2-antenne-teleco-wing11-omnidire-hd-ready-amp-at412-g5-5-m-koaxialkabel\/#primaryimage","url":"https:\/\/shop.bantam.ch\/wp-content\/uploads\/2024\/09\/Movera-L-9963515100.jpg","contentUrl":"https:\/\/shop.bantam.ch\/wp-content\/uploads\/2024\/09\/Movera-L-9963515100.jpg","width":640,"height":326},{"@type":"BreadcrumbList","@id":"https:\/\/shop.bantam.ch\/de\/produkt\/dvb-t2-antenne-teleco-wing11-omnidire-hd-ready-amp-at412-g5-5-m-koaxialkabel\/#breadcrumb","itemListElement":[{"@type":"ListItem","position":1,"name":"Accueil","item":"https:\/\/shop.bantam.ch\/de\/"},{"@type":"ListItem","position":2,"name":"Shop","item":"https:\/\/shop.bantam.ch\/de\/shop\/"},{"@type":"ListItem","position":3,"name":"DVB-T2 Antenne Teleco WING11 OMNIDIRE HD Ready + AMP. AT412 G5 5 m Koaxialkabel"}]},{"@type":"WebSite","@id":"https:\/\/shop.bantam.ch\/de\/#website","url":"https:\/\/shop.bantam.ch\/de\/","name":"Bantam Camping AG","description":"","publisher":{"@id":"https:\/\/shop.bantam.ch\/de\/#organization"},"inLanguage":"de"},{"@type":"Organization","@id":"https:\/\/shop.bantam.ch\/de\/#organization","name":"Bantam Camping AG","url":"https:\/\/shop.bantam.ch\/de\/","logo":{"@type":"ImageObject","inLanguage":"de","@id":"https:\/\/shop.bantam.ch\/de\/#\/schema\/logo\/image\/","url":"https:\/\/shop.bantam.ch\/wp-content\/uploads\/2022\/12\/bantam-logo.png","contentUrl":"https:\/\/shop.bantam.ch\/wp-content\/uploads\/2022\/12\/bantam-logo.png","width":320,"height":71,"caption":"Bantam Camping AG"},"image":{"@id":"https:\/\/shop.bantam.ch\/de\/#\/schema\/logo\/image\/"}}]}},"_links":{"self":[{"href":"https:\/\/shop.bantam.ch\/de\/wp-json\/wp\/v2\/product\/199149","targetHints":{"allow":["GET"]}}],"collection":[{"href":"https:\/\/shop.bantam.ch\/de\/wp-json\/wp\/v2\/product"}],"about":[{"href":"https:\/\/shop.bantam.ch\/de\/wp-json\/wp\/v2\/types\/product"}],"wp:featuredmedia":[{"embeddable":true,"href":"https:\/\/shop.bantam.ch\/de\/wp-json\/wp\/v2\/media\/207357"}],"wp:attachment":[{"href":"https:\/\/shop.bantam.ch\/de\/wp-json\/wp\/v2\/media?parent=199149"}],"wp:term":[{"taxonomy":"product_featured_cat","embeddable":true,"href":"https:\/\/shop.bantam.ch\/de\/wp-json\/wp\/v2\/product_featured_cat?post=199149"},{"taxonomy":"product_brand","embeddable":true,"href":"https:\/\/shop.bantam.ch\/de\/wp-json\/wp\/v2\/product_brand?post=199149"},{"taxonomy":"product_cat","embeddable":true,"href":"https:\/\/shop.bantam.ch\/de\/wp-json\/wp\/v2\/product_cat?post=199149"},{"taxonomy":"product_tag","embeddable":true,"href":"https:\/\/shop.bantam.ch\/de\/wp-json\/wp\/v2\/product_tag?post=199149"}],"curies":[{"name":"wp","href":"https:\/\/api.w.org\/{rel}","templated":true}]}}