{"id":199145,"date":"2024-05-15T17:04:28","date_gmt":"2024-05-15T15:04:28","guid":{"rendered":"https:\/\/shop.bantam.ch\/produit\/dvb-t2-antenne-teleco-teleplus-x2-110-vhf-uhf-v-o-2-fache-polaritaet-at412-g5-mast-110-cm\/"},"modified":"2026-04-19T23:17:32","modified_gmt":"2026-04-19T21:17:32","slug":"dvb-t2-antenne-teleco-teleplus-x2-110-vhf-uhf-v-o-2-fache-polaritaet-at412-g5-mast-110-cm","status":"publish","type":"product","link":"https:\/\/shop.bantam.ch\/de\/produkt\/dvb-t2-antenne-teleco-teleplus-x2-110-vhf-uhf-v-o-2-fache-polaritaet-at412-g5-mast-110-cm\/","title":{"rendered":"DVB-T2 Antenne Teleco Teleplus X2\/110 VHF, UHF V\/O 2-fache Polarit\u00e4t, AT412 G5 Mast 110 cm"},"content":{"rendered":"<p>Diese Antenne wurde ausgehend von der Erfahrung und des gro\u00dfen, mit der Antenne TELEPLUS erzielten Erfolgs entwickelt und hergestellt. Gro\u00dfe Aufmerksamkeit wurde der Steigerung der Verst\u00e4rkungskurve einger\u00e4umt, um eine noch gr\u00f6\u00dfere Empfindlichkeit f\u00fcr die schw\u00e4chsten Signale zu erreichen. Die Einf\u00fchrung des AUSRICHTMECHANISMUS der POLARIT\u00c4T erm\u00f6glicht zudem einen optimalen Empfang aller TV-Signale (digitale und analoge Signale), die sowohl mit HORIZONTALER als auch mit VERTIKALER Polarit\u00e4t \u00fcbertragen werden. &nbsp;(Die digitalen \u00dcbertragungen haben zu einer Zunahme der Signale mit VERTIKALER Polarit\u00e4t in einigen L\u00e4ndern, wie Italien und England, gef\u00fchrt). Mitgeliefert wird ein ger\u00e4uscharmer Verst\u00e4rker mit regulierbarer Verst\u00e4rkung, der sowohl mit 12 als auch mit 24 Vdc betrieben werden kann. Diese Antenne wurde ausgehend von der Erfahrung und des gro\u00dfen, mit der Antenne TELEPLUS erzielten Erfolgs entwickelt und hergestellt.<\/p>\n<ul>\n<li>Distanzkeil f\u00fcr eine perfekte Anpassung an jedes Dachprofil<\/li>\n<li>Einfaches und sicheres Arretiersystem des Mastes<\/li>\n<\/ul>\n<p>Verst\u00e4rkung mit Verst\u00e4rker:<\/p>\n<ul>\n<li>38 dB Kan\u00e4le 21 &#8211; 48 (UHF)<\/li>\n<li>22 dB Kan\u00e4le E5-E12 (VHF BIII)<\/li>\n<li>Stromversorgung: 12 Vdc &#8211; 24 Vdc<\/li>\n<\/ul>\n<p>\nTeleplus X2\/110 VU: mit 110 cm langem Mast<br \/>\nAusgestattet mit LTE-Sperrfilter zur Eliminierung der durch die neuen 4G\/5G-Smartphones erzeugten St\u00f6rungen. (Nur f\u00fcr L\u00e4nder, die die LTE-\u00dcbertragungen auf einer Bandbreite von 700 &#8211; 800 MHz bereits integriert haben).<\/p>\n","protected":false},"excerpt":{"rendered":"<p>Diese Antenne wurde ausgehend von der Erfahrung und des gro\u00dfen, mit der Antenne TELEPLUS erzielten Erfolgs entwickelt und hergestellt. Gro\u00dfe Aufmerksamkeit wurde der Steigerung der Verst\u00e4rkungskurve einger\u00e4umt, um eine noch gr\u00f6\u00dfere Empfindlichkeit f\u00fcr die schw\u00e4chsten Signale zu erreichen. Die Einf\u00fchrung des AUSRICHTMECHANISMUS der POLARIT\u00c4T erm\u00f6glicht zudem einen optimalen Empfang aller TV-Signale (digitale und analoge Signale), [&hellip;]<\/p>\n","protected":false},"featured_media":207355,"template":"","meta":{"_acf_changed":false},"product_featured_cat":[],"product_brand":[3231],"product_cat":[4990],"product_tag":[],"class_list":{"0":"post-199145","1":"product","2":"type-product","3":"status-publish","4":"has-post-thumbnail","6":"product_brand-teleco-de","7":"product_cat-antennen","9":"first","10":"instock","11":"taxable","12":"shipping-taxable","13":"purchasable","14":"product-type-simple"},"acf":[],"yoast_head":"<!-- This site is optimized with the Yoast SEO plugin v27.4 - https:\/\/yoast.com\/product\/yoast-seo-wordpress\/ -->\n<title>DVB-T2 Antenne Teleco Teleplus X2\/110 VHF, UHF V\/O 2-fache Polarit\u00e4t, AT412 G5 Mast 110 cm - Bantam Camping AG<\/title>\n<meta name=\"robots\" content=\"index, follow, max-snippet:-1, max-image-preview:large, max-video-preview:-1\" \/>\n<link rel=\"canonical\" href=\"https:\/\/shop.bantam.ch\/de\/produkt\/dvb-t2-antenne-teleco-teleplus-x2-110-vhf-uhf-v-o-2-fache-polaritaet-at412-g5-mast-110-cm\/\" \/>\n<meta property=\"og:locale\" content=\"de_DE\" \/>\n<meta property=\"og:type\" content=\"article\" \/>\n<meta property=\"og:title\" content=\"DVB-T2 Antenne Teleco Teleplus X2\/110 VHF, UHF V\/O 2-fache Polarit\u00e4t, AT412 G5 Mast 110 cm - Bantam Camping AG\" \/>\n<meta property=\"og:description\" content=\"Diese Antenne wurde ausgehend von der Erfahrung und des gro\u00dfen, mit der Antenne TELEPLUS erzielten Erfolgs entwickelt und hergestellt. Gro\u00dfe Aufmerksamkeit wurde der Steigerung der Verst\u00e4rkungskurve einger\u00e4umt, um eine noch gr\u00f6\u00dfere Empfindlichkeit f\u00fcr die schw\u00e4chsten Signale zu erreichen. Die Einf\u00fchrung des AUSRICHTMECHANISMUS der POLARIT\u00c4T erm\u00f6glicht zudem einen optimalen Empfang aller TV-Signale (digitale und analoge Signale), [&hellip;]\" \/>\n<meta property=\"og:url\" content=\"https:\/\/shop.bantam.ch\/de\/produkt\/dvb-t2-antenne-teleco-teleplus-x2-110-vhf-uhf-v-o-2-fache-polaritaet-at412-g5-mast-110-cm\/\" \/>\n<meta property=\"og:site_name\" content=\"Bantam Camping AG\" \/>\n<meta property=\"article:modified_time\" content=\"2026-04-19T21:17:32+00:00\" \/>\n<meta property=\"og:image\" content=\"https:\/\/shop.bantam.ch\/wp-content\/uploads\/2024\/05\/Movera-L-9963514100.jpg\" \/>\n\t<meta property=\"og:image:width\" content=\"640\" \/>\n\t<meta property=\"og:image:height\" content=\"814\" \/>\n\t<meta property=\"og:image:type\" content=\"image\/jpeg\" \/>\n<meta name=\"twitter:card\" content=\"summary_large_image\" \/>\n<meta name=\"twitter:label1\" content=\"Gesch\u00e4tzte Lesezeit\" \/>\n\t<meta name=\"twitter:data1\" content=\"1\u00a0Minute\" \/>\n<script type=\"application\/ld+json\" class=\"yoast-schema-graph\">{\"@context\":\"https:\\\/\\\/schema.org\",\"@graph\":[{\"@type\":\"WebPage\",\"@id\":\"https:\\\/\\\/shop.bantam.ch\\\/de\\\/produkt\\\/dvb-t2-antenne-teleco-teleplus-x2-110-vhf-uhf-v-o-2-fache-polaritaet-at412-g5-mast-110-cm\\\/\",\"url\":\"https:\\\/\\\/shop.bantam.ch\\\/de\\\/produkt\\\/dvb-t2-antenne-teleco-teleplus-x2-110-vhf-uhf-v-o-2-fache-polaritaet-at412-g5-mast-110-cm\\\/\",\"name\":\"DVB-T2 Antenne Teleco Teleplus X2\\\/110 VHF, UHF V\\\/O 2-fache Polarit\u00e4t, AT412 G5 Mast 110 cm - Bantam Camping AG\",\"isPartOf\":{\"@id\":\"https:\\\/\\\/shop.bantam.ch\\\/de\\\/#website\"},\"primaryImageOfPage\":{\"@id\":\"https:\\\/\\\/shop.bantam.ch\\\/de\\\/produkt\\\/dvb-t2-antenne-teleco-teleplus-x2-110-vhf-uhf-v-o-2-fache-polaritaet-at412-g5-mast-110-cm\\\/#primaryimage\"},\"image\":{\"@id\":\"https:\\\/\\\/shop.bantam.ch\\\/de\\\/produkt\\\/dvb-t2-antenne-teleco-teleplus-x2-110-vhf-uhf-v-o-2-fache-polaritaet-at412-g5-mast-110-cm\\\/#primaryimage\"},\"thumbnailUrl\":\"https:\\\/\\\/shop.bantam.ch\\\/wp-content\\\/uploads\\\/2024\\\/09\\\/Movera-L-9963514100.jpg\",\"datePublished\":\"2024-05-15T15:04:28+00:00\",\"dateModified\":\"2026-04-19T21:17:32+00:00\",\"breadcrumb\":{\"@id\":\"https:\\\/\\\/shop.bantam.ch\\\/de\\\/produkt\\\/dvb-t2-antenne-teleco-teleplus-x2-110-vhf-uhf-v-o-2-fache-polaritaet-at412-g5-mast-110-cm\\\/#breadcrumb\"},\"inLanguage\":\"de\",\"potentialAction\":[{\"@type\":\"ReadAction\",\"target\":[\"https:\\\/\\\/shop.bantam.ch\\\/de\\\/produkt\\\/dvb-t2-antenne-teleco-teleplus-x2-110-vhf-uhf-v-o-2-fache-polaritaet-at412-g5-mast-110-cm\\\/\"]}]},{\"@type\":\"ImageObject\",\"inLanguage\":\"de\",\"@id\":\"https:\\\/\\\/shop.bantam.ch\\\/de\\\/produkt\\\/dvb-t2-antenne-teleco-teleplus-x2-110-vhf-uhf-v-o-2-fache-polaritaet-at412-g5-mast-110-cm\\\/#primaryimage\",\"url\":\"https:\\\/\\\/shop.bantam.ch\\\/wp-content\\\/uploads\\\/2024\\\/09\\\/Movera-L-9963514100.jpg\",\"contentUrl\":\"https:\\\/\\\/shop.bantam.ch\\\/wp-content\\\/uploads\\\/2024\\\/09\\\/Movera-L-9963514100.jpg\",\"width\":640,\"height\":814},{\"@type\":\"BreadcrumbList\",\"@id\":\"https:\\\/\\\/shop.bantam.ch\\\/de\\\/produkt\\\/dvb-t2-antenne-teleco-teleplus-x2-110-vhf-uhf-v-o-2-fache-polaritaet-at412-g5-mast-110-cm\\\/#breadcrumb\",\"itemListElement\":[{\"@type\":\"ListItem\",\"position\":1,\"name\":\"Accueil\",\"item\":\"https:\\\/\\\/shop.bantam.ch\\\/de\\\/\"},{\"@type\":\"ListItem\",\"position\":2,\"name\":\"Shop\",\"item\":\"https:\\\/\\\/shop.bantam.ch\\\/de\\\/shop\\\/\"},{\"@type\":\"ListItem\",\"position\":3,\"name\":\"DVB-T2 Antenne Teleco Teleplus X2\\\/110 VHF, UHF V\\\/O 2-fache Polarit\u00e4t, AT412 G5 Mast 110 cm\"}]},{\"@type\":\"WebSite\",\"@id\":\"https:\\\/\\\/shop.bantam.ch\\\/de\\\/#website\",\"url\":\"https:\\\/\\\/shop.bantam.ch\\\/de\\\/\",\"name\":\"Bantam Camping AG\",\"description\":\"\",\"publisher\":{\"@id\":\"https:\\\/\\\/shop.bantam.ch\\\/de\\\/#organization\"},\"inLanguage\":\"de\"},{\"@type\":\"Organization\",\"@id\":\"https:\\\/\\\/shop.bantam.ch\\\/de\\\/#organization\",\"name\":\"Bantam Camping AG\",\"url\":\"https:\\\/\\\/shop.bantam.ch\\\/de\\\/\",\"logo\":{\"@type\":\"ImageObject\",\"inLanguage\":\"de\",\"@id\":\"https:\\\/\\\/shop.bantam.ch\\\/de\\\/#\\\/schema\\\/logo\\\/image\\\/\",\"url\":\"https:\\\/\\\/shop.bantam.ch\\\/wp-content\\\/uploads\\\/2022\\\/12\\\/bantam-logo.png\",\"contentUrl\":\"https:\\\/\\\/shop.bantam.ch\\\/wp-content\\\/uploads\\\/2022\\\/12\\\/bantam-logo.png\",\"width\":320,\"height\":71,\"caption\":\"Bantam Camping AG\"},\"image\":{\"@id\":\"https:\\\/\\\/shop.bantam.ch\\\/de\\\/#\\\/schema\\\/logo\\\/image\\\/\"}}]}<\/script>\n<!-- \/ Yoast SEO plugin. -->","yoast_head_json":{"title":"DVB-T2 Antenne Teleco Teleplus X2\/110 VHF, UHF V\/O 2-fache Polarit\u00e4t, AT412 G5 Mast 110 cm - Bantam Camping AG","robots":{"index":"index","follow":"follow","max-snippet":"max-snippet:-1","max-image-preview":"max-image-preview:large","max-video-preview":"max-video-preview:-1"},"canonical":"https:\/\/shop.bantam.ch\/de\/produkt\/dvb-t2-antenne-teleco-teleplus-x2-110-vhf-uhf-v-o-2-fache-polaritaet-at412-g5-mast-110-cm\/","og_locale":"de_DE","og_type":"article","og_title":"DVB-T2 Antenne Teleco Teleplus X2\/110 VHF, UHF V\/O 2-fache Polarit\u00e4t, AT412 G5 Mast 110 cm - Bantam Camping AG","og_description":"Diese Antenne wurde ausgehend von der Erfahrung und des gro\u00dfen, mit der Antenne TELEPLUS erzielten Erfolgs entwickelt und hergestellt. Gro\u00dfe Aufmerksamkeit wurde der Steigerung der Verst\u00e4rkungskurve einger\u00e4umt, um eine noch gr\u00f6\u00dfere Empfindlichkeit f\u00fcr die schw\u00e4chsten Signale zu erreichen. Die Einf\u00fchrung des AUSRICHTMECHANISMUS der POLARIT\u00c4T erm\u00f6glicht zudem einen optimalen Empfang aller TV-Signale (digitale und analoge Signale), [&hellip;]","og_url":"https:\/\/shop.bantam.ch\/de\/produkt\/dvb-t2-antenne-teleco-teleplus-x2-110-vhf-uhf-v-o-2-fache-polaritaet-at412-g5-mast-110-cm\/","og_site_name":"Bantam Camping AG","article_modified_time":"2026-04-19T21:17:32+00:00","og_image":[{"width":640,"height":814,"url":"https:\/\/shop.bantam.ch\/wp-content\/uploads\/2024\/05\/Movera-L-9963514100.jpg","type":"image\/jpeg"}],"twitter_card":"summary_large_image","twitter_misc":{"Gesch\u00e4tzte Lesezeit":"1\u00a0Minute"},"schema":{"@context":"https:\/\/schema.org","@graph":[{"@type":"WebPage","@id":"https:\/\/shop.bantam.ch\/de\/produkt\/dvb-t2-antenne-teleco-teleplus-x2-110-vhf-uhf-v-o-2-fache-polaritaet-at412-g5-mast-110-cm\/","url":"https:\/\/shop.bantam.ch\/de\/produkt\/dvb-t2-antenne-teleco-teleplus-x2-110-vhf-uhf-v-o-2-fache-polaritaet-at412-g5-mast-110-cm\/","name":"DVB-T2 Antenne Teleco Teleplus X2\/110 VHF, UHF V\/O 2-fache Polarit\u00e4t, AT412 G5 Mast 110 cm - Bantam Camping AG","isPartOf":{"@id":"https:\/\/shop.bantam.ch\/de\/#website"},"primaryImageOfPage":{"@id":"https:\/\/shop.bantam.ch\/de\/produkt\/dvb-t2-antenne-teleco-teleplus-x2-110-vhf-uhf-v-o-2-fache-polaritaet-at412-g5-mast-110-cm\/#primaryimage"},"image":{"@id":"https:\/\/shop.bantam.ch\/de\/produkt\/dvb-t2-antenne-teleco-teleplus-x2-110-vhf-uhf-v-o-2-fache-polaritaet-at412-g5-mast-110-cm\/#primaryimage"},"thumbnailUrl":"https:\/\/shop.bantam.ch\/wp-content\/uploads\/2024\/09\/Movera-L-9963514100.jpg","datePublished":"2024-05-15T15:04:28+00:00","dateModified":"2026-04-19T21:17:32+00:00","breadcrumb":{"@id":"https:\/\/shop.bantam.ch\/de\/produkt\/dvb-t2-antenne-teleco-teleplus-x2-110-vhf-uhf-v-o-2-fache-polaritaet-at412-g5-mast-110-cm\/#breadcrumb"},"inLanguage":"de","potentialAction":[{"@type":"ReadAction","target":["https:\/\/shop.bantam.ch\/de\/produkt\/dvb-t2-antenne-teleco-teleplus-x2-110-vhf-uhf-v-o-2-fache-polaritaet-at412-g5-mast-110-cm\/"]}]},{"@type":"ImageObject","inLanguage":"de","@id":"https:\/\/shop.bantam.ch\/de\/produkt\/dvb-t2-antenne-teleco-teleplus-x2-110-vhf-uhf-v-o-2-fache-polaritaet-at412-g5-mast-110-cm\/#primaryimage","url":"https:\/\/shop.bantam.ch\/wp-content\/uploads\/2024\/09\/Movera-L-9963514100.jpg","contentUrl":"https:\/\/shop.bantam.ch\/wp-content\/uploads\/2024\/09\/Movera-L-9963514100.jpg","width":640,"height":814},{"@type":"BreadcrumbList","@id":"https:\/\/shop.bantam.ch\/de\/produkt\/dvb-t2-antenne-teleco-teleplus-x2-110-vhf-uhf-v-o-2-fache-polaritaet-at412-g5-mast-110-cm\/#breadcrumb","itemListElement":[{"@type":"ListItem","position":1,"name":"Accueil","item":"https:\/\/shop.bantam.ch\/de\/"},{"@type":"ListItem","position":2,"name":"Shop","item":"https:\/\/shop.bantam.ch\/de\/shop\/"},{"@type":"ListItem","position":3,"name":"DVB-T2 Antenne Teleco Teleplus X2\/110 VHF, UHF V\/O 2-fache Polarit\u00e4t, AT412 G5 Mast 110 cm"}]},{"@type":"WebSite","@id":"https:\/\/shop.bantam.ch\/de\/#website","url":"https:\/\/shop.bantam.ch\/de\/","name":"Bantam Camping AG","description":"","publisher":{"@id":"https:\/\/shop.bantam.ch\/de\/#organization"},"inLanguage":"de"},{"@type":"Organization","@id":"https:\/\/shop.bantam.ch\/de\/#organization","name":"Bantam Camping AG","url":"https:\/\/shop.bantam.ch\/de\/","logo":{"@type":"ImageObject","inLanguage":"de","@id":"https:\/\/shop.bantam.ch\/de\/#\/schema\/logo\/image\/","url":"https:\/\/shop.bantam.ch\/wp-content\/uploads\/2022\/12\/bantam-logo.png","contentUrl":"https:\/\/shop.bantam.ch\/wp-content\/uploads\/2022\/12\/bantam-logo.png","width":320,"height":71,"caption":"Bantam Camping AG"},"image":{"@id":"https:\/\/shop.bantam.ch\/de\/#\/schema\/logo\/image\/"}}]}},"_links":{"self":[{"href":"https:\/\/shop.bantam.ch\/de\/wp-json\/wp\/v2\/product\/199145","targetHints":{"allow":["GET"]}}],"collection":[{"href":"https:\/\/shop.bantam.ch\/de\/wp-json\/wp\/v2\/product"}],"about":[{"href":"https:\/\/shop.bantam.ch\/de\/wp-json\/wp\/v2\/types\/product"}],"wp:featuredmedia":[{"embeddable":true,"href":"https:\/\/shop.bantam.ch\/de\/wp-json\/wp\/v2\/media\/207355"}],"wp:attachment":[{"href":"https:\/\/shop.bantam.ch\/de\/wp-json\/wp\/v2\/media?parent=199145"}],"wp:term":[{"taxonomy":"product_featured_cat","embeddable":true,"href":"https:\/\/shop.bantam.ch\/de\/wp-json\/wp\/v2\/product_featured_cat?post=199145"},{"taxonomy":"product_brand","embeddable":true,"href":"https:\/\/shop.bantam.ch\/de\/wp-json\/wp\/v2\/product_brand?post=199145"},{"taxonomy":"product_cat","embeddable":true,"href":"https:\/\/shop.bantam.ch\/de\/wp-json\/wp\/v2\/product_cat?post=199145"},{"taxonomy":"product_tag","embeddable":true,"href":"https:\/\/shop.bantam.ch\/de\/wp-json\/wp\/v2\/product_tag?post=199145"}],"curies":[{"name":"wp","href":"https:\/\/api.w.org\/{rel}","templated":true}]}}