{"id":199137,"date":"2024-05-15T17:04:14","date_gmt":"2024-05-15T15:04:14","guid":{"rendered":"https:\/\/shop.bantam.ch\/produit\/dvb-t2-antenne-teleco-wing\/"},"modified":"2026-04-22T23:12:02","modified_gmt":"2026-04-22T21:12:02","slug":"dvb-t2-antenne-teleco-wing","status":"publish","type":"product","link":"https:\/\/shop.bantam.ch\/de\/produkt\/dvb-t2-antenne-teleco-wing\/","title":{"rendered":"DVB-T2 Antenne Teleco Wing"},"content":{"rendered":"<p>Allrichtungsantennen 360\u00b0 26 dB UHF &#8211; 9 dB VHF- B3<\/p>\n<p>MINI-Antenne (nur 31 cm Durchmesser), die speziell f\u00fcr den Empfang von UHF-Kan\u00e4len entwickelt wurde. Die spezielle Schaltkonfiguration zusammen mit einem Hochleistungsverst\u00e4rker erm\u00f6glicht in jedem Fall auch den Empfang von Programmen in VHF B3.<\/p>\n<p>Ausgestattet mit LTE-Sperrfilter zur Eliminierung der durch die neuen 4G\/5G-Smartphones erzeugten St\u00f6rungen. (Nur f\u00fcr L\u00e4nder, die die LTE-\u00dcbertragungen auf einer Bandbreite von 700 &#8211; 800 MHz bereits integriert haben).<\/p>\n<p>&nbsp;<\/p>\n<p>Verst\u00e4rkung mit Verst\u00e4rker:<br \/>\nCH 5-12 &nbsp;9dB \/ CH 21-48 &nbsp;26dB<\/p>\n","protected":false},"excerpt":{"rendered":"<p>Allrichtungsantennen 360\u00b0 26 dB UHF &#8211; 9 dB VHF- B3 MINI-Antenne (nur 31 cm Durchmesser), die speziell f\u00fcr den Empfang von UHF-Kan\u00e4len entwickelt wurde. Die spezielle Schaltkonfiguration zusammen mit einem Hochleistungsverst\u00e4rker erm\u00f6glicht in jedem Fall auch den Empfang von Programmen in VHF B3. Ausgestattet mit LTE-Sperrfilter zur Eliminierung der durch die neuen 4G\/5G-Smartphones erzeugten St\u00f6rungen. [&hellip;]<\/p>\n","protected":false},"featured_media":207351,"template":"","meta":{"_acf_changed":false},"product_featured_cat":[],"product_brand":[3231],"product_cat":[4990],"product_tag":[],"class_list":{"0":"post-199137","1":"product","2":"type-product","3":"status-publish","4":"has-post-thumbnail","6":"product_brand-teleco-de","7":"product_cat-antennen","9":"first","10":"instock","11":"taxable","12":"shipping-taxable","13":"purchasable","14":"product-type-simple"},"acf":[],"yoast_head":"<!-- This site is optimized with the Yoast SEO plugin v27.4 - https:\/\/yoast.com\/product\/yoast-seo-wordpress\/ -->\n<title>DVB-T2 Antenne Teleco Wing - Bantam Camping AG<\/title>\n<meta name=\"robots\" content=\"index, follow, max-snippet:-1, max-image-preview:large, max-video-preview:-1\" \/>\n<link rel=\"canonical\" href=\"https:\/\/shop.bantam.ch\/de\/produkt\/dvb-t2-antenne-teleco-wing\/\" \/>\n<meta property=\"og:locale\" content=\"de_DE\" \/>\n<meta property=\"og:type\" content=\"article\" \/>\n<meta property=\"og:title\" content=\"DVB-T2 Antenne Teleco Wing - Bantam Camping AG\" \/>\n<meta property=\"og:description\" content=\"Allrichtungsantennen 360\u00b0 26 dB UHF &#8211; 9 dB VHF- B3 MINI-Antenne (nur 31 cm Durchmesser), die speziell f\u00fcr den Empfang von UHF-Kan\u00e4len entwickelt wurde. Die spezielle Schaltkonfiguration zusammen mit einem Hochleistungsverst\u00e4rker erm\u00f6glicht in jedem Fall auch den Empfang von Programmen in VHF B3. Ausgestattet mit LTE-Sperrfilter zur Eliminierung der durch die neuen 4G\/5G-Smartphones erzeugten St\u00f6rungen. [&hellip;]\" \/>\n<meta property=\"og:url\" content=\"https:\/\/shop.bantam.ch\/de\/produkt\/dvb-t2-antenne-teleco-wing\/\" \/>\n<meta property=\"og:site_name\" content=\"Bantam Camping AG\" \/>\n<meta property=\"article:modified_time\" content=\"2026-04-22T21:12:02+00:00\" \/>\n<meta property=\"og:image\" content=\"https:\/\/shop.bantam.ch\/wp-content\/uploads\/2024\/05\/Movera-L-9963512100.jpg\" \/>\n\t<meta property=\"og:image:width\" content=\"640\" \/>\n\t<meta property=\"og:image:height\" content=\"274\" \/>\n\t<meta property=\"og:image:type\" content=\"image\/jpeg\" \/>\n<meta name=\"twitter:card\" content=\"summary_large_image\" \/>\n<script type=\"application\/ld+json\" class=\"yoast-schema-graph\">{\"@context\":\"https:\\\/\\\/schema.org\",\"@graph\":[{\"@type\":\"WebPage\",\"@id\":\"https:\\\/\\\/shop.bantam.ch\\\/de\\\/produkt\\\/dvb-t2-antenne-teleco-wing\\\/\",\"url\":\"https:\\\/\\\/shop.bantam.ch\\\/de\\\/produkt\\\/dvb-t2-antenne-teleco-wing\\\/\",\"name\":\"DVB-T2 Antenne Teleco Wing - Bantam Camping AG\",\"isPartOf\":{\"@id\":\"https:\\\/\\\/shop.bantam.ch\\\/de\\\/#website\"},\"primaryImageOfPage\":{\"@id\":\"https:\\\/\\\/shop.bantam.ch\\\/de\\\/produkt\\\/dvb-t2-antenne-teleco-wing\\\/#primaryimage\"},\"image\":{\"@id\":\"https:\\\/\\\/shop.bantam.ch\\\/de\\\/produkt\\\/dvb-t2-antenne-teleco-wing\\\/#primaryimage\"},\"thumbnailUrl\":\"https:\\\/\\\/shop.bantam.ch\\\/wp-content\\\/uploads\\\/2024\\\/09\\\/Movera-L-9963512100.jpg\",\"datePublished\":\"2024-05-15T15:04:14+00:00\",\"dateModified\":\"2026-04-22T21:12:02+00:00\",\"breadcrumb\":{\"@id\":\"https:\\\/\\\/shop.bantam.ch\\\/de\\\/produkt\\\/dvb-t2-antenne-teleco-wing\\\/#breadcrumb\"},\"inLanguage\":\"de\",\"potentialAction\":[{\"@type\":\"ReadAction\",\"target\":[\"https:\\\/\\\/shop.bantam.ch\\\/de\\\/produkt\\\/dvb-t2-antenne-teleco-wing\\\/\"]}]},{\"@type\":\"ImageObject\",\"inLanguage\":\"de\",\"@id\":\"https:\\\/\\\/shop.bantam.ch\\\/de\\\/produkt\\\/dvb-t2-antenne-teleco-wing\\\/#primaryimage\",\"url\":\"https:\\\/\\\/shop.bantam.ch\\\/wp-content\\\/uploads\\\/2024\\\/09\\\/Movera-L-9963512100.jpg\",\"contentUrl\":\"https:\\\/\\\/shop.bantam.ch\\\/wp-content\\\/uploads\\\/2024\\\/09\\\/Movera-L-9963512100.jpg\",\"width\":640,\"height\":274},{\"@type\":\"BreadcrumbList\",\"@id\":\"https:\\\/\\\/shop.bantam.ch\\\/de\\\/produkt\\\/dvb-t2-antenne-teleco-wing\\\/#breadcrumb\",\"itemListElement\":[{\"@type\":\"ListItem\",\"position\":1,\"name\":\"Accueil\",\"item\":\"https:\\\/\\\/shop.bantam.ch\\\/de\\\/\"},{\"@type\":\"ListItem\",\"position\":2,\"name\":\"Shop\",\"item\":\"https:\\\/\\\/shop.bantam.ch\\\/de\\\/shop\\\/\"},{\"@type\":\"ListItem\",\"position\":3,\"name\":\"DVB-T2 Antenne Teleco Wing\"}]},{\"@type\":\"WebSite\",\"@id\":\"https:\\\/\\\/shop.bantam.ch\\\/de\\\/#website\",\"url\":\"https:\\\/\\\/shop.bantam.ch\\\/de\\\/\",\"name\":\"Bantam Camping AG\",\"description\":\"\",\"publisher\":{\"@id\":\"https:\\\/\\\/shop.bantam.ch\\\/de\\\/#organization\"},\"inLanguage\":\"de\"},{\"@type\":\"Organization\",\"@id\":\"https:\\\/\\\/shop.bantam.ch\\\/de\\\/#organization\",\"name\":\"Bantam Camping AG\",\"url\":\"https:\\\/\\\/shop.bantam.ch\\\/de\\\/\",\"logo\":{\"@type\":\"ImageObject\",\"inLanguage\":\"de\",\"@id\":\"https:\\\/\\\/shop.bantam.ch\\\/de\\\/#\\\/schema\\\/logo\\\/image\\\/\",\"url\":\"https:\\\/\\\/shop.bantam.ch\\\/wp-content\\\/uploads\\\/2022\\\/12\\\/bantam-logo.png\",\"contentUrl\":\"https:\\\/\\\/shop.bantam.ch\\\/wp-content\\\/uploads\\\/2022\\\/12\\\/bantam-logo.png\",\"width\":320,\"height\":71,\"caption\":\"Bantam Camping AG\"},\"image\":{\"@id\":\"https:\\\/\\\/shop.bantam.ch\\\/de\\\/#\\\/schema\\\/logo\\\/image\\\/\"}}]}<\/script>\n<!-- \/ Yoast SEO plugin. -->","yoast_head_json":{"title":"DVB-T2 Antenne Teleco Wing - Bantam Camping AG","robots":{"index":"index","follow":"follow","max-snippet":"max-snippet:-1","max-image-preview":"max-image-preview:large","max-video-preview":"max-video-preview:-1"},"canonical":"https:\/\/shop.bantam.ch\/de\/produkt\/dvb-t2-antenne-teleco-wing\/","og_locale":"de_DE","og_type":"article","og_title":"DVB-T2 Antenne Teleco Wing - Bantam Camping AG","og_description":"Allrichtungsantennen 360\u00b0 26 dB UHF &#8211; 9 dB VHF- B3 MINI-Antenne (nur 31 cm Durchmesser), die speziell f\u00fcr den Empfang von UHF-Kan\u00e4len entwickelt wurde. Die spezielle Schaltkonfiguration zusammen mit einem Hochleistungsverst\u00e4rker erm\u00f6glicht in jedem Fall auch den Empfang von Programmen in VHF B3. Ausgestattet mit LTE-Sperrfilter zur Eliminierung der durch die neuen 4G\/5G-Smartphones erzeugten St\u00f6rungen. [&hellip;]","og_url":"https:\/\/shop.bantam.ch\/de\/produkt\/dvb-t2-antenne-teleco-wing\/","og_site_name":"Bantam Camping AG","article_modified_time":"2026-04-22T21:12:02+00:00","og_image":[{"width":640,"height":274,"url":"https:\/\/shop.bantam.ch\/wp-content\/uploads\/2024\/05\/Movera-L-9963512100.jpg","type":"image\/jpeg"}],"twitter_card":"summary_large_image","schema":{"@context":"https:\/\/schema.org","@graph":[{"@type":"WebPage","@id":"https:\/\/shop.bantam.ch\/de\/produkt\/dvb-t2-antenne-teleco-wing\/","url":"https:\/\/shop.bantam.ch\/de\/produkt\/dvb-t2-antenne-teleco-wing\/","name":"DVB-T2 Antenne Teleco Wing - Bantam Camping AG","isPartOf":{"@id":"https:\/\/shop.bantam.ch\/de\/#website"},"primaryImageOfPage":{"@id":"https:\/\/shop.bantam.ch\/de\/produkt\/dvb-t2-antenne-teleco-wing\/#primaryimage"},"image":{"@id":"https:\/\/shop.bantam.ch\/de\/produkt\/dvb-t2-antenne-teleco-wing\/#primaryimage"},"thumbnailUrl":"https:\/\/shop.bantam.ch\/wp-content\/uploads\/2024\/09\/Movera-L-9963512100.jpg","datePublished":"2024-05-15T15:04:14+00:00","dateModified":"2026-04-22T21:12:02+00:00","breadcrumb":{"@id":"https:\/\/shop.bantam.ch\/de\/produkt\/dvb-t2-antenne-teleco-wing\/#breadcrumb"},"inLanguage":"de","potentialAction":[{"@type":"ReadAction","target":["https:\/\/shop.bantam.ch\/de\/produkt\/dvb-t2-antenne-teleco-wing\/"]}]},{"@type":"ImageObject","inLanguage":"de","@id":"https:\/\/shop.bantam.ch\/de\/produkt\/dvb-t2-antenne-teleco-wing\/#primaryimage","url":"https:\/\/shop.bantam.ch\/wp-content\/uploads\/2024\/09\/Movera-L-9963512100.jpg","contentUrl":"https:\/\/shop.bantam.ch\/wp-content\/uploads\/2024\/09\/Movera-L-9963512100.jpg","width":640,"height":274},{"@type":"BreadcrumbList","@id":"https:\/\/shop.bantam.ch\/de\/produkt\/dvb-t2-antenne-teleco-wing\/#breadcrumb","itemListElement":[{"@type":"ListItem","position":1,"name":"Accueil","item":"https:\/\/shop.bantam.ch\/de\/"},{"@type":"ListItem","position":2,"name":"Shop","item":"https:\/\/shop.bantam.ch\/de\/shop\/"},{"@type":"ListItem","position":3,"name":"DVB-T2 Antenne Teleco Wing"}]},{"@type":"WebSite","@id":"https:\/\/shop.bantam.ch\/de\/#website","url":"https:\/\/shop.bantam.ch\/de\/","name":"Bantam Camping AG","description":"","publisher":{"@id":"https:\/\/shop.bantam.ch\/de\/#organization"},"inLanguage":"de"},{"@type":"Organization","@id":"https:\/\/shop.bantam.ch\/de\/#organization","name":"Bantam Camping AG","url":"https:\/\/shop.bantam.ch\/de\/","logo":{"@type":"ImageObject","inLanguage":"de","@id":"https:\/\/shop.bantam.ch\/de\/#\/schema\/logo\/image\/","url":"https:\/\/shop.bantam.ch\/wp-content\/uploads\/2022\/12\/bantam-logo.png","contentUrl":"https:\/\/shop.bantam.ch\/wp-content\/uploads\/2022\/12\/bantam-logo.png","width":320,"height":71,"caption":"Bantam Camping AG"},"image":{"@id":"https:\/\/shop.bantam.ch\/de\/#\/schema\/logo\/image\/"}}]}},"_links":{"self":[{"href":"https:\/\/shop.bantam.ch\/de\/wp-json\/wp\/v2\/product\/199137","targetHints":{"allow":["GET"]}}],"collection":[{"href":"https:\/\/shop.bantam.ch\/de\/wp-json\/wp\/v2\/product"}],"about":[{"href":"https:\/\/shop.bantam.ch\/de\/wp-json\/wp\/v2\/types\/product"}],"wp:featuredmedia":[{"embeddable":true,"href":"https:\/\/shop.bantam.ch\/de\/wp-json\/wp\/v2\/media\/207351"}],"wp:attachment":[{"href":"https:\/\/shop.bantam.ch\/de\/wp-json\/wp\/v2\/media?parent=199137"}],"wp:term":[{"taxonomy":"product_featured_cat","embeddable":true,"href":"https:\/\/shop.bantam.ch\/de\/wp-json\/wp\/v2\/product_featured_cat?post=199137"},{"taxonomy":"product_brand","embeddable":true,"href":"https:\/\/shop.bantam.ch\/de\/wp-json\/wp\/v2\/product_brand?post=199137"},{"taxonomy":"product_cat","embeddable":true,"href":"https:\/\/shop.bantam.ch\/de\/wp-json\/wp\/v2\/product_cat?post=199137"},{"taxonomy":"product_tag","embeddable":true,"href":"https:\/\/shop.bantam.ch\/de\/wp-json\/wp\/v2\/product_tag?post=199137"}],"curies":[{"name":"wp","href":"https:\/\/api.w.org\/{rel}","templated":true}]}}