{"id":199101,"date":"2024-05-15T17:03:37","date_gmt":"2024-05-15T15:03:37","guid":{"rendered":"https:\/\/shop.bantam.ch\/produit\/rueckfahrkamera-set-car-guard-7-zoll-monitorfunk-r-kamera-bis-4-kameras\/"},"modified":"2026-04-18T23:14:41","modified_gmt":"2026-04-18T21:14:41","slug":"rueckfahrkamera-set-car-guard-7-zoll-monitorfunk-r-kamera-bis-4-kameras","status":"publish","type":"product","link":"https:\/\/shop.bantam.ch\/de\/produkt\/rueckfahrkamera-set-car-guard-7-zoll-monitorfunk-r-kamera-bis-4-kameras\/","title":{"rendered":"R\u00fcckfahrkamera-Set CAR GUARD 7 Zoll Monitor+Funk R.Kamera bis 4 Kameras"},"content":{"rendered":"<p>CARGUARD REAR ANGEL VIEW RAV-FMS 7QHD, 7 Zoll Funk-AHD-Monitor, 1024&#215;600 Pixel + 4 kabellose RAV-F Funk-R\u00fcckfahrkameras 1080p, 115\u00b0, 4 Kamera-Eing\u00e4nge, Split-Funktion, 9-32V, Leitlinien<br \/>\nDas Funk-\u00dcbertragungssystem mit 4 digitalen Kameras und 7 Zoll Funk-AHD-Monitor kann in allen LKW, Wohnwagen, Reisemobilen, Bussen, Baumaschinen und anderen Fahrzeugen eingesetzt werden. Das Einparken und Beobachten des r\u00fcckw\u00e4rtigen Verkehrs wird so zum Kinderspiel. Nach einmaliger Kopplung wird das Signal automatisch gesucht. Dank des Einsatzes der fortschrittlichsten Technologie geh\u00f6ren Funksignal-St\u00f6rungen der Vergangenheit an.<\/p>\n<p>Die Antennen von Kamera und Monitor k\u00f6nnen mittels einem 4,5m langen Verl\u00e4ngerungskabel an beliebiger Stelle montiert werden, damit die Funkreichweite un\u00fcbertroffen wird.<br \/>\nDas Bild wird nach digitaler Verriegelung automatisch \u00fcbertragen und ist frei von Bildrauschen, selbst auf gro\u00dfen Reichweiten. Zur leichteren Orientierung k\u00f6nnen Leitlinien je angeschlossene Kamera einzeln zugeschaltet werden. Der robuste Monitor mit hervorragender Bildqualit\u00e4t ist in einem gro\u00dfen Temperaturbereich und hoher Luftfeuchtigkeit einsatzbereit. Die \u00dcbertragungsqualit\u00e4t ist ebenso stabil und zuverl\u00e4ssig wie mit einem kabelgebundenen System &#8211; bis zu einer Reichweite von 100m.<\/p>\n<p>Ger\u00e4teinformationen Monitor:<\/p>\n<ul>\n<li>4 Funk-Kameraeing\u00e4nge (bis 1080P)<\/li>\n<li>Herausragende Aufl\u00f6sung: 610.000 Pixel<\/li>\n<li>Bildformat: 16:9<\/li>\n<li>Automatisches Suchen des Signals nach initialer Kopplung<\/li>\n<li>Geeignet f\u00fcr alle Arten von Fahrzeugen<\/li>\n<li>Split-Funktion (Einzelbild-\/4-fach-Bild-Anzeige)<\/li>\n<li>Leitlinien (je angeschlossene Kamera einzeln zuschaltbar)<\/li>\n<li>Fortschrittliche Technologie f\u00fcr Signal-st\u00f6rungsfreie Funktion<\/li>\n<li>Funkreichweite bis zu 100m<\/li>\n<li>Integrierter Lautsprecher<\/li>\n<li>Keine Verl\u00e4ngerungskabel notwendig<\/li>\n<li>Einstelloption f\u00fcr Kontrast\/S\u00e4ttigung\/Helligkeit<\/li>\n<li>Kameras sind spiegel- bzw. drehbar f\u00fcr den Front-\/Heckeinsatz oder links-\/rechtsseitige Montage<\/li>\n<li>Automatische Bild\u00fcbertragung nach digitaler Verriegelung<\/li>\n<li>Auch auf gro\u00dfer Reichweite ohne Bildrauschen<\/li>\n<li>F\u00fcr TV-Systeme PAL (25f\/s) und NTSC (30f\/s)<\/li>\n<li>OSD- Einstelloptionen:Helligkeit \/Kontrast \/Farbs\u00e4ttigung \/ Lautst\u00e4rke<\/li>\n<li>Ersch\u00fctterungs-Level der Kamera: 10G<\/li>\n<li>Verz\u00f6gerungszeit: 120ms<\/li>\n<li>Sichtwinkel: Horizontal: L+R (85\u00b0) &#8211; Vertikal: H+R (85\u00b0)<\/li>\n<li>Frequenzbereich: 2400 &#8211; 2483,5 MHz<\/li>\n<li>\u00dcbertragungsbandbreite: 8MHz BER &lt; 1E-3<\/li>\n<li>AV Input: 1 Kanal HD kabellos<\/li>\n<li>Signalreichweite: 100m<\/li>\n<li>Stromverbrauch Monitor: &lt;3W<\/li>\n<li>Betriebstemperaturbereich: -20\u00b0 C bis 75\u00b0 C, max. relative Luftfeuchtigkeit 95%<\/li>\n<\/ul>\n<p>Ger\u00e4teinformationen Kameras:<\/p>\n<ul>\n<li>4 St\u00fcck RAV-F FUNK-R\u00dcCKFAHRKAMERAS<\/li>\n<li>konstruiert entsprechend der Schutzklasse IP69K, die h\u00f6chste Schutznorm f\u00fcr Bauteile an Fahrzeugen<\/li>\n<li>Schutz gegen Wasser bei Hochdruckreinigern<\/li>\n<li>Schutz gegen dauerndes Untertauchen<\/li>\n<li>Schutz gegen Fremdk\u00f6rper: absolut staubdicht<\/li>\n<li>Schutz gegen Ber\u00fchrungen und Ersch\u00fctterungen<\/li>\n<li>das pulverbeschichtete silberne Aluminium- Druckgussgeh\u00e4use wird zus\u00e4tzlich durch eine korrosionsfreie Sonnenschutzblende und einen 2 mm dicken, verwindungssteifen Montagefu\u00df aus Edelstahl gesch\u00fctzt<\/li>\n<li>\u00e4u\u00dferst unempfindlich gegen \u00c4ste, Hochdruckreiniger, Sturm, Dreck, Winterwitterung und Regen<\/li>\n<li>wasserfeste Schraubverbindungen<\/li>\n<li>Bildsensorgr\u00f6\u00dfe: 1\/3 Zoll Sony MIX 225<\/li>\n<li>schnelle Bild\u00fcbertragung in Echtzeit<\/li>\n<li>17 Infrarot-LEDs h\u00f6chster Qualit\u00e4t garantieren auch bei Dunkelheit ein sehr gutes Bild<\/li>\n<li>Nachtsicht bis zu 12 m<\/li>\n<li>Lichtempfindlichkeit: 0 Lux (mit IR bei Nacht), 0,1 Lux (tags\u00fcber)<\/li>\n<li>vibrationsfest bis zu 15G<\/li>\n<li>sto\u00dffest bis 100G<\/li>\n<li>eingebautes Mikrofon<\/li>\n<li>Heizung gegen Kondenswasser: aktiv unter 10\u00b0 Celsius<\/li>\n<li>automatische Gegenlicht- Kompensation<\/li>\n<li>automatischer Helligkeits- u. Wei\u00dfabgleich<\/li>\n<li>Antibeschlag-Lotusbeschichtung<\/li>\n<li>Brennweite: f=3,6 mm<\/li>\n<li>Sensorerfassungsbereich: 4,9 mm (H) x 3,7 mm (V)<\/li>\n<li>Leistungsaufnahme: &lt; 2,5 W<\/li>\n<li>Video-Signal-Ausgang: 1 Vp-p, 75 Ohm<\/li>\n<li>Stromverbrauch im Betrieb: tags\u00fcber 88 mA, nachts 128 mA, maximal: 535 mA<\/li>\n<li>Betriebstemperaturbereich: -20\u00b0 C bis 75\u00b0 C, max. relative Luftfeuchtigkeit 95%<\/li>\n<li>Standtemperaturbereich: -40\u00b0 C bis 80\u00b0 C, max. relative Luftfeuchtigkeit 95%<\/li>\n<li>Abtastsystem: progressiv<\/li>\n<li>Synchronisierung: intern<\/li>\n<li>horizontale Synchronisierungsfrequenz: 15,63 kHz \/ 15,73 kHz<\/li>\n<li>vertikale Synchronisierungsfrequenz: 50 Hz \/ 60 Hz<\/li>\n<li>Gamma: 0,45<\/li>\n<li>Verst\u00e4rkungsregelung: automatisch<\/li>\n<li>Signal-Rausch-Verh\u00e4ltnis: 52 dB<\/li>\n<li>elektronische Verschlusszeit: 1\/50 (PAL) ~ 1\/100.000 s<\/li>\n<\/ul>\n<p>Produktma\u00dfe und Gewicht Kameras:<\/p>\n<ul>\n<li>Ma\u00dfe: H: 74mm\/ B: 45mm\/ T: 56mm<\/li>\n<li>Gewicht: 350g<\/li>\n<\/ul>\n<p>Zertifikate:<\/p>\n<ul>\n<li>IP69K (nur Kamera)<\/li>\n<li>RoHS<\/li>\n<li>CE<\/li>\n<li>E-Mark<\/li>\n<\/ul>\n","protected":false},"excerpt":{"rendered":"<p>CARGUARD REAR ANGEL VIEW RAV-FMS 7QHD, 7 Zoll Funk-AHD-Monitor, 1024&#215;600 Pixel + 4 kabellose RAV-F Funk-R\u00fcckfahrkameras 1080p, 115\u00b0, 4 Kamera-Eing\u00e4nge, Split-Funktion, 9-32V, Leitlinien Das Funk-\u00dcbertragungssystem mit 4 digitalen Kameras und 7 Zoll Funk-AHD-Monitor kann in allen LKW, Wohnwagen, Reisemobilen, Bussen, Baumaschinen und anderen Fahrzeugen eingesetzt werden. Das Einparken und Beobachten des r\u00fcckw\u00e4rtigen Verkehrs wird so [&hellip;]<\/p>\n","protected":false},"featured_media":207341,"template":"","meta":{"_acf_changed":false},"product_featured_cat":[],"product_brand":[3487],"product_cat":[5154],"product_tag":[],"class_list":{"0":"post-199101","1":"product","2":"type-product","3":"status-publish","4":"has-post-thumbnail","6":"product_brand-car-guard-systems-de","7":"product_cat-rueckfahrvideosystem-sets","9":"first","10":"instock","11":"taxable","12":"shipping-taxable","13":"purchasable","14":"product-type-simple"},"acf":[],"yoast_head":"<!-- This site is optimized with the Yoast SEO plugin v27.4 - https:\/\/yoast.com\/product\/yoast-seo-wordpress\/ -->\n<title>R\u00fcckfahrkamera-Set CAR GUARD 7 Zoll Monitor+Funk R.Kamera bis 4 Kameras - Bantam Camping AG<\/title>\n<meta name=\"robots\" content=\"index, follow, max-snippet:-1, max-image-preview:large, max-video-preview:-1\" \/>\n<link rel=\"canonical\" href=\"https:\/\/shop.bantam.ch\/de\/produkt\/rueckfahrkamera-set-car-guard-7-zoll-monitorfunk-r-kamera-bis-4-kameras\/\" \/>\n<meta property=\"og:locale\" content=\"de_DE\" \/>\n<meta property=\"og:type\" content=\"article\" \/>\n<meta property=\"og:title\" content=\"R\u00fcckfahrkamera-Set CAR GUARD 7 Zoll Monitor+Funk R.Kamera bis 4 Kameras - Bantam Camping AG\" \/>\n<meta property=\"og:description\" content=\"CARGUARD REAR ANGEL VIEW RAV-FMS 7QHD, 7 Zoll Funk-AHD-Monitor, 1024&#215;600 Pixel + 4 kabellose RAV-F Funk-R\u00fcckfahrkameras 1080p, 115\u00b0, 4 Kamera-Eing\u00e4nge, Split-Funktion, 9-32V, Leitlinien Das Funk-\u00dcbertragungssystem mit 4 digitalen Kameras und 7 Zoll Funk-AHD-Monitor kann in allen LKW, Wohnwagen, Reisemobilen, Bussen, Baumaschinen und anderen Fahrzeugen eingesetzt werden. Das Einparken und Beobachten des r\u00fcckw\u00e4rtigen Verkehrs wird so [&hellip;]\" \/>\n<meta property=\"og:url\" content=\"https:\/\/shop.bantam.ch\/de\/produkt\/rueckfahrkamera-set-car-guard-7-zoll-monitorfunk-r-kamera-bis-4-kameras\/\" \/>\n<meta property=\"og:site_name\" content=\"Bantam Camping AG\" \/>\n<meta property=\"article:modified_time\" content=\"2026-04-18T21:14:41+00:00\" \/>\n<meta property=\"og:image\" content=\"https:\/\/shop.bantam.ch\/wp-content\/uploads\/2024\/05\/Movera-L-9963481100.jpg\" \/>\n\t<meta property=\"og:image:width\" content=\"640\" \/>\n\t<meta property=\"og:image:height\" content=\"643\" \/>\n\t<meta property=\"og:image:type\" content=\"image\/jpeg\" \/>\n<meta name=\"twitter:card\" content=\"summary_large_image\" \/>\n<meta name=\"twitter:label1\" content=\"Gesch\u00e4tzte Lesezeit\" \/>\n\t<meta name=\"twitter:data1\" content=\"3\u00a0Minuten\" \/>\n<script type=\"application\/ld+json\" class=\"yoast-schema-graph\">{\"@context\":\"https:\\\/\\\/schema.org\",\"@graph\":[{\"@type\":\"WebPage\",\"@id\":\"https:\\\/\\\/shop.bantam.ch\\\/de\\\/produkt\\\/rueckfahrkamera-set-car-guard-7-zoll-monitorfunk-r-kamera-bis-4-kameras\\\/\",\"url\":\"https:\\\/\\\/shop.bantam.ch\\\/de\\\/produkt\\\/rueckfahrkamera-set-car-guard-7-zoll-monitorfunk-r-kamera-bis-4-kameras\\\/\",\"name\":\"R\u00fcckfahrkamera-Set CAR GUARD 7 Zoll Monitor+Funk R.Kamera bis 4 Kameras - Bantam Camping AG\",\"isPartOf\":{\"@id\":\"https:\\\/\\\/shop.bantam.ch\\\/de\\\/#website\"},\"primaryImageOfPage\":{\"@id\":\"https:\\\/\\\/shop.bantam.ch\\\/de\\\/produkt\\\/rueckfahrkamera-set-car-guard-7-zoll-monitorfunk-r-kamera-bis-4-kameras\\\/#primaryimage\"},\"image\":{\"@id\":\"https:\\\/\\\/shop.bantam.ch\\\/de\\\/produkt\\\/rueckfahrkamera-set-car-guard-7-zoll-monitorfunk-r-kamera-bis-4-kameras\\\/#primaryimage\"},\"thumbnailUrl\":\"https:\\\/\\\/shop.bantam.ch\\\/wp-content\\\/uploads\\\/2024\\\/09\\\/Movera-L-9963481100.jpg\",\"datePublished\":\"2024-05-15T15:03:37+00:00\",\"dateModified\":\"2026-04-18T21:14:41+00:00\",\"breadcrumb\":{\"@id\":\"https:\\\/\\\/shop.bantam.ch\\\/de\\\/produkt\\\/rueckfahrkamera-set-car-guard-7-zoll-monitorfunk-r-kamera-bis-4-kameras\\\/#breadcrumb\"},\"inLanguage\":\"de\",\"potentialAction\":[{\"@type\":\"ReadAction\",\"target\":[\"https:\\\/\\\/shop.bantam.ch\\\/de\\\/produkt\\\/rueckfahrkamera-set-car-guard-7-zoll-monitorfunk-r-kamera-bis-4-kameras\\\/\"]}]},{\"@type\":\"ImageObject\",\"inLanguage\":\"de\",\"@id\":\"https:\\\/\\\/shop.bantam.ch\\\/de\\\/produkt\\\/rueckfahrkamera-set-car-guard-7-zoll-monitorfunk-r-kamera-bis-4-kameras\\\/#primaryimage\",\"url\":\"https:\\\/\\\/shop.bantam.ch\\\/wp-content\\\/uploads\\\/2024\\\/09\\\/Movera-L-9963481100.jpg\",\"contentUrl\":\"https:\\\/\\\/shop.bantam.ch\\\/wp-content\\\/uploads\\\/2024\\\/09\\\/Movera-L-9963481100.jpg\",\"width\":640,\"height\":643},{\"@type\":\"BreadcrumbList\",\"@id\":\"https:\\\/\\\/shop.bantam.ch\\\/de\\\/produkt\\\/rueckfahrkamera-set-car-guard-7-zoll-monitorfunk-r-kamera-bis-4-kameras\\\/#breadcrumb\",\"itemListElement\":[{\"@type\":\"ListItem\",\"position\":1,\"name\":\"Accueil\",\"item\":\"https:\\\/\\\/shop.bantam.ch\\\/de\\\/\"},{\"@type\":\"ListItem\",\"position\":2,\"name\":\"Shop\",\"item\":\"https:\\\/\\\/shop.bantam.ch\\\/de\\\/shop\\\/\"},{\"@type\":\"ListItem\",\"position\":3,\"name\":\"R\u00fcckfahrkamera-Set CAR GUARD 7 Zoll Monitor+Funk R.Kamera bis 4 Kameras\"}]},{\"@type\":\"WebSite\",\"@id\":\"https:\\\/\\\/shop.bantam.ch\\\/de\\\/#website\",\"url\":\"https:\\\/\\\/shop.bantam.ch\\\/de\\\/\",\"name\":\"Bantam Camping AG\",\"description\":\"\",\"publisher\":{\"@id\":\"https:\\\/\\\/shop.bantam.ch\\\/de\\\/#organization\"},\"inLanguage\":\"de\"},{\"@type\":\"Organization\",\"@id\":\"https:\\\/\\\/shop.bantam.ch\\\/de\\\/#organization\",\"name\":\"Bantam Camping AG\",\"url\":\"https:\\\/\\\/shop.bantam.ch\\\/de\\\/\",\"logo\":{\"@type\":\"ImageObject\",\"inLanguage\":\"de\",\"@id\":\"https:\\\/\\\/shop.bantam.ch\\\/de\\\/#\\\/schema\\\/logo\\\/image\\\/\",\"url\":\"https:\\\/\\\/shop.bantam.ch\\\/wp-content\\\/uploads\\\/2022\\\/12\\\/bantam-logo.png\",\"contentUrl\":\"https:\\\/\\\/shop.bantam.ch\\\/wp-content\\\/uploads\\\/2022\\\/12\\\/bantam-logo.png\",\"width\":320,\"height\":71,\"caption\":\"Bantam Camping AG\"},\"image\":{\"@id\":\"https:\\\/\\\/shop.bantam.ch\\\/de\\\/#\\\/schema\\\/logo\\\/image\\\/\"}}]}<\/script>\n<!-- \/ Yoast SEO plugin. -->","yoast_head_json":{"title":"R\u00fcckfahrkamera-Set CAR GUARD 7 Zoll Monitor+Funk R.Kamera bis 4 Kameras - Bantam Camping AG","robots":{"index":"index","follow":"follow","max-snippet":"max-snippet:-1","max-image-preview":"max-image-preview:large","max-video-preview":"max-video-preview:-1"},"canonical":"https:\/\/shop.bantam.ch\/de\/produkt\/rueckfahrkamera-set-car-guard-7-zoll-monitorfunk-r-kamera-bis-4-kameras\/","og_locale":"de_DE","og_type":"article","og_title":"R\u00fcckfahrkamera-Set CAR GUARD 7 Zoll Monitor+Funk R.Kamera bis 4 Kameras - Bantam Camping AG","og_description":"CARGUARD REAR ANGEL VIEW RAV-FMS 7QHD, 7 Zoll Funk-AHD-Monitor, 1024&#215;600 Pixel + 4 kabellose RAV-F Funk-R\u00fcckfahrkameras 1080p, 115\u00b0, 4 Kamera-Eing\u00e4nge, Split-Funktion, 9-32V, Leitlinien Das Funk-\u00dcbertragungssystem mit 4 digitalen Kameras und 7 Zoll Funk-AHD-Monitor kann in allen LKW, Wohnwagen, Reisemobilen, Bussen, Baumaschinen und anderen Fahrzeugen eingesetzt werden. Das Einparken und Beobachten des r\u00fcckw\u00e4rtigen Verkehrs wird so [&hellip;]","og_url":"https:\/\/shop.bantam.ch\/de\/produkt\/rueckfahrkamera-set-car-guard-7-zoll-monitorfunk-r-kamera-bis-4-kameras\/","og_site_name":"Bantam Camping AG","article_modified_time":"2026-04-18T21:14:41+00:00","og_image":[{"width":640,"height":643,"url":"https:\/\/shop.bantam.ch\/wp-content\/uploads\/2024\/05\/Movera-L-9963481100.jpg","type":"image\/jpeg"}],"twitter_card":"summary_large_image","twitter_misc":{"Gesch\u00e4tzte Lesezeit":"3\u00a0Minuten"},"schema":{"@context":"https:\/\/schema.org","@graph":[{"@type":"WebPage","@id":"https:\/\/shop.bantam.ch\/de\/produkt\/rueckfahrkamera-set-car-guard-7-zoll-monitorfunk-r-kamera-bis-4-kameras\/","url":"https:\/\/shop.bantam.ch\/de\/produkt\/rueckfahrkamera-set-car-guard-7-zoll-monitorfunk-r-kamera-bis-4-kameras\/","name":"R\u00fcckfahrkamera-Set CAR GUARD 7 Zoll Monitor+Funk R.Kamera bis 4 Kameras - Bantam Camping AG","isPartOf":{"@id":"https:\/\/shop.bantam.ch\/de\/#website"},"primaryImageOfPage":{"@id":"https:\/\/shop.bantam.ch\/de\/produkt\/rueckfahrkamera-set-car-guard-7-zoll-monitorfunk-r-kamera-bis-4-kameras\/#primaryimage"},"image":{"@id":"https:\/\/shop.bantam.ch\/de\/produkt\/rueckfahrkamera-set-car-guard-7-zoll-monitorfunk-r-kamera-bis-4-kameras\/#primaryimage"},"thumbnailUrl":"https:\/\/shop.bantam.ch\/wp-content\/uploads\/2024\/09\/Movera-L-9963481100.jpg","datePublished":"2024-05-15T15:03:37+00:00","dateModified":"2026-04-18T21:14:41+00:00","breadcrumb":{"@id":"https:\/\/shop.bantam.ch\/de\/produkt\/rueckfahrkamera-set-car-guard-7-zoll-monitorfunk-r-kamera-bis-4-kameras\/#breadcrumb"},"inLanguage":"de","potentialAction":[{"@type":"ReadAction","target":["https:\/\/shop.bantam.ch\/de\/produkt\/rueckfahrkamera-set-car-guard-7-zoll-monitorfunk-r-kamera-bis-4-kameras\/"]}]},{"@type":"ImageObject","inLanguage":"de","@id":"https:\/\/shop.bantam.ch\/de\/produkt\/rueckfahrkamera-set-car-guard-7-zoll-monitorfunk-r-kamera-bis-4-kameras\/#primaryimage","url":"https:\/\/shop.bantam.ch\/wp-content\/uploads\/2024\/09\/Movera-L-9963481100.jpg","contentUrl":"https:\/\/shop.bantam.ch\/wp-content\/uploads\/2024\/09\/Movera-L-9963481100.jpg","width":640,"height":643},{"@type":"BreadcrumbList","@id":"https:\/\/shop.bantam.ch\/de\/produkt\/rueckfahrkamera-set-car-guard-7-zoll-monitorfunk-r-kamera-bis-4-kameras\/#breadcrumb","itemListElement":[{"@type":"ListItem","position":1,"name":"Accueil","item":"https:\/\/shop.bantam.ch\/de\/"},{"@type":"ListItem","position":2,"name":"Shop","item":"https:\/\/shop.bantam.ch\/de\/shop\/"},{"@type":"ListItem","position":3,"name":"R\u00fcckfahrkamera-Set CAR GUARD 7 Zoll Monitor+Funk R.Kamera bis 4 Kameras"}]},{"@type":"WebSite","@id":"https:\/\/shop.bantam.ch\/de\/#website","url":"https:\/\/shop.bantam.ch\/de\/","name":"Bantam Camping AG","description":"","publisher":{"@id":"https:\/\/shop.bantam.ch\/de\/#organization"},"inLanguage":"de"},{"@type":"Organization","@id":"https:\/\/shop.bantam.ch\/de\/#organization","name":"Bantam Camping AG","url":"https:\/\/shop.bantam.ch\/de\/","logo":{"@type":"ImageObject","inLanguage":"de","@id":"https:\/\/shop.bantam.ch\/de\/#\/schema\/logo\/image\/","url":"https:\/\/shop.bantam.ch\/wp-content\/uploads\/2022\/12\/bantam-logo.png","contentUrl":"https:\/\/shop.bantam.ch\/wp-content\/uploads\/2022\/12\/bantam-logo.png","width":320,"height":71,"caption":"Bantam Camping AG"},"image":{"@id":"https:\/\/shop.bantam.ch\/de\/#\/schema\/logo\/image\/"}}]}},"_links":{"self":[{"href":"https:\/\/shop.bantam.ch\/de\/wp-json\/wp\/v2\/product\/199101","targetHints":{"allow":["GET"]}}],"collection":[{"href":"https:\/\/shop.bantam.ch\/de\/wp-json\/wp\/v2\/product"}],"about":[{"href":"https:\/\/shop.bantam.ch\/de\/wp-json\/wp\/v2\/types\/product"}],"wp:featuredmedia":[{"embeddable":true,"href":"https:\/\/shop.bantam.ch\/de\/wp-json\/wp\/v2\/media\/207341"}],"wp:attachment":[{"href":"https:\/\/shop.bantam.ch\/de\/wp-json\/wp\/v2\/media?parent=199101"}],"wp:term":[{"taxonomy":"product_featured_cat","embeddable":true,"href":"https:\/\/shop.bantam.ch\/de\/wp-json\/wp\/v2\/product_featured_cat?post=199101"},{"taxonomy":"product_brand","embeddable":true,"href":"https:\/\/shop.bantam.ch\/de\/wp-json\/wp\/v2\/product_brand?post=199101"},{"taxonomy":"product_cat","embeddable":true,"href":"https:\/\/shop.bantam.ch\/de\/wp-json\/wp\/v2\/product_cat?post=199101"},{"taxonomy":"product_tag","embeddable":true,"href":"https:\/\/shop.bantam.ch\/de\/wp-json\/wp\/v2\/product_tag?post=199101"}],"curies":[{"name":"wp","href":"https:\/\/api.w.org\/{rel}","templated":true}]}}