{"id":198849,"date":"2024-05-15T16:58:00","date_gmt":"2024-05-15T14:58:00","guid":{"rendered":"https:\/\/shop.bantam.ch\/produit\/round-net-set-schildkroet\/"},"modified":"2026-05-10T23:10:40","modified_gmt":"2026-05-10T21:10:40","slug":"round-net-set-schildkroet","status":"publish","type":"product","link":"https:\/\/shop.bantam.ch\/de\/produkt\/round-net-set-schildkroet\/","title":{"rendered":"Round Net Set SCHILDKR\u00d6T"},"content":{"rendered":"<p>Roundnet hei\u00dft der neue ultimative Fun-Sport f\u00fcr Jung und Alt. Zwei Teams mit je 2 Spielern treten gegeneinander an. Alle stehen gleichm\u00e4\u00dfig verteilt um das Netz herum. Zum Aufschlag wird der Ball mit der flachen Hand auf das Netz geschlagen, so dass er in die gegnerische Seite fliegt. Das gegnerische Team darf sich nun den Ball bis zu drei Mal gegenseitig zuspielen, bevor er wieder ins Netz geschlagen werden muss. Ziel ist es, dass der so geschlagene Ball m\u00f6glichst nicht von der gegnerischen Mannschaft erreicht wird. Nach dem Aufschlag darf sich jeder Spieler v\u00f6llig frei rund um das Netz bewegen. Dies macht das Spiel so rasant. Mit kurzen und langen P\u00e4ssen, mit vorget\u00e4uschten Angriffen und anderen Tricks versucht man den Gegner aus der Reserve zu locken. Schafft dieser es nicht den Ball zur\u00fcckzuspielen und f\u00e4llt der Ball auf den Boden, bekommt das eigene Team 1 Punkt. Sobald ein Spieler behindert wird, erh\u00e4lt dieser ebenfalls 1 Punkt. Wer als erster 21 Punkte erreicht hat und dabei mit 2 Punkten Abstand in F\u00fchrung ist, hat das Match gewonnen. Das Set beinhaltet alles f\u00fcr den sofortigen Start eines Roundnet-Matchs: komplettes Roundnet Netz (\u00d8 90cm, ca. 20cm hoch), 1 Trainingsball (\u00d811cm), 2 Wettkampfb\u00e4lle (\u00d89cm), Ballpumpe mit Nadel sowie eine Netztasche zum Verstauen und Transport. Bitte beachten Sie, dass sich die Nadel der Pumpe im Handgriff befindet. Bitte die B\u00e4lle mit maximal 0,5 bar aufpumpen. Der neue ultimative Fun-Sport f\u00fcr Jung und Alt. Roundnet kann mit Freunden und Familie am Strand, im Park oder auch Indoor gespielt werden. Das rasante Spiel begeistert jeden und man findet schnell interessierte Mitspieler. \u00dcber Schildkr\u00f6t: Die \u00fcber 100 Jahre alte deutsche Marke Schildkr\u00f6t gilt als Erfinder des Tischtennisballs. Heute bietet Schildkr\u00f6t neben Tischtennis auch eine sehr umfangreiche Funsport-, Rollsport- und Fitness-Kollektion an und gilt in gewissen Bereichen als Marktf\u00fchrer. Die Produktentwicklung erfolgt ausnahmslos in Deutschland. Die weltweiten Produktionsst\u00e4tten werden streng \u00fcberwacht und gen\u00fcgen h\u00f6chsten Sozialstandards.<\/p>\n","protected":false},"excerpt":{"rendered":"<p>Roundnet hei\u00dft der neue ultimative Fun-Sport f\u00fcr Jung und Alt. Zwei Teams mit je 2 Spielern treten gegeneinander an. Alle stehen gleichm\u00e4\u00dfig verteilt um das Netz herum. Zum Aufschlag wird der Ball mit der flachen Hand auf das Netz geschlagen, so dass er in die gegnerische Seite fliegt. Das gegnerische Team darf sich nun den [&hellip;]<\/p>\n","protected":false},"featured_media":207297,"template":"","meta":{"_acf_changed":false},"product_featured_cat":[1859],"product_brand":[5268],"product_cat":[4458],"product_tag":[],"class_list":{"0":"post-198849","1":"product","2":"type-product","3":"status-publish","4":"has-post-thumbnail","6":"product_featured_cat-erstausstattung-fuer-camper","7":"product_brand-schildkrot-de","8":"product_cat-spielzeug","10":"first","11":"instock","12":"taxable","13":"shipping-taxable","14":"purchasable","15":"product-type-simple"},"acf":[],"yoast_head":"<!-- This site is optimized with the Yoast SEO plugin v27.5 - https:\/\/yoast.com\/product\/yoast-seo-wordpress\/ -->\n<title>Round Net Set SCHILDKR\u00d6T - Bantam<\/title>\n<meta name=\"robots\" content=\"index, follow, max-snippet:-1, max-image-preview:large, max-video-preview:-1\" \/>\n<link rel=\"canonical\" href=\"https:\/\/shop.bantam.ch\/de\/produkt\/round-net-set-schildkroet\/\" \/>\n<meta property=\"og:locale\" content=\"de_DE\" \/>\n<meta property=\"og:type\" content=\"article\" \/>\n<meta property=\"og:title\" content=\"Round Net Set SCHILDKR\u00d6T - Bantam\" \/>\n<meta property=\"og:description\" content=\"Roundnet hei\u00dft der neue ultimative Fun-Sport f\u00fcr Jung und Alt. Zwei Teams mit je 2 Spielern treten gegeneinander an. Alle stehen gleichm\u00e4\u00dfig verteilt um das Netz herum. Zum Aufschlag wird der Ball mit der flachen Hand auf das Netz geschlagen, so dass er in die gegnerische Seite fliegt. Das gegnerische Team darf sich nun den [&hellip;]\" \/>\n<meta property=\"og:url\" content=\"https:\/\/shop.bantam.ch\/de\/produkt\/round-net-set-schildkroet\/\" \/>\n<meta property=\"og:site_name\" content=\"Bantam\" \/>\n<meta property=\"article:modified_time\" content=\"2026-05-10T21:10:40+00:00\" \/>\n<meta property=\"og:image\" content=\"https:\/\/shop.bantam.ch\/wp-content\/uploads\/2024\/05\/Movera-L-9962278100.jpg\" \/>\n\t<meta property=\"og:image:width\" content=\"640\" \/>\n\t<meta property=\"og:image:height\" content=\"301\" \/>\n\t<meta property=\"og:image:type\" content=\"image\/jpeg\" \/>\n<meta name=\"twitter:card\" content=\"summary_large_image\" \/>\n<meta name=\"twitter:label1\" content=\"Gesch\u00e4tzte Lesezeit\" \/>\n\t<meta name=\"twitter:data1\" content=\"2\u00a0Minuten\" \/>\n<script type=\"application\/ld+json\" class=\"yoast-schema-graph\">{\"@context\":\"https:\\\/\\\/schema.org\",\"@graph\":[{\"@type\":\"WebPage\",\"@id\":\"https:\\\/\\\/shop.bantam.ch\\\/de\\\/produkt\\\/round-net-set-schildkroet\\\/\",\"url\":\"https:\\\/\\\/shop.bantam.ch\\\/de\\\/produkt\\\/round-net-set-schildkroet\\\/\",\"name\":\"Round Net Set SCHILDKR\u00d6T - Bantam\",\"isPartOf\":{\"@id\":\"https:\\\/\\\/shop.bantam.ch\\\/de\\\/#website\"},\"primaryImageOfPage\":{\"@id\":\"https:\\\/\\\/shop.bantam.ch\\\/de\\\/produkt\\\/round-net-set-schildkroet\\\/#primaryimage\"},\"image\":{\"@id\":\"https:\\\/\\\/shop.bantam.ch\\\/de\\\/produkt\\\/round-net-set-schildkroet\\\/#primaryimage\"},\"thumbnailUrl\":\"https:\\\/\\\/shop.bantam.ch\\\/wp-content\\\/uploads\\\/2024\\\/09\\\/Movera-L-9962278100.jpg\",\"datePublished\":\"2024-05-15T14:58:00+00:00\",\"dateModified\":\"2026-05-10T21:10:40+00:00\",\"breadcrumb\":{\"@id\":\"https:\\\/\\\/shop.bantam.ch\\\/de\\\/produkt\\\/round-net-set-schildkroet\\\/#breadcrumb\"},\"inLanguage\":\"de\",\"potentialAction\":[{\"@type\":\"ReadAction\",\"target\":[\"https:\\\/\\\/shop.bantam.ch\\\/de\\\/produkt\\\/round-net-set-schildkroet\\\/\"]}]},{\"@type\":\"ImageObject\",\"inLanguage\":\"de\",\"@id\":\"https:\\\/\\\/shop.bantam.ch\\\/de\\\/produkt\\\/round-net-set-schildkroet\\\/#primaryimage\",\"url\":\"https:\\\/\\\/shop.bantam.ch\\\/wp-content\\\/uploads\\\/2024\\\/09\\\/Movera-L-9962278100.jpg\",\"contentUrl\":\"https:\\\/\\\/shop.bantam.ch\\\/wp-content\\\/uploads\\\/2024\\\/09\\\/Movera-L-9962278100.jpg\",\"width\":640,\"height\":301},{\"@type\":\"BreadcrumbList\",\"@id\":\"https:\\\/\\\/shop.bantam.ch\\\/de\\\/produkt\\\/round-net-set-schildkroet\\\/#breadcrumb\",\"itemListElement\":[{\"@type\":\"ListItem\",\"position\":1,\"name\":\"Accueil\",\"item\":\"https:\\\/\\\/shop.bantam.ch\\\/de\\\/\"},{\"@type\":\"ListItem\",\"position\":2,\"name\":\"Shop\",\"item\":\"https:\\\/\\\/shop.bantam.ch\\\/de\\\/shop\\\/\"},{\"@type\":\"ListItem\",\"position\":3,\"name\":\"Round Net Set SCHILDKR\u00d6T\"}]},{\"@type\":\"WebSite\",\"@id\":\"https:\\\/\\\/shop.bantam.ch\\\/de\\\/#website\",\"url\":\"https:\\\/\\\/shop.bantam.ch\\\/de\\\/\",\"name\":\"Bantam\",\"description\":\"\",\"publisher\":{\"@id\":\"https:\\\/\\\/shop.bantam.ch\\\/de\\\/#organization\"},\"inLanguage\":\"de\"},{\"@type\":\"Organization\",\"@id\":\"https:\\\/\\\/shop.bantam.ch\\\/de\\\/#organization\",\"name\":\"Bantam\",\"url\":\"https:\\\/\\\/shop.bantam.ch\\\/de\\\/\",\"logo\":{\"@type\":\"ImageObject\",\"inLanguage\":\"de\",\"@id\":\"https:\\\/\\\/shop.bantam.ch\\\/de\\\/#\\\/schema\\\/logo\\\/image\\\/\",\"url\":\"https:\\\/\\\/shop.bantam.ch\\\/wp-content\\\/uploads\\\/2022\\\/12\\\/bantam-logo.png\",\"contentUrl\":\"https:\\\/\\\/shop.bantam.ch\\\/wp-content\\\/uploads\\\/2022\\\/12\\\/bantam-logo.png\",\"width\":320,\"height\":71,\"caption\":\"Bantam\"},\"image\":{\"@id\":\"https:\\\/\\\/shop.bantam.ch\\\/de\\\/#\\\/schema\\\/logo\\\/image\\\/\"}}]}<\/script>\n<!-- \/ Yoast SEO plugin. -->","yoast_head_json":{"title":"Round Net Set SCHILDKR\u00d6T - Bantam","robots":{"index":"index","follow":"follow","max-snippet":"max-snippet:-1","max-image-preview":"max-image-preview:large","max-video-preview":"max-video-preview:-1"},"canonical":"https:\/\/shop.bantam.ch\/de\/produkt\/round-net-set-schildkroet\/","og_locale":"de_DE","og_type":"article","og_title":"Round Net Set SCHILDKR\u00d6T - Bantam","og_description":"Roundnet hei\u00dft der neue ultimative Fun-Sport f\u00fcr Jung und Alt. Zwei Teams mit je 2 Spielern treten gegeneinander an. Alle stehen gleichm\u00e4\u00dfig verteilt um das Netz herum. Zum Aufschlag wird der Ball mit der flachen Hand auf das Netz geschlagen, so dass er in die gegnerische Seite fliegt. Das gegnerische Team darf sich nun den [&hellip;]","og_url":"https:\/\/shop.bantam.ch\/de\/produkt\/round-net-set-schildkroet\/","og_site_name":"Bantam","article_modified_time":"2026-05-10T21:10:40+00:00","og_image":[{"width":640,"height":301,"url":"https:\/\/shop.bantam.ch\/wp-content\/uploads\/2024\/05\/Movera-L-9962278100.jpg","type":"image\/jpeg"}],"twitter_card":"summary_large_image","twitter_misc":{"Gesch\u00e4tzte Lesezeit":"2\u00a0Minuten"},"schema":{"@context":"https:\/\/schema.org","@graph":[{"@type":"WebPage","@id":"https:\/\/shop.bantam.ch\/de\/produkt\/round-net-set-schildkroet\/","url":"https:\/\/shop.bantam.ch\/de\/produkt\/round-net-set-schildkroet\/","name":"Round Net Set SCHILDKR\u00d6T - Bantam","isPartOf":{"@id":"https:\/\/shop.bantam.ch\/de\/#website"},"primaryImageOfPage":{"@id":"https:\/\/shop.bantam.ch\/de\/produkt\/round-net-set-schildkroet\/#primaryimage"},"image":{"@id":"https:\/\/shop.bantam.ch\/de\/produkt\/round-net-set-schildkroet\/#primaryimage"},"thumbnailUrl":"https:\/\/shop.bantam.ch\/wp-content\/uploads\/2024\/09\/Movera-L-9962278100.jpg","datePublished":"2024-05-15T14:58:00+00:00","dateModified":"2026-05-10T21:10:40+00:00","breadcrumb":{"@id":"https:\/\/shop.bantam.ch\/de\/produkt\/round-net-set-schildkroet\/#breadcrumb"},"inLanguage":"de","potentialAction":[{"@type":"ReadAction","target":["https:\/\/shop.bantam.ch\/de\/produkt\/round-net-set-schildkroet\/"]}]},{"@type":"ImageObject","inLanguage":"de","@id":"https:\/\/shop.bantam.ch\/de\/produkt\/round-net-set-schildkroet\/#primaryimage","url":"https:\/\/shop.bantam.ch\/wp-content\/uploads\/2024\/09\/Movera-L-9962278100.jpg","contentUrl":"https:\/\/shop.bantam.ch\/wp-content\/uploads\/2024\/09\/Movera-L-9962278100.jpg","width":640,"height":301},{"@type":"BreadcrumbList","@id":"https:\/\/shop.bantam.ch\/de\/produkt\/round-net-set-schildkroet\/#breadcrumb","itemListElement":[{"@type":"ListItem","position":1,"name":"Accueil","item":"https:\/\/shop.bantam.ch\/de\/"},{"@type":"ListItem","position":2,"name":"Shop","item":"https:\/\/shop.bantam.ch\/de\/shop\/"},{"@type":"ListItem","position":3,"name":"Round Net Set SCHILDKR\u00d6T"}]},{"@type":"WebSite","@id":"https:\/\/shop.bantam.ch\/de\/#website","url":"https:\/\/shop.bantam.ch\/de\/","name":"Bantam","description":"","publisher":{"@id":"https:\/\/shop.bantam.ch\/de\/#organization"},"inLanguage":"de"},{"@type":"Organization","@id":"https:\/\/shop.bantam.ch\/de\/#organization","name":"Bantam","url":"https:\/\/shop.bantam.ch\/de\/","logo":{"@type":"ImageObject","inLanguage":"de","@id":"https:\/\/shop.bantam.ch\/de\/#\/schema\/logo\/image\/","url":"https:\/\/shop.bantam.ch\/wp-content\/uploads\/2022\/12\/bantam-logo.png","contentUrl":"https:\/\/shop.bantam.ch\/wp-content\/uploads\/2022\/12\/bantam-logo.png","width":320,"height":71,"caption":"Bantam"},"image":{"@id":"https:\/\/shop.bantam.ch\/de\/#\/schema\/logo\/image\/"}}]}},"_links":{"self":[{"href":"https:\/\/shop.bantam.ch\/de\/wp-json\/wp\/v2\/product\/198849","targetHints":{"allow":["GET"]}}],"collection":[{"href":"https:\/\/shop.bantam.ch\/de\/wp-json\/wp\/v2\/product"}],"about":[{"href":"https:\/\/shop.bantam.ch\/de\/wp-json\/wp\/v2\/types\/product"}],"wp:featuredmedia":[{"embeddable":true,"href":"https:\/\/shop.bantam.ch\/de\/wp-json\/wp\/v2\/media\/207297"}],"wp:attachment":[{"href":"https:\/\/shop.bantam.ch\/de\/wp-json\/wp\/v2\/media?parent=198849"}],"wp:term":[{"taxonomy":"product_featured_cat","embeddable":true,"href":"https:\/\/shop.bantam.ch\/de\/wp-json\/wp\/v2\/product_featured_cat?post=198849"},{"taxonomy":"product_brand","embeddable":true,"href":"https:\/\/shop.bantam.ch\/de\/wp-json\/wp\/v2\/product_brand?post=198849"},{"taxonomy":"product_cat","embeddable":true,"href":"https:\/\/shop.bantam.ch\/de\/wp-json\/wp\/v2\/product_cat?post=198849"},{"taxonomy":"product_tag","embeddable":true,"href":"https:\/\/shop.bantam.ch\/de\/wp-json\/wp\/v2\/product_tag?post=198849"}],"curies":[{"name":"wp","href":"https:\/\/api.w.org\/{rel}","templated":true}]}}