{"id":198839,"date":"2024-05-15T16:57:47","date_gmt":"2024-05-15T14:57:47","guid":{"rendered":"https:\/\/shop.bantam.ch\/produit\/tischtennis-set-schildkroet-outdoor-waterproof\/"},"modified":"2026-04-21T23:15:19","modified_gmt":"2026-04-21T21:15:19","slug":"tischtennis-set-schildkroet-outdoor-waterproof","status":"publish","type":"product","link":"https:\/\/shop.bantam.ch\/de\/produkt\/tischtennis-set-schildkroet-outdoor-waterproof\/","title":{"rendered":"Tischtennis Set SCHILDKR\u00d6T Outdoor Waterproof"},"content":{"rendered":"<p>Das Outdoor Weatherproof Set von Donic-Schildkr\u00f6t beinhaltet 2 Stk. der neuen innovativen Outdoor-Schl\u00e4ger aus einem 2-Komponenten-Kunststoff. Ein harter verwindungssteifer Kern aus schwarzem Kunststoff plus ein zweiter aufgespritzter weicher, griffiger (gummiartiger) Kunststoff in Rot f\u00fcr Griffigkeit, sicheren Schl\u00e4gerhalt, Spin, Beschleunigung etc. Diese neuartigen Schl\u00e4ger k\u00f6nnen problemlos mit jedem Freizeitschl\u00e4ger aus Holz mithalten! Gleichzeitig sind sie wasserfest (k\u00f6nnen also auch mal bei Regen im Garten vergessen werden), sie sind abwaschbar und somit hygienischer (ideal f\u00fcr \u00f6ffentliche Einrichtungen wie Schulen, Jugendclubs, Pfarrheime etc.). Au\u00dferdem sind sie deutlich robuster, sie k\u00f6nnen runterfallen ohne dass ein Holz splittern kann. Ebenfalls im Set enthalten sind drei Tischtennisb\u00e4lle in guter Freizeit-Qualit\u00e4t sowie die praktische, wiederverschlie\u00dfbare Tragetasche zur sauberen Aufbewahrung des Sets. Donic genie\u00dft weltweit einen hervorragenden Ruf im Tischtennis Wettkampf-Segment und ist Ausr\u00fcster zahlreicher bekannter Spitzenspieler. Die deutsche Traditionsmarke Schildkr\u00f6t ist weit \u00fcber 100 Jahre am Markt etabliert und gilt als Erfinder des Tischtennisballs. Donic-Schildkr\u00f6t ist heute unangefochtener Marktf\u00fchrer im Bereich Freizeit-Tischtennis in Zentraleuropa. Produziert wird in der BSCI zertifizierten Schildkr\u00f6t-Fabrik in China unter h\u00f6chsten Sozialstandards.<\/p>\n","protected":false},"excerpt":{"rendered":"<p>Das Outdoor Weatherproof Set von Donic-Schildkr\u00f6t beinhaltet 2 Stk. der neuen innovativen Outdoor-Schl\u00e4ger aus einem 2-Komponenten-Kunststoff. Ein harter verwindungssteifer Kern aus schwarzem Kunststoff plus ein zweiter aufgespritzter weicher, griffiger (gummiartiger) Kunststoff in Rot f\u00fcr Griffigkeit, sicheren Schl\u00e4gerhalt, Spin, Beschleunigung etc. Diese neuartigen Schl\u00e4ger k\u00f6nnen problemlos mit jedem Freizeitschl\u00e4ger aus Holz mithalten! Gleichzeitig sind sie wasserfest [&hellip;]<\/p>\n","protected":false},"featured_media":207293,"template":"","meta":{"_acf_changed":false},"product_featured_cat":[],"product_brand":[5268],"product_cat":[4458],"product_tag":[],"class_list":{"0":"post-198839","1":"product","2":"type-product","3":"status-publish","4":"has-post-thumbnail","6":"product_brand-schildkrot-de","7":"product_cat-spielzeug","9":"first","10":"instock","11":"taxable","12":"shipping-taxable","13":"purchasable","14":"product-type-simple"},"acf":[],"yoast_head":"<!-- This site is optimized with the Yoast SEO plugin v27.4 - https:\/\/yoast.com\/product\/yoast-seo-wordpress\/ -->\n<title>Tischtennis Set SCHILDKR\u00d6T Outdoor Waterproof - Bantam Camping AG<\/title>\n<meta name=\"robots\" content=\"index, follow, max-snippet:-1, max-image-preview:large, max-video-preview:-1\" \/>\n<link rel=\"canonical\" href=\"https:\/\/shop.bantam.ch\/de\/produkt\/tischtennis-set-schildkroet-outdoor-waterproof\/\" \/>\n<meta property=\"og:locale\" content=\"de_DE\" \/>\n<meta property=\"og:type\" content=\"article\" \/>\n<meta property=\"og:title\" content=\"Tischtennis Set SCHILDKR\u00d6T Outdoor Waterproof - Bantam Camping AG\" \/>\n<meta property=\"og:description\" content=\"Das Outdoor Weatherproof Set von Donic-Schildkr\u00f6t beinhaltet 2 Stk. der neuen innovativen Outdoor-Schl\u00e4ger aus einem 2-Komponenten-Kunststoff. Ein harter verwindungssteifer Kern aus schwarzem Kunststoff plus ein zweiter aufgespritzter weicher, griffiger (gummiartiger) Kunststoff in Rot f\u00fcr Griffigkeit, sicheren Schl\u00e4gerhalt, Spin, Beschleunigung etc. Diese neuartigen Schl\u00e4ger k\u00f6nnen problemlos mit jedem Freizeitschl\u00e4ger aus Holz mithalten! Gleichzeitig sind sie wasserfest [&hellip;]\" \/>\n<meta property=\"og:url\" content=\"https:\/\/shop.bantam.ch\/de\/produkt\/tischtennis-set-schildkroet-outdoor-waterproof\/\" \/>\n<meta property=\"og:site_name\" content=\"Bantam Camping AG\" \/>\n<meta property=\"article:modified_time\" content=\"2026-04-21T21:15:19+00:00\" \/>\n<meta property=\"og:image\" content=\"https:\/\/shop.bantam.ch\/wp-content\/uploads\/2024\/05\/Movera-L-9962276100.jpg\" \/>\n\t<meta property=\"og:image:width\" content=\"640\" \/>\n\t<meta property=\"og:image:height\" content=\"498\" \/>\n\t<meta property=\"og:image:type\" content=\"image\/jpeg\" \/>\n<meta name=\"twitter:card\" content=\"summary_large_image\" \/>\n<meta name=\"twitter:label1\" content=\"Gesch\u00e4tzte Lesezeit\" \/>\n\t<meta name=\"twitter:data1\" content=\"1\u00a0Minute\" \/>\n<script type=\"application\/ld+json\" class=\"yoast-schema-graph\">{\"@context\":\"https:\\\/\\\/schema.org\",\"@graph\":[{\"@type\":\"WebPage\",\"@id\":\"https:\\\/\\\/shop.bantam.ch\\\/de\\\/produkt\\\/tischtennis-set-schildkroet-outdoor-waterproof\\\/\",\"url\":\"https:\\\/\\\/shop.bantam.ch\\\/de\\\/produkt\\\/tischtennis-set-schildkroet-outdoor-waterproof\\\/\",\"name\":\"Tischtennis Set SCHILDKR\u00d6T Outdoor Waterproof - Bantam Camping AG\",\"isPartOf\":{\"@id\":\"https:\\\/\\\/shop.bantam.ch\\\/de\\\/#website\"},\"primaryImageOfPage\":{\"@id\":\"https:\\\/\\\/shop.bantam.ch\\\/de\\\/produkt\\\/tischtennis-set-schildkroet-outdoor-waterproof\\\/#primaryimage\"},\"image\":{\"@id\":\"https:\\\/\\\/shop.bantam.ch\\\/de\\\/produkt\\\/tischtennis-set-schildkroet-outdoor-waterproof\\\/#primaryimage\"},\"thumbnailUrl\":\"https:\\\/\\\/shop.bantam.ch\\\/wp-content\\\/uploads\\\/2024\\\/09\\\/Movera-L-9962276100.jpg\",\"datePublished\":\"2024-05-15T14:57:47+00:00\",\"dateModified\":\"2026-04-21T21:15:19+00:00\",\"breadcrumb\":{\"@id\":\"https:\\\/\\\/shop.bantam.ch\\\/de\\\/produkt\\\/tischtennis-set-schildkroet-outdoor-waterproof\\\/#breadcrumb\"},\"inLanguage\":\"de\",\"potentialAction\":[{\"@type\":\"ReadAction\",\"target\":[\"https:\\\/\\\/shop.bantam.ch\\\/de\\\/produkt\\\/tischtennis-set-schildkroet-outdoor-waterproof\\\/\"]}]},{\"@type\":\"ImageObject\",\"inLanguage\":\"de\",\"@id\":\"https:\\\/\\\/shop.bantam.ch\\\/de\\\/produkt\\\/tischtennis-set-schildkroet-outdoor-waterproof\\\/#primaryimage\",\"url\":\"https:\\\/\\\/shop.bantam.ch\\\/wp-content\\\/uploads\\\/2024\\\/09\\\/Movera-L-9962276100.jpg\",\"contentUrl\":\"https:\\\/\\\/shop.bantam.ch\\\/wp-content\\\/uploads\\\/2024\\\/09\\\/Movera-L-9962276100.jpg\",\"width\":640,\"height\":498},{\"@type\":\"BreadcrumbList\",\"@id\":\"https:\\\/\\\/shop.bantam.ch\\\/de\\\/produkt\\\/tischtennis-set-schildkroet-outdoor-waterproof\\\/#breadcrumb\",\"itemListElement\":[{\"@type\":\"ListItem\",\"position\":1,\"name\":\"Accueil\",\"item\":\"https:\\\/\\\/shop.bantam.ch\\\/de\\\/\"},{\"@type\":\"ListItem\",\"position\":2,\"name\":\"Shop\",\"item\":\"https:\\\/\\\/shop.bantam.ch\\\/de\\\/shop\\\/\"},{\"@type\":\"ListItem\",\"position\":3,\"name\":\"Tischtennis Set SCHILDKR\u00d6T Outdoor Waterproof\"}]},{\"@type\":\"WebSite\",\"@id\":\"https:\\\/\\\/shop.bantam.ch\\\/de\\\/#website\",\"url\":\"https:\\\/\\\/shop.bantam.ch\\\/de\\\/\",\"name\":\"Bantam Camping AG\",\"description\":\"\",\"publisher\":{\"@id\":\"https:\\\/\\\/shop.bantam.ch\\\/de\\\/#organization\"},\"inLanguage\":\"de\"},{\"@type\":\"Organization\",\"@id\":\"https:\\\/\\\/shop.bantam.ch\\\/de\\\/#organization\",\"name\":\"Bantam Camping AG\",\"url\":\"https:\\\/\\\/shop.bantam.ch\\\/de\\\/\",\"logo\":{\"@type\":\"ImageObject\",\"inLanguage\":\"de\",\"@id\":\"https:\\\/\\\/shop.bantam.ch\\\/de\\\/#\\\/schema\\\/logo\\\/image\\\/\",\"url\":\"https:\\\/\\\/shop.bantam.ch\\\/wp-content\\\/uploads\\\/2022\\\/12\\\/bantam-logo.png\",\"contentUrl\":\"https:\\\/\\\/shop.bantam.ch\\\/wp-content\\\/uploads\\\/2022\\\/12\\\/bantam-logo.png\",\"width\":320,\"height\":71,\"caption\":\"Bantam Camping AG\"},\"image\":{\"@id\":\"https:\\\/\\\/shop.bantam.ch\\\/de\\\/#\\\/schema\\\/logo\\\/image\\\/\"}}]}<\/script>\n<!-- \/ Yoast SEO plugin. -->","yoast_head_json":{"title":"Tischtennis Set SCHILDKR\u00d6T Outdoor Waterproof - Bantam Camping AG","robots":{"index":"index","follow":"follow","max-snippet":"max-snippet:-1","max-image-preview":"max-image-preview:large","max-video-preview":"max-video-preview:-1"},"canonical":"https:\/\/shop.bantam.ch\/de\/produkt\/tischtennis-set-schildkroet-outdoor-waterproof\/","og_locale":"de_DE","og_type":"article","og_title":"Tischtennis Set SCHILDKR\u00d6T Outdoor Waterproof - Bantam Camping AG","og_description":"Das Outdoor Weatherproof Set von Donic-Schildkr\u00f6t beinhaltet 2 Stk. der neuen innovativen Outdoor-Schl\u00e4ger aus einem 2-Komponenten-Kunststoff. Ein harter verwindungssteifer Kern aus schwarzem Kunststoff plus ein zweiter aufgespritzter weicher, griffiger (gummiartiger) Kunststoff in Rot f\u00fcr Griffigkeit, sicheren Schl\u00e4gerhalt, Spin, Beschleunigung etc. Diese neuartigen Schl\u00e4ger k\u00f6nnen problemlos mit jedem Freizeitschl\u00e4ger aus Holz mithalten! Gleichzeitig sind sie wasserfest [&hellip;]","og_url":"https:\/\/shop.bantam.ch\/de\/produkt\/tischtennis-set-schildkroet-outdoor-waterproof\/","og_site_name":"Bantam Camping AG","article_modified_time":"2026-04-21T21:15:19+00:00","og_image":[{"width":640,"height":498,"url":"https:\/\/shop.bantam.ch\/wp-content\/uploads\/2024\/05\/Movera-L-9962276100.jpg","type":"image\/jpeg"}],"twitter_card":"summary_large_image","twitter_misc":{"Gesch\u00e4tzte Lesezeit":"1\u00a0Minute"},"schema":{"@context":"https:\/\/schema.org","@graph":[{"@type":"WebPage","@id":"https:\/\/shop.bantam.ch\/de\/produkt\/tischtennis-set-schildkroet-outdoor-waterproof\/","url":"https:\/\/shop.bantam.ch\/de\/produkt\/tischtennis-set-schildkroet-outdoor-waterproof\/","name":"Tischtennis Set SCHILDKR\u00d6T Outdoor Waterproof - Bantam Camping AG","isPartOf":{"@id":"https:\/\/shop.bantam.ch\/de\/#website"},"primaryImageOfPage":{"@id":"https:\/\/shop.bantam.ch\/de\/produkt\/tischtennis-set-schildkroet-outdoor-waterproof\/#primaryimage"},"image":{"@id":"https:\/\/shop.bantam.ch\/de\/produkt\/tischtennis-set-schildkroet-outdoor-waterproof\/#primaryimage"},"thumbnailUrl":"https:\/\/shop.bantam.ch\/wp-content\/uploads\/2024\/09\/Movera-L-9962276100.jpg","datePublished":"2024-05-15T14:57:47+00:00","dateModified":"2026-04-21T21:15:19+00:00","breadcrumb":{"@id":"https:\/\/shop.bantam.ch\/de\/produkt\/tischtennis-set-schildkroet-outdoor-waterproof\/#breadcrumb"},"inLanguage":"de","potentialAction":[{"@type":"ReadAction","target":["https:\/\/shop.bantam.ch\/de\/produkt\/tischtennis-set-schildkroet-outdoor-waterproof\/"]}]},{"@type":"ImageObject","inLanguage":"de","@id":"https:\/\/shop.bantam.ch\/de\/produkt\/tischtennis-set-schildkroet-outdoor-waterproof\/#primaryimage","url":"https:\/\/shop.bantam.ch\/wp-content\/uploads\/2024\/09\/Movera-L-9962276100.jpg","contentUrl":"https:\/\/shop.bantam.ch\/wp-content\/uploads\/2024\/09\/Movera-L-9962276100.jpg","width":640,"height":498},{"@type":"BreadcrumbList","@id":"https:\/\/shop.bantam.ch\/de\/produkt\/tischtennis-set-schildkroet-outdoor-waterproof\/#breadcrumb","itemListElement":[{"@type":"ListItem","position":1,"name":"Accueil","item":"https:\/\/shop.bantam.ch\/de\/"},{"@type":"ListItem","position":2,"name":"Shop","item":"https:\/\/shop.bantam.ch\/de\/shop\/"},{"@type":"ListItem","position":3,"name":"Tischtennis Set SCHILDKR\u00d6T Outdoor Waterproof"}]},{"@type":"WebSite","@id":"https:\/\/shop.bantam.ch\/de\/#website","url":"https:\/\/shop.bantam.ch\/de\/","name":"Bantam Camping AG","description":"","publisher":{"@id":"https:\/\/shop.bantam.ch\/de\/#organization"},"inLanguage":"de"},{"@type":"Organization","@id":"https:\/\/shop.bantam.ch\/de\/#organization","name":"Bantam Camping AG","url":"https:\/\/shop.bantam.ch\/de\/","logo":{"@type":"ImageObject","inLanguage":"de","@id":"https:\/\/shop.bantam.ch\/de\/#\/schema\/logo\/image\/","url":"https:\/\/shop.bantam.ch\/wp-content\/uploads\/2022\/12\/bantam-logo.png","contentUrl":"https:\/\/shop.bantam.ch\/wp-content\/uploads\/2022\/12\/bantam-logo.png","width":320,"height":71,"caption":"Bantam Camping AG"},"image":{"@id":"https:\/\/shop.bantam.ch\/de\/#\/schema\/logo\/image\/"}}]}},"_links":{"self":[{"href":"https:\/\/shop.bantam.ch\/de\/wp-json\/wp\/v2\/product\/198839","targetHints":{"allow":["GET"]}}],"collection":[{"href":"https:\/\/shop.bantam.ch\/de\/wp-json\/wp\/v2\/product"}],"about":[{"href":"https:\/\/shop.bantam.ch\/de\/wp-json\/wp\/v2\/types\/product"}],"wp:featuredmedia":[{"embeddable":true,"href":"https:\/\/shop.bantam.ch\/de\/wp-json\/wp\/v2\/media\/207293"}],"wp:attachment":[{"href":"https:\/\/shop.bantam.ch\/de\/wp-json\/wp\/v2\/media?parent=198839"}],"wp:term":[{"taxonomy":"product_featured_cat","embeddable":true,"href":"https:\/\/shop.bantam.ch\/de\/wp-json\/wp\/v2\/product_featured_cat?post=198839"},{"taxonomy":"product_brand","embeddable":true,"href":"https:\/\/shop.bantam.ch\/de\/wp-json\/wp\/v2\/product_brand?post=198839"},{"taxonomy":"product_cat","embeddable":true,"href":"https:\/\/shop.bantam.ch\/de\/wp-json\/wp\/v2\/product_cat?post=198839"},{"taxonomy":"product_tag","embeddable":true,"href":"https:\/\/shop.bantam.ch\/de\/wp-json\/wp\/v2\/product_tag?post=198839"}],"curies":[{"name":"wp","href":"https:\/\/api.w.org\/{rel}","templated":true}]}}