{"id":198798,"date":"2024-05-15T16:56:44","date_gmt":"2024-05-15T14:56:44","guid":{"rendered":"https:\/\/shop.bantam.ch\/produit\/ausseneinheit-quipon-air-light-2650\/"},"modified":"2026-04-18T01:20:37","modified_gmt":"2026-04-17T23:20:37","slug":"ausseneinheit-quipon-air-light-2650","status":"publish","type":"product","link":"https:\/\/shop.bantam.ch\/de\/produkt\/ausseneinheit-quipon-air-light-2650\/","title":{"rendered":"Au\u00dfeneinheit Quipon AIR Light 2650"},"content":{"rendered":"<p>Mit der Quipon AIR 2650 Klimaanlage sind Sie im Urlaub mit dem Reisemobil komplett unabh\u00e4ngig &#8211; auch vom Wetter. Die Quipon AIR 2650 Klimaanlage ist mit 2600 W K\u00e4lteleistung und 2400 W Hitzeleistung sehr kraftvoll und h\u00e4lt somit je nach Bedarf Hitze oder K\u00e4lte drau\u00dfen aus ihrem mobilen Zuhause. Trotz nur 4,9 cm Aufbauh\u00f6he des innen verbauten Luftverteilers besitzt die Quipon AIR gro\u00dfvolumige Luftausl\u00e4sse, so dass sie \u00fcber einen hohen Wirkungsgrad und eine hohe Leistung verf\u00fcgt. Zudem enth\u00e4lt die Quipon AIR 2600 einen integrierten Luftfilter und reguliert die Luftfeuchtigkeit. Die Quipon AIR punktet durch ihren leisen Betrieb und die einfache Bedienbarkeit. Die Bedienung erfolgt ganz einfach \u00fcber die funktionale Touch-Bedienleiste oder noch bequemer mit der mitgelieferten Fernbedienung. Die Quipon AIR IST f\u00fcr Dachst\u00e4rken von 30 bis 80 mm und Freizeitfahrzeuge bis max. 8 m L\u00e4nge geeignet.<\/p>\n<p>Ausstattung und Funktionen:<\/p>\n<ul>\n<li>einfache Bedienung mittels Fernbedienung<\/li>\n<li>kraftvoll bei jedem Wetter<\/li>\n<li>k\u00fchlen und heizen<\/li>\n<li>reguliert die Luftfeuchtigkeit<\/li>\n<li>sehr leise im Betrieb<\/li>\n<li>einfache Montage f\u00fcr Freizeitfahrzeuge bis max. 8 m<\/li>\n<\/ul>\n","protected":false},"excerpt":{"rendered":"<p>Mit der Quipon AIR 2650 Klimaanlage sind Sie im Urlaub mit dem Reisemobil komplett unabh\u00e4ngig &#8211; auch vom Wetter. Die Quipon AIR 2650 Klimaanlage ist mit 2600 W K\u00e4lteleistung und 2400 W Hitzeleistung sehr kraftvoll und h\u00e4lt somit je nach Bedarf Hitze oder K\u00e4lte drau\u00dfen aus ihrem mobilen Zuhause. Trotz nur 4,9 cm Aufbauh\u00f6he des [&hellip;]<\/p>\n","protected":false},"featured_media":198781,"template":"","meta":{"_acf_changed":false},"product_featured_cat":[],"product_brand":[3351],"product_cat":[4090],"product_tag":[],"class_list":{"0":"post-198798","1":"product","2":"type-product","3":"status-publish","4":"has-post-thumbnail","6":"product_brand-quipon-de","7":"product_cat-klimaanlagen","9":"first","10":"instock","11":"taxable","12":"shipping-taxable","13":"purchasable","14":"product-type-variable"},"acf":[],"yoast_head":"<!-- This site is optimized with the Yoast SEO plugin v27.4 - https:\/\/yoast.com\/product\/yoast-seo-wordpress\/ -->\n<title>Au\u00dfeneinheit Quipon AIR Light 2650 - Bantam Camping AG<\/title>\n<meta name=\"robots\" content=\"index, follow, max-snippet:-1, max-image-preview:large, max-video-preview:-1\" \/>\n<link rel=\"canonical\" href=\"https:\/\/shop.bantam.ch\/de\/produkt\/ausseneinheit-quipon-air-light-2650\/\" \/>\n<meta property=\"og:locale\" content=\"de_DE\" \/>\n<meta property=\"og:type\" content=\"article\" \/>\n<meta property=\"og:title\" content=\"Au\u00dfeneinheit Quipon AIR Light 2650 - Bantam Camping AG\" \/>\n<meta property=\"og:description\" content=\"Mit der Quipon AIR 2650 Klimaanlage sind Sie im Urlaub mit dem Reisemobil komplett unabh\u00e4ngig &#8211; auch vom Wetter. Die Quipon AIR 2650 Klimaanlage ist mit 2600 W K\u00e4lteleistung und 2400 W Hitzeleistung sehr kraftvoll und h\u00e4lt somit je nach Bedarf Hitze oder K\u00e4lte drau\u00dfen aus ihrem mobilen Zuhause. Trotz nur 4,9 cm Aufbauh\u00f6he des [&hellip;]\" \/>\n<meta property=\"og:url\" content=\"https:\/\/shop.bantam.ch\/de\/produkt\/ausseneinheit-quipon-air-light-2650\/\" \/>\n<meta property=\"og:site_name\" content=\"Bantam Camping AG\" \/>\n<meta property=\"article:modified_time\" content=\"2026-04-17T23:20:37+00:00\" \/>\n<meta property=\"og:image\" content=\"https:\/\/shop.bantam.ch\/wp-content\/uploads\/2024\/05\/Movera-L-9963426100.jpg\" \/>\n\t<meta property=\"og:image:width\" content=\"640\" \/>\n\t<meta property=\"og:image:height\" content=\"449\" \/>\n\t<meta property=\"og:image:type\" content=\"image\/jpeg\" \/>\n<meta name=\"twitter:card\" content=\"summary_large_image\" \/>\n<meta name=\"twitter:label1\" content=\"Gesch\u00e4tzte Lesezeit\" \/>\n\t<meta name=\"twitter:data1\" content=\"1\u00a0Minute\" \/>\n<script type=\"application\/ld+json\" class=\"yoast-schema-graph\">{\"@context\":\"https:\\\/\\\/schema.org\",\"@graph\":[{\"@type\":\"WebPage\",\"@id\":\"https:\\\/\\\/shop.bantam.ch\\\/de\\\/produkt\\\/ausseneinheit-quipon-air-light-2650\\\/\",\"url\":\"https:\\\/\\\/shop.bantam.ch\\\/de\\\/produkt\\\/ausseneinheit-quipon-air-light-2650\\\/\",\"name\":\"Au\u00dfeneinheit Quipon AIR Light 2650 - Bantam Camping AG\",\"isPartOf\":{\"@id\":\"https:\\\/\\\/shop.bantam.ch\\\/de\\\/#website\"},\"primaryImageOfPage\":{\"@id\":\"https:\\\/\\\/shop.bantam.ch\\\/de\\\/produkt\\\/ausseneinheit-quipon-air-light-2650\\\/#primaryimage\"},\"image\":{\"@id\":\"https:\\\/\\\/shop.bantam.ch\\\/de\\\/produkt\\\/ausseneinheit-quipon-air-light-2650\\\/#primaryimage\"},\"thumbnailUrl\":\"https:\\\/\\\/shop.bantam.ch\\\/wp-content\\\/uploads\\\/2024\\\/05\\\/Movera-L-9963426100.jpg\",\"datePublished\":\"2024-05-15T14:56:44+00:00\",\"dateModified\":\"2026-04-17T23:20:37+00:00\",\"breadcrumb\":{\"@id\":\"https:\\\/\\\/shop.bantam.ch\\\/de\\\/produkt\\\/ausseneinheit-quipon-air-light-2650\\\/#breadcrumb\"},\"inLanguage\":\"de\",\"potentialAction\":[{\"@type\":\"ReadAction\",\"target\":[\"https:\\\/\\\/shop.bantam.ch\\\/de\\\/produkt\\\/ausseneinheit-quipon-air-light-2650\\\/\"]}]},{\"@type\":\"ImageObject\",\"inLanguage\":\"de\",\"@id\":\"https:\\\/\\\/shop.bantam.ch\\\/de\\\/produkt\\\/ausseneinheit-quipon-air-light-2650\\\/#primaryimage\",\"url\":\"https:\\\/\\\/shop.bantam.ch\\\/wp-content\\\/uploads\\\/2024\\\/05\\\/Movera-L-9963426100.jpg\",\"contentUrl\":\"https:\\\/\\\/shop.bantam.ch\\\/wp-content\\\/uploads\\\/2024\\\/05\\\/Movera-L-9963426100.jpg\",\"width\":640,\"height\":449},{\"@type\":\"BreadcrumbList\",\"@id\":\"https:\\\/\\\/shop.bantam.ch\\\/de\\\/produkt\\\/ausseneinheit-quipon-air-light-2650\\\/#breadcrumb\",\"itemListElement\":[{\"@type\":\"ListItem\",\"position\":1,\"name\":\"Accueil\",\"item\":\"https:\\\/\\\/shop.bantam.ch\\\/de\\\/\"},{\"@type\":\"ListItem\",\"position\":2,\"name\":\"Shop\",\"item\":\"https:\\\/\\\/shop.bantam.ch\\\/de\\\/shop\\\/\"},{\"@type\":\"ListItem\",\"position\":3,\"name\":\"Au\u00dfeneinheit Quipon AIR Light 2650\"}]},{\"@type\":\"WebSite\",\"@id\":\"https:\\\/\\\/shop.bantam.ch\\\/de\\\/#website\",\"url\":\"https:\\\/\\\/shop.bantam.ch\\\/de\\\/\",\"name\":\"Bantam Camping AG\",\"description\":\"\",\"publisher\":{\"@id\":\"https:\\\/\\\/shop.bantam.ch\\\/de\\\/#organization\"},\"inLanguage\":\"de\"},{\"@type\":\"Organization\",\"@id\":\"https:\\\/\\\/shop.bantam.ch\\\/de\\\/#organization\",\"name\":\"Bantam Camping AG\",\"url\":\"https:\\\/\\\/shop.bantam.ch\\\/de\\\/\",\"logo\":{\"@type\":\"ImageObject\",\"inLanguage\":\"de\",\"@id\":\"https:\\\/\\\/shop.bantam.ch\\\/de\\\/#\\\/schema\\\/logo\\\/image\\\/\",\"url\":\"https:\\\/\\\/shop.bantam.ch\\\/wp-content\\\/uploads\\\/2022\\\/12\\\/bantam-logo.png\",\"contentUrl\":\"https:\\\/\\\/shop.bantam.ch\\\/wp-content\\\/uploads\\\/2022\\\/12\\\/bantam-logo.png\",\"width\":320,\"height\":71,\"caption\":\"Bantam Camping AG\"},\"image\":{\"@id\":\"https:\\\/\\\/shop.bantam.ch\\\/de\\\/#\\\/schema\\\/logo\\\/image\\\/\"}}]}<\/script>\n<!-- \/ Yoast SEO plugin. -->","yoast_head_json":{"title":"Au\u00dfeneinheit Quipon AIR Light 2650 - Bantam Camping AG","robots":{"index":"index","follow":"follow","max-snippet":"max-snippet:-1","max-image-preview":"max-image-preview:large","max-video-preview":"max-video-preview:-1"},"canonical":"https:\/\/shop.bantam.ch\/de\/produkt\/ausseneinheit-quipon-air-light-2650\/","og_locale":"de_DE","og_type":"article","og_title":"Au\u00dfeneinheit Quipon AIR Light 2650 - Bantam Camping AG","og_description":"Mit der Quipon AIR 2650 Klimaanlage sind Sie im Urlaub mit dem Reisemobil komplett unabh\u00e4ngig &#8211; auch vom Wetter. Die Quipon AIR 2650 Klimaanlage ist mit 2600 W K\u00e4lteleistung und 2400 W Hitzeleistung sehr kraftvoll und h\u00e4lt somit je nach Bedarf Hitze oder K\u00e4lte drau\u00dfen aus ihrem mobilen Zuhause. Trotz nur 4,9 cm Aufbauh\u00f6he des [&hellip;]","og_url":"https:\/\/shop.bantam.ch\/de\/produkt\/ausseneinheit-quipon-air-light-2650\/","og_site_name":"Bantam Camping AG","article_modified_time":"2026-04-17T23:20:37+00:00","og_image":[{"width":640,"height":449,"url":"https:\/\/shop.bantam.ch\/wp-content\/uploads\/2024\/05\/Movera-L-9963426100.jpg","type":"image\/jpeg"}],"twitter_card":"summary_large_image","twitter_misc":{"Gesch\u00e4tzte Lesezeit":"1\u00a0Minute"},"schema":{"@context":"https:\/\/schema.org","@graph":[{"@type":"WebPage","@id":"https:\/\/shop.bantam.ch\/de\/produkt\/ausseneinheit-quipon-air-light-2650\/","url":"https:\/\/shop.bantam.ch\/de\/produkt\/ausseneinheit-quipon-air-light-2650\/","name":"Au\u00dfeneinheit Quipon AIR Light 2650 - Bantam Camping AG","isPartOf":{"@id":"https:\/\/shop.bantam.ch\/de\/#website"},"primaryImageOfPage":{"@id":"https:\/\/shop.bantam.ch\/de\/produkt\/ausseneinheit-quipon-air-light-2650\/#primaryimage"},"image":{"@id":"https:\/\/shop.bantam.ch\/de\/produkt\/ausseneinheit-quipon-air-light-2650\/#primaryimage"},"thumbnailUrl":"https:\/\/shop.bantam.ch\/wp-content\/uploads\/2024\/05\/Movera-L-9963426100.jpg","datePublished":"2024-05-15T14:56:44+00:00","dateModified":"2026-04-17T23:20:37+00:00","breadcrumb":{"@id":"https:\/\/shop.bantam.ch\/de\/produkt\/ausseneinheit-quipon-air-light-2650\/#breadcrumb"},"inLanguage":"de","potentialAction":[{"@type":"ReadAction","target":["https:\/\/shop.bantam.ch\/de\/produkt\/ausseneinheit-quipon-air-light-2650\/"]}]},{"@type":"ImageObject","inLanguage":"de","@id":"https:\/\/shop.bantam.ch\/de\/produkt\/ausseneinheit-quipon-air-light-2650\/#primaryimage","url":"https:\/\/shop.bantam.ch\/wp-content\/uploads\/2024\/05\/Movera-L-9963426100.jpg","contentUrl":"https:\/\/shop.bantam.ch\/wp-content\/uploads\/2024\/05\/Movera-L-9963426100.jpg","width":640,"height":449},{"@type":"BreadcrumbList","@id":"https:\/\/shop.bantam.ch\/de\/produkt\/ausseneinheit-quipon-air-light-2650\/#breadcrumb","itemListElement":[{"@type":"ListItem","position":1,"name":"Accueil","item":"https:\/\/shop.bantam.ch\/de\/"},{"@type":"ListItem","position":2,"name":"Shop","item":"https:\/\/shop.bantam.ch\/de\/shop\/"},{"@type":"ListItem","position":3,"name":"Au\u00dfeneinheit Quipon AIR Light 2650"}]},{"@type":"WebSite","@id":"https:\/\/shop.bantam.ch\/de\/#website","url":"https:\/\/shop.bantam.ch\/de\/","name":"Bantam Camping AG","description":"","publisher":{"@id":"https:\/\/shop.bantam.ch\/de\/#organization"},"inLanguage":"de"},{"@type":"Organization","@id":"https:\/\/shop.bantam.ch\/de\/#organization","name":"Bantam Camping AG","url":"https:\/\/shop.bantam.ch\/de\/","logo":{"@type":"ImageObject","inLanguage":"de","@id":"https:\/\/shop.bantam.ch\/de\/#\/schema\/logo\/image\/","url":"https:\/\/shop.bantam.ch\/wp-content\/uploads\/2022\/12\/bantam-logo.png","contentUrl":"https:\/\/shop.bantam.ch\/wp-content\/uploads\/2022\/12\/bantam-logo.png","width":320,"height":71,"caption":"Bantam Camping AG"},"image":{"@id":"https:\/\/shop.bantam.ch\/de\/#\/schema\/logo\/image\/"}}]}},"_links":{"self":[{"href":"https:\/\/shop.bantam.ch\/de\/wp-json\/wp\/v2\/product\/198798","targetHints":{"allow":["GET"]}}],"collection":[{"href":"https:\/\/shop.bantam.ch\/de\/wp-json\/wp\/v2\/product"}],"about":[{"href":"https:\/\/shop.bantam.ch\/de\/wp-json\/wp\/v2\/types\/product"}],"wp:featuredmedia":[{"embeddable":true,"href":"https:\/\/shop.bantam.ch\/de\/wp-json\/wp\/v2\/media\/198781"}],"wp:attachment":[{"href":"https:\/\/shop.bantam.ch\/de\/wp-json\/wp\/v2\/media?parent=198798"}],"wp:term":[{"taxonomy":"product_featured_cat","embeddable":true,"href":"https:\/\/shop.bantam.ch\/de\/wp-json\/wp\/v2\/product_featured_cat?post=198798"},{"taxonomy":"product_brand","embeddable":true,"href":"https:\/\/shop.bantam.ch\/de\/wp-json\/wp\/v2\/product_brand?post=198798"},{"taxonomy":"product_cat","embeddable":true,"href":"https:\/\/shop.bantam.ch\/de\/wp-json\/wp\/v2\/product_cat?post=198798"},{"taxonomy":"product_tag","embeddable":true,"href":"https:\/\/shop.bantam.ch\/de\/wp-json\/wp\/v2\/product_tag?post=198798"}],"curies":[{"name":"wp","href":"https:\/\/api.w.org\/{rel}","templated":true}]}}