{"id":198776,"date":"2024-05-15T16:56:16","date_gmt":"2024-05-15T14:56:16","guid":{"rendered":"https:\/\/shop.bantam.ch\/produit\/kompressorkuehlschrank-cruise-slim\/"},"modified":"2026-04-18T01:20:29","modified_gmt":"2026-04-17T23:20:29","slug":"kompressorkuehlschrank-cruise-slim","status":"publish","type":"product","link":"https:\/\/shop.bantam.ch\/de\/produkt\/kompressorkuehlschrank-cruise-slim\/","title":{"rendered":"Kompressork\u00fchlschrank CRUISE SLIM"},"content":{"rendered":"<p>Die Slim-Linie ist in drei Modellen mit einem Fassungsverm\u00f6gen von 70 bis 140 Litern erh\u00e4ltlich. Alle K\u00fchlschr\u00e4nke sind mit einem LED-Display mit Energiespar- und Silent Night-Modus, einer individuell gestaltbaren T\u00fcrblende mit reversibler \u00d6ffnung und einem Griff mit L\u00fcftungssperre bei ausgeschaltetem K\u00fchlschrank ausgestattet.<\/p>\n<p>Die K\u00fchlschr\u00e4nke sind mit einem LED-Display mit Energiespar- und Silent Night-Modus, einer individuell gestaltbaren T\u00fcrblende mit reversibler \u00d6ffnung und einem Griff mit L\u00fcftungssperre bei ausgeschaltetem K\u00fchlschrank ausgestattet.<\/p>\n","protected":false},"excerpt":{"rendered":"<p>Die Slim-Linie ist in drei Modellen mit einem Fassungsverm\u00f6gen von 70 bis 140 Litern erh\u00e4ltlich. Alle K\u00fchlschr\u00e4nke sind mit einem LED-Display mit Energiespar- und Silent Night-Modus, einer individuell gestaltbaren T\u00fcrblende mit reversibler \u00d6ffnung und einem Griff mit L\u00fcftungssperre bei ausgeschaltetem K\u00fchlschrank ausgestattet. Die K\u00fchlschr\u00e4nke sind mit einem LED-Display mit Energiespar- und Silent Night-Modus, einer individuell [&hellip;]<\/p>\n","protected":false},"featured_media":198761,"template":"","meta":{"_acf_changed":false},"product_featured_cat":[],"product_brand":[5266],"product_cat":[4550],"product_tag":[],"class_list":{"0":"post-198776","1":"product","2":"type-product","3":"status-publish","4":"has-post-thumbnail","6":"product_brand-off-by-indel-b-de","7":"product_cat-kompressor-kuehlschraenke","9":"first","10":"instock","11":"taxable","12":"shipping-taxable","13":"purchasable","14":"product-type-variable"},"acf":[],"yoast_head":"<!-- This site is optimized with the Yoast SEO plugin v27.4 - https:\/\/yoast.com\/product\/yoast-seo-wordpress\/ -->\n<title>Kompressork\u00fchlschrank CRUISE SLIM - Bantam Camping AG<\/title>\n<meta name=\"robots\" content=\"index, follow, max-snippet:-1, max-image-preview:large, max-video-preview:-1\" \/>\n<link rel=\"canonical\" href=\"https:\/\/shop.bantam.ch\/de\/produkt\/kompressorkuehlschrank-cruise-slim\/\" \/>\n<meta property=\"og:locale\" content=\"de_DE\" \/>\n<meta property=\"og:type\" content=\"article\" \/>\n<meta property=\"og:title\" content=\"Kompressork\u00fchlschrank CRUISE SLIM - Bantam Camping AG\" \/>\n<meta property=\"og:description\" content=\"Die Slim-Linie ist in drei Modellen mit einem Fassungsverm\u00f6gen von 70 bis 140 Litern erh\u00e4ltlich. Alle K\u00fchlschr\u00e4nke sind mit einem LED-Display mit Energiespar- und Silent Night-Modus, einer individuell gestaltbaren T\u00fcrblende mit reversibler \u00d6ffnung und einem Griff mit L\u00fcftungssperre bei ausgeschaltetem K\u00fchlschrank ausgestattet. Die K\u00fchlschr\u00e4nke sind mit einem LED-Display mit Energiespar- und Silent Night-Modus, einer individuell [&hellip;]\" \/>\n<meta property=\"og:url\" content=\"https:\/\/shop.bantam.ch\/de\/produkt\/kompressorkuehlschrank-cruise-slim\/\" \/>\n<meta property=\"og:site_name\" content=\"Bantam Camping AG\" \/>\n<meta property=\"article:modified_time\" content=\"2026-04-17T23:20:29+00:00\" \/>\n<meta property=\"og:image\" content=\"https:\/\/shop.bantam.ch\/wp-content\/uploads\/2024\/05\/Movera-L-9963422100.jpg\" \/>\n\t<meta property=\"og:image:width\" content=\"640\" \/>\n\t<meta property=\"og:image:height\" content=\"760\" \/>\n\t<meta property=\"og:image:type\" content=\"image\/jpeg\" \/>\n<meta name=\"twitter:card\" content=\"summary_large_image\" \/>\n<script type=\"application\/ld+json\" class=\"yoast-schema-graph\">{\"@context\":\"https:\\\/\\\/schema.org\",\"@graph\":[{\"@type\":\"WebPage\",\"@id\":\"https:\\\/\\\/shop.bantam.ch\\\/de\\\/produkt\\\/kompressorkuehlschrank-cruise-slim\\\/\",\"url\":\"https:\\\/\\\/shop.bantam.ch\\\/de\\\/produkt\\\/kompressorkuehlschrank-cruise-slim\\\/\",\"name\":\"Kompressork\u00fchlschrank CRUISE SLIM - Bantam Camping AG\",\"isPartOf\":{\"@id\":\"https:\\\/\\\/shop.bantam.ch\\\/de\\\/#website\"},\"primaryImageOfPage\":{\"@id\":\"https:\\\/\\\/shop.bantam.ch\\\/de\\\/produkt\\\/kompressorkuehlschrank-cruise-slim\\\/#primaryimage\"},\"image\":{\"@id\":\"https:\\\/\\\/shop.bantam.ch\\\/de\\\/produkt\\\/kompressorkuehlschrank-cruise-slim\\\/#primaryimage\"},\"thumbnailUrl\":\"https:\\\/\\\/shop.bantam.ch\\\/wp-content\\\/uploads\\\/2024\\\/05\\\/Movera-L-9963422100.jpg\",\"datePublished\":\"2024-05-15T14:56:16+00:00\",\"dateModified\":\"2026-04-17T23:20:29+00:00\",\"breadcrumb\":{\"@id\":\"https:\\\/\\\/shop.bantam.ch\\\/de\\\/produkt\\\/kompressorkuehlschrank-cruise-slim\\\/#breadcrumb\"},\"inLanguage\":\"de\",\"potentialAction\":[{\"@type\":\"ReadAction\",\"target\":[\"https:\\\/\\\/shop.bantam.ch\\\/de\\\/produkt\\\/kompressorkuehlschrank-cruise-slim\\\/\"]}]},{\"@type\":\"ImageObject\",\"inLanguage\":\"de\",\"@id\":\"https:\\\/\\\/shop.bantam.ch\\\/de\\\/produkt\\\/kompressorkuehlschrank-cruise-slim\\\/#primaryimage\",\"url\":\"https:\\\/\\\/shop.bantam.ch\\\/wp-content\\\/uploads\\\/2024\\\/05\\\/Movera-L-9963422100.jpg\",\"contentUrl\":\"https:\\\/\\\/shop.bantam.ch\\\/wp-content\\\/uploads\\\/2024\\\/05\\\/Movera-L-9963422100.jpg\",\"width\":640,\"height\":760},{\"@type\":\"BreadcrumbList\",\"@id\":\"https:\\\/\\\/shop.bantam.ch\\\/de\\\/produkt\\\/kompressorkuehlschrank-cruise-slim\\\/#breadcrumb\",\"itemListElement\":[{\"@type\":\"ListItem\",\"position\":1,\"name\":\"Accueil\",\"item\":\"https:\\\/\\\/shop.bantam.ch\\\/de\\\/\"},{\"@type\":\"ListItem\",\"position\":2,\"name\":\"Shop\",\"item\":\"https:\\\/\\\/shop.bantam.ch\\\/de\\\/shop\\\/\"},{\"@type\":\"ListItem\",\"position\":3,\"name\":\"Kompressork\u00fchlschrank CRUISE SLIM\"}]},{\"@type\":\"WebSite\",\"@id\":\"https:\\\/\\\/shop.bantam.ch\\\/de\\\/#website\",\"url\":\"https:\\\/\\\/shop.bantam.ch\\\/de\\\/\",\"name\":\"Bantam Camping AG\",\"description\":\"\",\"publisher\":{\"@id\":\"https:\\\/\\\/shop.bantam.ch\\\/de\\\/#organization\"},\"inLanguage\":\"de\"},{\"@type\":\"Organization\",\"@id\":\"https:\\\/\\\/shop.bantam.ch\\\/de\\\/#organization\",\"name\":\"Bantam Camping AG\",\"url\":\"https:\\\/\\\/shop.bantam.ch\\\/de\\\/\",\"logo\":{\"@type\":\"ImageObject\",\"inLanguage\":\"de\",\"@id\":\"https:\\\/\\\/shop.bantam.ch\\\/de\\\/#\\\/schema\\\/logo\\\/image\\\/\",\"url\":\"https:\\\/\\\/shop.bantam.ch\\\/wp-content\\\/uploads\\\/2022\\\/12\\\/bantam-logo.png\",\"contentUrl\":\"https:\\\/\\\/shop.bantam.ch\\\/wp-content\\\/uploads\\\/2022\\\/12\\\/bantam-logo.png\",\"width\":320,\"height\":71,\"caption\":\"Bantam Camping AG\"},\"image\":{\"@id\":\"https:\\\/\\\/shop.bantam.ch\\\/de\\\/#\\\/schema\\\/logo\\\/image\\\/\"}}]}<\/script>\n<!-- \/ Yoast SEO plugin. -->","yoast_head_json":{"title":"Kompressork\u00fchlschrank CRUISE SLIM - Bantam Camping AG","robots":{"index":"index","follow":"follow","max-snippet":"max-snippet:-1","max-image-preview":"max-image-preview:large","max-video-preview":"max-video-preview:-1"},"canonical":"https:\/\/shop.bantam.ch\/de\/produkt\/kompressorkuehlschrank-cruise-slim\/","og_locale":"de_DE","og_type":"article","og_title":"Kompressork\u00fchlschrank CRUISE SLIM - Bantam Camping AG","og_description":"Die Slim-Linie ist in drei Modellen mit einem Fassungsverm\u00f6gen von 70 bis 140 Litern erh\u00e4ltlich. Alle K\u00fchlschr\u00e4nke sind mit einem LED-Display mit Energiespar- und Silent Night-Modus, einer individuell gestaltbaren T\u00fcrblende mit reversibler \u00d6ffnung und einem Griff mit L\u00fcftungssperre bei ausgeschaltetem K\u00fchlschrank ausgestattet. Die K\u00fchlschr\u00e4nke sind mit einem LED-Display mit Energiespar- und Silent Night-Modus, einer individuell [&hellip;]","og_url":"https:\/\/shop.bantam.ch\/de\/produkt\/kompressorkuehlschrank-cruise-slim\/","og_site_name":"Bantam Camping AG","article_modified_time":"2026-04-17T23:20:29+00:00","og_image":[{"width":640,"height":760,"url":"https:\/\/shop.bantam.ch\/wp-content\/uploads\/2024\/05\/Movera-L-9963422100.jpg","type":"image\/jpeg"}],"twitter_card":"summary_large_image","schema":{"@context":"https:\/\/schema.org","@graph":[{"@type":"WebPage","@id":"https:\/\/shop.bantam.ch\/de\/produkt\/kompressorkuehlschrank-cruise-slim\/","url":"https:\/\/shop.bantam.ch\/de\/produkt\/kompressorkuehlschrank-cruise-slim\/","name":"Kompressork\u00fchlschrank CRUISE SLIM - Bantam Camping AG","isPartOf":{"@id":"https:\/\/shop.bantam.ch\/de\/#website"},"primaryImageOfPage":{"@id":"https:\/\/shop.bantam.ch\/de\/produkt\/kompressorkuehlschrank-cruise-slim\/#primaryimage"},"image":{"@id":"https:\/\/shop.bantam.ch\/de\/produkt\/kompressorkuehlschrank-cruise-slim\/#primaryimage"},"thumbnailUrl":"https:\/\/shop.bantam.ch\/wp-content\/uploads\/2024\/05\/Movera-L-9963422100.jpg","datePublished":"2024-05-15T14:56:16+00:00","dateModified":"2026-04-17T23:20:29+00:00","breadcrumb":{"@id":"https:\/\/shop.bantam.ch\/de\/produkt\/kompressorkuehlschrank-cruise-slim\/#breadcrumb"},"inLanguage":"de","potentialAction":[{"@type":"ReadAction","target":["https:\/\/shop.bantam.ch\/de\/produkt\/kompressorkuehlschrank-cruise-slim\/"]}]},{"@type":"ImageObject","inLanguage":"de","@id":"https:\/\/shop.bantam.ch\/de\/produkt\/kompressorkuehlschrank-cruise-slim\/#primaryimage","url":"https:\/\/shop.bantam.ch\/wp-content\/uploads\/2024\/05\/Movera-L-9963422100.jpg","contentUrl":"https:\/\/shop.bantam.ch\/wp-content\/uploads\/2024\/05\/Movera-L-9963422100.jpg","width":640,"height":760},{"@type":"BreadcrumbList","@id":"https:\/\/shop.bantam.ch\/de\/produkt\/kompressorkuehlschrank-cruise-slim\/#breadcrumb","itemListElement":[{"@type":"ListItem","position":1,"name":"Accueil","item":"https:\/\/shop.bantam.ch\/de\/"},{"@type":"ListItem","position":2,"name":"Shop","item":"https:\/\/shop.bantam.ch\/de\/shop\/"},{"@type":"ListItem","position":3,"name":"Kompressork\u00fchlschrank CRUISE SLIM"}]},{"@type":"WebSite","@id":"https:\/\/shop.bantam.ch\/de\/#website","url":"https:\/\/shop.bantam.ch\/de\/","name":"Bantam Camping AG","description":"","publisher":{"@id":"https:\/\/shop.bantam.ch\/de\/#organization"},"inLanguage":"de"},{"@type":"Organization","@id":"https:\/\/shop.bantam.ch\/de\/#organization","name":"Bantam Camping AG","url":"https:\/\/shop.bantam.ch\/de\/","logo":{"@type":"ImageObject","inLanguage":"de","@id":"https:\/\/shop.bantam.ch\/de\/#\/schema\/logo\/image\/","url":"https:\/\/shop.bantam.ch\/wp-content\/uploads\/2022\/12\/bantam-logo.png","contentUrl":"https:\/\/shop.bantam.ch\/wp-content\/uploads\/2022\/12\/bantam-logo.png","width":320,"height":71,"caption":"Bantam Camping AG"},"image":{"@id":"https:\/\/shop.bantam.ch\/de\/#\/schema\/logo\/image\/"}}]}},"_links":{"self":[{"href":"https:\/\/shop.bantam.ch\/de\/wp-json\/wp\/v2\/product\/198776","targetHints":{"allow":["GET"]}}],"collection":[{"href":"https:\/\/shop.bantam.ch\/de\/wp-json\/wp\/v2\/product"}],"about":[{"href":"https:\/\/shop.bantam.ch\/de\/wp-json\/wp\/v2\/types\/product"}],"wp:featuredmedia":[{"embeddable":true,"href":"https:\/\/shop.bantam.ch\/de\/wp-json\/wp\/v2\/media\/198761"}],"wp:attachment":[{"href":"https:\/\/shop.bantam.ch\/de\/wp-json\/wp\/v2\/media?parent=198776"}],"wp:term":[{"taxonomy":"product_featured_cat","embeddable":true,"href":"https:\/\/shop.bantam.ch\/de\/wp-json\/wp\/v2\/product_featured_cat?post=198776"},{"taxonomy":"product_brand","embeddable":true,"href":"https:\/\/shop.bantam.ch\/de\/wp-json\/wp\/v2\/product_brand?post=198776"},{"taxonomy":"product_cat","embeddable":true,"href":"https:\/\/shop.bantam.ch\/de\/wp-json\/wp\/v2\/product_cat?post=198776"},{"taxonomy":"product_tag","embeddable":true,"href":"https:\/\/shop.bantam.ch\/de\/wp-json\/wp\/v2\/product_tag?post=198776"}],"curies":[{"name":"wp","href":"https:\/\/api.w.org\/{rel}","templated":true}]}}