{"id":198485,"date":"2024-05-15T16:48:45","date_gmt":"2024-05-15T14:48:45","guid":{"rendered":"https:\/\/shop.bantam.ch\/produit\/solarmodul-kompakt-campere-plugn-light\/"},"modified":"2026-04-17T23:10:36","modified_gmt":"2026-04-17T21:10:36","slug":"solarmodul-kompakt-campere-plugn-light","status":"publish","type":"product","link":"https:\/\/shop.bantam.ch\/de\/produkt\/solarmodul-kompakt-campere-plugn-light\/","title":{"rendered":"Solarmodul Kompakt campere Plug&#8217;n Light"},"content":{"rendered":"<p>Monokristallines Modul mit \u00fcberpr\u00fcften First-Choice-Zellen (78 x 39 mm)<\/p>\n<p>Mit den campere-Produkten wie den 25er und 105er Solarmodulen erzielen Sie eine optimale Ausnutzung der vorhandenen Freifl\u00e4che.<\/p>\n<ul>\n<li>Einfache Erweiterung der Anlage durch Plug &amp; Play m\u00f6glich, keine aufwendige Kabelverlegung notwendig.<\/li>\n<li>Kosteng\u00fcnstige Erweiterungsm\u00f6glichkeit, bei Nachr\u00fcstung ist der Installationsaufwand minimal.<\/li>\n<li>Unkomplizierte Selbstmontage mit fertig konfigurierten Kabeln und Steckersets. Module mit unterschiedlichen Gr\u00f6\u00dfen\/ Stromst\u00e4rken lassen sich kombinieren.<\/li>\n<li>Einfache Erweiterung der Solaranlage auf dem Dach durch Zubeh\u00f6r und beliebig erweiterbar.<\/li>\n<li>Einfaches Verbinden durch Plug and Play<\/li>\n<li>Wasserdichte Verbindungen<\/li>\n<li>Integrierter Rahmen<\/li>\n<li>Module einfach aufkleben<\/li>\n<li>Optimale Hinterl\u00fcftung<\/li>\n<li>Optimale Dachfl\u00e4chennutzung durch leichte, kompakte Module<\/li>\n<li>Individuell konfigurierbar durch Baukastensystem<\/li>\n<li>Verbindungen bei Bedarf wieder l\u00f6sbar<\/li>\n<li>Leistungsstarkes 6 mm\u00b2 Kabel<\/li>\n<li>Module mit montierten MC4 Steckern<\/li>\n<li>Mehrzonenzusatzertrag\u00ae durch optimierte Zellenverschaltung<\/li>\n<li>Kinderleicht erweiterbar hohe Leistung, Langlebigkeit der Module<\/li>\n<li>Patentrechtlich gesch\u00fctzt<\/li>\n<\/ul>\n<p>Geringerer Leistungsverlust bei Teilbeschattung.<\/p>\n<p>&nbsp;<\/p>\n<p>Wird bei einer klassischen Montage in Reihenschaltung ein Solarmodul zum Teil verschattet, mindert das den Stromertrag aller weiteren Module. Die innovative Parallelschaltung der campere-Solarmodule SPL25 und SPL105 von LILIE verhindert diesen Effekt. Da die Spannung in paralleler Schaltung gleichbleibend ist, wird nur die Leistung der teilverschatteten Module eingeschr\u00e4nkt. Alle anderen Module liefern weiterhin volle Leistung.<\/p>\n<p>&nbsp;<\/p>\n<p>Mit campere Solarmodulen von LILIE unterschiedliche Stromst\u00e4rken verbinden. Im Gegensatz zur klassischen Montage in Reihenschaltung k\u00f6nnen parallel geschaltete campere Solarmodule auch mit unterschiedlichen Stromst\u00e4rken verbaut werden. Die Stromst\u00e4rke aller Module wird addiert und bildet so die Gesamtstromst\u00e4rke. Die Solarmodule m\u00fcssen lediglich die gleiche Spannung aufweisen.<\/p>\n<p>Zertifizierungen<\/p>\n<p>\u2022 IEC 61215 Safety Class II<\/p>\n<p>\u2022 IEC 61730-1\u00e5, IEC 61730-2<\/p>\n<p>\u2022 CE 2006\/95\/EC<\/p>\n<p>Material: Monokristallin, Aluminium Hohlrahmen, bruchsicheres Spezialglas<\/p>\n","protected":false},"excerpt":{"rendered":"<p>Monokristallines Modul mit \u00fcberpr\u00fcften First-Choice-Zellen (78 x 39 mm) Mit den campere-Produkten wie den 25er und 105er Solarmodulen erzielen Sie eine optimale Ausnutzung der vorhandenen Freifl\u00e4che. Einfache Erweiterung der Anlage durch Plug &amp; Play m\u00f6glich, keine aufwendige Kabelverlegung notwendig. Kosteng\u00fcnstige Erweiterungsm\u00f6glichkeit, bei Nachr\u00fcstung ist der Installationsaufwand minimal. Unkomplizierte Selbstmontage mit fertig konfigurierten Kabeln und Steckersets. [&hellip;]<\/p>\n","protected":false},"featured_media":207253,"template":"","meta":{"_acf_changed":false},"product_featured_cat":[],"product_brand":[5264],"product_cat":[4884],"product_tag":[],"class_list":{"0":"post-198485","1":"product","2":"type-product","3":"status-publish","4":"has-post-thumbnail","6":"product_brand-campere-de","7":"product_cat-solarmodule","9":"first","10":"instock","11":"taxable","12":"shipping-taxable","13":"purchasable","14":"product-type-simple"},"acf":[],"yoast_head":"<!-- This site is optimized with the Yoast SEO plugin v27.4 - https:\/\/yoast.com\/product\/yoast-seo-wordpress\/ -->\n<title>Solarmodul Kompakt campere Plug&#039;n Light - Bantam Camping AG<\/title>\n<meta name=\"robots\" content=\"index, follow, max-snippet:-1, max-image-preview:large, max-video-preview:-1\" \/>\n<link rel=\"canonical\" href=\"https:\/\/shop.bantam.ch\/de\/produkt\/solarmodul-kompakt-campere-plugn-light\/\" \/>\n<meta property=\"og:locale\" content=\"de_DE\" \/>\n<meta property=\"og:type\" content=\"article\" \/>\n<meta property=\"og:title\" content=\"Solarmodul Kompakt campere Plug&#039;n Light - Bantam Camping AG\" \/>\n<meta property=\"og:description\" content=\"Monokristallines Modul mit \u00fcberpr\u00fcften First-Choice-Zellen (78 x 39 mm) Mit den campere-Produkten wie den 25er und 105er Solarmodulen erzielen Sie eine optimale Ausnutzung der vorhandenen Freifl\u00e4che. Einfache Erweiterung der Anlage durch Plug &amp; Play m\u00f6glich, keine aufwendige Kabelverlegung notwendig. Kosteng\u00fcnstige Erweiterungsm\u00f6glichkeit, bei Nachr\u00fcstung ist der Installationsaufwand minimal. Unkomplizierte Selbstmontage mit fertig konfigurierten Kabeln und Steckersets. [&hellip;]\" \/>\n<meta property=\"og:url\" content=\"https:\/\/shop.bantam.ch\/de\/produkt\/solarmodul-kompakt-campere-plugn-light\/\" \/>\n<meta property=\"og:site_name\" content=\"Bantam Camping AG\" \/>\n<meta property=\"article:modified_time\" content=\"2026-04-17T21:10:36+00:00\" \/>\n<meta property=\"og:image\" content=\"https:\/\/shop.bantam.ch\/wp-content\/uploads\/2024\/05\/Movera-L-9962242100.jpg\" \/>\n\t<meta property=\"og:image:width\" content=\"640\" \/>\n\t<meta property=\"og:image:height\" content=\"360\" \/>\n\t<meta property=\"og:image:type\" content=\"image\/jpeg\" \/>\n<meta name=\"twitter:card\" content=\"summary_large_image\" \/>\n<meta name=\"twitter:label1\" content=\"Gesch\u00e4tzte Lesezeit\" \/>\n\t<meta name=\"twitter:data1\" content=\"1\u00a0Minute\" \/>\n<script type=\"application\/ld+json\" class=\"yoast-schema-graph\">{\"@context\":\"https:\\\/\\\/schema.org\",\"@graph\":[{\"@type\":\"WebPage\",\"@id\":\"https:\\\/\\\/shop.bantam.ch\\\/de\\\/produkt\\\/solarmodul-kompakt-campere-plugn-light\\\/\",\"url\":\"https:\\\/\\\/shop.bantam.ch\\\/de\\\/produkt\\\/solarmodul-kompakt-campere-plugn-light\\\/\",\"name\":\"Solarmodul Kompakt campere Plug'n Light - Bantam Camping AG\",\"isPartOf\":{\"@id\":\"https:\\\/\\\/shop.bantam.ch\\\/de\\\/#website\"},\"primaryImageOfPage\":{\"@id\":\"https:\\\/\\\/shop.bantam.ch\\\/de\\\/produkt\\\/solarmodul-kompakt-campere-plugn-light\\\/#primaryimage\"},\"image\":{\"@id\":\"https:\\\/\\\/shop.bantam.ch\\\/de\\\/produkt\\\/solarmodul-kompakt-campere-plugn-light\\\/#primaryimage\"},\"thumbnailUrl\":\"https:\\\/\\\/shop.bantam.ch\\\/wp-content\\\/uploads\\\/2024\\\/09\\\/Movera-L-9962242100.jpg\",\"datePublished\":\"2024-05-15T14:48:45+00:00\",\"dateModified\":\"2026-04-17T21:10:36+00:00\",\"breadcrumb\":{\"@id\":\"https:\\\/\\\/shop.bantam.ch\\\/de\\\/produkt\\\/solarmodul-kompakt-campere-plugn-light\\\/#breadcrumb\"},\"inLanguage\":\"de\",\"potentialAction\":[{\"@type\":\"ReadAction\",\"target\":[\"https:\\\/\\\/shop.bantam.ch\\\/de\\\/produkt\\\/solarmodul-kompakt-campere-plugn-light\\\/\"]}]},{\"@type\":\"ImageObject\",\"inLanguage\":\"de\",\"@id\":\"https:\\\/\\\/shop.bantam.ch\\\/de\\\/produkt\\\/solarmodul-kompakt-campere-plugn-light\\\/#primaryimage\",\"url\":\"https:\\\/\\\/shop.bantam.ch\\\/wp-content\\\/uploads\\\/2024\\\/09\\\/Movera-L-9962242100.jpg\",\"contentUrl\":\"https:\\\/\\\/shop.bantam.ch\\\/wp-content\\\/uploads\\\/2024\\\/09\\\/Movera-L-9962242100.jpg\",\"width\":640,\"height\":360},{\"@type\":\"BreadcrumbList\",\"@id\":\"https:\\\/\\\/shop.bantam.ch\\\/de\\\/produkt\\\/solarmodul-kompakt-campere-plugn-light\\\/#breadcrumb\",\"itemListElement\":[{\"@type\":\"ListItem\",\"position\":1,\"name\":\"Accueil\",\"item\":\"https:\\\/\\\/shop.bantam.ch\\\/de\\\/\"},{\"@type\":\"ListItem\",\"position\":2,\"name\":\"Shop\",\"item\":\"https:\\\/\\\/shop.bantam.ch\\\/de\\\/shop\\\/\"},{\"@type\":\"ListItem\",\"position\":3,\"name\":\"Solarmodul Kompakt campere Plug&#8217;n Light\"}]},{\"@type\":\"WebSite\",\"@id\":\"https:\\\/\\\/shop.bantam.ch\\\/de\\\/#website\",\"url\":\"https:\\\/\\\/shop.bantam.ch\\\/de\\\/\",\"name\":\"Bantam Camping AG\",\"description\":\"\",\"publisher\":{\"@id\":\"https:\\\/\\\/shop.bantam.ch\\\/de\\\/#organization\"},\"inLanguage\":\"de\"},{\"@type\":\"Organization\",\"@id\":\"https:\\\/\\\/shop.bantam.ch\\\/de\\\/#organization\",\"name\":\"Bantam Camping AG\",\"url\":\"https:\\\/\\\/shop.bantam.ch\\\/de\\\/\",\"logo\":{\"@type\":\"ImageObject\",\"inLanguage\":\"de\",\"@id\":\"https:\\\/\\\/shop.bantam.ch\\\/de\\\/#\\\/schema\\\/logo\\\/image\\\/\",\"url\":\"https:\\\/\\\/shop.bantam.ch\\\/wp-content\\\/uploads\\\/2022\\\/12\\\/bantam-logo.png\",\"contentUrl\":\"https:\\\/\\\/shop.bantam.ch\\\/wp-content\\\/uploads\\\/2022\\\/12\\\/bantam-logo.png\",\"width\":320,\"height\":71,\"caption\":\"Bantam Camping AG\"},\"image\":{\"@id\":\"https:\\\/\\\/shop.bantam.ch\\\/de\\\/#\\\/schema\\\/logo\\\/image\\\/\"}}]}<\/script>\n<!-- \/ Yoast SEO plugin. -->","yoast_head_json":{"title":"Solarmodul Kompakt campere Plug'n Light - Bantam Camping AG","robots":{"index":"index","follow":"follow","max-snippet":"max-snippet:-1","max-image-preview":"max-image-preview:large","max-video-preview":"max-video-preview:-1"},"canonical":"https:\/\/shop.bantam.ch\/de\/produkt\/solarmodul-kompakt-campere-plugn-light\/","og_locale":"de_DE","og_type":"article","og_title":"Solarmodul Kompakt campere Plug'n Light - Bantam Camping AG","og_description":"Monokristallines Modul mit \u00fcberpr\u00fcften First-Choice-Zellen (78 x 39 mm) Mit den campere-Produkten wie den 25er und 105er Solarmodulen erzielen Sie eine optimale Ausnutzung der vorhandenen Freifl\u00e4che. Einfache Erweiterung der Anlage durch Plug &amp; Play m\u00f6glich, keine aufwendige Kabelverlegung notwendig. Kosteng\u00fcnstige Erweiterungsm\u00f6glichkeit, bei Nachr\u00fcstung ist der Installationsaufwand minimal. Unkomplizierte Selbstmontage mit fertig konfigurierten Kabeln und Steckersets. [&hellip;]","og_url":"https:\/\/shop.bantam.ch\/de\/produkt\/solarmodul-kompakt-campere-plugn-light\/","og_site_name":"Bantam Camping AG","article_modified_time":"2026-04-17T21:10:36+00:00","og_image":[{"width":640,"height":360,"url":"https:\/\/shop.bantam.ch\/wp-content\/uploads\/2024\/05\/Movera-L-9962242100.jpg","type":"image\/jpeg"}],"twitter_card":"summary_large_image","twitter_misc":{"Gesch\u00e4tzte Lesezeit":"1\u00a0Minute"},"schema":{"@context":"https:\/\/schema.org","@graph":[{"@type":"WebPage","@id":"https:\/\/shop.bantam.ch\/de\/produkt\/solarmodul-kompakt-campere-plugn-light\/","url":"https:\/\/shop.bantam.ch\/de\/produkt\/solarmodul-kompakt-campere-plugn-light\/","name":"Solarmodul Kompakt campere Plug'n Light - Bantam Camping AG","isPartOf":{"@id":"https:\/\/shop.bantam.ch\/de\/#website"},"primaryImageOfPage":{"@id":"https:\/\/shop.bantam.ch\/de\/produkt\/solarmodul-kompakt-campere-plugn-light\/#primaryimage"},"image":{"@id":"https:\/\/shop.bantam.ch\/de\/produkt\/solarmodul-kompakt-campere-plugn-light\/#primaryimage"},"thumbnailUrl":"https:\/\/shop.bantam.ch\/wp-content\/uploads\/2024\/09\/Movera-L-9962242100.jpg","datePublished":"2024-05-15T14:48:45+00:00","dateModified":"2026-04-17T21:10:36+00:00","breadcrumb":{"@id":"https:\/\/shop.bantam.ch\/de\/produkt\/solarmodul-kompakt-campere-plugn-light\/#breadcrumb"},"inLanguage":"de","potentialAction":[{"@type":"ReadAction","target":["https:\/\/shop.bantam.ch\/de\/produkt\/solarmodul-kompakt-campere-plugn-light\/"]}]},{"@type":"ImageObject","inLanguage":"de","@id":"https:\/\/shop.bantam.ch\/de\/produkt\/solarmodul-kompakt-campere-plugn-light\/#primaryimage","url":"https:\/\/shop.bantam.ch\/wp-content\/uploads\/2024\/09\/Movera-L-9962242100.jpg","contentUrl":"https:\/\/shop.bantam.ch\/wp-content\/uploads\/2024\/09\/Movera-L-9962242100.jpg","width":640,"height":360},{"@type":"BreadcrumbList","@id":"https:\/\/shop.bantam.ch\/de\/produkt\/solarmodul-kompakt-campere-plugn-light\/#breadcrumb","itemListElement":[{"@type":"ListItem","position":1,"name":"Accueil","item":"https:\/\/shop.bantam.ch\/de\/"},{"@type":"ListItem","position":2,"name":"Shop","item":"https:\/\/shop.bantam.ch\/de\/shop\/"},{"@type":"ListItem","position":3,"name":"Solarmodul Kompakt campere Plug&#8217;n Light"}]},{"@type":"WebSite","@id":"https:\/\/shop.bantam.ch\/de\/#website","url":"https:\/\/shop.bantam.ch\/de\/","name":"Bantam Camping AG","description":"","publisher":{"@id":"https:\/\/shop.bantam.ch\/de\/#organization"},"inLanguage":"de"},{"@type":"Organization","@id":"https:\/\/shop.bantam.ch\/de\/#organization","name":"Bantam Camping AG","url":"https:\/\/shop.bantam.ch\/de\/","logo":{"@type":"ImageObject","inLanguage":"de","@id":"https:\/\/shop.bantam.ch\/de\/#\/schema\/logo\/image\/","url":"https:\/\/shop.bantam.ch\/wp-content\/uploads\/2022\/12\/bantam-logo.png","contentUrl":"https:\/\/shop.bantam.ch\/wp-content\/uploads\/2022\/12\/bantam-logo.png","width":320,"height":71,"caption":"Bantam Camping AG"},"image":{"@id":"https:\/\/shop.bantam.ch\/de\/#\/schema\/logo\/image\/"}}]}},"_links":{"self":[{"href":"https:\/\/shop.bantam.ch\/de\/wp-json\/wp\/v2\/product\/198485","targetHints":{"allow":["GET"]}}],"collection":[{"href":"https:\/\/shop.bantam.ch\/de\/wp-json\/wp\/v2\/product"}],"about":[{"href":"https:\/\/shop.bantam.ch\/de\/wp-json\/wp\/v2\/types\/product"}],"wp:featuredmedia":[{"embeddable":true,"href":"https:\/\/shop.bantam.ch\/de\/wp-json\/wp\/v2\/media\/207253"}],"wp:attachment":[{"href":"https:\/\/shop.bantam.ch\/de\/wp-json\/wp\/v2\/media?parent=198485"}],"wp:term":[{"taxonomy":"product_featured_cat","embeddable":true,"href":"https:\/\/shop.bantam.ch\/de\/wp-json\/wp\/v2\/product_featured_cat?post=198485"},{"taxonomy":"product_brand","embeddable":true,"href":"https:\/\/shop.bantam.ch\/de\/wp-json\/wp\/v2\/product_brand?post=198485"},{"taxonomy":"product_cat","embeddable":true,"href":"https:\/\/shop.bantam.ch\/de\/wp-json\/wp\/v2\/product_cat?post=198485"},{"taxonomy":"product_tag","embeddable":true,"href":"https:\/\/shop.bantam.ch\/de\/wp-json\/wp\/v2\/product_tag?post=198485"}],"curies":[{"name":"wp","href":"https:\/\/api.w.org\/{rel}","templated":true}]}}