{"id":198479,"date":"2024-05-15T16:48:26","date_gmt":"2024-05-15T14:48:26","guid":{"rendered":"https:\/\/shop.bantam.ch\/produit\/satanlage-automatisch-alden-onelightevo-6-inkl-s-s-c-hd-steuermodul-receiverunabhaengig\/"},"modified":"2026-05-02T01:13:23","modified_gmt":"2026-05-01T23:13:23","slug":"satanlage-automatisch-alden-onelightevo-6-inkl-s-s-c-hd-steuermodul-receiverunabhaengig","status":"publish","type":"product","link":"https:\/\/shop.bantam.ch\/de\/produkt\/satanlage-automatisch-alden-onelightevo-6-inkl-s-s-c-hd-steuermodul-receiverunabhaengig\/","title":{"rendered":"Satanlage automatisch Alden ONELIGHT@EVO 6 inkl. S.S.C. HD-Steuermodul (receiverunabh\u00e4ngig)"},"content":{"rendered":"<p>Die vollautomatischen Onelight@ HD EVO die geringe Aufbauh\u00f6he von nur 15 cm und das Gewicht von lediglich 6,9 kg sind zwei entscheidende<br \/>\nPunkte, die f\u00fcr den Einsatz der Anlagen sprechen. Sie verf\u00fcgen \u00fcber ein ausgezeichnetes Preis-Leistungs-Verh\u00e4ltnis und gefallen mit einem modernen Design, welches sich nahtlos in die Formensprache aktueller Wohnmobile integriert. Die Baureihe \u00fcberzeugt mit einer schnellen Ausrichtung,<br \/>\ngeringem Stromverbrauch, einer sehr guten Empfangsreichweite bei einfacher Bedienung unter Einsatz eines gesiebten Offset-Spiegels. Die Auslieferung erfolgt mit einer vollfl\u00e4chigen Montageplatte.<\/p>\n<p>LTEasy Integrierte LTE-Antenne in der Dachdurchf\u00fchrung<br \/>\nF\u00fcr alle, die neben perfektem Satellitenempfang auch Wert auf eine Mobilfunkverbindung im Reisemobil oder Caravan legen, entwickelte ALDEN das LTE-Ready System. LTEasy ist ideal zur Nutzung des vollen Funktionsumfangs von ALDEN Smart-TVs.<\/p>\n<ul>\n<li>NUR 15 cm Aufbauh\u00f6he<\/li>\n<li>Gesiebter Offset-Spiegel<\/li>\n<li>Ideal f\u00fcr Kastenwagen<\/li>\n<li>Serienm\u00e4\u00dfig mit LTEasy<\/li>\n<\/ul>\n<p>Lieferumfang:<br \/>\nInklusive SAT- Antennen Au\u00dfeneinheit, SSC HD-Steuermodul, 12 Volt Anschlusskabel, Klebeset mit Haftvermittler, Montageanleitung, Bedienungsanleitung<\/p>\n<ul>\n<\/ul>\n","protected":false},"excerpt":{"rendered":"<p>Die vollautomatischen Onelight@ HD EVO die geringe Aufbauh\u00f6he von nur 15 cm und das Gewicht von lediglich 6,9 kg sind zwei entscheidende Punkte, die f\u00fcr den Einsatz der Anlagen sprechen. Sie verf\u00fcgen \u00fcber ein ausgezeichnetes Preis-Leistungs-Verh\u00e4ltnis und gefallen mit einem modernen Design, welches sich nahtlos in die Formensprache aktueller Wohnmobile integriert. Die Baureihe \u00fcberzeugt mit [&hellip;]<\/p>\n","protected":false},"featured_media":198471,"template":"","meta":{"_acf_changed":false},"product_featured_cat":[],"product_brand":[3077],"product_cat":[4524],"product_tag":[],"class_list":{"0":"post-198479","1":"product","2":"type-product","3":"status-publish","4":"has-post-thumbnail","6":"product_brand-alden-de","7":"product_cat-sat-anlagen","9":"first","10":"instock","11":"taxable","12":"shipping-taxable","13":"purchasable","14":"product-type-variable"},"acf":[],"yoast_head":"<!-- This site is optimized with the Yoast SEO plugin v27.5 - https:\/\/yoast.com\/product\/yoast-seo-wordpress\/ -->\n<title>Satanlage automatisch Alden ONELIGHT@EVO 6 inkl. S.S.C. HD-Steuermodul (receiverunabh\u00e4ngig) - Bantam<\/title>\n<meta name=\"robots\" content=\"index, follow, max-snippet:-1, max-image-preview:large, max-video-preview:-1\" \/>\n<link rel=\"canonical\" href=\"https:\/\/shop.bantam.ch\/de\/produkt\/satanlage-automatisch-alden-onelightevo-6-inkl-s-s-c-hd-steuermodul-receiverunabhaengig\/\" \/>\n<meta property=\"og:locale\" content=\"de_DE\" \/>\n<meta property=\"og:type\" content=\"article\" \/>\n<meta property=\"og:title\" content=\"Satanlage automatisch Alden ONELIGHT@EVO 6 inkl. S.S.C. HD-Steuermodul (receiverunabh\u00e4ngig) - Bantam\" \/>\n<meta property=\"og:description\" content=\"Die vollautomatischen Onelight@ HD EVO die geringe Aufbauh\u00f6he von nur 15 cm und das Gewicht von lediglich 6,9 kg sind zwei entscheidende Punkte, die f\u00fcr den Einsatz der Anlagen sprechen. Sie verf\u00fcgen \u00fcber ein ausgezeichnetes Preis-Leistungs-Verh\u00e4ltnis und gefallen mit einem modernen Design, welches sich nahtlos in die Formensprache aktueller Wohnmobile integriert. Die Baureihe \u00fcberzeugt mit [&hellip;]\" \/>\n<meta property=\"og:url\" content=\"https:\/\/shop.bantam.ch\/de\/produkt\/satanlage-automatisch-alden-onelightevo-6-inkl-s-s-c-hd-steuermodul-receiverunabhaengig\/\" \/>\n<meta property=\"og:site_name\" content=\"Bantam\" \/>\n<meta property=\"article:modified_time\" content=\"2026-05-01T23:13:23+00:00\" \/>\n<meta property=\"og:image\" content=\"https:\/\/shop.bantam.ch\/wp-content\/uploads\/2024\/05\/Movera-L-9963674100.jpg\" \/>\n\t<meta property=\"og:image:width\" content=\"640\" \/>\n\t<meta property=\"og:image:height\" content=\"812\" \/>\n\t<meta property=\"og:image:type\" content=\"image\/jpeg\" \/>\n<meta name=\"twitter:card\" content=\"summary_large_image\" \/>\n<meta name=\"twitter:label1\" content=\"Gesch\u00e4tzte Lesezeit\" \/>\n\t<meta name=\"twitter:data1\" content=\"1\u00a0Minute\" \/>\n<script type=\"application\/ld+json\" class=\"yoast-schema-graph\">{\"@context\":\"https:\\\/\\\/schema.org\",\"@graph\":[{\"@type\":\"WebPage\",\"@id\":\"https:\\\/\\\/shop.bantam.ch\\\/de\\\/produkt\\\/satanlage-automatisch-alden-onelightevo-6-inkl-s-s-c-hd-steuermodul-receiverunabhaengig\\\/\",\"url\":\"https:\\\/\\\/shop.bantam.ch\\\/de\\\/produkt\\\/satanlage-automatisch-alden-onelightevo-6-inkl-s-s-c-hd-steuermodul-receiverunabhaengig\\\/\",\"name\":\"Satanlage automatisch Alden ONELIGHT@EVO 6 inkl. S.S.C. HD-Steuermodul (receiverunabh\u00e4ngig) - Bantam\",\"isPartOf\":{\"@id\":\"https:\\\/\\\/shop.bantam.ch\\\/de\\\/#website\"},\"primaryImageOfPage\":{\"@id\":\"https:\\\/\\\/shop.bantam.ch\\\/de\\\/produkt\\\/satanlage-automatisch-alden-onelightevo-6-inkl-s-s-c-hd-steuermodul-receiverunabhaengig\\\/#primaryimage\"},\"image\":{\"@id\":\"https:\\\/\\\/shop.bantam.ch\\\/de\\\/produkt\\\/satanlage-automatisch-alden-onelightevo-6-inkl-s-s-c-hd-steuermodul-receiverunabhaengig\\\/#primaryimage\"},\"thumbnailUrl\":\"https:\\\/\\\/shop.bantam.ch\\\/wp-content\\\/uploads\\\/2024\\\/05\\\/Movera-L-9963674100.jpg\",\"datePublished\":\"2024-05-15T14:48:26+00:00\",\"dateModified\":\"2026-05-01T23:13:23+00:00\",\"breadcrumb\":{\"@id\":\"https:\\\/\\\/shop.bantam.ch\\\/de\\\/produkt\\\/satanlage-automatisch-alden-onelightevo-6-inkl-s-s-c-hd-steuermodul-receiverunabhaengig\\\/#breadcrumb\"},\"inLanguage\":\"de\",\"potentialAction\":[{\"@type\":\"ReadAction\",\"target\":[\"https:\\\/\\\/shop.bantam.ch\\\/de\\\/produkt\\\/satanlage-automatisch-alden-onelightevo-6-inkl-s-s-c-hd-steuermodul-receiverunabhaengig\\\/\"]}]},{\"@type\":\"ImageObject\",\"inLanguage\":\"de\",\"@id\":\"https:\\\/\\\/shop.bantam.ch\\\/de\\\/produkt\\\/satanlage-automatisch-alden-onelightevo-6-inkl-s-s-c-hd-steuermodul-receiverunabhaengig\\\/#primaryimage\",\"url\":\"https:\\\/\\\/shop.bantam.ch\\\/wp-content\\\/uploads\\\/2024\\\/05\\\/Movera-L-9963674100.jpg\",\"contentUrl\":\"https:\\\/\\\/shop.bantam.ch\\\/wp-content\\\/uploads\\\/2024\\\/05\\\/Movera-L-9963674100.jpg\",\"width\":640,\"height\":812},{\"@type\":\"BreadcrumbList\",\"@id\":\"https:\\\/\\\/shop.bantam.ch\\\/de\\\/produkt\\\/satanlage-automatisch-alden-onelightevo-6-inkl-s-s-c-hd-steuermodul-receiverunabhaengig\\\/#breadcrumb\",\"itemListElement\":[{\"@type\":\"ListItem\",\"position\":1,\"name\":\"Accueil\",\"item\":\"https:\\\/\\\/shop.bantam.ch\\\/de\\\/\"},{\"@type\":\"ListItem\",\"position\":2,\"name\":\"Shop\",\"item\":\"https:\\\/\\\/shop.bantam.ch\\\/de\\\/shop\\\/\"},{\"@type\":\"ListItem\",\"position\":3,\"name\":\"Satanlage automatisch Alden ONELIGHT@EVO 6 inkl. S.S.C. HD-Steuermodul (receiverunabh\u00e4ngig)\"}]},{\"@type\":\"WebSite\",\"@id\":\"https:\\\/\\\/shop.bantam.ch\\\/de\\\/#website\",\"url\":\"https:\\\/\\\/shop.bantam.ch\\\/de\\\/\",\"name\":\"Bantam\",\"description\":\"\",\"publisher\":{\"@id\":\"https:\\\/\\\/shop.bantam.ch\\\/de\\\/#organization\"},\"inLanguage\":\"de\"},{\"@type\":\"Organization\",\"@id\":\"https:\\\/\\\/shop.bantam.ch\\\/de\\\/#organization\",\"name\":\"Bantam\",\"url\":\"https:\\\/\\\/shop.bantam.ch\\\/de\\\/\",\"logo\":{\"@type\":\"ImageObject\",\"inLanguage\":\"de\",\"@id\":\"https:\\\/\\\/shop.bantam.ch\\\/de\\\/#\\\/schema\\\/logo\\\/image\\\/\",\"url\":\"https:\\\/\\\/shop.bantam.ch\\\/wp-content\\\/uploads\\\/2022\\\/12\\\/bantam-logo.png\",\"contentUrl\":\"https:\\\/\\\/shop.bantam.ch\\\/wp-content\\\/uploads\\\/2022\\\/12\\\/bantam-logo.png\",\"width\":320,\"height\":71,\"caption\":\"Bantam\"},\"image\":{\"@id\":\"https:\\\/\\\/shop.bantam.ch\\\/de\\\/#\\\/schema\\\/logo\\\/image\\\/\"}}]}<\/script>\n<!-- \/ Yoast SEO plugin. -->","yoast_head_json":{"title":"Satanlage automatisch Alden ONELIGHT@EVO 6 inkl. S.S.C. HD-Steuermodul (receiverunabh\u00e4ngig) - Bantam","robots":{"index":"index","follow":"follow","max-snippet":"max-snippet:-1","max-image-preview":"max-image-preview:large","max-video-preview":"max-video-preview:-1"},"canonical":"https:\/\/shop.bantam.ch\/de\/produkt\/satanlage-automatisch-alden-onelightevo-6-inkl-s-s-c-hd-steuermodul-receiverunabhaengig\/","og_locale":"de_DE","og_type":"article","og_title":"Satanlage automatisch Alden ONELIGHT@EVO 6 inkl. S.S.C. HD-Steuermodul (receiverunabh\u00e4ngig) - Bantam","og_description":"Die vollautomatischen Onelight@ HD EVO die geringe Aufbauh\u00f6he von nur 15 cm und das Gewicht von lediglich 6,9 kg sind zwei entscheidende Punkte, die f\u00fcr den Einsatz der Anlagen sprechen. Sie verf\u00fcgen \u00fcber ein ausgezeichnetes Preis-Leistungs-Verh\u00e4ltnis und gefallen mit einem modernen Design, welches sich nahtlos in die Formensprache aktueller Wohnmobile integriert. Die Baureihe \u00fcberzeugt mit [&hellip;]","og_url":"https:\/\/shop.bantam.ch\/de\/produkt\/satanlage-automatisch-alden-onelightevo-6-inkl-s-s-c-hd-steuermodul-receiverunabhaengig\/","og_site_name":"Bantam","article_modified_time":"2026-05-01T23:13:23+00:00","og_image":[{"width":640,"height":812,"url":"https:\/\/shop.bantam.ch\/wp-content\/uploads\/2024\/05\/Movera-L-9963674100.jpg","type":"image\/jpeg"}],"twitter_card":"summary_large_image","twitter_misc":{"Gesch\u00e4tzte Lesezeit":"1\u00a0Minute"},"schema":{"@context":"https:\/\/schema.org","@graph":[{"@type":"WebPage","@id":"https:\/\/shop.bantam.ch\/de\/produkt\/satanlage-automatisch-alden-onelightevo-6-inkl-s-s-c-hd-steuermodul-receiverunabhaengig\/","url":"https:\/\/shop.bantam.ch\/de\/produkt\/satanlage-automatisch-alden-onelightevo-6-inkl-s-s-c-hd-steuermodul-receiverunabhaengig\/","name":"Satanlage automatisch Alden ONELIGHT@EVO 6 inkl. S.S.C. HD-Steuermodul (receiverunabh\u00e4ngig) - Bantam","isPartOf":{"@id":"https:\/\/shop.bantam.ch\/de\/#website"},"primaryImageOfPage":{"@id":"https:\/\/shop.bantam.ch\/de\/produkt\/satanlage-automatisch-alden-onelightevo-6-inkl-s-s-c-hd-steuermodul-receiverunabhaengig\/#primaryimage"},"image":{"@id":"https:\/\/shop.bantam.ch\/de\/produkt\/satanlage-automatisch-alden-onelightevo-6-inkl-s-s-c-hd-steuermodul-receiverunabhaengig\/#primaryimage"},"thumbnailUrl":"https:\/\/shop.bantam.ch\/wp-content\/uploads\/2024\/05\/Movera-L-9963674100.jpg","datePublished":"2024-05-15T14:48:26+00:00","dateModified":"2026-05-01T23:13:23+00:00","breadcrumb":{"@id":"https:\/\/shop.bantam.ch\/de\/produkt\/satanlage-automatisch-alden-onelightevo-6-inkl-s-s-c-hd-steuermodul-receiverunabhaengig\/#breadcrumb"},"inLanguage":"de","potentialAction":[{"@type":"ReadAction","target":["https:\/\/shop.bantam.ch\/de\/produkt\/satanlage-automatisch-alden-onelightevo-6-inkl-s-s-c-hd-steuermodul-receiverunabhaengig\/"]}]},{"@type":"ImageObject","inLanguage":"de","@id":"https:\/\/shop.bantam.ch\/de\/produkt\/satanlage-automatisch-alden-onelightevo-6-inkl-s-s-c-hd-steuermodul-receiverunabhaengig\/#primaryimage","url":"https:\/\/shop.bantam.ch\/wp-content\/uploads\/2024\/05\/Movera-L-9963674100.jpg","contentUrl":"https:\/\/shop.bantam.ch\/wp-content\/uploads\/2024\/05\/Movera-L-9963674100.jpg","width":640,"height":812},{"@type":"BreadcrumbList","@id":"https:\/\/shop.bantam.ch\/de\/produkt\/satanlage-automatisch-alden-onelightevo-6-inkl-s-s-c-hd-steuermodul-receiverunabhaengig\/#breadcrumb","itemListElement":[{"@type":"ListItem","position":1,"name":"Accueil","item":"https:\/\/shop.bantam.ch\/de\/"},{"@type":"ListItem","position":2,"name":"Shop","item":"https:\/\/shop.bantam.ch\/de\/shop\/"},{"@type":"ListItem","position":3,"name":"Satanlage automatisch Alden ONELIGHT@EVO 6 inkl. S.S.C. HD-Steuermodul (receiverunabh\u00e4ngig)"}]},{"@type":"WebSite","@id":"https:\/\/shop.bantam.ch\/de\/#website","url":"https:\/\/shop.bantam.ch\/de\/","name":"Bantam","description":"","publisher":{"@id":"https:\/\/shop.bantam.ch\/de\/#organization"},"inLanguage":"de"},{"@type":"Organization","@id":"https:\/\/shop.bantam.ch\/de\/#organization","name":"Bantam","url":"https:\/\/shop.bantam.ch\/de\/","logo":{"@type":"ImageObject","inLanguage":"de","@id":"https:\/\/shop.bantam.ch\/de\/#\/schema\/logo\/image\/","url":"https:\/\/shop.bantam.ch\/wp-content\/uploads\/2022\/12\/bantam-logo.png","contentUrl":"https:\/\/shop.bantam.ch\/wp-content\/uploads\/2022\/12\/bantam-logo.png","width":320,"height":71,"caption":"Bantam"},"image":{"@id":"https:\/\/shop.bantam.ch\/de\/#\/schema\/logo\/image\/"}}]}},"_links":{"self":[{"href":"https:\/\/shop.bantam.ch\/de\/wp-json\/wp\/v2\/product\/198479","targetHints":{"allow":["GET"]}}],"collection":[{"href":"https:\/\/shop.bantam.ch\/de\/wp-json\/wp\/v2\/product"}],"about":[{"href":"https:\/\/shop.bantam.ch\/de\/wp-json\/wp\/v2\/types\/product"}],"wp:featuredmedia":[{"embeddable":true,"href":"https:\/\/shop.bantam.ch\/de\/wp-json\/wp\/v2\/media\/198471"}],"wp:attachment":[{"href":"https:\/\/shop.bantam.ch\/de\/wp-json\/wp\/v2\/media?parent=198479"}],"wp:term":[{"taxonomy":"product_featured_cat","embeddable":true,"href":"https:\/\/shop.bantam.ch\/de\/wp-json\/wp\/v2\/product_featured_cat?post=198479"},{"taxonomy":"product_brand","embeddable":true,"href":"https:\/\/shop.bantam.ch\/de\/wp-json\/wp\/v2\/product_brand?post=198479"},{"taxonomy":"product_cat","embeddable":true,"href":"https:\/\/shop.bantam.ch\/de\/wp-json\/wp\/v2\/product_cat?post=198479"},{"taxonomy":"product_tag","embeddable":true,"href":"https:\/\/shop.bantam.ch\/de\/wp-json\/wp\/v2\/product_tag?post=198479"}],"curies":[{"name":"wp","href":"https:\/\/api.w.org\/{rel}","templated":true}]}}