{"id":198469,"date":"2024-05-15T16:48:19","date_gmt":"2024-05-15T14:48:19","guid":{"rendered":"https:\/\/shop.bantam.ch\/produit\/router-alden-i-net-512-5g-4g-cat_20-2-sim-4x-lan\/"},"modified":"2026-05-11T23:08:18","modified_gmt":"2026-05-11T21:08:18","slug":"router-alden-i-net-512-5g-4g-cat_20-2-sim-4x-lan","status":"publish","type":"product","link":"https:\/\/shop.bantam.ch\/de\/produkt\/router-alden-i-net-512-5g-4g-cat_20-2-sim-4x-lan\/","title":{"rendered":"Router Alden I-Net-512 5G \/ 4G \/ CAT_20 \/ 2 SIM \/ 4x LAN"},"content":{"rendered":"<p>Der ALDEN I-NET512-Router der Kategorie 20, der mit einem Prozessor der neuesten Generation ausgestattet ist, bietet eine optimale L\u00f6sung f\u00fcr schnelles, mobiles Internet in Fahrzeugen. Genie\u00dfen Sie ein nahtlos vernetztes Reiseerlebnis in Wohnmobilen, Vans oder Caravans und nutzen mit bis zu 150 angeschlossenen Ger\u00e4ten die mobile und \/ oder \u00fcber WiFi bereitgestellte Internetverbindung.<br \/>\nDas I-NET Camp 512 Set aus mobilem Hochleistungsrouter und 5G \/ 4G Panorama-Antenne ist speziell f\u00fcr Reisen innerhalb und au\u00dferhalb Europas entwickelt und speziell auf die Bed\u00fcrfnisse von Reisenden zugeschnitten.<\/p>\n<ul>\n<li>5G \/ LTE CAT_20 \/ bis zu 3.3 Gbps<\/li>\n<li>Verbindung von bis zu 150 Ger\u00e4ten<\/li>\n<li>Mobilfunknetze 5G \/ 4G \/ 3G<\/li>\n<li>Einfach zu installieren \u00fcber WEB-APP<\/li>\n<li>2 x SIM-Kartensteckpl\u00e4tze, 4 x LAN \/ 1x WAN<\/li>\n<li>Wifi 2.4 Ghz \/ 5.0 Ghz<\/li>\n<li>Eing\u00e4nge: 4x SMA f\u00fcr 5G \/ 4G \/ 2x WiFi \/ 1x GPS<\/li>\n<li>Stromversorgung: 12 V (9-50 V)<\/li>\n<li>&nbsp;<\/li>\n<\/ul>\n","protected":false},"excerpt":{"rendered":"<p>Der ALDEN I-NET512-Router der Kategorie 20, der mit einem Prozessor der neuesten Generation ausgestattet ist, bietet eine optimale L\u00f6sung f\u00fcr schnelles, mobiles Internet in Fahrzeugen. Genie\u00dfen Sie ein nahtlos vernetztes Reiseerlebnis in Wohnmobilen, Vans oder Caravans und nutzen mit bis zu 150 angeschlossenen Ger\u00e4ten die mobile und \/ oder \u00fcber WiFi bereitgestellte Internetverbindung. Das I-NET [&hellip;]<\/p>\n","protected":false},"featured_media":207251,"template":"","meta":{"_acf_changed":false},"product_featured_cat":[],"product_brand":[3077],"product_cat":[5152],"product_tag":[],"class_list":{"0":"post-198469","1":"product","2":"type-product","3":"status-publish","4":"has-post-thumbnail","6":"product_brand-alden-de","7":"product_cat-wlan-lte-antennen","9":"first","10":"instock","11":"taxable","12":"shipping-taxable","13":"purchasable","14":"product-type-simple"},"acf":[],"yoast_head":"<!-- This site is optimized with the Yoast SEO plugin v27.5 - https:\/\/yoast.com\/product\/yoast-seo-wordpress\/ -->\n<title>Router Alden I-Net-512 5G \/ 4G \/ CAT_20 \/ 2 SIM \/ 4x LAN - Bantam<\/title>\n<meta name=\"robots\" content=\"index, follow, max-snippet:-1, max-image-preview:large, max-video-preview:-1\" \/>\n<link rel=\"canonical\" href=\"https:\/\/shop.bantam.ch\/de\/produkt\/router-alden-i-net-512-5g-4g-cat_20-2-sim-4x-lan\/\" \/>\n<meta property=\"og:locale\" content=\"de_DE\" \/>\n<meta property=\"og:type\" content=\"article\" \/>\n<meta property=\"og:title\" content=\"Router Alden I-Net-512 5G \/ 4G \/ CAT_20 \/ 2 SIM \/ 4x LAN - Bantam\" \/>\n<meta property=\"og:description\" content=\"Der ALDEN I-NET512-Router der Kategorie 20, der mit einem Prozessor der neuesten Generation ausgestattet ist, bietet eine optimale L\u00f6sung f\u00fcr schnelles, mobiles Internet in Fahrzeugen. Genie\u00dfen Sie ein nahtlos vernetztes Reiseerlebnis in Wohnmobilen, Vans oder Caravans und nutzen mit bis zu 150 angeschlossenen Ger\u00e4ten die mobile und \/ oder \u00fcber WiFi bereitgestellte Internetverbindung. Das I-NET [&hellip;]\" \/>\n<meta property=\"og:url\" content=\"https:\/\/shop.bantam.ch\/de\/produkt\/router-alden-i-net-512-5g-4g-cat_20-2-sim-4x-lan\/\" \/>\n<meta property=\"og:site_name\" content=\"Bantam\" \/>\n<meta property=\"article:modified_time\" content=\"2026-05-11T21:08:18+00:00\" \/>\n<meta property=\"og:image\" content=\"https:\/\/shop.bantam.ch\/wp-content\/uploads\/2024\/05\/Movera-L-9963668100.jpg\" \/>\n\t<meta property=\"og:image:width\" content=\"640\" \/>\n\t<meta property=\"og:image:height\" content=\"515\" \/>\n\t<meta property=\"og:image:type\" content=\"image\/jpeg\" \/>\n<meta name=\"twitter:card\" content=\"summary_large_image\" \/>\n<meta name=\"twitter:label1\" content=\"Gesch\u00e4tzte Lesezeit\" \/>\n\t<meta name=\"twitter:data1\" content=\"1\u00a0Minute\" \/>\n<script type=\"application\/ld+json\" class=\"yoast-schema-graph\">{\"@context\":\"https:\\\/\\\/schema.org\",\"@graph\":[{\"@type\":\"WebPage\",\"@id\":\"https:\\\/\\\/shop.bantam.ch\\\/de\\\/produkt\\\/router-alden-i-net-512-5g-4g-cat_20-2-sim-4x-lan\\\/\",\"url\":\"https:\\\/\\\/shop.bantam.ch\\\/de\\\/produkt\\\/router-alden-i-net-512-5g-4g-cat_20-2-sim-4x-lan\\\/\",\"name\":\"Router Alden I-Net-512 5G \\\/ 4G \\\/ CAT_20 \\\/ 2 SIM \\\/ 4x LAN - Bantam\",\"isPartOf\":{\"@id\":\"https:\\\/\\\/shop.bantam.ch\\\/de\\\/#website\"},\"primaryImageOfPage\":{\"@id\":\"https:\\\/\\\/shop.bantam.ch\\\/de\\\/produkt\\\/router-alden-i-net-512-5g-4g-cat_20-2-sim-4x-lan\\\/#primaryimage\"},\"image\":{\"@id\":\"https:\\\/\\\/shop.bantam.ch\\\/de\\\/produkt\\\/router-alden-i-net-512-5g-4g-cat_20-2-sim-4x-lan\\\/#primaryimage\"},\"thumbnailUrl\":\"https:\\\/\\\/shop.bantam.ch\\\/wp-content\\\/uploads\\\/2024\\\/09\\\/Movera-L-9963668100.jpg\",\"datePublished\":\"2024-05-15T14:48:19+00:00\",\"dateModified\":\"2026-05-11T21:08:18+00:00\",\"breadcrumb\":{\"@id\":\"https:\\\/\\\/shop.bantam.ch\\\/de\\\/produkt\\\/router-alden-i-net-512-5g-4g-cat_20-2-sim-4x-lan\\\/#breadcrumb\"},\"inLanguage\":\"de\",\"potentialAction\":[{\"@type\":\"ReadAction\",\"target\":[\"https:\\\/\\\/shop.bantam.ch\\\/de\\\/produkt\\\/router-alden-i-net-512-5g-4g-cat_20-2-sim-4x-lan\\\/\"]}]},{\"@type\":\"ImageObject\",\"inLanguage\":\"de\",\"@id\":\"https:\\\/\\\/shop.bantam.ch\\\/de\\\/produkt\\\/router-alden-i-net-512-5g-4g-cat_20-2-sim-4x-lan\\\/#primaryimage\",\"url\":\"https:\\\/\\\/shop.bantam.ch\\\/wp-content\\\/uploads\\\/2024\\\/09\\\/Movera-L-9963668100.jpg\",\"contentUrl\":\"https:\\\/\\\/shop.bantam.ch\\\/wp-content\\\/uploads\\\/2024\\\/09\\\/Movera-L-9963668100.jpg\",\"width\":640,\"height\":515},{\"@type\":\"BreadcrumbList\",\"@id\":\"https:\\\/\\\/shop.bantam.ch\\\/de\\\/produkt\\\/router-alden-i-net-512-5g-4g-cat_20-2-sim-4x-lan\\\/#breadcrumb\",\"itemListElement\":[{\"@type\":\"ListItem\",\"position\":1,\"name\":\"Accueil\",\"item\":\"https:\\\/\\\/shop.bantam.ch\\\/de\\\/\"},{\"@type\":\"ListItem\",\"position\":2,\"name\":\"Shop\",\"item\":\"https:\\\/\\\/shop.bantam.ch\\\/de\\\/shop\\\/\"},{\"@type\":\"ListItem\",\"position\":3,\"name\":\"Router Alden I-Net-512 5G \\\/ 4G \\\/ CAT_20 \\\/ 2 SIM \\\/ 4x LAN\"}]},{\"@type\":\"WebSite\",\"@id\":\"https:\\\/\\\/shop.bantam.ch\\\/de\\\/#website\",\"url\":\"https:\\\/\\\/shop.bantam.ch\\\/de\\\/\",\"name\":\"Bantam\",\"description\":\"\",\"publisher\":{\"@id\":\"https:\\\/\\\/shop.bantam.ch\\\/de\\\/#organization\"},\"inLanguage\":\"de\"},{\"@type\":\"Organization\",\"@id\":\"https:\\\/\\\/shop.bantam.ch\\\/de\\\/#organization\",\"name\":\"Bantam\",\"url\":\"https:\\\/\\\/shop.bantam.ch\\\/de\\\/\",\"logo\":{\"@type\":\"ImageObject\",\"inLanguage\":\"de\",\"@id\":\"https:\\\/\\\/shop.bantam.ch\\\/de\\\/#\\\/schema\\\/logo\\\/image\\\/\",\"url\":\"https:\\\/\\\/shop.bantam.ch\\\/wp-content\\\/uploads\\\/2022\\\/12\\\/bantam-logo.png\",\"contentUrl\":\"https:\\\/\\\/shop.bantam.ch\\\/wp-content\\\/uploads\\\/2022\\\/12\\\/bantam-logo.png\",\"width\":320,\"height\":71,\"caption\":\"Bantam\"},\"image\":{\"@id\":\"https:\\\/\\\/shop.bantam.ch\\\/de\\\/#\\\/schema\\\/logo\\\/image\\\/\"}}]}<\/script>\n<!-- \/ Yoast SEO plugin. -->","yoast_head_json":{"title":"Router Alden I-Net-512 5G \/ 4G \/ CAT_20 \/ 2 SIM \/ 4x LAN - Bantam","robots":{"index":"index","follow":"follow","max-snippet":"max-snippet:-1","max-image-preview":"max-image-preview:large","max-video-preview":"max-video-preview:-1"},"canonical":"https:\/\/shop.bantam.ch\/de\/produkt\/router-alden-i-net-512-5g-4g-cat_20-2-sim-4x-lan\/","og_locale":"de_DE","og_type":"article","og_title":"Router Alden I-Net-512 5G \/ 4G \/ CAT_20 \/ 2 SIM \/ 4x LAN - Bantam","og_description":"Der ALDEN I-NET512-Router der Kategorie 20, der mit einem Prozessor der neuesten Generation ausgestattet ist, bietet eine optimale L\u00f6sung f\u00fcr schnelles, mobiles Internet in Fahrzeugen. Genie\u00dfen Sie ein nahtlos vernetztes Reiseerlebnis in Wohnmobilen, Vans oder Caravans und nutzen mit bis zu 150 angeschlossenen Ger\u00e4ten die mobile und \/ oder \u00fcber WiFi bereitgestellte Internetverbindung. Das I-NET [&hellip;]","og_url":"https:\/\/shop.bantam.ch\/de\/produkt\/router-alden-i-net-512-5g-4g-cat_20-2-sim-4x-lan\/","og_site_name":"Bantam","article_modified_time":"2026-05-11T21:08:18+00:00","og_image":[{"width":640,"height":515,"url":"https:\/\/shop.bantam.ch\/wp-content\/uploads\/2024\/05\/Movera-L-9963668100.jpg","type":"image\/jpeg"}],"twitter_card":"summary_large_image","twitter_misc":{"Gesch\u00e4tzte Lesezeit":"1\u00a0Minute"},"schema":{"@context":"https:\/\/schema.org","@graph":[{"@type":"WebPage","@id":"https:\/\/shop.bantam.ch\/de\/produkt\/router-alden-i-net-512-5g-4g-cat_20-2-sim-4x-lan\/","url":"https:\/\/shop.bantam.ch\/de\/produkt\/router-alden-i-net-512-5g-4g-cat_20-2-sim-4x-lan\/","name":"Router Alden I-Net-512 5G \/ 4G \/ CAT_20 \/ 2 SIM \/ 4x LAN - Bantam","isPartOf":{"@id":"https:\/\/shop.bantam.ch\/de\/#website"},"primaryImageOfPage":{"@id":"https:\/\/shop.bantam.ch\/de\/produkt\/router-alden-i-net-512-5g-4g-cat_20-2-sim-4x-lan\/#primaryimage"},"image":{"@id":"https:\/\/shop.bantam.ch\/de\/produkt\/router-alden-i-net-512-5g-4g-cat_20-2-sim-4x-lan\/#primaryimage"},"thumbnailUrl":"https:\/\/shop.bantam.ch\/wp-content\/uploads\/2024\/09\/Movera-L-9963668100.jpg","datePublished":"2024-05-15T14:48:19+00:00","dateModified":"2026-05-11T21:08:18+00:00","breadcrumb":{"@id":"https:\/\/shop.bantam.ch\/de\/produkt\/router-alden-i-net-512-5g-4g-cat_20-2-sim-4x-lan\/#breadcrumb"},"inLanguage":"de","potentialAction":[{"@type":"ReadAction","target":["https:\/\/shop.bantam.ch\/de\/produkt\/router-alden-i-net-512-5g-4g-cat_20-2-sim-4x-lan\/"]}]},{"@type":"ImageObject","inLanguage":"de","@id":"https:\/\/shop.bantam.ch\/de\/produkt\/router-alden-i-net-512-5g-4g-cat_20-2-sim-4x-lan\/#primaryimage","url":"https:\/\/shop.bantam.ch\/wp-content\/uploads\/2024\/09\/Movera-L-9963668100.jpg","contentUrl":"https:\/\/shop.bantam.ch\/wp-content\/uploads\/2024\/09\/Movera-L-9963668100.jpg","width":640,"height":515},{"@type":"BreadcrumbList","@id":"https:\/\/shop.bantam.ch\/de\/produkt\/router-alden-i-net-512-5g-4g-cat_20-2-sim-4x-lan\/#breadcrumb","itemListElement":[{"@type":"ListItem","position":1,"name":"Accueil","item":"https:\/\/shop.bantam.ch\/de\/"},{"@type":"ListItem","position":2,"name":"Shop","item":"https:\/\/shop.bantam.ch\/de\/shop\/"},{"@type":"ListItem","position":3,"name":"Router Alden I-Net-512 5G \/ 4G \/ CAT_20 \/ 2 SIM \/ 4x LAN"}]},{"@type":"WebSite","@id":"https:\/\/shop.bantam.ch\/de\/#website","url":"https:\/\/shop.bantam.ch\/de\/","name":"Bantam","description":"","publisher":{"@id":"https:\/\/shop.bantam.ch\/de\/#organization"},"inLanguage":"de"},{"@type":"Organization","@id":"https:\/\/shop.bantam.ch\/de\/#organization","name":"Bantam","url":"https:\/\/shop.bantam.ch\/de\/","logo":{"@type":"ImageObject","inLanguage":"de","@id":"https:\/\/shop.bantam.ch\/de\/#\/schema\/logo\/image\/","url":"https:\/\/shop.bantam.ch\/wp-content\/uploads\/2022\/12\/bantam-logo.png","contentUrl":"https:\/\/shop.bantam.ch\/wp-content\/uploads\/2022\/12\/bantam-logo.png","width":320,"height":71,"caption":"Bantam"},"image":{"@id":"https:\/\/shop.bantam.ch\/de\/#\/schema\/logo\/image\/"}}]}},"_links":{"self":[{"href":"https:\/\/shop.bantam.ch\/de\/wp-json\/wp\/v2\/product\/198469","targetHints":{"allow":["GET"]}}],"collection":[{"href":"https:\/\/shop.bantam.ch\/de\/wp-json\/wp\/v2\/product"}],"about":[{"href":"https:\/\/shop.bantam.ch\/de\/wp-json\/wp\/v2\/types\/product"}],"wp:featuredmedia":[{"embeddable":true,"href":"https:\/\/shop.bantam.ch\/de\/wp-json\/wp\/v2\/media\/207251"}],"wp:attachment":[{"href":"https:\/\/shop.bantam.ch\/de\/wp-json\/wp\/v2\/media?parent=198469"}],"wp:term":[{"taxonomy":"product_featured_cat","embeddable":true,"href":"https:\/\/shop.bantam.ch\/de\/wp-json\/wp\/v2\/product_featured_cat?post=198469"},{"taxonomy":"product_brand","embeddable":true,"href":"https:\/\/shop.bantam.ch\/de\/wp-json\/wp\/v2\/product_brand?post=198469"},{"taxonomy":"product_cat","embeddable":true,"href":"https:\/\/shop.bantam.ch\/de\/wp-json\/wp\/v2\/product_cat?post=198469"},{"taxonomy":"product_tag","embeddable":true,"href":"https:\/\/shop.bantam.ch\/de\/wp-json\/wp\/v2\/product_tag?post=198469"}],"curies":[{"name":"wp","href":"https:\/\/api.w.org\/{rel}","templated":true}]}}