{"id":198442,"date":"2024-05-15T16:47:46","date_gmt":"2024-05-15T14:47:46","guid":{"rendered":"https:\/\/shop.bantam.ch\/produit\/akku-lifepo4-victron-peak-netzteil\/"},"modified":"2026-04-18T01:18:39","modified_gmt":"2026-04-17T23:18:39","slug":"akku-lifepo4-victron-peak-netzteil","status":"publish","type":"product","link":"https:\/\/shop.bantam.ch\/de\/produkt\/akku-lifepo4-victron-peak-netzteil\/","title":{"rendered":"Akku LiFePO4 Victron Peak Netzteil"},"content":{"rendered":"<p>Das Peak Power Pack ist ein vollst\u00e4ndiger Ersatz f\u00fcr schwere Bleis\u00e4ure-Batterien bei Anwendungen, bei denen kurzfristig hohe Str\u00f6me auftreten. Vorrangig f\u00fcr Wohnwagen, mit eingebautem Ladeger\u00e4t. Laden \u00fcber das elektrische System des Fahrzeugs w\u00e4hrend des Reisens m\u00f6glich. Falls notwendig ist auch ein Laden \u00fcber das Netz mithilfe des mitgelieferten Adapters m\u00f6glich. Das Laden \u00fcber ein Solarmodul ist ebenso m\u00f6glich.<\/p>\n<ul>\n<li>Geringes Gewicht und einfache Installation<\/li>\n<li>Sorgf\u00e4ltig vor unsachgem\u00e4\u00dfem Gebrauch gesichert<\/li>\n<li>Ausgang 1: hoher Stromausgang f\u00fcr Wohnwagenrangierhilfen und andere Hochleistungsanwendungen<\/li>\n<li>Ausgang 2: Zusatzausgang f\u00fcr Gleichstromverbraucher mit niedrigem Stromverbrauch<\/li>\n<li>Eingang 1: Mehrzweck-Fahrzeugbatterie-\/Solarladeger\u00e4t: Eingang Spannung und Strom sind geregelt, um die Lithium-Ionen-Batterie sicher aufzuladen. Nahezu jede elektrische Stromquelle kann an diesen Eingang angeschlossen werden, sofern 11 V &lt; V in &lt; 25 V<\/li>\n<li>Eingang 2: Zweiter Eingang zum Anschluss einer Stromversorgung: Eine 3 A Spannungsquelle ist mitgeliefert<\/li>\n<li>Lagermodus: Die Stromentnahme der Batterie wird praktisch auf null reduziert.<\/li>\n<li>Ferngesteuertes Ein-\/Ausschalten und Statusanzeige<\/li>\n<li>VE.Direct Anschluss: Anschluss an einen Computer oder an ein Smartphone<\/li>\n<\/ul>\n","protected":false},"excerpt":{"rendered":"<p>Das Peak Power Pack ist ein vollst\u00e4ndiger Ersatz f\u00fcr schwere Bleis\u00e4ure-Batterien bei Anwendungen, bei denen kurzfristig hohe Str\u00f6me auftreten. Vorrangig f\u00fcr Wohnwagen, mit eingebautem Ladeger\u00e4t. Laden \u00fcber das elektrische System des Fahrzeugs w\u00e4hrend des Reisens m\u00f6glich. Falls notwendig ist auch ein Laden \u00fcber das Netz mithilfe des mitgelieferten Adapters m\u00f6glich. Das Laden \u00fcber ein Solarmodul [&hellip;]<\/p>\n","protected":false},"featured_media":198437,"template":"","meta":{"_acf_changed":false},"product_featured_cat":[],"product_brand":[5202],"product_cat":[5114],"product_tag":[],"class_list":{"0":"post-198442","1":"product","2":"type-product","3":"status-publish","4":"has-post-thumbnail","6":"product_brand-victron-energy-de","7":"product_cat-lithium-batterien","9":"first","10":"instock","11":"taxable","12":"shipping-taxable","13":"purchasable","14":"product-type-variable"},"acf":[],"yoast_head":"<!-- This site is optimized with the Yoast SEO plugin v27.4 - https:\/\/yoast.com\/product\/yoast-seo-wordpress\/ -->\n<title>Akku LiFePO4 Victron Peak Netzteil - Bantam Camping AG<\/title>\n<meta name=\"robots\" content=\"index, follow, max-snippet:-1, max-image-preview:large, max-video-preview:-1\" \/>\n<link rel=\"canonical\" href=\"https:\/\/shop.bantam.ch\/de\/produkt\/akku-lifepo4-victron-peak-netzteil\/\" \/>\n<meta property=\"og:locale\" content=\"de_DE\" \/>\n<meta property=\"og:type\" content=\"article\" \/>\n<meta property=\"og:title\" content=\"Akku LiFePO4 Victron Peak Netzteil - Bantam Camping AG\" \/>\n<meta property=\"og:description\" content=\"Das Peak Power Pack ist ein vollst\u00e4ndiger Ersatz f\u00fcr schwere Bleis\u00e4ure-Batterien bei Anwendungen, bei denen kurzfristig hohe Str\u00f6me auftreten. Vorrangig f\u00fcr Wohnwagen, mit eingebautem Ladeger\u00e4t. Laden \u00fcber das elektrische System des Fahrzeugs w\u00e4hrend des Reisens m\u00f6glich. Falls notwendig ist auch ein Laden \u00fcber das Netz mithilfe des mitgelieferten Adapters m\u00f6glich. Das Laden \u00fcber ein Solarmodul [&hellip;]\" \/>\n<meta property=\"og:url\" content=\"https:\/\/shop.bantam.ch\/de\/produkt\/akku-lifepo4-victron-peak-netzteil\/\" \/>\n<meta property=\"og:site_name\" content=\"Bantam Camping AG\" \/>\n<meta property=\"article:modified_time\" content=\"2026-04-17T23:18:39+00:00\" \/>\n<meta property=\"og:image\" content=\"https:\/\/shop.bantam.ch\/wp-content\/uploads\/2024\/05\/Movera-L-9962239100.jpg\" \/>\n\t<meta property=\"og:image:width\" content=\"640\" \/>\n\t<meta property=\"og:image:height\" content=\"640\" \/>\n\t<meta property=\"og:image:type\" content=\"image\/jpeg\" \/>\n<meta name=\"twitter:card\" content=\"summary_large_image\" \/>\n<meta name=\"twitter:label1\" content=\"Gesch\u00e4tzte Lesezeit\" \/>\n\t<meta name=\"twitter:data1\" content=\"1\u00a0Minute\" \/>\n<script type=\"application\/ld+json\" class=\"yoast-schema-graph\">{\"@context\":\"https:\\\/\\\/schema.org\",\"@graph\":[{\"@type\":\"WebPage\",\"@id\":\"https:\\\/\\\/shop.bantam.ch\\\/de\\\/produkt\\\/akku-lifepo4-victron-peak-netzteil\\\/\",\"url\":\"https:\\\/\\\/shop.bantam.ch\\\/de\\\/produkt\\\/akku-lifepo4-victron-peak-netzteil\\\/\",\"name\":\"Akku LiFePO4 Victron Peak Netzteil - Bantam Camping AG\",\"isPartOf\":{\"@id\":\"https:\\\/\\\/shop.bantam.ch\\\/de\\\/#website\"},\"primaryImageOfPage\":{\"@id\":\"https:\\\/\\\/shop.bantam.ch\\\/de\\\/produkt\\\/akku-lifepo4-victron-peak-netzteil\\\/#primaryimage\"},\"image\":{\"@id\":\"https:\\\/\\\/shop.bantam.ch\\\/de\\\/produkt\\\/akku-lifepo4-victron-peak-netzteil\\\/#primaryimage\"},\"thumbnailUrl\":\"https:\\\/\\\/shop.bantam.ch\\\/wp-content\\\/uploads\\\/2024\\\/05\\\/Movera-L-9962239100.jpg\",\"datePublished\":\"2024-05-15T14:47:46+00:00\",\"dateModified\":\"2026-04-17T23:18:39+00:00\",\"breadcrumb\":{\"@id\":\"https:\\\/\\\/shop.bantam.ch\\\/de\\\/produkt\\\/akku-lifepo4-victron-peak-netzteil\\\/#breadcrumb\"},\"inLanguage\":\"de\",\"potentialAction\":[{\"@type\":\"ReadAction\",\"target\":[\"https:\\\/\\\/shop.bantam.ch\\\/de\\\/produkt\\\/akku-lifepo4-victron-peak-netzteil\\\/\"]}]},{\"@type\":\"ImageObject\",\"inLanguage\":\"de\",\"@id\":\"https:\\\/\\\/shop.bantam.ch\\\/de\\\/produkt\\\/akku-lifepo4-victron-peak-netzteil\\\/#primaryimage\",\"url\":\"https:\\\/\\\/shop.bantam.ch\\\/wp-content\\\/uploads\\\/2024\\\/05\\\/Movera-L-9962239100.jpg\",\"contentUrl\":\"https:\\\/\\\/shop.bantam.ch\\\/wp-content\\\/uploads\\\/2024\\\/05\\\/Movera-L-9962239100.jpg\",\"width\":640,\"height\":640},{\"@type\":\"BreadcrumbList\",\"@id\":\"https:\\\/\\\/shop.bantam.ch\\\/de\\\/produkt\\\/akku-lifepo4-victron-peak-netzteil\\\/#breadcrumb\",\"itemListElement\":[{\"@type\":\"ListItem\",\"position\":1,\"name\":\"Accueil\",\"item\":\"https:\\\/\\\/shop.bantam.ch\\\/de\\\/\"},{\"@type\":\"ListItem\",\"position\":2,\"name\":\"Shop\",\"item\":\"https:\\\/\\\/shop.bantam.ch\\\/de\\\/shop\\\/\"},{\"@type\":\"ListItem\",\"position\":3,\"name\":\"Akku LiFePO4 Victron Peak Netzteil\"}]},{\"@type\":\"WebSite\",\"@id\":\"https:\\\/\\\/shop.bantam.ch\\\/de\\\/#website\",\"url\":\"https:\\\/\\\/shop.bantam.ch\\\/de\\\/\",\"name\":\"Bantam Camping AG\",\"description\":\"\",\"publisher\":{\"@id\":\"https:\\\/\\\/shop.bantam.ch\\\/de\\\/#organization\"},\"inLanguage\":\"de\"},{\"@type\":\"Organization\",\"@id\":\"https:\\\/\\\/shop.bantam.ch\\\/de\\\/#organization\",\"name\":\"Bantam Camping AG\",\"url\":\"https:\\\/\\\/shop.bantam.ch\\\/de\\\/\",\"logo\":{\"@type\":\"ImageObject\",\"inLanguage\":\"de\",\"@id\":\"https:\\\/\\\/shop.bantam.ch\\\/de\\\/#\\\/schema\\\/logo\\\/image\\\/\",\"url\":\"https:\\\/\\\/shop.bantam.ch\\\/wp-content\\\/uploads\\\/2022\\\/12\\\/bantam-logo.png\",\"contentUrl\":\"https:\\\/\\\/shop.bantam.ch\\\/wp-content\\\/uploads\\\/2022\\\/12\\\/bantam-logo.png\",\"width\":320,\"height\":71,\"caption\":\"Bantam Camping AG\"},\"image\":{\"@id\":\"https:\\\/\\\/shop.bantam.ch\\\/de\\\/#\\\/schema\\\/logo\\\/image\\\/\"}}]}<\/script>\n<!-- \/ Yoast SEO plugin. -->","yoast_head_json":{"title":"Akku LiFePO4 Victron Peak Netzteil - Bantam Camping AG","robots":{"index":"index","follow":"follow","max-snippet":"max-snippet:-1","max-image-preview":"max-image-preview:large","max-video-preview":"max-video-preview:-1"},"canonical":"https:\/\/shop.bantam.ch\/de\/produkt\/akku-lifepo4-victron-peak-netzteil\/","og_locale":"de_DE","og_type":"article","og_title":"Akku LiFePO4 Victron Peak Netzteil - Bantam Camping AG","og_description":"Das Peak Power Pack ist ein vollst\u00e4ndiger Ersatz f\u00fcr schwere Bleis\u00e4ure-Batterien bei Anwendungen, bei denen kurzfristig hohe Str\u00f6me auftreten. Vorrangig f\u00fcr Wohnwagen, mit eingebautem Ladeger\u00e4t. Laden \u00fcber das elektrische System des Fahrzeugs w\u00e4hrend des Reisens m\u00f6glich. Falls notwendig ist auch ein Laden \u00fcber das Netz mithilfe des mitgelieferten Adapters m\u00f6glich. Das Laden \u00fcber ein Solarmodul [&hellip;]","og_url":"https:\/\/shop.bantam.ch\/de\/produkt\/akku-lifepo4-victron-peak-netzteil\/","og_site_name":"Bantam Camping AG","article_modified_time":"2026-04-17T23:18:39+00:00","og_image":[{"width":640,"height":640,"url":"https:\/\/shop.bantam.ch\/wp-content\/uploads\/2024\/05\/Movera-L-9962239100.jpg","type":"image\/jpeg"}],"twitter_card":"summary_large_image","twitter_misc":{"Gesch\u00e4tzte Lesezeit":"1\u00a0Minute"},"schema":{"@context":"https:\/\/schema.org","@graph":[{"@type":"WebPage","@id":"https:\/\/shop.bantam.ch\/de\/produkt\/akku-lifepo4-victron-peak-netzteil\/","url":"https:\/\/shop.bantam.ch\/de\/produkt\/akku-lifepo4-victron-peak-netzteil\/","name":"Akku LiFePO4 Victron Peak Netzteil - Bantam Camping AG","isPartOf":{"@id":"https:\/\/shop.bantam.ch\/de\/#website"},"primaryImageOfPage":{"@id":"https:\/\/shop.bantam.ch\/de\/produkt\/akku-lifepo4-victron-peak-netzteil\/#primaryimage"},"image":{"@id":"https:\/\/shop.bantam.ch\/de\/produkt\/akku-lifepo4-victron-peak-netzteil\/#primaryimage"},"thumbnailUrl":"https:\/\/shop.bantam.ch\/wp-content\/uploads\/2024\/05\/Movera-L-9962239100.jpg","datePublished":"2024-05-15T14:47:46+00:00","dateModified":"2026-04-17T23:18:39+00:00","breadcrumb":{"@id":"https:\/\/shop.bantam.ch\/de\/produkt\/akku-lifepo4-victron-peak-netzteil\/#breadcrumb"},"inLanguage":"de","potentialAction":[{"@type":"ReadAction","target":["https:\/\/shop.bantam.ch\/de\/produkt\/akku-lifepo4-victron-peak-netzteil\/"]}]},{"@type":"ImageObject","inLanguage":"de","@id":"https:\/\/shop.bantam.ch\/de\/produkt\/akku-lifepo4-victron-peak-netzteil\/#primaryimage","url":"https:\/\/shop.bantam.ch\/wp-content\/uploads\/2024\/05\/Movera-L-9962239100.jpg","contentUrl":"https:\/\/shop.bantam.ch\/wp-content\/uploads\/2024\/05\/Movera-L-9962239100.jpg","width":640,"height":640},{"@type":"BreadcrumbList","@id":"https:\/\/shop.bantam.ch\/de\/produkt\/akku-lifepo4-victron-peak-netzteil\/#breadcrumb","itemListElement":[{"@type":"ListItem","position":1,"name":"Accueil","item":"https:\/\/shop.bantam.ch\/de\/"},{"@type":"ListItem","position":2,"name":"Shop","item":"https:\/\/shop.bantam.ch\/de\/shop\/"},{"@type":"ListItem","position":3,"name":"Akku LiFePO4 Victron Peak Netzteil"}]},{"@type":"WebSite","@id":"https:\/\/shop.bantam.ch\/de\/#website","url":"https:\/\/shop.bantam.ch\/de\/","name":"Bantam Camping AG","description":"","publisher":{"@id":"https:\/\/shop.bantam.ch\/de\/#organization"},"inLanguage":"de"},{"@type":"Organization","@id":"https:\/\/shop.bantam.ch\/de\/#organization","name":"Bantam Camping AG","url":"https:\/\/shop.bantam.ch\/de\/","logo":{"@type":"ImageObject","inLanguage":"de","@id":"https:\/\/shop.bantam.ch\/de\/#\/schema\/logo\/image\/","url":"https:\/\/shop.bantam.ch\/wp-content\/uploads\/2022\/12\/bantam-logo.png","contentUrl":"https:\/\/shop.bantam.ch\/wp-content\/uploads\/2022\/12\/bantam-logo.png","width":320,"height":71,"caption":"Bantam Camping AG"},"image":{"@id":"https:\/\/shop.bantam.ch\/de\/#\/schema\/logo\/image\/"}}]}},"_links":{"self":[{"href":"https:\/\/shop.bantam.ch\/de\/wp-json\/wp\/v2\/product\/198442","targetHints":{"allow":["GET"]}}],"collection":[{"href":"https:\/\/shop.bantam.ch\/de\/wp-json\/wp\/v2\/product"}],"about":[{"href":"https:\/\/shop.bantam.ch\/de\/wp-json\/wp\/v2\/types\/product"}],"wp:featuredmedia":[{"embeddable":true,"href":"https:\/\/shop.bantam.ch\/de\/wp-json\/wp\/v2\/media\/198437"}],"wp:attachment":[{"href":"https:\/\/shop.bantam.ch\/de\/wp-json\/wp\/v2\/media?parent=198442"}],"wp:term":[{"taxonomy":"product_featured_cat","embeddable":true,"href":"https:\/\/shop.bantam.ch\/de\/wp-json\/wp\/v2\/product_featured_cat?post=198442"},{"taxonomy":"product_brand","embeddable":true,"href":"https:\/\/shop.bantam.ch\/de\/wp-json\/wp\/v2\/product_brand?post=198442"},{"taxonomy":"product_cat","embeddable":true,"href":"https:\/\/shop.bantam.ch\/de\/wp-json\/wp\/v2\/product_cat?post=198442"},{"taxonomy":"product_tag","embeddable":true,"href":"https:\/\/shop.bantam.ch\/de\/wp-json\/wp\/v2\/product_tag?post=198442"}],"curies":[{"name":"wp","href":"https:\/\/api.w.org\/{rel}","templated":true}]}}