{"id":198435,"date":"2024-05-15T16:47:39","date_gmt":"2024-05-15T14:47:39","guid":{"rendered":"https:\/\/shop.bantam.ch\/produit\/energy-generation-kit-phaesun-power-pack-li-on-135-500\/"},"modified":"2026-05-11T23:08:18","modified_gmt":"2026-05-11T21:08:18","slug":"energy-generation-kit-phaesun-power-pack-li-on-135-500","status":"publish","type":"product","link":"https:\/\/shop.bantam.ch\/de\/produkt\/energy-generation-kit-phaesun-power-pack-li-on-135-500\/","title":{"rendered":"Energy Generation Kit Phaesun Power Pack Li-on 135 \/ 500"},"content":{"rendered":"<p>Mit diesem Kit stehen alle m\u00f6glichen Stromversorgungen f\u00fcr Freizeit und Outdoor<br \/>\nAktivit\u00e4ten in einem kompaktem und tragbarem Set zur Verf\u00fcgung. V\u00f6llig unabh\u00e4ngig<br \/>\nvom Stromnetz kann der Akku mit dem faltbaren Solarmodul nachgeladen<br \/>\nwerden. Die Stromversorgung eignet sich sowohl f\u00fcr AC-Verbraucher, als auch<br \/>\nUSB-Ger\u00e4te und klassische 12V &#8211; Verbraucher. Falls die Sonne nicht ausreicht, kann<br \/>\nauch mit einem Netzteil sowie einem Kfz-Adapter ebenfalls nachgeladen werden.<\/p>\n","protected":false},"excerpt":{"rendered":"<p>Mit diesem Kit stehen alle m\u00f6glichen Stromversorgungen f\u00fcr Freizeit und Outdoor Aktivit\u00e4ten in einem kompaktem und tragbarem Set zur Verf\u00fcgung. V\u00f6llig unabh\u00e4ngig vom Stromnetz kann der Akku mit dem faltbaren Solarmodul nachgeladen werden. Die Stromversorgung eignet sich sowohl f\u00fcr AC-Verbraucher, als auch USB-Ger\u00e4te und klassische 12V &#8211; Verbraucher. Falls die Sonne nicht ausreicht, kann auch [&hellip;]<\/p>\n","protected":false},"featured_media":207247,"template":"","meta":{"_acf_changed":false},"product_featured_cat":[],"product_brand":[3321],"product_cat":[5130],"product_tag":[],"class_list":{"0":"post-198435","1":"product","2":"type-product","3":"status-publish","4":"has-post-thumbnail","6":"product_brand-phaesun-de","7":"product_cat-powerstationen","9":"first","10":"instock","11":"taxable","12":"shipping-taxable","13":"purchasable","14":"product-type-simple"},"acf":[],"yoast_head":"<!-- This site is optimized with the Yoast SEO plugin v27.5 - https:\/\/yoast.com\/product\/yoast-seo-wordpress\/ -->\n<title>Energy Generation Kit Phaesun Power Pack Li-on 135 \/ 500 - Bantam<\/title>\n<meta name=\"robots\" content=\"index, follow, max-snippet:-1, max-image-preview:large, max-video-preview:-1\" \/>\n<link rel=\"canonical\" href=\"https:\/\/shop.bantam.ch\/de\/produkt\/energy-generation-kit-phaesun-power-pack-li-on-135-500\/\" \/>\n<meta property=\"og:locale\" content=\"de_DE\" \/>\n<meta property=\"og:type\" content=\"article\" \/>\n<meta property=\"og:title\" content=\"Energy Generation Kit Phaesun Power Pack Li-on 135 \/ 500 - Bantam\" \/>\n<meta property=\"og:description\" content=\"Mit diesem Kit stehen alle m\u00f6glichen Stromversorgungen f\u00fcr Freizeit und Outdoor Aktivit\u00e4ten in einem kompaktem und tragbarem Set zur Verf\u00fcgung. V\u00f6llig unabh\u00e4ngig vom Stromnetz kann der Akku mit dem faltbaren Solarmodul nachgeladen werden. Die Stromversorgung eignet sich sowohl f\u00fcr AC-Verbraucher, als auch USB-Ger\u00e4te und klassische 12V &#8211; Verbraucher. Falls die Sonne nicht ausreicht, kann auch [&hellip;]\" \/>\n<meta property=\"og:url\" content=\"https:\/\/shop.bantam.ch\/de\/produkt\/energy-generation-kit-phaesun-power-pack-li-on-135-500\/\" \/>\n<meta property=\"og:site_name\" content=\"Bantam\" \/>\n<meta property=\"article:modified_time\" content=\"2026-05-11T21:08:18+00:00\" \/>\n<meta property=\"og:image\" content=\"https:\/\/shop.bantam.ch\/wp-content\/uploads\/2024\/05\/Movera-L-9962238100.jpg\" \/>\n\t<meta property=\"og:image:width\" content=\"640\" \/>\n\t<meta property=\"og:image:height\" content=\"640\" \/>\n\t<meta property=\"og:image:type\" content=\"image\/jpeg\" \/>\n<meta name=\"twitter:card\" content=\"summary_large_image\" \/>\n<script type=\"application\/ld+json\" class=\"yoast-schema-graph\">{\"@context\":\"https:\\\/\\\/schema.org\",\"@graph\":[{\"@type\":\"WebPage\",\"@id\":\"https:\\\/\\\/shop.bantam.ch\\\/de\\\/produkt\\\/energy-generation-kit-phaesun-power-pack-li-on-135-500\\\/\",\"url\":\"https:\\\/\\\/shop.bantam.ch\\\/de\\\/produkt\\\/energy-generation-kit-phaesun-power-pack-li-on-135-500\\\/\",\"name\":\"Energy Generation Kit Phaesun Power Pack Li-on 135 \\\/ 500 - Bantam\",\"isPartOf\":{\"@id\":\"https:\\\/\\\/shop.bantam.ch\\\/de\\\/#website\"},\"primaryImageOfPage\":{\"@id\":\"https:\\\/\\\/shop.bantam.ch\\\/de\\\/produkt\\\/energy-generation-kit-phaesun-power-pack-li-on-135-500\\\/#primaryimage\"},\"image\":{\"@id\":\"https:\\\/\\\/shop.bantam.ch\\\/de\\\/produkt\\\/energy-generation-kit-phaesun-power-pack-li-on-135-500\\\/#primaryimage\"},\"thumbnailUrl\":\"https:\\\/\\\/shop.bantam.ch\\\/wp-content\\\/uploads\\\/2024\\\/09\\\/Movera-L-9962238100.jpg\",\"datePublished\":\"2024-05-15T14:47:39+00:00\",\"dateModified\":\"2026-05-11T21:08:18+00:00\",\"breadcrumb\":{\"@id\":\"https:\\\/\\\/shop.bantam.ch\\\/de\\\/produkt\\\/energy-generation-kit-phaesun-power-pack-li-on-135-500\\\/#breadcrumb\"},\"inLanguage\":\"de\",\"potentialAction\":[{\"@type\":\"ReadAction\",\"target\":[\"https:\\\/\\\/shop.bantam.ch\\\/de\\\/produkt\\\/energy-generation-kit-phaesun-power-pack-li-on-135-500\\\/\"]}]},{\"@type\":\"ImageObject\",\"inLanguage\":\"de\",\"@id\":\"https:\\\/\\\/shop.bantam.ch\\\/de\\\/produkt\\\/energy-generation-kit-phaesun-power-pack-li-on-135-500\\\/#primaryimage\",\"url\":\"https:\\\/\\\/shop.bantam.ch\\\/wp-content\\\/uploads\\\/2024\\\/09\\\/Movera-L-9962238100.jpg\",\"contentUrl\":\"https:\\\/\\\/shop.bantam.ch\\\/wp-content\\\/uploads\\\/2024\\\/09\\\/Movera-L-9962238100.jpg\",\"width\":640,\"height\":640},{\"@type\":\"BreadcrumbList\",\"@id\":\"https:\\\/\\\/shop.bantam.ch\\\/de\\\/produkt\\\/energy-generation-kit-phaesun-power-pack-li-on-135-500\\\/#breadcrumb\",\"itemListElement\":[{\"@type\":\"ListItem\",\"position\":1,\"name\":\"Accueil\",\"item\":\"https:\\\/\\\/shop.bantam.ch\\\/de\\\/\"},{\"@type\":\"ListItem\",\"position\":2,\"name\":\"Shop\",\"item\":\"https:\\\/\\\/shop.bantam.ch\\\/de\\\/shop\\\/\"},{\"@type\":\"ListItem\",\"position\":3,\"name\":\"Energy Generation Kit Phaesun Power Pack Li-on 135 \\\/ 500\"}]},{\"@type\":\"WebSite\",\"@id\":\"https:\\\/\\\/shop.bantam.ch\\\/de\\\/#website\",\"url\":\"https:\\\/\\\/shop.bantam.ch\\\/de\\\/\",\"name\":\"Bantam\",\"description\":\"\",\"publisher\":{\"@id\":\"https:\\\/\\\/shop.bantam.ch\\\/de\\\/#organization\"},\"inLanguage\":\"de\"},{\"@type\":\"Organization\",\"@id\":\"https:\\\/\\\/shop.bantam.ch\\\/de\\\/#organization\",\"name\":\"Bantam\",\"url\":\"https:\\\/\\\/shop.bantam.ch\\\/de\\\/\",\"logo\":{\"@type\":\"ImageObject\",\"inLanguage\":\"de\",\"@id\":\"https:\\\/\\\/shop.bantam.ch\\\/de\\\/#\\\/schema\\\/logo\\\/image\\\/\",\"url\":\"https:\\\/\\\/shop.bantam.ch\\\/wp-content\\\/uploads\\\/2022\\\/12\\\/bantam-logo.png\",\"contentUrl\":\"https:\\\/\\\/shop.bantam.ch\\\/wp-content\\\/uploads\\\/2022\\\/12\\\/bantam-logo.png\",\"width\":320,\"height\":71,\"caption\":\"Bantam\"},\"image\":{\"@id\":\"https:\\\/\\\/shop.bantam.ch\\\/de\\\/#\\\/schema\\\/logo\\\/image\\\/\"}}]}<\/script>\n<!-- \/ Yoast SEO plugin. -->","yoast_head_json":{"title":"Energy Generation Kit Phaesun Power Pack Li-on 135 \/ 500 - Bantam","robots":{"index":"index","follow":"follow","max-snippet":"max-snippet:-1","max-image-preview":"max-image-preview:large","max-video-preview":"max-video-preview:-1"},"canonical":"https:\/\/shop.bantam.ch\/de\/produkt\/energy-generation-kit-phaesun-power-pack-li-on-135-500\/","og_locale":"de_DE","og_type":"article","og_title":"Energy Generation Kit Phaesun Power Pack Li-on 135 \/ 500 - Bantam","og_description":"Mit diesem Kit stehen alle m\u00f6glichen Stromversorgungen f\u00fcr Freizeit und Outdoor Aktivit\u00e4ten in einem kompaktem und tragbarem Set zur Verf\u00fcgung. V\u00f6llig unabh\u00e4ngig vom Stromnetz kann der Akku mit dem faltbaren Solarmodul nachgeladen werden. Die Stromversorgung eignet sich sowohl f\u00fcr AC-Verbraucher, als auch USB-Ger\u00e4te und klassische 12V &#8211; Verbraucher. Falls die Sonne nicht ausreicht, kann auch [&hellip;]","og_url":"https:\/\/shop.bantam.ch\/de\/produkt\/energy-generation-kit-phaesun-power-pack-li-on-135-500\/","og_site_name":"Bantam","article_modified_time":"2026-05-11T21:08:18+00:00","og_image":[{"width":640,"height":640,"url":"https:\/\/shop.bantam.ch\/wp-content\/uploads\/2024\/05\/Movera-L-9962238100.jpg","type":"image\/jpeg"}],"twitter_card":"summary_large_image","schema":{"@context":"https:\/\/schema.org","@graph":[{"@type":"WebPage","@id":"https:\/\/shop.bantam.ch\/de\/produkt\/energy-generation-kit-phaesun-power-pack-li-on-135-500\/","url":"https:\/\/shop.bantam.ch\/de\/produkt\/energy-generation-kit-phaesun-power-pack-li-on-135-500\/","name":"Energy Generation Kit Phaesun Power Pack Li-on 135 \/ 500 - Bantam","isPartOf":{"@id":"https:\/\/shop.bantam.ch\/de\/#website"},"primaryImageOfPage":{"@id":"https:\/\/shop.bantam.ch\/de\/produkt\/energy-generation-kit-phaesun-power-pack-li-on-135-500\/#primaryimage"},"image":{"@id":"https:\/\/shop.bantam.ch\/de\/produkt\/energy-generation-kit-phaesun-power-pack-li-on-135-500\/#primaryimage"},"thumbnailUrl":"https:\/\/shop.bantam.ch\/wp-content\/uploads\/2024\/09\/Movera-L-9962238100.jpg","datePublished":"2024-05-15T14:47:39+00:00","dateModified":"2026-05-11T21:08:18+00:00","breadcrumb":{"@id":"https:\/\/shop.bantam.ch\/de\/produkt\/energy-generation-kit-phaesun-power-pack-li-on-135-500\/#breadcrumb"},"inLanguage":"de","potentialAction":[{"@type":"ReadAction","target":["https:\/\/shop.bantam.ch\/de\/produkt\/energy-generation-kit-phaesun-power-pack-li-on-135-500\/"]}]},{"@type":"ImageObject","inLanguage":"de","@id":"https:\/\/shop.bantam.ch\/de\/produkt\/energy-generation-kit-phaesun-power-pack-li-on-135-500\/#primaryimage","url":"https:\/\/shop.bantam.ch\/wp-content\/uploads\/2024\/09\/Movera-L-9962238100.jpg","contentUrl":"https:\/\/shop.bantam.ch\/wp-content\/uploads\/2024\/09\/Movera-L-9962238100.jpg","width":640,"height":640},{"@type":"BreadcrumbList","@id":"https:\/\/shop.bantam.ch\/de\/produkt\/energy-generation-kit-phaesun-power-pack-li-on-135-500\/#breadcrumb","itemListElement":[{"@type":"ListItem","position":1,"name":"Accueil","item":"https:\/\/shop.bantam.ch\/de\/"},{"@type":"ListItem","position":2,"name":"Shop","item":"https:\/\/shop.bantam.ch\/de\/shop\/"},{"@type":"ListItem","position":3,"name":"Energy Generation Kit Phaesun Power Pack Li-on 135 \/ 500"}]},{"@type":"WebSite","@id":"https:\/\/shop.bantam.ch\/de\/#website","url":"https:\/\/shop.bantam.ch\/de\/","name":"Bantam","description":"","publisher":{"@id":"https:\/\/shop.bantam.ch\/de\/#organization"},"inLanguage":"de"},{"@type":"Organization","@id":"https:\/\/shop.bantam.ch\/de\/#organization","name":"Bantam","url":"https:\/\/shop.bantam.ch\/de\/","logo":{"@type":"ImageObject","inLanguage":"de","@id":"https:\/\/shop.bantam.ch\/de\/#\/schema\/logo\/image\/","url":"https:\/\/shop.bantam.ch\/wp-content\/uploads\/2022\/12\/bantam-logo.png","contentUrl":"https:\/\/shop.bantam.ch\/wp-content\/uploads\/2022\/12\/bantam-logo.png","width":320,"height":71,"caption":"Bantam"},"image":{"@id":"https:\/\/shop.bantam.ch\/de\/#\/schema\/logo\/image\/"}}]}},"_links":{"self":[{"href":"https:\/\/shop.bantam.ch\/de\/wp-json\/wp\/v2\/product\/198435","targetHints":{"allow":["GET"]}}],"collection":[{"href":"https:\/\/shop.bantam.ch\/de\/wp-json\/wp\/v2\/product"}],"about":[{"href":"https:\/\/shop.bantam.ch\/de\/wp-json\/wp\/v2\/types\/product"}],"wp:featuredmedia":[{"embeddable":true,"href":"https:\/\/shop.bantam.ch\/de\/wp-json\/wp\/v2\/media\/207247"}],"wp:attachment":[{"href":"https:\/\/shop.bantam.ch\/de\/wp-json\/wp\/v2\/media?parent=198435"}],"wp:term":[{"taxonomy":"product_featured_cat","embeddable":true,"href":"https:\/\/shop.bantam.ch\/de\/wp-json\/wp\/v2\/product_featured_cat?post=198435"},{"taxonomy":"product_brand","embeddable":true,"href":"https:\/\/shop.bantam.ch\/de\/wp-json\/wp\/v2\/product_brand?post=198435"},{"taxonomy":"product_cat","embeddable":true,"href":"https:\/\/shop.bantam.ch\/de\/wp-json\/wp\/v2\/product_cat?post=198435"},{"taxonomy":"product_tag","embeddable":true,"href":"https:\/\/shop.bantam.ch\/de\/wp-json\/wp\/v2\/product_tag?post=198435"}],"curies":[{"name":"wp","href":"https:\/\/api.w.org\/{rel}","templated":true}]}}