{"id":198431,"date":"2024-05-15T16:47:33","date_gmt":"2024-05-15T14:47:33","guid":{"rendered":"https:\/\/shop.bantam.ch\/produit\/modul-kit-phaesun-fly-weight-135-premium-mppt\/"},"modified":"2026-04-17T23:10:29","modified_gmt":"2026-04-17T21:10:29","slug":"modul-kit-phaesun-fly-weight-135-premium-mppt","status":"publish","type":"product","link":"https:\/\/shop.bantam.ch\/de\/produkt\/modul-kit-phaesun-fly-weight-135-premium-mppt\/","title":{"rendered":"Modul Kit Phaesun Fly Weight 135 Premium MPPT"},"content":{"rendered":"<p>Das Fly Weight macht seinem Namen mit hoher Energieausbeute auf kleinstem Raum und geringstem Gewicht alle Ehre. Zusammengefaltet im Textilrahmen und vergurtet ist dieses Modul ein unauff\u00e4lliger Begleiter. In der Au\u00dfentasche sind die erforderlichen Kabel verstaut.<\/p>\n<p>Enth\u00e4lt einen Ladereger zur Ladung einer 12V-Batterie.<\/p>\n<p>Lieferbar in drei Varianten:<\/p>\n<ul>\n<li>Ohne Laderegler<\/li>\n<li>Mit Laderegler der eine LCD Anzeige, Datenlogger und einen USB Ausgang hat (einstellbar auf Blei\/S\u00e4ure, Gel, AGM, LiFePO4)<\/li>\n<li>Mit MPPT Laderegler (bluetoothf\u00e4hig)<\/li>\n<li>Integrierte, einklappbare Streben erm\u00f6glichen eine Aufst\u00e4nderung<\/li>\n<li>Mit den integrierten \u00d6sen kann das Modul verspannt werden<\/li>\n<li>Inklusive verschiedener Anschlusskabel<\/li>\n<li>Durch die verst\u00e4rkte R\u00fcckseitenfolie noch unempfindlicher gegen<\/li>\n<li>Verbiegen<\/li>\n<li>ETFE Laminat ist extrem Lichtdurchl\u00e4ssig und besticht durch seine<\/li>\n<li>Langlebigkeit und Widerstandsf\u00e4higkeit<\/li>\n<\/ul>\n","protected":false},"excerpt":{"rendered":"<p>Das Fly Weight macht seinem Namen mit hoher Energieausbeute auf kleinstem Raum und geringstem Gewicht alle Ehre. Zusammengefaltet im Textilrahmen und vergurtet ist dieses Modul ein unauff\u00e4lliger Begleiter. In der Au\u00dfentasche sind die erforderlichen Kabel verstaut. Enth\u00e4lt einen Ladereger zur Ladung einer 12V-Batterie. Lieferbar in drei Varianten: Ohne Laderegler Mit Laderegler der eine LCD Anzeige, [&hellip;]<\/p>\n","protected":false},"featured_media":207245,"template":"","meta":{"_acf_changed":false},"product_featured_cat":[],"product_brand":[3321],"product_cat":[4884],"product_tag":[],"class_list":{"0":"post-198431","1":"product","2":"type-product","3":"status-publish","4":"has-post-thumbnail","6":"product_brand-phaesun-de","7":"product_cat-solarmodule","9":"first","10":"instock","11":"taxable","12":"shipping-taxable","13":"purchasable","14":"product-type-simple"},"acf":[],"yoast_head":"<!-- This site is optimized with the Yoast SEO plugin v27.4 - https:\/\/yoast.com\/product\/yoast-seo-wordpress\/ -->\n<title>Modul Kit Phaesun Fly Weight 135 Premium MPPT - Bantam Camping AG<\/title>\n<meta name=\"robots\" content=\"index, follow, max-snippet:-1, max-image-preview:large, max-video-preview:-1\" \/>\n<link rel=\"canonical\" href=\"https:\/\/shop.bantam.ch\/de\/produkt\/modul-kit-phaesun-fly-weight-135-premium-mppt\/\" \/>\n<meta property=\"og:locale\" content=\"de_DE\" \/>\n<meta property=\"og:type\" content=\"article\" \/>\n<meta property=\"og:title\" content=\"Modul Kit Phaesun Fly Weight 135 Premium MPPT - Bantam Camping AG\" \/>\n<meta property=\"og:description\" content=\"Das Fly Weight macht seinem Namen mit hoher Energieausbeute auf kleinstem Raum und geringstem Gewicht alle Ehre. Zusammengefaltet im Textilrahmen und vergurtet ist dieses Modul ein unauff\u00e4lliger Begleiter. In der Au\u00dfentasche sind die erforderlichen Kabel verstaut. Enth\u00e4lt einen Ladereger zur Ladung einer 12V-Batterie. Lieferbar in drei Varianten: Ohne Laderegler Mit Laderegler der eine LCD Anzeige, [&hellip;]\" \/>\n<meta property=\"og:url\" content=\"https:\/\/shop.bantam.ch\/de\/produkt\/modul-kit-phaesun-fly-weight-135-premium-mppt\/\" \/>\n<meta property=\"og:site_name\" content=\"Bantam Camping AG\" \/>\n<meta property=\"article:modified_time\" content=\"2026-04-17T21:10:29+00:00\" \/>\n<meta property=\"og:image\" content=\"https:\/\/shop.bantam.ch\/wp-content\/uploads\/2024\/05\/Movera-L-9962237100.jpg\" \/>\n\t<meta property=\"og:image:width\" content=\"640\" \/>\n\t<meta property=\"og:image:height\" content=\"364\" \/>\n\t<meta property=\"og:image:type\" content=\"image\/jpeg\" \/>\n<meta name=\"twitter:card\" content=\"summary_large_image\" \/>\n<meta name=\"twitter:label1\" content=\"Gesch\u00e4tzte Lesezeit\" \/>\n\t<meta name=\"twitter:data1\" content=\"1\u00a0Minute\" \/>\n<script type=\"application\/ld+json\" class=\"yoast-schema-graph\">{\"@context\":\"https:\\\/\\\/schema.org\",\"@graph\":[{\"@type\":\"WebPage\",\"@id\":\"https:\\\/\\\/shop.bantam.ch\\\/de\\\/produkt\\\/modul-kit-phaesun-fly-weight-135-premium-mppt\\\/\",\"url\":\"https:\\\/\\\/shop.bantam.ch\\\/de\\\/produkt\\\/modul-kit-phaesun-fly-weight-135-premium-mppt\\\/\",\"name\":\"Modul Kit Phaesun Fly Weight 135 Premium MPPT - Bantam Camping AG\",\"isPartOf\":{\"@id\":\"https:\\\/\\\/shop.bantam.ch\\\/de\\\/#website\"},\"primaryImageOfPage\":{\"@id\":\"https:\\\/\\\/shop.bantam.ch\\\/de\\\/produkt\\\/modul-kit-phaesun-fly-weight-135-premium-mppt\\\/#primaryimage\"},\"image\":{\"@id\":\"https:\\\/\\\/shop.bantam.ch\\\/de\\\/produkt\\\/modul-kit-phaesun-fly-weight-135-premium-mppt\\\/#primaryimage\"},\"thumbnailUrl\":\"https:\\\/\\\/shop.bantam.ch\\\/wp-content\\\/uploads\\\/2024\\\/09\\\/Movera-L-9962237100.jpg\",\"datePublished\":\"2024-05-15T14:47:33+00:00\",\"dateModified\":\"2026-04-17T21:10:29+00:00\",\"breadcrumb\":{\"@id\":\"https:\\\/\\\/shop.bantam.ch\\\/de\\\/produkt\\\/modul-kit-phaesun-fly-weight-135-premium-mppt\\\/#breadcrumb\"},\"inLanguage\":\"de\",\"potentialAction\":[{\"@type\":\"ReadAction\",\"target\":[\"https:\\\/\\\/shop.bantam.ch\\\/de\\\/produkt\\\/modul-kit-phaesun-fly-weight-135-premium-mppt\\\/\"]}]},{\"@type\":\"ImageObject\",\"inLanguage\":\"de\",\"@id\":\"https:\\\/\\\/shop.bantam.ch\\\/de\\\/produkt\\\/modul-kit-phaesun-fly-weight-135-premium-mppt\\\/#primaryimage\",\"url\":\"https:\\\/\\\/shop.bantam.ch\\\/wp-content\\\/uploads\\\/2024\\\/09\\\/Movera-L-9962237100.jpg\",\"contentUrl\":\"https:\\\/\\\/shop.bantam.ch\\\/wp-content\\\/uploads\\\/2024\\\/09\\\/Movera-L-9962237100.jpg\",\"width\":640,\"height\":364},{\"@type\":\"BreadcrumbList\",\"@id\":\"https:\\\/\\\/shop.bantam.ch\\\/de\\\/produkt\\\/modul-kit-phaesun-fly-weight-135-premium-mppt\\\/#breadcrumb\",\"itemListElement\":[{\"@type\":\"ListItem\",\"position\":1,\"name\":\"Accueil\",\"item\":\"https:\\\/\\\/shop.bantam.ch\\\/de\\\/\"},{\"@type\":\"ListItem\",\"position\":2,\"name\":\"Shop\",\"item\":\"https:\\\/\\\/shop.bantam.ch\\\/de\\\/shop\\\/\"},{\"@type\":\"ListItem\",\"position\":3,\"name\":\"Modul Kit Phaesun Fly Weight 135 Premium MPPT\"}]},{\"@type\":\"WebSite\",\"@id\":\"https:\\\/\\\/shop.bantam.ch\\\/de\\\/#website\",\"url\":\"https:\\\/\\\/shop.bantam.ch\\\/de\\\/\",\"name\":\"Bantam Camping AG\",\"description\":\"\",\"publisher\":{\"@id\":\"https:\\\/\\\/shop.bantam.ch\\\/de\\\/#organization\"},\"inLanguage\":\"de\"},{\"@type\":\"Organization\",\"@id\":\"https:\\\/\\\/shop.bantam.ch\\\/de\\\/#organization\",\"name\":\"Bantam Camping AG\",\"url\":\"https:\\\/\\\/shop.bantam.ch\\\/de\\\/\",\"logo\":{\"@type\":\"ImageObject\",\"inLanguage\":\"de\",\"@id\":\"https:\\\/\\\/shop.bantam.ch\\\/de\\\/#\\\/schema\\\/logo\\\/image\\\/\",\"url\":\"https:\\\/\\\/shop.bantam.ch\\\/wp-content\\\/uploads\\\/2022\\\/12\\\/bantam-logo.png\",\"contentUrl\":\"https:\\\/\\\/shop.bantam.ch\\\/wp-content\\\/uploads\\\/2022\\\/12\\\/bantam-logo.png\",\"width\":320,\"height\":71,\"caption\":\"Bantam Camping AG\"},\"image\":{\"@id\":\"https:\\\/\\\/shop.bantam.ch\\\/de\\\/#\\\/schema\\\/logo\\\/image\\\/\"}}]}<\/script>\n<!-- \/ Yoast SEO plugin. -->","yoast_head_json":{"title":"Modul Kit Phaesun Fly Weight 135 Premium MPPT - Bantam Camping AG","robots":{"index":"index","follow":"follow","max-snippet":"max-snippet:-1","max-image-preview":"max-image-preview:large","max-video-preview":"max-video-preview:-1"},"canonical":"https:\/\/shop.bantam.ch\/de\/produkt\/modul-kit-phaesun-fly-weight-135-premium-mppt\/","og_locale":"de_DE","og_type":"article","og_title":"Modul Kit Phaesun Fly Weight 135 Premium MPPT - Bantam Camping AG","og_description":"Das Fly Weight macht seinem Namen mit hoher Energieausbeute auf kleinstem Raum und geringstem Gewicht alle Ehre. Zusammengefaltet im Textilrahmen und vergurtet ist dieses Modul ein unauff\u00e4lliger Begleiter. In der Au\u00dfentasche sind die erforderlichen Kabel verstaut. Enth\u00e4lt einen Ladereger zur Ladung einer 12V-Batterie. Lieferbar in drei Varianten: Ohne Laderegler Mit Laderegler der eine LCD Anzeige, [&hellip;]","og_url":"https:\/\/shop.bantam.ch\/de\/produkt\/modul-kit-phaesun-fly-weight-135-premium-mppt\/","og_site_name":"Bantam Camping AG","article_modified_time":"2026-04-17T21:10:29+00:00","og_image":[{"width":640,"height":364,"url":"https:\/\/shop.bantam.ch\/wp-content\/uploads\/2024\/05\/Movera-L-9962237100.jpg","type":"image\/jpeg"}],"twitter_card":"summary_large_image","twitter_misc":{"Gesch\u00e4tzte Lesezeit":"1\u00a0Minute"},"schema":{"@context":"https:\/\/schema.org","@graph":[{"@type":"WebPage","@id":"https:\/\/shop.bantam.ch\/de\/produkt\/modul-kit-phaesun-fly-weight-135-premium-mppt\/","url":"https:\/\/shop.bantam.ch\/de\/produkt\/modul-kit-phaesun-fly-weight-135-premium-mppt\/","name":"Modul Kit Phaesun Fly Weight 135 Premium MPPT - Bantam Camping AG","isPartOf":{"@id":"https:\/\/shop.bantam.ch\/de\/#website"},"primaryImageOfPage":{"@id":"https:\/\/shop.bantam.ch\/de\/produkt\/modul-kit-phaesun-fly-weight-135-premium-mppt\/#primaryimage"},"image":{"@id":"https:\/\/shop.bantam.ch\/de\/produkt\/modul-kit-phaesun-fly-weight-135-premium-mppt\/#primaryimage"},"thumbnailUrl":"https:\/\/shop.bantam.ch\/wp-content\/uploads\/2024\/09\/Movera-L-9962237100.jpg","datePublished":"2024-05-15T14:47:33+00:00","dateModified":"2026-04-17T21:10:29+00:00","breadcrumb":{"@id":"https:\/\/shop.bantam.ch\/de\/produkt\/modul-kit-phaesun-fly-weight-135-premium-mppt\/#breadcrumb"},"inLanguage":"de","potentialAction":[{"@type":"ReadAction","target":["https:\/\/shop.bantam.ch\/de\/produkt\/modul-kit-phaesun-fly-weight-135-premium-mppt\/"]}]},{"@type":"ImageObject","inLanguage":"de","@id":"https:\/\/shop.bantam.ch\/de\/produkt\/modul-kit-phaesun-fly-weight-135-premium-mppt\/#primaryimage","url":"https:\/\/shop.bantam.ch\/wp-content\/uploads\/2024\/09\/Movera-L-9962237100.jpg","contentUrl":"https:\/\/shop.bantam.ch\/wp-content\/uploads\/2024\/09\/Movera-L-9962237100.jpg","width":640,"height":364},{"@type":"BreadcrumbList","@id":"https:\/\/shop.bantam.ch\/de\/produkt\/modul-kit-phaesun-fly-weight-135-premium-mppt\/#breadcrumb","itemListElement":[{"@type":"ListItem","position":1,"name":"Accueil","item":"https:\/\/shop.bantam.ch\/de\/"},{"@type":"ListItem","position":2,"name":"Shop","item":"https:\/\/shop.bantam.ch\/de\/shop\/"},{"@type":"ListItem","position":3,"name":"Modul Kit Phaesun Fly Weight 135 Premium MPPT"}]},{"@type":"WebSite","@id":"https:\/\/shop.bantam.ch\/de\/#website","url":"https:\/\/shop.bantam.ch\/de\/","name":"Bantam Camping AG","description":"","publisher":{"@id":"https:\/\/shop.bantam.ch\/de\/#organization"},"inLanguage":"de"},{"@type":"Organization","@id":"https:\/\/shop.bantam.ch\/de\/#organization","name":"Bantam Camping AG","url":"https:\/\/shop.bantam.ch\/de\/","logo":{"@type":"ImageObject","inLanguage":"de","@id":"https:\/\/shop.bantam.ch\/de\/#\/schema\/logo\/image\/","url":"https:\/\/shop.bantam.ch\/wp-content\/uploads\/2022\/12\/bantam-logo.png","contentUrl":"https:\/\/shop.bantam.ch\/wp-content\/uploads\/2022\/12\/bantam-logo.png","width":320,"height":71,"caption":"Bantam Camping AG"},"image":{"@id":"https:\/\/shop.bantam.ch\/de\/#\/schema\/logo\/image\/"}}]}},"_links":{"self":[{"href":"https:\/\/shop.bantam.ch\/de\/wp-json\/wp\/v2\/product\/198431","targetHints":{"allow":["GET"]}}],"collection":[{"href":"https:\/\/shop.bantam.ch\/de\/wp-json\/wp\/v2\/product"}],"about":[{"href":"https:\/\/shop.bantam.ch\/de\/wp-json\/wp\/v2\/types\/product"}],"wp:featuredmedia":[{"embeddable":true,"href":"https:\/\/shop.bantam.ch\/de\/wp-json\/wp\/v2\/media\/207245"}],"wp:attachment":[{"href":"https:\/\/shop.bantam.ch\/de\/wp-json\/wp\/v2\/media?parent=198431"}],"wp:term":[{"taxonomy":"product_featured_cat","embeddable":true,"href":"https:\/\/shop.bantam.ch\/de\/wp-json\/wp\/v2\/product_featured_cat?post=198431"},{"taxonomy":"product_brand","embeddable":true,"href":"https:\/\/shop.bantam.ch\/de\/wp-json\/wp\/v2\/product_brand?post=198431"},{"taxonomy":"product_cat","embeddable":true,"href":"https:\/\/shop.bantam.ch\/de\/wp-json\/wp\/v2\/product_cat?post=198431"},{"taxonomy":"product_tag","embeddable":true,"href":"https:\/\/shop.bantam.ch\/de\/wp-json\/wp\/v2\/product_tag?post=198431"}],"curies":[{"name":"wp","href":"https:\/\/api.w.org\/{rel}","templated":true}]}}