{"id":198399,"date":"2024-05-15T16:46:46","date_gmt":"2024-05-15T14:46:46","guid":{"rendered":"https:\/\/shop.bantam.ch\/produit\/kabinenbeleuchtung-h-a-b-a-cabiate\/"},"modified":"2026-05-08T23:11:05","modified_gmt":"2026-05-08T21:11:05","slug":"kabinenbeleuchtung-h-a-b-a-cabiate","status":"publish","type":"product","link":"https:\/\/shop.bantam.ch\/de\/produkt\/kabinenbeleuchtung-h-a-b-a-cabiate\/","title":{"rendered":"Kabinenbeleuchtung H.A.B.A. Cabiate"},"content":{"rendered":"<p>Die Cabiate ist eine Kabinenleuchte, die speziell f\u00fcr die Kabine von Wohnmobilen entwickelt wurde. Diese Leuchte ist eine Mischung aus Funktionalit\u00e4t und innovativem Design f\u00fcr die Modelle Fiat Ducato, Peugeot Boxer und Citro\u00ebn Jumper von 2006 bis 2023. Die Cabiate bietet zwei unabh\u00e4ngig voneinander bedienbare Lampen, die Ihnen die Flexibilit\u00e4t geben, Ihre Lichtumgebung an Ihre Bed\u00fcrfnisse anzupassen. Die Cabiate-Kabinenleuchte bietet eine beeindruckende Lichtleistung von 580 Lumen in warmwei\u00dfem Licht. Sie k\u00f6nnen die Lichtintensit\u00e4t dimmen und so das perfekte Ambiente f\u00fcr jede Gelegenheit schaffen. Die Touch-Switch-Bedienung vereinfacht die Benutzerfreundlichkeit und verleiht ihr gleichzeitig ein modernes High-Tech-Gef\u00fchl. Mit der eingebauten Speicherfunktion wird sogar die zuletzt verwendete Lichteinstellung abgerufen, so dass Sie jedes Mal, wenn Sie in Ihr Fahrzeug einsteigen, ein individuelles Erlebnis haben.<\/p>\n","protected":false},"excerpt":{"rendered":"<p>Die Cabiate ist eine Kabinenleuchte, die speziell f\u00fcr die Kabine von Wohnmobilen entwickelt wurde. Diese Leuchte ist eine Mischung aus Funktionalit\u00e4t und innovativem Design f\u00fcr die Modelle Fiat Ducato, Peugeot Boxer und Citro\u00ebn Jumper von 2006 bis 2023. Die Cabiate bietet zwei unabh\u00e4ngig voneinander bedienbare Lampen, die Ihnen die Flexibilit\u00e4t geben, Ihre Lichtumgebung an Ihre [&hellip;]<\/p>\n","protected":false},"featured_media":207237,"template":"","meta":{"_acf_changed":false},"product_featured_cat":[],"product_brand":[3179],"product_cat":[4888],"product_tag":[],"class_list":{"0":"post-198399","1":"product","2":"type-product","3":"status-publish","4":"has-post-thumbnail","6":"product_brand-h-a-b-a-de","7":"product_cat-cockpitleuchten","9":"first","10":"instock","11":"taxable","12":"shipping-taxable","13":"purchasable","14":"product-type-simple"},"acf":[],"yoast_head":"<!-- This site is optimized with the Yoast SEO plugin v27.5 - https:\/\/yoast.com\/product\/yoast-seo-wordpress\/ -->\n<title>Kabinenbeleuchtung H.A.B.A. Cabiate - Bantam<\/title>\n<meta name=\"robots\" content=\"index, follow, max-snippet:-1, max-image-preview:large, max-video-preview:-1\" \/>\n<link rel=\"canonical\" href=\"https:\/\/shop.bantam.ch\/de\/produkt\/kabinenbeleuchtung-h-a-b-a-cabiate\/\" \/>\n<meta property=\"og:locale\" content=\"de_DE\" \/>\n<meta property=\"og:type\" content=\"article\" \/>\n<meta property=\"og:title\" content=\"Kabinenbeleuchtung H.A.B.A. Cabiate - Bantam\" \/>\n<meta property=\"og:description\" content=\"Die Cabiate ist eine Kabinenleuchte, die speziell f\u00fcr die Kabine von Wohnmobilen entwickelt wurde. Diese Leuchte ist eine Mischung aus Funktionalit\u00e4t und innovativem Design f\u00fcr die Modelle Fiat Ducato, Peugeot Boxer und Citro\u00ebn Jumper von 2006 bis 2023. Die Cabiate bietet zwei unabh\u00e4ngig voneinander bedienbare Lampen, die Ihnen die Flexibilit\u00e4t geben, Ihre Lichtumgebung an Ihre [&hellip;]\" \/>\n<meta property=\"og:url\" content=\"https:\/\/shop.bantam.ch\/de\/produkt\/kabinenbeleuchtung-h-a-b-a-cabiate\/\" \/>\n<meta property=\"og:site_name\" content=\"Bantam\" \/>\n<meta property=\"article:modified_time\" content=\"2026-05-08T21:11:05+00:00\" \/>\n<meta property=\"og:image\" content=\"https:\/\/shop.bantam.ch\/wp-content\/uploads\/2024\/05\/Movera-L-9962231100.png\" \/>\n\t<meta property=\"og:image:width\" content=\"640\" \/>\n\t<meta property=\"og:image:height\" content=\"427\" \/>\n\t<meta property=\"og:image:type\" content=\"image\/png\" \/>\n<meta name=\"twitter:card\" content=\"summary_large_image\" \/>\n<meta name=\"twitter:label1\" content=\"Gesch\u00e4tzte Lesezeit\" \/>\n\t<meta name=\"twitter:data1\" content=\"1\u00a0Minute\" \/>\n<script type=\"application\/ld+json\" class=\"yoast-schema-graph\">{\"@context\":\"https:\\\/\\\/schema.org\",\"@graph\":[{\"@type\":\"WebPage\",\"@id\":\"https:\\\/\\\/shop.bantam.ch\\\/de\\\/produkt\\\/kabinenbeleuchtung-h-a-b-a-cabiate\\\/\",\"url\":\"https:\\\/\\\/shop.bantam.ch\\\/de\\\/produkt\\\/kabinenbeleuchtung-h-a-b-a-cabiate\\\/\",\"name\":\"Kabinenbeleuchtung H.A.B.A. Cabiate - Bantam\",\"isPartOf\":{\"@id\":\"https:\\\/\\\/shop.bantam.ch\\\/de\\\/#website\"},\"primaryImageOfPage\":{\"@id\":\"https:\\\/\\\/shop.bantam.ch\\\/de\\\/produkt\\\/kabinenbeleuchtung-h-a-b-a-cabiate\\\/#primaryimage\"},\"image\":{\"@id\":\"https:\\\/\\\/shop.bantam.ch\\\/de\\\/produkt\\\/kabinenbeleuchtung-h-a-b-a-cabiate\\\/#primaryimage\"},\"thumbnailUrl\":\"https:\\\/\\\/shop.bantam.ch\\\/wp-content\\\/uploads\\\/2024\\\/09\\\/Movera-L-9962231100.png\",\"datePublished\":\"2024-05-15T14:46:46+00:00\",\"dateModified\":\"2026-05-08T21:11:05+00:00\",\"breadcrumb\":{\"@id\":\"https:\\\/\\\/shop.bantam.ch\\\/de\\\/produkt\\\/kabinenbeleuchtung-h-a-b-a-cabiate\\\/#breadcrumb\"},\"inLanguage\":\"de\",\"potentialAction\":[{\"@type\":\"ReadAction\",\"target\":[\"https:\\\/\\\/shop.bantam.ch\\\/de\\\/produkt\\\/kabinenbeleuchtung-h-a-b-a-cabiate\\\/\"]}]},{\"@type\":\"ImageObject\",\"inLanguage\":\"de\",\"@id\":\"https:\\\/\\\/shop.bantam.ch\\\/de\\\/produkt\\\/kabinenbeleuchtung-h-a-b-a-cabiate\\\/#primaryimage\",\"url\":\"https:\\\/\\\/shop.bantam.ch\\\/wp-content\\\/uploads\\\/2024\\\/09\\\/Movera-L-9962231100.png\",\"contentUrl\":\"https:\\\/\\\/shop.bantam.ch\\\/wp-content\\\/uploads\\\/2024\\\/09\\\/Movera-L-9962231100.png\",\"width\":640,\"height\":427},{\"@type\":\"BreadcrumbList\",\"@id\":\"https:\\\/\\\/shop.bantam.ch\\\/de\\\/produkt\\\/kabinenbeleuchtung-h-a-b-a-cabiate\\\/#breadcrumb\",\"itemListElement\":[{\"@type\":\"ListItem\",\"position\":1,\"name\":\"Accueil\",\"item\":\"https:\\\/\\\/shop.bantam.ch\\\/de\\\/\"},{\"@type\":\"ListItem\",\"position\":2,\"name\":\"Shop\",\"item\":\"https:\\\/\\\/shop.bantam.ch\\\/de\\\/shop\\\/\"},{\"@type\":\"ListItem\",\"position\":3,\"name\":\"Kabinenbeleuchtung H.A.B.A. Cabiate\"}]},{\"@type\":\"WebSite\",\"@id\":\"https:\\\/\\\/shop.bantam.ch\\\/de\\\/#website\",\"url\":\"https:\\\/\\\/shop.bantam.ch\\\/de\\\/\",\"name\":\"Bantam\",\"description\":\"\",\"publisher\":{\"@id\":\"https:\\\/\\\/shop.bantam.ch\\\/de\\\/#organization\"},\"inLanguage\":\"de\"},{\"@type\":\"Organization\",\"@id\":\"https:\\\/\\\/shop.bantam.ch\\\/de\\\/#organization\",\"name\":\"Bantam\",\"url\":\"https:\\\/\\\/shop.bantam.ch\\\/de\\\/\",\"logo\":{\"@type\":\"ImageObject\",\"inLanguage\":\"de\",\"@id\":\"https:\\\/\\\/shop.bantam.ch\\\/de\\\/#\\\/schema\\\/logo\\\/image\\\/\",\"url\":\"https:\\\/\\\/shop.bantam.ch\\\/wp-content\\\/uploads\\\/2022\\\/12\\\/bantam-logo.png\",\"contentUrl\":\"https:\\\/\\\/shop.bantam.ch\\\/wp-content\\\/uploads\\\/2022\\\/12\\\/bantam-logo.png\",\"width\":320,\"height\":71,\"caption\":\"Bantam\"},\"image\":{\"@id\":\"https:\\\/\\\/shop.bantam.ch\\\/de\\\/#\\\/schema\\\/logo\\\/image\\\/\"}}]}<\/script>\n<!-- \/ Yoast SEO plugin. -->","yoast_head_json":{"title":"Kabinenbeleuchtung H.A.B.A. Cabiate - Bantam","robots":{"index":"index","follow":"follow","max-snippet":"max-snippet:-1","max-image-preview":"max-image-preview:large","max-video-preview":"max-video-preview:-1"},"canonical":"https:\/\/shop.bantam.ch\/de\/produkt\/kabinenbeleuchtung-h-a-b-a-cabiate\/","og_locale":"de_DE","og_type":"article","og_title":"Kabinenbeleuchtung H.A.B.A. Cabiate - Bantam","og_description":"Die Cabiate ist eine Kabinenleuchte, die speziell f\u00fcr die Kabine von Wohnmobilen entwickelt wurde. Diese Leuchte ist eine Mischung aus Funktionalit\u00e4t und innovativem Design f\u00fcr die Modelle Fiat Ducato, Peugeot Boxer und Citro\u00ebn Jumper von 2006 bis 2023. Die Cabiate bietet zwei unabh\u00e4ngig voneinander bedienbare Lampen, die Ihnen die Flexibilit\u00e4t geben, Ihre Lichtumgebung an Ihre [&hellip;]","og_url":"https:\/\/shop.bantam.ch\/de\/produkt\/kabinenbeleuchtung-h-a-b-a-cabiate\/","og_site_name":"Bantam","article_modified_time":"2026-05-08T21:11:05+00:00","og_image":[{"width":640,"height":427,"url":"https:\/\/shop.bantam.ch\/wp-content\/uploads\/2024\/05\/Movera-L-9962231100.png","type":"image\/png"}],"twitter_card":"summary_large_image","twitter_misc":{"Gesch\u00e4tzte Lesezeit":"1\u00a0Minute"},"schema":{"@context":"https:\/\/schema.org","@graph":[{"@type":"WebPage","@id":"https:\/\/shop.bantam.ch\/de\/produkt\/kabinenbeleuchtung-h-a-b-a-cabiate\/","url":"https:\/\/shop.bantam.ch\/de\/produkt\/kabinenbeleuchtung-h-a-b-a-cabiate\/","name":"Kabinenbeleuchtung H.A.B.A. Cabiate - Bantam","isPartOf":{"@id":"https:\/\/shop.bantam.ch\/de\/#website"},"primaryImageOfPage":{"@id":"https:\/\/shop.bantam.ch\/de\/produkt\/kabinenbeleuchtung-h-a-b-a-cabiate\/#primaryimage"},"image":{"@id":"https:\/\/shop.bantam.ch\/de\/produkt\/kabinenbeleuchtung-h-a-b-a-cabiate\/#primaryimage"},"thumbnailUrl":"https:\/\/shop.bantam.ch\/wp-content\/uploads\/2024\/09\/Movera-L-9962231100.png","datePublished":"2024-05-15T14:46:46+00:00","dateModified":"2026-05-08T21:11:05+00:00","breadcrumb":{"@id":"https:\/\/shop.bantam.ch\/de\/produkt\/kabinenbeleuchtung-h-a-b-a-cabiate\/#breadcrumb"},"inLanguage":"de","potentialAction":[{"@type":"ReadAction","target":["https:\/\/shop.bantam.ch\/de\/produkt\/kabinenbeleuchtung-h-a-b-a-cabiate\/"]}]},{"@type":"ImageObject","inLanguage":"de","@id":"https:\/\/shop.bantam.ch\/de\/produkt\/kabinenbeleuchtung-h-a-b-a-cabiate\/#primaryimage","url":"https:\/\/shop.bantam.ch\/wp-content\/uploads\/2024\/09\/Movera-L-9962231100.png","contentUrl":"https:\/\/shop.bantam.ch\/wp-content\/uploads\/2024\/09\/Movera-L-9962231100.png","width":640,"height":427},{"@type":"BreadcrumbList","@id":"https:\/\/shop.bantam.ch\/de\/produkt\/kabinenbeleuchtung-h-a-b-a-cabiate\/#breadcrumb","itemListElement":[{"@type":"ListItem","position":1,"name":"Accueil","item":"https:\/\/shop.bantam.ch\/de\/"},{"@type":"ListItem","position":2,"name":"Shop","item":"https:\/\/shop.bantam.ch\/de\/shop\/"},{"@type":"ListItem","position":3,"name":"Kabinenbeleuchtung H.A.B.A. Cabiate"}]},{"@type":"WebSite","@id":"https:\/\/shop.bantam.ch\/de\/#website","url":"https:\/\/shop.bantam.ch\/de\/","name":"Bantam","description":"","publisher":{"@id":"https:\/\/shop.bantam.ch\/de\/#organization"},"inLanguage":"de"},{"@type":"Organization","@id":"https:\/\/shop.bantam.ch\/de\/#organization","name":"Bantam","url":"https:\/\/shop.bantam.ch\/de\/","logo":{"@type":"ImageObject","inLanguage":"de","@id":"https:\/\/shop.bantam.ch\/de\/#\/schema\/logo\/image\/","url":"https:\/\/shop.bantam.ch\/wp-content\/uploads\/2022\/12\/bantam-logo.png","contentUrl":"https:\/\/shop.bantam.ch\/wp-content\/uploads\/2022\/12\/bantam-logo.png","width":320,"height":71,"caption":"Bantam"},"image":{"@id":"https:\/\/shop.bantam.ch\/de\/#\/schema\/logo\/image\/"}}]}},"_links":{"self":[{"href":"https:\/\/shop.bantam.ch\/de\/wp-json\/wp\/v2\/product\/198399","targetHints":{"allow":["GET"]}}],"collection":[{"href":"https:\/\/shop.bantam.ch\/de\/wp-json\/wp\/v2\/product"}],"about":[{"href":"https:\/\/shop.bantam.ch\/de\/wp-json\/wp\/v2\/types\/product"}],"wp:featuredmedia":[{"embeddable":true,"href":"https:\/\/shop.bantam.ch\/de\/wp-json\/wp\/v2\/media\/207237"}],"wp:attachment":[{"href":"https:\/\/shop.bantam.ch\/de\/wp-json\/wp\/v2\/media?parent=198399"}],"wp:term":[{"taxonomy":"product_featured_cat","embeddable":true,"href":"https:\/\/shop.bantam.ch\/de\/wp-json\/wp\/v2\/product_featured_cat?post=198399"},{"taxonomy":"product_brand","embeddable":true,"href":"https:\/\/shop.bantam.ch\/de\/wp-json\/wp\/v2\/product_brand?post=198399"},{"taxonomy":"product_cat","embeddable":true,"href":"https:\/\/shop.bantam.ch\/de\/wp-json\/wp\/v2\/product_cat?post=198399"},{"taxonomy":"product_tag","embeddable":true,"href":"https:\/\/shop.bantam.ch\/de\/wp-json\/wp\/v2\/product_tag?post=198399"}],"curies":[{"name":"wp","href":"https:\/\/api.w.org\/{rel}","templated":true}]}}