{"id":198190,"date":"2024-05-15T16:41:41","date_gmt":"2024-05-15T14:41:41","guid":{"rendered":"https:\/\/shop.bantam.ch\/produit\/wifi-antenne-oyster-access-inkl-smart-tv\/"},"modified":"2026-05-09T01:17:32","modified_gmt":"2026-05-08T23:17:32","slug":"wifi-antenne-oyster-access-inkl-smart-tv","status":"publish","type":"product","link":"https:\/\/shop.bantam.ch\/de\/produkt\/wifi-antenne-oyster-access-inkl-smart-tv\/","title":{"rendered":"Wifi Antenne Oyster Access inkl. Smart TV"},"content":{"rendered":"<p>Auf die Bed\u00fcrfnisse des Campers zugeschnitten<br \/>\nWie alle Produkte von ten Haaft, sind auch die neuen Internet-Systeme Oyster Access und Oyster EasyNet auf die realen Bed\u00fcrfnisse des Campers hin entwickelt worden. Der Nutzen eines solchen Systems besteht darin, dass alle im Fahrzeug befindlichen Ger\u00e4te eine gemeinsame Internet-Verbindung<br \/>\nbenutzen k\u00f6nnen. Dies geschieht, indem innerhalb des Fahrzeugs ein privates Dualband-WLAN und ein kabelgebundenes LAN zur Verf\u00fcgung gestellt wird, es gibt also drei Seperate WLAN-Module. Die Verbindung zwischen der Oyster Access \/ der Oyster EasyNet und dem Internet kann dabei auf zwei unterschiedliche Arten stattfinden:<\/p>\n<ul>\n<li>\u00dcber eine LTE-Verbindung \u00fcber das Mobilfunknetz, mittels einer vom Kunden eingelegten SIM-Karte<\/li>\n<li>Nutzung eines lokal vorhandenen, \u00f6ffentlich zug\u00e4nglichen WLAN (z.B. auf einem Campingplatz \/ Stellplatz oder andere \u00f6ffentliche WLAN-Hotspots)<\/li>\n<\/ul>\n<p>Bew\u00e4hrtes wurde erhalten und doch ist alles neu<br \/>\nSowohl bei der neuen Oyster Access als auch bei der neuen Oyster EasyNet besteht das System aus einer im Fahrzeug verbauten Elektronik-Einheit und einer auf dem Fahrzeugdach verbauten Au\u00dfenantenne. Die Verbindung zwischen Elektronik-Einheit und Au\u00dfenantenne geschieht bei Oyster Access und Oyster EasyNet ganz klassisch \u00fcber jeweils vier hochwertige, koaxiale Antennenkabel. Anders als bei der Oyster Connect, ist die gesamte Elektronik in einem gemeinsamen und kompakten Geh\u00e4use im Fahrzeuginnenraum konzentriert. Dies erm\u00f6glicht auch, dass die SIM-Kartenleser bequem erreichbar an der Ger\u00e4tefront der Oyster Access und der Oyster EasyNet untergebracht werden konnten.<\/p>\n<p>Hinweis: Sowohl bei Android als auch bei Apple-Betriebssystemen gibt es die M\u00f6glichkeit eine Webseite wie eine App auf dem Home- Bildschirm abzulegen.<\/p>\n<p>&nbsp;<\/p>\n<p>Oyster Access \/ Oyster EasyNet Elektronikeinheit<\/p>\n<ul>\n<li>2,4 GHz + 5 GHz Dualband WLAN f\u00fcr das private Netzwerk<\/li>\n<li>LAN-Anschluss f\u00fcr das private Netzwerk<\/li>\n<li>2,4 \/ 5 GHz WLAN-Modul zur Verbindung mit einem externen WLAN via Au\u00dfenantenne<\/li>\n<li>LTE-Modul f\u00fcr die Nutzung im EMEA Raum<\/li>\n<li>Zwei SIM-Kartenleser<\/li>\n<li>Optionaler CI\/LIN-Bus<\/li>\n<li>Optionaler CAN-Bus<\/li>\n<li>aktives Thermomanagement<\/li>\n<\/ul>\n<p>Oyster Access Au\u00dfenantenne<\/p>\n<ul>\n<li>Full-Size Antenne mit separater Dachdurchf\u00fchrung f\u00fcr die Antennenkabel<\/li>\n<li>2x LTE All-Band Antenne mit Diversity Technologie<\/li>\n<li>4x WLAN-Antenne f\u00fcr 2,4 GHz und 5 GHz MIMO<\/li>\n<li>4x High Quality Antennenkabel im Schutzschlauch, beidseitig abnehmbar, 2 Meter<\/li>\n<\/ul>\n","protected":false},"excerpt":{"rendered":"<p>Auf die Bed\u00fcrfnisse des Campers zugeschnitten Wie alle Produkte von ten Haaft, sind auch die neuen Internet-Systeme Oyster Access und Oyster EasyNet auf die realen Bed\u00fcrfnisse des Campers hin entwickelt worden. Der Nutzen eines solchen Systems besteht darin, dass alle im Fahrzeug befindlichen Ger\u00e4te eine gemeinsame Internet-Verbindung benutzen k\u00f6nnen. Dies geschieht, indem innerhalb des Fahrzeugs [&hellip;]<\/p>\n","protected":false},"featured_media":198165,"template":"","meta":{"_acf_changed":false},"product_featured_cat":[],"product_brand":[3127],"product_cat":[4506,5152],"product_tag":[],"class_list":{"0":"post-198190","1":"product","2":"type-product","3":"status-publish","4":"has-post-thumbnail","6":"product_brand-oyster-de","7":"product_cat-led-tv","8":"product_cat-wlan-lte-antennen","10":"first","11":"instock","12":"taxable","13":"shipping-taxable","14":"purchasable","15":"product-type-variable"},"acf":[],"yoast_head":"<!-- This site is optimized with the Yoast SEO plugin v27.5 - https:\/\/yoast.com\/product\/yoast-seo-wordpress\/ -->\n<title>Wifi Antenne Oyster Access inkl. Smart TV - Bantam<\/title>\n<meta name=\"robots\" content=\"index, follow, max-snippet:-1, max-image-preview:large, max-video-preview:-1\" \/>\n<link rel=\"canonical\" href=\"https:\/\/shop.bantam.ch\/de\/produkt\/wifi-antenne-oyster-access-inkl-smart-tv\/\" \/>\n<meta property=\"og:locale\" content=\"de_DE\" \/>\n<meta property=\"og:type\" content=\"article\" \/>\n<meta property=\"og:title\" content=\"Wifi Antenne Oyster Access inkl. Smart TV - Bantam\" \/>\n<meta property=\"og:description\" content=\"Auf die Bed\u00fcrfnisse des Campers zugeschnitten Wie alle Produkte von ten Haaft, sind auch die neuen Internet-Systeme Oyster Access und Oyster EasyNet auf die realen Bed\u00fcrfnisse des Campers hin entwickelt worden. Der Nutzen eines solchen Systems besteht darin, dass alle im Fahrzeug befindlichen Ger\u00e4te eine gemeinsame Internet-Verbindung benutzen k\u00f6nnen. Dies geschieht, indem innerhalb des Fahrzeugs [&hellip;]\" \/>\n<meta property=\"og:url\" content=\"https:\/\/shop.bantam.ch\/de\/produkt\/wifi-antenne-oyster-access-inkl-smart-tv\/\" \/>\n<meta property=\"og:site_name\" content=\"Bantam\" \/>\n<meta property=\"article:modified_time\" content=\"2026-05-08T23:17:32+00:00\" \/>\n<meta property=\"og:image\" content=\"https:\/\/shop.bantam.ch\/wp-content\/uploads\/2024\/05\/Movera-L-0106801100.jpg\" \/>\n\t<meta property=\"og:image:width\" content=\"640\" \/>\n\t<meta property=\"og:image:height\" content=\"480\" \/>\n\t<meta property=\"og:image:type\" content=\"image\/jpeg\" \/>\n<meta name=\"twitter:card\" content=\"summary_large_image\" \/>\n<meta name=\"twitter:label1\" content=\"Gesch\u00e4tzte Lesezeit\" \/>\n\t<meta name=\"twitter:data1\" content=\"2\u00a0Minuten\" \/>\n<script type=\"application\/ld+json\" class=\"yoast-schema-graph\">{\"@context\":\"https:\\\/\\\/schema.org\",\"@graph\":[{\"@type\":\"WebPage\",\"@id\":\"https:\\\/\\\/shop.bantam.ch\\\/de\\\/produkt\\\/wifi-antenne-oyster-access-inkl-smart-tv\\\/\",\"url\":\"https:\\\/\\\/shop.bantam.ch\\\/de\\\/produkt\\\/wifi-antenne-oyster-access-inkl-smart-tv\\\/\",\"name\":\"Wifi Antenne Oyster Access inkl. Smart TV - Bantam\",\"isPartOf\":{\"@id\":\"https:\\\/\\\/shop.bantam.ch\\\/de\\\/#website\"},\"primaryImageOfPage\":{\"@id\":\"https:\\\/\\\/shop.bantam.ch\\\/de\\\/produkt\\\/wifi-antenne-oyster-access-inkl-smart-tv\\\/#primaryimage\"},\"image\":{\"@id\":\"https:\\\/\\\/shop.bantam.ch\\\/de\\\/produkt\\\/wifi-antenne-oyster-access-inkl-smart-tv\\\/#primaryimage\"},\"thumbnailUrl\":\"https:\\\/\\\/shop.bantam.ch\\\/wp-content\\\/uploads\\\/2024\\\/05\\\/Movera-L-0106801100.jpg\",\"datePublished\":\"2024-05-15T14:41:41+00:00\",\"dateModified\":\"2026-05-08T23:17:32+00:00\",\"breadcrumb\":{\"@id\":\"https:\\\/\\\/shop.bantam.ch\\\/de\\\/produkt\\\/wifi-antenne-oyster-access-inkl-smart-tv\\\/#breadcrumb\"},\"inLanguage\":\"de\",\"potentialAction\":[{\"@type\":\"ReadAction\",\"target\":[\"https:\\\/\\\/shop.bantam.ch\\\/de\\\/produkt\\\/wifi-antenne-oyster-access-inkl-smart-tv\\\/\"]}]},{\"@type\":\"ImageObject\",\"inLanguage\":\"de\",\"@id\":\"https:\\\/\\\/shop.bantam.ch\\\/de\\\/produkt\\\/wifi-antenne-oyster-access-inkl-smart-tv\\\/#primaryimage\",\"url\":\"https:\\\/\\\/shop.bantam.ch\\\/wp-content\\\/uploads\\\/2024\\\/05\\\/Movera-L-0106801100.jpg\",\"contentUrl\":\"https:\\\/\\\/shop.bantam.ch\\\/wp-content\\\/uploads\\\/2024\\\/05\\\/Movera-L-0106801100.jpg\",\"width\":640,\"height\":480},{\"@type\":\"BreadcrumbList\",\"@id\":\"https:\\\/\\\/shop.bantam.ch\\\/de\\\/produkt\\\/wifi-antenne-oyster-access-inkl-smart-tv\\\/#breadcrumb\",\"itemListElement\":[{\"@type\":\"ListItem\",\"position\":1,\"name\":\"Accueil\",\"item\":\"https:\\\/\\\/shop.bantam.ch\\\/de\\\/\"},{\"@type\":\"ListItem\",\"position\":2,\"name\":\"Shop\",\"item\":\"https:\\\/\\\/shop.bantam.ch\\\/de\\\/shop\\\/\"},{\"@type\":\"ListItem\",\"position\":3,\"name\":\"Wifi Antenne Oyster Access inkl. Smart TV\"}]},{\"@type\":\"WebSite\",\"@id\":\"https:\\\/\\\/shop.bantam.ch\\\/de\\\/#website\",\"url\":\"https:\\\/\\\/shop.bantam.ch\\\/de\\\/\",\"name\":\"Bantam\",\"description\":\"\",\"publisher\":{\"@id\":\"https:\\\/\\\/shop.bantam.ch\\\/de\\\/#organization\"},\"inLanguage\":\"de\"},{\"@type\":\"Organization\",\"@id\":\"https:\\\/\\\/shop.bantam.ch\\\/de\\\/#organization\",\"name\":\"Bantam\",\"url\":\"https:\\\/\\\/shop.bantam.ch\\\/de\\\/\",\"logo\":{\"@type\":\"ImageObject\",\"inLanguage\":\"de\",\"@id\":\"https:\\\/\\\/shop.bantam.ch\\\/de\\\/#\\\/schema\\\/logo\\\/image\\\/\",\"url\":\"https:\\\/\\\/shop.bantam.ch\\\/wp-content\\\/uploads\\\/2022\\\/12\\\/bantam-logo.png\",\"contentUrl\":\"https:\\\/\\\/shop.bantam.ch\\\/wp-content\\\/uploads\\\/2022\\\/12\\\/bantam-logo.png\",\"width\":320,\"height\":71,\"caption\":\"Bantam\"},\"image\":{\"@id\":\"https:\\\/\\\/shop.bantam.ch\\\/de\\\/#\\\/schema\\\/logo\\\/image\\\/\"}}]}<\/script>\n<!-- \/ Yoast SEO plugin. -->","yoast_head_json":{"title":"Wifi Antenne Oyster Access inkl. Smart TV - Bantam","robots":{"index":"index","follow":"follow","max-snippet":"max-snippet:-1","max-image-preview":"max-image-preview:large","max-video-preview":"max-video-preview:-1"},"canonical":"https:\/\/shop.bantam.ch\/de\/produkt\/wifi-antenne-oyster-access-inkl-smart-tv\/","og_locale":"de_DE","og_type":"article","og_title":"Wifi Antenne Oyster Access inkl. Smart TV - Bantam","og_description":"Auf die Bed\u00fcrfnisse des Campers zugeschnitten Wie alle Produkte von ten Haaft, sind auch die neuen Internet-Systeme Oyster Access und Oyster EasyNet auf die realen Bed\u00fcrfnisse des Campers hin entwickelt worden. Der Nutzen eines solchen Systems besteht darin, dass alle im Fahrzeug befindlichen Ger\u00e4te eine gemeinsame Internet-Verbindung benutzen k\u00f6nnen. Dies geschieht, indem innerhalb des Fahrzeugs [&hellip;]","og_url":"https:\/\/shop.bantam.ch\/de\/produkt\/wifi-antenne-oyster-access-inkl-smart-tv\/","og_site_name":"Bantam","article_modified_time":"2026-05-08T23:17:32+00:00","og_image":[{"width":640,"height":480,"url":"https:\/\/shop.bantam.ch\/wp-content\/uploads\/2024\/05\/Movera-L-0106801100.jpg","type":"image\/jpeg"}],"twitter_card":"summary_large_image","twitter_misc":{"Gesch\u00e4tzte Lesezeit":"2\u00a0Minuten"},"schema":{"@context":"https:\/\/schema.org","@graph":[{"@type":"WebPage","@id":"https:\/\/shop.bantam.ch\/de\/produkt\/wifi-antenne-oyster-access-inkl-smart-tv\/","url":"https:\/\/shop.bantam.ch\/de\/produkt\/wifi-antenne-oyster-access-inkl-smart-tv\/","name":"Wifi Antenne Oyster Access inkl. Smart TV - Bantam","isPartOf":{"@id":"https:\/\/shop.bantam.ch\/de\/#website"},"primaryImageOfPage":{"@id":"https:\/\/shop.bantam.ch\/de\/produkt\/wifi-antenne-oyster-access-inkl-smart-tv\/#primaryimage"},"image":{"@id":"https:\/\/shop.bantam.ch\/de\/produkt\/wifi-antenne-oyster-access-inkl-smart-tv\/#primaryimage"},"thumbnailUrl":"https:\/\/shop.bantam.ch\/wp-content\/uploads\/2024\/05\/Movera-L-0106801100.jpg","datePublished":"2024-05-15T14:41:41+00:00","dateModified":"2026-05-08T23:17:32+00:00","breadcrumb":{"@id":"https:\/\/shop.bantam.ch\/de\/produkt\/wifi-antenne-oyster-access-inkl-smart-tv\/#breadcrumb"},"inLanguage":"de","potentialAction":[{"@type":"ReadAction","target":["https:\/\/shop.bantam.ch\/de\/produkt\/wifi-antenne-oyster-access-inkl-smart-tv\/"]}]},{"@type":"ImageObject","inLanguage":"de","@id":"https:\/\/shop.bantam.ch\/de\/produkt\/wifi-antenne-oyster-access-inkl-smart-tv\/#primaryimage","url":"https:\/\/shop.bantam.ch\/wp-content\/uploads\/2024\/05\/Movera-L-0106801100.jpg","contentUrl":"https:\/\/shop.bantam.ch\/wp-content\/uploads\/2024\/05\/Movera-L-0106801100.jpg","width":640,"height":480},{"@type":"BreadcrumbList","@id":"https:\/\/shop.bantam.ch\/de\/produkt\/wifi-antenne-oyster-access-inkl-smart-tv\/#breadcrumb","itemListElement":[{"@type":"ListItem","position":1,"name":"Accueil","item":"https:\/\/shop.bantam.ch\/de\/"},{"@type":"ListItem","position":2,"name":"Shop","item":"https:\/\/shop.bantam.ch\/de\/shop\/"},{"@type":"ListItem","position":3,"name":"Wifi Antenne Oyster Access inkl. Smart TV"}]},{"@type":"WebSite","@id":"https:\/\/shop.bantam.ch\/de\/#website","url":"https:\/\/shop.bantam.ch\/de\/","name":"Bantam","description":"","publisher":{"@id":"https:\/\/shop.bantam.ch\/de\/#organization"},"inLanguage":"de"},{"@type":"Organization","@id":"https:\/\/shop.bantam.ch\/de\/#organization","name":"Bantam","url":"https:\/\/shop.bantam.ch\/de\/","logo":{"@type":"ImageObject","inLanguage":"de","@id":"https:\/\/shop.bantam.ch\/de\/#\/schema\/logo\/image\/","url":"https:\/\/shop.bantam.ch\/wp-content\/uploads\/2022\/12\/bantam-logo.png","contentUrl":"https:\/\/shop.bantam.ch\/wp-content\/uploads\/2022\/12\/bantam-logo.png","width":320,"height":71,"caption":"Bantam"},"image":{"@id":"https:\/\/shop.bantam.ch\/de\/#\/schema\/logo\/image\/"}}]}},"_links":{"self":[{"href":"https:\/\/shop.bantam.ch\/de\/wp-json\/wp\/v2\/product\/198190","targetHints":{"allow":["GET"]}}],"collection":[{"href":"https:\/\/shop.bantam.ch\/de\/wp-json\/wp\/v2\/product"}],"about":[{"href":"https:\/\/shop.bantam.ch\/de\/wp-json\/wp\/v2\/types\/product"}],"wp:featuredmedia":[{"embeddable":true,"href":"https:\/\/shop.bantam.ch\/de\/wp-json\/wp\/v2\/media\/198165"}],"wp:attachment":[{"href":"https:\/\/shop.bantam.ch\/de\/wp-json\/wp\/v2\/media?parent=198190"}],"wp:term":[{"taxonomy":"product_featured_cat","embeddable":true,"href":"https:\/\/shop.bantam.ch\/de\/wp-json\/wp\/v2\/product_featured_cat?post=198190"},{"taxonomy":"product_brand","embeddable":true,"href":"https:\/\/shop.bantam.ch\/de\/wp-json\/wp\/v2\/product_brand?post=198190"},{"taxonomy":"product_cat","embeddable":true,"href":"https:\/\/shop.bantam.ch\/de\/wp-json\/wp\/v2\/product_cat?post=198190"},{"taxonomy":"product_tag","embeddable":true,"href":"https:\/\/shop.bantam.ch\/de\/wp-json\/wp\/v2\/product_tag?post=198190"}],"curies":[{"name":"wp","href":"https:\/\/api.w.org\/{rel}","templated":true}]}}