{"id":198046,"date":"2024-05-15T16:38:38","date_gmt":"2024-05-15T14:38:38","guid":{"rendered":"https:\/\/shop.bantam.ch\/produit\/kuehlschrank-dometic-rmd-10-5xt-177-l-rechts-und-links\/"},"modified":"2026-04-18T23:13:22","modified_gmt":"2026-04-18T21:13:22","slug":"kuehlschrank-dometic-rmd-10-5xt-177-l-rechts-und-links","status":"publish","type":"product","link":"https:\/\/shop.bantam.ch\/de\/produkt\/kuehlschrank-dometic-rmd-10-5xt-177-l-rechts-und-links\/","title":{"rendered":"K\u00fchlschrank DOMETIC RMD 10.5XT 177 l rechts und links"},"content":{"rendered":"<p>Eine neue Familie von Links-Rechts-Absorberk\u00fchlschr\u00e4nken, zu der auch ein hoher, schlanker Eint\u00fcrer und drei Unterbau-Schr\u00e4nke geh\u00f6ren.&nbsp;<\/p>\n<p>\nIhre T\u00fcren lassen sich sowohl nach links als auch nach rechts \u00f6ffnen. Allein dadurch sind die neuen Reisemobilk\u00fchlschr\u00e4nke der 10er Serie eine Klasse f\u00fcr sich. Der einzigartige doppelseitige T\u00fcranschlag und das wandlungsf\u00e4hige Innenleben bieten Ihnen maximalen Stauraum ohne Kompromisse.<br \/>\nElegant, platzsparend und ganz einfach zu bedienen: ein echtes Upgrade f\u00fcr Ihr n\u00e4chstes Abenteuer!<\/p>\n","protected":false},"excerpt":{"rendered":"<p>Eine neue Familie von Links-Rechts-Absorberk\u00fchlschr\u00e4nken, zu der auch ein hoher, schlanker Eint\u00fcrer und drei Unterbau-Schr\u00e4nke geh\u00f6ren.&nbsp; Ihre T\u00fcren lassen sich sowohl nach links als auch nach rechts \u00f6ffnen. Allein dadurch sind die neuen Reisemobilk\u00fchlschr\u00e4nke der 10er Serie eine Klasse f\u00fcr sich. Der einzigartige doppelseitige T\u00fcranschlag und das wandlungsf\u00e4hige Innenleben bieten Ihnen maximalen Stauraum ohne Kompromisse. [&hellip;]<\/p>\n","protected":false},"featured_media":207213,"template":"","meta":{"_acf_changed":false},"product_featured_cat":[],"product_brand":[3029],"product_cat":[4552],"product_tag":[],"class_list":{"0":"post-198046","1":"product","2":"type-product","3":"status-publish","4":"has-post-thumbnail","6":"product_brand-dometic-de","7":"product_cat-absorber-kuehlschraenke","9":"first","10":"instock","11":"taxable","12":"shipping-taxable","13":"purchasable","14":"product-type-simple"},"acf":[],"yoast_head":"<!-- This site is optimized with the Yoast SEO plugin v27.4 - https:\/\/yoast.com\/product\/yoast-seo-wordpress\/ -->\n<title>K\u00fchlschrank DOMETIC RMD 10.5XT 177 l rechts und links - Bantam Camping AG<\/title>\n<meta name=\"robots\" content=\"index, follow, max-snippet:-1, max-image-preview:large, max-video-preview:-1\" \/>\n<link rel=\"canonical\" href=\"https:\/\/shop.bantam.ch\/de\/produkt\/kuehlschrank-dometic-rmd-10-5xt-177-l-rechts-und-links\/\" \/>\n<meta property=\"og:locale\" content=\"de_DE\" \/>\n<meta property=\"og:type\" content=\"article\" \/>\n<meta property=\"og:title\" content=\"K\u00fchlschrank DOMETIC RMD 10.5XT 177 l rechts und links - Bantam Camping AG\" \/>\n<meta property=\"og:description\" content=\"Eine neue Familie von Links-Rechts-Absorberk\u00fchlschr\u00e4nken, zu der auch ein hoher, schlanker Eint\u00fcrer und drei Unterbau-Schr\u00e4nke geh\u00f6ren.&nbsp; Ihre T\u00fcren lassen sich sowohl nach links als auch nach rechts \u00f6ffnen. Allein dadurch sind die neuen Reisemobilk\u00fchlschr\u00e4nke der 10er Serie eine Klasse f\u00fcr sich. Der einzigartige doppelseitige T\u00fcranschlag und das wandlungsf\u00e4hige Innenleben bieten Ihnen maximalen Stauraum ohne Kompromisse. [&hellip;]\" \/>\n<meta property=\"og:url\" content=\"https:\/\/shop.bantam.ch\/de\/produkt\/kuehlschrank-dometic-rmd-10-5xt-177-l-rechts-und-links\/\" \/>\n<meta property=\"og:site_name\" content=\"Bantam Camping AG\" \/>\n<meta property=\"article:modified_time\" content=\"2026-04-18T21:13:22+00:00\" \/>\n<meta property=\"og:image\" content=\"https:\/\/shop.bantam.ch\/wp-content\/uploads\/2024\/05\/Movera-L-9963259100.jpg\" \/>\n\t<meta property=\"og:image:width\" content=\"640\" \/>\n\t<meta property=\"og:image:height\" content=\"640\" \/>\n\t<meta property=\"og:image:type\" content=\"image\/jpeg\" \/>\n<meta name=\"twitter:card\" content=\"summary_large_image\" \/>\n<script type=\"application\/ld+json\" class=\"yoast-schema-graph\">{\"@context\":\"https:\\\/\\\/schema.org\",\"@graph\":[{\"@type\":\"WebPage\",\"@id\":\"https:\\\/\\\/shop.bantam.ch\\\/de\\\/produkt\\\/kuehlschrank-dometic-rmd-10-5xt-177-l-rechts-und-links\\\/\",\"url\":\"https:\\\/\\\/shop.bantam.ch\\\/de\\\/produkt\\\/kuehlschrank-dometic-rmd-10-5xt-177-l-rechts-und-links\\\/\",\"name\":\"K\u00fchlschrank DOMETIC RMD 10.5XT 177 l rechts und links - Bantam Camping AG\",\"isPartOf\":{\"@id\":\"https:\\\/\\\/shop.bantam.ch\\\/de\\\/#website\"},\"primaryImageOfPage\":{\"@id\":\"https:\\\/\\\/shop.bantam.ch\\\/de\\\/produkt\\\/kuehlschrank-dometic-rmd-10-5xt-177-l-rechts-und-links\\\/#primaryimage\"},\"image\":{\"@id\":\"https:\\\/\\\/shop.bantam.ch\\\/de\\\/produkt\\\/kuehlschrank-dometic-rmd-10-5xt-177-l-rechts-und-links\\\/#primaryimage\"},\"thumbnailUrl\":\"https:\\\/\\\/shop.bantam.ch\\\/wp-content\\\/uploads\\\/2024\\\/09\\\/Movera-L-9963259100.jpg\",\"datePublished\":\"2024-05-15T14:38:38+00:00\",\"dateModified\":\"2026-04-18T21:13:22+00:00\",\"breadcrumb\":{\"@id\":\"https:\\\/\\\/shop.bantam.ch\\\/de\\\/produkt\\\/kuehlschrank-dometic-rmd-10-5xt-177-l-rechts-und-links\\\/#breadcrumb\"},\"inLanguage\":\"de\",\"potentialAction\":[{\"@type\":\"ReadAction\",\"target\":[\"https:\\\/\\\/shop.bantam.ch\\\/de\\\/produkt\\\/kuehlschrank-dometic-rmd-10-5xt-177-l-rechts-und-links\\\/\"]}]},{\"@type\":\"ImageObject\",\"inLanguage\":\"de\",\"@id\":\"https:\\\/\\\/shop.bantam.ch\\\/de\\\/produkt\\\/kuehlschrank-dometic-rmd-10-5xt-177-l-rechts-und-links\\\/#primaryimage\",\"url\":\"https:\\\/\\\/shop.bantam.ch\\\/wp-content\\\/uploads\\\/2024\\\/09\\\/Movera-L-9963259100.jpg\",\"contentUrl\":\"https:\\\/\\\/shop.bantam.ch\\\/wp-content\\\/uploads\\\/2024\\\/09\\\/Movera-L-9963259100.jpg\",\"width\":640,\"height\":640},{\"@type\":\"BreadcrumbList\",\"@id\":\"https:\\\/\\\/shop.bantam.ch\\\/de\\\/produkt\\\/kuehlschrank-dometic-rmd-10-5xt-177-l-rechts-und-links\\\/#breadcrumb\",\"itemListElement\":[{\"@type\":\"ListItem\",\"position\":1,\"name\":\"Accueil\",\"item\":\"https:\\\/\\\/shop.bantam.ch\\\/de\\\/\"},{\"@type\":\"ListItem\",\"position\":2,\"name\":\"Shop\",\"item\":\"https:\\\/\\\/shop.bantam.ch\\\/de\\\/shop\\\/\"},{\"@type\":\"ListItem\",\"position\":3,\"name\":\"K\u00fchlschrank DOMETIC RMD 10.5XT 177 l rechts und links\"}]},{\"@type\":\"WebSite\",\"@id\":\"https:\\\/\\\/shop.bantam.ch\\\/de\\\/#website\",\"url\":\"https:\\\/\\\/shop.bantam.ch\\\/de\\\/\",\"name\":\"Bantam Camping AG\",\"description\":\"\",\"publisher\":{\"@id\":\"https:\\\/\\\/shop.bantam.ch\\\/de\\\/#organization\"},\"inLanguage\":\"de\"},{\"@type\":\"Organization\",\"@id\":\"https:\\\/\\\/shop.bantam.ch\\\/de\\\/#organization\",\"name\":\"Bantam Camping AG\",\"url\":\"https:\\\/\\\/shop.bantam.ch\\\/de\\\/\",\"logo\":{\"@type\":\"ImageObject\",\"inLanguage\":\"de\",\"@id\":\"https:\\\/\\\/shop.bantam.ch\\\/de\\\/#\\\/schema\\\/logo\\\/image\\\/\",\"url\":\"https:\\\/\\\/shop.bantam.ch\\\/wp-content\\\/uploads\\\/2022\\\/12\\\/bantam-logo.png\",\"contentUrl\":\"https:\\\/\\\/shop.bantam.ch\\\/wp-content\\\/uploads\\\/2022\\\/12\\\/bantam-logo.png\",\"width\":320,\"height\":71,\"caption\":\"Bantam Camping AG\"},\"image\":{\"@id\":\"https:\\\/\\\/shop.bantam.ch\\\/de\\\/#\\\/schema\\\/logo\\\/image\\\/\"}}]}<\/script>\n<!-- \/ Yoast SEO plugin. -->","yoast_head_json":{"title":"K\u00fchlschrank DOMETIC RMD 10.5XT 177 l rechts und links - Bantam Camping AG","robots":{"index":"index","follow":"follow","max-snippet":"max-snippet:-1","max-image-preview":"max-image-preview:large","max-video-preview":"max-video-preview:-1"},"canonical":"https:\/\/shop.bantam.ch\/de\/produkt\/kuehlschrank-dometic-rmd-10-5xt-177-l-rechts-und-links\/","og_locale":"de_DE","og_type":"article","og_title":"K\u00fchlschrank DOMETIC RMD 10.5XT 177 l rechts und links - Bantam Camping AG","og_description":"Eine neue Familie von Links-Rechts-Absorberk\u00fchlschr\u00e4nken, zu der auch ein hoher, schlanker Eint\u00fcrer und drei Unterbau-Schr\u00e4nke geh\u00f6ren.&nbsp; Ihre T\u00fcren lassen sich sowohl nach links als auch nach rechts \u00f6ffnen. Allein dadurch sind die neuen Reisemobilk\u00fchlschr\u00e4nke der 10er Serie eine Klasse f\u00fcr sich. Der einzigartige doppelseitige T\u00fcranschlag und das wandlungsf\u00e4hige Innenleben bieten Ihnen maximalen Stauraum ohne Kompromisse. [&hellip;]","og_url":"https:\/\/shop.bantam.ch\/de\/produkt\/kuehlschrank-dometic-rmd-10-5xt-177-l-rechts-und-links\/","og_site_name":"Bantam Camping AG","article_modified_time":"2026-04-18T21:13:22+00:00","og_image":[{"width":640,"height":640,"url":"https:\/\/shop.bantam.ch\/wp-content\/uploads\/2024\/05\/Movera-L-9963259100.jpg","type":"image\/jpeg"}],"twitter_card":"summary_large_image","schema":{"@context":"https:\/\/schema.org","@graph":[{"@type":"WebPage","@id":"https:\/\/shop.bantam.ch\/de\/produkt\/kuehlschrank-dometic-rmd-10-5xt-177-l-rechts-und-links\/","url":"https:\/\/shop.bantam.ch\/de\/produkt\/kuehlschrank-dometic-rmd-10-5xt-177-l-rechts-und-links\/","name":"K\u00fchlschrank DOMETIC RMD 10.5XT 177 l rechts und links - Bantam Camping AG","isPartOf":{"@id":"https:\/\/shop.bantam.ch\/de\/#website"},"primaryImageOfPage":{"@id":"https:\/\/shop.bantam.ch\/de\/produkt\/kuehlschrank-dometic-rmd-10-5xt-177-l-rechts-und-links\/#primaryimage"},"image":{"@id":"https:\/\/shop.bantam.ch\/de\/produkt\/kuehlschrank-dometic-rmd-10-5xt-177-l-rechts-und-links\/#primaryimage"},"thumbnailUrl":"https:\/\/shop.bantam.ch\/wp-content\/uploads\/2024\/09\/Movera-L-9963259100.jpg","datePublished":"2024-05-15T14:38:38+00:00","dateModified":"2026-04-18T21:13:22+00:00","breadcrumb":{"@id":"https:\/\/shop.bantam.ch\/de\/produkt\/kuehlschrank-dometic-rmd-10-5xt-177-l-rechts-und-links\/#breadcrumb"},"inLanguage":"de","potentialAction":[{"@type":"ReadAction","target":["https:\/\/shop.bantam.ch\/de\/produkt\/kuehlschrank-dometic-rmd-10-5xt-177-l-rechts-und-links\/"]}]},{"@type":"ImageObject","inLanguage":"de","@id":"https:\/\/shop.bantam.ch\/de\/produkt\/kuehlschrank-dometic-rmd-10-5xt-177-l-rechts-und-links\/#primaryimage","url":"https:\/\/shop.bantam.ch\/wp-content\/uploads\/2024\/09\/Movera-L-9963259100.jpg","contentUrl":"https:\/\/shop.bantam.ch\/wp-content\/uploads\/2024\/09\/Movera-L-9963259100.jpg","width":640,"height":640},{"@type":"BreadcrumbList","@id":"https:\/\/shop.bantam.ch\/de\/produkt\/kuehlschrank-dometic-rmd-10-5xt-177-l-rechts-und-links\/#breadcrumb","itemListElement":[{"@type":"ListItem","position":1,"name":"Accueil","item":"https:\/\/shop.bantam.ch\/de\/"},{"@type":"ListItem","position":2,"name":"Shop","item":"https:\/\/shop.bantam.ch\/de\/shop\/"},{"@type":"ListItem","position":3,"name":"K\u00fchlschrank DOMETIC RMD 10.5XT 177 l rechts und links"}]},{"@type":"WebSite","@id":"https:\/\/shop.bantam.ch\/de\/#website","url":"https:\/\/shop.bantam.ch\/de\/","name":"Bantam Camping AG","description":"","publisher":{"@id":"https:\/\/shop.bantam.ch\/de\/#organization"},"inLanguage":"de"},{"@type":"Organization","@id":"https:\/\/shop.bantam.ch\/de\/#organization","name":"Bantam Camping AG","url":"https:\/\/shop.bantam.ch\/de\/","logo":{"@type":"ImageObject","inLanguage":"de","@id":"https:\/\/shop.bantam.ch\/de\/#\/schema\/logo\/image\/","url":"https:\/\/shop.bantam.ch\/wp-content\/uploads\/2022\/12\/bantam-logo.png","contentUrl":"https:\/\/shop.bantam.ch\/wp-content\/uploads\/2022\/12\/bantam-logo.png","width":320,"height":71,"caption":"Bantam Camping AG"},"image":{"@id":"https:\/\/shop.bantam.ch\/de\/#\/schema\/logo\/image\/"}}]}},"_links":{"self":[{"href":"https:\/\/shop.bantam.ch\/de\/wp-json\/wp\/v2\/product\/198046","targetHints":{"allow":["GET"]}}],"collection":[{"href":"https:\/\/shop.bantam.ch\/de\/wp-json\/wp\/v2\/product"}],"about":[{"href":"https:\/\/shop.bantam.ch\/de\/wp-json\/wp\/v2\/types\/product"}],"wp:featuredmedia":[{"embeddable":true,"href":"https:\/\/shop.bantam.ch\/de\/wp-json\/wp\/v2\/media\/207213"}],"wp:attachment":[{"href":"https:\/\/shop.bantam.ch\/de\/wp-json\/wp\/v2\/media?parent=198046"}],"wp:term":[{"taxonomy":"product_featured_cat","embeddable":true,"href":"https:\/\/shop.bantam.ch\/de\/wp-json\/wp\/v2\/product_featured_cat?post=198046"},{"taxonomy":"product_brand","embeddable":true,"href":"https:\/\/shop.bantam.ch\/de\/wp-json\/wp\/v2\/product_brand?post=198046"},{"taxonomy":"product_cat","embeddable":true,"href":"https:\/\/shop.bantam.ch\/de\/wp-json\/wp\/v2\/product_cat?post=198046"},{"taxonomy":"product_tag","embeddable":true,"href":"https:\/\/shop.bantam.ch\/de\/wp-json\/wp\/v2\/product_tag?post=198046"}],"curies":[{"name":"wp","href":"https:\/\/api.w.org\/{rel}","templated":true}]}}