{"id":198038,"date":"2024-05-15T16:38:22","date_gmt":"2024-05-15T14:38:22","guid":{"rendered":"https:\/\/shop.bantam.ch\/produit\/vw-t1-bus-miniaturmodell-siku\/"},"modified":"2026-05-11T23:07:56","modified_gmt":"2026-05-11T21:07:56","slug":"vw-t1-bus-miniaturmodell-siku","status":"publish","type":"product","link":"https:\/\/shop.bantam.ch\/de\/produkt\/vw-t1-bus-miniaturmodell-siku\/","title":{"rendered":"VW T1 Bus Miniaturmodell siku"},"content":{"rendered":"<p>Der T1 von Volkswagen ist mehr als ein Fahrzeug \u2013 er ist eine Legende! Bereits in den 1950er Jahren begann die Erfolgsgeschichte des deutschen Kleinbusses, der von seinen Fans liebevoll \u201eBulli\u201c genannt wird. Er galt als Symbol des deutschen Wirtschaftswunders, in den USA war das Modell unter den Hippies Kult. Durch sein rundliches Design mit gl\u00e4nzendem Lack und verchromten Sto\u00dfstangen spricht er mit seinem Vintage-Charakter noch heute eine gro\u00dfe Fangemeinde an. Als siku-Modell gibt es den Kultbus VW T1 nat\u00fcrlich in der unverwechselbaren wei\u00df-roten Farb-Kombination mit originalgetreuen R\u00e4dern. Karosserie und T\u00fcren sind aus Metall, der Aufbau ist aus Kunststoff. An der rechten Fahrzeugseite lassen sich zwei T\u00fcren \u00f6ffnen. Durch seine Anh\u00e4ngerkupplung kann der T1 mit vielen Anh\u00e4ngern kombiniert werden.&nbsp;Ma\u00dfstab 1:50.<\/p>\n","protected":false},"excerpt":{"rendered":"<p>Der T1 von Volkswagen ist mehr als ein Fahrzeug \u2013 er ist eine Legende! Bereits in den 1950er Jahren begann die Erfolgsgeschichte des deutschen Kleinbusses, der von seinen Fans liebevoll \u201eBulli\u201c genannt wird. Er galt als Symbol des deutschen Wirtschaftswunders, in den USA war das Modell unter den Hippies Kult. Durch sein rundliches Design mit [&hellip;]<\/p>\n","protected":false},"featured_media":207209,"template":"","meta":{"_acf_changed":false},"product_featured_cat":[],"product_brand":[3417],"product_cat":[4458],"product_tag":[],"class_list":{"0":"post-198038","1":"product","2":"type-product","3":"status-publish","4":"has-post-thumbnail","6":"product_brand-siku-de","7":"product_cat-spielzeug","9":"first","10":"instock","11":"taxable","12":"shipping-taxable","13":"purchasable","14":"product-type-simple"},"acf":[],"yoast_head":"<!-- This site is optimized with the Yoast SEO plugin v27.5 - https:\/\/yoast.com\/product\/yoast-seo-wordpress\/ -->\n<title>VW T1 Bus Miniaturmodell siku - Bantam<\/title>\n<meta name=\"robots\" content=\"index, follow, max-snippet:-1, max-image-preview:large, max-video-preview:-1\" \/>\n<link rel=\"canonical\" href=\"https:\/\/shop.bantam.ch\/de\/produkt\/vw-t1-bus-miniaturmodell-siku\/\" \/>\n<meta property=\"og:locale\" content=\"de_DE\" \/>\n<meta property=\"og:type\" content=\"article\" \/>\n<meta property=\"og:title\" content=\"VW T1 Bus Miniaturmodell siku - Bantam\" \/>\n<meta property=\"og:description\" content=\"Der T1 von Volkswagen ist mehr als ein Fahrzeug \u2013 er ist eine Legende! Bereits in den 1950er Jahren begann die Erfolgsgeschichte des deutschen Kleinbusses, der von seinen Fans liebevoll \u201eBulli\u201c genannt wird. Er galt als Symbol des deutschen Wirtschaftswunders, in den USA war das Modell unter den Hippies Kult. Durch sein rundliches Design mit [&hellip;]\" \/>\n<meta property=\"og:url\" content=\"https:\/\/shop.bantam.ch\/de\/produkt\/vw-t1-bus-miniaturmodell-siku\/\" \/>\n<meta property=\"og:site_name\" content=\"Bantam\" \/>\n<meta property=\"article:modified_time\" content=\"2026-05-11T21:07:56+00:00\" \/>\n<meta property=\"og:image\" content=\"https:\/\/shop.bantam.ch\/wp-content\/uploads\/2024\/05\/Movera-L-9962228100.jpg\" \/>\n\t<meta property=\"og:image:width\" content=\"640\" \/>\n\t<meta property=\"og:image:height\" content=\"435\" \/>\n\t<meta property=\"og:image:type\" content=\"image\/jpeg\" \/>\n<meta name=\"twitter:card\" content=\"summary_large_image\" \/>\n<meta name=\"twitter:label1\" content=\"Gesch\u00e4tzte Lesezeit\" \/>\n\t<meta name=\"twitter:data1\" content=\"1\u00a0Minute\" \/>\n<script type=\"application\/ld+json\" class=\"yoast-schema-graph\">{\"@context\":\"https:\\\/\\\/schema.org\",\"@graph\":[{\"@type\":\"WebPage\",\"@id\":\"https:\\\/\\\/shop.bantam.ch\\\/de\\\/produkt\\\/vw-t1-bus-miniaturmodell-siku\\\/\",\"url\":\"https:\\\/\\\/shop.bantam.ch\\\/de\\\/produkt\\\/vw-t1-bus-miniaturmodell-siku\\\/\",\"name\":\"VW T1 Bus Miniaturmodell siku - Bantam\",\"isPartOf\":{\"@id\":\"https:\\\/\\\/shop.bantam.ch\\\/de\\\/#website\"},\"primaryImageOfPage\":{\"@id\":\"https:\\\/\\\/shop.bantam.ch\\\/de\\\/produkt\\\/vw-t1-bus-miniaturmodell-siku\\\/#primaryimage\"},\"image\":{\"@id\":\"https:\\\/\\\/shop.bantam.ch\\\/de\\\/produkt\\\/vw-t1-bus-miniaturmodell-siku\\\/#primaryimage\"},\"thumbnailUrl\":\"https:\\\/\\\/shop.bantam.ch\\\/wp-content\\\/uploads\\\/2024\\\/09\\\/Movera-L-9962228100.jpg\",\"datePublished\":\"2024-05-15T14:38:22+00:00\",\"dateModified\":\"2026-05-11T21:07:56+00:00\",\"breadcrumb\":{\"@id\":\"https:\\\/\\\/shop.bantam.ch\\\/de\\\/produkt\\\/vw-t1-bus-miniaturmodell-siku\\\/#breadcrumb\"},\"inLanguage\":\"de\",\"potentialAction\":[{\"@type\":\"ReadAction\",\"target\":[\"https:\\\/\\\/shop.bantam.ch\\\/de\\\/produkt\\\/vw-t1-bus-miniaturmodell-siku\\\/\"]}]},{\"@type\":\"ImageObject\",\"inLanguage\":\"de\",\"@id\":\"https:\\\/\\\/shop.bantam.ch\\\/de\\\/produkt\\\/vw-t1-bus-miniaturmodell-siku\\\/#primaryimage\",\"url\":\"https:\\\/\\\/shop.bantam.ch\\\/wp-content\\\/uploads\\\/2024\\\/09\\\/Movera-L-9962228100.jpg\",\"contentUrl\":\"https:\\\/\\\/shop.bantam.ch\\\/wp-content\\\/uploads\\\/2024\\\/09\\\/Movera-L-9962228100.jpg\",\"width\":640,\"height\":435},{\"@type\":\"BreadcrumbList\",\"@id\":\"https:\\\/\\\/shop.bantam.ch\\\/de\\\/produkt\\\/vw-t1-bus-miniaturmodell-siku\\\/#breadcrumb\",\"itemListElement\":[{\"@type\":\"ListItem\",\"position\":1,\"name\":\"Accueil\",\"item\":\"https:\\\/\\\/shop.bantam.ch\\\/de\\\/\"},{\"@type\":\"ListItem\",\"position\":2,\"name\":\"Shop\",\"item\":\"https:\\\/\\\/shop.bantam.ch\\\/de\\\/shop\\\/\"},{\"@type\":\"ListItem\",\"position\":3,\"name\":\"VW T1 Bus Miniaturmodell siku\"}]},{\"@type\":\"WebSite\",\"@id\":\"https:\\\/\\\/shop.bantam.ch\\\/de\\\/#website\",\"url\":\"https:\\\/\\\/shop.bantam.ch\\\/de\\\/\",\"name\":\"Bantam\",\"description\":\"\",\"publisher\":{\"@id\":\"https:\\\/\\\/shop.bantam.ch\\\/de\\\/#organization\"},\"inLanguage\":\"de\"},{\"@type\":\"Organization\",\"@id\":\"https:\\\/\\\/shop.bantam.ch\\\/de\\\/#organization\",\"name\":\"Bantam\",\"url\":\"https:\\\/\\\/shop.bantam.ch\\\/de\\\/\",\"logo\":{\"@type\":\"ImageObject\",\"inLanguage\":\"de\",\"@id\":\"https:\\\/\\\/shop.bantam.ch\\\/de\\\/#\\\/schema\\\/logo\\\/image\\\/\",\"url\":\"https:\\\/\\\/shop.bantam.ch\\\/wp-content\\\/uploads\\\/2022\\\/12\\\/bantam-logo.png\",\"contentUrl\":\"https:\\\/\\\/shop.bantam.ch\\\/wp-content\\\/uploads\\\/2022\\\/12\\\/bantam-logo.png\",\"width\":320,\"height\":71,\"caption\":\"Bantam\"},\"image\":{\"@id\":\"https:\\\/\\\/shop.bantam.ch\\\/de\\\/#\\\/schema\\\/logo\\\/image\\\/\"}}]}<\/script>\n<!-- \/ Yoast SEO plugin. -->","yoast_head_json":{"title":"VW T1 Bus Miniaturmodell siku - Bantam","robots":{"index":"index","follow":"follow","max-snippet":"max-snippet:-1","max-image-preview":"max-image-preview:large","max-video-preview":"max-video-preview:-1"},"canonical":"https:\/\/shop.bantam.ch\/de\/produkt\/vw-t1-bus-miniaturmodell-siku\/","og_locale":"de_DE","og_type":"article","og_title":"VW T1 Bus Miniaturmodell siku - Bantam","og_description":"Der T1 von Volkswagen ist mehr als ein Fahrzeug \u2013 er ist eine Legende! Bereits in den 1950er Jahren begann die Erfolgsgeschichte des deutschen Kleinbusses, der von seinen Fans liebevoll \u201eBulli\u201c genannt wird. Er galt als Symbol des deutschen Wirtschaftswunders, in den USA war das Modell unter den Hippies Kult. Durch sein rundliches Design mit [&hellip;]","og_url":"https:\/\/shop.bantam.ch\/de\/produkt\/vw-t1-bus-miniaturmodell-siku\/","og_site_name":"Bantam","article_modified_time":"2026-05-11T21:07:56+00:00","og_image":[{"width":640,"height":435,"url":"https:\/\/shop.bantam.ch\/wp-content\/uploads\/2024\/05\/Movera-L-9962228100.jpg","type":"image\/jpeg"}],"twitter_card":"summary_large_image","twitter_misc":{"Gesch\u00e4tzte Lesezeit":"1\u00a0Minute"},"schema":{"@context":"https:\/\/schema.org","@graph":[{"@type":"WebPage","@id":"https:\/\/shop.bantam.ch\/de\/produkt\/vw-t1-bus-miniaturmodell-siku\/","url":"https:\/\/shop.bantam.ch\/de\/produkt\/vw-t1-bus-miniaturmodell-siku\/","name":"VW T1 Bus Miniaturmodell siku - Bantam","isPartOf":{"@id":"https:\/\/shop.bantam.ch\/de\/#website"},"primaryImageOfPage":{"@id":"https:\/\/shop.bantam.ch\/de\/produkt\/vw-t1-bus-miniaturmodell-siku\/#primaryimage"},"image":{"@id":"https:\/\/shop.bantam.ch\/de\/produkt\/vw-t1-bus-miniaturmodell-siku\/#primaryimage"},"thumbnailUrl":"https:\/\/shop.bantam.ch\/wp-content\/uploads\/2024\/09\/Movera-L-9962228100.jpg","datePublished":"2024-05-15T14:38:22+00:00","dateModified":"2026-05-11T21:07:56+00:00","breadcrumb":{"@id":"https:\/\/shop.bantam.ch\/de\/produkt\/vw-t1-bus-miniaturmodell-siku\/#breadcrumb"},"inLanguage":"de","potentialAction":[{"@type":"ReadAction","target":["https:\/\/shop.bantam.ch\/de\/produkt\/vw-t1-bus-miniaturmodell-siku\/"]}]},{"@type":"ImageObject","inLanguage":"de","@id":"https:\/\/shop.bantam.ch\/de\/produkt\/vw-t1-bus-miniaturmodell-siku\/#primaryimage","url":"https:\/\/shop.bantam.ch\/wp-content\/uploads\/2024\/09\/Movera-L-9962228100.jpg","contentUrl":"https:\/\/shop.bantam.ch\/wp-content\/uploads\/2024\/09\/Movera-L-9962228100.jpg","width":640,"height":435},{"@type":"BreadcrumbList","@id":"https:\/\/shop.bantam.ch\/de\/produkt\/vw-t1-bus-miniaturmodell-siku\/#breadcrumb","itemListElement":[{"@type":"ListItem","position":1,"name":"Accueil","item":"https:\/\/shop.bantam.ch\/de\/"},{"@type":"ListItem","position":2,"name":"Shop","item":"https:\/\/shop.bantam.ch\/de\/shop\/"},{"@type":"ListItem","position":3,"name":"VW T1 Bus Miniaturmodell siku"}]},{"@type":"WebSite","@id":"https:\/\/shop.bantam.ch\/de\/#website","url":"https:\/\/shop.bantam.ch\/de\/","name":"Bantam","description":"","publisher":{"@id":"https:\/\/shop.bantam.ch\/de\/#organization"},"inLanguage":"de"},{"@type":"Organization","@id":"https:\/\/shop.bantam.ch\/de\/#organization","name":"Bantam","url":"https:\/\/shop.bantam.ch\/de\/","logo":{"@type":"ImageObject","inLanguage":"de","@id":"https:\/\/shop.bantam.ch\/de\/#\/schema\/logo\/image\/","url":"https:\/\/shop.bantam.ch\/wp-content\/uploads\/2022\/12\/bantam-logo.png","contentUrl":"https:\/\/shop.bantam.ch\/wp-content\/uploads\/2022\/12\/bantam-logo.png","width":320,"height":71,"caption":"Bantam"},"image":{"@id":"https:\/\/shop.bantam.ch\/de\/#\/schema\/logo\/image\/"}}]}},"_links":{"self":[{"href":"https:\/\/shop.bantam.ch\/de\/wp-json\/wp\/v2\/product\/198038","targetHints":{"allow":["GET"]}}],"collection":[{"href":"https:\/\/shop.bantam.ch\/de\/wp-json\/wp\/v2\/product"}],"about":[{"href":"https:\/\/shop.bantam.ch\/de\/wp-json\/wp\/v2\/types\/product"}],"wp:featuredmedia":[{"embeddable":true,"href":"https:\/\/shop.bantam.ch\/de\/wp-json\/wp\/v2\/media\/207209"}],"wp:attachment":[{"href":"https:\/\/shop.bantam.ch\/de\/wp-json\/wp\/v2\/media?parent=198038"}],"wp:term":[{"taxonomy":"product_featured_cat","embeddable":true,"href":"https:\/\/shop.bantam.ch\/de\/wp-json\/wp\/v2\/product_featured_cat?post=198038"},{"taxonomy":"product_brand","embeddable":true,"href":"https:\/\/shop.bantam.ch\/de\/wp-json\/wp\/v2\/product_brand?post=198038"},{"taxonomy":"product_cat","embeddable":true,"href":"https:\/\/shop.bantam.ch\/de\/wp-json\/wp\/v2\/product_cat?post=198038"},{"taxonomy":"product_tag","embeddable":true,"href":"https:\/\/shop.bantam.ch\/de\/wp-json\/wp\/v2\/product_tag?post=198038"}],"curies":[{"name":"wp","href":"https:\/\/api.w.org\/{rel}","templated":true}]}}