{"id":198016,"date":"2024-05-15T16:37:45","date_gmt":"2024-05-15T14:37:45","guid":{"rendered":"https:\/\/shop.bantam.ch\/produit\/reisebuch-womo-pyrenaeen\/"},"modified":"2026-04-19T23:15:54","modified_gmt":"2026-04-19T21:15:54","slug":"reisebuch-womo-pyrenaeen","status":"publish","type":"product","link":"https:\/\/shop.bantam.ch\/de\/produkt\/reisebuch-womo-pyrenaeen\/","title":{"rendered":"Reisebuch WOMO Pyren\u00e4en"},"content":{"rendered":"<p>Mit den WOMO-Reisef\u00fchrern k\u00f6nnen Sie Routen umfassend planen, sich Vorschl\u00e4ge ansehen oder in Eigenregie Ihre Touren erstellen. Die regelm\u00e4\u00dfig aktualisierten WOMO-Reisef\u00fchrer bieten Ihnen alle notwendigen Informationen und f\u00fchren Sie nicht nur zu den \u201eHighlights\u201c der Reisegebiete, sondern zeigen Ihnen auch versteckte Kleinode, die Sie in keinem klassischen Reisef\u00fchrer finden.<\/p>\n","protected":false},"excerpt":{"rendered":"<p>Mit den WOMO-Reisef\u00fchrern k\u00f6nnen Sie Routen umfassend planen, sich Vorschl\u00e4ge ansehen oder in Eigenregie Ihre Touren erstellen. Die regelm\u00e4\u00dfig aktualisierten WOMO-Reisef\u00fchrer bieten Ihnen alle notwendigen Informationen und f\u00fchren Sie nicht nur zu den \u201eHighlights\u201c der Reisegebiete, sondern zeigen Ihnen auch versteckte Kleinode, die Sie in keinem klassischen Reisef\u00fchrer finden.<\/p>\n","protected":false},"featured_media":207199,"template":"","meta":{"_acf_changed":false},"product_featured_cat":[],"product_brand":[3125],"product_cat":[4352],"product_tag":[],"class_list":{"0":"post-198016","1":"product","2":"type-product","3":"status-publish","4":"has-post-thumbnail","6":"product_brand-womo-de","7":"product_cat-reisefuehrer","9":"first","10":"instock","11":"taxable","12":"shipping-taxable","13":"purchasable","14":"product-type-simple"},"acf":[],"yoast_head":"<!-- This site is optimized with the Yoast SEO plugin v27.4 - https:\/\/yoast.com\/product\/yoast-seo-wordpress\/ -->\n<title>Reisebuch WOMO Pyren\u00e4en - Bantam Camping AG<\/title>\n<meta name=\"robots\" content=\"index, follow, max-snippet:-1, max-image-preview:large, max-video-preview:-1\" \/>\n<link rel=\"canonical\" href=\"https:\/\/shop.bantam.ch\/de\/produkt\/reisebuch-womo-pyrenaeen\/\" \/>\n<meta property=\"og:locale\" content=\"de_DE\" \/>\n<meta property=\"og:type\" content=\"article\" \/>\n<meta property=\"og:title\" content=\"Reisebuch WOMO Pyren\u00e4en - Bantam Camping AG\" \/>\n<meta property=\"og:description\" content=\"Mit den WOMO-Reisef\u00fchrern k\u00f6nnen Sie Routen umfassend planen, sich Vorschl\u00e4ge ansehen oder in Eigenregie Ihre Touren erstellen. Die regelm\u00e4\u00dfig aktualisierten WOMO-Reisef\u00fchrer bieten Ihnen alle notwendigen Informationen und f\u00fchren Sie nicht nur zu den \u201eHighlights\u201c der Reisegebiete, sondern zeigen Ihnen auch versteckte Kleinode, die Sie in keinem klassischen Reisef\u00fchrer finden.\" \/>\n<meta property=\"og:url\" content=\"https:\/\/shop.bantam.ch\/de\/produkt\/reisebuch-womo-pyrenaeen\/\" \/>\n<meta property=\"og:site_name\" content=\"Bantam Camping AG\" \/>\n<meta property=\"article:modified_time\" content=\"2026-04-19T21:15:54+00:00\" \/>\n<meta property=\"og:image\" content=\"https:\/\/shop.bantam.ch\/wp-content\/uploads\/2024\/05\/Movera-L-9962223100.jpg\" \/>\n\t<meta property=\"og:image:width\" content=\"640\" \/>\n\t<meta property=\"og:image:height\" content=\"1221\" \/>\n\t<meta property=\"og:image:type\" content=\"image\/jpeg\" \/>\n<meta name=\"twitter:card\" content=\"summary_large_image\" \/>\n<script type=\"application\/ld+json\" class=\"yoast-schema-graph\">{\"@context\":\"https:\\\/\\\/schema.org\",\"@graph\":[{\"@type\":\"WebPage\",\"@id\":\"https:\\\/\\\/shop.bantam.ch\\\/de\\\/produkt\\\/reisebuch-womo-pyrenaeen\\\/\",\"url\":\"https:\\\/\\\/shop.bantam.ch\\\/de\\\/produkt\\\/reisebuch-womo-pyrenaeen\\\/\",\"name\":\"Reisebuch WOMO Pyren\u00e4en - Bantam Camping AG\",\"isPartOf\":{\"@id\":\"https:\\\/\\\/shop.bantam.ch\\\/de\\\/#website\"},\"primaryImageOfPage\":{\"@id\":\"https:\\\/\\\/shop.bantam.ch\\\/de\\\/produkt\\\/reisebuch-womo-pyrenaeen\\\/#primaryimage\"},\"image\":{\"@id\":\"https:\\\/\\\/shop.bantam.ch\\\/de\\\/produkt\\\/reisebuch-womo-pyrenaeen\\\/#primaryimage\"},\"thumbnailUrl\":\"https:\\\/\\\/shop.bantam.ch\\\/wp-content\\\/uploads\\\/2024\\\/09\\\/Movera-L-9962223100.jpg\",\"datePublished\":\"2024-05-15T14:37:45+00:00\",\"dateModified\":\"2026-04-19T21:15:54+00:00\",\"breadcrumb\":{\"@id\":\"https:\\\/\\\/shop.bantam.ch\\\/de\\\/produkt\\\/reisebuch-womo-pyrenaeen\\\/#breadcrumb\"},\"inLanguage\":\"de\",\"potentialAction\":[{\"@type\":\"ReadAction\",\"target\":[\"https:\\\/\\\/shop.bantam.ch\\\/de\\\/produkt\\\/reisebuch-womo-pyrenaeen\\\/\"]}]},{\"@type\":\"ImageObject\",\"inLanguage\":\"de\",\"@id\":\"https:\\\/\\\/shop.bantam.ch\\\/de\\\/produkt\\\/reisebuch-womo-pyrenaeen\\\/#primaryimage\",\"url\":\"https:\\\/\\\/shop.bantam.ch\\\/wp-content\\\/uploads\\\/2024\\\/09\\\/Movera-L-9962223100.jpg\",\"contentUrl\":\"https:\\\/\\\/shop.bantam.ch\\\/wp-content\\\/uploads\\\/2024\\\/09\\\/Movera-L-9962223100.jpg\",\"width\":640,\"height\":1221},{\"@type\":\"BreadcrumbList\",\"@id\":\"https:\\\/\\\/shop.bantam.ch\\\/de\\\/produkt\\\/reisebuch-womo-pyrenaeen\\\/#breadcrumb\",\"itemListElement\":[{\"@type\":\"ListItem\",\"position\":1,\"name\":\"Accueil\",\"item\":\"https:\\\/\\\/shop.bantam.ch\\\/de\\\/\"},{\"@type\":\"ListItem\",\"position\":2,\"name\":\"Shop\",\"item\":\"https:\\\/\\\/shop.bantam.ch\\\/de\\\/shop\\\/\"},{\"@type\":\"ListItem\",\"position\":3,\"name\":\"Reisebuch WOMO Pyren\u00e4en\"}]},{\"@type\":\"WebSite\",\"@id\":\"https:\\\/\\\/shop.bantam.ch\\\/de\\\/#website\",\"url\":\"https:\\\/\\\/shop.bantam.ch\\\/de\\\/\",\"name\":\"Bantam Camping AG\",\"description\":\"\",\"publisher\":{\"@id\":\"https:\\\/\\\/shop.bantam.ch\\\/de\\\/#organization\"},\"inLanguage\":\"de\"},{\"@type\":\"Organization\",\"@id\":\"https:\\\/\\\/shop.bantam.ch\\\/de\\\/#organization\",\"name\":\"Bantam Camping AG\",\"url\":\"https:\\\/\\\/shop.bantam.ch\\\/de\\\/\",\"logo\":{\"@type\":\"ImageObject\",\"inLanguage\":\"de\",\"@id\":\"https:\\\/\\\/shop.bantam.ch\\\/de\\\/#\\\/schema\\\/logo\\\/image\\\/\",\"url\":\"https:\\\/\\\/shop.bantam.ch\\\/wp-content\\\/uploads\\\/2022\\\/12\\\/bantam-logo.png\",\"contentUrl\":\"https:\\\/\\\/shop.bantam.ch\\\/wp-content\\\/uploads\\\/2022\\\/12\\\/bantam-logo.png\",\"width\":320,\"height\":71,\"caption\":\"Bantam Camping AG\"},\"image\":{\"@id\":\"https:\\\/\\\/shop.bantam.ch\\\/de\\\/#\\\/schema\\\/logo\\\/image\\\/\"}}]}<\/script>\n<!-- \/ Yoast SEO plugin. -->","yoast_head_json":{"title":"Reisebuch WOMO Pyren\u00e4en - Bantam Camping AG","robots":{"index":"index","follow":"follow","max-snippet":"max-snippet:-1","max-image-preview":"max-image-preview:large","max-video-preview":"max-video-preview:-1"},"canonical":"https:\/\/shop.bantam.ch\/de\/produkt\/reisebuch-womo-pyrenaeen\/","og_locale":"de_DE","og_type":"article","og_title":"Reisebuch WOMO Pyren\u00e4en - Bantam Camping AG","og_description":"Mit den WOMO-Reisef\u00fchrern k\u00f6nnen Sie Routen umfassend planen, sich Vorschl\u00e4ge ansehen oder in Eigenregie Ihre Touren erstellen. Die regelm\u00e4\u00dfig aktualisierten WOMO-Reisef\u00fchrer bieten Ihnen alle notwendigen Informationen und f\u00fchren Sie nicht nur zu den \u201eHighlights\u201c der Reisegebiete, sondern zeigen Ihnen auch versteckte Kleinode, die Sie in keinem klassischen Reisef\u00fchrer finden.","og_url":"https:\/\/shop.bantam.ch\/de\/produkt\/reisebuch-womo-pyrenaeen\/","og_site_name":"Bantam Camping AG","article_modified_time":"2026-04-19T21:15:54+00:00","og_image":[{"width":640,"height":1221,"url":"https:\/\/shop.bantam.ch\/wp-content\/uploads\/2024\/05\/Movera-L-9962223100.jpg","type":"image\/jpeg"}],"twitter_card":"summary_large_image","schema":{"@context":"https:\/\/schema.org","@graph":[{"@type":"WebPage","@id":"https:\/\/shop.bantam.ch\/de\/produkt\/reisebuch-womo-pyrenaeen\/","url":"https:\/\/shop.bantam.ch\/de\/produkt\/reisebuch-womo-pyrenaeen\/","name":"Reisebuch WOMO Pyren\u00e4en - Bantam Camping AG","isPartOf":{"@id":"https:\/\/shop.bantam.ch\/de\/#website"},"primaryImageOfPage":{"@id":"https:\/\/shop.bantam.ch\/de\/produkt\/reisebuch-womo-pyrenaeen\/#primaryimage"},"image":{"@id":"https:\/\/shop.bantam.ch\/de\/produkt\/reisebuch-womo-pyrenaeen\/#primaryimage"},"thumbnailUrl":"https:\/\/shop.bantam.ch\/wp-content\/uploads\/2024\/09\/Movera-L-9962223100.jpg","datePublished":"2024-05-15T14:37:45+00:00","dateModified":"2026-04-19T21:15:54+00:00","breadcrumb":{"@id":"https:\/\/shop.bantam.ch\/de\/produkt\/reisebuch-womo-pyrenaeen\/#breadcrumb"},"inLanguage":"de","potentialAction":[{"@type":"ReadAction","target":["https:\/\/shop.bantam.ch\/de\/produkt\/reisebuch-womo-pyrenaeen\/"]}]},{"@type":"ImageObject","inLanguage":"de","@id":"https:\/\/shop.bantam.ch\/de\/produkt\/reisebuch-womo-pyrenaeen\/#primaryimage","url":"https:\/\/shop.bantam.ch\/wp-content\/uploads\/2024\/09\/Movera-L-9962223100.jpg","contentUrl":"https:\/\/shop.bantam.ch\/wp-content\/uploads\/2024\/09\/Movera-L-9962223100.jpg","width":640,"height":1221},{"@type":"BreadcrumbList","@id":"https:\/\/shop.bantam.ch\/de\/produkt\/reisebuch-womo-pyrenaeen\/#breadcrumb","itemListElement":[{"@type":"ListItem","position":1,"name":"Accueil","item":"https:\/\/shop.bantam.ch\/de\/"},{"@type":"ListItem","position":2,"name":"Shop","item":"https:\/\/shop.bantam.ch\/de\/shop\/"},{"@type":"ListItem","position":3,"name":"Reisebuch WOMO Pyren\u00e4en"}]},{"@type":"WebSite","@id":"https:\/\/shop.bantam.ch\/de\/#website","url":"https:\/\/shop.bantam.ch\/de\/","name":"Bantam Camping AG","description":"","publisher":{"@id":"https:\/\/shop.bantam.ch\/de\/#organization"},"inLanguage":"de"},{"@type":"Organization","@id":"https:\/\/shop.bantam.ch\/de\/#organization","name":"Bantam Camping AG","url":"https:\/\/shop.bantam.ch\/de\/","logo":{"@type":"ImageObject","inLanguage":"de","@id":"https:\/\/shop.bantam.ch\/de\/#\/schema\/logo\/image\/","url":"https:\/\/shop.bantam.ch\/wp-content\/uploads\/2022\/12\/bantam-logo.png","contentUrl":"https:\/\/shop.bantam.ch\/wp-content\/uploads\/2022\/12\/bantam-logo.png","width":320,"height":71,"caption":"Bantam Camping AG"},"image":{"@id":"https:\/\/shop.bantam.ch\/de\/#\/schema\/logo\/image\/"}}]}},"_links":{"self":[{"href":"https:\/\/shop.bantam.ch\/de\/wp-json\/wp\/v2\/product\/198016","targetHints":{"allow":["GET"]}}],"collection":[{"href":"https:\/\/shop.bantam.ch\/de\/wp-json\/wp\/v2\/product"}],"about":[{"href":"https:\/\/shop.bantam.ch\/de\/wp-json\/wp\/v2\/types\/product"}],"wp:featuredmedia":[{"embeddable":true,"href":"https:\/\/shop.bantam.ch\/de\/wp-json\/wp\/v2\/media\/207199"}],"wp:attachment":[{"href":"https:\/\/shop.bantam.ch\/de\/wp-json\/wp\/v2\/media?parent=198016"}],"wp:term":[{"taxonomy":"product_featured_cat","embeddable":true,"href":"https:\/\/shop.bantam.ch\/de\/wp-json\/wp\/v2\/product_featured_cat?post=198016"},{"taxonomy":"product_brand","embeddable":true,"href":"https:\/\/shop.bantam.ch\/de\/wp-json\/wp\/v2\/product_brand?post=198016"},{"taxonomy":"product_cat","embeddable":true,"href":"https:\/\/shop.bantam.ch\/de\/wp-json\/wp\/v2\/product_cat?post=198016"},{"taxonomy":"product_tag","embeddable":true,"href":"https:\/\/shop.bantam.ch\/de\/wp-json\/wp\/v2\/product_tag?post=198016"}],"curies":[{"name":"wp","href":"https:\/\/api.w.org\/{rel}","templated":true}]}}